{"id":5513,"date":"2017-10-28T19:51:10","date_gmt":"2017-10-28T17:51:10","guid":{"rendered":"https:\/\/donbaraton.es\/producto\/uncategorized\/hair-dryer-cold-shot-temperature-speeds-2200w\/"},"modified":"2017-10-29T03:52:21","modified_gmt":"2017-10-29T01:52:21","slug":"hair-dryer-cold-shot-temperature-speeds-2200w","status":"publish","type":"product","link":"https:\/\/donbaraton.es\/en\/p\/hair-dryer-cold-shot-temperature-speeds-2200w\/","title":{"rendered":"Hair Dryer with Cool Shot, 3 Temperature Settings and 2 Speeds &#8211; 2200W"},"content":{"rendered":"<p>A powerful hair dryer &#8211; 2200. High temperature and speed settings are ideal for fast drying before styling. Low temperature and speed settings are ideal for styling.\u00a0The &#8220;Cool Shot&#8221; function to set your hair and add shine.<\/p>\n<ul>\n<li>High power<\/li>\n<li>2 speeds (high and low)<\/li>\n<li>3 temperature settings (high, low and medium)<\/li>\n<li>&#8220;Cool shot&#8221; function<\/li>\n<li>Airflow concentrator. Channels airflow for smooth and manageable drying.<\/li>\n<li>Hang up hook<\/li>\n<li>1.65 meter long cord<\/li>\n<li>User\u2019s manual in English, Spanish and Portuguese<\/li>\n<\/ul>\n<p><strong>Power:<\/strong> 2200W<\/p>\n<p><strong>Voltage:<\/strong>\u00a0AC220-240V, 50\/60Hz<\/p>\n<p>Carefully read the user&#8217;s manual before use and keep it for future reference. Keep the appliance away from water. Do not use the appliance near or over water contained in baths and sinks. Hair dryer works best when used in short spells of 15-20 seconds. The appliance may overheat while used continuously for longer time. Do not block the air flow during the use<\/p>\n","protected":false},"excerpt":{"rendered":"<p>A powerful hair dryer &#8211; 2200. High temperature and speed settings are ideal for fast drying before styling. Low temperature and speed settings are ideal for styling.<\/p>\n<ul>\n<li>High power<\/li>\n<li>2 speeds (high and low)<\/li>\n<li>3 temperature settings (high, low and medium)<\/li>\n<li>&#8220;Cool shot&#8221; function &#8211; intense flow of cool air to finish your styling<\/li>\n<li>Airflow concentrator. Channels airflow for smooth and manageable drying.<\/li>\n<li>Hang up hook<\/li>\n<li>1.65 meter long cord<\/li>\n<li>User\u2019s manual in English, Spanish and Portuguese<\/li>\n<\/ul>\n<p><strong>Power:<\/strong> 2200W<\/p>\n<p><strong>Voltage:<\/strong>\u00a0AC220-240V, 50\/60Hz<\/p>\n","protected":false},"featured_media":5499,"comment_status":"open","ping_status":"closed","template":"","meta":{"_et_pb_use_builder":"","_et_pb_old_content":"","_et_gb_content_width":""},"product_brand":[],"product_cat":[37],"product_tag":[],"class_list":{"0":"post-5513","1":"product","2":"type-product","3":"status-publish","4":"has-post-thumbnail","6":"product_cat-home-appliances","7":"product_shipping_class-articulos-ligeros","9":"first","10":"outofstock","11":"sale","12":"taxable","13":"shipping-taxable","14":"purchasable","15":"product-type-simple"},"yoast_head":"<!-- This site is optimized with the Yoast SEO plugin v27.2 - https:\/\/yoast.com\/product\/yoast-seo-wordpress\/ -->\n<title>Hair Dryer with Cool Shot, 3 Temperature Settings and 2 Speeds - 2200W - Don Baraton: tienda de sof\u00e1s, muebles y colchones<\/title>\n<meta name=\"robots\" content=\"index, follow, max-snippet:-1, max-image-preview:large, max-video-preview:-1\" \/>\n<link rel=\"canonical\" href=\"https:\/\/donbaraton.es\/en\/p\/hair-dryer-cold-shot-temperature-speeds-2200w\/\" \/>\n<meta property=\"og:locale\" content=\"en_GB\" \/>\n<meta property=\"og:type\" content=\"article\" \/>\n<meta property=\"og:title\" content=\"Hair Dryer with Cool Shot, 3 Temperature Settings and 2 Speeds - 2200W - Don Baraton: tienda de sof\u00e1s, muebles y colchones\" \/>\n<meta property=\"og:description\" content=\"A powerful hair dryer - 2200. High temperature and speed settings are ideal for fast drying before styling. Low temperature and speed settings are ideal for styling.   High power  2 speeds (high and low)  3 temperature settings (high, low and medium)  &quot;Cool shot&quot; function - intense flow of cool air to finish your styling  Airflow concentrator. Channels airflow for smooth and manageable drying.  Hang up hook  1.65 meter long cord  User\u2019s manual in English, Spanish and Portuguese  Power: 2200W  Voltage:\u00a0AC220-240V, 50\/60Hz\" \/>\n<meta property=\"og:url\" content=\"https:\/\/donbaraton.es\/en\/p\/hair-dryer-cold-shot-temperature-speeds-2200w\/\" \/>\n<meta property=\"og:site_name\" content=\"Don Baraton: tienda de sof\u00e1s, muebles y colchones\" \/>\n<meta property=\"article:publisher\" content=\"https:\/\/www.facebook.com\/donbaraton.es\" \/>\n<meta property=\"article:modified_time\" content=\"2017-10-29T01:52:21+00:00\" \/>\n<meta property=\"og:image\" content=\"https:\/\/i0.wp.com\/donbaraton.es\/wp-content\/uploads\/2017\/10\/Secador-de-pelo-2200W.-Caja-manual-de-uso.jpg?fit=700%2C636&ssl=1\" \/>\n\t<meta property=\"og:image:width\" content=\"700\" \/>\n\t<meta property=\"og:image:height\" content=\"636\" \/>\n\t<meta property=\"og:image:type\" content=\"image\/jpeg\" \/>\n<meta name=\"twitter:card\" content=\"summary_large_image\" \/>\n<meta name=\"twitter:site\" content=\"@don_baraton\" \/>\n<meta name=\"twitter:label1\" content=\"Estimated reading time\" \/>\n\t<meta name=\"twitter:data1\" content=\"1 minute\" \/>\n<script type=\"application\/ld+json\" class=\"yoast-schema-graph\">{\"@context\":\"https:\/\/schema.org\",\"@graph\":[{\"@type\":\"WebPage\",\"@id\":\"https:\/\/donbaraton.es\/en\/p\/hair-dryer-cold-shot-temperature-speeds-2200w\/\",\"url\":\"https:\/\/donbaraton.es\/en\/p\/hair-dryer-cold-shot-temperature-speeds-2200w\/\",\"name\":\"Hair Dryer with Cool Shot, 3 Temperature Settings and 2 Speeds - 2200W - Don Baraton: tienda de sof\u00e1s, muebles y colchones\",\"isPartOf\":{\"@id\":\"https:\/\/donbaraton.es\/#website\"},\"primaryImageOfPage\":{\"@id\":\"https:\/\/donbaraton.es\/en\/p\/hair-dryer-cold-shot-temperature-speeds-2200w\/#primaryimage\"},\"image\":{\"@id\":\"https:\/\/donbaraton.es\/en\/p\/hair-dryer-cold-shot-temperature-speeds-2200w\/#primaryimage\"},\"thumbnailUrl\":\"https:\/\/donbaraton.es\/wp-content\/uploads\/2017\/10\/Secador-de-pelo-2200W.-Caja-manual-de-uso.jpg\",\"datePublished\":\"2017-10-28T17:51:10+00:00\",\"dateModified\":\"2017-10-29T01:52:21+00:00\",\"breadcrumb\":{\"@id\":\"https:\/\/donbaraton.es\/en\/p\/hair-dryer-cold-shot-temperature-speeds-2200w\/#breadcrumb\"},\"inLanguage\":\"en-GB\",\"potentialAction\":[{\"@type\":\"ReadAction\",\"target\":[\"https:\/\/donbaraton.es\/en\/p\/hair-dryer-cold-shot-temperature-speeds-2200w\/\"]}]},{\"@type\":\"ImageObject\",\"inLanguage\":\"en-GB\",\"@id\":\"https:\/\/donbaraton.es\/en\/p\/hair-dryer-cold-shot-temperature-speeds-2200w\/#primaryimage\",\"url\":\"https:\/\/donbaraton.es\/wp-content\/uploads\/2017\/10\/Secador-de-pelo-2200W.-Caja-manual-de-uso.jpg\",\"contentUrl\":\"https:\/\/donbaraton.es\/wp-content\/uploads\/2017\/10\/Secador-de-pelo-2200W.-Caja-manual-de-uso.jpg\",\"width\":700,\"height\":636,\"caption\":\"Hair Dryer with Cool Shot\"},{\"@type\":\"BreadcrumbList\",\"@id\":\"https:\/\/donbaraton.es\/en\/p\/hair-dryer-cold-shot-temperature-speeds-2200w\/#breadcrumb\",\"itemListElement\":[{\"@type\":\"ListItem\",\"position\":1,\"name\":\"Portada\",\"item\":\"https:\/\/donbaraton.es\/en\/\"},{\"@type\":\"ListItem\",\"position\":2,\"name\":\"Online Shop\",\"item\":\"https:\/\/donbaraton.es\/en\/shop\/\"},{\"@type\":\"ListItem\",\"position\":3,\"name\":\"Hair Dryer with Cool Shot, 3 Temperature Settings and 2 Speeds &#8211; 2200W\"}]},{\"@type\":\"WebSite\",\"@id\":\"https:\/\/donbaraton.es\/#website\",\"url\":\"https:\/\/donbaraton.es\/\",\"name\":\"Don Baraton: tienda de sof\u00e1s, muebles y colchones\",\"description\":\"Sofas baratos desde el almac\u00e9n en Almorad\u00ed, Alicante\",\"publisher\":{\"@id\":\"https:\/\/donbaraton.es\/#organization\"},\"potentialAction\":[{\"@type\":\"SearchAction\",\"target\":{\"@type\":\"EntryPoint\",\"urlTemplate\":\"https:\/\/donbaraton.es\/?s={search_term_string}\"},\"query-input\":{\"@type\":\"PropertyValueSpecification\",\"valueRequired\":true,\"valueName\":\"search_term_string\"}}],\"inLanguage\":\"en-GB\"},{\"@type\":\"Organization\",\"@id\":\"https:\/\/donbaraton.es\/#organization\",\"name\":\"Don Baraton\",\"url\":\"https:\/\/donbaraton.es\/\",\"logo\":{\"@type\":\"ImageObject\",\"inLanguage\":\"en-GB\",\"@id\":\"https:\/\/donbaraton.es\/#\/schema\/logo\/image\/\",\"url\":\"https:\/\/i0.wp.com\/donbaraton.es\/wp-content\/uploads\/2016\/11\/logo_don_baraton.png?fit=228%2C110&ssl=1\",\"contentUrl\":\"https:\/\/i0.wp.com\/donbaraton.es\/wp-content\/uploads\/2016\/11\/logo_don_baraton.png?fit=228%2C110&ssl=1\",\"width\":228,\"height\":110,\"caption\":\"Don Baraton\"},\"image\":{\"@id\":\"https:\/\/donbaraton.es\/#\/schema\/logo\/image\/\"},\"sameAs\":[\"https:\/\/www.facebook.com\/donbaraton.es\",\"https:\/\/x.com\/don_baraton\",\"https:\/\/www.instagram.com\/donbaraton.es\",\"https:\/\/www.linkedin.com\/company\/donbaraton\/\",\"https:\/\/es.pinterest.com\/donbaraton\/\",\"https:\/\/www.youtube.com\/channel\/UCL02HOwx-F759Jq5MedAZfQ\"]}]}<\/script>\n<!-- \/ Yoast SEO plugin. -->","yoast_head_json":{"title":"Hair Dryer with Cool Shot, 3 Temperature Settings and 2 Speeds - 2200W - Don Baraton: tienda de sof\u00e1s, muebles y colchones","robots":{"index":"index","follow":"follow","max-snippet":"max-snippet:-1","max-image-preview":"max-image-preview:large","max-video-preview":"max-video-preview:-1"},"canonical":"https:\/\/donbaraton.es\/en\/p\/hair-dryer-cold-shot-temperature-speeds-2200w\/","og_locale":"en_GB","og_type":"article","og_title":"Hair Dryer with Cool Shot, 3 Temperature Settings and 2 Speeds - 2200W - Don Baraton: tienda de sof\u00e1s, muebles y colchones","og_description":"A powerful hair dryer - 2200. High temperature and speed settings are ideal for fast drying before styling. Low temperature and speed settings are ideal for styling.   High power  2 speeds (high and low)  3 temperature settings (high, low and medium)  \"Cool shot\" function - intense flow of cool air to finish your styling  Airflow concentrator. Channels airflow for smooth and manageable drying.  Hang up hook  1.65 meter long cord  User\u2019s manual in English, Spanish and Portuguese  Power: 2200W  Voltage:\u00a0AC220-240V, 50\/60Hz","og_url":"https:\/\/donbaraton.es\/en\/p\/hair-dryer-cold-shot-temperature-speeds-2200w\/","og_site_name":"Don Baraton: tienda de sof\u00e1s, muebles y colchones","article_publisher":"https:\/\/www.facebook.com\/donbaraton.es","article_modified_time":"2017-10-29T01:52:21+00:00","og_image":[{"width":700,"height":636,"url":"https:\/\/i0.wp.com\/donbaraton.es\/wp-content\/uploads\/2017\/10\/Secador-de-pelo-2200W.-Caja-manual-de-uso.jpg?fit=700%2C636&ssl=1","type":"image\/jpeg"}],"twitter_card":"summary_large_image","twitter_site":"@don_baraton","twitter_misc":{"Estimated reading time":"1 minute"},"schema":{"@context":"https:\/\/schema.org","@graph":[{"@type":"WebPage","@id":"https:\/\/donbaraton.es\/en\/p\/hair-dryer-cold-shot-temperature-speeds-2200w\/","url":"https:\/\/donbaraton.es\/en\/p\/hair-dryer-cold-shot-temperature-speeds-2200w\/","name":"Hair Dryer with Cool Shot, 3 Temperature Settings and 2 Speeds - 2200W - Don Baraton: tienda de sof\u00e1s, muebles y colchones","isPartOf":{"@id":"https:\/\/donbaraton.es\/#website"},"primaryImageOfPage":{"@id":"https:\/\/donbaraton.es\/en\/p\/hair-dryer-cold-shot-temperature-speeds-2200w\/#primaryimage"},"image":{"@id":"https:\/\/donbaraton.es\/en\/p\/hair-dryer-cold-shot-temperature-speeds-2200w\/#primaryimage"},"thumbnailUrl":"https:\/\/donbaraton.es\/wp-content\/uploads\/2017\/10\/Secador-de-pelo-2200W.-Caja-manual-de-uso.jpg","datePublished":"2017-10-28T17:51:10+00:00","dateModified":"2017-10-29T01:52:21+00:00","breadcrumb":{"@id":"https:\/\/donbaraton.es\/en\/p\/hair-dryer-cold-shot-temperature-speeds-2200w\/#breadcrumb"},"inLanguage":"en-GB","potentialAction":[{"@type":"ReadAction","target":["https:\/\/donbaraton.es\/en\/p\/hair-dryer-cold-shot-temperature-speeds-2200w\/"]}]},{"@type":"ImageObject","inLanguage":"en-GB","@id":"https:\/\/donbaraton.es\/en\/p\/hair-dryer-cold-shot-temperature-speeds-2200w\/#primaryimage","url":"https:\/\/donbaraton.es\/wp-content\/uploads\/2017\/10\/Secador-de-pelo-2200W.-Caja-manual-de-uso.jpg","contentUrl":"https:\/\/donbaraton.es\/wp-content\/uploads\/2017\/10\/Secador-de-pelo-2200W.-Caja-manual-de-uso.jpg","width":700,"height":636,"caption":"Hair Dryer with Cool Shot"},{"@type":"BreadcrumbList","@id":"https:\/\/donbaraton.es\/en\/p\/hair-dryer-cold-shot-temperature-speeds-2200w\/#breadcrumb","itemListElement":[{"@type":"ListItem","position":1,"name":"Portada","item":"https:\/\/donbaraton.es\/en\/"},{"@type":"ListItem","position":2,"name":"Online Shop","item":"https:\/\/donbaraton.es\/en\/shop\/"},{"@type":"ListItem","position":3,"name":"Hair Dryer with Cool Shot, 3 Temperature Settings and 2 Speeds &#8211; 2200W"}]},{"@type":"WebSite","@id":"https:\/\/donbaraton.es\/#website","url":"https:\/\/donbaraton.es\/","name":"Don Baraton: tienda de sof\u00e1s, muebles y colchones","description":"Sofas baratos desde el almac\u00e9n en Almorad\u00ed, Alicante","publisher":{"@id":"https:\/\/donbaraton.es\/#organization"},"potentialAction":[{"@type":"SearchAction","target":{"@type":"EntryPoint","urlTemplate":"https:\/\/donbaraton.es\/?s={search_term_string}"},"query-input":{"@type":"PropertyValueSpecification","valueRequired":true,"valueName":"search_term_string"}}],"inLanguage":"en-GB"},{"@type":"Organization","@id":"https:\/\/donbaraton.es\/#organization","name":"Don Baraton","url":"https:\/\/donbaraton.es\/","logo":{"@type":"ImageObject","inLanguage":"en-GB","@id":"https:\/\/donbaraton.es\/#\/schema\/logo\/image\/","url":"https:\/\/i0.wp.com\/donbaraton.es\/wp-content\/uploads\/2016\/11\/logo_don_baraton.png?fit=228%2C110&ssl=1","contentUrl":"https:\/\/i0.wp.com\/donbaraton.es\/wp-content\/uploads\/2016\/11\/logo_don_baraton.png?fit=228%2C110&ssl=1","width":228,"height":110,"caption":"Don Baraton"},"image":{"@id":"https:\/\/donbaraton.es\/#\/schema\/logo\/image\/"},"sameAs":["https:\/\/www.facebook.com\/donbaraton.es","https:\/\/x.com\/don_baraton","https:\/\/www.instagram.com\/donbaraton.es","https:\/\/www.linkedin.com\/company\/donbaraton\/","https:\/\/es.pinterest.com\/donbaraton\/","https:\/\/www.youtube.com\/channel\/UCL02HOwx-F759Jq5MedAZfQ"]}]}},"_links":{"self":[{"href":"https:\/\/donbaraton.es\/en\/wp-json\/wp\/v2\/product\/5513","targetHints":{"allow":["GET"]}}],"collection":[{"href":"https:\/\/donbaraton.es\/en\/wp-json\/wp\/v2\/product"}],"about":[{"href":"https:\/\/donbaraton.es\/en\/wp-json\/wp\/v2\/types\/product"}],"replies":[{"embeddable":true,"href":"https:\/\/donbaraton.es\/en\/wp-json\/wp\/v2\/comments?post=5513"}],"wp:featuredmedia":[{"embeddable":true,"href":"https:\/\/donbaraton.es\/en\/wp-json\/wp\/v2\/media\/5499"}],"wp:attachment":[{"href":"https:\/\/donbaraton.es\/en\/wp-json\/wp\/v2\/media?parent=5513"}],"wp:term":[{"taxonomy":"product_brand","embeddable":true,"href":"https:\/\/donbaraton.es\/en\/wp-json\/wp\/v2\/product_brand?post=5513"},{"taxonomy":"product_cat","embeddable":true,"href":"https:\/\/donbaraton.es\/en\/wp-json\/wp\/v2\/product_cat?post=5513"},{"taxonomy":"product_tag","embeddable":true,"href":"https:\/\/donbaraton.es\/en\/wp-json\/wp\/v2\/product_tag?post=5513"}],"curies":[{"name":"wp","href":"https:\/\/api.w.org\/{rel}","templated":true}]}}