{"id":5714,"date":"2017-12-05T02:38:13","date_gmt":"2017-10-30T00:38:13","guid":{"rendered":"https:\/\/donbaraton.es\/producto\/uncategorized\/corner-sofa-pull-out-bed-carmen\/"},"modified":"2017-12-17T04:52:26","modified_gmt":"2017-12-17T03:52:26","slug":"corner-sofa-pull-out-bed-carmen","status":"publish","type":"product","link":"https:\/\/donbaraton.es\/en\/p\/corner-sofa-pull-out-bed-carmen\/","title":{"rendered":"Corner Sofa with Pull Out Bed &#8211; Carmen"},"content":{"rendered":"<p>Corner sofa with pull out bed &#8211; Carmen. Dimensions: length (left side) &#8211; 250 cm, length (right side) &#8211; 190 cm, depth &#8211; 110 cm, height &#8211; 85 cm. Dimensions of the bed: 170 x 200 cm. Fabric and faux leather of various colours. 5 large cushions and 2 small cushions.<\/p>\n<h4>Video of the grey corner sofa:<\/h4>\n<p><iframe loading=\"lazy\" src=\"https:\/\/www.youtube.com\/embed\/KVpiy4u2DqA?rel=0\" width=\"560\" height=\"315\" frameborder=\"0\" allowfullscreen=\"allowfullscreen\"><\/iframe><\/p>\n<h4>Video of the beige corner sofa:<\/h4>\n<p><iframe loading=\"lazy\" src=\"https:\/\/www.youtube.com\/embed\/glJW_8yyogs?rel=0\" width=\"560\" height=\"315\" frameborder=\"0\" allowfullscreen=\"allowfullscreen\"><\/iframe><\/p>\n","protected":false},"excerpt":{"rendered":"<p>Corner sofa with pull out bed &#8211; Carmen. Dimensions: length (left side) &#8211; 250 cm, length (right side) &#8211; 190 cm, depth &#8211; 110 cm, height &#8211; 85 cm. Dimensions of the bed: 170 x 200 cm. Fabric and faux leather of various colours. 5 large cushions and 2 small cushions.<\/p>\n","protected":false},"featured_media":5688,"comment_status":"closed","ping_status":"closed","template":"","meta":{"_et_pb_use_builder":"","_et_pb_old_content":"","_et_gb_content_width":""},"product_brand":[],"product_cat":[108,41,35],"product_tag":[],"class_list":{"0":"post-5714","1":"product","2":"type-product","3":"status-publish","4":"has-post-thumbnail","6":"product_cat-corner-sofas","7":"product_cat-sofa-beds","8":"product_cat-sofas-en","9":"product_shipping_class-articulos-pesados","10":"pa_largo-sofas-201-250-cm-en","11":"pa_material-fabric","12":"pa_material-faux-leather","13":"pa_plazas-4-seater-sofas","15":"first","16":"outofstock","17":"taxable","18":"shipping-taxable","19":"product-type-variable"},"yoast_head":"<!-- This site is optimized with the Yoast SEO plugin v27.5 - https:\/\/yoast.com\/product\/yoast-seo-wordpress\/ -->\n<title>Corner Sofa with Pull Out Bed - Carmen - Don Baraton: tienda de sof\u00e1s, muebles y colchones<\/title>\n<meta name=\"robots\" content=\"index, follow, max-snippet:-1, max-image-preview:large, max-video-preview:-1\" \/>\n<link rel=\"canonical\" href=\"https:\/\/donbaraton.es\/en\/p\/corner-sofa-pull-out-bed-carmen\/\" \/>\n<meta property=\"og:locale\" content=\"en_GB\" \/>\n<meta property=\"og:type\" content=\"article\" \/>\n<meta property=\"og:title\" content=\"Corner Sofa with Pull Out Bed - Carmen - Don Baraton: tienda de sof\u00e1s, muebles y colchones\" \/>\n<meta property=\"og:description\" content=\"Corner sofa with pull out bed - Carmen. Dimensions: length (left side) - 250 cm, length (right side) - 190 cm, depth - 110 cm, height - 85 cm. Dimensions of the bed: 170 x 200 cm. Fabric and faux leather of various colours. 5 large cushions and 2 small cushions.\" \/>\n<meta property=\"og:url\" content=\"https:\/\/donbaraton.es\/en\/p\/corner-sofa-pull-out-bed-carmen\/\" \/>\n<meta property=\"og:site_name\" content=\"Don Baraton: tienda de sof\u00e1s, muebles y colchones\" \/>\n<meta property=\"article:publisher\" content=\"https:\/\/www.facebook.com\/donbaraton.es\" \/>\n<meta property=\"article:modified_time\" content=\"2017-12-17T03:52:26+00:00\" \/>\n<meta property=\"og:image\" content=\"https:\/\/i1.wp.com\/donbaraton.es\/wp-content\/uploads\/2017\/10\/Sof\u00e1-rinconero-con-cama-extensible-Carmen.jpg?fit=800%2C553&ssl=1\" \/>\n\t<meta property=\"og:image:width\" content=\"800\" \/>\n\t<meta property=\"og:image:height\" content=\"553\" \/>\n\t<meta property=\"og:image:type\" content=\"image\/jpeg\" \/>\n<meta name=\"twitter:card\" content=\"summary_large_image\" \/>\n<meta name=\"twitter:site\" content=\"@don_baraton\" \/>\n<script type=\"application\/ld+json\" class=\"yoast-schema-graph\">{\"@context\":\"https:\\\/\\\/schema.org\",\"@graph\":[{\"@type\":\"WebPage\",\"@id\":\"https:\\\/\\\/donbaraton.es\\\/en\\\/p\\\/corner-sofa-pull-out-bed-carmen\\\/\",\"url\":\"https:\\\/\\\/donbaraton.es\\\/en\\\/p\\\/corner-sofa-pull-out-bed-carmen\\\/\",\"name\":\"Corner Sofa with Pull Out Bed - Carmen - Don Baraton: tienda de sof\u00e1s, muebles y colchones\",\"isPartOf\":{\"@id\":\"https:\\\/\\\/donbaraton.es\\\/#website\"},\"primaryImageOfPage\":{\"@id\":\"https:\\\/\\\/donbaraton.es\\\/en\\\/p\\\/corner-sofa-pull-out-bed-carmen\\\/#primaryimage\"},\"image\":{\"@id\":\"https:\\\/\\\/donbaraton.es\\\/en\\\/p\\\/corner-sofa-pull-out-bed-carmen\\\/#primaryimage\"},\"thumbnailUrl\":\"https:\\\/\\\/donbaraton.es\\\/wp-content\\\/uploads\\\/2017\\\/10\\\/Sof\u00e1-rinconero-con-cama-extensible-Carmen.jpg\",\"datePublished\":\"2017-10-30T00:38:13+00:00\",\"dateModified\":\"2017-12-17T03:52:26+00:00\",\"breadcrumb\":{\"@id\":\"https:\\\/\\\/donbaraton.es\\\/en\\\/p\\\/corner-sofa-pull-out-bed-carmen\\\/#breadcrumb\"},\"inLanguage\":\"en-GB\",\"potentialAction\":[{\"@type\":\"ReadAction\",\"target\":[\"https:\\\/\\\/donbaraton.es\\\/en\\\/p\\\/corner-sofa-pull-out-bed-carmen\\\/\"]}]},{\"@type\":\"ImageObject\",\"inLanguage\":\"en-GB\",\"@id\":\"https:\\\/\\\/donbaraton.es\\\/en\\\/p\\\/corner-sofa-pull-out-bed-carmen\\\/#primaryimage\",\"url\":\"https:\\\/\\\/donbaraton.es\\\/wp-content\\\/uploads\\\/2017\\\/10\\\/Sof\u00e1-rinconero-con-cama-extensible-Carmen.jpg\",\"contentUrl\":\"https:\\\/\\\/donbaraton.es\\\/wp-content\\\/uploads\\\/2017\\\/10\\\/Sof\u00e1-rinconero-con-cama-extensible-Carmen.jpg\",\"width\":800,\"height\":553,\"caption\":\"Corner Sofa with Pull Out Bed - Carmen\"},{\"@type\":\"BreadcrumbList\",\"@id\":\"https:\\\/\\\/donbaraton.es\\\/en\\\/p\\\/corner-sofa-pull-out-bed-carmen\\\/#breadcrumb\",\"itemListElement\":[{\"@type\":\"ListItem\",\"position\":1,\"name\":\"Portada\",\"item\":\"https:\\\/\\\/donbaraton.es\\\/en\\\/\"},{\"@type\":\"ListItem\",\"position\":2,\"name\":\"Online Shop\",\"item\":\"https:\\\/\\\/donbaraton.es\\\/en\\\/shop\\\/\"},{\"@type\":\"ListItem\",\"position\":3,\"name\":\"Corner Sofa with Pull Out Bed &#8211; Carmen\"}]},{\"@type\":\"WebSite\",\"@id\":\"https:\\\/\\\/donbaraton.es\\\/#website\",\"url\":\"https:\\\/\\\/donbaraton.es\\\/\",\"name\":\"Don Baraton: tienda de sof\u00e1s, muebles y colchones\",\"description\":\"Sofas baratos desde el almac\u00e9n en Almorad\u00ed, Alicante\",\"publisher\":{\"@id\":\"https:\\\/\\\/donbaraton.es\\\/#organization\"},\"potentialAction\":[{\"@type\":\"SearchAction\",\"target\":{\"@type\":\"EntryPoint\",\"urlTemplate\":\"https:\\\/\\\/donbaraton.es\\\/?s={search_term_string}\"},\"query-input\":{\"@type\":\"PropertyValueSpecification\",\"valueRequired\":true,\"valueName\":\"search_term_string\"}}],\"inLanguage\":\"en-GB\"},{\"@type\":\"Organization\",\"@id\":\"https:\\\/\\\/donbaraton.es\\\/#organization\",\"name\":\"Don Baraton\",\"url\":\"https:\\\/\\\/donbaraton.es\\\/\",\"logo\":{\"@type\":\"ImageObject\",\"inLanguage\":\"en-GB\",\"@id\":\"https:\\\/\\\/donbaraton.es\\\/#\\\/schema\\\/logo\\\/image\\\/\",\"url\":\"https:\\\/\\\/i0.wp.com\\\/donbaraton.es\\\/wp-content\\\/uploads\\\/2016\\\/11\\\/logo_don_baraton.png?fit=228%2C110&ssl=1\",\"contentUrl\":\"https:\\\/\\\/i0.wp.com\\\/donbaraton.es\\\/wp-content\\\/uploads\\\/2016\\\/11\\\/logo_don_baraton.png?fit=228%2C110&ssl=1\",\"width\":228,\"height\":110,\"caption\":\"Don Baraton\"},\"image\":{\"@id\":\"https:\\\/\\\/donbaraton.es\\\/#\\\/schema\\\/logo\\\/image\\\/\"},\"sameAs\":[\"https:\\\/\\\/www.facebook.com\\\/donbaraton.es\",\"https:\\\/\\\/x.com\\\/don_baraton\",\"https:\\\/\\\/www.instagram.com\\\/donbaraton.es\",\"https:\\\/\\\/www.linkedin.com\\\/company\\\/donbaraton\\\/\",\"https:\\\/\\\/es.pinterest.com\\\/donbaraton\\\/\",\"https:\\\/\\\/www.youtube.com\\\/channel\\\/UCL02HOwx-F759Jq5MedAZfQ\"]}]}<\/script>\n<!-- \/ Yoast SEO plugin. -->","yoast_head_json":{"title":"Corner Sofa with Pull Out Bed - Carmen - Don Baraton: tienda de sof\u00e1s, muebles y colchones","robots":{"index":"index","follow":"follow","max-snippet":"max-snippet:-1","max-image-preview":"max-image-preview:large","max-video-preview":"max-video-preview:-1"},"canonical":"https:\/\/donbaraton.es\/en\/p\/corner-sofa-pull-out-bed-carmen\/","og_locale":"en_GB","og_type":"article","og_title":"Corner Sofa with Pull Out Bed - Carmen - Don Baraton: tienda de sof\u00e1s, muebles y colchones","og_description":"Corner sofa with pull out bed - Carmen. Dimensions: length (left side) - 250 cm, length (right side) - 190 cm, depth - 110 cm, height - 85 cm. Dimensions of the bed: 170 x 200 cm. Fabric and faux leather of various colours. 5 large cushions and 2 small cushions.","og_url":"https:\/\/donbaraton.es\/en\/p\/corner-sofa-pull-out-bed-carmen\/","og_site_name":"Don Baraton: tienda de sof\u00e1s, muebles y colchones","article_publisher":"https:\/\/www.facebook.com\/donbaraton.es","article_modified_time":"2017-12-17T03:52:26+00:00","og_image":[{"width":800,"height":553,"url":"https:\/\/i1.wp.com\/donbaraton.es\/wp-content\/uploads\/2017\/10\/Sof\u00e1-rinconero-con-cama-extensible-Carmen.jpg?fit=800%2C553&ssl=1","type":"image\/jpeg"}],"twitter_card":"summary_large_image","twitter_site":"@don_baraton","schema":{"@context":"https:\/\/schema.org","@graph":[{"@type":"WebPage","@id":"https:\/\/donbaraton.es\/en\/p\/corner-sofa-pull-out-bed-carmen\/","url":"https:\/\/donbaraton.es\/en\/p\/corner-sofa-pull-out-bed-carmen\/","name":"Corner Sofa with Pull Out Bed - Carmen - Don Baraton: tienda de sof\u00e1s, muebles y colchones","isPartOf":{"@id":"https:\/\/donbaraton.es\/#website"},"primaryImageOfPage":{"@id":"https:\/\/donbaraton.es\/en\/p\/corner-sofa-pull-out-bed-carmen\/#primaryimage"},"image":{"@id":"https:\/\/donbaraton.es\/en\/p\/corner-sofa-pull-out-bed-carmen\/#primaryimage"},"thumbnailUrl":"https:\/\/donbaraton.es\/wp-content\/uploads\/2017\/10\/Sof\u00e1-rinconero-con-cama-extensible-Carmen.jpg","datePublished":"2017-10-30T00:38:13+00:00","dateModified":"2017-12-17T03:52:26+00:00","breadcrumb":{"@id":"https:\/\/donbaraton.es\/en\/p\/corner-sofa-pull-out-bed-carmen\/#breadcrumb"},"inLanguage":"en-GB","potentialAction":[{"@type":"ReadAction","target":["https:\/\/donbaraton.es\/en\/p\/corner-sofa-pull-out-bed-carmen\/"]}]},{"@type":"ImageObject","inLanguage":"en-GB","@id":"https:\/\/donbaraton.es\/en\/p\/corner-sofa-pull-out-bed-carmen\/#primaryimage","url":"https:\/\/donbaraton.es\/wp-content\/uploads\/2017\/10\/Sof\u00e1-rinconero-con-cama-extensible-Carmen.jpg","contentUrl":"https:\/\/donbaraton.es\/wp-content\/uploads\/2017\/10\/Sof\u00e1-rinconero-con-cama-extensible-Carmen.jpg","width":800,"height":553,"caption":"Corner Sofa with Pull Out Bed - Carmen"},{"@type":"BreadcrumbList","@id":"https:\/\/donbaraton.es\/en\/p\/corner-sofa-pull-out-bed-carmen\/#breadcrumb","itemListElement":[{"@type":"ListItem","position":1,"name":"Portada","item":"https:\/\/donbaraton.es\/en\/"},{"@type":"ListItem","position":2,"name":"Online Shop","item":"https:\/\/donbaraton.es\/en\/shop\/"},{"@type":"ListItem","position":3,"name":"Corner Sofa with Pull Out Bed &#8211; Carmen"}]},{"@type":"WebSite","@id":"https:\/\/donbaraton.es\/#website","url":"https:\/\/donbaraton.es\/","name":"Don Baraton: tienda de sof\u00e1s, muebles y colchones","description":"Sofas baratos desde el almac\u00e9n en Almorad\u00ed, Alicante","publisher":{"@id":"https:\/\/donbaraton.es\/#organization"},"potentialAction":[{"@type":"SearchAction","target":{"@type":"EntryPoint","urlTemplate":"https:\/\/donbaraton.es\/?s={search_term_string}"},"query-input":{"@type":"PropertyValueSpecification","valueRequired":true,"valueName":"search_term_string"}}],"inLanguage":"en-GB"},{"@type":"Organization","@id":"https:\/\/donbaraton.es\/#organization","name":"Don Baraton","url":"https:\/\/donbaraton.es\/","logo":{"@type":"ImageObject","inLanguage":"en-GB","@id":"https:\/\/donbaraton.es\/#\/schema\/logo\/image\/","url":"https:\/\/i0.wp.com\/donbaraton.es\/wp-content\/uploads\/2016\/11\/logo_don_baraton.png?fit=228%2C110&ssl=1","contentUrl":"https:\/\/i0.wp.com\/donbaraton.es\/wp-content\/uploads\/2016\/11\/logo_don_baraton.png?fit=228%2C110&ssl=1","width":228,"height":110,"caption":"Don Baraton"},"image":{"@id":"https:\/\/donbaraton.es\/#\/schema\/logo\/image\/"},"sameAs":["https:\/\/www.facebook.com\/donbaraton.es","https:\/\/x.com\/don_baraton","https:\/\/www.instagram.com\/donbaraton.es","https:\/\/www.linkedin.com\/company\/donbaraton\/","https:\/\/es.pinterest.com\/donbaraton\/","https:\/\/www.youtube.com\/channel\/UCL02HOwx-F759Jq5MedAZfQ"]}]}},"_links":{"self":[{"href":"https:\/\/donbaraton.es\/en\/wp-json\/wp\/v2\/product\/5714","targetHints":{"allow":["GET"]}}],"collection":[{"href":"https:\/\/donbaraton.es\/en\/wp-json\/wp\/v2\/product"}],"about":[{"href":"https:\/\/donbaraton.es\/en\/wp-json\/wp\/v2\/types\/product"}],"replies":[{"embeddable":true,"href":"https:\/\/donbaraton.es\/en\/wp-json\/wp\/v2\/comments?post=5714"}],"wp:featuredmedia":[{"embeddable":true,"href":"https:\/\/donbaraton.es\/en\/wp-json\/wp\/v2\/media\/5688"}],"wp:attachment":[{"href":"https:\/\/donbaraton.es\/en\/wp-json\/wp\/v2\/media?parent=5714"}],"wp:term":[{"taxonomy":"product_brand","embeddable":true,"href":"https:\/\/donbaraton.es\/en\/wp-json\/wp\/v2\/product_brand?post=5714"},{"taxonomy":"product_cat","embeddable":true,"href":"https:\/\/donbaraton.es\/en\/wp-json\/wp\/v2\/product_cat?post=5714"},{"taxonomy":"product_tag","embeddable":true,"href":"https:\/\/donbaraton.es\/en\/wp-json\/wp\/v2\/product_tag?post=5714"}],"curies":[{"name":"wp","href":"https:\/\/api.w.org\/{rel}","templated":true}]}}