{"id":5880,"date":"2021-11-10T05:00:15","date_gmt":"2017-10-30T23:00:15","guid":{"rendered":"https:\/\/donbaraton.es\/producto\/uncategorized\/compact-folding-sofa-olivia\/"},"modified":"2023-06-21T20:30:54","modified_gmt":"2023-06-21T18:30:54","slug":"compact-folding-sofa-olivia","status":"publish","type":"product","link":"https:\/\/donbaraton.es\/en\/p\/compact-folding-sofa-olivia\/","title":{"rendered":"Compact Folding Sofa &#8211; Olivia"},"content":{"rendered":"<p><strong>Compact Folding Sofa &#8211; Olivia<\/strong><\/p>\n<p>A pretty sofa at a very affordable price that unfolds into bed in a few seconds (watch the video below). Ideal for small rooms and studios. Storage compartment under the sofa will help you save even more space! Two cushions.<\/p>\n<p><strong>Dimensions:<\/strong> length 190 cm, height 90 cm, depth 85 cm. <strong>Dimensions of the bed:<\/strong> 119 x 190 cm. Height of the seat from the floor: 45 cm, depth of the seat 50 cm. Cushions: 29 x 38 cm <strong>Video with the product from our warehouse:<\/strong> <iframe loading=\"lazy\" src=\"https:\/\/www.youtube.com\/embed\/bZbRCLxkSyA?rel=0\" width=\"560\" height=\"315\" frameborder=\"0\" allowfullscreen=\"allowfullscreen\"><\/iframe><\/p>\n","protected":false},"excerpt":{"rendered":"<ul>\n<li>Folding sofa<\/li>\n<li>Compact size<\/li>\n<li>Bed 119 x 190 cm<\/li>\n<li>Modern design<\/li>\n<li>Plastic legs<\/li>\n<li>2 cushions included<\/li>\n<\/ul>\n<p><strong>Dimensions:<\/strong> length 190 cm, height 90 cm, depth 85 cm.<\/p>\n","protected":false},"featured_media":17255,"comment_status":"open","ping_status":"closed","template":"","meta":{"_et_pb_use_builder":"","_et_pb_old_content":"","_et_gb_content_width":""},"product_brand":[],"product_cat":[41,35],"product_tag":[],"class_list":{"0":"post-5880","1":"product","2":"type-product","3":"status-publish","4":"has-post-thumbnail","6":"product_cat-sofa-beds","7":"product_cat-sofas-en","8":"product_shipping_class-articulos-pesados","9":"pa_largo-sofas-200-cm-less","10":"pa_material-fabric","11":"pa_muelles-bonnell-springs","12":"pa_plazas-2-seater-sofas","13":"pa_plazas-3-seater-sofas","15":"first","16":"outofstock","17":"sale","18":"taxable","19":"shipping-taxable","20":"purchasable","21":"product-type-variable"},"yoast_head":"<!-- This site is optimized with the Yoast SEO plugin v27.2 - https:\/\/yoast.com\/product\/yoast-seo-wordpress\/ -->\n<title>Compact Folding Sofa - Olivia - Don Baraton: tienda de sof\u00e1s, muebles y colchones<\/title>\n<meta name=\"robots\" content=\"index, follow, max-snippet:-1, max-image-preview:large, max-video-preview:-1\" \/>\n<link rel=\"canonical\" href=\"https:\/\/donbaraton.es\/en\/p\/compact-folding-sofa-olivia\/\" \/>\n<meta property=\"og:locale\" content=\"en_GB\" \/>\n<meta property=\"og:type\" content=\"article\" \/>\n<meta property=\"og:title\" content=\"Compact Folding Sofa - Olivia - Don Baraton: tienda de sof\u00e1s, muebles y colchones\" \/>\n<meta property=\"og:description\" content=\"Folding sofa Compact size Bed 119 x 190 cm Modern design Plastic legs 2 cushions included  Dimensions: length 190 cm, height 90 cm, depth 85 cm.\" \/>\n<meta property=\"og:url\" content=\"https:\/\/donbaraton.es\/en\/p\/compact-folding-sofa-olivia\/\" \/>\n<meta property=\"og:site_name\" content=\"Don Baraton: tienda de sof\u00e1s, muebles y colchones\" \/>\n<meta property=\"article:publisher\" content=\"https:\/\/www.facebook.com\/donbaraton.es\" \/>\n<meta property=\"article:modified_time\" content=\"2023-06-21T18:30:54+00:00\" \/>\n<meta property=\"og:image\" content=\"https:\/\/i2.wp.com\/donbaraton.es\/wp-content\/uploads\/2017\/10\/Sof\u00e1-Cama-Plegable-Compacto-Olivia.-Gris-claro-con-gris-11-min.jpg?fit=1000%2C666&ssl=1\" \/>\n\t<meta property=\"og:image:width\" content=\"1000\" \/>\n\t<meta property=\"og:image:height\" content=\"666\" \/>\n\t<meta property=\"og:image:type\" content=\"image\/jpeg\" \/>\n<meta name=\"twitter:card\" content=\"summary_large_image\" \/>\n<meta name=\"twitter:site\" content=\"@don_baraton\" \/>\n<script type=\"application\/ld+json\" class=\"yoast-schema-graph\">{\"@context\":\"https:\/\/schema.org\",\"@graph\":[{\"@type\":\"WebPage\",\"@id\":\"https:\/\/donbaraton.es\/en\/p\/compact-folding-sofa-olivia\/\",\"url\":\"https:\/\/donbaraton.es\/en\/p\/compact-folding-sofa-olivia\/\",\"name\":\"Compact Folding Sofa - Olivia - Don Baraton: tienda de sof\u00e1s, muebles y colchones\",\"isPartOf\":{\"@id\":\"https:\/\/donbaraton.es\/#website\"},\"primaryImageOfPage\":{\"@id\":\"https:\/\/donbaraton.es\/en\/p\/compact-folding-sofa-olivia\/#primaryimage\"},\"image\":{\"@id\":\"https:\/\/donbaraton.es\/en\/p\/compact-folding-sofa-olivia\/#primaryimage\"},\"thumbnailUrl\":\"https:\/\/donbaraton.es\/wp-content\/uploads\/2017\/10\/Sof\u00e1-Cama-Plegable-Compacto-Olivia.-Gris-claro-con-gris-11-min.jpg\",\"datePublished\":\"2017-10-30T23:00:15+00:00\",\"dateModified\":\"2023-06-21T18:30:54+00:00\",\"breadcrumb\":{\"@id\":\"https:\/\/donbaraton.es\/en\/p\/compact-folding-sofa-olivia\/#breadcrumb\"},\"inLanguage\":\"en-GB\",\"potentialAction\":[{\"@type\":\"ReadAction\",\"target\":[\"https:\/\/donbaraton.es\/en\/p\/compact-folding-sofa-olivia\/\"]}]},{\"@type\":\"ImageObject\",\"inLanguage\":\"en-GB\",\"@id\":\"https:\/\/donbaraton.es\/en\/p\/compact-folding-sofa-olivia\/#primaryimage\",\"url\":\"https:\/\/donbaraton.es\/wp-content\/uploads\/2017\/10\/Sof\u00e1-Cama-Plegable-Compacto-Olivia.-Gris-claro-con-gris-11-min.jpg\",\"contentUrl\":\"https:\/\/donbaraton.es\/wp-content\/uploads\/2017\/10\/Sof\u00e1-Cama-Plegable-Compacto-Olivia.-Gris-claro-con-gris-11-min.jpg\",\"width\":1000,\"height\":666,\"caption\":\"Compact Folding Sofa - Olivia. Light grey and grey fabrics - 11\"},{\"@type\":\"BreadcrumbList\",\"@id\":\"https:\/\/donbaraton.es\/en\/p\/compact-folding-sofa-olivia\/#breadcrumb\",\"itemListElement\":[{\"@type\":\"ListItem\",\"position\":1,\"name\":\"Portada\",\"item\":\"https:\/\/donbaraton.es\/en\/\"},{\"@type\":\"ListItem\",\"position\":2,\"name\":\"Online Shop\",\"item\":\"https:\/\/donbaraton.es\/en\/shop\/\"},{\"@type\":\"ListItem\",\"position\":3,\"name\":\"Compact Folding Sofa &#8211; Olivia\"}]},{\"@type\":\"WebSite\",\"@id\":\"https:\/\/donbaraton.es\/#website\",\"url\":\"https:\/\/donbaraton.es\/\",\"name\":\"Don Baraton: tienda de sof\u00e1s, muebles y colchones\",\"description\":\"Sofas baratos desde el almac\u00e9n en Almorad\u00ed, Alicante\",\"publisher\":{\"@id\":\"https:\/\/donbaraton.es\/#organization\"},\"potentialAction\":[{\"@type\":\"SearchAction\",\"target\":{\"@type\":\"EntryPoint\",\"urlTemplate\":\"https:\/\/donbaraton.es\/?s={search_term_string}\"},\"query-input\":{\"@type\":\"PropertyValueSpecification\",\"valueRequired\":true,\"valueName\":\"search_term_string\"}}],\"inLanguage\":\"en-GB\"},{\"@type\":\"Organization\",\"@id\":\"https:\/\/donbaraton.es\/#organization\",\"name\":\"Don Baraton\",\"url\":\"https:\/\/donbaraton.es\/\",\"logo\":{\"@type\":\"ImageObject\",\"inLanguage\":\"en-GB\",\"@id\":\"https:\/\/donbaraton.es\/#\/schema\/logo\/image\/\",\"url\":\"https:\/\/i0.wp.com\/donbaraton.es\/wp-content\/uploads\/2016\/11\/logo_don_baraton.png?fit=228%2C110&ssl=1\",\"contentUrl\":\"https:\/\/i0.wp.com\/donbaraton.es\/wp-content\/uploads\/2016\/11\/logo_don_baraton.png?fit=228%2C110&ssl=1\",\"width\":228,\"height\":110,\"caption\":\"Don Baraton\"},\"image\":{\"@id\":\"https:\/\/donbaraton.es\/#\/schema\/logo\/image\/\"},\"sameAs\":[\"https:\/\/www.facebook.com\/donbaraton.es\",\"https:\/\/x.com\/don_baraton\",\"https:\/\/www.instagram.com\/donbaraton.es\",\"https:\/\/www.linkedin.com\/company\/donbaraton\/\",\"https:\/\/es.pinterest.com\/donbaraton\/\",\"https:\/\/www.youtube.com\/channel\/UCL02HOwx-F759Jq5MedAZfQ\"]}]}<\/script>\n<!-- \/ Yoast SEO plugin. -->","yoast_head_json":{"title":"Compact Folding Sofa - Olivia - Don Baraton: tienda de sof\u00e1s, muebles y colchones","robots":{"index":"index","follow":"follow","max-snippet":"max-snippet:-1","max-image-preview":"max-image-preview:large","max-video-preview":"max-video-preview:-1"},"canonical":"https:\/\/donbaraton.es\/en\/p\/compact-folding-sofa-olivia\/","og_locale":"en_GB","og_type":"article","og_title":"Compact Folding Sofa - Olivia - Don Baraton: tienda de sof\u00e1s, muebles y colchones","og_description":"Folding sofa Compact size Bed 119 x 190 cm Modern design Plastic legs 2 cushions included  Dimensions: length 190 cm, height 90 cm, depth 85 cm.","og_url":"https:\/\/donbaraton.es\/en\/p\/compact-folding-sofa-olivia\/","og_site_name":"Don Baraton: tienda de sof\u00e1s, muebles y colchones","article_publisher":"https:\/\/www.facebook.com\/donbaraton.es","article_modified_time":"2023-06-21T18:30:54+00:00","og_image":[{"width":1000,"height":666,"url":"https:\/\/i2.wp.com\/donbaraton.es\/wp-content\/uploads\/2017\/10\/Sof\u00e1-Cama-Plegable-Compacto-Olivia.-Gris-claro-con-gris-11-min.jpg?fit=1000%2C666&ssl=1","type":"image\/jpeg"}],"twitter_card":"summary_large_image","twitter_site":"@don_baraton","schema":{"@context":"https:\/\/schema.org","@graph":[{"@type":"WebPage","@id":"https:\/\/donbaraton.es\/en\/p\/compact-folding-sofa-olivia\/","url":"https:\/\/donbaraton.es\/en\/p\/compact-folding-sofa-olivia\/","name":"Compact Folding Sofa - Olivia - Don Baraton: tienda de sof\u00e1s, muebles y colchones","isPartOf":{"@id":"https:\/\/donbaraton.es\/#website"},"primaryImageOfPage":{"@id":"https:\/\/donbaraton.es\/en\/p\/compact-folding-sofa-olivia\/#primaryimage"},"image":{"@id":"https:\/\/donbaraton.es\/en\/p\/compact-folding-sofa-olivia\/#primaryimage"},"thumbnailUrl":"https:\/\/donbaraton.es\/wp-content\/uploads\/2017\/10\/Sof\u00e1-Cama-Plegable-Compacto-Olivia.-Gris-claro-con-gris-11-min.jpg","datePublished":"2017-10-30T23:00:15+00:00","dateModified":"2023-06-21T18:30:54+00:00","breadcrumb":{"@id":"https:\/\/donbaraton.es\/en\/p\/compact-folding-sofa-olivia\/#breadcrumb"},"inLanguage":"en-GB","potentialAction":[{"@type":"ReadAction","target":["https:\/\/donbaraton.es\/en\/p\/compact-folding-sofa-olivia\/"]}]},{"@type":"ImageObject","inLanguage":"en-GB","@id":"https:\/\/donbaraton.es\/en\/p\/compact-folding-sofa-olivia\/#primaryimage","url":"https:\/\/donbaraton.es\/wp-content\/uploads\/2017\/10\/Sof\u00e1-Cama-Plegable-Compacto-Olivia.-Gris-claro-con-gris-11-min.jpg","contentUrl":"https:\/\/donbaraton.es\/wp-content\/uploads\/2017\/10\/Sof\u00e1-Cama-Plegable-Compacto-Olivia.-Gris-claro-con-gris-11-min.jpg","width":1000,"height":666,"caption":"Compact Folding Sofa - Olivia. Light grey and grey fabrics - 11"},{"@type":"BreadcrumbList","@id":"https:\/\/donbaraton.es\/en\/p\/compact-folding-sofa-olivia\/#breadcrumb","itemListElement":[{"@type":"ListItem","position":1,"name":"Portada","item":"https:\/\/donbaraton.es\/en\/"},{"@type":"ListItem","position":2,"name":"Online Shop","item":"https:\/\/donbaraton.es\/en\/shop\/"},{"@type":"ListItem","position":3,"name":"Compact Folding Sofa &#8211; Olivia"}]},{"@type":"WebSite","@id":"https:\/\/donbaraton.es\/#website","url":"https:\/\/donbaraton.es\/","name":"Don Baraton: tienda de sof\u00e1s, muebles y colchones","description":"Sofas baratos desde el almac\u00e9n en Almorad\u00ed, Alicante","publisher":{"@id":"https:\/\/donbaraton.es\/#organization"},"potentialAction":[{"@type":"SearchAction","target":{"@type":"EntryPoint","urlTemplate":"https:\/\/donbaraton.es\/?s={search_term_string}"},"query-input":{"@type":"PropertyValueSpecification","valueRequired":true,"valueName":"search_term_string"}}],"inLanguage":"en-GB"},{"@type":"Organization","@id":"https:\/\/donbaraton.es\/#organization","name":"Don Baraton","url":"https:\/\/donbaraton.es\/","logo":{"@type":"ImageObject","inLanguage":"en-GB","@id":"https:\/\/donbaraton.es\/#\/schema\/logo\/image\/","url":"https:\/\/i0.wp.com\/donbaraton.es\/wp-content\/uploads\/2016\/11\/logo_don_baraton.png?fit=228%2C110&ssl=1","contentUrl":"https:\/\/i0.wp.com\/donbaraton.es\/wp-content\/uploads\/2016\/11\/logo_don_baraton.png?fit=228%2C110&ssl=1","width":228,"height":110,"caption":"Don Baraton"},"image":{"@id":"https:\/\/donbaraton.es\/#\/schema\/logo\/image\/"},"sameAs":["https:\/\/www.facebook.com\/donbaraton.es","https:\/\/x.com\/don_baraton","https:\/\/www.instagram.com\/donbaraton.es","https:\/\/www.linkedin.com\/company\/donbaraton\/","https:\/\/es.pinterest.com\/donbaraton\/","https:\/\/www.youtube.com\/channel\/UCL02HOwx-F759Jq5MedAZfQ"]}]}},"_links":{"self":[{"href":"https:\/\/donbaraton.es\/en\/wp-json\/wp\/v2\/product\/5880","targetHints":{"allow":["GET"]}}],"collection":[{"href":"https:\/\/donbaraton.es\/en\/wp-json\/wp\/v2\/product"}],"about":[{"href":"https:\/\/donbaraton.es\/en\/wp-json\/wp\/v2\/types\/product"}],"replies":[{"embeddable":true,"href":"https:\/\/donbaraton.es\/en\/wp-json\/wp\/v2\/comments?post=5880"}],"wp:featuredmedia":[{"embeddable":true,"href":"https:\/\/donbaraton.es\/en\/wp-json\/wp\/v2\/media\/17255"}],"wp:attachment":[{"href":"https:\/\/donbaraton.es\/en\/wp-json\/wp\/v2\/media?parent=5880"}],"wp:term":[{"taxonomy":"product_brand","embeddable":true,"href":"https:\/\/donbaraton.es\/en\/wp-json\/wp\/v2\/product_brand?post=5880"},{"taxonomy":"product_cat","embeddable":true,"href":"https:\/\/donbaraton.es\/en\/wp-json\/wp\/v2\/product_cat?post=5880"},{"taxonomy":"product_tag","embeddable":true,"href":"https:\/\/donbaraton.es\/en\/wp-json\/wp\/v2\/product_tag?post=5880"}],"curies":[{"name":"wp","href":"https:\/\/api.w.org\/{rel}","templated":true}]}}