{"id":7366,"date":"2021-11-27T06:39:32","date_gmt":"2017-12-12T04:39:32","guid":{"rendered":"https:\/\/donbaraton.es\/producto\/uncategorized\/corner-sofa-pouffe-pull-out-bed-storage-aruba\/"},"modified":"2022-12-09T20:41:24","modified_gmt":"2022-12-09T19:41:24","slug":"corner-sofa-pouffe-pull-out-bed-storage-aruba","status":"publish","type":"product","link":"https:\/\/donbaraton.es\/en\/p\/corner-sofa-pouffe-pull-out-bed-storage-aruba\/","title":{"rendered":"Large corner sofa with pouffe, pull-out bed, storage &#8211; Aruba"},"content":{"rendered":"<p><strong>Large corner sofa with pouffe, pull-out bed, two storage compartments and a minibar &#8211; Aruba.<\/strong><\/p>\n<p>Comfy and spacious <strong>double pull-out bed<\/strong> is very easy to use.<\/p>\n<p>The sofa is upholstered in <strong>durable synthetic fabric<\/strong> <em>Inari<\/em> with inserts or one colour all over (grey or brown colour to choose from).<\/p>\n<p><strong>Comfortable seats<\/strong>\u00a0with steel corrugated springs filled with elastic PU foam.<\/p>\n<p><strong>Two storage<\/strong> compartments under the seats.<\/p>\n<p><strong>Pouffe<\/strong> with storage that be placed in front of the sofa or hidden inside one of the armrests.<\/p>\n<p>Five <strong>back cushions<\/strong> with removable and washable covers.<\/p>\n<p><strong>Side storage<\/strong> in armrest (minibar).<\/p>\n<p><strong><a href=\"https:\/\/donbaraton.es\/en\/p\/spacious-u-shaped-sofa-bed-3-storages-baia\/\">This model is also available as &#8220;U-shaped&#8221; sofa<\/a>.<\/strong><\/p>\n<p><strong>Dimensions:<\/strong> length 305 cm, length of the corner side &#8211; 205 cm, height &#8211; 90 cm. <strong>Dimensions of the bed:<\/strong> 150 x 245 cm.<\/p>\n<p>A video of the product from our warehouse:<\/p>\n<p><iframe loading=\"lazy\" src=\"https:\/\/www.youtube.com\/embed\/oDJxqna6bgw?rel=0\" width=\"560\" height=\"315\" frameborder=\"0\" allowfullscreen=\"allowfullscreen\"><\/iframe><\/p>\n","protected":false},"excerpt":{"rendered":"<ul>\n<li>Spacious double bed &#8211; 150 x 245 cm<\/li>\n<li>2 storage compartments under the seats<\/li>\n<li>Pouffe with storage<\/li>\n<li>5 cushions with removable\/washable covers<\/li>\n<li>Side storage in armrest (minibar)<\/li>\n<li>Highly resilient PU foam<\/li>\n<li>Corrugated springs<\/li>\n<\/ul>\n<p><strong>Dimensions:<\/strong> length 305 and 205 cm (corner), height 90 cm<\/p>\n","protected":false},"featured_media":13921,"comment_status":"open","ping_status":"closed","template":"","meta":{"_et_pb_use_builder":"","_et_pb_old_content":"","_et_gb_content_width":""},"product_brand":[],"product_cat":[108,41,35],"product_tag":[],"class_list":{"0":"post-7366","1":"product","2":"type-product","3":"status-publish","4":"has-post-thumbnail","6":"product_cat-corner-sofas","7":"product_cat-sofa-beds","8":"product_cat-sofas-en","9":"product_shipping_class-mas-de-20-kg-fabricacion-hasta-43-dias","10":"pa_lado-left","11":"pa_lado-right","12":"pa_largo-sofas-301-cm-plus","13":"pa_material-fabric","14":"pa_muelles-sinuous-springs","15":"pa_plazas-4-seater-sofas","17":"first","18":"onbackorder","19":"sale","20":"taxable","21":"shipping-taxable","22":"purchasable","23":"product-type-variable","24":"has-default-attributes"},"yoast_head":"<!-- This site is optimized with the Yoast SEO plugin v27.2 - https:\/\/yoast.com\/product\/yoast-seo-wordpress\/ -->\n<title>Large corner sofa with pouffe, pull-out bed, storage - Aruba - Don Baraton: tienda de sof\u00e1s, muebles y colchones<\/title>\n<meta name=\"robots\" content=\"index, follow, max-snippet:-1, max-image-preview:large, max-video-preview:-1\" \/>\n<link rel=\"canonical\" href=\"https:\/\/donbaraton.es\/en\/p\/corner-sofa-pouffe-pull-out-bed-storage-aruba\/\" \/>\n<meta property=\"og:locale\" content=\"en_GB\" \/>\n<meta property=\"og:type\" content=\"article\" \/>\n<meta property=\"og:title\" content=\"Large corner sofa with pouffe, pull-out bed, storage - Aruba - Don Baraton: tienda de sof\u00e1s, muebles y colchones\" \/>\n<meta property=\"og:description\" content=\"Spacious double bed - 150 x 245 cm  2 storage compartments under the seats  Pouffe with storage  5 cushions with removable\/washable covers  Side storage in armrest (minibar)  Highly resilient PU foam  Corrugated springs  Dimensions: length 305 and 205 cm (corner), height 90 cm\" \/>\n<meta property=\"og:url\" content=\"https:\/\/donbaraton.es\/en\/p\/corner-sofa-pouffe-pull-out-bed-storage-aruba\/\" \/>\n<meta property=\"og:site_name\" content=\"Don Baraton: tienda de sof\u00e1s, muebles y colchones\" \/>\n<meta property=\"article:publisher\" content=\"https:\/\/www.facebook.com\/donbaraton.es\" \/>\n<meta property=\"article:modified_time\" content=\"2022-12-09T19:41:24+00:00\" \/>\n<meta property=\"og:image\" content=\"https:\/\/i2.wp.com\/donbaraton.es\/wp-content\/uploads\/2019\/02\/Sof\u00e1-rinconera-con-cama-puf-caj\u00f3n-lateral-minibar-y-2-arcones.-Color-gris-s\u00f3lido.-Esquina-lado-derecho-Aruba.jpg?fit=1000%2C633&ssl=1\" \/>\n\t<meta property=\"og:image:width\" content=\"1000\" \/>\n\t<meta property=\"og:image:height\" content=\"633\" \/>\n\t<meta property=\"og:image:type\" content=\"image\/jpeg\" \/>\n<meta name=\"twitter:card\" content=\"summary_large_image\" \/>\n<meta name=\"twitter:site\" content=\"@don_baraton\" \/>\n<meta name=\"twitter:label1\" content=\"Estimated reading time\" \/>\n\t<meta name=\"twitter:data1\" content=\"1 minute\" \/>\n<script type=\"application\/ld+json\" class=\"yoast-schema-graph\">{\"@context\":\"https:\/\/schema.org\",\"@graph\":[{\"@type\":\"WebPage\",\"@id\":\"https:\/\/donbaraton.es\/en\/p\/corner-sofa-pouffe-pull-out-bed-storage-aruba\/\",\"url\":\"https:\/\/donbaraton.es\/en\/p\/corner-sofa-pouffe-pull-out-bed-storage-aruba\/\",\"name\":\"Large corner sofa with pouffe, pull-out bed, storage - Aruba - Don Baraton: tienda de sof\u00e1s, muebles y colchones\",\"isPartOf\":{\"@id\":\"https:\/\/donbaraton.es\/#website\"},\"primaryImageOfPage\":{\"@id\":\"https:\/\/donbaraton.es\/en\/p\/corner-sofa-pouffe-pull-out-bed-storage-aruba\/#primaryimage\"},\"image\":{\"@id\":\"https:\/\/donbaraton.es\/en\/p\/corner-sofa-pouffe-pull-out-bed-storage-aruba\/#primaryimage\"},\"thumbnailUrl\":\"https:\/\/donbaraton.es\/wp-content\/uploads\/2019\/02\/Sof\u00e1-rinconera-con-cama-puf-caj\u00f3n-lateral-minibar-y-2-arcones.-Color-gris-s\u00f3lido.-Esquina-lado-derecho-Aruba.jpg\",\"datePublished\":\"2017-12-12T04:39:32+00:00\",\"dateModified\":\"2022-12-09T19:41:24+00:00\",\"breadcrumb\":{\"@id\":\"https:\/\/donbaraton.es\/en\/p\/corner-sofa-pouffe-pull-out-bed-storage-aruba\/#breadcrumb\"},\"inLanguage\":\"en-GB\",\"potentialAction\":[{\"@type\":\"ReadAction\",\"target\":[\"https:\/\/donbaraton.es\/en\/p\/corner-sofa-pouffe-pull-out-bed-storage-aruba\/\"]}]},{\"@type\":\"ImageObject\",\"inLanguage\":\"en-GB\",\"@id\":\"https:\/\/donbaraton.es\/en\/p\/corner-sofa-pouffe-pull-out-bed-storage-aruba\/#primaryimage\",\"url\":\"https:\/\/donbaraton.es\/wp-content\/uploads\/2019\/02\/Sof\u00e1-rinconera-con-cama-puf-caj\u00f3n-lateral-minibar-y-2-arcones.-Color-gris-s\u00f3lido.-Esquina-lado-derecho-Aruba.jpg\",\"contentUrl\":\"https:\/\/donbaraton.es\/wp-content\/uploads\/2019\/02\/Sof\u00e1-rinconera-con-cama-puf-caj\u00f3n-lateral-minibar-y-2-arcones.-Color-gris-s\u00f3lido.-Esquina-lado-derecho-Aruba.jpg\",\"width\":1000,\"height\":633,\"caption\":\"Corner Sofa with Folding Bed, Pouffe, 2 Storage Compartments. Grey Fabric All-over. Corner on the Right \u2013 Aruba\"},{\"@type\":\"BreadcrumbList\",\"@id\":\"https:\/\/donbaraton.es\/en\/p\/corner-sofa-pouffe-pull-out-bed-storage-aruba\/#breadcrumb\",\"itemListElement\":[{\"@type\":\"ListItem\",\"position\":1,\"name\":\"Portada\",\"item\":\"https:\/\/donbaraton.es\/en\/\"},{\"@type\":\"ListItem\",\"position\":2,\"name\":\"Online Shop\",\"item\":\"https:\/\/donbaraton.es\/en\/shop\/\"},{\"@type\":\"ListItem\",\"position\":3,\"name\":\"Large corner sofa with pouffe, pull-out bed, storage &#8211; Aruba\"}]},{\"@type\":\"WebSite\",\"@id\":\"https:\/\/donbaraton.es\/#website\",\"url\":\"https:\/\/donbaraton.es\/\",\"name\":\"Don Baraton: tienda de sof\u00e1s, muebles y colchones\",\"description\":\"Sofas baratos desde el almac\u00e9n en Almorad\u00ed, Alicante\",\"publisher\":{\"@id\":\"https:\/\/donbaraton.es\/#organization\"},\"potentialAction\":[{\"@type\":\"SearchAction\",\"target\":{\"@type\":\"EntryPoint\",\"urlTemplate\":\"https:\/\/donbaraton.es\/?s={search_term_string}\"},\"query-input\":{\"@type\":\"PropertyValueSpecification\",\"valueRequired\":true,\"valueName\":\"search_term_string\"}}],\"inLanguage\":\"en-GB\"},{\"@type\":\"Organization\",\"@id\":\"https:\/\/donbaraton.es\/#organization\",\"name\":\"Don Baraton\",\"url\":\"https:\/\/donbaraton.es\/\",\"logo\":{\"@type\":\"ImageObject\",\"inLanguage\":\"en-GB\",\"@id\":\"https:\/\/donbaraton.es\/#\/schema\/logo\/image\/\",\"url\":\"https:\/\/i0.wp.com\/donbaraton.es\/wp-content\/uploads\/2016\/11\/logo_don_baraton.png?fit=228%2C110&ssl=1\",\"contentUrl\":\"https:\/\/i0.wp.com\/donbaraton.es\/wp-content\/uploads\/2016\/11\/logo_don_baraton.png?fit=228%2C110&ssl=1\",\"width\":228,\"height\":110,\"caption\":\"Don Baraton\"},\"image\":{\"@id\":\"https:\/\/donbaraton.es\/#\/schema\/logo\/image\/\"},\"sameAs\":[\"https:\/\/www.facebook.com\/donbaraton.es\",\"https:\/\/x.com\/don_baraton\",\"https:\/\/www.instagram.com\/donbaraton.es\",\"https:\/\/www.linkedin.com\/company\/donbaraton\/\",\"https:\/\/es.pinterest.com\/donbaraton\/\",\"https:\/\/www.youtube.com\/channel\/UCL02HOwx-F759Jq5MedAZfQ\"]}]}<\/script>\n<!-- \/ Yoast SEO plugin. -->","yoast_head_json":{"title":"Large corner sofa with pouffe, pull-out bed, storage - Aruba - Don Baraton: tienda de sof\u00e1s, muebles y colchones","robots":{"index":"index","follow":"follow","max-snippet":"max-snippet:-1","max-image-preview":"max-image-preview:large","max-video-preview":"max-video-preview:-1"},"canonical":"https:\/\/donbaraton.es\/en\/p\/corner-sofa-pouffe-pull-out-bed-storage-aruba\/","og_locale":"en_GB","og_type":"article","og_title":"Large corner sofa with pouffe, pull-out bed, storage - Aruba - Don Baraton: tienda de sof\u00e1s, muebles y colchones","og_description":"Spacious double bed - 150 x 245 cm  2 storage compartments under the seats  Pouffe with storage  5 cushions with removable\/washable covers  Side storage in armrest (minibar)  Highly resilient PU foam  Corrugated springs  Dimensions: length 305 and 205 cm (corner), height 90 cm","og_url":"https:\/\/donbaraton.es\/en\/p\/corner-sofa-pouffe-pull-out-bed-storage-aruba\/","og_site_name":"Don Baraton: tienda de sof\u00e1s, muebles y colchones","article_publisher":"https:\/\/www.facebook.com\/donbaraton.es","article_modified_time":"2022-12-09T19:41:24+00:00","og_image":[{"width":1000,"height":633,"url":"https:\/\/i2.wp.com\/donbaraton.es\/wp-content\/uploads\/2019\/02\/Sof\u00e1-rinconera-con-cama-puf-caj\u00f3n-lateral-minibar-y-2-arcones.-Color-gris-s\u00f3lido.-Esquina-lado-derecho-Aruba.jpg?fit=1000%2C633&ssl=1","type":"image\/jpeg"}],"twitter_card":"summary_large_image","twitter_site":"@don_baraton","twitter_misc":{"Estimated reading time":"1 minute"},"schema":{"@context":"https:\/\/schema.org","@graph":[{"@type":"WebPage","@id":"https:\/\/donbaraton.es\/en\/p\/corner-sofa-pouffe-pull-out-bed-storage-aruba\/","url":"https:\/\/donbaraton.es\/en\/p\/corner-sofa-pouffe-pull-out-bed-storage-aruba\/","name":"Large corner sofa with pouffe, pull-out bed, storage - Aruba - Don Baraton: tienda de sof\u00e1s, muebles y colchones","isPartOf":{"@id":"https:\/\/donbaraton.es\/#website"},"primaryImageOfPage":{"@id":"https:\/\/donbaraton.es\/en\/p\/corner-sofa-pouffe-pull-out-bed-storage-aruba\/#primaryimage"},"image":{"@id":"https:\/\/donbaraton.es\/en\/p\/corner-sofa-pouffe-pull-out-bed-storage-aruba\/#primaryimage"},"thumbnailUrl":"https:\/\/donbaraton.es\/wp-content\/uploads\/2019\/02\/Sof\u00e1-rinconera-con-cama-puf-caj\u00f3n-lateral-minibar-y-2-arcones.-Color-gris-s\u00f3lido.-Esquina-lado-derecho-Aruba.jpg","datePublished":"2017-12-12T04:39:32+00:00","dateModified":"2022-12-09T19:41:24+00:00","breadcrumb":{"@id":"https:\/\/donbaraton.es\/en\/p\/corner-sofa-pouffe-pull-out-bed-storage-aruba\/#breadcrumb"},"inLanguage":"en-GB","potentialAction":[{"@type":"ReadAction","target":["https:\/\/donbaraton.es\/en\/p\/corner-sofa-pouffe-pull-out-bed-storage-aruba\/"]}]},{"@type":"ImageObject","inLanguage":"en-GB","@id":"https:\/\/donbaraton.es\/en\/p\/corner-sofa-pouffe-pull-out-bed-storage-aruba\/#primaryimage","url":"https:\/\/donbaraton.es\/wp-content\/uploads\/2019\/02\/Sof\u00e1-rinconera-con-cama-puf-caj\u00f3n-lateral-minibar-y-2-arcones.-Color-gris-s\u00f3lido.-Esquina-lado-derecho-Aruba.jpg","contentUrl":"https:\/\/donbaraton.es\/wp-content\/uploads\/2019\/02\/Sof\u00e1-rinconera-con-cama-puf-caj\u00f3n-lateral-minibar-y-2-arcones.-Color-gris-s\u00f3lido.-Esquina-lado-derecho-Aruba.jpg","width":1000,"height":633,"caption":"Corner Sofa with Folding Bed, Pouffe, 2 Storage Compartments. Grey Fabric All-over. Corner on the Right \u2013 Aruba"},{"@type":"BreadcrumbList","@id":"https:\/\/donbaraton.es\/en\/p\/corner-sofa-pouffe-pull-out-bed-storage-aruba\/#breadcrumb","itemListElement":[{"@type":"ListItem","position":1,"name":"Portada","item":"https:\/\/donbaraton.es\/en\/"},{"@type":"ListItem","position":2,"name":"Online Shop","item":"https:\/\/donbaraton.es\/en\/shop\/"},{"@type":"ListItem","position":3,"name":"Large corner sofa with pouffe, pull-out bed, storage &#8211; Aruba"}]},{"@type":"WebSite","@id":"https:\/\/donbaraton.es\/#website","url":"https:\/\/donbaraton.es\/","name":"Don Baraton: tienda de sof\u00e1s, muebles y colchones","description":"Sofas baratos desde el almac\u00e9n en Almorad\u00ed, Alicante","publisher":{"@id":"https:\/\/donbaraton.es\/#organization"},"potentialAction":[{"@type":"SearchAction","target":{"@type":"EntryPoint","urlTemplate":"https:\/\/donbaraton.es\/?s={search_term_string}"},"query-input":{"@type":"PropertyValueSpecification","valueRequired":true,"valueName":"search_term_string"}}],"inLanguage":"en-GB"},{"@type":"Organization","@id":"https:\/\/donbaraton.es\/#organization","name":"Don Baraton","url":"https:\/\/donbaraton.es\/","logo":{"@type":"ImageObject","inLanguage":"en-GB","@id":"https:\/\/donbaraton.es\/#\/schema\/logo\/image\/","url":"https:\/\/i0.wp.com\/donbaraton.es\/wp-content\/uploads\/2016\/11\/logo_don_baraton.png?fit=228%2C110&ssl=1","contentUrl":"https:\/\/i0.wp.com\/donbaraton.es\/wp-content\/uploads\/2016\/11\/logo_don_baraton.png?fit=228%2C110&ssl=1","width":228,"height":110,"caption":"Don Baraton"},"image":{"@id":"https:\/\/donbaraton.es\/#\/schema\/logo\/image\/"},"sameAs":["https:\/\/www.facebook.com\/donbaraton.es","https:\/\/x.com\/don_baraton","https:\/\/www.instagram.com\/donbaraton.es","https:\/\/www.linkedin.com\/company\/donbaraton\/","https:\/\/es.pinterest.com\/donbaraton\/","https:\/\/www.youtube.com\/channel\/UCL02HOwx-F759Jq5MedAZfQ"]}]}},"_links":{"self":[{"href":"https:\/\/donbaraton.es\/en\/wp-json\/wp\/v2\/product\/7366","targetHints":{"allow":["GET"]}}],"collection":[{"href":"https:\/\/donbaraton.es\/en\/wp-json\/wp\/v2\/product"}],"about":[{"href":"https:\/\/donbaraton.es\/en\/wp-json\/wp\/v2\/types\/product"}],"replies":[{"embeddable":true,"href":"https:\/\/donbaraton.es\/en\/wp-json\/wp\/v2\/comments?post=7366"}],"wp:featuredmedia":[{"embeddable":true,"href":"https:\/\/donbaraton.es\/en\/wp-json\/wp\/v2\/media\/13921"}],"wp:attachment":[{"href":"https:\/\/donbaraton.es\/en\/wp-json\/wp\/v2\/media?parent=7366"}],"wp:term":[{"taxonomy":"product_brand","embeddable":true,"href":"https:\/\/donbaraton.es\/en\/wp-json\/wp\/v2\/product_brand?post=7366"},{"taxonomy":"product_cat","embeddable":true,"href":"https:\/\/donbaraton.es\/en\/wp-json\/wp\/v2\/product_cat?post=7366"},{"taxonomy":"product_tag","embeddable":true,"href":"https:\/\/donbaraton.es\/en\/wp-json\/wp\/v2\/product_tag?post=7366"}],"curies":[{"name":"wp","href":"https:\/\/api.w.org\/{rel}","templated":true}]}}