{"id":7375,"date":"2017-12-12T05:57:15","date_gmt":"2017-12-12T04:57:15","guid":{"rendered":"https:\/\/donbaraton.es\/producto\/uncategorized\/chaise-longue-sofa-bed-bahamas\/"},"modified":"2017-12-13T02:55:10","modified_gmt":"2017-12-13T01:55:10","slug":"chaise-longue-sofa-bed-bahamas","status":"publish","type":"product","link":"https:\/\/donbaraton.es\/en\/p\/chaise-longue-sofa-bed-bahamas\/","title":{"rendered":"Grey Chaise Longue Sofa Bed &#8211; Bahamas"},"content":{"rendered":"<p>This modern, spacious and comfortable chaise longue sofa will satisfy the most demanding clients. The seat of the sofa is filled with high resilience (HR) foam providing better body support, comfort, elasticity and flexibility<\/p>\n<p><strong>Dimensions:<\/strong> length 285 cm, length of the chaise longue 165 cm, depth 95 cm, height 90 cm. dimensions of the bed: 220 x 140 cm<\/p>\n<ul>\n<li>Grey fabric<\/li>\n<li>High-grade materials<\/li>\n<li>Spacious pull-out bed<\/li>\n<li>Modern design<\/li>\n<li>Bedding storage container beneath the chaise longue<\/li>\n<li>Three large cushions<\/li>\n<li>Upholstered outer backrest (free standing sofa)<\/li>\n<li>Steel Corrugated springs<\/li>\n<\/ul>\n","protected":false},"excerpt":{"rendered":"<p>This modern, spacious and comfortable chaise longue sofa will satisfy the most demanding clients.<\/p>\n","protected":false},"featured_media":7380,"comment_status":"open","ping_status":"closed","template":"","meta":{"_et_pb_use_builder":"","_et_pb_old_content":"","_et_gb_content_width":""},"product_brand":[],"product_cat":[43,45,35],"product_tag":[],"class_list":{"0":"post-7375","1":"product","2":"type-product","3":"status-publish","4":"has-post-thumbnail","6":"product_cat-sofa-beds-chaise-longue","7":"product_cat-chaise-longue-sofas","8":"product_cat-sofas-en","9":"product_shipping_class-articulos-pesados","10":"pa_lado-right","11":"pa_largo-sofas-251-300-cm-en","12":"pa_material-fabric","13":"pa_plazas-3-seater-sofas","15":"first","16":"outofstock","17":"sale","18":"taxable","19":"shipping-taxable","20":"purchasable","21":"product-type-simple"},"yoast_head":"<!-- This site is optimized with the Yoast SEO plugin v27.2 - https:\/\/yoast.com\/product\/yoast-seo-wordpress\/ -->\n<title>Grey Chaise Longue Sofa Bed - Bahamas - Don Baraton: tienda de sof\u00e1s, muebles y colchones<\/title>\n<meta name=\"robots\" content=\"index, follow, max-snippet:-1, max-image-preview:large, max-video-preview:-1\" \/>\n<link rel=\"canonical\" href=\"https:\/\/donbaraton.es\/en\/p\/chaise-longue-sofa-bed-bahamas\/\" \/>\n<meta property=\"og:locale\" content=\"en_GB\" \/>\n<meta property=\"og:type\" content=\"article\" \/>\n<meta property=\"og:title\" content=\"Grey Chaise Longue Sofa Bed - Bahamas - Don Baraton: tienda de sof\u00e1s, muebles y colchones\" \/>\n<meta property=\"og:description\" content=\"This modern, spacious and comfortable chaise longue sofa will satisfy the most demanding clients.\" \/>\n<meta property=\"og:url\" content=\"https:\/\/donbaraton.es\/en\/p\/chaise-longue-sofa-bed-bahamas\/\" \/>\n<meta property=\"og:site_name\" content=\"Don Baraton: tienda de sof\u00e1s, muebles y colchones\" \/>\n<meta property=\"article:publisher\" content=\"https:\/\/www.facebook.com\/donbaraton.es\" \/>\n<meta property=\"article:modified_time\" content=\"2017-12-13T01:55:10+00:00\" \/>\n<meta property=\"og:image\" content=\"https:\/\/i1.wp.com\/donbaraton.es\/wp-content\/uploads\/2017\/12\/Sof\u00e1-Chaise-Longue-Derecha-Cama-Gris-Bahamas.jpg?fit=1024%2C591&ssl=1\" \/>\n\t<meta property=\"og:image:width\" content=\"1024\" \/>\n\t<meta property=\"og:image:height\" content=\"591\" \/>\n\t<meta property=\"og:image:type\" content=\"image\/jpeg\" \/>\n<meta name=\"twitter:card\" content=\"summary_large_image\" \/>\n<meta name=\"twitter:site\" content=\"@don_baraton\" \/>\n<script type=\"application\/ld+json\" class=\"yoast-schema-graph\">{\"@context\":\"https:\/\/schema.org\",\"@graph\":[{\"@type\":\"WebPage\",\"@id\":\"https:\/\/donbaraton.es\/en\/p\/chaise-longue-sofa-bed-bahamas\/\",\"url\":\"https:\/\/donbaraton.es\/en\/p\/chaise-longue-sofa-bed-bahamas\/\",\"name\":\"Grey Chaise Longue Sofa Bed - Bahamas - Don Baraton: tienda de sof\u00e1s, muebles y colchones\",\"isPartOf\":{\"@id\":\"https:\/\/donbaraton.es\/#website\"},\"primaryImageOfPage\":{\"@id\":\"https:\/\/donbaraton.es\/en\/p\/chaise-longue-sofa-bed-bahamas\/#primaryimage\"},\"image\":{\"@id\":\"https:\/\/donbaraton.es\/en\/p\/chaise-longue-sofa-bed-bahamas\/#primaryimage\"},\"thumbnailUrl\":\"https:\/\/donbaraton.es\/wp-content\/uploads\/2017\/12\/Sof\u00e1-Chaise-Longue-Derecha-Cama-Gris-Bahamas.jpg\",\"datePublished\":\"2017-12-12T04:57:15+00:00\",\"dateModified\":\"2017-12-13T01:55:10+00:00\",\"breadcrumb\":{\"@id\":\"https:\/\/donbaraton.es\/en\/p\/chaise-longue-sofa-bed-bahamas\/#breadcrumb\"},\"inLanguage\":\"en-GB\",\"potentialAction\":[{\"@type\":\"ReadAction\",\"target\":[\"https:\/\/donbaraton.es\/en\/p\/chaise-longue-sofa-bed-bahamas\/\"]}]},{\"@type\":\"ImageObject\",\"inLanguage\":\"en-GB\",\"@id\":\"https:\/\/donbaraton.es\/en\/p\/chaise-longue-sofa-bed-bahamas\/#primaryimage\",\"url\":\"https:\/\/donbaraton.es\/wp-content\/uploads\/2017\/12\/Sof\u00e1-Chaise-Longue-Derecha-Cama-Gris-Bahamas.jpg\",\"contentUrl\":\"https:\/\/donbaraton.es\/wp-content\/uploads\/2017\/12\/Sof\u00e1-Chaise-Longue-Derecha-Cama-Gris-Bahamas.jpg\",\"width\":1024,\"height\":591,\"caption\":\"Grey Chaise Longue Sofa Bed (Right Corner) - Bahamas\"},{\"@type\":\"BreadcrumbList\",\"@id\":\"https:\/\/donbaraton.es\/en\/p\/chaise-longue-sofa-bed-bahamas\/#breadcrumb\",\"itemListElement\":[{\"@type\":\"ListItem\",\"position\":1,\"name\":\"Portada\",\"item\":\"https:\/\/donbaraton.es\/en\/\"},{\"@type\":\"ListItem\",\"position\":2,\"name\":\"Online Shop\",\"item\":\"https:\/\/donbaraton.es\/en\/shop\/\"},{\"@type\":\"ListItem\",\"position\":3,\"name\":\"Grey Chaise Longue Sofa Bed &#8211; Bahamas\"}]},{\"@type\":\"WebSite\",\"@id\":\"https:\/\/donbaraton.es\/#website\",\"url\":\"https:\/\/donbaraton.es\/\",\"name\":\"Don Baraton: tienda de sof\u00e1s, muebles y colchones\",\"description\":\"Sofas baratos desde el almac\u00e9n en Almorad\u00ed, Alicante\",\"publisher\":{\"@id\":\"https:\/\/donbaraton.es\/#organization\"},\"potentialAction\":[{\"@type\":\"SearchAction\",\"target\":{\"@type\":\"EntryPoint\",\"urlTemplate\":\"https:\/\/donbaraton.es\/?s={search_term_string}\"},\"query-input\":{\"@type\":\"PropertyValueSpecification\",\"valueRequired\":true,\"valueName\":\"search_term_string\"}}],\"inLanguage\":\"en-GB\"},{\"@type\":\"Organization\",\"@id\":\"https:\/\/donbaraton.es\/#organization\",\"name\":\"Don Baraton\",\"url\":\"https:\/\/donbaraton.es\/\",\"logo\":{\"@type\":\"ImageObject\",\"inLanguage\":\"en-GB\",\"@id\":\"https:\/\/donbaraton.es\/#\/schema\/logo\/image\/\",\"url\":\"https:\/\/i0.wp.com\/donbaraton.es\/wp-content\/uploads\/2016\/11\/logo_don_baraton.png?fit=228%2C110&ssl=1\",\"contentUrl\":\"https:\/\/i0.wp.com\/donbaraton.es\/wp-content\/uploads\/2016\/11\/logo_don_baraton.png?fit=228%2C110&ssl=1\",\"width\":228,\"height\":110,\"caption\":\"Don Baraton\"},\"image\":{\"@id\":\"https:\/\/donbaraton.es\/#\/schema\/logo\/image\/\"},\"sameAs\":[\"https:\/\/www.facebook.com\/donbaraton.es\",\"https:\/\/x.com\/don_baraton\",\"https:\/\/www.instagram.com\/donbaraton.es\",\"https:\/\/www.linkedin.com\/company\/donbaraton\/\",\"https:\/\/es.pinterest.com\/donbaraton\/\",\"https:\/\/www.youtube.com\/channel\/UCL02HOwx-F759Jq5MedAZfQ\"]}]}<\/script>\n<!-- \/ Yoast SEO plugin. -->","yoast_head_json":{"title":"Grey Chaise Longue Sofa Bed - Bahamas - Don Baraton: tienda de sof\u00e1s, muebles y colchones","robots":{"index":"index","follow":"follow","max-snippet":"max-snippet:-1","max-image-preview":"max-image-preview:large","max-video-preview":"max-video-preview:-1"},"canonical":"https:\/\/donbaraton.es\/en\/p\/chaise-longue-sofa-bed-bahamas\/","og_locale":"en_GB","og_type":"article","og_title":"Grey Chaise Longue Sofa Bed - Bahamas - Don Baraton: tienda de sof\u00e1s, muebles y colchones","og_description":"This modern, spacious and comfortable chaise longue sofa will satisfy the most demanding clients.","og_url":"https:\/\/donbaraton.es\/en\/p\/chaise-longue-sofa-bed-bahamas\/","og_site_name":"Don Baraton: tienda de sof\u00e1s, muebles y colchones","article_publisher":"https:\/\/www.facebook.com\/donbaraton.es","article_modified_time":"2017-12-13T01:55:10+00:00","og_image":[{"width":1024,"height":591,"url":"https:\/\/i1.wp.com\/donbaraton.es\/wp-content\/uploads\/2017\/12\/Sof\u00e1-Chaise-Longue-Derecha-Cama-Gris-Bahamas.jpg?fit=1024%2C591&ssl=1","type":"image\/jpeg"}],"twitter_card":"summary_large_image","twitter_site":"@don_baraton","schema":{"@context":"https:\/\/schema.org","@graph":[{"@type":"WebPage","@id":"https:\/\/donbaraton.es\/en\/p\/chaise-longue-sofa-bed-bahamas\/","url":"https:\/\/donbaraton.es\/en\/p\/chaise-longue-sofa-bed-bahamas\/","name":"Grey Chaise Longue Sofa Bed - Bahamas - Don Baraton: tienda de sof\u00e1s, muebles y colchones","isPartOf":{"@id":"https:\/\/donbaraton.es\/#website"},"primaryImageOfPage":{"@id":"https:\/\/donbaraton.es\/en\/p\/chaise-longue-sofa-bed-bahamas\/#primaryimage"},"image":{"@id":"https:\/\/donbaraton.es\/en\/p\/chaise-longue-sofa-bed-bahamas\/#primaryimage"},"thumbnailUrl":"https:\/\/donbaraton.es\/wp-content\/uploads\/2017\/12\/Sof\u00e1-Chaise-Longue-Derecha-Cama-Gris-Bahamas.jpg","datePublished":"2017-12-12T04:57:15+00:00","dateModified":"2017-12-13T01:55:10+00:00","breadcrumb":{"@id":"https:\/\/donbaraton.es\/en\/p\/chaise-longue-sofa-bed-bahamas\/#breadcrumb"},"inLanguage":"en-GB","potentialAction":[{"@type":"ReadAction","target":["https:\/\/donbaraton.es\/en\/p\/chaise-longue-sofa-bed-bahamas\/"]}]},{"@type":"ImageObject","inLanguage":"en-GB","@id":"https:\/\/donbaraton.es\/en\/p\/chaise-longue-sofa-bed-bahamas\/#primaryimage","url":"https:\/\/donbaraton.es\/wp-content\/uploads\/2017\/12\/Sof\u00e1-Chaise-Longue-Derecha-Cama-Gris-Bahamas.jpg","contentUrl":"https:\/\/donbaraton.es\/wp-content\/uploads\/2017\/12\/Sof\u00e1-Chaise-Longue-Derecha-Cama-Gris-Bahamas.jpg","width":1024,"height":591,"caption":"Grey Chaise Longue Sofa Bed (Right Corner) - Bahamas"},{"@type":"BreadcrumbList","@id":"https:\/\/donbaraton.es\/en\/p\/chaise-longue-sofa-bed-bahamas\/#breadcrumb","itemListElement":[{"@type":"ListItem","position":1,"name":"Portada","item":"https:\/\/donbaraton.es\/en\/"},{"@type":"ListItem","position":2,"name":"Online Shop","item":"https:\/\/donbaraton.es\/en\/shop\/"},{"@type":"ListItem","position":3,"name":"Grey Chaise Longue Sofa Bed &#8211; Bahamas"}]},{"@type":"WebSite","@id":"https:\/\/donbaraton.es\/#website","url":"https:\/\/donbaraton.es\/","name":"Don Baraton: tienda de sof\u00e1s, muebles y colchones","description":"Sofas baratos desde el almac\u00e9n en Almorad\u00ed, Alicante","publisher":{"@id":"https:\/\/donbaraton.es\/#organization"},"potentialAction":[{"@type":"SearchAction","target":{"@type":"EntryPoint","urlTemplate":"https:\/\/donbaraton.es\/?s={search_term_string}"},"query-input":{"@type":"PropertyValueSpecification","valueRequired":true,"valueName":"search_term_string"}}],"inLanguage":"en-GB"},{"@type":"Organization","@id":"https:\/\/donbaraton.es\/#organization","name":"Don Baraton","url":"https:\/\/donbaraton.es\/","logo":{"@type":"ImageObject","inLanguage":"en-GB","@id":"https:\/\/donbaraton.es\/#\/schema\/logo\/image\/","url":"https:\/\/i0.wp.com\/donbaraton.es\/wp-content\/uploads\/2016\/11\/logo_don_baraton.png?fit=228%2C110&ssl=1","contentUrl":"https:\/\/i0.wp.com\/donbaraton.es\/wp-content\/uploads\/2016\/11\/logo_don_baraton.png?fit=228%2C110&ssl=1","width":228,"height":110,"caption":"Don Baraton"},"image":{"@id":"https:\/\/donbaraton.es\/#\/schema\/logo\/image\/"},"sameAs":["https:\/\/www.facebook.com\/donbaraton.es","https:\/\/x.com\/don_baraton","https:\/\/www.instagram.com\/donbaraton.es","https:\/\/www.linkedin.com\/company\/donbaraton\/","https:\/\/es.pinterest.com\/donbaraton\/","https:\/\/www.youtube.com\/channel\/UCL02HOwx-F759Jq5MedAZfQ"]}]}},"_links":{"self":[{"href":"https:\/\/donbaraton.es\/en\/wp-json\/wp\/v2\/product\/7375","targetHints":{"allow":["GET"]}}],"collection":[{"href":"https:\/\/donbaraton.es\/en\/wp-json\/wp\/v2\/product"}],"about":[{"href":"https:\/\/donbaraton.es\/en\/wp-json\/wp\/v2\/types\/product"}],"replies":[{"embeddable":true,"href":"https:\/\/donbaraton.es\/en\/wp-json\/wp\/v2\/comments?post=7375"}],"wp:featuredmedia":[{"embeddable":true,"href":"https:\/\/donbaraton.es\/en\/wp-json\/wp\/v2\/media\/7380"}],"wp:attachment":[{"href":"https:\/\/donbaraton.es\/en\/wp-json\/wp\/v2\/media?parent=7375"}],"wp:term":[{"taxonomy":"product_brand","embeddable":true,"href":"https:\/\/donbaraton.es\/en\/wp-json\/wp\/v2\/product_brand?post=7375"},{"taxonomy":"product_cat","embeddable":true,"href":"https:\/\/donbaraton.es\/en\/wp-json\/wp\/v2\/product_cat?post=7375"},{"taxonomy":"product_tag","embeddable":true,"href":"https:\/\/donbaraton.es\/en\/wp-json\/wp\/v2\/product_tag?post=7375"}],"curies":[{"name":"wp","href":"https:\/\/api.w.org\/{rel}","templated":true}]}}