{"id":8177,"date":"2018-01-12T05:15:13","date_gmt":"2018-01-12T04:15:13","guid":{"rendered":"https:\/\/donbaraton.es\/producto\/uncategorized\/large-ex-display-real-leather-sofa-dylan\/"},"modified":"2019-11-26T15:12:04","modified_gmt":"2019-11-26T14:12:04","slug":"large-ex-display-real-leather-sofa-dylan","status":"publish","type":"product","link":"https:\/\/donbaraton.es\/en\/p\/large-ex-display-real-leather-sofa-dylan\/","title":{"rendered":"Large Ex Display U-shaped Real Leather Sofa &#8211; Dylan"},"content":{"rendered":"<p>This sofa is out of stock and it will not arrive again. Please check another <a href=\"https:\/\/donbaraton.es\/en\/p\/u-shaped-sofa-real-leather-chicago\/\"><span style=\"color: #ff0000;\"><strong>real leather U-shaped sofa HERE.<\/strong><\/span><\/a><\/p>\n<p><strong>Large u-shaped corner sofa &#8211; Dylan.\u00a0<\/strong><\/p>\n<p>Ex display product with defects on the leather (see photos and video). Real grey leather. Dimensions: length 300 cm, length of the right side chaise longue 200 cm, length of the left side corner &#8211; 260 cm, height 85 cm (excluding headrests), height 100 cm (including headrests).<\/p>\n<p>This sofa is out of stock and it will not arrive again. Please check a <a href=\"\/?p=8813\"><span style=\"color: #ff0000;\"><strong>fabric U-shaped sofa HERE<\/strong><\/span><\/a>.<\/p>\n<p><iframe loading=\"lazy\" src=\"https:\/\/www.youtube.com\/embed\/n4nuRfFty9s?rel=0\" width=\"560\" height=\"315\" frameborder=\"0\" allowfullscreen=\"allowfullscreen\"><\/iframe><\/p>\n","protected":false},"excerpt":{"rendered":"<p>This sofa is out of stock and it will not arrive again. Please check another <a href=\"https:\/\/donbaraton.es\/en\/p\/u-shaped-sofa-real-leather-chicago\/\"><span style=\"color: #ff0000;\"><strong>real leather U-shaped sofa HERE.<\/strong><\/span><\/a><\/p>\n<p><strong>Large u-shaped corner sofa &#8211; Dylan.\u00a0<\/strong><\/p>\n<p>Ex display product with defects on the leather (see photos and video). Real grey leather.<\/p>\n<p><strong>Dimensions:<\/strong> length 300 cm, length of the right side chaise longue 200 cm, length of the left side corner &#8211; 260 cm, height 85 cm (excluding headrests), height 100 cm (including headrests).<\/p>\n","protected":false},"featured_media":8102,"comment_status":"closed","ping_status":"closed","template":"","meta":{"_et_pb_use_builder":"","_et_pb_old_content":"","_et_gb_content_width":""},"product_brand":[],"product_cat":[176],"product_tag":[],"class_list":{"0":"post-8177","1":"product","2":"type-product","3":"status-publish","4":"has-post-thumbnail","6":"product_cat-cheaper","7":"product_shipping_class-articulos-pesados","8":"pa_largo-sofas-251-300-cm-en","9":"pa_material-leather","10":"pa_plazas-large-sofas","12":"first","13":"outofstock","14":"sale","15":"taxable","16":"shipping-taxable","17":"purchasable","18":"product-type-simple"},"yoast_head":"<!-- This site is optimized with the Yoast SEO plugin v27.2 - https:\/\/yoast.com\/product\/yoast-seo-wordpress\/ -->\n<title>Large Ex Display U-shaped Real Leather Sofa - Dylan - Don Baraton: tienda de sof\u00e1s, muebles y colchones<\/title>\n<meta name=\"robots\" content=\"index, follow, max-snippet:-1, max-image-preview:large, max-video-preview:-1\" \/>\n<link rel=\"canonical\" href=\"https:\/\/donbaraton.es\/en\/p\/large-ex-display-real-leather-sofa-dylan\/\" \/>\n<meta property=\"og:locale\" content=\"en_GB\" \/>\n<meta property=\"og:type\" content=\"article\" \/>\n<meta property=\"og:title\" content=\"Large Ex Display U-shaped Real Leather Sofa - Dylan - Don Baraton: tienda de sof\u00e1s, muebles y colchones\" \/>\n<meta property=\"og:description\" content=\"This sofa is out of stock and it will not arrive again. Please check another real leather U-shaped sofa HERE.  Large u-shaped corner sofa - Dylan.\u00a0  Ex display product with defects on the leather (see photos and video). Real grey leather.  Dimensions: length 300 cm, length of the right side chaise longue 200 cm, length of the left side corner - 260 cm, height 85 cm (excluding headrests), height 100 cm (including headrests).\" \/>\n<meta property=\"og:url\" content=\"https:\/\/donbaraton.es\/en\/p\/large-ex-display-real-leather-sofa-dylan\/\" \/>\n<meta property=\"og:site_name\" content=\"Don Baraton: tienda de sof\u00e1s, muebles y colchones\" \/>\n<meta property=\"article:publisher\" content=\"https:\/\/www.facebook.com\/donbaraton.es\" \/>\n<meta property=\"article:modified_time\" content=\"2019-11-26T14:12:04+00:00\" \/>\n<meta property=\"og:image\" content=\"https:\/\/i0.wp.com\/donbaraton.es\/wp-content\/uploads\/2018\/01\/Sof\u00e1-rinconera-grande-en-U-de-piel-autentica-de-color-gris-\u2013-Dylan.jpg?fit=1000%2C698&ssl=1\" \/>\n\t<meta property=\"og:image:width\" content=\"1000\" \/>\n\t<meta property=\"og:image:height\" content=\"698\" \/>\n\t<meta property=\"og:image:type\" content=\"image\/jpeg\" \/>\n<meta name=\"twitter:card\" content=\"summary_large_image\" \/>\n<meta name=\"twitter:site\" content=\"@don_baraton\" \/>\n<script type=\"application\/ld+json\" class=\"yoast-schema-graph\">{\"@context\":\"https:\/\/schema.org\",\"@graph\":[{\"@type\":\"WebPage\",\"@id\":\"https:\/\/donbaraton.es\/en\/p\/large-ex-display-real-leather-sofa-dylan\/\",\"url\":\"https:\/\/donbaraton.es\/en\/p\/large-ex-display-real-leather-sofa-dylan\/\",\"name\":\"Large Ex Display U-shaped Real Leather Sofa - Dylan - Don Baraton: tienda de sof\u00e1s, muebles y colchones\",\"isPartOf\":{\"@id\":\"https:\/\/donbaraton.es\/#website\"},\"primaryImageOfPage\":{\"@id\":\"https:\/\/donbaraton.es\/en\/p\/large-ex-display-real-leather-sofa-dylan\/#primaryimage\"},\"image\":{\"@id\":\"https:\/\/donbaraton.es\/en\/p\/large-ex-display-real-leather-sofa-dylan\/#primaryimage\"},\"thumbnailUrl\":\"https:\/\/donbaraton.es\/wp-content\/uploads\/2018\/01\/Sof\u00e1-rinconera-grande-en-U-de-piel-autentica-de-color-gris-\u2013-Dylan.jpg\",\"datePublished\":\"2018-01-12T04:15:13+00:00\",\"dateModified\":\"2019-11-26T14:12:04+00:00\",\"breadcrumb\":{\"@id\":\"https:\/\/donbaraton.es\/en\/p\/large-ex-display-real-leather-sofa-dylan\/#breadcrumb\"},\"inLanguage\":\"en-GB\",\"potentialAction\":[{\"@type\":\"ReadAction\",\"target\":[\"https:\/\/donbaraton.es\/en\/p\/large-ex-display-real-leather-sofa-dylan\/\"]}]},{\"@type\":\"ImageObject\",\"inLanguage\":\"en-GB\",\"@id\":\"https:\/\/donbaraton.es\/en\/p\/large-ex-display-real-leather-sofa-dylan\/#primaryimage\",\"url\":\"https:\/\/donbaraton.es\/wp-content\/uploads\/2018\/01\/Sof\u00e1-rinconera-grande-en-U-de-piel-autentica-de-color-gris-\u2013-Dylan.jpg\",\"contentUrl\":\"https:\/\/donbaraton.es\/wp-content\/uploads\/2018\/01\/Sof\u00e1-rinconera-grande-en-U-de-piel-autentica-de-color-gris-\u2013-Dylan.jpg\",\"width\":1000,\"height\":698,\"caption\":\"Large Ex Display U-shaped Real Leather Sofa - Dylan\"},{\"@type\":\"BreadcrumbList\",\"@id\":\"https:\/\/donbaraton.es\/en\/p\/large-ex-display-real-leather-sofa-dylan\/#breadcrumb\",\"itemListElement\":[{\"@type\":\"ListItem\",\"position\":1,\"name\":\"Portada\",\"item\":\"https:\/\/donbaraton.es\/en\/\"},{\"@type\":\"ListItem\",\"position\":2,\"name\":\"Online Shop\",\"item\":\"https:\/\/donbaraton.es\/en\/shop\/\"},{\"@type\":\"ListItem\",\"position\":3,\"name\":\"Large Ex Display U-shaped Real Leather Sofa &#8211; Dylan\"}]},{\"@type\":\"WebSite\",\"@id\":\"https:\/\/donbaraton.es\/#website\",\"url\":\"https:\/\/donbaraton.es\/\",\"name\":\"Don Baraton: tienda de sof\u00e1s, muebles y colchones\",\"description\":\"Sofas baratos desde el almac\u00e9n en Almorad\u00ed, Alicante\",\"publisher\":{\"@id\":\"https:\/\/donbaraton.es\/#organization\"},\"potentialAction\":[{\"@type\":\"SearchAction\",\"target\":{\"@type\":\"EntryPoint\",\"urlTemplate\":\"https:\/\/donbaraton.es\/?s={search_term_string}\"},\"query-input\":{\"@type\":\"PropertyValueSpecification\",\"valueRequired\":true,\"valueName\":\"search_term_string\"}}],\"inLanguage\":\"en-GB\"},{\"@type\":\"Organization\",\"@id\":\"https:\/\/donbaraton.es\/#organization\",\"name\":\"Don Baraton\",\"url\":\"https:\/\/donbaraton.es\/\",\"logo\":{\"@type\":\"ImageObject\",\"inLanguage\":\"en-GB\",\"@id\":\"https:\/\/donbaraton.es\/#\/schema\/logo\/image\/\",\"url\":\"https:\/\/i0.wp.com\/donbaraton.es\/wp-content\/uploads\/2016\/11\/logo_don_baraton.png?fit=228%2C110&ssl=1\",\"contentUrl\":\"https:\/\/i0.wp.com\/donbaraton.es\/wp-content\/uploads\/2016\/11\/logo_don_baraton.png?fit=228%2C110&ssl=1\",\"width\":228,\"height\":110,\"caption\":\"Don Baraton\"},\"image\":{\"@id\":\"https:\/\/donbaraton.es\/#\/schema\/logo\/image\/\"},\"sameAs\":[\"https:\/\/www.facebook.com\/donbaraton.es\",\"https:\/\/x.com\/don_baraton\",\"https:\/\/www.instagram.com\/donbaraton.es\",\"https:\/\/www.linkedin.com\/company\/donbaraton\/\",\"https:\/\/es.pinterest.com\/donbaraton\/\",\"https:\/\/www.youtube.com\/channel\/UCL02HOwx-F759Jq5MedAZfQ\"]}]}<\/script>\n<!-- \/ Yoast SEO plugin. -->","yoast_head_json":{"title":"Large Ex Display U-shaped Real Leather Sofa - Dylan - Don Baraton: tienda de sof\u00e1s, muebles y colchones","robots":{"index":"index","follow":"follow","max-snippet":"max-snippet:-1","max-image-preview":"max-image-preview:large","max-video-preview":"max-video-preview:-1"},"canonical":"https:\/\/donbaraton.es\/en\/p\/large-ex-display-real-leather-sofa-dylan\/","og_locale":"en_GB","og_type":"article","og_title":"Large Ex Display U-shaped Real Leather Sofa - Dylan - Don Baraton: tienda de sof\u00e1s, muebles y colchones","og_description":"This sofa is out of stock and it will not arrive again. Please check another real leather U-shaped sofa HERE.  Large u-shaped corner sofa - Dylan.\u00a0  Ex display product with defects on the leather (see photos and video). Real grey leather.  Dimensions: length 300 cm, length of the right side chaise longue 200 cm, length of the left side corner - 260 cm, height 85 cm (excluding headrests), height 100 cm (including headrests).","og_url":"https:\/\/donbaraton.es\/en\/p\/large-ex-display-real-leather-sofa-dylan\/","og_site_name":"Don Baraton: tienda de sof\u00e1s, muebles y colchones","article_publisher":"https:\/\/www.facebook.com\/donbaraton.es","article_modified_time":"2019-11-26T14:12:04+00:00","og_image":[{"width":1000,"height":698,"url":"https:\/\/i0.wp.com\/donbaraton.es\/wp-content\/uploads\/2018\/01\/Sof\u00e1-rinconera-grande-en-U-de-piel-autentica-de-color-gris-\u2013-Dylan.jpg?fit=1000%2C698&ssl=1","type":"image\/jpeg"}],"twitter_card":"summary_large_image","twitter_site":"@don_baraton","schema":{"@context":"https:\/\/schema.org","@graph":[{"@type":"WebPage","@id":"https:\/\/donbaraton.es\/en\/p\/large-ex-display-real-leather-sofa-dylan\/","url":"https:\/\/donbaraton.es\/en\/p\/large-ex-display-real-leather-sofa-dylan\/","name":"Large Ex Display U-shaped Real Leather Sofa - Dylan - Don Baraton: tienda de sof\u00e1s, muebles y colchones","isPartOf":{"@id":"https:\/\/donbaraton.es\/#website"},"primaryImageOfPage":{"@id":"https:\/\/donbaraton.es\/en\/p\/large-ex-display-real-leather-sofa-dylan\/#primaryimage"},"image":{"@id":"https:\/\/donbaraton.es\/en\/p\/large-ex-display-real-leather-sofa-dylan\/#primaryimage"},"thumbnailUrl":"https:\/\/donbaraton.es\/wp-content\/uploads\/2018\/01\/Sof\u00e1-rinconera-grande-en-U-de-piel-autentica-de-color-gris-\u2013-Dylan.jpg","datePublished":"2018-01-12T04:15:13+00:00","dateModified":"2019-11-26T14:12:04+00:00","breadcrumb":{"@id":"https:\/\/donbaraton.es\/en\/p\/large-ex-display-real-leather-sofa-dylan\/#breadcrumb"},"inLanguage":"en-GB","potentialAction":[{"@type":"ReadAction","target":["https:\/\/donbaraton.es\/en\/p\/large-ex-display-real-leather-sofa-dylan\/"]}]},{"@type":"ImageObject","inLanguage":"en-GB","@id":"https:\/\/donbaraton.es\/en\/p\/large-ex-display-real-leather-sofa-dylan\/#primaryimage","url":"https:\/\/donbaraton.es\/wp-content\/uploads\/2018\/01\/Sof\u00e1-rinconera-grande-en-U-de-piel-autentica-de-color-gris-\u2013-Dylan.jpg","contentUrl":"https:\/\/donbaraton.es\/wp-content\/uploads\/2018\/01\/Sof\u00e1-rinconera-grande-en-U-de-piel-autentica-de-color-gris-\u2013-Dylan.jpg","width":1000,"height":698,"caption":"Large Ex Display U-shaped Real Leather Sofa - Dylan"},{"@type":"BreadcrumbList","@id":"https:\/\/donbaraton.es\/en\/p\/large-ex-display-real-leather-sofa-dylan\/#breadcrumb","itemListElement":[{"@type":"ListItem","position":1,"name":"Portada","item":"https:\/\/donbaraton.es\/en\/"},{"@type":"ListItem","position":2,"name":"Online Shop","item":"https:\/\/donbaraton.es\/en\/shop\/"},{"@type":"ListItem","position":3,"name":"Large Ex Display U-shaped Real Leather Sofa &#8211; Dylan"}]},{"@type":"WebSite","@id":"https:\/\/donbaraton.es\/#website","url":"https:\/\/donbaraton.es\/","name":"Don Baraton: tienda de sof\u00e1s, muebles y colchones","description":"Sofas baratos desde el almac\u00e9n en Almorad\u00ed, Alicante","publisher":{"@id":"https:\/\/donbaraton.es\/#organization"},"potentialAction":[{"@type":"SearchAction","target":{"@type":"EntryPoint","urlTemplate":"https:\/\/donbaraton.es\/?s={search_term_string}"},"query-input":{"@type":"PropertyValueSpecification","valueRequired":true,"valueName":"search_term_string"}}],"inLanguage":"en-GB"},{"@type":"Organization","@id":"https:\/\/donbaraton.es\/#organization","name":"Don Baraton","url":"https:\/\/donbaraton.es\/","logo":{"@type":"ImageObject","inLanguage":"en-GB","@id":"https:\/\/donbaraton.es\/#\/schema\/logo\/image\/","url":"https:\/\/i0.wp.com\/donbaraton.es\/wp-content\/uploads\/2016\/11\/logo_don_baraton.png?fit=228%2C110&ssl=1","contentUrl":"https:\/\/i0.wp.com\/donbaraton.es\/wp-content\/uploads\/2016\/11\/logo_don_baraton.png?fit=228%2C110&ssl=1","width":228,"height":110,"caption":"Don Baraton"},"image":{"@id":"https:\/\/donbaraton.es\/#\/schema\/logo\/image\/"},"sameAs":["https:\/\/www.facebook.com\/donbaraton.es","https:\/\/x.com\/don_baraton","https:\/\/www.instagram.com\/donbaraton.es","https:\/\/www.linkedin.com\/company\/donbaraton\/","https:\/\/es.pinterest.com\/donbaraton\/","https:\/\/www.youtube.com\/channel\/UCL02HOwx-F759Jq5MedAZfQ"]}]}},"_links":{"self":[{"href":"https:\/\/donbaraton.es\/en\/wp-json\/wp\/v2\/product\/8177","targetHints":{"allow":["GET"]}}],"collection":[{"href":"https:\/\/donbaraton.es\/en\/wp-json\/wp\/v2\/product"}],"about":[{"href":"https:\/\/donbaraton.es\/en\/wp-json\/wp\/v2\/types\/product"}],"replies":[{"embeddable":true,"href":"https:\/\/donbaraton.es\/en\/wp-json\/wp\/v2\/comments?post=8177"}],"wp:featuredmedia":[{"embeddable":true,"href":"https:\/\/donbaraton.es\/en\/wp-json\/wp\/v2\/media\/8102"}],"wp:attachment":[{"href":"https:\/\/donbaraton.es\/en\/wp-json\/wp\/v2\/media?parent=8177"}],"wp:term":[{"taxonomy":"product_brand","embeddable":true,"href":"https:\/\/donbaraton.es\/en\/wp-json\/wp\/v2\/product_brand?post=8177"},{"taxonomy":"product_cat","embeddable":true,"href":"https:\/\/donbaraton.es\/en\/wp-json\/wp\/v2\/product_cat?post=8177"},{"taxonomy":"product_tag","embeddable":true,"href":"https:\/\/donbaraton.es\/en\/wp-json\/wp\/v2\/product_tag?post=8177"}],"curies":[{"name":"wp","href":"https:\/\/api.w.org\/{rel}","templated":true}]}}