{"id":8792,"date":"2019-10-04T17:16:38","date_gmt":"2018-02-03T01:10:38","guid":{"rendered":"https:\/\/donbaraton.es\/producto\/uncategorized\/chaise-longue-sofa-pull-out-bed-maldives\/"},"modified":"2020-07-27T18:26:24","modified_gmt":"2020-07-27T16:26:24","slug":"chaise-longue-sofa-pull-out-bed-maldives","status":"publish","type":"product","link":"https:\/\/donbaraton.es\/en\/p\/chaise-longue-sofa-pull-out-bed-maldives\/","title":{"rendered":"Minimalist Chaise Longue Sofa with Pull-out Bed and Storage &#8211; Maldives"},"content":{"rendered":"<p><strong>Minimalist Chaise Longue Sofa with Pull-out Bed and Storage &#8211; Maldives<\/strong><\/p>\n<p>Clean minimalist design without excessive details. Storage under the chaise longue will let you keep bedware out of sight. Four cushions upholstered in the colour as the sofa itself are included in the price. Chrome legs of the model emphasize the minimalstic design. The sofa is upholstered in a durable fabric, one colour all over. The model has a sturdy frame manufactured from solid wood and chipboard.<\/p>\n<p>Available colours:<\/p>\n<ul>\n<li>Dark grey fabric<\/li>\n<li>Light grey fabric<\/li>\n<li>Black fabric<\/li>\n<li>Beige fabric<\/li>\n<\/ul>\n<p><strong>Dimensions:<\/strong> length 263 cm, length of the chaise longue 178 cm, height 75 cm. <strong>Dimensions of the bed:<\/strong> 130 x 211 cm<\/p>\n","protected":false},"excerpt":{"rendered":"<ul>\n<li>Pull-out bed 130 x 211 cm<\/li>\n<li>Minimalist design<\/li>\n<li>4 cushions included<\/li>\n<li>Storage under the chaise longue<\/li>\n<li>Zig-zag springs<\/li>\n<li>Chrome legs<\/li>\n<\/ul>\n<p><strong>Dimensions:<\/strong> length 263 cm, chaise longue 178 cm, height 75 cm<\/p>\n","protected":false},"featured_media":22762,"comment_status":"open","ping_status":"closed","template":"","meta":{"_et_pb_use_builder":"off","_et_pb_old_content":"<strong>Sof\u00e1 chaise longue cama\u00a0de dise\u00f1o\u00a0contempor\u00e1neo - Maldives.<\/strong>Varios colores para elegir. Almacenaje para la ropa de cama.<em>\u00a0<\/em>4 cojines incluidos.\u00a0Patas met\u00e1licas.<strong>Medidas:<\/strong> largo 263 cm, largo de chaise longue 178 cm, alto 75 cm. <strong>Medidas de la cama:<\/strong> 211 x 130 cm","_et_gb_content_width":""},"product_brand":[],"product_cat":[43,45,41,35],"product_tag":[],"class_list":{"0":"post-8792","1":"product","2":"type-product","3":"status-publish","4":"has-post-thumbnail","6":"product_cat-sofa-beds-chaise-longue","7":"product_cat-chaise-longue-sofas","8":"product_cat-sofa-beds","9":"product_cat-sofas-en","10":"product_shipping_class-mas-de-20-kg-fabricacion-hasta-43-dias","11":"pa_lado-left","12":"pa_lado-right","13":"pa_largo-sofas-251-300-cm-en","14":"pa_material-fabric","15":"pa_muelles-sinuous-springs","16":"pa_plazas-3-seater-sofas","18":"first","19":"outofstock","20":"taxable","21":"shipping-taxable","22":"product-type-variable"},"yoast_head":"<!-- This site is optimized with the Yoast SEO plugin v27.2 - https:\/\/yoast.com\/product\/yoast-seo-wordpress\/ -->\n<title>Minimalist Chaise Longue Sofa with Pull-out Bed and Storage - Maldives - Don Baraton: tienda de sof\u00e1s, muebles y colchones<\/title>\n<meta name=\"robots\" content=\"index, follow, max-snippet:-1, max-image-preview:large, max-video-preview:-1\" \/>\n<link rel=\"canonical\" href=\"https:\/\/donbaraton.es\/en\/p\/chaise-longue-sofa-pull-out-bed-maldives\/\" \/>\n<meta property=\"og:locale\" content=\"en_GB\" \/>\n<meta property=\"og:type\" content=\"article\" \/>\n<meta property=\"og:title\" content=\"Minimalist Chaise Longue Sofa with Pull-out Bed and Storage - Maldives - Don Baraton: tienda de sof\u00e1s, muebles y colchones\" \/>\n<meta property=\"og:description\" content=\"Pull-out bed 130 x 211 cm  Minimalist design  4 cushions included  Storage under the chaise longue  Zig-zag springs  Chrome legs  Dimensions: length 263 cm, chaise longue 178 cm, height 75 cm\" \/>\n<meta property=\"og:url\" content=\"https:\/\/donbaraton.es\/en\/p\/chaise-longue-sofa-pull-out-bed-maldives\/\" \/>\n<meta property=\"og:site_name\" content=\"Don Baraton: tienda de sof\u00e1s, muebles y colchones\" \/>\n<meta property=\"article:publisher\" content=\"https:\/\/www.facebook.com\/donbaraton.es\" \/>\n<meta property=\"article:modified_time\" content=\"2020-07-27T16:26:24+00:00\" \/>\n<meta property=\"og:image\" content=\"https:\/\/i2.wp.com\/donbaraton.es\/wp-content\/uploads\/2020\/01\/Sof\u00e1-chaise-longue-cama-izquierda.-Tapizado-en-tela-negra-Maldives.jpg?fit=1000%2C593&ssl=1\" \/>\n\t<meta property=\"og:image:width\" content=\"1000\" \/>\n\t<meta property=\"og:image:height\" content=\"593\" \/>\n\t<meta property=\"og:image:type\" content=\"image\/jpeg\" \/>\n<meta name=\"twitter:card\" content=\"summary_large_image\" \/>\n<meta name=\"twitter:site\" content=\"@don_baraton\" \/>\n<meta name=\"twitter:label1\" content=\"Estimated reading time\" \/>\n\t<meta name=\"twitter:data1\" content=\"1 minute\" \/>\n<script type=\"application\/ld+json\" class=\"yoast-schema-graph\">{\"@context\":\"https:\/\/schema.org\",\"@graph\":[{\"@type\":\"WebPage\",\"@id\":\"https:\/\/donbaraton.es\/en\/p\/chaise-longue-sofa-pull-out-bed-maldives\/\",\"url\":\"https:\/\/donbaraton.es\/en\/p\/chaise-longue-sofa-pull-out-bed-maldives\/\",\"name\":\"Minimalist Chaise Longue Sofa with Pull-out Bed and Storage - Maldives - Don Baraton: tienda de sof\u00e1s, muebles y colchones\",\"isPartOf\":{\"@id\":\"https:\/\/donbaraton.es\/#website\"},\"primaryImageOfPage\":{\"@id\":\"https:\/\/donbaraton.es\/en\/p\/chaise-longue-sofa-pull-out-bed-maldives\/#primaryimage\"},\"image\":{\"@id\":\"https:\/\/donbaraton.es\/en\/p\/chaise-longue-sofa-pull-out-bed-maldives\/#primaryimage\"},\"thumbnailUrl\":\"https:\/\/donbaraton.es\/wp-content\/uploads\/2020\/01\/Sof\u00e1-chaise-longue-cama-izquierda.-Tapizado-en-tela-negra-Maldives.jpg\",\"datePublished\":\"2018-02-03T01:10:38+00:00\",\"dateModified\":\"2020-07-27T16:26:24+00:00\",\"breadcrumb\":{\"@id\":\"https:\/\/donbaraton.es\/en\/p\/chaise-longue-sofa-pull-out-bed-maldives\/#breadcrumb\"},\"inLanguage\":\"en-GB\",\"potentialAction\":[{\"@type\":\"ReadAction\",\"target\":[\"https:\/\/donbaraton.es\/en\/p\/chaise-longue-sofa-pull-out-bed-maldives\/\"]}]},{\"@type\":\"ImageObject\",\"inLanguage\":\"en-GB\",\"@id\":\"https:\/\/donbaraton.es\/en\/p\/chaise-longue-sofa-pull-out-bed-maldives\/#primaryimage\",\"url\":\"https:\/\/donbaraton.es\/wp-content\/uploads\/2020\/01\/Sof\u00e1-chaise-longue-cama-izquierda.-Tapizado-en-tela-negra-Maldives.jpg\",\"contentUrl\":\"https:\/\/donbaraton.es\/wp-content\/uploads\/2020\/01\/Sof\u00e1-chaise-longue-cama-izquierda.-Tapizado-en-tela-negra-Maldives.jpg\",\"width\":1000,\"height\":593,\"caption\":\"Black fabric minimalist chaise longue sofa bed (left corner) - Maldives\"},{\"@type\":\"BreadcrumbList\",\"@id\":\"https:\/\/donbaraton.es\/en\/p\/chaise-longue-sofa-pull-out-bed-maldives\/#breadcrumb\",\"itemListElement\":[{\"@type\":\"ListItem\",\"position\":1,\"name\":\"Portada\",\"item\":\"https:\/\/donbaraton.es\/en\/\"},{\"@type\":\"ListItem\",\"position\":2,\"name\":\"Online Shop\",\"item\":\"https:\/\/donbaraton.es\/en\/shop\/\"},{\"@type\":\"ListItem\",\"position\":3,\"name\":\"Minimalist Chaise Longue Sofa with Pull-out Bed and Storage &#8211; Maldives\"}]},{\"@type\":\"WebSite\",\"@id\":\"https:\/\/donbaraton.es\/#website\",\"url\":\"https:\/\/donbaraton.es\/\",\"name\":\"Don Baraton: tienda de sof\u00e1s, muebles y colchones\",\"description\":\"Sofas baratos desde el almac\u00e9n en Almorad\u00ed, Alicante\",\"publisher\":{\"@id\":\"https:\/\/donbaraton.es\/#organization\"},\"potentialAction\":[{\"@type\":\"SearchAction\",\"target\":{\"@type\":\"EntryPoint\",\"urlTemplate\":\"https:\/\/donbaraton.es\/?s={search_term_string}\"},\"query-input\":{\"@type\":\"PropertyValueSpecification\",\"valueRequired\":true,\"valueName\":\"search_term_string\"}}],\"inLanguage\":\"en-GB\"},{\"@type\":\"Organization\",\"@id\":\"https:\/\/donbaraton.es\/#organization\",\"name\":\"Don Baraton\",\"url\":\"https:\/\/donbaraton.es\/\",\"logo\":{\"@type\":\"ImageObject\",\"inLanguage\":\"en-GB\",\"@id\":\"https:\/\/donbaraton.es\/#\/schema\/logo\/image\/\",\"url\":\"https:\/\/i0.wp.com\/donbaraton.es\/wp-content\/uploads\/2016\/11\/logo_don_baraton.png?fit=228%2C110&ssl=1\",\"contentUrl\":\"https:\/\/i0.wp.com\/donbaraton.es\/wp-content\/uploads\/2016\/11\/logo_don_baraton.png?fit=228%2C110&ssl=1\",\"width\":228,\"height\":110,\"caption\":\"Don Baraton\"},\"image\":{\"@id\":\"https:\/\/donbaraton.es\/#\/schema\/logo\/image\/\"},\"sameAs\":[\"https:\/\/www.facebook.com\/donbaraton.es\",\"https:\/\/x.com\/don_baraton\",\"https:\/\/www.instagram.com\/donbaraton.es\",\"https:\/\/www.linkedin.com\/company\/donbaraton\/\",\"https:\/\/es.pinterest.com\/donbaraton\/\",\"https:\/\/www.youtube.com\/channel\/UCL02HOwx-F759Jq5MedAZfQ\"]}]}<\/script>\n<!-- \/ Yoast SEO plugin. -->","yoast_head_json":{"title":"Minimalist Chaise Longue Sofa with Pull-out Bed and Storage - Maldives - Don Baraton: tienda de sof\u00e1s, muebles y colchones","robots":{"index":"index","follow":"follow","max-snippet":"max-snippet:-1","max-image-preview":"max-image-preview:large","max-video-preview":"max-video-preview:-1"},"canonical":"https:\/\/donbaraton.es\/en\/p\/chaise-longue-sofa-pull-out-bed-maldives\/","og_locale":"en_GB","og_type":"article","og_title":"Minimalist Chaise Longue Sofa with Pull-out Bed and Storage - Maldives - Don Baraton: tienda de sof\u00e1s, muebles y colchones","og_description":"Pull-out bed 130 x 211 cm  Minimalist design  4 cushions included  Storage under the chaise longue  Zig-zag springs  Chrome legs  Dimensions: length 263 cm, chaise longue 178 cm, height 75 cm","og_url":"https:\/\/donbaraton.es\/en\/p\/chaise-longue-sofa-pull-out-bed-maldives\/","og_site_name":"Don Baraton: tienda de sof\u00e1s, muebles y colchones","article_publisher":"https:\/\/www.facebook.com\/donbaraton.es","article_modified_time":"2020-07-27T16:26:24+00:00","og_image":[{"width":1000,"height":593,"url":"https:\/\/i2.wp.com\/donbaraton.es\/wp-content\/uploads\/2020\/01\/Sof\u00e1-chaise-longue-cama-izquierda.-Tapizado-en-tela-negra-Maldives.jpg?fit=1000%2C593&ssl=1","type":"image\/jpeg"}],"twitter_card":"summary_large_image","twitter_site":"@don_baraton","twitter_misc":{"Estimated reading time":"1 minute"},"schema":{"@context":"https:\/\/schema.org","@graph":[{"@type":"WebPage","@id":"https:\/\/donbaraton.es\/en\/p\/chaise-longue-sofa-pull-out-bed-maldives\/","url":"https:\/\/donbaraton.es\/en\/p\/chaise-longue-sofa-pull-out-bed-maldives\/","name":"Minimalist Chaise Longue Sofa with Pull-out Bed and Storage - Maldives - Don Baraton: tienda de sof\u00e1s, muebles y colchones","isPartOf":{"@id":"https:\/\/donbaraton.es\/#website"},"primaryImageOfPage":{"@id":"https:\/\/donbaraton.es\/en\/p\/chaise-longue-sofa-pull-out-bed-maldives\/#primaryimage"},"image":{"@id":"https:\/\/donbaraton.es\/en\/p\/chaise-longue-sofa-pull-out-bed-maldives\/#primaryimage"},"thumbnailUrl":"https:\/\/donbaraton.es\/wp-content\/uploads\/2020\/01\/Sof\u00e1-chaise-longue-cama-izquierda.-Tapizado-en-tela-negra-Maldives.jpg","datePublished":"2018-02-03T01:10:38+00:00","dateModified":"2020-07-27T16:26:24+00:00","breadcrumb":{"@id":"https:\/\/donbaraton.es\/en\/p\/chaise-longue-sofa-pull-out-bed-maldives\/#breadcrumb"},"inLanguage":"en-GB","potentialAction":[{"@type":"ReadAction","target":["https:\/\/donbaraton.es\/en\/p\/chaise-longue-sofa-pull-out-bed-maldives\/"]}]},{"@type":"ImageObject","inLanguage":"en-GB","@id":"https:\/\/donbaraton.es\/en\/p\/chaise-longue-sofa-pull-out-bed-maldives\/#primaryimage","url":"https:\/\/donbaraton.es\/wp-content\/uploads\/2020\/01\/Sof\u00e1-chaise-longue-cama-izquierda.-Tapizado-en-tela-negra-Maldives.jpg","contentUrl":"https:\/\/donbaraton.es\/wp-content\/uploads\/2020\/01\/Sof\u00e1-chaise-longue-cama-izquierda.-Tapizado-en-tela-negra-Maldives.jpg","width":1000,"height":593,"caption":"Black fabric minimalist chaise longue sofa bed (left corner) - Maldives"},{"@type":"BreadcrumbList","@id":"https:\/\/donbaraton.es\/en\/p\/chaise-longue-sofa-pull-out-bed-maldives\/#breadcrumb","itemListElement":[{"@type":"ListItem","position":1,"name":"Portada","item":"https:\/\/donbaraton.es\/en\/"},{"@type":"ListItem","position":2,"name":"Online Shop","item":"https:\/\/donbaraton.es\/en\/shop\/"},{"@type":"ListItem","position":3,"name":"Minimalist Chaise Longue Sofa with Pull-out Bed and Storage &#8211; Maldives"}]},{"@type":"WebSite","@id":"https:\/\/donbaraton.es\/#website","url":"https:\/\/donbaraton.es\/","name":"Don Baraton: tienda de sof\u00e1s, muebles y colchones","description":"Sofas baratos desde el almac\u00e9n en Almorad\u00ed, Alicante","publisher":{"@id":"https:\/\/donbaraton.es\/#organization"},"potentialAction":[{"@type":"SearchAction","target":{"@type":"EntryPoint","urlTemplate":"https:\/\/donbaraton.es\/?s={search_term_string}"},"query-input":{"@type":"PropertyValueSpecification","valueRequired":true,"valueName":"search_term_string"}}],"inLanguage":"en-GB"},{"@type":"Organization","@id":"https:\/\/donbaraton.es\/#organization","name":"Don Baraton","url":"https:\/\/donbaraton.es\/","logo":{"@type":"ImageObject","inLanguage":"en-GB","@id":"https:\/\/donbaraton.es\/#\/schema\/logo\/image\/","url":"https:\/\/i0.wp.com\/donbaraton.es\/wp-content\/uploads\/2016\/11\/logo_don_baraton.png?fit=228%2C110&ssl=1","contentUrl":"https:\/\/i0.wp.com\/donbaraton.es\/wp-content\/uploads\/2016\/11\/logo_don_baraton.png?fit=228%2C110&ssl=1","width":228,"height":110,"caption":"Don Baraton"},"image":{"@id":"https:\/\/donbaraton.es\/#\/schema\/logo\/image\/"},"sameAs":["https:\/\/www.facebook.com\/donbaraton.es","https:\/\/x.com\/don_baraton","https:\/\/www.instagram.com\/donbaraton.es","https:\/\/www.linkedin.com\/company\/donbaraton\/","https:\/\/es.pinterest.com\/donbaraton\/","https:\/\/www.youtube.com\/channel\/UCL02HOwx-F759Jq5MedAZfQ"]}]}},"_links":{"self":[{"href":"https:\/\/donbaraton.es\/en\/wp-json\/wp\/v2\/product\/8792","targetHints":{"allow":["GET"]}}],"collection":[{"href":"https:\/\/donbaraton.es\/en\/wp-json\/wp\/v2\/product"}],"about":[{"href":"https:\/\/donbaraton.es\/en\/wp-json\/wp\/v2\/types\/product"}],"replies":[{"embeddable":true,"href":"https:\/\/donbaraton.es\/en\/wp-json\/wp\/v2\/comments?post=8792"}],"wp:featuredmedia":[{"embeddable":true,"href":"https:\/\/donbaraton.es\/en\/wp-json\/wp\/v2\/media\/22762"}],"wp:attachment":[{"href":"https:\/\/donbaraton.es\/en\/wp-json\/wp\/v2\/media?parent=8792"}],"wp:term":[{"taxonomy":"product_brand","embeddable":true,"href":"https:\/\/donbaraton.es\/en\/wp-json\/wp\/v2\/product_brand?post=8792"},{"taxonomy":"product_cat","embeddable":true,"href":"https:\/\/donbaraton.es\/en\/wp-json\/wp\/v2\/product_cat?post=8792"},{"taxonomy":"product_tag","embeddable":true,"href":"https:\/\/donbaraton.es\/en\/wp-json\/wp\/v2\/product_tag?post=8792"}],"curies":[{"name":"wp","href":"https:\/\/api.w.org\/{rel}","templated":true}]}}