{"id":9161,"date":"2021-11-13T05:00:36","date_gmt":"2018-03-26T14:43:36","guid":{"rendered":"https:\/\/donbaraton.es\/producto\/uncategorized\/chaise-longue-sofa-pull-out-bed-storage-salerno\/"},"modified":"2022-07-06T11:30:42","modified_gmt":"2022-07-06T09:30:42","slug":"chaise-longue-sofa-pull-out-bed-storage-salerno","status":"publish","type":"product","link":"https:\/\/donbaraton.es\/en\/p\/chaise-longue-sofa-pull-out-bed-storage-salerno\/","title":{"rendered":"Chaise Longue Sofa with Pull-Out Bed and Storage &#8211; Salerno"},"content":{"rendered":"<p>Chaise longue sofa with pull-out bed &#8211; Salerno.<\/p>\n<p>Deep-buttoned upholstery in durable synthetic fabric on seats and the backrest. Upholstered in synthetic leather on armrests and\u00a0 the lower part of the sofa for fast and easy cleaning.<\/p>\n<p><strong>Storage<\/strong> under the chaise longue with an opening support mechanism.<\/p>\n<p><strong>Seats<\/strong> with 3 cm thick elastic foam. <em>Bonell<\/em> springs made of 2.4 mm thick wire allow comfortable seating and maintain the form of the sofa for a long time.<\/p>\n<p>Chrome legs. High backrest with buttons (51 cm high). Wooden and high quality chipboard frame.<\/p>\n<p><strong>Dimensions:<\/strong> length: 236 cm, height 91 cm, depth 92 cm. Length of the chaise longue 158 cm. <strong>Dimensions of the pull-out bed<\/strong> &#8211; 202 cm x 136 cm. <strong>Dimensions of the seat:<\/strong> length 202 cm, depth 60 cm, height 46 cm<\/p>\n<p><strong>Packaging.<\/strong> Weight: 113 kg. Three packs: 0.9 m3, 1.07 m3, 0.22 m3. Volume: 2.19 m3<\/p>\n","protected":false},"excerpt":{"rendered":"<ul>\n<li>202 x 136 cm pull-out bed<\/li>\n<li>Storage under the chaise longue<\/li>\n<li>Fabric (seats) and faux leather (armrests and lower part of the sofa)<\/li>\n<li>Seat with <em>bonell<\/em> springs<\/li>\n<li>Deep-buttoned upholstery<\/li>\n<\/ul>\n<p><strong>Dimensions:<\/strong> length: 236 cm, height 91 cm, depth 90 cm, chaise longue 158 cm<\/p>\n","protected":false},"featured_media":11854,"comment_status":"open","ping_status":"closed","template":"","meta":{"_et_pb_use_builder":"","_et_pb_old_content":"","_et_gb_content_width":""},"product_brand":[],"product_cat":[43,45,41,35],"product_tag":[],"class_list":{"0":"post-9161","1":"product","2":"type-product","3":"status-publish","4":"has-post-thumbnail","6":"product_cat-sofa-beds-chaise-longue","7":"product_cat-chaise-longue-sofas","8":"product_cat-sofa-beds","9":"product_cat-sofas-en","10":"product_shipping_class-articulos-pesados","11":"pa_lado-left","12":"pa_lado-right","13":"pa_largo-sofas-201-250-cm-en","14":"pa_material-fabric","15":"pa_material-faux-leather","16":"pa_muelles-bonnell-springs","17":"pa_plazas-3-seater-sofas","19":"first","20":"outofstock","21":"sale","22":"featured","23":"taxable","24":"shipping-taxable","25":"purchasable","26":"product-type-variable"},"yoast_head":"<!-- This site is optimized with the Yoast SEO plugin v27.2 - https:\/\/yoast.com\/product\/yoast-seo-wordpress\/ -->\n<title>Chaise Longue Sofa with Pull-Out Bed and Storage - Salerno - Don Baraton: tienda de sof\u00e1s, muebles y colchones<\/title>\n<meta name=\"robots\" content=\"index, follow, max-snippet:-1, max-image-preview:large, max-video-preview:-1\" \/>\n<link rel=\"canonical\" href=\"https:\/\/donbaraton.es\/en\/p\/chaise-longue-sofa-pull-out-bed-storage-salerno\/\" \/>\n<meta property=\"og:locale\" content=\"en_GB\" \/>\n<meta property=\"og:type\" content=\"article\" \/>\n<meta property=\"og:title\" content=\"Chaise Longue Sofa with Pull-Out Bed and Storage - Salerno - Don Baraton: tienda de sof\u00e1s, muebles y colchones\" \/>\n<meta property=\"og:description\" content=\"202 x 136 cm pull-out bed  Storage under the chaise longue  Fabric (seats) and faux leather (armrests and lower part of the sofa)  Seat with bonell springs  Deep-buttoned upholstery  Dimensions: length: 236 cm, height 91 cm, depth 90 cm, chaise longue 158 cm\" \/>\n<meta property=\"og:url\" content=\"https:\/\/donbaraton.es\/en\/p\/chaise-longue-sofa-pull-out-bed-storage-salerno\/\" \/>\n<meta property=\"og:site_name\" content=\"Don Baraton: tienda de sof\u00e1s, muebles y colchones\" \/>\n<meta property=\"article:publisher\" content=\"https:\/\/www.facebook.com\/donbaraton.es\" \/>\n<meta property=\"article:modified_time\" content=\"2022-07-06T09:30:42+00:00\" \/>\n<meta property=\"og:image\" content=\"https:\/\/i2.wp.com\/donbaraton.es\/wp-content\/uploads\/2018\/11\/Sof\u00e1-chaise-longue-cama-con-arc\u00f3n-marr\u00f3n-y-beige.-Chaise-longue-lado-derecho-Salerno.jpg?fit=1000%2C718&ssl=1\" \/>\n\t<meta property=\"og:image:width\" content=\"1000\" \/>\n\t<meta property=\"og:image:height\" content=\"718\" \/>\n\t<meta property=\"og:image:type\" content=\"image\/jpeg\" \/>\n<meta name=\"twitter:card\" content=\"summary_large_image\" \/>\n<meta name=\"twitter:site\" content=\"@don_baraton\" \/>\n<meta name=\"twitter:label1\" content=\"Estimated reading time\" \/>\n\t<meta name=\"twitter:data1\" content=\"1 minute\" \/>\n<script type=\"application\/ld+json\" class=\"yoast-schema-graph\">{\"@context\":\"https:\/\/schema.org\",\"@graph\":[{\"@type\":\"WebPage\",\"@id\":\"https:\/\/donbaraton.es\/en\/p\/chaise-longue-sofa-pull-out-bed-storage-salerno\/\",\"url\":\"https:\/\/donbaraton.es\/en\/p\/chaise-longue-sofa-pull-out-bed-storage-salerno\/\",\"name\":\"Chaise Longue Sofa with Pull-Out Bed and Storage - Salerno - Don Baraton: tienda de sof\u00e1s, muebles y colchones\",\"isPartOf\":{\"@id\":\"https:\/\/donbaraton.es\/#website\"},\"primaryImageOfPage\":{\"@id\":\"https:\/\/donbaraton.es\/en\/p\/chaise-longue-sofa-pull-out-bed-storage-salerno\/#primaryimage\"},\"image\":{\"@id\":\"https:\/\/donbaraton.es\/en\/p\/chaise-longue-sofa-pull-out-bed-storage-salerno\/#primaryimage\"},\"thumbnailUrl\":\"https:\/\/donbaraton.es\/wp-content\/uploads\/2018\/11\/Sof\u00e1-chaise-longue-cama-con-arc\u00f3n-marr\u00f3n-y-beige.-Chaise-longue-lado-derecho-Salerno.jpg\",\"datePublished\":\"2018-03-26T14:43:36+00:00\",\"dateModified\":\"2022-07-06T09:30:42+00:00\",\"breadcrumb\":{\"@id\":\"https:\/\/donbaraton.es\/en\/p\/chaise-longue-sofa-pull-out-bed-storage-salerno\/#breadcrumb\"},\"inLanguage\":\"en-GB\",\"potentialAction\":[{\"@type\":\"ReadAction\",\"target\":[\"https:\/\/donbaraton.es\/en\/p\/chaise-longue-sofa-pull-out-bed-storage-salerno\/\"]}]},{\"@type\":\"ImageObject\",\"inLanguage\":\"en-GB\",\"@id\":\"https:\/\/donbaraton.es\/en\/p\/chaise-longue-sofa-pull-out-bed-storage-salerno\/#primaryimage\",\"url\":\"https:\/\/donbaraton.es\/wp-content\/uploads\/2018\/11\/Sof\u00e1-chaise-longue-cama-con-arc\u00f3n-marr\u00f3n-y-beige.-Chaise-longue-lado-derecho-Salerno.jpg\",\"contentUrl\":\"https:\/\/donbaraton.es\/wp-content\/uploads\/2018\/11\/Sof\u00e1-chaise-longue-cama-con-arc\u00f3n-marr\u00f3n-y-beige.-Chaise-longue-lado-derecho-Salerno.jpg\",\"width\":1000,\"height\":718,\"caption\":\"Brown \/ Beige Style. Brown Corner. Chaise Longue Sofa with Pull-Out Bed and Storage - Salerno\"},{\"@type\":\"BreadcrumbList\",\"@id\":\"https:\/\/donbaraton.es\/en\/p\/chaise-longue-sofa-pull-out-bed-storage-salerno\/#breadcrumb\",\"itemListElement\":[{\"@type\":\"ListItem\",\"position\":1,\"name\":\"Portada\",\"item\":\"https:\/\/donbaraton.es\/en\/\"},{\"@type\":\"ListItem\",\"position\":2,\"name\":\"Online Shop\",\"item\":\"https:\/\/donbaraton.es\/en\/shop\/\"},{\"@type\":\"ListItem\",\"position\":3,\"name\":\"Chaise Longue Sofa with Pull-Out Bed and Storage &#8211; Salerno\"}]},{\"@type\":\"WebSite\",\"@id\":\"https:\/\/donbaraton.es\/#website\",\"url\":\"https:\/\/donbaraton.es\/\",\"name\":\"Don Baraton: tienda de sof\u00e1s, muebles y colchones\",\"description\":\"Sofas baratos desde el almac\u00e9n en Almorad\u00ed, Alicante\",\"publisher\":{\"@id\":\"https:\/\/donbaraton.es\/#organization\"},\"potentialAction\":[{\"@type\":\"SearchAction\",\"target\":{\"@type\":\"EntryPoint\",\"urlTemplate\":\"https:\/\/donbaraton.es\/?s={search_term_string}\"},\"query-input\":{\"@type\":\"PropertyValueSpecification\",\"valueRequired\":true,\"valueName\":\"search_term_string\"}}],\"inLanguage\":\"en-GB\"},{\"@type\":\"Organization\",\"@id\":\"https:\/\/donbaraton.es\/#organization\",\"name\":\"Don Baraton\",\"url\":\"https:\/\/donbaraton.es\/\",\"logo\":{\"@type\":\"ImageObject\",\"inLanguage\":\"en-GB\",\"@id\":\"https:\/\/donbaraton.es\/#\/schema\/logo\/image\/\",\"url\":\"https:\/\/i0.wp.com\/donbaraton.es\/wp-content\/uploads\/2016\/11\/logo_don_baraton.png?fit=228%2C110&ssl=1\",\"contentUrl\":\"https:\/\/i0.wp.com\/donbaraton.es\/wp-content\/uploads\/2016\/11\/logo_don_baraton.png?fit=228%2C110&ssl=1\",\"width\":228,\"height\":110,\"caption\":\"Don Baraton\"},\"image\":{\"@id\":\"https:\/\/donbaraton.es\/#\/schema\/logo\/image\/\"},\"sameAs\":[\"https:\/\/www.facebook.com\/donbaraton.es\",\"https:\/\/x.com\/don_baraton\",\"https:\/\/www.instagram.com\/donbaraton.es\",\"https:\/\/www.linkedin.com\/company\/donbaraton\/\",\"https:\/\/es.pinterest.com\/donbaraton\/\",\"https:\/\/www.youtube.com\/channel\/UCL02HOwx-F759Jq5MedAZfQ\"]}]}<\/script>\n<!-- \/ Yoast SEO plugin. -->","yoast_head_json":{"title":"Chaise Longue Sofa with Pull-Out Bed and Storage - Salerno - Don Baraton: tienda de sof\u00e1s, muebles y colchones","robots":{"index":"index","follow":"follow","max-snippet":"max-snippet:-1","max-image-preview":"max-image-preview:large","max-video-preview":"max-video-preview:-1"},"canonical":"https:\/\/donbaraton.es\/en\/p\/chaise-longue-sofa-pull-out-bed-storage-salerno\/","og_locale":"en_GB","og_type":"article","og_title":"Chaise Longue Sofa with Pull-Out Bed and Storage - Salerno - Don Baraton: tienda de sof\u00e1s, muebles y colchones","og_description":"202 x 136 cm pull-out bed  Storage under the chaise longue  Fabric (seats) and faux leather (armrests and lower part of the sofa)  Seat with bonell springs  Deep-buttoned upholstery  Dimensions: length: 236 cm, height 91 cm, depth 90 cm, chaise longue 158 cm","og_url":"https:\/\/donbaraton.es\/en\/p\/chaise-longue-sofa-pull-out-bed-storage-salerno\/","og_site_name":"Don Baraton: tienda de sof\u00e1s, muebles y colchones","article_publisher":"https:\/\/www.facebook.com\/donbaraton.es","article_modified_time":"2022-07-06T09:30:42+00:00","og_image":[{"width":1000,"height":718,"url":"https:\/\/i2.wp.com\/donbaraton.es\/wp-content\/uploads\/2018\/11\/Sof\u00e1-chaise-longue-cama-con-arc\u00f3n-marr\u00f3n-y-beige.-Chaise-longue-lado-derecho-Salerno.jpg?fit=1000%2C718&ssl=1","type":"image\/jpeg"}],"twitter_card":"summary_large_image","twitter_site":"@don_baraton","twitter_misc":{"Estimated reading time":"1 minute"},"schema":{"@context":"https:\/\/schema.org","@graph":[{"@type":"WebPage","@id":"https:\/\/donbaraton.es\/en\/p\/chaise-longue-sofa-pull-out-bed-storage-salerno\/","url":"https:\/\/donbaraton.es\/en\/p\/chaise-longue-sofa-pull-out-bed-storage-salerno\/","name":"Chaise Longue Sofa with Pull-Out Bed and Storage - Salerno - Don Baraton: tienda de sof\u00e1s, muebles y colchones","isPartOf":{"@id":"https:\/\/donbaraton.es\/#website"},"primaryImageOfPage":{"@id":"https:\/\/donbaraton.es\/en\/p\/chaise-longue-sofa-pull-out-bed-storage-salerno\/#primaryimage"},"image":{"@id":"https:\/\/donbaraton.es\/en\/p\/chaise-longue-sofa-pull-out-bed-storage-salerno\/#primaryimage"},"thumbnailUrl":"https:\/\/donbaraton.es\/wp-content\/uploads\/2018\/11\/Sof\u00e1-chaise-longue-cama-con-arc\u00f3n-marr\u00f3n-y-beige.-Chaise-longue-lado-derecho-Salerno.jpg","datePublished":"2018-03-26T14:43:36+00:00","dateModified":"2022-07-06T09:30:42+00:00","breadcrumb":{"@id":"https:\/\/donbaraton.es\/en\/p\/chaise-longue-sofa-pull-out-bed-storage-salerno\/#breadcrumb"},"inLanguage":"en-GB","potentialAction":[{"@type":"ReadAction","target":["https:\/\/donbaraton.es\/en\/p\/chaise-longue-sofa-pull-out-bed-storage-salerno\/"]}]},{"@type":"ImageObject","inLanguage":"en-GB","@id":"https:\/\/donbaraton.es\/en\/p\/chaise-longue-sofa-pull-out-bed-storage-salerno\/#primaryimage","url":"https:\/\/donbaraton.es\/wp-content\/uploads\/2018\/11\/Sof\u00e1-chaise-longue-cama-con-arc\u00f3n-marr\u00f3n-y-beige.-Chaise-longue-lado-derecho-Salerno.jpg","contentUrl":"https:\/\/donbaraton.es\/wp-content\/uploads\/2018\/11\/Sof\u00e1-chaise-longue-cama-con-arc\u00f3n-marr\u00f3n-y-beige.-Chaise-longue-lado-derecho-Salerno.jpg","width":1000,"height":718,"caption":"Brown \/ Beige Style. Brown Corner. Chaise Longue Sofa with Pull-Out Bed and Storage - Salerno"},{"@type":"BreadcrumbList","@id":"https:\/\/donbaraton.es\/en\/p\/chaise-longue-sofa-pull-out-bed-storage-salerno\/#breadcrumb","itemListElement":[{"@type":"ListItem","position":1,"name":"Portada","item":"https:\/\/donbaraton.es\/en\/"},{"@type":"ListItem","position":2,"name":"Online Shop","item":"https:\/\/donbaraton.es\/en\/shop\/"},{"@type":"ListItem","position":3,"name":"Chaise Longue Sofa with Pull-Out Bed and Storage &#8211; Salerno"}]},{"@type":"WebSite","@id":"https:\/\/donbaraton.es\/#website","url":"https:\/\/donbaraton.es\/","name":"Don Baraton: tienda de sof\u00e1s, muebles y colchones","description":"Sofas baratos desde el almac\u00e9n en Almorad\u00ed, Alicante","publisher":{"@id":"https:\/\/donbaraton.es\/#organization"},"potentialAction":[{"@type":"SearchAction","target":{"@type":"EntryPoint","urlTemplate":"https:\/\/donbaraton.es\/?s={search_term_string}"},"query-input":{"@type":"PropertyValueSpecification","valueRequired":true,"valueName":"search_term_string"}}],"inLanguage":"en-GB"},{"@type":"Organization","@id":"https:\/\/donbaraton.es\/#organization","name":"Don Baraton","url":"https:\/\/donbaraton.es\/","logo":{"@type":"ImageObject","inLanguage":"en-GB","@id":"https:\/\/donbaraton.es\/#\/schema\/logo\/image\/","url":"https:\/\/i0.wp.com\/donbaraton.es\/wp-content\/uploads\/2016\/11\/logo_don_baraton.png?fit=228%2C110&ssl=1","contentUrl":"https:\/\/i0.wp.com\/donbaraton.es\/wp-content\/uploads\/2016\/11\/logo_don_baraton.png?fit=228%2C110&ssl=1","width":228,"height":110,"caption":"Don Baraton"},"image":{"@id":"https:\/\/donbaraton.es\/#\/schema\/logo\/image\/"},"sameAs":["https:\/\/www.facebook.com\/donbaraton.es","https:\/\/x.com\/don_baraton","https:\/\/www.instagram.com\/donbaraton.es","https:\/\/www.linkedin.com\/company\/donbaraton\/","https:\/\/es.pinterest.com\/donbaraton\/","https:\/\/www.youtube.com\/channel\/UCL02HOwx-F759Jq5MedAZfQ"]}]}},"_links":{"self":[{"href":"https:\/\/donbaraton.es\/en\/wp-json\/wp\/v2\/product\/9161","targetHints":{"allow":["GET"]}}],"collection":[{"href":"https:\/\/donbaraton.es\/en\/wp-json\/wp\/v2\/product"}],"about":[{"href":"https:\/\/donbaraton.es\/en\/wp-json\/wp\/v2\/types\/product"}],"replies":[{"embeddable":true,"href":"https:\/\/donbaraton.es\/en\/wp-json\/wp\/v2\/comments?post=9161"}],"wp:featuredmedia":[{"embeddable":true,"href":"https:\/\/donbaraton.es\/en\/wp-json\/wp\/v2\/media\/11854"}],"wp:attachment":[{"href":"https:\/\/donbaraton.es\/en\/wp-json\/wp\/v2\/media?parent=9161"}],"wp:term":[{"taxonomy":"product_brand","embeddable":true,"href":"https:\/\/donbaraton.es\/en\/wp-json\/wp\/v2\/product_brand?post=9161"},{"taxonomy":"product_cat","embeddable":true,"href":"https:\/\/donbaraton.es\/en\/wp-json\/wp\/v2\/product_cat?post=9161"},{"taxonomy":"product_tag","embeddable":true,"href":"https:\/\/donbaraton.es\/en\/wp-json\/wp\/v2\/product_tag?post=9161"}],"curies":[{"name":"wp","href":"https:\/\/api.w.org\/{rel}","templated":true}]}}