{"id":9201,"date":"2018-05-16T02:00:52","date_gmt":"2018-03-27T18:44:52","guid":{"rendered":"https:\/\/donbaraton.es\/producto\/uncategorized\/fabric-folding-sofa-bed-sorrento\/"},"modified":"2018-03-31T23:57:08","modified_gmt":"2018-03-31T22:57:08","slug":"fabric-folding-sofa-bed-sorrento","status":"publish","type":"product","link":"https:\/\/donbaraton.es\/en\/p\/fabric-folding-sofa-bed-sorrento\/","title":{"rendered":"Fabric folding sofa bed &#8211; Sorrento"},"content":{"rendered":"<p>Fabric folding sofa bed &#8211; Sorrento. Upholstered in dark brown fabric and beige synthetic leather. High quality materials. Bonell springs and elastic foam seats. Two cushions. Storage underneath for the cushions and blankets. Armrests with wooden inserts. <strong>Dimensions:<\/strong> length 210 cm, height 97 cm, depth 60 cm. Dimensions of the bed: 182 cm x 125 cm<\/p>\n","protected":false},"excerpt":{"rendered":"<p>Fabric folding sofa bed &#8211; Sorrento. Upholstered in dark brown fabric and beige synthetic leather. High quality materials. Bonell springs and elastic foam seats. Two cushions. Storage underneath for the cushions and blankets. Armrests with wooden inserts. <strong>Dimensions:<\/strong> length 210 cm, height 97 cm, depth 60 cm. Dimensions of the bed: 182 cm x 125 cm<\/p>\n","protected":false},"featured_media":9198,"comment_status":"open","ping_status":"closed","template":"","meta":{"_et_pb_use_builder":"","_et_pb_old_content":"","_et_gb_content_width":""},"product_brand":[],"product_cat":[41,35],"product_tag":[],"class_list":{"0":"post-9201","1":"product","2":"type-product","3":"status-publish","4":"has-post-thumbnail","6":"product_cat-sofa-beds","7":"product_cat-sofas-en","8":"product_shipping_class-articulos-pesados","9":"pa_largo-sofas-201-250-cm-en","10":"pa_material-fabric","11":"pa_plazas-3-seater-sofas","13":"first","14":"outofstock","15":"taxable","16":"shipping-taxable","17":"product-type-variable"},"yoast_head":"<!-- This site is optimized with the Yoast SEO plugin v27.2 - https:\/\/yoast.com\/product\/yoast-seo-wordpress\/ -->\n<title>Fabric folding sofa bed - Sorrento - Don Baraton: tienda de sof\u00e1s, muebles y colchones<\/title>\n<meta name=\"robots\" content=\"index, follow, max-snippet:-1, max-image-preview:large, max-video-preview:-1\" \/>\n<link rel=\"canonical\" href=\"https:\/\/donbaraton.es\/en\/p\/fabric-folding-sofa-bed-sorrento\/\" \/>\n<meta property=\"og:locale\" content=\"en_GB\" \/>\n<meta property=\"og:type\" content=\"article\" \/>\n<meta property=\"og:title\" content=\"Fabric folding sofa bed - Sorrento - Don Baraton: tienda de sof\u00e1s, muebles y colchones\" \/>\n<meta property=\"og:description\" content=\"Fabric folding sofa bed - Sorrento. Upholstered in dark brown fabric and beige synthetic leather. High quality materials. Bonell springs and elastic foam seats. Two cushions. Storage underneath for the cushions and blankets. Armrests with wooden inserts. Dimensions: length 210 cm, height 97 cm, depth 60 cm. Dimensions of the bed: 182 cm x 125 cm\" \/>\n<meta property=\"og:url\" content=\"https:\/\/donbaraton.es\/en\/p\/fabric-folding-sofa-bed-sorrento\/\" \/>\n<meta property=\"og:site_name\" content=\"Don Baraton: tienda de sof\u00e1s, muebles y colchones\" \/>\n<meta property=\"article:publisher\" content=\"https:\/\/www.facebook.com\/donbaraton.es\" \/>\n<meta property=\"article:modified_time\" content=\"2018-03-31T22:57:08+00:00\" \/>\n<meta property=\"og:image\" content=\"https:\/\/i1.wp.com\/donbaraton.es\/wp-content\/uploads\/2018\/03\/Sof\u00e1-convertible-en-cama-Sorrento-tela-de-color-marr\u00f3n-oscuro-y-polipiel-de-color-beige.jpg?fit=1000%2C745&ssl=1\" \/>\n\t<meta property=\"og:image:width\" content=\"1000\" \/>\n\t<meta property=\"og:image:height\" content=\"745\" \/>\n\t<meta property=\"og:image:type\" content=\"image\/jpeg\" \/>\n<meta name=\"twitter:card\" content=\"summary_large_image\" \/>\n<meta name=\"twitter:site\" content=\"@don_baraton\" \/>\n<script type=\"application\/ld+json\" class=\"yoast-schema-graph\">{\"@context\":\"https:\/\/schema.org\",\"@graph\":[{\"@type\":\"WebPage\",\"@id\":\"https:\/\/donbaraton.es\/en\/p\/fabric-folding-sofa-bed-sorrento\/\",\"url\":\"https:\/\/donbaraton.es\/en\/p\/fabric-folding-sofa-bed-sorrento\/\",\"name\":\"Fabric folding sofa bed - Sorrento - Don Baraton: tienda de sof\u00e1s, muebles y colchones\",\"isPartOf\":{\"@id\":\"https:\/\/donbaraton.es\/#website\"},\"primaryImageOfPage\":{\"@id\":\"https:\/\/donbaraton.es\/en\/p\/fabric-folding-sofa-bed-sorrento\/#primaryimage\"},\"image\":{\"@id\":\"https:\/\/donbaraton.es\/en\/p\/fabric-folding-sofa-bed-sorrento\/#primaryimage\"},\"thumbnailUrl\":\"https:\/\/donbaraton.es\/wp-content\/uploads\/2018\/03\/Sof\u00e1-convertible-en-cama-Sorrento-tela-de-color-marr\u00f3n-oscuro-y-polipiel-de-color-beige.jpg\",\"datePublished\":\"2018-03-27T18:44:52+00:00\",\"dateModified\":\"2018-03-31T22:57:08+00:00\",\"breadcrumb\":{\"@id\":\"https:\/\/donbaraton.es\/en\/p\/fabric-folding-sofa-bed-sorrento\/#breadcrumb\"},\"inLanguage\":\"en-GB\",\"potentialAction\":[{\"@type\":\"ReadAction\",\"target\":[\"https:\/\/donbaraton.es\/en\/p\/fabric-folding-sofa-bed-sorrento\/\"]}]},{\"@type\":\"ImageObject\",\"inLanguage\":\"en-GB\",\"@id\":\"https:\/\/donbaraton.es\/en\/p\/fabric-folding-sofa-bed-sorrento\/#primaryimage\",\"url\":\"https:\/\/donbaraton.es\/wp-content\/uploads\/2018\/03\/Sof\u00e1-convertible-en-cama-Sorrento-tela-de-color-marr\u00f3n-oscuro-y-polipiel-de-color-beige.jpg\",\"contentUrl\":\"https:\/\/donbaraton.es\/wp-content\/uploads\/2018\/03\/Sof\u00e1-convertible-en-cama-Sorrento-tela-de-color-marr\u00f3n-oscuro-y-polipiel-de-color-beige.jpg\",\"width\":1000,\"height\":745,\"caption\":\"Fabric Folding Sofa Bed. Dark Brown Fabric and Beige Faux Leather - Sorrento\"},{\"@type\":\"BreadcrumbList\",\"@id\":\"https:\/\/donbaraton.es\/en\/p\/fabric-folding-sofa-bed-sorrento\/#breadcrumb\",\"itemListElement\":[{\"@type\":\"ListItem\",\"position\":1,\"name\":\"Portada\",\"item\":\"https:\/\/donbaraton.es\/en\/\"},{\"@type\":\"ListItem\",\"position\":2,\"name\":\"Online Shop\",\"item\":\"https:\/\/donbaraton.es\/en\/shop\/\"},{\"@type\":\"ListItem\",\"position\":3,\"name\":\"Fabric folding sofa bed &#8211; Sorrento\"}]},{\"@type\":\"WebSite\",\"@id\":\"https:\/\/donbaraton.es\/#website\",\"url\":\"https:\/\/donbaraton.es\/\",\"name\":\"Don Baraton: tienda de sof\u00e1s, muebles y colchones\",\"description\":\"Sofas baratos desde el almac\u00e9n en Almorad\u00ed, Alicante\",\"publisher\":{\"@id\":\"https:\/\/donbaraton.es\/#organization\"},\"potentialAction\":[{\"@type\":\"SearchAction\",\"target\":{\"@type\":\"EntryPoint\",\"urlTemplate\":\"https:\/\/donbaraton.es\/?s={search_term_string}\"},\"query-input\":{\"@type\":\"PropertyValueSpecification\",\"valueRequired\":true,\"valueName\":\"search_term_string\"}}],\"inLanguage\":\"en-GB\"},{\"@type\":\"Organization\",\"@id\":\"https:\/\/donbaraton.es\/#organization\",\"name\":\"Don Baraton\",\"url\":\"https:\/\/donbaraton.es\/\",\"logo\":{\"@type\":\"ImageObject\",\"inLanguage\":\"en-GB\",\"@id\":\"https:\/\/donbaraton.es\/#\/schema\/logo\/image\/\",\"url\":\"https:\/\/i0.wp.com\/donbaraton.es\/wp-content\/uploads\/2016\/11\/logo_don_baraton.png?fit=228%2C110&ssl=1\",\"contentUrl\":\"https:\/\/i0.wp.com\/donbaraton.es\/wp-content\/uploads\/2016\/11\/logo_don_baraton.png?fit=228%2C110&ssl=1\",\"width\":228,\"height\":110,\"caption\":\"Don Baraton\"},\"image\":{\"@id\":\"https:\/\/donbaraton.es\/#\/schema\/logo\/image\/\"},\"sameAs\":[\"https:\/\/www.facebook.com\/donbaraton.es\",\"https:\/\/x.com\/don_baraton\",\"https:\/\/www.instagram.com\/donbaraton.es\",\"https:\/\/www.linkedin.com\/company\/donbaraton\/\",\"https:\/\/es.pinterest.com\/donbaraton\/\",\"https:\/\/www.youtube.com\/channel\/UCL02HOwx-F759Jq5MedAZfQ\"]}]}<\/script>\n<!-- \/ Yoast SEO plugin. -->","yoast_head_json":{"title":"Fabric folding sofa bed - Sorrento - Don Baraton: tienda de sof\u00e1s, muebles y colchones","robots":{"index":"index","follow":"follow","max-snippet":"max-snippet:-1","max-image-preview":"max-image-preview:large","max-video-preview":"max-video-preview:-1"},"canonical":"https:\/\/donbaraton.es\/en\/p\/fabric-folding-sofa-bed-sorrento\/","og_locale":"en_GB","og_type":"article","og_title":"Fabric folding sofa bed - Sorrento - Don Baraton: tienda de sof\u00e1s, muebles y colchones","og_description":"Fabric folding sofa bed - Sorrento. Upholstered in dark brown fabric and beige synthetic leather. High quality materials. Bonell springs and elastic foam seats. Two cushions. Storage underneath for the cushions and blankets. Armrests with wooden inserts. Dimensions: length 210 cm, height 97 cm, depth 60 cm. Dimensions of the bed: 182 cm x 125 cm","og_url":"https:\/\/donbaraton.es\/en\/p\/fabric-folding-sofa-bed-sorrento\/","og_site_name":"Don Baraton: tienda de sof\u00e1s, muebles y colchones","article_publisher":"https:\/\/www.facebook.com\/donbaraton.es","article_modified_time":"2018-03-31T22:57:08+00:00","og_image":[{"width":1000,"height":745,"url":"https:\/\/i1.wp.com\/donbaraton.es\/wp-content\/uploads\/2018\/03\/Sof\u00e1-convertible-en-cama-Sorrento-tela-de-color-marr\u00f3n-oscuro-y-polipiel-de-color-beige.jpg?fit=1000%2C745&ssl=1","type":"image\/jpeg"}],"twitter_card":"summary_large_image","twitter_site":"@don_baraton","schema":{"@context":"https:\/\/schema.org","@graph":[{"@type":"WebPage","@id":"https:\/\/donbaraton.es\/en\/p\/fabric-folding-sofa-bed-sorrento\/","url":"https:\/\/donbaraton.es\/en\/p\/fabric-folding-sofa-bed-sorrento\/","name":"Fabric folding sofa bed - Sorrento - Don Baraton: tienda de sof\u00e1s, muebles y colchones","isPartOf":{"@id":"https:\/\/donbaraton.es\/#website"},"primaryImageOfPage":{"@id":"https:\/\/donbaraton.es\/en\/p\/fabric-folding-sofa-bed-sorrento\/#primaryimage"},"image":{"@id":"https:\/\/donbaraton.es\/en\/p\/fabric-folding-sofa-bed-sorrento\/#primaryimage"},"thumbnailUrl":"https:\/\/donbaraton.es\/wp-content\/uploads\/2018\/03\/Sof\u00e1-convertible-en-cama-Sorrento-tela-de-color-marr\u00f3n-oscuro-y-polipiel-de-color-beige.jpg","datePublished":"2018-03-27T18:44:52+00:00","dateModified":"2018-03-31T22:57:08+00:00","breadcrumb":{"@id":"https:\/\/donbaraton.es\/en\/p\/fabric-folding-sofa-bed-sorrento\/#breadcrumb"},"inLanguage":"en-GB","potentialAction":[{"@type":"ReadAction","target":["https:\/\/donbaraton.es\/en\/p\/fabric-folding-sofa-bed-sorrento\/"]}]},{"@type":"ImageObject","inLanguage":"en-GB","@id":"https:\/\/donbaraton.es\/en\/p\/fabric-folding-sofa-bed-sorrento\/#primaryimage","url":"https:\/\/donbaraton.es\/wp-content\/uploads\/2018\/03\/Sof\u00e1-convertible-en-cama-Sorrento-tela-de-color-marr\u00f3n-oscuro-y-polipiel-de-color-beige.jpg","contentUrl":"https:\/\/donbaraton.es\/wp-content\/uploads\/2018\/03\/Sof\u00e1-convertible-en-cama-Sorrento-tela-de-color-marr\u00f3n-oscuro-y-polipiel-de-color-beige.jpg","width":1000,"height":745,"caption":"Fabric Folding Sofa Bed. Dark Brown Fabric and Beige Faux Leather - Sorrento"},{"@type":"BreadcrumbList","@id":"https:\/\/donbaraton.es\/en\/p\/fabric-folding-sofa-bed-sorrento\/#breadcrumb","itemListElement":[{"@type":"ListItem","position":1,"name":"Portada","item":"https:\/\/donbaraton.es\/en\/"},{"@type":"ListItem","position":2,"name":"Online Shop","item":"https:\/\/donbaraton.es\/en\/shop\/"},{"@type":"ListItem","position":3,"name":"Fabric folding sofa bed &#8211; Sorrento"}]},{"@type":"WebSite","@id":"https:\/\/donbaraton.es\/#website","url":"https:\/\/donbaraton.es\/","name":"Don Baraton: tienda de sof\u00e1s, muebles y colchones","description":"Sofas baratos desde el almac\u00e9n en Almorad\u00ed, Alicante","publisher":{"@id":"https:\/\/donbaraton.es\/#organization"},"potentialAction":[{"@type":"SearchAction","target":{"@type":"EntryPoint","urlTemplate":"https:\/\/donbaraton.es\/?s={search_term_string}"},"query-input":{"@type":"PropertyValueSpecification","valueRequired":true,"valueName":"search_term_string"}}],"inLanguage":"en-GB"},{"@type":"Organization","@id":"https:\/\/donbaraton.es\/#organization","name":"Don Baraton","url":"https:\/\/donbaraton.es\/","logo":{"@type":"ImageObject","inLanguage":"en-GB","@id":"https:\/\/donbaraton.es\/#\/schema\/logo\/image\/","url":"https:\/\/i0.wp.com\/donbaraton.es\/wp-content\/uploads\/2016\/11\/logo_don_baraton.png?fit=228%2C110&ssl=1","contentUrl":"https:\/\/i0.wp.com\/donbaraton.es\/wp-content\/uploads\/2016\/11\/logo_don_baraton.png?fit=228%2C110&ssl=1","width":228,"height":110,"caption":"Don Baraton"},"image":{"@id":"https:\/\/donbaraton.es\/#\/schema\/logo\/image\/"},"sameAs":["https:\/\/www.facebook.com\/donbaraton.es","https:\/\/x.com\/don_baraton","https:\/\/www.instagram.com\/donbaraton.es","https:\/\/www.linkedin.com\/company\/donbaraton\/","https:\/\/es.pinterest.com\/donbaraton\/","https:\/\/www.youtube.com\/channel\/UCL02HOwx-F759Jq5MedAZfQ"]}]}},"_links":{"self":[{"href":"https:\/\/donbaraton.es\/en\/wp-json\/wp\/v2\/product\/9201","targetHints":{"allow":["GET"]}}],"collection":[{"href":"https:\/\/donbaraton.es\/en\/wp-json\/wp\/v2\/product"}],"about":[{"href":"https:\/\/donbaraton.es\/en\/wp-json\/wp\/v2\/types\/product"}],"replies":[{"embeddable":true,"href":"https:\/\/donbaraton.es\/en\/wp-json\/wp\/v2\/comments?post=9201"}],"wp:featuredmedia":[{"embeddable":true,"href":"https:\/\/donbaraton.es\/en\/wp-json\/wp\/v2\/media\/9198"}],"wp:attachment":[{"href":"https:\/\/donbaraton.es\/en\/wp-json\/wp\/v2\/media?parent=9201"}],"wp:term":[{"taxonomy":"product_brand","embeddable":true,"href":"https:\/\/donbaraton.es\/en\/wp-json\/wp\/v2\/product_brand?post=9201"},{"taxonomy":"product_cat","embeddable":true,"href":"https:\/\/donbaraton.es\/en\/wp-json\/wp\/v2\/product_cat?post=9201"},{"taxonomy":"product_tag","embeddable":true,"href":"https:\/\/donbaraton.es\/en\/wp-json\/wp\/v2\/product_tag?post=9201"}],"curies":[{"name":"wp","href":"https:\/\/api.w.org\/{rel}","templated":true}]}}