{"id":9383,"date":"2018-02-11T01:42:17","date_gmt":"2018-04-10T23:42:17","guid":{"rendered":"https:\/\/donbaraton.es\/producto\/uncategorized\/delivery-sofas\/"},"modified":"2026-01-28T04:48:38","modified_gmt":"2026-01-28T03:48:38","slug":"delivery-sofas","status":"publish","type":"product","link":"https:\/\/donbaraton.es\/en\/p\/delivery-sofas\/","title":{"rendered":"Delivery of Sofas"},"content":{"rendered":"<p>Sofas delivery service (mainland Spain). Delivery time: 1-5 working days depending on destination of the order. You can check the delivery fees for all Spanish provinces, except the islands*.<\/p>\n<p><strong>The price includes:<\/strong><\/p>\n<ul>\n<li><strong>Delivery to your home<\/strong><\/li>\n<li><strong>Bringing the sofa into your apartment or house **<\/strong><\/li>\n<li><strong>Assembly and installation in the room<\/strong><\/li>\n<\/ul>\n<p>If you place the order on any of the products&#8217; pages and choose &#8220;delivery by Don Baraton&#8221; this service will be added to your order automatically.<\/p>\n<p>* Please contact us for delivery rates and delivery conditions for the provinces of Gran Canaria, Santa Cruz de Tenerife, the Balearic Islands, Cueta and Melilla. We deliver to these parts of Spain but we calculate the rates on a\u00a0case-by-case\u00a0basis depending on the sofa&#8217;s weight and volume<\/p>\n<p>** In the buildings without lifts (or in cases when the product doesn\u2019t fit into the lift) the rate includes delivery to the ground floor. An additional fee of \u20ac5 will apply to every subsequent floor to every product that has to be lifted manually.<\/p>\n<p>This service doesn&#8217;t include removal of old furniture, check out our <a href=\"\/?p=12792\">old furniture removal service here<\/a>.<\/p>\n<p>The customer is responsible for checking that the doors, corridors and staircases are wide and high enough for the delivery to be made. In cases when additional services are necessary to bring the product into the room (cranes, lifting equipment, workers in addition to our two delivery team members or other services), the customer will pay the expenses of such services. In case of no payment for the additional services necessary to bring the product into the room, the delivery will be made &#8220;at ground level&#8221;.<\/p>\n<p><strong>Delivery time.<\/strong>\u00a0We will agree upon an approximate delivery time of the order. When placing an order, the buyer agrees that the delivery time is approximate. In case of impossibility of delivery at the agreed time,\u00a0the client accepts responsibility to accept the delivery on the same day until 10 pm.<\/p>\n","protected":false},"excerpt":{"rendered":"<p>Sofas delivery service (mainland Spain). Delivery time: 1-5 working days depending on destination of the order. You can check the delivery fees for all Spanish provinces, except the islands*.<\/p>\n<p><strong>The price includes:<\/strong><\/p>\n<ul>\n<li>Delivery to your home<\/li>\n<li>Bringing the sofa into your apartment\/house **<\/li>\n<li>Assembly and installation in the room<\/li>\n<\/ul>\n","protected":false},"featured_media":9261,"comment_status":"open","ping_status":"closed","template":"","meta":{"_et_pb_use_builder":"","_et_pb_old_content":"","_et_gb_content_width":""},"product_brand":[],"product_cat":[188],"product_tag":[],"class_list":{"0":"post-9383","1":"product","2":"type-product","3":"status-publish","4":"has-post-thumbnail","6":"product_cat-services","8":"first","9":"instock","10":"sale","11":"taxable","12":"shipping-taxable","13":"purchasable","14":"product-type-variable"},"yoast_head":"<!-- This site is optimized with the Yoast SEO plugin v27.2 - https:\/\/yoast.com\/product\/yoast-seo-wordpress\/ -->\n<title>Delivery of Sofas - Don Baraton: tienda de sof\u00e1s, muebles y colchones<\/title>\n<meta name=\"robots\" content=\"index, follow, max-snippet:-1, max-image-preview:large, max-video-preview:-1\" \/>\n<link rel=\"canonical\" href=\"https:\/\/donbaraton.es\/en\/p\/delivery-sofas\/\" \/>\n<meta property=\"og:locale\" content=\"en_GB\" \/>\n<meta property=\"og:type\" content=\"article\" \/>\n<meta property=\"og:title\" content=\"Delivery of Sofas - Don Baraton: tienda de sof\u00e1s, muebles y colchones\" \/>\n<meta property=\"og:description\" content=\"Sofas delivery service (mainland Spain). Delivery time: 1-5 working days depending on destination of the order. You can check the delivery fees for all Spanish provinces, except the islands*.  The price includes:   Delivery to your home  Bringing the sofa into your apartment\/house **  Assembly and installation in the room\" \/>\n<meta property=\"og:url\" content=\"https:\/\/donbaraton.es\/en\/p\/delivery-sofas\/\" \/>\n<meta property=\"og:site_name\" content=\"Don Baraton: tienda de sof\u00e1s, muebles y colchones\" \/>\n<meta property=\"article:publisher\" content=\"https:\/\/www.facebook.com\/donbaraton.es\" \/>\n<meta property=\"article:modified_time\" content=\"2026-01-28T03:48:38+00:00\" \/>\n<meta property=\"og:image\" content=\"https:\/\/i0.wp.com\/donbaraton.es\/wp-content\/uploads\/2018\/04\/Entregas-de-sof\u00e1s-Espa\u00f1a.jpg?fit=640%2C599&ssl=1\" \/>\n\t<meta property=\"og:image:width\" content=\"640\" \/>\n\t<meta property=\"og:image:height\" content=\"599\" \/>\n\t<meta property=\"og:image:type\" content=\"image\/jpeg\" \/>\n<meta name=\"twitter:card\" content=\"summary_large_image\" \/>\n<meta name=\"twitter:site\" content=\"@don_baraton\" \/>\n<meta name=\"twitter:label1\" content=\"Estimated reading time\" \/>\n\t<meta name=\"twitter:data1\" content=\"2 minutes\" \/>\n<script type=\"application\/ld+json\" class=\"yoast-schema-graph\">{\"@context\":\"https:\/\/schema.org\",\"@graph\":[{\"@type\":\"WebPage\",\"@id\":\"https:\/\/donbaraton.es\/en\/p\/delivery-sofas\/\",\"url\":\"https:\/\/donbaraton.es\/en\/p\/delivery-sofas\/\",\"name\":\"Delivery of Sofas - Don Baraton: tienda de sof\u00e1s, muebles y colchones\",\"isPartOf\":{\"@id\":\"https:\/\/donbaraton.es\/#website\"},\"primaryImageOfPage\":{\"@id\":\"https:\/\/donbaraton.es\/en\/p\/delivery-sofas\/#primaryimage\"},\"image\":{\"@id\":\"https:\/\/donbaraton.es\/en\/p\/delivery-sofas\/#primaryimage\"},\"thumbnailUrl\":\"https:\/\/donbaraton.es\/wp-content\/uploads\/2018\/04\/Entregas-de-sof\u00e1s-Espa\u00f1a.jpg\",\"datePublished\":\"2018-04-10T23:42:17+00:00\",\"dateModified\":\"2026-01-28T03:48:38+00:00\",\"breadcrumb\":{\"@id\":\"https:\/\/donbaraton.es\/en\/p\/delivery-sofas\/#breadcrumb\"},\"inLanguage\":\"en-GB\",\"potentialAction\":[{\"@type\":\"ReadAction\",\"target\":[\"https:\/\/donbaraton.es\/en\/p\/delivery-sofas\/\"]}]},{\"@type\":\"ImageObject\",\"inLanguage\":\"en-GB\",\"@id\":\"https:\/\/donbaraton.es\/en\/p\/delivery-sofas\/#primaryimage\",\"url\":\"https:\/\/donbaraton.es\/wp-content\/uploads\/2018\/04\/Entregas-de-sof\u00e1s-Espa\u00f1a.jpg\",\"contentUrl\":\"https:\/\/donbaraton.es\/wp-content\/uploads\/2018\/04\/Entregas-de-sof\u00e1s-Espa\u00f1a.jpg\",\"width\":640,\"height\":599,\"caption\":\"Entregas de sof\u00e1s - Espa\u00f1a\"},{\"@type\":\"BreadcrumbList\",\"@id\":\"https:\/\/donbaraton.es\/en\/p\/delivery-sofas\/#breadcrumb\",\"itemListElement\":[{\"@type\":\"ListItem\",\"position\":1,\"name\":\"Portada\",\"item\":\"https:\/\/donbaraton.es\/en\/\"},{\"@type\":\"ListItem\",\"position\":2,\"name\":\"Online Shop\",\"item\":\"https:\/\/donbaraton.es\/en\/shop\/\"},{\"@type\":\"ListItem\",\"position\":3,\"name\":\"Delivery of Sofas\"}]},{\"@type\":\"WebSite\",\"@id\":\"https:\/\/donbaraton.es\/#website\",\"url\":\"https:\/\/donbaraton.es\/\",\"name\":\"Don Baraton: tienda de sof\u00e1s, muebles y colchones\",\"description\":\"Sofas baratos desde el almac\u00e9n en Almorad\u00ed, Alicante\",\"publisher\":{\"@id\":\"https:\/\/donbaraton.es\/#organization\"},\"potentialAction\":[{\"@type\":\"SearchAction\",\"target\":{\"@type\":\"EntryPoint\",\"urlTemplate\":\"https:\/\/donbaraton.es\/?s={search_term_string}\"},\"query-input\":{\"@type\":\"PropertyValueSpecification\",\"valueRequired\":true,\"valueName\":\"search_term_string\"}}],\"inLanguage\":\"en-GB\"},{\"@type\":\"Organization\",\"@id\":\"https:\/\/donbaraton.es\/#organization\",\"name\":\"Don Baraton\",\"url\":\"https:\/\/donbaraton.es\/\",\"logo\":{\"@type\":\"ImageObject\",\"inLanguage\":\"en-GB\",\"@id\":\"https:\/\/donbaraton.es\/#\/schema\/logo\/image\/\",\"url\":\"https:\/\/i0.wp.com\/donbaraton.es\/wp-content\/uploads\/2016\/11\/logo_don_baraton.png?fit=228%2C110&ssl=1\",\"contentUrl\":\"https:\/\/i0.wp.com\/donbaraton.es\/wp-content\/uploads\/2016\/11\/logo_don_baraton.png?fit=228%2C110&ssl=1\",\"width\":228,\"height\":110,\"caption\":\"Don Baraton\"},\"image\":{\"@id\":\"https:\/\/donbaraton.es\/#\/schema\/logo\/image\/\"},\"sameAs\":[\"https:\/\/www.facebook.com\/donbaraton.es\",\"https:\/\/x.com\/don_baraton\",\"https:\/\/www.instagram.com\/donbaraton.es\",\"https:\/\/www.linkedin.com\/company\/donbaraton\/\",\"https:\/\/es.pinterest.com\/donbaraton\/\",\"https:\/\/www.youtube.com\/channel\/UCL02HOwx-F759Jq5MedAZfQ\"]}]}<\/script>\n<!-- \/ Yoast SEO plugin. -->","yoast_head_json":{"title":"Delivery of Sofas - Don Baraton: tienda de sof\u00e1s, muebles y colchones","robots":{"index":"index","follow":"follow","max-snippet":"max-snippet:-1","max-image-preview":"max-image-preview:large","max-video-preview":"max-video-preview:-1"},"canonical":"https:\/\/donbaraton.es\/en\/p\/delivery-sofas\/","og_locale":"en_GB","og_type":"article","og_title":"Delivery of Sofas - Don Baraton: tienda de sof\u00e1s, muebles y colchones","og_description":"Sofas delivery service (mainland Spain). Delivery time: 1-5 working days depending on destination of the order. You can check the delivery fees for all Spanish provinces, except the islands*.  The price includes:   Delivery to your home  Bringing the sofa into your apartment\/house **  Assembly and installation in the room","og_url":"https:\/\/donbaraton.es\/en\/p\/delivery-sofas\/","og_site_name":"Don Baraton: tienda de sof\u00e1s, muebles y colchones","article_publisher":"https:\/\/www.facebook.com\/donbaraton.es","article_modified_time":"2026-01-28T03:48:38+00:00","og_image":[{"width":640,"height":599,"url":"https:\/\/i0.wp.com\/donbaraton.es\/wp-content\/uploads\/2018\/04\/Entregas-de-sof\u00e1s-Espa\u00f1a.jpg?fit=640%2C599&ssl=1","type":"image\/jpeg"}],"twitter_card":"summary_large_image","twitter_site":"@don_baraton","twitter_misc":{"Estimated reading time":"2 minutes"},"schema":{"@context":"https:\/\/schema.org","@graph":[{"@type":"WebPage","@id":"https:\/\/donbaraton.es\/en\/p\/delivery-sofas\/","url":"https:\/\/donbaraton.es\/en\/p\/delivery-sofas\/","name":"Delivery of Sofas - Don Baraton: tienda de sof\u00e1s, muebles y colchones","isPartOf":{"@id":"https:\/\/donbaraton.es\/#website"},"primaryImageOfPage":{"@id":"https:\/\/donbaraton.es\/en\/p\/delivery-sofas\/#primaryimage"},"image":{"@id":"https:\/\/donbaraton.es\/en\/p\/delivery-sofas\/#primaryimage"},"thumbnailUrl":"https:\/\/donbaraton.es\/wp-content\/uploads\/2018\/04\/Entregas-de-sof\u00e1s-Espa\u00f1a.jpg","datePublished":"2018-04-10T23:42:17+00:00","dateModified":"2026-01-28T03:48:38+00:00","breadcrumb":{"@id":"https:\/\/donbaraton.es\/en\/p\/delivery-sofas\/#breadcrumb"},"inLanguage":"en-GB","potentialAction":[{"@type":"ReadAction","target":["https:\/\/donbaraton.es\/en\/p\/delivery-sofas\/"]}]},{"@type":"ImageObject","inLanguage":"en-GB","@id":"https:\/\/donbaraton.es\/en\/p\/delivery-sofas\/#primaryimage","url":"https:\/\/donbaraton.es\/wp-content\/uploads\/2018\/04\/Entregas-de-sof\u00e1s-Espa\u00f1a.jpg","contentUrl":"https:\/\/donbaraton.es\/wp-content\/uploads\/2018\/04\/Entregas-de-sof\u00e1s-Espa\u00f1a.jpg","width":640,"height":599,"caption":"Entregas de sof\u00e1s - Espa\u00f1a"},{"@type":"BreadcrumbList","@id":"https:\/\/donbaraton.es\/en\/p\/delivery-sofas\/#breadcrumb","itemListElement":[{"@type":"ListItem","position":1,"name":"Portada","item":"https:\/\/donbaraton.es\/en\/"},{"@type":"ListItem","position":2,"name":"Online Shop","item":"https:\/\/donbaraton.es\/en\/shop\/"},{"@type":"ListItem","position":3,"name":"Delivery of Sofas"}]},{"@type":"WebSite","@id":"https:\/\/donbaraton.es\/#website","url":"https:\/\/donbaraton.es\/","name":"Don Baraton: tienda de sof\u00e1s, muebles y colchones","description":"Sofas baratos desde el almac\u00e9n en Almorad\u00ed, Alicante","publisher":{"@id":"https:\/\/donbaraton.es\/#organization"},"potentialAction":[{"@type":"SearchAction","target":{"@type":"EntryPoint","urlTemplate":"https:\/\/donbaraton.es\/?s={search_term_string}"},"query-input":{"@type":"PropertyValueSpecification","valueRequired":true,"valueName":"search_term_string"}}],"inLanguage":"en-GB"},{"@type":"Organization","@id":"https:\/\/donbaraton.es\/#organization","name":"Don Baraton","url":"https:\/\/donbaraton.es\/","logo":{"@type":"ImageObject","inLanguage":"en-GB","@id":"https:\/\/donbaraton.es\/#\/schema\/logo\/image\/","url":"https:\/\/i0.wp.com\/donbaraton.es\/wp-content\/uploads\/2016\/11\/logo_don_baraton.png?fit=228%2C110&ssl=1","contentUrl":"https:\/\/i0.wp.com\/donbaraton.es\/wp-content\/uploads\/2016\/11\/logo_don_baraton.png?fit=228%2C110&ssl=1","width":228,"height":110,"caption":"Don Baraton"},"image":{"@id":"https:\/\/donbaraton.es\/#\/schema\/logo\/image\/"},"sameAs":["https:\/\/www.facebook.com\/donbaraton.es","https:\/\/x.com\/don_baraton","https:\/\/www.instagram.com\/donbaraton.es","https:\/\/www.linkedin.com\/company\/donbaraton\/","https:\/\/es.pinterest.com\/donbaraton\/","https:\/\/www.youtube.com\/channel\/UCL02HOwx-F759Jq5MedAZfQ"]}]}},"_links":{"self":[{"href":"https:\/\/donbaraton.es\/en\/wp-json\/wp\/v2\/product\/9383","targetHints":{"allow":["GET"]}}],"collection":[{"href":"https:\/\/donbaraton.es\/en\/wp-json\/wp\/v2\/product"}],"about":[{"href":"https:\/\/donbaraton.es\/en\/wp-json\/wp\/v2\/types\/product"}],"replies":[{"embeddable":true,"href":"https:\/\/donbaraton.es\/en\/wp-json\/wp\/v2\/comments?post=9383"}],"wp:featuredmedia":[{"embeddable":true,"href":"https:\/\/donbaraton.es\/en\/wp-json\/wp\/v2\/media\/9261"}],"wp:attachment":[{"href":"https:\/\/donbaraton.es\/en\/wp-json\/wp\/v2\/media?parent=9383"}],"wp:term":[{"taxonomy":"product_brand","embeddable":true,"href":"https:\/\/donbaraton.es\/en\/wp-json\/wp\/v2\/product_brand?post=9383"},{"taxonomy":"product_cat","embeddable":true,"href":"https:\/\/donbaraton.es\/en\/wp-json\/wp\/v2\/product_cat?post=9383"},{"taxonomy":"product_tag","embeddable":true,"href":"https:\/\/donbaraton.es\/en\/wp-json\/wp\/v2\/product_tag?post=9383"}],"curies":[{"name":"wp","href":"https:\/\/api.w.org\/{rel}","templated":true}]}}