{"id":9687,"date":"2019-02-08T14:00:29","date_gmt":"2018-05-02T10:00:29","guid":{"rendered":"https:\/\/donbaraton.es\/producto\/uncategorized\/corner-sofa-bed-open-end-crete\/"},"modified":"2022-04-22T07:10:51","modified_gmt":"2022-04-22T05:10:51","slug":"corner-sofa-bed-open-end-crete","status":"publish","type":"product","link":"https:\/\/donbaraton.es\/en\/p\/corner-sofa-bed-open-end-crete\/","title":{"rendered":"Corner Sofa Bed with Open End &#8211; Crete"},"content":{"rendered":"<p><strong>Corner sofa bed with open end &#8211; Crete.<\/strong><\/p>\n<p>Thanks to its <strong>optimal size<\/strong> this sofa will work for most medium sized living rooms.<\/p>\n<p>The <strong>pull-out bed<\/strong> provides additional space for guests and home owners.<\/p>\n<p><strong>Comfy seats<\/strong> with wave springs will last for long time without deformations.<\/p>\n<p>The sofa is upholstered in <strong>durable and easy to clean synthetic fabric<\/strong>.<\/p>\n<p><strong>Storage<\/strong> under the seat for bedding, clothing and other items.<\/p>\n<p>Corner on the left or right side to choose from.<\/p>\n<p><strong>Dimensions:<\/strong> length 250 cm and 192 cm, height 96 cm, depth 83 cm. <strong>Dimensions of the bed:<\/strong> 192 x 120 cm<\/p>\n","protected":false},"excerpt":{"rendered":"<ul>\n<li>Pull-out bed 195 x 120 cm<\/li>\n<li>Storage under the seats<\/li>\n<li>Optimal size for most living rooms<\/li>\n<li>Seats with wave springs<\/li>\n<\/ul>\n<p><strong>Dimensions:<\/strong> length 250 cm and 192 cm, height 96 cm, depth 83 cm<\/p>\n","protected":false},"featured_media":21092,"comment_status":"open","ping_status":"closed","template":"","meta":{"_et_pb_use_builder":"","_et_pb_old_content":"","_et_gb_content_width":""},"product_brand":[],"product_cat":[108,41,35],"product_tag":[],"class_list":{"0":"post-9687","1":"product","2":"type-product","3":"status-publish","4":"has-post-thumbnail","6":"product_cat-corner-sofas","7":"product_cat-sofa-beds","8":"product_cat-sofas-en","9":"product_shipping_class-mas-de-20-kg-fabricacion-hasta-43-dias","10":"pa_lado-left","11":"pa_lado-right","12":"pa_largo-sofas-201-250-cm-en","13":"pa_material-fabric","14":"pa_muelles-sinuous-springs","15":"pa_plazas-large-sofas","17":"first","18":"outofstock","19":"taxable","20":"shipping-taxable","21":"product-type-variable"},"yoast_head":"<!-- This site is optimized with the Yoast SEO plugin v27.2 - https:\/\/yoast.com\/product\/yoast-seo-wordpress\/ -->\n<title>Corner Sofa Bed with Open End - Crete - Don Baraton: tienda de sof\u00e1s, muebles y colchones<\/title>\n<meta name=\"robots\" content=\"index, follow, max-snippet:-1, max-image-preview:large, max-video-preview:-1\" \/>\n<link rel=\"canonical\" href=\"https:\/\/donbaraton.es\/en\/p\/corner-sofa-bed-open-end-crete\/\" \/>\n<meta property=\"og:locale\" content=\"en_GB\" \/>\n<meta property=\"og:type\" content=\"article\" \/>\n<meta property=\"og:title\" content=\"Corner Sofa Bed with Open End - Crete - Don Baraton: tienda de sof\u00e1s, muebles y colchones\" \/>\n<meta property=\"og:description\" content=\"Pull-out bed 195 x 120 cm  Storage under the seats  Optimal size for most living rooms  Seats with wave springs  Dimensions: length 250 cm and 192 cm, height 96 cm, depth 83 cm\" \/>\n<meta property=\"og:url\" content=\"https:\/\/donbaraton.es\/en\/p\/corner-sofa-bed-open-end-crete\/\" \/>\n<meta property=\"og:site_name\" content=\"Don Baraton: tienda de sof\u00e1s, muebles y colchones\" \/>\n<meta property=\"article:publisher\" content=\"https:\/\/www.facebook.com\/donbaraton.es\" \/>\n<meta property=\"article:modified_time\" content=\"2022-04-22T05:10:51+00:00\" \/>\n<meta property=\"og:image\" content=\"https:\/\/i2.wp.com\/donbaraton.es\/wp-content\/uploads\/2019\/02\/Sof\u00e1-rinconera-con-un-extremo-abierto-esquina-izquierda-color-gris-oscuro-Crete.jpg?fit=1000%2C666&ssl=1\" \/>\n\t<meta property=\"og:image:width\" content=\"1000\" \/>\n\t<meta property=\"og:image:height\" content=\"666\" \/>\n\t<meta property=\"og:image:type\" content=\"image\/jpeg\" \/>\n<meta name=\"twitter:card\" content=\"summary_large_image\" \/>\n<meta name=\"twitter:site\" content=\"@don_baraton\" \/>\n<script type=\"application\/ld+json\" class=\"yoast-schema-graph\">{\"@context\":\"https:\/\/schema.org\",\"@graph\":[{\"@type\":\"WebPage\",\"@id\":\"https:\/\/donbaraton.es\/en\/p\/corner-sofa-bed-open-end-crete\/\",\"url\":\"https:\/\/donbaraton.es\/en\/p\/corner-sofa-bed-open-end-crete\/\",\"name\":\"Corner Sofa Bed with Open End - Crete - Don Baraton: tienda de sof\u00e1s, muebles y colchones\",\"isPartOf\":{\"@id\":\"https:\/\/donbaraton.es\/#website\"},\"primaryImageOfPage\":{\"@id\":\"https:\/\/donbaraton.es\/en\/p\/corner-sofa-bed-open-end-crete\/#primaryimage\"},\"image\":{\"@id\":\"https:\/\/donbaraton.es\/en\/p\/corner-sofa-bed-open-end-crete\/#primaryimage\"},\"thumbnailUrl\":\"https:\/\/donbaraton.es\/wp-content\/uploads\/2019\/02\/Sof\u00e1-rinconera-con-un-extremo-abierto-esquina-izquierda-color-gris-oscuro-Crete.jpg\",\"datePublished\":\"2018-05-02T10:00:29+00:00\",\"dateModified\":\"2022-04-22T05:10:51+00:00\",\"breadcrumb\":{\"@id\":\"https:\/\/donbaraton.es\/en\/p\/corner-sofa-bed-open-end-crete\/#breadcrumb\"},\"inLanguage\":\"en-GB\",\"potentialAction\":[{\"@type\":\"ReadAction\",\"target\":[\"https:\/\/donbaraton.es\/en\/p\/corner-sofa-bed-open-end-crete\/\"]}]},{\"@type\":\"ImageObject\",\"inLanguage\":\"en-GB\",\"@id\":\"https:\/\/donbaraton.es\/en\/p\/corner-sofa-bed-open-end-crete\/#primaryimage\",\"url\":\"https:\/\/donbaraton.es\/wp-content\/uploads\/2019\/02\/Sof\u00e1-rinconera-con-un-extremo-abierto-esquina-izquierda-color-gris-oscuro-Crete.jpg\",\"contentUrl\":\"https:\/\/donbaraton.es\/wp-content\/uploads\/2019\/02\/Sof\u00e1-rinconera-con-un-extremo-abierto-esquina-izquierda-color-gris-oscuro-Crete.jpg\",\"width\":1000,\"height\":666,\"caption\":\"Corner Sofa Bed with Open End - Crete. Left Corner, Dark Grey Fabric\"},{\"@type\":\"BreadcrumbList\",\"@id\":\"https:\/\/donbaraton.es\/en\/p\/corner-sofa-bed-open-end-crete\/#breadcrumb\",\"itemListElement\":[{\"@type\":\"ListItem\",\"position\":1,\"name\":\"Portada\",\"item\":\"https:\/\/donbaraton.es\/en\/\"},{\"@type\":\"ListItem\",\"position\":2,\"name\":\"Online Shop\",\"item\":\"https:\/\/donbaraton.es\/en\/shop\/\"},{\"@type\":\"ListItem\",\"position\":3,\"name\":\"Corner Sofa Bed with Open End &#8211; Crete\"}]},{\"@type\":\"WebSite\",\"@id\":\"https:\/\/donbaraton.es\/#website\",\"url\":\"https:\/\/donbaraton.es\/\",\"name\":\"Don Baraton: tienda de sof\u00e1s, muebles y colchones\",\"description\":\"Sofas baratos desde el almac\u00e9n en Almorad\u00ed, Alicante\",\"publisher\":{\"@id\":\"https:\/\/donbaraton.es\/#organization\"},\"potentialAction\":[{\"@type\":\"SearchAction\",\"target\":{\"@type\":\"EntryPoint\",\"urlTemplate\":\"https:\/\/donbaraton.es\/?s={search_term_string}\"},\"query-input\":{\"@type\":\"PropertyValueSpecification\",\"valueRequired\":true,\"valueName\":\"search_term_string\"}}],\"inLanguage\":\"en-GB\"},{\"@type\":\"Organization\",\"@id\":\"https:\/\/donbaraton.es\/#organization\",\"name\":\"Don Baraton\",\"url\":\"https:\/\/donbaraton.es\/\",\"logo\":{\"@type\":\"ImageObject\",\"inLanguage\":\"en-GB\",\"@id\":\"https:\/\/donbaraton.es\/#\/schema\/logo\/image\/\",\"url\":\"https:\/\/i0.wp.com\/donbaraton.es\/wp-content\/uploads\/2016\/11\/logo_don_baraton.png?fit=228%2C110&ssl=1\",\"contentUrl\":\"https:\/\/i0.wp.com\/donbaraton.es\/wp-content\/uploads\/2016\/11\/logo_don_baraton.png?fit=228%2C110&ssl=1\",\"width\":228,\"height\":110,\"caption\":\"Don Baraton\"},\"image\":{\"@id\":\"https:\/\/donbaraton.es\/#\/schema\/logo\/image\/\"},\"sameAs\":[\"https:\/\/www.facebook.com\/donbaraton.es\",\"https:\/\/x.com\/don_baraton\",\"https:\/\/www.instagram.com\/donbaraton.es\",\"https:\/\/www.linkedin.com\/company\/donbaraton\/\",\"https:\/\/es.pinterest.com\/donbaraton\/\",\"https:\/\/www.youtube.com\/channel\/UCL02HOwx-F759Jq5MedAZfQ\"]}]}<\/script>\n<!-- \/ Yoast SEO plugin. -->","yoast_head_json":{"title":"Corner Sofa Bed with Open End - Crete - Don Baraton: tienda de sof\u00e1s, muebles y colchones","robots":{"index":"index","follow":"follow","max-snippet":"max-snippet:-1","max-image-preview":"max-image-preview:large","max-video-preview":"max-video-preview:-1"},"canonical":"https:\/\/donbaraton.es\/en\/p\/corner-sofa-bed-open-end-crete\/","og_locale":"en_GB","og_type":"article","og_title":"Corner Sofa Bed with Open End - Crete - Don Baraton: tienda de sof\u00e1s, muebles y colchones","og_description":"Pull-out bed 195 x 120 cm  Storage under the seats  Optimal size for most living rooms  Seats with wave springs  Dimensions: length 250 cm and 192 cm, height 96 cm, depth 83 cm","og_url":"https:\/\/donbaraton.es\/en\/p\/corner-sofa-bed-open-end-crete\/","og_site_name":"Don Baraton: tienda de sof\u00e1s, muebles y colchones","article_publisher":"https:\/\/www.facebook.com\/donbaraton.es","article_modified_time":"2022-04-22T05:10:51+00:00","og_image":[{"width":1000,"height":666,"url":"https:\/\/i2.wp.com\/donbaraton.es\/wp-content\/uploads\/2019\/02\/Sof\u00e1-rinconera-con-un-extremo-abierto-esquina-izquierda-color-gris-oscuro-Crete.jpg?fit=1000%2C666&ssl=1","type":"image\/jpeg"}],"twitter_card":"summary_large_image","twitter_site":"@don_baraton","schema":{"@context":"https:\/\/schema.org","@graph":[{"@type":"WebPage","@id":"https:\/\/donbaraton.es\/en\/p\/corner-sofa-bed-open-end-crete\/","url":"https:\/\/donbaraton.es\/en\/p\/corner-sofa-bed-open-end-crete\/","name":"Corner Sofa Bed with Open End - Crete - Don Baraton: tienda de sof\u00e1s, muebles y colchones","isPartOf":{"@id":"https:\/\/donbaraton.es\/#website"},"primaryImageOfPage":{"@id":"https:\/\/donbaraton.es\/en\/p\/corner-sofa-bed-open-end-crete\/#primaryimage"},"image":{"@id":"https:\/\/donbaraton.es\/en\/p\/corner-sofa-bed-open-end-crete\/#primaryimage"},"thumbnailUrl":"https:\/\/donbaraton.es\/wp-content\/uploads\/2019\/02\/Sof\u00e1-rinconera-con-un-extremo-abierto-esquina-izquierda-color-gris-oscuro-Crete.jpg","datePublished":"2018-05-02T10:00:29+00:00","dateModified":"2022-04-22T05:10:51+00:00","breadcrumb":{"@id":"https:\/\/donbaraton.es\/en\/p\/corner-sofa-bed-open-end-crete\/#breadcrumb"},"inLanguage":"en-GB","potentialAction":[{"@type":"ReadAction","target":["https:\/\/donbaraton.es\/en\/p\/corner-sofa-bed-open-end-crete\/"]}]},{"@type":"ImageObject","inLanguage":"en-GB","@id":"https:\/\/donbaraton.es\/en\/p\/corner-sofa-bed-open-end-crete\/#primaryimage","url":"https:\/\/donbaraton.es\/wp-content\/uploads\/2019\/02\/Sof\u00e1-rinconera-con-un-extremo-abierto-esquina-izquierda-color-gris-oscuro-Crete.jpg","contentUrl":"https:\/\/donbaraton.es\/wp-content\/uploads\/2019\/02\/Sof\u00e1-rinconera-con-un-extremo-abierto-esquina-izquierda-color-gris-oscuro-Crete.jpg","width":1000,"height":666,"caption":"Corner Sofa Bed with Open End - Crete. Left Corner, Dark Grey Fabric"},{"@type":"BreadcrumbList","@id":"https:\/\/donbaraton.es\/en\/p\/corner-sofa-bed-open-end-crete\/#breadcrumb","itemListElement":[{"@type":"ListItem","position":1,"name":"Portada","item":"https:\/\/donbaraton.es\/en\/"},{"@type":"ListItem","position":2,"name":"Online Shop","item":"https:\/\/donbaraton.es\/en\/shop\/"},{"@type":"ListItem","position":3,"name":"Corner Sofa Bed with Open End &#8211; Crete"}]},{"@type":"WebSite","@id":"https:\/\/donbaraton.es\/#website","url":"https:\/\/donbaraton.es\/","name":"Don Baraton: tienda de sof\u00e1s, muebles y colchones","description":"Sofas baratos desde el almac\u00e9n en Almorad\u00ed, Alicante","publisher":{"@id":"https:\/\/donbaraton.es\/#organization"},"potentialAction":[{"@type":"SearchAction","target":{"@type":"EntryPoint","urlTemplate":"https:\/\/donbaraton.es\/?s={search_term_string}"},"query-input":{"@type":"PropertyValueSpecification","valueRequired":true,"valueName":"search_term_string"}}],"inLanguage":"en-GB"},{"@type":"Organization","@id":"https:\/\/donbaraton.es\/#organization","name":"Don Baraton","url":"https:\/\/donbaraton.es\/","logo":{"@type":"ImageObject","inLanguage":"en-GB","@id":"https:\/\/donbaraton.es\/#\/schema\/logo\/image\/","url":"https:\/\/i0.wp.com\/donbaraton.es\/wp-content\/uploads\/2016\/11\/logo_don_baraton.png?fit=228%2C110&ssl=1","contentUrl":"https:\/\/i0.wp.com\/donbaraton.es\/wp-content\/uploads\/2016\/11\/logo_don_baraton.png?fit=228%2C110&ssl=1","width":228,"height":110,"caption":"Don Baraton"},"image":{"@id":"https:\/\/donbaraton.es\/#\/schema\/logo\/image\/"},"sameAs":["https:\/\/www.facebook.com\/donbaraton.es","https:\/\/x.com\/don_baraton","https:\/\/www.instagram.com\/donbaraton.es","https:\/\/www.linkedin.com\/company\/donbaraton\/","https:\/\/es.pinterest.com\/donbaraton\/","https:\/\/www.youtube.com\/channel\/UCL02HOwx-F759Jq5MedAZfQ"]}]}},"_links":{"self":[{"href":"https:\/\/donbaraton.es\/en\/wp-json\/wp\/v2\/product\/9687","targetHints":{"allow":["GET"]}}],"collection":[{"href":"https:\/\/donbaraton.es\/en\/wp-json\/wp\/v2\/product"}],"about":[{"href":"https:\/\/donbaraton.es\/en\/wp-json\/wp\/v2\/types\/product"}],"replies":[{"embeddable":true,"href":"https:\/\/donbaraton.es\/en\/wp-json\/wp\/v2\/comments?post=9687"}],"wp:featuredmedia":[{"embeddable":true,"href":"https:\/\/donbaraton.es\/en\/wp-json\/wp\/v2\/media\/21092"}],"wp:attachment":[{"href":"https:\/\/donbaraton.es\/en\/wp-json\/wp\/v2\/media?parent=9687"}],"wp:term":[{"taxonomy":"product_brand","embeddable":true,"href":"https:\/\/donbaraton.es\/en\/wp-json\/wp\/v2\/product_brand?post=9687"},{"taxonomy":"product_cat","embeddable":true,"href":"https:\/\/donbaraton.es\/en\/wp-json\/wp\/v2\/product_cat?post=9687"},{"taxonomy":"product_tag","embeddable":true,"href":"https:\/\/donbaraton.es\/en\/wp-json\/wp\/v2\/product_tag?post=9687"}],"curies":[{"name":"wp","href":"https:\/\/api.w.org\/{rel}","templated":true}]}}