{"id":9693,"date":"2021-04-17T14:50:52","date_gmt":"2018-05-02T10:00:52","guid":{"rendered":"https:\/\/donbaraton.es\/producto\/uncategorized\/corner-sofa-folding-bed-storage-harbour\/"},"modified":"2021-07-14T13:08:02","modified_gmt":"2021-07-14T11:08:02","slug":"corner-sofa-folding-bed-storage-harbour","status":"publish","type":"product","link":"https:\/\/donbaraton.es\/en\/p\/corner-sofa-folding-bed-storage-harbour\/","title":{"rendered":"Corner Sofa with Folding Bed and Storage &#8211; Harbour"},"content":{"rendered":"<p><strong>Corner sofa with folding bed and storage &#8211; Harbour<\/strong><\/p>\n<p>Available fabric colours: dark grey, light grey and brown. Left or right corner position to choose from. Two storage compartments under the seats.<\/p>\n<p><strong>Dimensions:<\/strong> length 290 cm and 195 cm, depth 98 cm. <strong>Dimensions of the bed:<\/strong> 150 x 250 cm<\/p>\n","protected":false},"excerpt":{"rendered":"<ul>\n<li>Spacious pull-put bed 150 x 250 cm<\/li>\n<li>3 colours to choose from: dark grey, light grey and brown<\/li>\n<li>One colour all over the sofa<\/li>\n<li>Left or right corner position to choose from<\/li>\n<li>Two storage compartments under the seats<\/li>\n<\/ul>\n<p><strong>Dimensions:<\/strong> length 290 cm and 195 cm, depth 98 cm, height 90 cm<\/p>\n","protected":false},"featured_media":9595,"comment_status":"open","ping_status":"closed","template":"","meta":{"_et_pb_use_builder":"","_et_pb_old_content":"","_et_gb_content_width":""},"product_brand":[],"product_cat":[108,41,35],"product_tag":[],"class_list":{"0":"post-9693","1":"product","2":"type-product","3":"status-publish","4":"has-post-thumbnail","6":"product_cat-corner-sofas","7":"product_cat-sofa-beds","8":"product_cat-sofas-en","9":"product_shipping_class-mas-de-20-kg-fabricacion-hasta-43-dias","10":"pa_lado-left","11":"pa_lado-right","12":"pa_largo-sofas-251-300-cm-en","13":"pa_material-fabric","14":"pa_muelles-sinuous-springs","15":"pa_plazas-4-seater-sofas","16":"pa_plazas-large-sofas","18":"first","19":"outofstock","20":"featured","21":"taxable","22":"shipping-taxable","23":"product-type-variable","24":"has-default-attributes"},"yoast_head":"<!-- This site is optimized with the Yoast SEO plugin v27.2 - https:\/\/yoast.com\/product\/yoast-seo-wordpress\/ -->\n<title>Corner Sofa with Folding Bed and Storage - Harbour - Don Baraton: tienda de sof\u00e1s, muebles y colchones<\/title>\n<meta name=\"robots\" content=\"index, follow, max-snippet:-1, max-image-preview:large, max-video-preview:-1\" \/>\n<link rel=\"canonical\" href=\"https:\/\/donbaraton.es\/en\/p\/corner-sofa-folding-bed-storage-harbour\/\" \/>\n<meta property=\"og:locale\" content=\"en_GB\" \/>\n<meta property=\"og:type\" content=\"article\" \/>\n<meta property=\"og:title\" content=\"Corner Sofa with Folding Bed and Storage - Harbour - Don Baraton: tienda de sof\u00e1s, muebles y colchones\" \/>\n<meta property=\"og:description\" content=\"Spacious pull-put bed 150 x 250 cm  3 colours to choose from: dark grey, light grey and brown  One colour all over the sofa  Left or right corner position to choose from  Two storage compartments under the seats  Dimensions: length 290 cm and 195 cm, depth 98 cm, height 90 cm\" \/>\n<meta property=\"og:url\" content=\"https:\/\/donbaraton.es\/en\/p\/corner-sofa-folding-bed-storage-harbour\/\" \/>\n<meta property=\"og:site_name\" content=\"Don Baraton: tienda de sof\u00e1s, muebles y colchones\" \/>\n<meta property=\"article:publisher\" content=\"https:\/\/www.facebook.com\/donbaraton.es\" \/>\n<meta property=\"article:modified_time\" content=\"2021-07-14T11:08:02+00:00\" \/>\n<meta property=\"og:image\" content=\"https:\/\/i0.wp.com\/donbaraton.es\/wp-content\/uploads\/2018\/05\/Sof\u00e1-rinconera-con-cama-plegable-esquina-derecha-color-gris-\u2013-Harbour.jpg?fit=800%2C533&ssl=1\" \/>\n\t<meta property=\"og:image:width\" content=\"800\" \/>\n\t<meta property=\"og:image:height\" content=\"533\" \/>\n\t<meta property=\"og:image:type\" content=\"image\/jpeg\" \/>\n<meta name=\"twitter:card\" content=\"summary_large_image\" \/>\n<meta name=\"twitter:site\" content=\"@don_baraton\" \/>\n<script type=\"application\/ld+json\" class=\"yoast-schema-graph\">{\"@context\":\"https:\/\/schema.org\",\"@graph\":[{\"@type\":\"WebPage\",\"@id\":\"https:\/\/donbaraton.es\/en\/p\/corner-sofa-folding-bed-storage-harbour\/\",\"url\":\"https:\/\/donbaraton.es\/en\/p\/corner-sofa-folding-bed-storage-harbour\/\",\"name\":\"Corner Sofa with Folding Bed and Storage - Harbour - Don Baraton: tienda de sof\u00e1s, muebles y colchones\",\"isPartOf\":{\"@id\":\"https:\/\/donbaraton.es\/#website\"},\"primaryImageOfPage\":{\"@id\":\"https:\/\/donbaraton.es\/en\/p\/corner-sofa-folding-bed-storage-harbour\/#primaryimage\"},\"image\":{\"@id\":\"https:\/\/donbaraton.es\/en\/p\/corner-sofa-folding-bed-storage-harbour\/#primaryimage\"},\"thumbnailUrl\":\"https:\/\/donbaraton.es\/wp-content\/uploads\/2018\/05\/Sof\u00e1-rinconera-con-cama-plegable-esquina-derecha-color-gris-\u2013-Harbour.jpg\",\"datePublished\":\"2018-05-02T10:00:52+00:00\",\"dateModified\":\"2021-07-14T11:08:02+00:00\",\"breadcrumb\":{\"@id\":\"https:\/\/donbaraton.es\/en\/p\/corner-sofa-folding-bed-storage-harbour\/#breadcrumb\"},\"inLanguage\":\"en-GB\",\"potentialAction\":[{\"@type\":\"ReadAction\",\"target\":[\"https:\/\/donbaraton.es\/en\/p\/corner-sofa-folding-bed-storage-harbour\/\"]}]},{\"@type\":\"ImageObject\",\"inLanguage\":\"en-GB\",\"@id\":\"https:\/\/donbaraton.es\/en\/p\/corner-sofa-folding-bed-storage-harbour\/#primaryimage\",\"url\":\"https:\/\/donbaraton.es\/wp-content\/uploads\/2018\/05\/Sof\u00e1-rinconera-con-cama-plegable-esquina-derecha-color-gris-\u2013-Harbour.jpg\",\"contentUrl\":\"https:\/\/donbaraton.es\/wp-content\/uploads\/2018\/05\/Sof\u00e1-rinconera-con-cama-plegable-esquina-derecha-color-gris-\u2013-Harbour.jpg\",\"width\":800,\"height\":533,\"caption\":\"Corner Sofa with Folding Bed and Storage - Harbour. Dark Grey Fabric, Right Corner\"},{\"@type\":\"BreadcrumbList\",\"@id\":\"https:\/\/donbaraton.es\/en\/p\/corner-sofa-folding-bed-storage-harbour\/#breadcrumb\",\"itemListElement\":[{\"@type\":\"ListItem\",\"position\":1,\"name\":\"Portada\",\"item\":\"https:\/\/donbaraton.es\/en\/\"},{\"@type\":\"ListItem\",\"position\":2,\"name\":\"Online Shop\",\"item\":\"https:\/\/donbaraton.es\/en\/shop\/\"},{\"@type\":\"ListItem\",\"position\":3,\"name\":\"Corner Sofa with Folding Bed and Storage &#8211; Harbour\"}]},{\"@type\":\"WebSite\",\"@id\":\"https:\/\/donbaraton.es\/#website\",\"url\":\"https:\/\/donbaraton.es\/\",\"name\":\"Don Baraton: tienda de sof\u00e1s, muebles y colchones\",\"description\":\"Sofas baratos desde el almac\u00e9n en Almorad\u00ed, Alicante\",\"publisher\":{\"@id\":\"https:\/\/donbaraton.es\/#organization\"},\"potentialAction\":[{\"@type\":\"SearchAction\",\"target\":{\"@type\":\"EntryPoint\",\"urlTemplate\":\"https:\/\/donbaraton.es\/?s={search_term_string}\"},\"query-input\":{\"@type\":\"PropertyValueSpecification\",\"valueRequired\":true,\"valueName\":\"search_term_string\"}}],\"inLanguage\":\"en-GB\"},{\"@type\":\"Organization\",\"@id\":\"https:\/\/donbaraton.es\/#organization\",\"name\":\"Don Baraton\",\"url\":\"https:\/\/donbaraton.es\/\",\"logo\":{\"@type\":\"ImageObject\",\"inLanguage\":\"en-GB\",\"@id\":\"https:\/\/donbaraton.es\/#\/schema\/logo\/image\/\",\"url\":\"https:\/\/i0.wp.com\/donbaraton.es\/wp-content\/uploads\/2016\/11\/logo_don_baraton.png?fit=228%2C110&ssl=1\",\"contentUrl\":\"https:\/\/i0.wp.com\/donbaraton.es\/wp-content\/uploads\/2016\/11\/logo_don_baraton.png?fit=228%2C110&ssl=1\",\"width\":228,\"height\":110,\"caption\":\"Don Baraton\"},\"image\":{\"@id\":\"https:\/\/donbaraton.es\/#\/schema\/logo\/image\/\"},\"sameAs\":[\"https:\/\/www.facebook.com\/donbaraton.es\",\"https:\/\/x.com\/don_baraton\",\"https:\/\/www.instagram.com\/donbaraton.es\",\"https:\/\/www.linkedin.com\/company\/donbaraton\/\",\"https:\/\/es.pinterest.com\/donbaraton\/\",\"https:\/\/www.youtube.com\/channel\/UCL02HOwx-F759Jq5MedAZfQ\"]}]}<\/script>\n<!-- \/ Yoast SEO plugin. -->","yoast_head_json":{"title":"Corner Sofa with Folding Bed and Storage - Harbour - Don Baraton: tienda de sof\u00e1s, muebles y colchones","robots":{"index":"index","follow":"follow","max-snippet":"max-snippet:-1","max-image-preview":"max-image-preview:large","max-video-preview":"max-video-preview:-1"},"canonical":"https:\/\/donbaraton.es\/en\/p\/corner-sofa-folding-bed-storage-harbour\/","og_locale":"en_GB","og_type":"article","og_title":"Corner Sofa with Folding Bed and Storage - Harbour - Don Baraton: tienda de sof\u00e1s, muebles y colchones","og_description":"Spacious pull-put bed 150 x 250 cm  3 colours to choose from: dark grey, light grey and brown  One colour all over the sofa  Left or right corner position to choose from  Two storage compartments under the seats  Dimensions: length 290 cm and 195 cm, depth 98 cm, height 90 cm","og_url":"https:\/\/donbaraton.es\/en\/p\/corner-sofa-folding-bed-storage-harbour\/","og_site_name":"Don Baraton: tienda de sof\u00e1s, muebles y colchones","article_publisher":"https:\/\/www.facebook.com\/donbaraton.es","article_modified_time":"2021-07-14T11:08:02+00:00","og_image":[{"width":800,"height":533,"url":"https:\/\/i0.wp.com\/donbaraton.es\/wp-content\/uploads\/2018\/05\/Sof\u00e1-rinconera-con-cama-plegable-esquina-derecha-color-gris-\u2013-Harbour.jpg?fit=800%2C533&ssl=1","type":"image\/jpeg"}],"twitter_card":"summary_large_image","twitter_site":"@don_baraton","schema":{"@context":"https:\/\/schema.org","@graph":[{"@type":"WebPage","@id":"https:\/\/donbaraton.es\/en\/p\/corner-sofa-folding-bed-storage-harbour\/","url":"https:\/\/donbaraton.es\/en\/p\/corner-sofa-folding-bed-storage-harbour\/","name":"Corner Sofa with Folding Bed and Storage - Harbour - Don Baraton: tienda de sof\u00e1s, muebles y colchones","isPartOf":{"@id":"https:\/\/donbaraton.es\/#website"},"primaryImageOfPage":{"@id":"https:\/\/donbaraton.es\/en\/p\/corner-sofa-folding-bed-storage-harbour\/#primaryimage"},"image":{"@id":"https:\/\/donbaraton.es\/en\/p\/corner-sofa-folding-bed-storage-harbour\/#primaryimage"},"thumbnailUrl":"https:\/\/donbaraton.es\/wp-content\/uploads\/2018\/05\/Sof\u00e1-rinconera-con-cama-plegable-esquina-derecha-color-gris-\u2013-Harbour.jpg","datePublished":"2018-05-02T10:00:52+00:00","dateModified":"2021-07-14T11:08:02+00:00","breadcrumb":{"@id":"https:\/\/donbaraton.es\/en\/p\/corner-sofa-folding-bed-storage-harbour\/#breadcrumb"},"inLanguage":"en-GB","potentialAction":[{"@type":"ReadAction","target":["https:\/\/donbaraton.es\/en\/p\/corner-sofa-folding-bed-storage-harbour\/"]}]},{"@type":"ImageObject","inLanguage":"en-GB","@id":"https:\/\/donbaraton.es\/en\/p\/corner-sofa-folding-bed-storage-harbour\/#primaryimage","url":"https:\/\/donbaraton.es\/wp-content\/uploads\/2018\/05\/Sof\u00e1-rinconera-con-cama-plegable-esquina-derecha-color-gris-\u2013-Harbour.jpg","contentUrl":"https:\/\/donbaraton.es\/wp-content\/uploads\/2018\/05\/Sof\u00e1-rinconera-con-cama-plegable-esquina-derecha-color-gris-\u2013-Harbour.jpg","width":800,"height":533,"caption":"Corner Sofa with Folding Bed and Storage - Harbour. Dark Grey Fabric, Right Corner"},{"@type":"BreadcrumbList","@id":"https:\/\/donbaraton.es\/en\/p\/corner-sofa-folding-bed-storage-harbour\/#breadcrumb","itemListElement":[{"@type":"ListItem","position":1,"name":"Portada","item":"https:\/\/donbaraton.es\/en\/"},{"@type":"ListItem","position":2,"name":"Online Shop","item":"https:\/\/donbaraton.es\/en\/shop\/"},{"@type":"ListItem","position":3,"name":"Corner Sofa with Folding Bed and Storage &#8211; Harbour"}]},{"@type":"WebSite","@id":"https:\/\/donbaraton.es\/#website","url":"https:\/\/donbaraton.es\/","name":"Don Baraton: tienda de sof\u00e1s, muebles y colchones","description":"Sofas baratos desde el almac\u00e9n en Almorad\u00ed, Alicante","publisher":{"@id":"https:\/\/donbaraton.es\/#organization"},"potentialAction":[{"@type":"SearchAction","target":{"@type":"EntryPoint","urlTemplate":"https:\/\/donbaraton.es\/?s={search_term_string}"},"query-input":{"@type":"PropertyValueSpecification","valueRequired":true,"valueName":"search_term_string"}}],"inLanguage":"en-GB"},{"@type":"Organization","@id":"https:\/\/donbaraton.es\/#organization","name":"Don Baraton","url":"https:\/\/donbaraton.es\/","logo":{"@type":"ImageObject","inLanguage":"en-GB","@id":"https:\/\/donbaraton.es\/#\/schema\/logo\/image\/","url":"https:\/\/i0.wp.com\/donbaraton.es\/wp-content\/uploads\/2016\/11\/logo_don_baraton.png?fit=228%2C110&ssl=1","contentUrl":"https:\/\/i0.wp.com\/donbaraton.es\/wp-content\/uploads\/2016\/11\/logo_don_baraton.png?fit=228%2C110&ssl=1","width":228,"height":110,"caption":"Don Baraton"},"image":{"@id":"https:\/\/donbaraton.es\/#\/schema\/logo\/image\/"},"sameAs":["https:\/\/www.facebook.com\/donbaraton.es","https:\/\/x.com\/don_baraton","https:\/\/www.instagram.com\/donbaraton.es","https:\/\/www.linkedin.com\/company\/donbaraton\/","https:\/\/es.pinterest.com\/donbaraton\/","https:\/\/www.youtube.com\/channel\/UCL02HOwx-F759Jq5MedAZfQ"]}]}},"_links":{"self":[{"href":"https:\/\/donbaraton.es\/en\/wp-json\/wp\/v2\/product\/9693","targetHints":{"allow":["GET"]}}],"collection":[{"href":"https:\/\/donbaraton.es\/en\/wp-json\/wp\/v2\/product"}],"about":[{"href":"https:\/\/donbaraton.es\/en\/wp-json\/wp\/v2\/types\/product"}],"replies":[{"embeddable":true,"href":"https:\/\/donbaraton.es\/en\/wp-json\/wp\/v2\/comments?post=9693"}],"wp:featuredmedia":[{"embeddable":true,"href":"https:\/\/donbaraton.es\/en\/wp-json\/wp\/v2\/media\/9595"}],"wp:attachment":[{"href":"https:\/\/donbaraton.es\/en\/wp-json\/wp\/v2\/media?parent=9693"}],"wp:term":[{"taxonomy":"product_brand","embeddable":true,"href":"https:\/\/donbaraton.es\/en\/wp-json\/wp\/v2\/product_brand?post=9693"},{"taxonomy":"product_cat","embeddable":true,"href":"https:\/\/donbaraton.es\/en\/wp-json\/wp\/v2\/product_cat?post=9693"},{"taxonomy":"product_tag","embeddable":true,"href":"https:\/\/donbaraton.es\/en\/wp-json\/wp\/v2\/product_tag?post=9693"}],"curies":[{"name":"wp","href":"https:\/\/api.w.org\/{rel}","templated":true}]}}