{"id":9719,"date":"2018-05-16T02:22:20","date_gmt":"2018-01-08T14:22:20","guid":{"rendered":"https:\/\/donbaraton.es\/producto\/uncategorized\/upholstered-designer-buttoned-chair-stockholm\/"},"modified":"2021-02-27T16:49:20","modified_gmt":"2021-02-27T15:49:20","slug":"upholstered-designer-buttoned-chair-stockholm","status":"publish","type":"product","link":"https:\/\/donbaraton.es\/en\/p\/upholstered-designer-buttoned-chair-stockholm\/","title":{"rendered":"Upholstered Designer Buttoned Chair &#8211; Stockholm"},"content":{"rendered":"<p><strong>Upholstered designer chair &#8211; Stockholm<\/strong><\/p>\n<p>A very comfortable chair with soft seat and high backrest. Blue, yellow or grey fabric to choose. Buttoned backrest. Solid pine wood structure and <span id=\"productTitle\" class=\"a-size-large\">legs. Seat filling &#8211; foam reinforced with hollow fibre. Fabric composition: 90%\u00a0polyester, 10% cotton.\u00a0<\/span> Also available: <strong><a href=\"https:\/\/donbaraton.es\/en\/p\/2-seater-upholstered-designer-buttoned-sofa-stockholm\/\">2 seater sofa<\/a><\/strong> in the same style to form living room sets.<\/p>\n<p><span id=\"productTitle\" class=\"a-size-large\"><strong>Dimensions:<\/strong> width 95 cm, height 95 cm, depth 77 cm<\/span><\/p>\n","protected":false},"excerpt":{"rendered":"<ul>\n<li>Comfy seat and high backrest<\/li>\n<li>Solid pine wood structure and <span id=\"productTitle\" class=\"a-size-large\">legs<\/span><\/li>\n<li><span id=\"productTitle\" class=\"a-size-large\">Seat filling &#8211; foam reinforced with hollow fibre<\/span><\/li>\n<li>3 colores to choose<\/li>\n<li>Also available: <a href=\"https:\/\/donbaraton.es\/en\/p\/2-seater-upholstered-designer-buttoned-sofa-stockholm\/\"><strong>2 seater sofa<\/strong><\/a> in the same style<\/li>\n<\/ul>\n<p><span id=\"productTitle\" class=\"a-size-large\"><strong>Dimensions:<\/strong> width 95 cm, height 95 cm, depth 77 cm<\/span><\/p>\n","protected":false},"featured_media":29621,"comment_status":"open","ping_status":"closed","template":"","meta":{"_et_pb_use_builder":"","_et_pb_old_content":"","_et_gb_content_width":""},"product_brand":[],"product_cat":[39],"product_tag":[],"class_list":{"0":"post-9719","1":"product","2":"type-product","3":"status-publish","4":"has-post-thumbnail","6":"product_cat-armchairs","7":"product_shipping_class-articulos-promedios","8":"pa_material-fabric","10":"first","11":"outofstock","12":"sale","13":"taxable","14":"shipping-taxable","15":"purchasable","16":"product-type-variable"},"yoast_head":"<!-- This site is optimized with the Yoast SEO plugin v27.2 - https:\/\/yoast.com\/product\/yoast-seo-wordpress\/ -->\n<title>Upholstered Designer Buttoned Chair - Stockholm - Don Baraton: tienda de sof\u00e1s, muebles y colchones<\/title>\n<meta name=\"robots\" content=\"index, follow, max-snippet:-1, max-image-preview:large, max-video-preview:-1\" \/>\n<link rel=\"canonical\" href=\"https:\/\/donbaraton.es\/en\/p\/upholstered-designer-buttoned-chair-stockholm\/\" \/>\n<meta property=\"og:locale\" content=\"en_GB\" \/>\n<meta property=\"og:type\" content=\"article\" \/>\n<meta property=\"og:title\" content=\"Upholstered Designer Buttoned Chair - Stockholm - Don Baraton: tienda de sof\u00e1s, muebles y colchones\" \/>\n<meta property=\"og:description\" content=\"Comfy seat and high backrest  Solid pine wood structure and legs  Seat filling - foam reinforced with hollow fibre  3 colores to choose  Also available: 2 seater sofa in the same style  Dimensions: width 95 cm, height 95 cm, depth 77 cm\" \/>\n<meta property=\"og:url\" content=\"https:\/\/donbaraton.es\/en\/p\/upholstered-designer-buttoned-chair-stockholm\/\" \/>\n<meta property=\"og:site_name\" content=\"Don Baraton: tienda de sof\u00e1s, muebles y colchones\" \/>\n<meta property=\"article:publisher\" content=\"https:\/\/www.facebook.com\/donbaraton.es\" \/>\n<meta property=\"article:modified_time\" content=\"2021-02-27T15:49:20+00:00\" \/>\n<meta property=\"og:image\" content=\"https:\/\/i1.wp.com\/donbaraton.es\/wp-content\/uploads\/2018\/05\/Butaca-con-botones-tapizada-en-tela-gris-Stockholm.jpg?fit=1000%2C750&ssl=1\" \/>\n\t<meta property=\"og:image:width\" content=\"1000\" \/>\n\t<meta property=\"og:image:height\" content=\"750\" \/>\n\t<meta property=\"og:image:type\" content=\"image\/jpeg\" \/>\n<meta name=\"twitter:card\" content=\"summary_large_image\" \/>\n<meta name=\"twitter:site\" content=\"@don_baraton\" \/>\n<script type=\"application\/ld+json\" class=\"yoast-schema-graph\">{\"@context\":\"https:\/\/schema.org\",\"@graph\":[{\"@type\":\"WebPage\",\"@id\":\"https:\/\/donbaraton.es\/en\/p\/upholstered-designer-buttoned-chair-stockholm\/\",\"url\":\"https:\/\/donbaraton.es\/en\/p\/upholstered-designer-buttoned-chair-stockholm\/\",\"name\":\"Upholstered Designer Buttoned Chair - Stockholm - Don Baraton: tienda de sof\u00e1s, muebles y colchones\",\"isPartOf\":{\"@id\":\"https:\/\/donbaraton.es\/#website\"},\"primaryImageOfPage\":{\"@id\":\"https:\/\/donbaraton.es\/en\/p\/upholstered-designer-buttoned-chair-stockholm\/#primaryimage\"},\"image\":{\"@id\":\"https:\/\/donbaraton.es\/en\/p\/upholstered-designer-buttoned-chair-stockholm\/#primaryimage\"},\"thumbnailUrl\":\"https:\/\/donbaraton.es\/wp-content\/uploads\/2018\/05\/Butaca-con-botones-tapizada-en-tela-gris-Stockholm.jpg\",\"datePublished\":\"2018-01-08T14:22:20+00:00\",\"dateModified\":\"2021-02-27T15:49:20+00:00\",\"breadcrumb\":{\"@id\":\"https:\/\/donbaraton.es\/en\/p\/upholstered-designer-buttoned-chair-stockholm\/#breadcrumb\"},\"inLanguage\":\"en-GB\",\"potentialAction\":[{\"@type\":\"ReadAction\",\"target\":[\"https:\/\/donbaraton.es\/en\/p\/upholstered-designer-buttoned-chair-stockholm\/\"]}]},{\"@type\":\"ImageObject\",\"inLanguage\":\"en-GB\",\"@id\":\"https:\/\/donbaraton.es\/en\/p\/upholstered-designer-buttoned-chair-stockholm\/#primaryimage\",\"url\":\"https:\/\/donbaraton.es\/wp-content\/uploads\/2018\/05\/Butaca-con-botones-tapizada-en-tela-gris-Stockholm.jpg\",\"contentUrl\":\"https:\/\/donbaraton.es\/wp-content\/uploads\/2018\/05\/Butaca-con-botones-tapizada-en-tela-gris-Stockholm.jpg\",\"width\":1000,\"height\":750,\"caption\":\"Grey upholstered buttoned chair - Stockholm\"},{\"@type\":\"BreadcrumbList\",\"@id\":\"https:\/\/donbaraton.es\/en\/p\/upholstered-designer-buttoned-chair-stockholm\/#breadcrumb\",\"itemListElement\":[{\"@type\":\"ListItem\",\"position\":1,\"name\":\"Portada\",\"item\":\"https:\/\/donbaraton.es\/en\/\"},{\"@type\":\"ListItem\",\"position\":2,\"name\":\"Online Shop\",\"item\":\"https:\/\/donbaraton.es\/en\/shop\/\"},{\"@type\":\"ListItem\",\"position\":3,\"name\":\"Upholstered Designer Buttoned Chair &#8211; Stockholm\"}]},{\"@type\":\"WebSite\",\"@id\":\"https:\/\/donbaraton.es\/#website\",\"url\":\"https:\/\/donbaraton.es\/\",\"name\":\"Don Baraton: tienda de sof\u00e1s, muebles y colchones\",\"description\":\"Sofas baratos desde el almac\u00e9n en Almorad\u00ed, Alicante\",\"publisher\":{\"@id\":\"https:\/\/donbaraton.es\/#organization\"},\"potentialAction\":[{\"@type\":\"SearchAction\",\"target\":{\"@type\":\"EntryPoint\",\"urlTemplate\":\"https:\/\/donbaraton.es\/?s={search_term_string}\"},\"query-input\":{\"@type\":\"PropertyValueSpecification\",\"valueRequired\":true,\"valueName\":\"search_term_string\"}}],\"inLanguage\":\"en-GB\"},{\"@type\":\"Organization\",\"@id\":\"https:\/\/donbaraton.es\/#organization\",\"name\":\"Don Baraton\",\"url\":\"https:\/\/donbaraton.es\/\",\"logo\":{\"@type\":\"ImageObject\",\"inLanguage\":\"en-GB\",\"@id\":\"https:\/\/donbaraton.es\/#\/schema\/logo\/image\/\",\"url\":\"https:\/\/i0.wp.com\/donbaraton.es\/wp-content\/uploads\/2016\/11\/logo_don_baraton.png?fit=228%2C110&ssl=1\",\"contentUrl\":\"https:\/\/i0.wp.com\/donbaraton.es\/wp-content\/uploads\/2016\/11\/logo_don_baraton.png?fit=228%2C110&ssl=1\",\"width\":228,\"height\":110,\"caption\":\"Don Baraton\"},\"image\":{\"@id\":\"https:\/\/donbaraton.es\/#\/schema\/logo\/image\/\"},\"sameAs\":[\"https:\/\/www.facebook.com\/donbaraton.es\",\"https:\/\/x.com\/don_baraton\",\"https:\/\/www.instagram.com\/donbaraton.es\",\"https:\/\/www.linkedin.com\/company\/donbaraton\/\",\"https:\/\/es.pinterest.com\/donbaraton\/\",\"https:\/\/www.youtube.com\/channel\/UCL02HOwx-F759Jq5MedAZfQ\"]}]}<\/script>\n<!-- \/ Yoast SEO plugin. -->","yoast_head_json":{"title":"Upholstered Designer Buttoned Chair - Stockholm - Don Baraton: tienda de sof\u00e1s, muebles y colchones","robots":{"index":"index","follow":"follow","max-snippet":"max-snippet:-1","max-image-preview":"max-image-preview:large","max-video-preview":"max-video-preview:-1"},"canonical":"https:\/\/donbaraton.es\/en\/p\/upholstered-designer-buttoned-chair-stockholm\/","og_locale":"en_GB","og_type":"article","og_title":"Upholstered Designer Buttoned Chair - Stockholm - Don Baraton: tienda de sof\u00e1s, muebles y colchones","og_description":"Comfy seat and high backrest  Solid pine wood structure and legs  Seat filling - foam reinforced with hollow fibre  3 colores to choose  Also available: 2 seater sofa in the same style  Dimensions: width 95 cm, height 95 cm, depth 77 cm","og_url":"https:\/\/donbaraton.es\/en\/p\/upholstered-designer-buttoned-chair-stockholm\/","og_site_name":"Don Baraton: tienda de sof\u00e1s, muebles y colchones","article_publisher":"https:\/\/www.facebook.com\/donbaraton.es","article_modified_time":"2021-02-27T15:49:20+00:00","og_image":[{"width":1000,"height":750,"url":"https:\/\/i1.wp.com\/donbaraton.es\/wp-content\/uploads\/2018\/05\/Butaca-con-botones-tapizada-en-tela-gris-Stockholm.jpg?fit=1000%2C750&ssl=1","type":"image\/jpeg"}],"twitter_card":"summary_large_image","twitter_site":"@don_baraton","schema":{"@context":"https:\/\/schema.org","@graph":[{"@type":"WebPage","@id":"https:\/\/donbaraton.es\/en\/p\/upholstered-designer-buttoned-chair-stockholm\/","url":"https:\/\/donbaraton.es\/en\/p\/upholstered-designer-buttoned-chair-stockholm\/","name":"Upholstered Designer Buttoned Chair - Stockholm - Don Baraton: tienda de sof\u00e1s, muebles y colchones","isPartOf":{"@id":"https:\/\/donbaraton.es\/#website"},"primaryImageOfPage":{"@id":"https:\/\/donbaraton.es\/en\/p\/upholstered-designer-buttoned-chair-stockholm\/#primaryimage"},"image":{"@id":"https:\/\/donbaraton.es\/en\/p\/upholstered-designer-buttoned-chair-stockholm\/#primaryimage"},"thumbnailUrl":"https:\/\/donbaraton.es\/wp-content\/uploads\/2018\/05\/Butaca-con-botones-tapizada-en-tela-gris-Stockholm.jpg","datePublished":"2018-01-08T14:22:20+00:00","dateModified":"2021-02-27T15:49:20+00:00","breadcrumb":{"@id":"https:\/\/donbaraton.es\/en\/p\/upholstered-designer-buttoned-chair-stockholm\/#breadcrumb"},"inLanguage":"en-GB","potentialAction":[{"@type":"ReadAction","target":["https:\/\/donbaraton.es\/en\/p\/upholstered-designer-buttoned-chair-stockholm\/"]}]},{"@type":"ImageObject","inLanguage":"en-GB","@id":"https:\/\/donbaraton.es\/en\/p\/upholstered-designer-buttoned-chair-stockholm\/#primaryimage","url":"https:\/\/donbaraton.es\/wp-content\/uploads\/2018\/05\/Butaca-con-botones-tapizada-en-tela-gris-Stockholm.jpg","contentUrl":"https:\/\/donbaraton.es\/wp-content\/uploads\/2018\/05\/Butaca-con-botones-tapizada-en-tela-gris-Stockholm.jpg","width":1000,"height":750,"caption":"Grey upholstered buttoned chair - Stockholm"},{"@type":"BreadcrumbList","@id":"https:\/\/donbaraton.es\/en\/p\/upholstered-designer-buttoned-chair-stockholm\/#breadcrumb","itemListElement":[{"@type":"ListItem","position":1,"name":"Portada","item":"https:\/\/donbaraton.es\/en\/"},{"@type":"ListItem","position":2,"name":"Online Shop","item":"https:\/\/donbaraton.es\/en\/shop\/"},{"@type":"ListItem","position":3,"name":"Upholstered Designer Buttoned Chair &#8211; Stockholm"}]},{"@type":"WebSite","@id":"https:\/\/donbaraton.es\/#website","url":"https:\/\/donbaraton.es\/","name":"Don Baraton: tienda de sof\u00e1s, muebles y colchones","description":"Sofas baratos desde el almac\u00e9n en Almorad\u00ed, Alicante","publisher":{"@id":"https:\/\/donbaraton.es\/#organization"},"potentialAction":[{"@type":"SearchAction","target":{"@type":"EntryPoint","urlTemplate":"https:\/\/donbaraton.es\/?s={search_term_string}"},"query-input":{"@type":"PropertyValueSpecification","valueRequired":true,"valueName":"search_term_string"}}],"inLanguage":"en-GB"},{"@type":"Organization","@id":"https:\/\/donbaraton.es\/#organization","name":"Don Baraton","url":"https:\/\/donbaraton.es\/","logo":{"@type":"ImageObject","inLanguage":"en-GB","@id":"https:\/\/donbaraton.es\/#\/schema\/logo\/image\/","url":"https:\/\/i0.wp.com\/donbaraton.es\/wp-content\/uploads\/2016\/11\/logo_don_baraton.png?fit=228%2C110&ssl=1","contentUrl":"https:\/\/i0.wp.com\/donbaraton.es\/wp-content\/uploads\/2016\/11\/logo_don_baraton.png?fit=228%2C110&ssl=1","width":228,"height":110,"caption":"Don Baraton"},"image":{"@id":"https:\/\/donbaraton.es\/#\/schema\/logo\/image\/"},"sameAs":["https:\/\/www.facebook.com\/donbaraton.es","https:\/\/x.com\/don_baraton","https:\/\/www.instagram.com\/donbaraton.es","https:\/\/www.linkedin.com\/company\/donbaraton\/","https:\/\/es.pinterest.com\/donbaraton\/","https:\/\/www.youtube.com\/channel\/UCL02HOwx-F759Jq5MedAZfQ"]}]}},"_links":{"self":[{"href":"https:\/\/donbaraton.es\/en\/wp-json\/wp\/v2\/product\/9719","targetHints":{"allow":["GET"]}}],"collection":[{"href":"https:\/\/donbaraton.es\/en\/wp-json\/wp\/v2\/product"}],"about":[{"href":"https:\/\/donbaraton.es\/en\/wp-json\/wp\/v2\/types\/product"}],"replies":[{"embeddable":true,"href":"https:\/\/donbaraton.es\/en\/wp-json\/wp\/v2\/comments?post=9719"}],"wp:featuredmedia":[{"embeddable":true,"href":"https:\/\/donbaraton.es\/en\/wp-json\/wp\/v2\/media\/29621"}],"wp:attachment":[{"href":"https:\/\/donbaraton.es\/en\/wp-json\/wp\/v2\/media?parent=9719"}],"wp:term":[{"taxonomy":"product_brand","embeddable":true,"href":"https:\/\/donbaraton.es\/en\/wp-json\/wp\/v2\/product_brand?post=9719"},{"taxonomy":"product_cat","embeddable":true,"href":"https:\/\/donbaraton.es\/en\/wp-json\/wp\/v2\/product_cat?post=9719"},{"taxonomy":"product_tag","embeddable":true,"href":"https:\/\/donbaraton.es\/en\/wp-json\/wp\/v2\/product_tag?post=9719"}],"curies":[{"name":"wp","href":"https:\/\/api.w.org\/{rel}","templated":true}]}}