{"id":33155,"date":"2021-06-20T00:38:44","date_gmt":"2021-06-19T22:38:44","guid":{"rendered":"https:\/\/donbaraton.es\/%d0%b4%d0%be%d0%bd-%d0%b1%d0%b0%d1%80%d0%b0%d1%82%d0%be%d0%bd-%d1%8d%d0%bb%d1%8c%d1%87%d0%b5-%d0%bc%d0%b0%d0%b3%d0%b0%d0%b7%d0%b8%d0%bd-%d0%b4%d0%b8%d0%b2%d0%b0%d0%bd%d0%be%d0%b2-%d0%bc\/"},"modified":"2021-06-20T00:43:08","modified_gmt":"2021-06-19T22:43:08","slug":"elche","status":"publish","type":"page","link":"https:\/\/donbaraton.es\/ru\/elche\/","title":{"rendered":"\u0414\u043e\u043d \u0411\u0430\u0440\u0430\u0442\u043e\u043d \u042d\u043b\u044c\u0447\u0435 \u2013 \u043c\u0430\u0433\u0430\u0437\u0438\u043d \u0434\u0438\u0432\u0430\u043d\u043e\u0432, \u043c\u0430\u0442\u0440\u0430\u0441\u043e\u0432 \u0438 \u043c\u0435\u0431\u0435\u043b\u0438"},"content":{"rendered":"\n<figure class=\"wp-block-image size-large\"><a href=\"https:\/\/www.google.com\/maps\/place\/Don+Baraton+Elche\/@38.2523929,-0.7737971,15z\/data=!4m5!3m4!1s0x0:0x5e8c7f3899413173!8m2!3d38.2523929!4d-0.7737971\"><img loading=\"lazy\" decoding=\"async\" width=\"1000\" height=\"750\" src=\"https:\/\/donbaraton.es\/wp-content\/uploads\/2021\/06\/Dentro-de-la-tienda-de-sofas-colchones-y-muebles-Don-Baraton-Elche.jpg\" alt=\"\" class=\"wp-image-33122\" srcset=\"https:\/\/donbaraton.es\/wp-content\/uploads\/2021\/06\/Dentro-de-la-tienda-de-sofas-colchones-y-muebles-Don-Baraton-Elche.jpg 1000w, https:\/\/donbaraton.es\/wp-content\/uploads\/2021\/06\/Dentro-de-la-tienda-de-sofas-colchones-y-muebles-Don-Baraton-Elche-980x735.jpg 980w, https:\/\/donbaraton.es\/wp-content\/uploads\/2021\/06\/Dentro-de-la-tienda-de-sofas-colchones-y-muebles-Don-Baraton-Elche-480x360.jpg 480w\" sizes=\"(min-width: 0px) and (max-width: 480px) 480px, (min-width: 481px) and (max-width: 980px) 980px, (min-width: 981px) 1000px, 100vw\" \/><\/a><\/figure>\n\n\n\n<p><p><strong>\u0422\u0435\u043b\u0435\u0444\u043e\u043d:<\/strong>\u00a0+34 634 167 957 (\u041d\u0438\u043a\u043e\u043b\u0430\u0439)<\/p><\/p>\n\n\n\n<p><p><strong>\u0410\u0434\u0440\u0435\u0441:<\/strong> \u00a0Carretera Elche &#8212; Crevillente, N 340, km 711 (Alicante), Espa\u00f1a. \u041a\u0430\u0440\u0440\u0435\u0442\u0435\u0440\u0430 \u042d\u043b\u044c\u0447\u0435-\u041a\u0440\u0435\u0432\u0438\u043b\u044c\u0435\u043d\u0442\u0435, 711 \u043a\u043c\u00a0(\u041f\u0440\u043e\u0432\u0438\u043d\u0446\u0438\u044f \u0410\u043b\u0438\u043a\u0430\u043d\u0442\u0435), \u0418\u0441\u043f\u0430\u043d\u0438\u044f <a href=\"https:\/\/www.google.com\/maps\/place\/Don+Baraton+Elche\/@38.2523929,-0.7737971,15z\/data=!4m5!3m4!1s0x0:0x5e8c7f3899413173!8m2!3d38.2523929!4d-0.7737971\">(\u043d\u0430\u0436\u043c\u0438\u0442\u0435 \u0437\u0434\u0435\u0441\u044c \u043d\u0430 \u0442\u0435\u043b\u0435\u0444\u043e\u043d\u0435, \u0447\u0442\u043e\u0431\u044b \u043f\u0440\u0438\u0435\u0445\u0430\u0442\u044c \u043a \u043d\u0430\u043c \u043f\u043e \u043d\u0430\u0432\u0438\u0433\u0430\u0442\u043e\u0440\u0443).<\/a><\/p><\/p>\n\n\n\n<p><p><strong>\u0412\u0440\u0435\u043c\u044f \u0440\u0430\u0431\u043e\u0442\u044b:<\/strong> \u041f\u043e\u043d\u0435\u0434\u0435\u043b\u044c\u043d\u0438\u043a-\u043f\u044f\u0442\u043d\u0438\u0446\u0430: 10:00 \u2013 20:00. \u0421\u0443\u0431\u0431\u043e\u0442\u0430: 10:00 \u2013 20:00 <strong>\u041f\u043b\u043e\u0449\u0430\u0434\u044c:<\/strong> 1000 \u043c2<\/p><\/p>\n\n\n\n<p>\u0412\u0441\u0435 \u043d\u0430\u0448\u0438 \u043c\u043e\u0434\u0435\u043b\u0438 \u0434\u043e\u0441\u0442\u0443\u043f\u043d\u044b \u043d\u0430 \u0441\u0430\u0439\u0442\u0435 \u0441 \u0446\u0435\u043d\u0430\u043c\u0438, \u0440\u0430\u0437\u043c\u0435\u0440\u0430\u043c\u0438 \u0438 \u043e\u043f\u0438\u0441\u0430\u043d\u0438\u044f\u043c\u0438. \u041d\u0430\u0436\u043c\u0438\u0442\u0435 \u043d\u0430 \u043a\u043d\u043e\u043f\u043a\u0443 \u043d\u0438\u0436\u0435 \u0447\u0442\u043e\u0431\u044b \u0432\u044b\u0431\u0440\u0430\u0442\u044c \u0432\u0430\u0448 \u0434\u0438\u0432\u0430\u043d:<\/p>\n\n\n\n<p><\/p>\n\n\n\n<div class=\"wp-block-buttons is-content-justification-center is-layout-flex wp-block-buttons-is-layout-flex\">\n<div class=\"wp-block-button is-style-fill\"><a class=\"wp-block-button__link has-white-color has-vivid-green-cyan-background-color has-text-color has-background\" href=\"https:\/\/donbaraton.es\/ru\/%D0%BC%D0%B0%D0%B3%D0%B0%D0%B7%D0%B8%D0%BD\/\" style=\"border-radius:4px\">\u0421\u043c\u043e\u0442\u0440\u0435\u0442\u044c \u0434\u0438\u0432\u0430\u043d\u044b <\/a><\/div>\n<\/div>\n\n\n\n<p class=\"has-text-align-center\"><p><strong>\u0415\u0441\u0442\u044c \u0432\u043e\u043f\u0440\u043e\u0441\u044b? \u0421\u0432\u044f\u0436\u0438\u0442\u0435\u0441\u044c \u0441 \u043d\u0430\u043c\u0438:<\/strong><\/p><\/p>\n\n\n\n<div class=\"wp-block-buttons is-content-justification-center is-layout-flex wp-block-buttons-is-layout-flex\">\n<div class=\"wp-block-button is-style-fill\"><a class=\"wp-block-button__link has-white-color has-vivid-green-cyan-background-color has-text-color has-background\" href=\"https:\/\/donbaraton.es\/ru\/%d0%ba%d0%be%d0%bd%d1%82%d0%b0%d0%ba%d1%82%d1%8b\/\" style=\"border-radius:4px\">\u041a\u043e\u043d\u0442\u0430\u043a\u0442\u044b<\/a><\/div>\n<\/div>\n\n\n\n<p>\u041f\u0440\u043e\u0434\u0430\u0436\u0430 \u043d\u0435\u0434\u043e\u0440\u043e\u0433\u043e\u0439 \u043c\u044f\u0433\u043a\u043e\u0439 \u0438 \u043a\u043e\u0440\u043f\u0443\u0441\u043d\u043e\u0439 \u043c\u0435\u0431\u0435\u043b\u0438 \u0432 \u042d\u043b\u044c\u0447\u0435 \u2013 \u043a\u043e\u0436\u0430\u043d\u044b\u0435 \u0434\u0438\u0432\u0430\u043d\u044b, \u0443\u0433\u043b\u043e\u0432\u044b\u0435 \u0434\u0438\u0432\u0430\u043d\u044b, \u0434\u0438\u0432\u0430\u043d\u044b-\u043a\u0440\u043e\u0432\u0430\u0442\u0438, \u043c\u0430\u0442\u0440\u0430\u0441\u044b \u0441 \u044d\u0444\u0444\u0435\u043a\u0442\u043e\u043c \u043f\u0430\u043c\u044f\u0442\u0438 (\u043e\u0434\u043d\u043e\u0441\u043f\u0430\u043b\u044c\u043d\u044b\u0435, \u0434\u0432\u0443\u0441\u043f\u0430\u043b\u044c\u043d\u044b\u0435 \u0438 \u0448\u0438\u0440\u043e\u043a\u0438\u0435 \u0434\u0432\u0443\u0441\u043f\u0430\u043b\u044c\u043d\u044b\u0435), \u043a\u0440\u043e\u0432\u0430\u0442\u0438, \u0438\u0437\u0433\u043e\u043b\u043e\u0432\u044c\u044f \u0434\u043b\u044f \u043a\u0440\u043e\u0432\u0430\u0442\u0435\u0439, \u043a\u0440\u0435\u0441\u043b\u0430, \u0448\u043a\u0430\u0444\u044b, \u043a\u043e\u043c\u043e\u0434\u044b, \u0442\u0443\u043c\u0431\u043e\u0447\u043a\u0438, \u0433\u0430\u043b\u043e\u0448\u043d\u0438\u0446\u044b \u0438 \u0434\u0440\u0443\u0433\u0438\u0435 \u043f\u0440\u0435\u0434\u043c\u0435\u0442\u044b \u043c\u0435\u0431\u0435\u043b\u0438.<\/p>\n\n\n\n<figure class=\"wp-block-image size-large\"><a href=\"https:\/\/www.google.com\/maps\/place\/Don+Baraton+Elche\/@38.2523929,-0.7737971,15z\/data=!4m5!3m4!1s0x0:0x5e8c7f3899413173!8m2!3d38.2523929!4d-0.7737971\"><img loading=\"lazy\" decoding=\"async\" width=\"1000\" height=\"561\" src=\"https:\/\/donbaraton.es\/wp-content\/uploads\/2021\/06\/Fachada.-Tienda-de-sofas-colchones-y-muebles-Don-Baraton-Elche.jpg\" alt=\"\" class=\"wp-image-33136\" srcset=\"https:\/\/donbaraton.es\/wp-content\/uploads\/2021\/06\/Fachada.-Tienda-de-sofas-colchones-y-muebles-Don-Baraton-Elche.jpg 1000w, https:\/\/donbaraton.es\/wp-content\/uploads\/2021\/06\/Fachada.-Tienda-de-sofas-colchones-y-muebles-Don-Baraton-Elche-980x550.jpg 980w, https:\/\/donbaraton.es\/wp-content\/uploads\/2021\/06\/Fachada.-Tienda-de-sofas-colchones-y-muebles-Don-Baraton-Elche-480x269.jpg 480w\" sizes=\"(min-width: 0px) and (max-width: 480px) 480px, (min-width: 481px) and (max-width: 980px) 980px, (min-width: 981px) 1000px, 100vw\" \/><\/a><\/figure>\n\n\n\n<p class=\"has-text-align-center\"><p><strong>\u041c\u0435\u0441\u0442\u043e\u043f\u043e\u043b\u043e\u0436\u0435\u043d\u0438\u0435 \u0441\u043a\u043b\u0430\u0434\u0430 \u043d\u0430 \u043a\u0430\u0440\u0442\u0435 \u0413\u0443\u0433\u043b:<\/strong><\/p><\/p>\n\n\n\n<iframe src=\"https:\/\/www.google.com\/maps\/embed?pb=!1m14!1m8!1m3!1d12532.674861234087!2d-0.7737971!3d38.2523929!3m2!1i1024!2i768!4f13.1!3m3!1m2!1s0x0%3A0x5e8c7f3899413173!2sDon%20Baraton%20Elche!5e0!3m2!1sen!2sru!4v1624064513844!5m2!1sen!2sru\" width=\"600\" height=\"450\" style=\"border:0;\" allowfullscreen=\"\" loading=\"lazy\"><\/iframe>\n\n\n\n<p><\/p>\n","protected":false},"excerpt":{"rendered":"<p>\u0422\u0435\u043b\u0435\u0444\u043e\u043d:\u00a0+34 634 167 957 (\u041d\u0438\u043a\u043e\u043b\u0430\u0439) \u0410\u0434\u0440\u0435\u0441: \u00a0Carretera Elche &#8212; Crevillente, N 340, km 711 (Alicante), Espa\u00f1a. \u041a\u0430\u0440\u0440\u0435\u0442\u0435\u0440\u0430 \u042d\u043b\u044c\u0447\u0435-\u041a\u0440\u0435\u0432\u0438\u043b\u044c\u0435\u043d\u0442\u0435, 711 \u043a\u043c\u00a0(\u041f\u0440\u043e\u0432\u0438\u043d\u0446\u0438\u044f \u0410\u043b\u0438\u043a\u0430\u043d\u0442\u0435), \u0418\u0441\u043f\u0430\u043d\u0438\u044f (\u043d\u0430\u0436\u043c\u0438\u0442\u0435 \u0437\u0434\u0435\u0441\u044c \u043d\u0430 \u0442\u0435\u043b\u0435\u0444\u043e\u043d\u0435, \u0447\u0442\u043e\u0431\u044b \u043f\u0440\u0438\u0435\u0445\u0430\u0442\u044c \u043a \u043d\u0430\u043c \u043f\u043e \u043d\u0430\u0432\u0438\u0433\u0430\u0442\u043e\u0440\u0443). \u0412\u0440\u0435\u043c\u044f \u0440\u0430\u0431\u043e\u0442\u044b: \u041f\u043e\u043d\u0435\u0434\u0435\u043b\u044c\u043d\u0438\u043a-\u043f\u044f\u0442\u043d\u0438\u0446\u0430: 10:00 \u2013 20:00. \u0421\u0443\u0431\u0431\u043e\u0442\u0430: 10:00 \u2013 20:00 \u041f\u043b\u043e\u0449\u0430\u0434\u044c: 1000 \u043c2 \u0412\u0441\u0435 \u043d\u0430\u0448\u0438 \u043c\u043e\u0434\u0435\u043b\u0438 \u0434\u043e\u0441\u0442\u0443\u043f\u043d\u044b \u043d\u0430 \u0441\u0430\u0439\u0442\u0435 \u0441 \u0446\u0435\u043d\u0430\u043c\u0438, \u0440\u0430\u0437\u043c\u0435\u0440\u0430\u043c\u0438 \u0438 [&hellip;]<\/p>\n","protected":false},"author":3,"featured_media":0,"parent":0,"menu_order":0,"comment_status":"closed","ping_status":"closed","template":"","meta":{"_et_pb_use_builder":"off","_et_pb_old_content":"","_et_gb_content_width":"","footnotes":""},"class_list":["post-33155","page","type-page","status-publish","hentry"],"yoast_head":"<!-- This site is optimized with the Yoast SEO plugin v27.2 - https:\/\/yoast.com\/product\/yoast-seo-wordpress\/ -->\n<title>\u0414\u043e\u043d \u0411\u0430\u0440\u0430\u0442\u043e\u043d \u042d\u043b\u044c\u0447\u0435 \u2013 \u043c\u0430\u0433\u0430\u0437\u0438\u043d \u0434\u0438\u0432\u0430\u043d\u043e\u0432, \u043c\u0430\u0442\u0440\u0430\u0441\u043e\u0432 \u0438 \u043c\u0435\u0431\u0435\u043b\u0438 - Don Baraton: tienda de sof\u00e1s, colchones y muebles<\/title>\n<meta name=\"robots\" content=\"index, follow, max-snippet:-1, max-image-preview:large, max-video-preview:-1\" \/>\n<link rel=\"canonical\" href=\"https:\/\/donbaraton.es\/ru\/elche\/\" \/>\n<meta property=\"og:locale\" content=\"ru_RU\" \/>\n<meta property=\"og:type\" content=\"article\" \/>\n<meta property=\"og:title\" content=\"\u0414\u043e\u043d \u0411\u0430\u0440\u0430\u0442\u043e\u043d \u042d\u043b\u044c\u0447\u0435 \u2013 \u043c\u0430\u0433\u0430\u0437\u0438\u043d \u0434\u0438\u0432\u0430\u043d\u043e\u0432, \u043c\u0430\u0442\u0440\u0430\u0441\u043e\u0432 \u0438 \u043c\u0435\u0431\u0435\u043b\u0438 - Don Baraton: tienda de sof\u00e1s, colchones y muebles\" \/>\n<meta property=\"og:description\" content=\"\u0422\u0435\u043b\u0435\u0444\u043e\u043d:\u00a0+34 634 167 957 (\u041d\u0438\u043a\u043e\u043b\u0430\u0439) \u0410\u0434\u0440\u0435\u0441: \u00a0Carretera Elche &#8212; Crevillente, N 340, km 711 (Alicante), Espa\u00f1a. \u041a\u0430\u0440\u0440\u0435\u0442\u0435\u0440\u0430 \u042d\u043b\u044c\u0447\u0435-\u041a\u0440\u0435\u0432\u0438\u043b\u044c\u0435\u043d\u0442\u0435, 711 \u043a\u043c\u00a0(\u041f\u0440\u043e\u0432\u0438\u043d\u0446\u0438\u044f \u0410\u043b\u0438\u043a\u0430\u043d\u0442\u0435), \u0418\u0441\u043f\u0430\u043d\u0438\u044f (\u043d\u0430\u0436\u043c\u0438\u0442\u0435 \u0437\u0434\u0435\u0441\u044c \u043d\u0430 \u0442\u0435\u043b\u0435\u0444\u043e\u043d\u0435, \u0447\u0442\u043e\u0431\u044b \u043f\u0440\u0438\u0435\u0445\u0430\u0442\u044c \u043a \u043d\u0430\u043c \u043f\u043e \u043d\u0430\u0432\u0438\u0433\u0430\u0442\u043e\u0440\u0443). \u0412\u0440\u0435\u043c\u044f \u0440\u0430\u0431\u043e\u0442\u044b: \u041f\u043e\u043d\u0435\u0434\u0435\u043b\u044c\u043d\u0438\u043a-\u043f\u044f\u0442\u043d\u0438\u0446\u0430: 10:00 \u2013 20:00. \u0421\u0443\u0431\u0431\u043e\u0442\u0430: 10:00 \u2013 20:00 \u041f\u043b\u043e\u0449\u0430\u0434\u044c: 1000 \u043c2 \u0412\u0441\u0435 \u043d\u0430\u0448\u0438 \u043c\u043e\u0434\u0435\u043b\u0438 \u0434\u043e\u0441\u0442\u0443\u043f\u043d\u044b \u043d\u0430 \u0441\u0430\u0439\u0442\u0435 \u0441 \u0446\u0435\u043d\u0430\u043c\u0438, \u0440\u0430\u0437\u043c\u0435\u0440\u0430\u043c\u0438 \u0438 [&hellip;]\" \/>\n<meta property=\"og:url\" content=\"https:\/\/donbaraton.es\/ru\/elche\/\" \/>\n<meta property=\"og:site_name\" content=\"Don Baraton: tienda de sof\u00e1s, colchones y muebles\" \/>\n<meta property=\"article:publisher\" content=\"https:\/\/www.facebook.com\/donbaraton.es\" \/>\n<meta property=\"article:modified_time\" content=\"2021-06-19T22:43:08+00:00\" \/>\n<meta property=\"og:image\" content=\"https:\/\/donbaraton.es\/wp-content\/uploads\/2021\/06\/Dentro-de-la-tienda-de-sofas-colchones-y-muebles-Don-Baraton-Elche.jpg\" \/>\n<meta name=\"twitter:card\" content=\"summary_large_image\" \/>\n<meta name=\"twitter:site\" content=\"@don_baraton\" \/>\n<meta name=\"twitter:label1\" content=\"\u041f\u0440\u0438\u043c\u0435\u0440\u043d\u043e\u0435 \u0432\u0440\u0435\u043c\u044f \u0434\u043b\u044f \u0447\u0442\u0435\u043d\u0438\u044f\" \/>\n\t<meta name=\"twitter:data1\" content=\"1 \u043c\u0438\u043d\u0443\u0442\u0430\" \/>\n<script type=\"application\/ld+json\" class=\"yoast-schema-graph\">{\"@context\":\"https:\/\/schema.org\",\"@graph\":[{\"@type\":\"WebPage\",\"@id\":\"https:\/\/donbaraton.es\/ru\/elche\/\",\"url\":\"https:\/\/donbaraton.es\/ru\/elche\/\",\"name\":\"\u0414\u043e\u043d \u0411\u0430\u0440\u0430\u0442\u043e\u043d \u042d\u043b\u044c\u0447\u0435 \u2013 \u043c\u0430\u0433\u0430\u0437\u0438\u043d \u0434\u0438\u0432\u0430\u043d\u043e\u0432, \u043c\u0430\u0442\u0440\u0430\u0441\u043e\u0432 \u0438 \u043c\u0435\u0431\u0435\u043b\u0438 - Don Baraton: tienda de sof\u00e1s, colchones y muebles\",\"isPartOf\":{\"@id\":\"https:\/\/donbaraton.es\/#website\"},\"primaryImageOfPage\":{\"@id\":\"https:\/\/donbaraton.es\/ru\/elche\/#primaryimage\"},\"image\":{\"@id\":\"https:\/\/donbaraton.es\/ru\/elche\/#primaryimage\"},\"thumbnailUrl\":\"https:\/\/donbaraton.es\/wp-content\/uploads\/2021\/06\/Dentro-de-la-tienda-de-sofas-colchones-y-muebles-Don-Baraton-Elche.jpg\",\"datePublished\":\"2021-06-19T22:38:44+00:00\",\"dateModified\":\"2021-06-19T22:43:08+00:00\",\"breadcrumb\":{\"@id\":\"https:\/\/donbaraton.es\/ru\/elche\/#breadcrumb\"},\"inLanguage\":\"ru-RU\",\"potentialAction\":[{\"@type\":\"ReadAction\",\"target\":[\"https:\/\/donbaraton.es\/ru\/elche\/\"]}]},{\"@type\":\"ImageObject\",\"inLanguage\":\"ru-RU\",\"@id\":\"https:\/\/donbaraton.es\/ru\/elche\/#primaryimage\",\"url\":\"https:\/\/donbaraton.es\/wp-content\/uploads\/2021\/06\/Dentro-de-la-tienda-de-sofas-colchones-y-muebles-Don-Baraton-Elche.jpg\",\"contentUrl\":\"https:\/\/donbaraton.es\/wp-content\/uploads\/2021\/06\/Dentro-de-la-tienda-de-sofas-colchones-y-muebles-Don-Baraton-Elche.jpg\"},{\"@type\":\"BreadcrumbList\",\"@id\":\"https:\/\/donbaraton.es\/ru\/elche\/#breadcrumb\",\"itemListElement\":[{\"@type\":\"ListItem\",\"position\":1,\"name\":\"Portada\",\"item\":\"https:\/\/donbaraton.es\/ru\/\"},{\"@type\":\"ListItem\",\"position\":2,\"name\":\"\u0414\u043e\u043d \u0411\u0430\u0440\u0430\u0442\u043e\u043d \u042d\u043b\u044c\u0447\u0435 \u2013 \u043c\u0430\u0433\u0430\u0437\u0438\u043d \u0434\u0438\u0432\u0430\u043d\u043e\u0432, \u043c\u0430\u0442\u0440\u0430\u0441\u043e\u0432 \u0438 \u043c\u0435\u0431\u0435\u043b\u0438\"}]},{\"@type\":\"WebSite\",\"@id\":\"https:\/\/donbaraton.es\/#website\",\"url\":\"https:\/\/donbaraton.es\/\",\"name\":\"Don Baraton: tienda de sof\u00e1s, colchones y muebles\",\"description\":\"Venta de sof\u00e1s rinconeras, chaise longue, camas y conjuntos de sof\u00e1s\",\"publisher\":{\"@id\":\"https:\/\/donbaraton.es\/#organization\"},\"potentialAction\":[{\"@type\":\"SearchAction\",\"target\":{\"@type\":\"EntryPoint\",\"urlTemplate\":\"https:\/\/donbaraton.es\/?s={search_term_string}\"},\"query-input\":{\"@type\":\"PropertyValueSpecification\",\"valueRequired\":true,\"valueName\":\"search_term_string\"}}],\"inLanguage\":\"ru-RU\"},{\"@type\":\"Organization\",\"@id\":\"https:\/\/donbaraton.es\/#organization\",\"name\":\"Don Baraton\",\"url\":\"https:\/\/donbaraton.es\/\",\"logo\":{\"@type\":\"ImageObject\",\"inLanguage\":\"ru-RU\",\"@id\":\"https:\/\/donbaraton.es\/#\/schema\/logo\/image\/\",\"url\":\"https:\/\/i0.wp.com\/donbaraton.es\/wp-content\/uploads\/2016\/11\/logo_don_baraton.png?fit=228%2C110&ssl=1\",\"contentUrl\":\"https:\/\/i0.wp.com\/donbaraton.es\/wp-content\/uploads\/2016\/11\/logo_don_baraton.png?fit=228%2C110&ssl=1\",\"width\":228,\"height\":110,\"caption\":\"Don Baraton\"},\"image\":{\"@id\":\"https:\/\/donbaraton.es\/#\/schema\/logo\/image\/\"},\"sameAs\":[\"https:\/\/www.facebook.com\/donbaraton.es\",\"https:\/\/x.com\/don_baraton\",\"https:\/\/www.instagram.com\/donbaraton.es\",\"https:\/\/www.linkedin.com\/company\/donbaraton\/\",\"https:\/\/es.pinterest.com\/donbaraton\/\",\"https:\/\/www.youtube.com\/channel\/UCL02HOwx-F759Jq5MedAZfQ\"]}]}<\/script>\n<!-- \/ Yoast SEO plugin. -->","yoast_head_json":{"title":"\u0414\u043e\u043d \u0411\u0430\u0440\u0430\u0442\u043e\u043d \u042d\u043b\u044c\u0447\u0435 \u2013 \u043c\u0430\u0433\u0430\u0437\u0438\u043d \u0434\u0438\u0432\u0430\u043d\u043e\u0432, \u043c\u0430\u0442\u0440\u0430\u0441\u043e\u0432 \u0438 \u043c\u0435\u0431\u0435\u043b\u0438 - Don Baraton: tienda de sof\u00e1s, colchones y muebles","robots":{"index":"index","follow":"follow","max-snippet":"max-snippet:-1","max-image-preview":"max-image-preview:large","max-video-preview":"max-video-preview:-1"},"canonical":"https:\/\/donbaraton.es\/ru\/elche\/","og_locale":"ru_RU","og_type":"article","og_title":"\u0414\u043e\u043d \u0411\u0430\u0440\u0430\u0442\u043e\u043d \u042d\u043b\u044c\u0447\u0435 \u2013 \u043c\u0430\u0433\u0430\u0437\u0438\u043d \u0434\u0438\u0432\u0430\u043d\u043e\u0432, \u043c\u0430\u0442\u0440\u0430\u0441\u043e\u0432 \u0438 \u043c\u0435\u0431\u0435\u043b\u0438 - Don Baraton: tienda de sof\u00e1s, colchones y muebles","og_description":"\u0422\u0435\u043b\u0435\u0444\u043e\u043d:\u00a0+34 634 167 957 (\u041d\u0438\u043a\u043e\u043b\u0430\u0439) \u0410\u0434\u0440\u0435\u0441: \u00a0Carretera Elche &#8212; Crevillente, N 340, km 711 (Alicante), Espa\u00f1a. \u041a\u0430\u0440\u0440\u0435\u0442\u0435\u0440\u0430 \u042d\u043b\u044c\u0447\u0435-\u041a\u0440\u0435\u0432\u0438\u043b\u044c\u0435\u043d\u0442\u0435, 711 \u043a\u043c\u00a0(\u041f\u0440\u043e\u0432\u0438\u043d\u0446\u0438\u044f \u0410\u043b\u0438\u043a\u0430\u043d\u0442\u0435), \u0418\u0441\u043f\u0430\u043d\u0438\u044f (\u043d\u0430\u0436\u043c\u0438\u0442\u0435 \u0437\u0434\u0435\u0441\u044c \u043d\u0430 \u0442\u0435\u043b\u0435\u0444\u043e\u043d\u0435, \u0447\u0442\u043e\u0431\u044b \u043f\u0440\u0438\u0435\u0445\u0430\u0442\u044c \u043a \u043d\u0430\u043c \u043f\u043e \u043d\u0430\u0432\u0438\u0433\u0430\u0442\u043e\u0440\u0443). \u0412\u0440\u0435\u043c\u044f \u0440\u0430\u0431\u043e\u0442\u044b: \u041f\u043e\u043d\u0435\u0434\u0435\u043b\u044c\u043d\u0438\u043a-\u043f\u044f\u0442\u043d\u0438\u0446\u0430: 10:00 \u2013 20:00. \u0421\u0443\u0431\u0431\u043e\u0442\u0430: 10:00 \u2013 20:00 \u041f\u043b\u043e\u0449\u0430\u0434\u044c: 1000 \u043c2 \u0412\u0441\u0435 \u043d\u0430\u0448\u0438 \u043c\u043e\u0434\u0435\u043b\u0438 \u0434\u043e\u0441\u0442\u0443\u043f\u043d\u044b \u043d\u0430 \u0441\u0430\u0439\u0442\u0435 \u0441 \u0446\u0435\u043d\u0430\u043c\u0438, \u0440\u0430\u0437\u043c\u0435\u0440\u0430\u043c\u0438 \u0438 [&hellip;]","og_url":"https:\/\/donbaraton.es\/ru\/elche\/","og_site_name":"Don Baraton: tienda de sof\u00e1s, colchones y muebles","article_publisher":"https:\/\/www.facebook.com\/donbaraton.es","article_modified_time":"2021-06-19T22:43:08+00:00","og_image":[{"url":"https:\/\/donbaraton.es\/wp-content\/uploads\/2021\/06\/Dentro-de-la-tienda-de-sofas-colchones-y-muebles-Don-Baraton-Elche.jpg","type":"","width":"","height":""}],"twitter_card":"summary_large_image","twitter_site":"@don_baraton","twitter_misc":{"\u041f\u0440\u0438\u043c\u0435\u0440\u043d\u043e\u0435 \u0432\u0440\u0435\u043c\u044f \u0434\u043b\u044f \u0447\u0442\u0435\u043d\u0438\u044f":"1 \u043c\u0438\u043d\u0443\u0442\u0430"},"schema":{"@context":"https:\/\/schema.org","@graph":[{"@type":"WebPage","@id":"https:\/\/donbaraton.es\/ru\/elche\/","url":"https:\/\/donbaraton.es\/ru\/elche\/","name":"\u0414\u043e\u043d \u0411\u0430\u0440\u0430\u0442\u043e\u043d \u042d\u043b\u044c\u0447\u0435 \u2013 \u043c\u0430\u0433\u0430\u0437\u0438\u043d \u0434\u0438\u0432\u0430\u043d\u043e\u0432, \u043c\u0430\u0442\u0440\u0430\u0441\u043e\u0432 \u0438 \u043c\u0435\u0431\u0435\u043b\u0438 - Don Baraton: tienda de sof\u00e1s, colchones y muebles","isPartOf":{"@id":"https:\/\/donbaraton.es\/#website"},"primaryImageOfPage":{"@id":"https:\/\/donbaraton.es\/ru\/elche\/#primaryimage"},"image":{"@id":"https:\/\/donbaraton.es\/ru\/elche\/#primaryimage"},"thumbnailUrl":"https:\/\/donbaraton.es\/wp-content\/uploads\/2021\/06\/Dentro-de-la-tienda-de-sofas-colchones-y-muebles-Don-Baraton-Elche.jpg","datePublished":"2021-06-19T22:38:44+00:00","dateModified":"2021-06-19T22:43:08+00:00","breadcrumb":{"@id":"https:\/\/donbaraton.es\/ru\/elche\/#breadcrumb"},"inLanguage":"ru-RU","potentialAction":[{"@type":"ReadAction","target":["https:\/\/donbaraton.es\/ru\/elche\/"]}]},{"@type":"ImageObject","inLanguage":"ru-RU","@id":"https:\/\/donbaraton.es\/ru\/elche\/#primaryimage","url":"https:\/\/donbaraton.es\/wp-content\/uploads\/2021\/06\/Dentro-de-la-tienda-de-sofas-colchones-y-muebles-Don-Baraton-Elche.jpg","contentUrl":"https:\/\/donbaraton.es\/wp-content\/uploads\/2021\/06\/Dentro-de-la-tienda-de-sofas-colchones-y-muebles-Don-Baraton-Elche.jpg"},{"@type":"BreadcrumbList","@id":"https:\/\/donbaraton.es\/ru\/elche\/#breadcrumb","itemListElement":[{"@type":"ListItem","position":1,"name":"Portada","item":"https:\/\/donbaraton.es\/ru\/"},{"@type":"ListItem","position":2,"name":"\u0414\u043e\u043d \u0411\u0430\u0440\u0430\u0442\u043e\u043d \u042d\u043b\u044c\u0447\u0435 \u2013 \u043c\u0430\u0433\u0430\u0437\u0438\u043d \u0434\u0438\u0432\u0430\u043d\u043e\u0432, \u043c\u0430\u0442\u0440\u0430\u0441\u043e\u0432 \u0438 \u043c\u0435\u0431\u0435\u043b\u0438"}]},{"@type":"WebSite","@id":"https:\/\/donbaraton.es\/#website","url":"https:\/\/donbaraton.es\/","name":"Don Baraton: tienda de sof\u00e1s, colchones y muebles","description":"Venta de sof\u00e1s rinconeras, chaise longue, camas y conjuntos de sof\u00e1s","publisher":{"@id":"https:\/\/donbaraton.es\/#organization"},"potentialAction":[{"@type":"SearchAction","target":{"@type":"EntryPoint","urlTemplate":"https:\/\/donbaraton.es\/?s={search_term_string}"},"query-input":{"@type":"PropertyValueSpecification","valueRequired":true,"valueName":"search_term_string"}}],"inLanguage":"ru-RU"},{"@type":"Organization","@id":"https:\/\/donbaraton.es\/#organization","name":"Don Baraton","url":"https:\/\/donbaraton.es\/","logo":{"@type":"ImageObject","inLanguage":"ru-RU","@id":"https:\/\/donbaraton.es\/#\/schema\/logo\/image\/","url":"https:\/\/i0.wp.com\/donbaraton.es\/wp-content\/uploads\/2016\/11\/logo_don_baraton.png?fit=228%2C110&ssl=1","contentUrl":"https:\/\/i0.wp.com\/donbaraton.es\/wp-content\/uploads\/2016\/11\/logo_don_baraton.png?fit=228%2C110&ssl=1","width":228,"height":110,"caption":"Don Baraton"},"image":{"@id":"https:\/\/donbaraton.es\/#\/schema\/logo\/image\/"},"sameAs":["https:\/\/www.facebook.com\/donbaraton.es","https:\/\/x.com\/don_baraton","https:\/\/www.instagram.com\/donbaraton.es","https:\/\/www.linkedin.com\/company\/donbaraton\/","https:\/\/es.pinterest.com\/donbaraton\/","https:\/\/www.youtube.com\/channel\/UCL02HOwx-F759Jq5MedAZfQ"]}]}},"_links":{"self":[{"href":"https:\/\/donbaraton.es\/ru\/wp-json\/wp\/v2\/pages\/33155","targetHints":{"allow":["GET"]}}],"collection":[{"href":"https:\/\/donbaraton.es\/ru\/wp-json\/wp\/v2\/pages"}],"about":[{"href":"https:\/\/donbaraton.es\/ru\/wp-json\/wp\/v2\/types\/page"}],"author":[{"embeddable":true,"href":"https:\/\/donbaraton.es\/ru\/wp-json\/wp\/v2\/users\/3"}],"replies":[{"embeddable":true,"href":"https:\/\/donbaraton.es\/ru\/wp-json\/wp\/v2\/comments?post=33155"}],"version-history":[{"count":4,"href":"https:\/\/donbaraton.es\/ru\/wp-json\/wp\/v2\/pages\/33155\/revisions"}],"predecessor-version":[{"id":33159,"href":"https:\/\/donbaraton.es\/ru\/wp-json\/wp\/v2\/pages\/33155\/revisions\/33159"}],"wp:attachment":[{"href":"https:\/\/donbaraton.es\/ru\/wp-json\/wp\/v2\/media?parent=33155"}],"curies":[{"name":"wp","href":"https:\/\/api.w.org\/{rel}","templated":true}]}}