{"id":10310,"date":"2022-01-22T20:52:39","date_gmt":"2018-07-10T12:27:39","guid":{"rendered":"https:\/\/donbaraton.es\/producto\/uncategorized\/%d0%b1%d0%be%d0%bb%d1%8c%d1%88%d0%be%d0%b9-%d0%b4%d0%b8%d0%b2%d0%b0%d0%bd-%d0%ba%d1%80%d0%be%d0%b2%d0%b0%d1%82%d1%8c-%d0%b2-%d1%84%d0%be%d1%80%d0%bc%d0%b5-%d0%b1%d1%83%d0%ba%d0%b2%d1%8b-%d0%bf-toronto\/"},"modified":"2026-04-10T05:48:17","modified_gmt":"2026-04-10T03:48:17","slug":"%d0%b1%d0%be%d0%bb%d1%8c%d1%88%d0%be%d0%b9-%d0%b4%d0%b8%d0%b2%d0%b0%d0%bd-%d0%ba%d1%80%d0%be%d0%b2%d0%b0%d1%82%d1%8c-%d0%b2-%d1%84%d0%be%d1%80%d0%bc%d0%b5-%d0%b1%d1%83%d0%ba%d0%b2%d1%8b-%d0%bf-toronto","status":"publish","type":"product","link":"https:\/\/donbaraton.es\/ru\/p\/%d0%b1%d0%be%d0%bb%d1%8c%d1%88%d0%be%d0%b9-%d0%b4%d0%b8%d0%b2%d0%b0%d0%bd-%d0%ba%d1%80%d0%be%d0%b2%d0%b0%d1%82%d1%8c-%d0%b2-%d1%84%d0%be%d1%80%d0%bc%d0%b5-%d0%b1%d1%83%d0%ba%d0%b2%d1%8b-%d0%bf-toronto\/","title":{"rendered":"\u0411\u043e\u043b\u044c\u0448\u043e\u0439 \u0434\u0438\u0432\u0430\u043d-\u043a\u0440\u043e\u0432\u0430\u0442\u044c \u0432 \u0444\u043e\u0440\u043c\u0435 \u0431\u0443\u043a\u0432\u044b \u041f &#8212; Toronto"},"content":{"rendered":"<p>\u0411\u043e\u043b\u044c\u0448\u043e\u0439 \u0443\u0434\u043e\u0431\u043d\u044b\u0439 <strong>\u0434\u0438\u0432\u0430\u043d-\u043a\u0440\u043e\u0432\u0430\u0442\u044c \u0432 \u0444\u043e\u0440\u043c\u0435 \u0431\u0443\u043a\u0432\u044b \u041f<\/strong> &#8212; Toronto.<\/p>\n<p>\u0412\u0435\u043b\u0438\u043a\u043e\u043b\u0435\u043f\u043d\u0430\u044f \u043c\u043e\u0434\u0435\u043b\u044c \u0434\u043b\u044f \u0431\u043e\u043b\u044c\u0448\u0438\u0445 \u0433\u043e\u0441\u0442\u0438\u043d\u044b\u0445! <strong> \u0420\u0435\u0433\u0443\u043b\u0438\u0440\u0443\u0435\u043c\u044b\u0435 \u043f\u043e\u0434\u0433\u043e\u043b\u043e\u0432\u043d\u0438\u043a\u0438<\/strong> (4 \u043f\u043e\u043b\u043e\u0436\u0435\u043d\u0438\u044f) \u0434\u043b\u044f \u043c\u0430\u043a\u0441\u0438\u043c\u0430\u043b\u044c\u043d\u043e\u0433\u043e \u043a\u043e\u043c\u0444\u043e\u0440\u0442\u0430. <strong>\u0423\u0434\u043e\u0431\u043d\u044b\u0435, \u043c\u044f\u0433\u043a\u0438\u0435 \u0441\u0438\u0434\u0435\u043d\u044c\u044f<\/strong> \u0441 \u0432\u043e\u043b\u043d\u0438\u0441\u0442\u044b\u043c\u0438 \u043f\u0440\u0443\u0436\u0438\u043d\u0430\u043c\u0438. <b>\u0421\u043f\u0438\u043d\u043a\u0438 \u0441 \u0440\u0435\u0433\u0443\u043b\u0438\u0440\u0443\u0435\u043c\u044b\u043c\u0438 \u043f\u043e\u0434\u0433\u043e\u043b\u043e\u0432\u043d\u0438\u043a\u0430\u043c\u0438\u00a0<\/b>\u043f\u043e\u0434\u0445\u043e\u0434\u044f\u0442 \u0434\u043b\u044f \u043b\u044e\u0434\u0435\u0439 \u0440\u0430\u0437\u043b\u0438\u0447\u043d\u043e\u0433\u043e \u0440\u043e\u0441\u0442\u0430. <strong>\u0411\u043e\u043b\u044c\u0448\u0430\u044f \u0432\u044b\u0434\u0432\u0438\u0433\u0430\u0435\u043c\u0430\u044f \u043a\u0440\u043e\u0432\u0430\u0442\u044c<\/strong> \u0441 \u0442\u0438\u043f\u043e\u043c \u043e\u0442\u043a\u0440\u044b\u0442\u0438\u044f &#171;\u0434\u0435\u043b\u044c\u0444\u0438\u043d&#187; \u0434\u043b\u044f \u0443\u0434\u043e\u0431\u043d\u043e\u0433\u043e \u0441\u043d\u0430. <strong>\u041e\u0442\u0434\u0435\u043b\u0435\u043d\u0438\u0435 \u0434\u043b\u044f \u0431\u0435\u043b\u044c\u044f<\/strong> \u0438 \u0434\u0440\u0443\u0433\u0438\u0445 \u0432\u0435\u0449\u0435\u0439 \u043f\u043e\u0434 \u0441\u0438\u0434\u0435\u043d\u044c\u0435\u043c \u043f\u043e\u0437\u0432\u043e\u043b\u044f\u0435\u0442 \u044d\u0444\u0444\u0435\u043a\u0442\u0438\u0432\u043d\u043e \u043e\u0440\u0433\u0430\u043d\u0438\u0437\u043e\u0432\u0430\u0442\u044c \u043c\u0435\u0441\u0442\u043e \u0434\u043b\u044f \u0445\u0440\u0430\u043d\u0435\u043d\u0438\u044f \u0432 \u0434\u043e\u043c\u0435. <strong>\u041f\u0440\u043e\u0447\u043d\u044b\u0435 \u0445\u0440\u043e\u043c\u0438\u0440\u043e\u0432\u0430\u043d\u043d\u044b\u0435 \u043c\u0435\u0442\u0430\u043b\u043b\u0438\u0447\u0435\u0441\u043a\u0438\u0435 \u043d\u043e\u0436\u043a\u0438.<\/strong> <strong>\u0421\u043e\u0432\u0440\u0435\u043c\u0435\u043d\u043d\u044b\u0439 \u0434\u0438\u0437\u0430\u0439\u043d \u043e\u0431\u0438\u0432\u043a\u0438 &#171;\u043a\u0432\u0438\u043b\u0442\u0438\u043d\u0433&#187;<\/strong> &#8212; \u0441\u0442\u0451\u0433\u0430\u043d\u0430\u044f \u0442\u043a\u0430\u043d\u044c \u0441 \u0433\u043e\u0440\u0438\u0437\u043e\u043d\u0442\u0430\u043b\u044c\u043d\u044b\u043c\u0438 \u0438 \u0432\u0435\u0440\u0442\u0438\u043a\u0430\u043b\u044c\u043d\u044b\u043c\u0438 \u043b\u0438\u043d\u0438\u044f\u043c\u0438.<\/p>\n<p><strong>\u0420\u0430\u0437\u043c\u0435\u0440\u044b:<\/strong> \u0434\u043b\u0438\u043d\u0430 330 \u0441\u043c, \u0434\u043b\u0438\u043d\u0430 \u0443\u0433\u043b\u043e\u0432\u043e\u0439 \u0447\u0430\u0441\u0442\u0438 212 cm, \u0434\u043b\u0438\u043d\u0430 &#171;\u0448\u0435\u0437\u043b\u043e\u043d\u0433\u0430&#187; 165 \u0441\u043c. \u0412\u044b\u0441\u043e\u0442\u0430 \u0441 \u043f\u043e\u0434\u043d\u044f\u0442\u044b\u043c\u0438 \u043f\u043e\u0434\u0433\u043e\u043b\u043e\u0432\u043d\u0438\u043a\u0430\u043c\u0438 108 \u0441\u043c, \u0432\u044b\u0441\u043e\u0442\u0430 \u0441 \u043e\u043f\u0443\u0449\u0435\u043d\u043d\u044b\u043c\u0438 \u043f\u043e\u0434\u0433\u043e\u043b\u043e\u0432\u043d\u0438\u043a\u0430\u043c\u0438 86 \u0441\u043c. <strong>\u0420\u0430\u0437\u043c\u0435\u0440\u044b \u043a\u0440\u043e\u0432\u0430\u0442\u0438:<\/strong> 269 x 130 \u0441\u043c.<\/p>\n<p><strong>\u0414\u0438\u0432\u0430\u043d \u0434\u043e\u0441\u0442\u0443\u043f\u0435\u043d \u0432 \u0441\u043b\u0435\u0434\u0443\u044e\u0449\u0438\u0445 \u0432\u0430\u0440\u0438\u0430\u043d\u0442\u0430\u0445 \u043e\u0431\u0438\u0432\u043a\u0438:<\/strong><\/p>\n<ul>\n<li>\u0421\u0438\u043d\u0442\u0435\u0442\u0438\u0447\u0435\u0441\u043a\u0430\u044f \u0442\u043a\u0430\u043d\u044c <strong>(\u0441\u0432\u0435\u0442\u043b\u043e-\u0441\u0435\u0440\u044b\u0439 \u0446\u0432\u0435\u0442)<\/strong> \u043d\u0430 \u0441\u0438\u0434\u0435\u043d\u044c\u0435 \u0438 \u0441\u043f\u0438\u043d\u043a\u0435 \u0438 \u0438\u0441\u043a\u0443\u0441\u0441\u0442\u0432\u0435\u043d\u043d\u0430\u044f \u043a\u043e\u0436\u0430 <strong>(\u0431\u0435\u043b\u044b\u0439 \u0446\u0432\u0435\u0442)<\/strong> \u0432 \u043d\u0438\u0436\u043d\u0435\u0439 \u0447\u0430\u0441\u0442\u0438 \u0438 \u0437\u0430\u0434\u043d\u0435\u0439 \u0447\u0430\u0441\u0442\u0438 \u0434\u0438\u0432\u0430\u043d\u0430<\/li>\n<li>Alfa 19 <strong>(\u0441\u0435\u0440\u044b\u0439 \u0446\u0432\u0435\u0442)<\/strong> &#8212; \u043f\u0440\u0438\u044f\u0442\u043d\u0430\u044f \u043d\u0430 \u043e\u0449\u0443\u043f\u044c, \u0443\u0441\u0442\u043e\u0439\u0447\u0438\u0432\u0430\u044f \u043a \u0438\u0437\u043d\u043e\u0441\u0443 \u0442\u043a\u0430\u043d\u044c, \u043a\u043e\u0442\u043e\u0440\u0430\u044f \u043f\u0440\u043e\u0441\u043b\u0443\u0436\u0438\u0442 \u043c\u043d\u043e\u0433\u0438\u0435 \u0433\u043e\u0434\u044b. \u041c\u0430\u0441\u0441\u0430 435 \u0433 \/ \u043c2, \u0432\u044b\u0434\u0435\u0440\u0436\u0438\u0432\u0430\u0435\u0442 \u0434\u043e 40.000 \u0430\u0431\u0440\u0430\u0437\u0438\u0432\u043d\u044b\u0445 \u0446\u0438\u043a\u043b\u043e\u0432<\/li>\n<li>\u0422\u043a\u0430\u043d\u044c Inari 94 <strong>(\u0442\u0451\u043c\u043d\u043e-\u0441\u0435\u0440\u044b\u0439 \u0446\u0432\u0435\u0442)<\/strong>, \u043e\u0434\u043d\u0430 \u0438\u0437 \u0441\u0430\u043c\u044b\u0445 \u0438\u0437\u043d\u043e\u0441\u043e\u0441\u0442\u043e\u0439\u043a\u0438\u0445 \u0442\u043a\u0430\u043d\u0435\u0439 \u043d\u0430 \u0440\u044b\u043d\u043a\u0435, \u043a\u043e\u0442\u043e\u0440\u0430\u044f \u0432\u044b\u0434\u0435\u0440\u0436\u0438\u0432\u0430\u0435\u0442 49.000 \u0430\u0431\u0440\u0430\u0437\u0438\u0432\u043d\u044b\u0445 \u0446\u0438\u043a\u043b\u043e\u0432. \u041c\u0430\u0441\u0441\u0430 260 \u0433 \/ \u043c2. \u041b\u0443\u0447\u0448\u0438\u0439 \u0432\u0430\u0440\u0438\u0430\u043d\u0442, \u0435\u0441\u043b\u0438 \u0432 \u0434\u043e\u043c\u0435 \u0435\u0441\u0442\u044c \u0434\u043e\u043c\u0430\u0448\u043d\u0438\u0435 \u043f\u0438\u0442\u043e\u043c\u0446\u044b<\/li>\n<li>\u0422\u043a\u0430\u043d\u044c Inari 28 <strong>(\u043a\u043e\u0440\u0438\u0447\u043d\u0435\u0432\u044b\u0439 \u0446\u0432\u0435\u0442)<\/strong>. \u0422\u043e\u0442 \u0436\u0435 \u0442\u0438\u043f \u0442\u043a\u0430\u043d\u0438, \u0447\u0442\u043e \u0432\u044b\u0448\u0435, \u043d\u043e \u0432 \u043a\u043e\u0440\u0438\u0447\u043d\u0435\u0432\u043e\u043c \u0446\u0432\u0435\u0442\u0435<\/li>\n<\/ul>\n<p>\u0414\u0430\u043d\u043d\u0430\u044f \u043c\u043e\u0434\u0435\u043b\u044c \u0442\u0430\u043a\u0436\u0435 \u0434\u043e\u0441\u0442\u0443\u043f\u043d\u0430 \u0432 \u0444\u043e\u0440\u043c\u0435 \u0431\u0443\u043a\u0432\u044b &#171;\u0413&#187;:\u00a0<strong><a href=\"https:\/\/donbaraton.es\/ru\/p\/%d1%83%d0%b3%d0%bb%d0%be%d0%b2%d0%be%d0%b9-%d0%b4%d0%b8%d0%b2%d0%b0%d0%bd-%d0%ba%d1%80%d0%be%d0%b2%d0%b0%d1%82%d1%8c-%d0%bf%d0%be%d0%b4%d0%b3%d0%be%d0%bb%d0%be%d0%b2%d0%bd%d0%b8%d0%ba%d0%b8-hamilton\/\">\u0423\u0433\u043b\u043e\u0432\u043e\u0439 \u0434\u0438\u0432\u0430\u043d-\u043a\u0440\u043e\u0432\u0430\u0442\u044c \u0441 \u0432\u044b\u0441\u043e\u043a\u0438\u043c\u0438 \u0441\u043f\u0438\u043d\u043a\u0430\u043c\u0438 \u0438 \u043f\u043e\u0434\u0433\u043e\u043b\u043e\u0432\u043d\u0438\u043a\u0430\u043c\u0438 \u0441 \u043d\u0430\u043a\u043b\u043e\u043d\u043e\u043c<\/a><\/strong><\/p>\n<p><strong>\u041e\u0431\u044a\u0435\u043c \u0443\u043f\u0430\u043a\u043e\u0432\u043a\u0438:<\/strong> 3.91 \u043c3. <strong>\u041c\u0430\u0441\u0441\u0430:<\/strong> 165 \u0441\u043c. \u0422\u0440\u0438 \u043f\u0430\u043a\u0435\u0442\u0430 \u043c\u0430\u0441\u0441\u043e\u0439 53 \u043a\u0433, 55 \u043a\u0433 \u0438 57 \u043a\u0433<\/p>\n","protected":false},"excerpt":{"rendered":"<ul>\n<li>\u0421\u043e\u0432\u0440\u0435\u043c\u0435\u043d\u043d\u044b\u0439 \u0434\u0438\u0437\u0430\u0439\u043d<\/li>\n<li>\u0420\u0435\u0433\u0443\u043b\u0438\u0440\u0443\u0435\u043c\u044b\u0435 \u043f\u043e\u0434\u0433\u043e\u043b\u043e\u0432\u043d\u0438\u043a\u0438<\/li>\n<li>\u0411\u043e\u043b\u044c\u0448\u0430\u044f \u043a\u0440\u043e\u0432\u0430\u0442\u044c 269 x 130 \u0441\u043c<\/li>\n<li>2 \u044f\u0449\u0438\u043a\u0430 \u0434\u043b\u044f \u0445\u0440\u0430\u043d\u0435\u043d\u0438\u044f (\u0432\u044b\u0431\u043e\u0440 \u0432 \u043e\u043f\u0446\u0438\u0438)<\/li>\n<li>\u0412\u043e\u043b\u043d\u0438\u0441\u0442\u044b\u0435 \u043f\u0440\u0443\u0436\u0438\u043d\u044b \u0441\u0438\u0434\u0435\u043d\u044c\u044f<\/li>\n<li>\u041c\u0435\u0442\u0430\u043b\u043b\u0438\u0447\u0435\u0441\u043a\u0438\u0435 \u043d\u043e\u0436\u043a\u0438<\/li>\n<\/ul>\n<p><strong>\u0420\u0430\u0437\u043c\u0435\u0440\u044b:<\/strong> \u0434\u043b\u0438\u043d\u0430 330 \u0441\u043c, \u0434\u043b\u0438\u043d\u0430 \u0443\u0433\u043b\u043e\u0432\u043e\u0439 \u0447\u0430\u0441\u0442\u0438 212 cm, \u0434\u043b\u0438\u043d\u0430 \u0448\u0435\u0437\u043b\u043e\u043d\u0433\u0430 165 \u0441\u043c. \u0412\u044b\u0441\u043e\u0442\u0430 86-108 \u0441\u043c<\/p>\n","protected":false},"featured_media":10306,"comment_status":"open","ping_status":"closed","template":"","meta":{"_et_pb_use_builder":"","_et_pb_old_content":"","_et_gb_content_width":""},"product_brand":[],"product_cat":[36,42,109],"product_tag":[],"class_list":{"0":"post-10310","1":"product","2":"type-product","3":"status-publish","4":"has-post-thumbnail","6":"product_cat-36","7":"product_cat-42","8":"product_cat-109","9":"product_shipping_class-mas-de-20-kg-fabricacion-hasta-43-dias","10":"pa_lado-200","11":"pa_lado-199","12":"pa_largo-divany-301-cm-dlinee","13":"pa_material-101","14":"pa_plazas-153","16":"first","17":"onbackorder","18":"sale","19":"taxable","20":"shipping-taxable","21":"purchasable","22":"product-type-variable"},"yoast_head":"<!-- This site is optimized with the Yoast SEO plugin v27.2 - https:\/\/yoast.com\/product\/yoast-seo-wordpress\/ -->\n<title>\u0411\u043e\u043b\u044c\u0448\u043e\u0439 \u0434\u0438\u0432\u0430\u043d-\u043a\u0440\u043e\u0432\u0430\u0442\u044c \u0432 \u0444\u043e\u0440\u043c\u0435 \u0431\u0443\u043a\u0432\u044b \u041f - Toronto - Don Baraton: tienda de sof\u00e1s, colchones y muebles<\/title>\n<meta name=\"robots\" content=\"index, follow, max-snippet:-1, max-image-preview:large, max-video-preview:-1\" \/>\n<link rel=\"canonical\" href=\"https:\/\/donbaraton.es\/p\/sofa-forma-de-u-reposacabezas-reclinables-toronto\/\" \/>\n<meta property=\"og:locale\" content=\"ru_RU\" \/>\n<meta property=\"og:type\" content=\"article\" \/>\n<meta property=\"og:title\" content=\"\u0411\u043e\u043b\u044c\u0448\u043e\u0439 \u0434\u0438\u0432\u0430\u043d-\u043a\u0440\u043e\u0432\u0430\u0442\u044c \u0432 \u0444\u043e\u0440\u043c\u0435 \u0431\u0443\u043a\u0432\u044b \u041f - Toronto - Don Baraton: tienda de sof\u00e1s, colchones y muebles\" \/>\n<meta property=\"og:description\" content=\"\u0421\u043e\u0432\u0440\u0435\u043c\u0435\u043d\u043d\u044b\u0439 \u0434\u0438\u0437\u0430\u0439\u043d \u0420\u0435\u0433\u0443\u043b\u0438\u0440\u0443\u0435\u043c\u044b\u0435 \u043f\u043e\u0434\u0433\u043e\u043b\u043e\u0432\u043d\u0438\u043a\u0438 \u0411\u043e\u043b\u044c\u0448\u0430\u044f \u043a\u0440\u043e\u0432\u0430\u0442\u044c 269 x 130 \u0441\u043c 2 \u044f\u0449\u0438\u043a\u0430 \u0434\u043b\u044f \u0445\u0440\u0430\u043d\u0435\u043d\u0438\u044f (\u0432\u044b\u0431\u043e\u0440 \u0432 \u043e\u043f\u0446\u0438\u0438) \u0412\u043e\u043b\u043d\u0438\u0441\u0442\u044b\u0435 \u043f\u0440\u0443\u0436\u0438\u043d\u044b \u0441\u0438\u0434\u0435\u043d\u044c\u044f \u041c\u0435\u0442\u0430\u043b\u043b\u0438\u0447\u0435\u0441\u043a\u0438\u0435 \u043d\u043e\u0436\u043a\u0438  \u0420\u0430\u0437\u043c\u0435\u0440\u044b: \u0434\u043b\u0438\u043d\u0430 330 \u0441\u043c, \u0434\u043b\u0438\u043d\u0430 \u0443\u0433\u043b\u043e\u0432\u043e\u0439 \u0447\u0430\u0441\u0442\u0438 212 cm, \u0434\u043b\u0438\u043d\u0430 \u0448\u0435\u0437\u043b\u043e\u043d\u0433\u0430 165 \u0441\u043c. \u0412\u044b\u0441\u043e\u0442\u0430 86-108 \u0441\u043c\" \/>\n<meta property=\"og:url\" content=\"https:\/\/donbaraton.es\/p\/sofa-forma-de-u-reposacabezas-reclinables-toronto\/\" \/>\n<meta property=\"og:site_name\" content=\"Don Baraton: tienda de sof\u00e1s, colchones y muebles\" \/>\n<meta property=\"article:publisher\" content=\"https:\/\/www.facebook.com\/donbaraton.es\" \/>\n<meta property=\"article:modified_time\" content=\"2026-04-10T03:48:17+00:00\" \/>\n<meta property=\"og:image\" content=\"https:\/\/donbaraton.es\/wp-content\/uploads\/2018\/07\/Sof\u00e1-en-forma-de-U-con-reposacabezas-reclinables-Toronto.-Color-gris-oscuro.-Tela-Inari-94.-Esquina-lado-izquierdo.jpg\" \/>\n\t<meta property=\"og:image:width\" content=\"1000\" \/>\n\t<meta property=\"og:image:height\" content=\"663\" \/>\n\t<meta property=\"og:image:type\" content=\"image\/jpeg\" \/>\n<meta name=\"twitter:card\" content=\"summary_large_image\" \/>\n<meta name=\"twitter:site\" content=\"@don_baraton\" \/>\n<script type=\"application\/ld+json\" class=\"yoast-schema-graph\">{\"@context\":\"https:\/\/schema.org\",\"@graph\":[{\"@type\":\"WebPage\",\"@id\":\"https:\/\/donbaraton.es\/p\/sofa-forma-de-u-reposacabezas-reclinables-toronto\/\",\"url\":\"https:\/\/donbaraton.es\/p\/sofa-forma-de-u-reposacabezas-reclinables-toronto\/\",\"name\":\"\u0411\u043e\u043b\u044c\u0448\u043e\u0439 \u0434\u0438\u0432\u0430\u043d-\u043a\u0440\u043e\u0432\u0430\u0442\u044c \u0432 \u0444\u043e\u0440\u043c\u0435 \u0431\u0443\u043a\u0432\u044b \u041f - Toronto - Don Baraton: tienda de sof\u00e1s, colchones y muebles\",\"isPartOf\":{\"@id\":\"https:\/\/donbaraton.es\/#website\"},\"primaryImageOfPage\":{\"@id\":\"https:\/\/donbaraton.es\/p\/sofa-forma-de-u-reposacabezas-reclinables-toronto\/#primaryimage\"},\"image\":{\"@id\":\"https:\/\/donbaraton.es\/p\/sofa-forma-de-u-reposacabezas-reclinables-toronto\/#primaryimage\"},\"thumbnailUrl\":\"https:\/\/donbaraton.es\/wp-content\/uploads\/2018\/07\/Sof\u00e1-en-forma-de-U-con-reposacabezas-reclinables-Toronto.-Esquina-al-lado-izqueirdo.jpg\",\"datePublished\":\"2018-07-10T12:27:39+00:00\",\"dateModified\":\"2026-04-10T03:48:17+00:00\",\"breadcrumb\":{\"@id\":\"https:\/\/donbaraton.es\/p\/sofa-forma-de-u-reposacabezas-reclinables-toronto\/#breadcrumb\"},\"inLanguage\":\"ru-RU\",\"potentialAction\":[{\"@type\":\"ReadAction\",\"target\":[\"https:\/\/donbaraton.es\/p\/sofa-forma-de-u-reposacabezas-reclinables-toronto\/\"]}]},{\"@type\":\"ImageObject\",\"inLanguage\":\"ru-RU\",\"@id\":\"https:\/\/donbaraton.es\/p\/sofa-forma-de-u-reposacabezas-reclinables-toronto\/#primaryimage\",\"url\":\"https:\/\/donbaraton.es\/wp-content\/uploads\/2018\/07\/Sof\u00e1-en-forma-de-U-con-reposacabezas-reclinables-Toronto.-Esquina-al-lado-izqueirdo.jpg\",\"contentUrl\":\"https:\/\/donbaraton.es\/wp-content\/uploads\/2018\/07\/Sof\u00e1-en-forma-de-U-con-reposacabezas-reclinables-Toronto.-Esquina-al-lado-izqueirdo.jpg\",\"width\":1000,\"height\":663,\"caption\":\"\u0411\u043e\u043b\u044c\u0448\u043e\u0439 \u0434\u0438\u0432\u0430\u043d-\u043a\u0440\u043e\u0432\u0430\u0442\u044c \u0432 \u0444\u043e\u0440\u043c\u0435 \u0431\u0443\u043a\u0432\u044b \u041f - Toronto. \u041b\u0435\u0432\u044b\u0439 \u0443\u0433\u043e\u043b. \u0422\u043a\u0430\u043d\u044c Alfa 19\"},{\"@type\":\"BreadcrumbList\",\"@id\":\"https:\/\/donbaraton.es\/p\/sofa-forma-de-u-reposacabezas-reclinables-toronto\/#breadcrumb\",\"itemListElement\":[{\"@type\":\"ListItem\",\"position\":1,\"name\":\"Portada\",\"item\":\"https:\/\/donbaraton.es\/ru\/\"},{\"@type\":\"ListItem\",\"position\":2,\"name\":\"\u0418\u043d\u0442\u0435\u0440\u043d\u0435\u0442-\u043c\u0430\u0433\u0430\u0437\u0438\u043d\",\"item\":\"https:\/\/donbaraton.es\/ru\/%d0%bc%d0%b0%d0%b3%d0%b0%d0%b7%d0%b8%d0%bd\/\"},{\"@type\":\"ListItem\",\"position\":3,\"name\":\"\u0411\u043e\u043b\u044c\u0448\u043e\u0439 \u0434\u0438\u0432\u0430\u043d-\u043a\u0440\u043e\u0432\u0430\u0442\u044c \u0432 \u0444\u043e\u0440\u043c\u0435 \u0431\u0443\u043a\u0432\u044b \u041f &#8211; Toronto\"}]},{\"@type\":\"WebSite\",\"@id\":\"https:\/\/donbaraton.es\/#website\",\"url\":\"https:\/\/donbaraton.es\/\",\"name\":\"Don Baraton: tienda de sof\u00e1s, colchones y muebles\",\"description\":\"Venta de sof\u00e1s rinconeras, chaise longue, camas y conjuntos de sof\u00e1s\",\"publisher\":{\"@id\":\"https:\/\/donbaraton.es\/#organization\"},\"potentialAction\":[{\"@type\":\"SearchAction\",\"target\":{\"@type\":\"EntryPoint\",\"urlTemplate\":\"https:\/\/donbaraton.es\/?s={search_term_string}\"},\"query-input\":{\"@type\":\"PropertyValueSpecification\",\"valueRequired\":true,\"valueName\":\"search_term_string\"}}],\"inLanguage\":\"ru-RU\"},{\"@type\":\"Organization\",\"@id\":\"https:\/\/donbaraton.es\/#organization\",\"name\":\"Don Baraton\",\"url\":\"https:\/\/donbaraton.es\/\",\"logo\":{\"@type\":\"ImageObject\",\"inLanguage\":\"ru-RU\",\"@id\":\"https:\/\/donbaraton.es\/#\/schema\/logo\/image\/\",\"url\":\"https:\/\/i0.wp.com\/donbaraton.es\/wp-content\/uploads\/2016\/11\/logo_don_baraton.png?fit=228%2C110&ssl=1\",\"contentUrl\":\"https:\/\/i0.wp.com\/donbaraton.es\/wp-content\/uploads\/2016\/11\/logo_don_baraton.png?fit=228%2C110&ssl=1\",\"width\":228,\"height\":110,\"caption\":\"Don Baraton\"},\"image\":{\"@id\":\"https:\/\/donbaraton.es\/#\/schema\/logo\/image\/\"},\"sameAs\":[\"https:\/\/www.facebook.com\/donbaraton.es\",\"https:\/\/x.com\/don_baraton\",\"https:\/\/www.instagram.com\/donbaraton.es\",\"https:\/\/www.linkedin.com\/company\/donbaraton\/\",\"https:\/\/es.pinterest.com\/donbaraton\/\",\"https:\/\/www.youtube.com\/channel\/UCL02HOwx-F759Jq5MedAZfQ\"]}]}<\/script>\n<!-- \/ Yoast SEO plugin. -->","yoast_head_json":{"title":"\u0411\u043e\u043b\u044c\u0448\u043e\u0439 \u0434\u0438\u0432\u0430\u043d-\u043a\u0440\u043e\u0432\u0430\u0442\u044c \u0432 \u0444\u043e\u0440\u043c\u0435 \u0431\u0443\u043a\u0432\u044b \u041f - Toronto - Don Baraton: tienda de sof\u00e1s, colchones y muebles","robots":{"index":"index","follow":"follow","max-snippet":"max-snippet:-1","max-image-preview":"max-image-preview:large","max-video-preview":"max-video-preview:-1"},"canonical":"https:\/\/donbaraton.es\/p\/sofa-forma-de-u-reposacabezas-reclinables-toronto\/","og_locale":"ru_RU","og_type":"article","og_title":"\u0411\u043e\u043b\u044c\u0448\u043e\u0439 \u0434\u0438\u0432\u0430\u043d-\u043a\u0440\u043e\u0432\u0430\u0442\u044c \u0432 \u0444\u043e\u0440\u043c\u0435 \u0431\u0443\u043a\u0432\u044b \u041f - Toronto - Don Baraton: tienda de sof\u00e1s, colchones y muebles","og_description":"\u0421\u043e\u0432\u0440\u0435\u043c\u0435\u043d\u043d\u044b\u0439 \u0434\u0438\u0437\u0430\u0439\u043d \u0420\u0435\u0433\u0443\u043b\u0438\u0440\u0443\u0435\u043c\u044b\u0435 \u043f\u043e\u0434\u0433\u043e\u043b\u043e\u0432\u043d\u0438\u043a\u0438 \u0411\u043e\u043b\u044c\u0448\u0430\u044f \u043a\u0440\u043e\u0432\u0430\u0442\u044c 269 x 130 \u0441\u043c 2 \u044f\u0449\u0438\u043a\u0430 \u0434\u043b\u044f \u0445\u0440\u0430\u043d\u0435\u043d\u0438\u044f (\u0432\u044b\u0431\u043e\u0440 \u0432 \u043e\u043f\u0446\u0438\u0438) \u0412\u043e\u043b\u043d\u0438\u0441\u0442\u044b\u0435 \u043f\u0440\u0443\u0436\u0438\u043d\u044b \u0441\u0438\u0434\u0435\u043d\u044c\u044f \u041c\u0435\u0442\u0430\u043b\u043b\u0438\u0447\u0435\u0441\u043a\u0438\u0435 \u043d\u043e\u0436\u043a\u0438  \u0420\u0430\u0437\u043c\u0435\u0440\u044b: \u0434\u043b\u0438\u043d\u0430 330 \u0441\u043c, \u0434\u043b\u0438\u043d\u0430 \u0443\u0433\u043b\u043e\u0432\u043e\u0439 \u0447\u0430\u0441\u0442\u0438 212 cm, \u0434\u043b\u0438\u043d\u0430 \u0448\u0435\u0437\u043b\u043e\u043d\u0433\u0430 165 \u0441\u043c. \u0412\u044b\u0441\u043e\u0442\u0430 86-108 \u0441\u043c","og_url":"https:\/\/donbaraton.es\/p\/sofa-forma-de-u-reposacabezas-reclinables-toronto\/","og_site_name":"Don Baraton: tienda de sof\u00e1s, colchones y muebles","article_publisher":"https:\/\/www.facebook.com\/donbaraton.es","article_modified_time":"2026-04-10T03:48:17+00:00","og_image":[{"width":1000,"height":663,"url":"https:\/\/donbaraton.es\/wp-content\/uploads\/2018\/07\/Sof\u00e1-en-forma-de-U-con-reposacabezas-reclinables-Toronto.-Color-gris-oscuro.-Tela-Inari-94.-Esquina-lado-izquierdo.jpg","type":"image\/jpeg"}],"twitter_card":"summary_large_image","twitter_site":"@don_baraton","schema":{"@context":"https:\/\/schema.org","@graph":[{"@type":"WebPage","@id":"https:\/\/donbaraton.es\/p\/sofa-forma-de-u-reposacabezas-reclinables-toronto\/","url":"https:\/\/donbaraton.es\/p\/sofa-forma-de-u-reposacabezas-reclinables-toronto\/","name":"\u0411\u043e\u043b\u044c\u0448\u043e\u0439 \u0434\u0438\u0432\u0430\u043d-\u043a\u0440\u043e\u0432\u0430\u0442\u044c \u0432 \u0444\u043e\u0440\u043c\u0435 \u0431\u0443\u043a\u0432\u044b \u041f - Toronto - Don Baraton: tienda de sof\u00e1s, colchones y muebles","isPartOf":{"@id":"https:\/\/donbaraton.es\/#website"},"primaryImageOfPage":{"@id":"https:\/\/donbaraton.es\/p\/sofa-forma-de-u-reposacabezas-reclinables-toronto\/#primaryimage"},"image":{"@id":"https:\/\/donbaraton.es\/p\/sofa-forma-de-u-reposacabezas-reclinables-toronto\/#primaryimage"},"thumbnailUrl":"https:\/\/donbaraton.es\/wp-content\/uploads\/2018\/07\/Sof\u00e1-en-forma-de-U-con-reposacabezas-reclinables-Toronto.-Esquina-al-lado-izqueirdo.jpg","datePublished":"2018-07-10T12:27:39+00:00","dateModified":"2026-04-10T03:48:17+00:00","breadcrumb":{"@id":"https:\/\/donbaraton.es\/p\/sofa-forma-de-u-reposacabezas-reclinables-toronto\/#breadcrumb"},"inLanguage":"ru-RU","potentialAction":[{"@type":"ReadAction","target":["https:\/\/donbaraton.es\/p\/sofa-forma-de-u-reposacabezas-reclinables-toronto\/"]}]},{"@type":"ImageObject","inLanguage":"ru-RU","@id":"https:\/\/donbaraton.es\/p\/sofa-forma-de-u-reposacabezas-reclinables-toronto\/#primaryimage","url":"https:\/\/donbaraton.es\/wp-content\/uploads\/2018\/07\/Sof\u00e1-en-forma-de-U-con-reposacabezas-reclinables-Toronto.-Esquina-al-lado-izqueirdo.jpg","contentUrl":"https:\/\/donbaraton.es\/wp-content\/uploads\/2018\/07\/Sof\u00e1-en-forma-de-U-con-reposacabezas-reclinables-Toronto.-Esquina-al-lado-izqueirdo.jpg","width":1000,"height":663,"caption":"\u0411\u043e\u043b\u044c\u0448\u043e\u0439 \u0434\u0438\u0432\u0430\u043d-\u043a\u0440\u043e\u0432\u0430\u0442\u044c \u0432 \u0444\u043e\u0440\u043c\u0435 \u0431\u0443\u043a\u0432\u044b \u041f - Toronto. \u041b\u0435\u0432\u044b\u0439 \u0443\u0433\u043e\u043b. \u0422\u043a\u0430\u043d\u044c Alfa 19"},{"@type":"BreadcrumbList","@id":"https:\/\/donbaraton.es\/p\/sofa-forma-de-u-reposacabezas-reclinables-toronto\/#breadcrumb","itemListElement":[{"@type":"ListItem","position":1,"name":"Portada","item":"https:\/\/donbaraton.es\/ru\/"},{"@type":"ListItem","position":2,"name":"\u0418\u043d\u0442\u0435\u0440\u043d\u0435\u0442-\u043c\u0430\u0433\u0430\u0437\u0438\u043d","item":"https:\/\/donbaraton.es\/ru\/%d0%bc%d0%b0%d0%b3%d0%b0%d0%b7%d0%b8%d0%bd\/"},{"@type":"ListItem","position":3,"name":"\u0411\u043e\u043b\u044c\u0448\u043e\u0439 \u0434\u0438\u0432\u0430\u043d-\u043a\u0440\u043e\u0432\u0430\u0442\u044c \u0432 \u0444\u043e\u0440\u043c\u0435 \u0431\u0443\u043a\u0432\u044b \u041f &#8211; Toronto"}]},{"@type":"WebSite","@id":"https:\/\/donbaraton.es\/#website","url":"https:\/\/donbaraton.es\/","name":"Don Baraton: tienda de sof\u00e1s, colchones y muebles","description":"Venta de sof\u00e1s rinconeras, chaise longue, camas y conjuntos de sof\u00e1s","publisher":{"@id":"https:\/\/donbaraton.es\/#organization"},"potentialAction":[{"@type":"SearchAction","target":{"@type":"EntryPoint","urlTemplate":"https:\/\/donbaraton.es\/?s={search_term_string}"},"query-input":{"@type":"PropertyValueSpecification","valueRequired":true,"valueName":"search_term_string"}}],"inLanguage":"ru-RU"},{"@type":"Organization","@id":"https:\/\/donbaraton.es\/#organization","name":"Don Baraton","url":"https:\/\/donbaraton.es\/","logo":{"@type":"ImageObject","inLanguage":"ru-RU","@id":"https:\/\/donbaraton.es\/#\/schema\/logo\/image\/","url":"https:\/\/i0.wp.com\/donbaraton.es\/wp-content\/uploads\/2016\/11\/logo_don_baraton.png?fit=228%2C110&ssl=1","contentUrl":"https:\/\/i0.wp.com\/donbaraton.es\/wp-content\/uploads\/2016\/11\/logo_don_baraton.png?fit=228%2C110&ssl=1","width":228,"height":110,"caption":"Don Baraton"},"image":{"@id":"https:\/\/donbaraton.es\/#\/schema\/logo\/image\/"},"sameAs":["https:\/\/www.facebook.com\/donbaraton.es","https:\/\/x.com\/don_baraton","https:\/\/www.instagram.com\/donbaraton.es","https:\/\/www.linkedin.com\/company\/donbaraton\/","https:\/\/es.pinterest.com\/donbaraton\/","https:\/\/www.youtube.com\/channel\/UCL02HOwx-F759Jq5MedAZfQ"]}]}},"_links":{"self":[{"href":"https:\/\/donbaraton.es\/ru\/wp-json\/wp\/v2\/product\/10310","targetHints":{"allow":["GET"]}}],"collection":[{"href":"https:\/\/donbaraton.es\/ru\/wp-json\/wp\/v2\/product"}],"about":[{"href":"https:\/\/donbaraton.es\/ru\/wp-json\/wp\/v2\/types\/product"}],"replies":[{"embeddable":true,"href":"https:\/\/donbaraton.es\/ru\/wp-json\/wp\/v2\/comments?post=10310"}],"wp:featuredmedia":[{"embeddable":true,"href":"https:\/\/donbaraton.es\/ru\/wp-json\/wp\/v2\/media\/10306"}],"wp:attachment":[{"href":"https:\/\/donbaraton.es\/ru\/wp-json\/wp\/v2\/media?parent=10310"}],"wp:term":[{"taxonomy":"product_brand","embeddable":true,"href":"https:\/\/donbaraton.es\/ru\/wp-json\/wp\/v2\/product_brand?post=10310"},{"taxonomy":"product_cat","embeddable":true,"href":"https:\/\/donbaraton.es\/ru\/wp-json\/wp\/v2\/product_cat?post=10310"},{"taxonomy":"product_tag","embeddable":true,"href":"https:\/\/donbaraton.es\/ru\/wp-json\/wp\/v2\/product_tag?post=10310"}],"curies":[{"name":"wp","href":"https:\/\/api.w.org\/{rel}","templated":true}]}}