{"id":10512,"date":"2018-12-07T17:15:36","date_gmt":"2018-08-13T20:19:36","guid":{"rendered":"https:\/\/donbaraton.es\/producto\/uncategorized\/%d1%83%d0%b3%d0%bb%d0%be%d0%b2%d0%be%d0%b9-%d0%b4%d0%b8%d0%b2%d0%b0%d0%bd-%d0%ba%d1%80%d0%be%d0%b2%d0%b0%d1%82%d1%8c-niagara\/"},"modified":"2018-08-13T22:19:36","modified_gmt":"2018-08-13T20:19:36","slug":"%d1%83%d0%b3%d0%bb%d0%be%d0%b2%d0%be%d0%b9-%d0%b4%d0%b8%d0%b2%d0%b0%d0%bd-%d0%ba%d1%80%d0%be%d0%b2%d0%b0%d1%82%d1%8c-niagara","status":"publish","type":"product","link":"https:\/\/donbaraton.es\/ru\/p\/%d1%83%d0%b3%d0%bb%d0%be%d0%b2%d0%be%d0%b9-%d0%b4%d0%b8%d0%b2%d0%b0%d0%bd-%d0%ba%d1%80%d0%be%d0%b2%d0%b0%d1%82%d1%8c-niagara\/","title":{"rendered":"\u0423\u0433\u043b\u043e\u0432\u043e\u0439 \u0434\u0438\u0432\u0430\u043d-\u043a\u0440\u043e\u0432\u0430\u0442\u044c \u0441 \u0440\u0435\u0433\u0443\u043b\u0438\u0440\u0443\u0435\u043c\u044b\u043c\u0438 \u043f\u043e\u0434\u0433\u043e\u043b\u043e\u0432\u043d\u0438\u043a\u0430\u043c\u0438 &#8212; Niagara"},"content":{"rendered":"<p>\u0423\u0433\u043b\u043e\u0432\u043e\u0439 \u0434\u0438\u0432\u0430\u043d-\u043a\u0440\u043e\u0432\u0430\u0442\u044c \u0441 \u0440\u0435\u0433\u0443\u043b\u0438\u0440\u0443\u0435\u043c\u044b\u043c\u0438 \u043f\u043e\u0434\u0433\u043e\u043b\u043e\u0432\u043d\u0438\u043a\u0430\u043c\u0438 &#8212; Niagara. \u0421\u0438\u043d\u0442\u0435\u0442\u0438\u0447\u0435\u0441\u043a\u0430\u044f \u0442\u043a\u0430\u043d\u044c &#171;\u0440\u043e\u0433\u043e\u0436\u043a\u0430&#187; \u0441\u0435\u0440\u043e\u0433\u043e \u0446\u0432\u0435\u0442\u0430. \u041e\u0442\u0434\u0435\u043b\u0435\u043d\u0438\u0435 \u0434\u043b\u044f \u0445\u0440\u0430\u043d\u0435\u043d\u0438\u044f \u0431\u0435\u043b\u044c\u044f \u043f\u043e\u0434 \u0441\u0438\u0434\u0435\u043d\u044c\u0435\u043c. <strong>\u0420\u0430\u0437\u043c\u0435\u0440\u044b:<\/strong> \u0434\u043b\u0438\u043d\u0430 275 \u0441\u043c, \u0434\u043b\u0438\u043d\u0430 \u0448\u0435\u0437\u043b\u043e\u043d\u0433\u0430 180 \u0441\u043c, \u0432\u044b\u0441\u043e\u0442\u0430 \u0441 \u043f\u043e\u0434\u043d\u044f\u0442\u044b\u043c\u0438 \u043f\u043e\u0434\u0433\u043e\u043b\u043e\u0432\u043d\u0438\u043a\u0430\u043c\u0438 100 \u0441\u043c, \u0432\u044b\u0441\u043e\u0442\u0430 \u0441 \u043e\u043f\u0443\u0449\u0435\u043d\u043d\u044b\u043c\u0438 \u043f\u043e\u0434\u0433\u043e\u043b\u043e\u0432\u043d\u0438\u043a\u0430\u043c\u0438 87 \u0441\u043c. \u0413\u043b\u0443\u0431\u0438\u043d\u0430 \u0441\u0438\u0434\u0435\u043d\u0438\u0439 60 \u0441\u043c. \u0420\u0430\u0437\u043c\u0435\u0440\u044b \u043a\u0440\u043e\u0432\u0430\u0442\u0438: 210 x 135 \u0441\u043c<\/p>\n","protected":false},"excerpt":{"rendered":"<p>\u0423\u0433\u043b\u043e\u0432\u043e\u0439 \u0434\u0438\u0432\u0430\u043d-\u043a\u0440\u043e\u0432\u0430\u0442\u044c \u0441 \u0440\u0435\u0433\u0443\u043b\u0438\u0440\u0443\u0435\u043c\u044b\u043c\u0438 \u043f\u043e\u0434\u0433\u043e\u043b\u043e\u0432\u043d\u0438\u043a\u0430\u043c\u0438 &#8212; Niagara. \u0421\u0438\u043d\u0442\u0435\u0442\u0438\u0447\u0435\u0441\u043a\u0430\u044f \u0442\u043a\u0430\u043d\u044c &#171;\u0440\u043e\u0433\u043e\u0436\u043a\u0430&#187; \u0441\u0435\u0440\u043e\u0433\u043e \u0446\u0432\u0435\u0442\u0430. \u041e\u0442\u0434\u0435\u043b\u0435\u043d\u0438\u0435 \u0434\u043b\u044f \u0445\u0440\u0430\u043d\u0435\u043d\u0438\u044f \u0431\u0435\u043b\u044c\u044f \u043f\u043e\u0434 \u0441\u0438\u0434\u0435\u043d\u044c\u0435\u043c. <strong>\u0420\u0430\u0437\u043c\u0435\u0440\u044b:<\/strong> \u0434\u043b\u0438\u043d\u0430 275 \u0441\u043c, \u0434\u043b\u0438\u043d\u0430 \u0448\u0435\u0437\u043b\u043e\u043d\u0433\u0430 180 \u0441\u043c, \u0432\u044b\u0441\u043e\u0442\u0430 \u0441 \u043f\u043e\u0434\u043d\u044f\u0442\u044b\u043c\u0438 \u043f\u043e\u0434\u0433\u043e\u043b\u043e\u0432\u043d\u0438\u043a\u0430\u043c\u0438 100 \u0441\u043c, \u0432\u044b\u0441\u043e\u0442\u0430 \u0441 \u043e\u043f\u0443\u0449\u0435\u043d\u043d\u044b\u043c\u0438 \u043f\u043e\u0434\u0433\u043e\u043b\u043e\u0432\u043d\u0438\u043a\u0430\u043c\u0438 87 \u0441\u043c. \u0413\u043b\u0443\u0431\u0438\u043d\u0430 \u0441\u0438\u0434\u0435\u043d\u0438\u0439 60 \u0441\u043c. \u0420\u0430\u0437\u043c\u0435\u0440\u044b \u043a\u0440\u043e\u0432\u0430\u0442\u0438: 210 x 135 \u0441\u043c<\/p>\n","protected":false},"featured_media":10496,"comment_status":"open","ping_status":"closed","template":"","meta":{"_et_pb_use_builder":"","_et_pb_old_content":"","_et_gb_content_width":""},"product_brand":[],"product_cat":[36,46,42,44],"product_tag":[],"class_list":{"0":"post-10512","1":"product","2":"type-product","3":"status-publish","4":"has-post-thumbnail","6":"product_cat-36","7":"product_cat-46","8":"product_cat-42","9":"product_cat-44","10":"product_shipping_class-articulos-pesados","11":"pa_lado-200","12":"pa_lado-199","13":"pa_largo-divany-251-300-cm","14":"pa_material-101","15":"pa_plazas-151","17":"first","18":"outofstock","19":"sale","20":"taxable","21":"shipping-taxable","22":"purchasable","23":"product-type-variable"},"yoast_head":"<!-- This site is optimized with the Yoast SEO plugin v27.2 - https:\/\/yoast.com\/product\/yoast-seo-wordpress\/ -->\n<title>\u0423\u0433\u043b\u043e\u0432\u043e\u0439 \u0434\u0438\u0432\u0430\u043d-\u043a\u0440\u043e\u0432\u0430\u0442\u044c \u0441 \u0440\u0435\u0433\u0443\u043b\u0438\u0440\u0443\u0435\u043c\u044b\u043c\u0438 \u043f\u043e\u0434\u0433\u043e\u043b\u043e\u0432\u043d\u0438\u043a\u0430\u043c\u0438 - Niagara - Don Baraton: tienda de sof\u00e1s, colchones y muebles<\/title>\n<meta name=\"robots\" content=\"index, follow, max-snippet:-1, max-image-preview:large, max-video-preview:-1\" \/>\n<link rel=\"canonical\" href=\"https:\/\/donbaraton.es\/ru\/p\/\u0443\u0433\u043b\u043e\u0432\u043e\u0439-\u0434\u0438\u0432\u0430\u043d-\u043a\u0440\u043e\u0432\u0430\u0442\u044c-niagara\/\" \/>\n<meta property=\"og:locale\" content=\"ru_RU\" \/>\n<meta property=\"og:type\" content=\"article\" \/>\n<meta property=\"og:title\" content=\"\u0423\u0433\u043b\u043e\u0432\u043e\u0439 \u0434\u0438\u0432\u0430\u043d-\u043a\u0440\u043e\u0432\u0430\u0442\u044c \u0441 \u0440\u0435\u0433\u0443\u043b\u0438\u0440\u0443\u0435\u043c\u044b\u043c\u0438 \u043f\u043e\u0434\u0433\u043e\u043b\u043e\u0432\u043d\u0438\u043a\u0430\u043c\u0438 - Niagara - Don Baraton: tienda de sof\u00e1s, colchones y muebles\" \/>\n<meta property=\"og:description\" content=\"\u0423\u0433\u043b\u043e\u0432\u043e\u0439 \u0434\u0438\u0432\u0430\u043d-\u043a\u0440\u043e\u0432\u0430\u0442\u044c \u0441 \u0440\u0435\u0433\u0443\u043b\u0438\u0440\u0443\u0435\u043c\u044b\u043c\u0438 \u043f\u043e\u0434\u0433\u043e\u043b\u043e\u0432\u043d\u0438\u043a\u0430\u043c\u0438 - Niagara. \u0421\u0438\u043d\u0442\u0435\u0442\u0438\u0447\u0435\u0441\u043a\u0430\u044f \u0442\u043a\u0430\u043d\u044c &quot;\u0440\u043e\u0433\u043e\u0436\u043a\u0430&quot; \u0441\u0435\u0440\u043e\u0433\u043e \u0446\u0432\u0435\u0442\u0430. \u041e\u0442\u0434\u0435\u043b\u0435\u043d\u0438\u0435 \u0434\u043b\u044f \u0445\u0440\u0430\u043d\u0435\u043d\u0438\u044f \u0431\u0435\u043b\u044c\u044f \u043f\u043e\u0434 \u0441\u0438\u0434\u0435\u043d\u044c\u0435\u043c. \u0420\u0430\u0437\u043c\u0435\u0440\u044b: \u0434\u043b\u0438\u043d\u0430 275 \u0441\u043c, \u0434\u043b\u0438\u043d\u0430 \u0448\u0435\u0437\u043b\u043e\u043d\u0433\u0430 180 \u0441\u043c, \u0432\u044b\u0441\u043e\u0442\u0430 \u0441 \u043f\u043e\u0434\u043d\u044f\u0442\u044b\u043c\u0438 \u043f\u043e\u0434\u0433\u043e\u043b\u043e\u0432\u043d\u0438\u043a\u0430\u043c\u0438 100 \u0441\u043c, \u0432\u044b\u0441\u043e\u0442\u0430 \u0441 \u043e\u043f\u0443\u0449\u0435\u043d\u043d\u044b\u043c\u0438 \u043f\u043e\u0434\u0433\u043e\u043b\u043e\u0432\u043d\u0438\u043a\u0430\u043c\u0438 87 \u0441\u043c. \u0413\u043b\u0443\u0431\u0438\u043d\u0430 \u0441\u0438\u0434\u0435\u043d\u0438\u0439 60 \u0441\u043c. \u0420\u0430\u0437\u043c\u0435\u0440\u044b \u043a\u0440\u043e\u0432\u0430\u0442\u0438: 210 x 135 \u0441\u043c\" \/>\n<meta property=\"og:url\" content=\"https:\/\/donbaraton.es\/ru\/p\/\u0443\u0433\u043b\u043e\u0432\u043e\u0439-\u0434\u0438\u0432\u0430\u043d-\u043a\u0440\u043e\u0432\u0430\u0442\u044c-niagara\/\" \/>\n<meta property=\"og:site_name\" content=\"Don Baraton: tienda de sof\u00e1s, colchones y muebles\" \/>\n<meta property=\"article:publisher\" content=\"https:\/\/www.facebook.com\/donbaraton.es\" \/>\n<meta property=\"og:image\" content=\"https:\/\/i0.wp.com\/donbaraton.es\/wp-content\/uploads\/2018\/08\/Sof\u00e1-chaise-longue-cama-con-reposacabezas-reclinables.-Tela-gris-claro-chaise-longue-lado-derecho-Niagara-1.jpg?fit=1000%2C750&ssl=1\" \/>\n\t<meta property=\"og:image:width\" content=\"1000\" \/>\n\t<meta property=\"og:image:height\" content=\"750\" \/>\n\t<meta property=\"og:image:type\" content=\"image\/jpeg\" \/>\n<meta name=\"twitter:card\" content=\"summary_large_image\" \/>\n<meta name=\"twitter:site\" content=\"@don_baraton\" \/>\n<script type=\"application\/ld+json\" class=\"yoast-schema-graph\">{\"@context\":\"https:\/\/schema.org\",\"@graph\":[{\"@type\":\"WebPage\",\"@id\":\"https:\/\/donbaraton.es\/ru\/p\/%d1%83%d0%b3%d0%bb%d0%be%d0%b2%d0%be%d0%b9-%d0%b4%d0%b8%d0%b2%d0%b0%d0%bd-%d0%ba%d1%80%d0%be%d0%b2%d0%b0%d1%82%d1%8c-niagara\/\",\"url\":\"https:\/\/donbaraton.es\/ru\/p\/%d1%83%d0%b3%d0%bb%d0%be%d0%b2%d0%be%d0%b9-%d0%b4%d0%b8%d0%b2%d0%b0%d0%bd-%d0%ba%d1%80%d0%be%d0%b2%d0%b0%d1%82%d1%8c-niagara\/\",\"name\":\"\u0423\u0433\u043b\u043e\u0432\u043e\u0439 \u0434\u0438\u0432\u0430\u043d-\u043a\u0440\u043e\u0432\u0430\u0442\u044c \u0441 \u0440\u0435\u0433\u0443\u043b\u0438\u0440\u0443\u0435\u043c\u044b\u043c\u0438 \u043f\u043e\u0434\u0433\u043e\u043b\u043e\u0432\u043d\u0438\u043a\u0430\u043c\u0438 - Niagara - Don Baraton: tienda de sof\u00e1s, colchones y muebles\",\"isPartOf\":{\"@id\":\"https:\/\/donbaraton.es\/#website\"},\"primaryImageOfPage\":{\"@id\":\"https:\/\/donbaraton.es\/ru\/p\/%d1%83%d0%b3%d0%bb%d0%be%d0%b2%d0%be%d0%b9-%d0%b4%d0%b8%d0%b2%d0%b0%d0%bd-%d0%ba%d1%80%d0%be%d0%b2%d0%b0%d1%82%d1%8c-niagara\/#primaryimage\"},\"image\":{\"@id\":\"https:\/\/donbaraton.es\/ru\/p\/%d1%83%d0%b3%d0%bb%d0%be%d0%b2%d0%be%d0%b9-%d0%b4%d0%b8%d0%b2%d0%b0%d0%bd-%d0%ba%d1%80%d0%be%d0%b2%d0%b0%d1%82%d1%8c-niagara\/#primaryimage\"},\"thumbnailUrl\":\"https:\/\/donbaraton.es\/wp-content\/uploads\/2018\/08\/Sof\u00e1-chaise-longue-cama-con-reposacabezas-reclinables.-Tela-gris-claro-chaise-longue-lado-derecho-Niagara-1.jpg\",\"datePublished\":\"2018-08-13T20:19:36+00:00\",\"breadcrumb\":{\"@id\":\"https:\/\/donbaraton.es\/ru\/p\/%d1%83%d0%b3%d0%bb%d0%be%d0%b2%d0%be%d0%b9-%d0%b4%d0%b8%d0%b2%d0%b0%d0%bd-%d0%ba%d1%80%d0%be%d0%b2%d0%b0%d1%82%d1%8c-niagara\/#breadcrumb\"},\"inLanguage\":\"ru-RU\",\"potentialAction\":[{\"@type\":\"ReadAction\",\"target\":[\"https:\/\/donbaraton.es\/ru\/p\/%d1%83%d0%b3%d0%bb%d0%be%d0%b2%d0%be%d0%b9-%d0%b4%d0%b8%d0%b2%d0%b0%d0%bd-%d0%ba%d1%80%d0%be%d0%b2%d0%b0%d1%82%d1%8c-niagara\/\"]}]},{\"@type\":\"ImageObject\",\"inLanguage\":\"ru-RU\",\"@id\":\"https:\/\/donbaraton.es\/ru\/p\/%d1%83%d0%b3%d0%bb%d0%be%d0%b2%d0%be%d0%b9-%d0%b4%d0%b8%d0%b2%d0%b0%d0%bd-%d0%ba%d1%80%d0%be%d0%b2%d0%b0%d1%82%d1%8c-niagara\/#primaryimage\",\"url\":\"https:\/\/donbaraton.es\/wp-content\/uploads\/2018\/08\/Sof\u00e1-chaise-longue-cama-con-reposacabezas-reclinables.-Tela-gris-claro-chaise-longue-lado-derecho-Niagara-1.jpg\",\"contentUrl\":\"https:\/\/donbaraton.es\/wp-content\/uploads\/2018\/08\/Sof\u00e1-chaise-longue-cama-con-reposacabezas-reclinables.-Tela-gris-claro-chaise-longue-lado-derecho-Niagara-1.jpg\",\"width\":1000,\"height\":750,\"caption\":\"\u0423\u0433\u043b\u043e\u0432\u043e\u0439 \u0434\u0438\u0432\u0430\u043d-\u043a\u0440\u043e\u0432\u0430\u0442\u044c \u0441 \u0440\u0435\u0433\u0443\u043b\u0438\u0440\u0443\u0435\u043c\u044b\u043c\u0438 \u043f\u043e\u0434\u0433\u043e\u043b\u043e\u0432\u043d\u0438\u043a\u0430\u043c\u0438 - Niagara. \u0421\u0435\u0440\u0430\u044f \u0442\u043a\u0430\u043d\u044c \\\"\u0440\u043e\u0433\u043e\u0436\u043a\u0430\\\", \u043f\u0440\u0430\u0432\u044b\u0439 \u0443\u0433\u043e\u043b\"},{\"@type\":\"BreadcrumbList\",\"@id\":\"https:\/\/donbaraton.es\/ru\/p\/%d1%83%d0%b3%d0%bb%d0%be%d0%b2%d0%be%d0%b9-%d0%b4%d0%b8%d0%b2%d0%b0%d0%bd-%d0%ba%d1%80%d0%be%d0%b2%d0%b0%d1%82%d1%8c-niagara\/#breadcrumb\",\"itemListElement\":[{\"@type\":\"ListItem\",\"position\":1,\"name\":\"Portada\",\"item\":\"https:\/\/donbaraton.es\/ru\/\"},{\"@type\":\"ListItem\",\"position\":2,\"name\":\"\u0418\u043d\u0442\u0435\u0440\u043d\u0435\u0442-\u043c\u0430\u0433\u0430\u0437\u0438\u043d\",\"item\":\"https:\/\/donbaraton.es\/ru\/%d0%bc%d0%b0%d0%b3%d0%b0%d0%b7%d0%b8%d0%bd\/\"},{\"@type\":\"ListItem\",\"position\":3,\"name\":\"\u0423\u0433\u043b\u043e\u0432\u043e\u0439 \u0434\u0438\u0432\u0430\u043d-\u043a\u0440\u043e\u0432\u0430\u0442\u044c \u0441 \u0440\u0435\u0433\u0443\u043b\u0438\u0440\u0443\u0435\u043c\u044b\u043c\u0438 \u043f\u043e\u0434\u0433\u043e\u043b\u043e\u0432\u043d\u0438\u043a\u0430\u043c\u0438 &#8212; Niagara\"}]},{\"@type\":\"WebSite\",\"@id\":\"https:\/\/donbaraton.es\/#website\",\"url\":\"https:\/\/donbaraton.es\/\",\"name\":\"Don Baraton: tienda de sof\u00e1s, colchones y muebles\",\"description\":\"Venta de sof\u00e1s rinconeras, chaise longue, camas y conjuntos de sof\u00e1s\",\"publisher\":{\"@id\":\"https:\/\/donbaraton.es\/#organization\"},\"potentialAction\":[{\"@type\":\"SearchAction\",\"target\":{\"@type\":\"EntryPoint\",\"urlTemplate\":\"https:\/\/donbaraton.es\/?s={search_term_string}\"},\"query-input\":{\"@type\":\"PropertyValueSpecification\",\"valueRequired\":true,\"valueName\":\"search_term_string\"}}],\"inLanguage\":\"ru-RU\"},{\"@type\":\"Organization\",\"@id\":\"https:\/\/donbaraton.es\/#organization\",\"name\":\"Don Baraton\",\"url\":\"https:\/\/donbaraton.es\/\",\"logo\":{\"@type\":\"ImageObject\",\"inLanguage\":\"ru-RU\",\"@id\":\"https:\/\/donbaraton.es\/#\/schema\/logo\/image\/\",\"url\":\"https:\/\/i0.wp.com\/donbaraton.es\/wp-content\/uploads\/2016\/11\/logo_don_baraton.png?fit=228%2C110&ssl=1\",\"contentUrl\":\"https:\/\/i0.wp.com\/donbaraton.es\/wp-content\/uploads\/2016\/11\/logo_don_baraton.png?fit=228%2C110&ssl=1\",\"width\":228,\"height\":110,\"caption\":\"Don Baraton\"},\"image\":{\"@id\":\"https:\/\/donbaraton.es\/#\/schema\/logo\/image\/\"},\"sameAs\":[\"https:\/\/www.facebook.com\/donbaraton.es\",\"https:\/\/x.com\/don_baraton\",\"https:\/\/www.instagram.com\/donbaraton.es\",\"https:\/\/www.linkedin.com\/company\/donbaraton\/\",\"https:\/\/es.pinterest.com\/donbaraton\/\",\"https:\/\/www.youtube.com\/channel\/UCL02HOwx-F759Jq5MedAZfQ\"]}]}<\/script>\n<!-- \/ Yoast SEO plugin. -->","yoast_head_json":{"title":"\u0423\u0433\u043b\u043e\u0432\u043e\u0439 \u0434\u0438\u0432\u0430\u043d-\u043a\u0440\u043e\u0432\u0430\u0442\u044c \u0441 \u0440\u0435\u0433\u0443\u043b\u0438\u0440\u0443\u0435\u043c\u044b\u043c\u0438 \u043f\u043e\u0434\u0433\u043e\u043b\u043e\u0432\u043d\u0438\u043a\u0430\u043c\u0438 - Niagara - Don Baraton: tienda de sof\u00e1s, colchones y muebles","robots":{"index":"index","follow":"follow","max-snippet":"max-snippet:-1","max-image-preview":"max-image-preview:large","max-video-preview":"max-video-preview:-1"},"canonical":"https:\/\/donbaraton.es\/ru\/p\/\u0443\u0433\u043b\u043e\u0432\u043e\u0439-\u0434\u0438\u0432\u0430\u043d-\u043a\u0440\u043e\u0432\u0430\u0442\u044c-niagara\/","og_locale":"ru_RU","og_type":"article","og_title":"\u0423\u0433\u043b\u043e\u0432\u043e\u0439 \u0434\u0438\u0432\u0430\u043d-\u043a\u0440\u043e\u0432\u0430\u0442\u044c \u0441 \u0440\u0435\u0433\u0443\u043b\u0438\u0440\u0443\u0435\u043c\u044b\u043c\u0438 \u043f\u043e\u0434\u0433\u043e\u043b\u043e\u0432\u043d\u0438\u043a\u0430\u043c\u0438 - Niagara - Don Baraton: tienda de sof\u00e1s, colchones y muebles","og_description":"\u0423\u0433\u043b\u043e\u0432\u043e\u0439 \u0434\u0438\u0432\u0430\u043d-\u043a\u0440\u043e\u0432\u0430\u0442\u044c \u0441 \u0440\u0435\u0433\u0443\u043b\u0438\u0440\u0443\u0435\u043c\u044b\u043c\u0438 \u043f\u043e\u0434\u0433\u043e\u043b\u043e\u0432\u043d\u0438\u043a\u0430\u043c\u0438 - Niagara. \u0421\u0438\u043d\u0442\u0435\u0442\u0438\u0447\u0435\u0441\u043a\u0430\u044f \u0442\u043a\u0430\u043d\u044c \"\u0440\u043e\u0433\u043e\u0436\u043a\u0430\" \u0441\u0435\u0440\u043e\u0433\u043e \u0446\u0432\u0435\u0442\u0430. \u041e\u0442\u0434\u0435\u043b\u0435\u043d\u0438\u0435 \u0434\u043b\u044f \u0445\u0440\u0430\u043d\u0435\u043d\u0438\u044f \u0431\u0435\u043b\u044c\u044f \u043f\u043e\u0434 \u0441\u0438\u0434\u0435\u043d\u044c\u0435\u043c. \u0420\u0430\u0437\u043c\u0435\u0440\u044b: \u0434\u043b\u0438\u043d\u0430 275 \u0441\u043c, \u0434\u043b\u0438\u043d\u0430 \u0448\u0435\u0437\u043b\u043e\u043d\u0433\u0430 180 \u0441\u043c, \u0432\u044b\u0441\u043e\u0442\u0430 \u0441 \u043f\u043e\u0434\u043d\u044f\u0442\u044b\u043c\u0438 \u043f\u043e\u0434\u0433\u043e\u043b\u043e\u0432\u043d\u0438\u043a\u0430\u043c\u0438 100 \u0441\u043c, \u0432\u044b\u0441\u043e\u0442\u0430 \u0441 \u043e\u043f\u0443\u0449\u0435\u043d\u043d\u044b\u043c\u0438 \u043f\u043e\u0434\u0433\u043e\u043b\u043e\u0432\u043d\u0438\u043a\u0430\u043c\u0438 87 \u0441\u043c. \u0413\u043b\u0443\u0431\u0438\u043d\u0430 \u0441\u0438\u0434\u0435\u043d\u0438\u0439 60 \u0441\u043c. \u0420\u0430\u0437\u043c\u0435\u0440\u044b \u043a\u0440\u043e\u0432\u0430\u0442\u0438: 210 x 135 \u0441\u043c","og_url":"https:\/\/donbaraton.es\/ru\/p\/\u0443\u0433\u043b\u043e\u0432\u043e\u0439-\u0434\u0438\u0432\u0430\u043d-\u043a\u0440\u043e\u0432\u0430\u0442\u044c-niagara\/","og_site_name":"Don Baraton: tienda de sof\u00e1s, colchones y muebles","article_publisher":"https:\/\/www.facebook.com\/donbaraton.es","og_image":[{"width":1000,"height":750,"url":"https:\/\/i0.wp.com\/donbaraton.es\/wp-content\/uploads\/2018\/08\/Sof\u00e1-chaise-longue-cama-con-reposacabezas-reclinables.-Tela-gris-claro-chaise-longue-lado-derecho-Niagara-1.jpg?fit=1000%2C750&ssl=1","type":"image\/jpeg"}],"twitter_card":"summary_large_image","twitter_site":"@don_baraton","schema":{"@context":"https:\/\/schema.org","@graph":[{"@type":"WebPage","@id":"https:\/\/donbaraton.es\/ru\/p\/%d1%83%d0%b3%d0%bb%d0%be%d0%b2%d0%be%d0%b9-%d0%b4%d0%b8%d0%b2%d0%b0%d0%bd-%d0%ba%d1%80%d0%be%d0%b2%d0%b0%d1%82%d1%8c-niagara\/","url":"https:\/\/donbaraton.es\/ru\/p\/%d1%83%d0%b3%d0%bb%d0%be%d0%b2%d0%be%d0%b9-%d0%b4%d0%b8%d0%b2%d0%b0%d0%bd-%d0%ba%d1%80%d0%be%d0%b2%d0%b0%d1%82%d1%8c-niagara\/","name":"\u0423\u0433\u043b\u043e\u0432\u043e\u0439 \u0434\u0438\u0432\u0430\u043d-\u043a\u0440\u043e\u0432\u0430\u0442\u044c \u0441 \u0440\u0435\u0433\u0443\u043b\u0438\u0440\u0443\u0435\u043c\u044b\u043c\u0438 \u043f\u043e\u0434\u0433\u043e\u043b\u043e\u0432\u043d\u0438\u043a\u0430\u043c\u0438 - Niagara - Don Baraton: tienda de sof\u00e1s, colchones y muebles","isPartOf":{"@id":"https:\/\/donbaraton.es\/#website"},"primaryImageOfPage":{"@id":"https:\/\/donbaraton.es\/ru\/p\/%d1%83%d0%b3%d0%bb%d0%be%d0%b2%d0%be%d0%b9-%d0%b4%d0%b8%d0%b2%d0%b0%d0%bd-%d0%ba%d1%80%d0%be%d0%b2%d0%b0%d1%82%d1%8c-niagara\/#primaryimage"},"image":{"@id":"https:\/\/donbaraton.es\/ru\/p\/%d1%83%d0%b3%d0%bb%d0%be%d0%b2%d0%be%d0%b9-%d0%b4%d0%b8%d0%b2%d0%b0%d0%bd-%d0%ba%d1%80%d0%be%d0%b2%d0%b0%d1%82%d1%8c-niagara\/#primaryimage"},"thumbnailUrl":"https:\/\/donbaraton.es\/wp-content\/uploads\/2018\/08\/Sof\u00e1-chaise-longue-cama-con-reposacabezas-reclinables.-Tela-gris-claro-chaise-longue-lado-derecho-Niagara-1.jpg","datePublished":"2018-08-13T20:19:36+00:00","breadcrumb":{"@id":"https:\/\/donbaraton.es\/ru\/p\/%d1%83%d0%b3%d0%bb%d0%be%d0%b2%d0%be%d0%b9-%d0%b4%d0%b8%d0%b2%d0%b0%d0%bd-%d0%ba%d1%80%d0%be%d0%b2%d0%b0%d1%82%d1%8c-niagara\/#breadcrumb"},"inLanguage":"ru-RU","potentialAction":[{"@type":"ReadAction","target":["https:\/\/donbaraton.es\/ru\/p\/%d1%83%d0%b3%d0%bb%d0%be%d0%b2%d0%be%d0%b9-%d0%b4%d0%b8%d0%b2%d0%b0%d0%bd-%d0%ba%d1%80%d0%be%d0%b2%d0%b0%d1%82%d1%8c-niagara\/"]}]},{"@type":"ImageObject","inLanguage":"ru-RU","@id":"https:\/\/donbaraton.es\/ru\/p\/%d1%83%d0%b3%d0%bb%d0%be%d0%b2%d0%be%d0%b9-%d0%b4%d0%b8%d0%b2%d0%b0%d0%bd-%d0%ba%d1%80%d0%be%d0%b2%d0%b0%d1%82%d1%8c-niagara\/#primaryimage","url":"https:\/\/donbaraton.es\/wp-content\/uploads\/2018\/08\/Sof\u00e1-chaise-longue-cama-con-reposacabezas-reclinables.-Tela-gris-claro-chaise-longue-lado-derecho-Niagara-1.jpg","contentUrl":"https:\/\/donbaraton.es\/wp-content\/uploads\/2018\/08\/Sof\u00e1-chaise-longue-cama-con-reposacabezas-reclinables.-Tela-gris-claro-chaise-longue-lado-derecho-Niagara-1.jpg","width":1000,"height":750,"caption":"\u0423\u0433\u043b\u043e\u0432\u043e\u0439 \u0434\u0438\u0432\u0430\u043d-\u043a\u0440\u043e\u0432\u0430\u0442\u044c \u0441 \u0440\u0435\u0433\u0443\u043b\u0438\u0440\u0443\u0435\u043c\u044b\u043c\u0438 \u043f\u043e\u0434\u0433\u043e\u043b\u043e\u0432\u043d\u0438\u043a\u0430\u043c\u0438 - Niagara. \u0421\u0435\u0440\u0430\u044f \u0442\u043a\u0430\u043d\u044c \"\u0440\u043e\u0433\u043e\u0436\u043a\u0430\", \u043f\u0440\u0430\u0432\u044b\u0439 \u0443\u0433\u043e\u043b"},{"@type":"BreadcrumbList","@id":"https:\/\/donbaraton.es\/ru\/p\/%d1%83%d0%b3%d0%bb%d0%be%d0%b2%d0%be%d0%b9-%d0%b4%d0%b8%d0%b2%d0%b0%d0%bd-%d0%ba%d1%80%d0%be%d0%b2%d0%b0%d1%82%d1%8c-niagara\/#breadcrumb","itemListElement":[{"@type":"ListItem","position":1,"name":"Portada","item":"https:\/\/donbaraton.es\/ru\/"},{"@type":"ListItem","position":2,"name":"\u0418\u043d\u0442\u0435\u0440\u043d\u0435\u0442-\u043c\u0430\u0433\u0430\u0437\u0438\u043d","item":"https:\/\/donbaraton.es\/ru\/%d0%bc%d0%b0%d0%b3%d0%b0%d0%b7%d0%b8%d0%bd\/"},{"@type":"ListItem","position":3,"name":"\u0423\u0433\u043b\u043e\u0432\u043e\u0439 \u0434\u0438\u0432\u0430\u043d-\u043a\u0440\u043e\u0432\u0430\u0442\u044c \u0441 \u0440\u0435\u0433\u0443\u043b\u0438\u0440\u0443\u0435\u043c\u044b\u043c\u0438 \u043f\u043e\u0434\u0433\u043e\u043b\u043e\u0432\u043d\u0438\u043a\u0430\u043c\u0438 &#8212; Niagara"}]},{"@type":"WebSite","@id":"https:\/\/donbaraton.es\/#website","url":"https:\/\/donbaraton.es\/","name":"Don Baraton: tienda de sof\u00e1s, colchones y muebles","description":"Venta de sof\u00e1s rinconeras, chaise longue, camas y conjuntos de sof\u00e1s","publisher":{"@id":"https:\/\/donbaraton.es\/#organization"},"potentialAction":[{"@type":"SearchAction","target":{"@type":"EntryPoint","urlTemplate":"https:\/\/donbaraton.es\/?s={search_term_string}"},"query-input":{"@type":"PropertyValueSpecification","valueRequired":true,"valueName":"search_term_string"}}],"inLanguage":"ru-RU"},{"@type":"Organization","@id":"https:\/\/donbaraton.es\/#organization","name":"Don Baraton","url":"https:\/\/donbaraton.es\/","logo":{"@type":"ImageObject","inLanguage":"ru-RU","@id":"https:\/\/donbaraton.es\/#\/schema\/logo\/image\/","url":"https:\/\/i0.wp.com\/donbaraton.es\/wp-content\/uploads\/2016\/11\/logo_don_baraton.png?fit=228%2C110&ssl=1","contentUrl":"https:\/\/i0.wp.com\/donbaraton.es\/wp-content\/uploads\/2016\/11\/logo_don_baraton.png?fit=228%2C110&ssl=1","width":228,"height":110,"caption":"Don Baraton"},"image":{"@id":"https:\/\/donbaraton.es\/#\/schema\/logo\/image\/"},"sameAs":["https:\/\/www.facebook.com\/donbaraton.es","https:\/\/x.com\/don_baraton","https:\/\/www.instagram.com\/donbaraton.es","https:\/\/www.linkedin.com\/company\/donbaraton\/","https:\/\/es.pinterest.com\/donbaraton\/","https:\/\/www.youtube.com\/channel\/UCL02HOwx-F759Jq5MedAZfQ"]}]}},"_links":{"self":[{"href":"https:\/\/donbaraton.es\/ru\/wp-json\/wp\/v2\/product\/10512","targetHints":{"allow":["GET"]}}],"collection":[{"href":"https:\/\/donbaraton.es\/ru\/wp-json\/wp\/v2\/product"}],"about":[{"href":"https:\/\/donbaraton.es\/ru\/wp-json\/wp\/v2\/types\/product"}],"replies":[{"embeddable":true,"href":"https:\/\/donbaraton.es\/ru\/wp-json\/wp\/v2\/comments?post=10512"}],"wp:featuredmedia":[{"embeddable":true,"href":"https:\/\/donbaraton.es\/ru\/wp-json\/wp\/v2\/media\/10496"}],"wp:attachment":[{"href":"https:\/\/donbaraton.es\/ru\/wp-json\/wp\/v2\/media?parent=10512"}],"wp:term":[{"taxonomy":"product_brand","embeddable":true,"href":"https:\/\/donbaraton.es\/ru\/wp-json\/wp\/v2\/product_brand?post=10512"},{"taxonomy":"product_cat","embeddable":true,"href":"https:\/\/donbaraton.es\/ru\/wp-json\/wp\/v2\/product_cat?post=10512"},{"taxonomy":"product_tag","embeddable":true,"href":"https:\/\/donbaraton.es\/ru\/wp-json\/wp\/v2\/product_tag?post=10512"}],"curies":[{"name":"wp","href":"https:\/\/api.w.org\/{rel}","templated":true}]}}