{"id":10968,"date":"2018-09-23T01:55:40","date_gmt":"2018-09-22T23:55:40","guid":{"rendered":"https:\/\/donbaraton.es\/producto\/uncategorized\/%d0%b2%d1%80%d0%b0%d1%89%d0%b0%d1%8e%d1%89%d0%b0%d1%8f%d1%81%d1%8f-%d0%bf%d0%be%d0%bb%d0%ba%d0%b0-%d0%b4%d0%bb%d1%8f-%d1%85%d1%80%d0%b0%d0%bd%d0%b5%d0%bd%d0%b8%d1%8f-cd-dvd-visby\/"},"modified":"2019-12-11T16:34:57","modified_gmt":"2019-12-11T15:34:57","slug":"%d0%b2%d1%80%d0%b0%d1%89%d0%b0%d1%8e%d1%89%d0%b0%d1%8f%d1%81%d1%8f-%d0%bf%d0%be%d0%bb%d0%ba%d0%b0-%d0%b4%d0%bb%d1%8f-%d1%85%d1%80%d0%b0%d0%bd%d0%b5%d0%bd%d0%b8%d1%8f-cd-dvd-visby","status":"publish","type":"product","link":"https:\/\/donbaraton.es\/ru\/p\/%d0%b2%d1%80%d0%b0%d1%89%d0%b0%d1%8e%d1%89%d0%b0%d1%8f%d1%81%d1%8f-%d0%bf%d0%be%d0%bb%d0%ba%d0%b0-%d0%b4%d0%bb%d1%8f-%d1%85%d1%80%d0%b0%d0%bd%d0%b5%d0%bd%d0%b8%d1%8f-cd-dvd-visby\/","title":{"rendered":"\u0412\u0440\u0430\u0449\u0430\u044e\u0449\u0430\u044f\u0441\u044f \u043f\u043e\u043b\u043a\u0430 \u0434\u043b\u044f \u0445\u0440\u0430\u043d\u0435\u043d\u0438\u044f CD\/DVD &#8212; Visby"},"content":{"rendered":"<p>\u0412\u0440\u0430\u0449\u0430\u044e\u0449\u0430\u044f\u0441\u044f \u043f\u043e\u043b\u043a\u0430 \u0434\u043b\u044f \u0445\u0440\u0430\u043d\u0435\u043d\u0438\u044f CD\/DVD &#8212; Visby. \u041f\u0440\u0435\u043a\u0440\u0430\u0441\u043d\u043e\u0435\u00a0 \u0440\u0435\u0448\u0435\u043d\u0438\u0435 \u0434\u043b\u044f \u0445\u0440\u0430\u043d\u0435\u043d\u0438\u044f \u0434\u0438\u0441\u043a\u043e\u0432 \u043d\u0430 \u0441\u0442\u043e\u043b\u0435. \u041f\u0440\u043e\u0434\u0430\u0451\u0442\u0441\u044f \u0443\u043f\u0430\u043a\u043e\u0432\u0430\u043d\u043d\u043e\u0439 \u0432 \u043a\u043e\u0440\u043e\u0431\u043a\u0443. \u041b\u0435\u0433\u043a\u043e \u0441\u043e\u0431\u0438\u0440\u0430\u0435\u0442\u0441\u044f. \u0420\u0430\u0437\u043c\u0435\u0440\u044b: \u0412\u043c\u0435\u0441\u0442\u0438\u043c\u043e\u0441\u0442\u044c: 120 CD\/DVD<\/p>\n","protected":false},"excerpt":{"rendered":"<p>\u0412\u0440\u0430\u0449\u0430\u044e\u0449\u0430\u044f\u0441\u044f \u043f\u043e\u043b\u043a\u0430 \u0434\u043b\u044f \u0445\u0440\u0430\u043d\u0435\u043d\u0438\u044f CD\/DVD &#8212; Visby. \u041f\u0440\u0435\u043a\u0440\u0430\u0441\u043d\u043e\u0435 \u0440\u0435\u0448\u0435\u043d\u0438\u0435 \u0434\u043b\u044f \u0445\u0440\u0430\u043d\u0435\u043d\u0438\u044f \u0434\u0438\u0441\u043a\u043e\u0432 \u043d\u0430 \u0441\u0442\u043e\u043b\u0435. \u041f\u0440\u043e\u0434\u0430\u0451\u0442\u0441\u044f \u0443\u043f\u0430\u043a\u043e\u0432\u0430\u043d\u043d\u043e\u0439 \u0432 \u043a\u043e\u0440\u043e\u0431\u043a\u0443. \u041b\u0435\u0433\u043a\u043e \u0441\u043e\u0431\u0438\u0440\u0430\u0435\u0442\u0441\u044f. \u0420\u0430\u0437\u043c\u0435\u0440\u044b: \u0412\u043c\u0435\u0441\u0442\u0438\u043c\u043e\u0441\u0442\u044c: 120 CD\/DVD<\/p>\n","protected":false},"featured_media":10966,"comment_status":"open","ping_status":"closed","template":"","meta":{"_et_pb_use_builder":"","_et_pb_old_content":"","_et_gb_content_width":""},"product_brand":[],"product_cat":[70,304],"product_tag":[],"class_list":{"0":"post-10968","1":"product","2":"type-product","3":"status-publish","4":"has-post-thumbnail","6":"product_cat-70","7":"product_cat-304","8":"product_shipping_class-articulos-ligeros","10":"first","11":"instock","12":"sale","13":"taxable","14":"shipping-taxable","15":"purchasable","16":"product-type-simple"},"yoast_head":"<!-- This site is optimized with the Yoast SEO plugin v27.2 - https:\/\/yoast.com\/product\/yoast-seo-wordpress\/ -->\n<title>\u0412\u0440\u0430\u0449\u0430\u044e\u0449\u0430\u044f\u0441\u044f \u043f\u043e\u043b\u043a\u0430 \u0434\u043b\u044f \u0445\u0440\u0430\u043d\u0435\u043d\u0438\u044f CD\/DVD - Visby - Don Baraton: tienda de sof\u00e1s, colchones y muebles<\/title>\n<meta name=\"robots\" content=\"index, follow, max-snippet:-1, max-image-preview:large, max-video-preview:-1\" \/>\n<link rel=\"canonical\" href=\"https:\/\/donbaraton.es\/ru\/p\/\u0432\u0440\u0430\u0449\u0430\u044e\u0449\u0430\u044f\u0441\u044f-\u043f\u043e\u043b\u043a\u0430-\u0434\u043b\u044f-\u0445\u0440\u0430\u043d\u0435\u043d\u0438\u044f-cd-dvd-visby\/\" \/>\n<meta property=\"og:locale\" content=\"ru_RU\" \/>\n<meta property=\"og:type\" content=\"article\" \/>\n<meta property=\"og:title\" content=\"\u0412\u0440\u0430\u0449\u0430\u044e\u0449\u0430\u044f\u0441\u044f \u043f\u043e\u043b\u043a\u0430 \u0434\u043b\u044f \u0445\u0440\u0430\u043d\u0435\u043d\u0438\u044f CD\/DVD - Visby - Don Baraton: tienda de sof\u00e1s, colchones y muebles\" \/>\n<meta property=\"og:description\" content=\"\u0412\u0440\u0430\u0449\u0430\u044e\u0449\u0430\u044f\u0441\u044f \u043f\u043e\u043b\u043a\u0430 \u0434\u043b\u044f \u0445\u0440\u0430\u043d\u0435\u043d\u0438\u044f CD\/DVD - Visby. \u041f\u0440\u0435\u043a\u0440\u0430\u0441\u043d\u043e\u0435 \u0440\u0435\u0448\u0435\u043d\u0438\u0435 \u0434\u043b\u044f \u0445\u0440\u0430\u043d\u0435\u043d\u0438\u044f \u0434\u0438\u0441\u043a\u043e\u0432 \u043d\u0430 \u0441\u0442\u043e\u043b\u0435. \u041f\u0440\u043e\u0434\u0430\u0451\u0442\u0441\u044f \u0443\u043f\u0430\u043a\u043e\u0432\u0430\u043d\u043d\u043e\u0439 \u0432 \u043a\u043e\u0440\u043e\u0431\u043a\u0443. \u041b\u0435\u0433\u043a\u043e \u0441\u043e\u0431\u0438\u0440\u0430\u0435\u0442\u0441\u044f. \u0420\u0430\u0437\u043c\u0435\u0440\u044b: \u0412\u043c\u0435\u0441\u0442\u0438\u043c\u043e\u0441\u0442\u044c: 120 CD\/DVD\" \/>\n<meta property=\"og:url\" content=\"https:\/\/donbaraton.es\/ru\/p\/\u0432\u0440\u0430\u0449\u0430\u044e\u0449\u0430\u044f\u0441\u044f-\u043f\u043e\u043b\u043a\u0430-\u0434\u043b\u044f-\u0445\u0440\u0430\u043d\u0435\u043d\u0438\u044f-cd-dvd-visby\/\" \/>\n<meta property=\"og:site_name\" content=\"Don Baraton: tienda de sof\u00e1s, colchones y muebles\" \/>\n<meta property=\"article:publisher\" content=\"https:\/\/www.facebook.com\/donbaraton.es\" \/>\n<meta property=\"article:modified_time\" content=\"2019-12-11T15:34:57+00:00\" \/>\n<meta property=\"og:image\" content=\"https:\/\/i0.wp.com\/donbaraton.es\/wp-content\/uploads\/2018\/09\/Estanter\u00eda-giratoria-archivador-sobremesa-para-CDDVD-Visby.jpg?fit=879%2C957&ssl=1\" \/>\n\t<meta property=\"og:image:width\" content=\"879\" \/>\n\t<meta property=\"og:image:height\" content=\"957\" \/>\n\t<meta property=\"og:image:type\" content=\"image\/jpeg\" \/>\n<meta name=\"twitter:card\" content=\"summary_large_image\" \/>\n<meta name=\"twitter:site\" content=\"@don_baraton\" \/>\n<script type=\"application\/ld+json\" class=\"yoast-schema-graph\">{\"@context\":\"https:\/\/schema.org\",\"@graph\":[{\"@type\":\"WebPage\",\"@id\":\"https:\/\/donbaraton.es\/ru\/p\/%d0%b2%d1%80%d0%b0%d1%89%d0%b0%d1%8e%d1%89%d0%b0%d1%8f%d1%81%d1%8f-%d0%bf%d0%be%d0%bb%d0%ba%d0%b0-%d0%b4%d0%bb%d1%8f-%d1%85%d1%80%d0%b0%d0%bd%d0%b5%d0%bd%d0%b8%d1%8f-cd-dvd-visby\/\",\"url\":\"https:\/\/donbaraton.es\/ru\/p\/%d0%b2%d1%80%d0%b0%d1%89%d0%b0%d1%8e%d1%89%d0%b0%d1%8f%d1%81%d1%8f-%d0%bf%d0%be%d0%bb%d0%ba%d0%b0-%d0%b4%d0%bb%d1%8f-%d1%85%d1%80%d0%b0%d0%bd%d0%b5%d0%bd%d0%b8%d1%8f-cd-dvd-visby\/\",\"name\":\"\u0412\u0440\u0430\u0449\u0430\u044e\u0449\u0430\u044f\u0441\u044f \u043f\u043e\u043b\u043a\u0430 \u0434\u043b\u044f \u0445\u0440\u0430\u043d\u0435\u043d\u0438\u044f CD\/DVD - Visby - Don Baraton: tienda de sof\u00e1s, colchones y muebles\",\"isPartOf\":{\"@id\":\"https:\/\/donbaraton.es\/#website\"},\"primaryImageOfPage\":{\"@id\":\"https:\/\/donbaraton.es\/ru\/p\/%d0%b2%d1%80%d0%b0%d1%89%d0%b0%d1%8e%d1%89%d0%b0%d1%8f%d1%81%d1%8f-%d0%bf%d0%be%d0%bb%d0%ba%d0%b0-%d0%b4%d0%bb%d1%8f-%d1%85%d1%80%d0%b0%d0%bd%d0%b5%d0%bd%d0%b8%d1%8f-cd-dvd-visby\/#primaryimage\"},\"image\":{\"@id\":\"https:\/\/donbaraton.es\/ru\/p\/%d0%b2%d1%80%d0%b0%d1%89%d0%b0%d1%8e%d1%89%d0%b0%d1%8f%d1%81%d1%8f-%d0%bf%d0%be%d0%bb%d0%ba%d0%b0-%d0%b4%d0%bb%d1%8f-%d1%85%d1%80%d0%b0%d0%bd%d0%b5%d0%bd%d0%b8%d1%8f-cd-dvd-visby\/#primaryimage\"},\"thumbnailUrl\":\"https:\/\/donbaraton.es\/wp-content\/uploads\/2018\/09\/Estanter\u00eda-giratoria-archivador-sobremesa-para-CDDVD-Visby.jpg\",\"datePublished\":\"2018-09-22T23:55:40+00:00\",\"dateModified\":\"2019-12-11T15:34:57+00:00\",\"breadcrumb\":{\"@id\":\"https:\/\/donbaraton.es\/ru\/p\/%d0%b2%d1%80%d0%b0%d1%89%d0%b0%d1%8e%d1%89%d0%b0%d1%8f%d1%81%d1%8f-%d0%bf%d0%be%d0%bb%d0%ba%d0%b0-%d0%b4%d0%bb%d1%8f-%d1%85%d1%80%d0%b0%d0%bd%d0%b5%d0%bd%d0%b8%d1%8f-cd-dvd-visby\/#breadcrumb\"},\"inLanguage\":\"ru-RU\",\"potentialAction\":[{\"@type\":\"ReadAction\",\"target\":[\"https:\/\/donbaraton.es\/ru\/p\/%d0%b2%d1%80%d0%b0%d1%89%d0%b0%d1%8e%d1%89%d0%b0%d1%8f%d1%81%d1%8f-%d0%bf%d0%be%d0%bb%d0%ba%d0%b0-%d0%b4%d0%bb%d1%8f-%d1%85%d1%80%d0%b0%d0%bd%d0%b5%d0%bd%d0%b8%d1%8f-cd-dvd-visby\/\"]}]},{\"@type\":\"ImageObject\",\"inLanguage\":\"ru-RU\",\"@id\":\"https:\/\/donbaraton.es\/ru\/p\/%d0%b2%d1%80%d0%b0%d1%89%d0%b0%d1%8e%d1%89%d0%b0%d1%8f%d1%81%d1%8f-%d0%bf%d0%be%d0%bb%d0%ba%d0%b0-%d0%b4%d0%bb%d1%8f-%d1%85%d1%80%d0%b0%d0%bd%d0%b5%d0%bd%d0%b8%d1%8f-cd-dvd-visby\/#primaryimage\",\"url\":\"https:\/\/donbaraton.es\/wp-content\/uploads\/2018\/09\/Estanter\u00eda-giratoria-archivador-sobremesa-para-CDDVD-Visby.jpg\",\"contentUrl\":\"https:\/\/donbaraton.es\/wp-content\/uploads\/2018\/09\/Estanter\u00eda-giratoria-archivador-sobremesa-para-CDDVD-Visby.jpg\",\"width\":879,\"height\":957,\"caption\":\"\u0412\u0440\u0430\u0449\u0430\u044e\u0449\u0430\u044f\u0441\u044f \u043f\u043e\u043b\u043a\u0430 \u0434\u043b\u044f \u0445\u0440\u0430\u043d\u0435\u043d\u0438\u044f CD\/DVD - Visby\"},{\"@type\":\"BreadcrumbList\",\"@id\":\"https:\/\/donbaraton.es\/ru\/p\/%d0%b2%d1%80%d0%b0%d1%89%d0%b0%d1%8e%d1%89%d0%b0%d1%8f%d1%81%d1%8f-%d0%bf%d0%be%d0%bb%d0%ba%d0%b0-%d0%b4%d0%bb%d1%8f-%d1%85%d1%80%d0%b0%d0%bd%d0%b5%d0%bd%d0%b8%d1%8f-cd-dvd-visby\/#breadcrumb\",\"itemListElement\":[{\"@type\":\"ListItem\",\"position\":1,\"name\":\"Portada\",\"item\":\"https:\/\/donbaraton.es\/ru\/\"},{\"@type\":\"ListItem\",\"position\":2,\"name\":\"\u0418\u043d\u0442\u0435\u0440\u043d\u0435\u0442-\u043c\u0430\u0433\u0430\u0437\u0438\u043d\",\"item\":\"https:\/\/donbaraton.es\/ru\/%d0%bc%d0%b0%d0%b3%d0%b0%d0%b7%d0%b8%d0%bd\/\"},{\"@type\":\"ListItem\",\"position\":3,\"name\":\"\u0412\u0440\u0430\u0449\u0430\u044e\u0449\u0430\u044f\u0441\u044f \u043f\u043e\u043b\u043a\u0430 \u0434\u043b\u044f \u0445\u0440\u0430\u043d\u0435\u043d\u0438\u044f CD\/DVD &#8212; Visby\"}]},{\"@type\":\"WebSite\",\"@id\":\"https:\/\/donbaraton.es\/#website\",\"url\":\"https:\/\/donbaraton.es\/\",\"name\":\"Don Baraton: tienda de sof\u00e1s, colchones y muebles\",\"description\":\"Venta de sof\u00e1s rinconeras, chaise longue, camas y conjuntos de sof\u00e1s\",\"publisher\":{\"@id\":\"https:\/\/donbaraton.es\/#organization\"},\"potentialAction\":[{\"@type\":\"SearchAction\",\"target\":{\"@type\":\"EntryPoint\",\"urlTemplate\":\"https:\/\/donbaraton.es\/?s={search_term_string}\"},\"query-input\":{\"@type\":\"PropertyValueSpecification\",\"valueRequired\":true,\"valueName\":\"search_term_string\"}}],\"inLanguage\":\"ru-RU\"},{\"@type\":\"Organization\",\"@id\":\"https:\/\/donbaraton.es\/#organization\",\"name\":\"Don Baraton\",\"url\":\"https:\/\/donbaraton.es\/\",\"logo\":{\"@type\":\"ImageObject\",\"inLanguage\":\"ru-RU\",\"@id\":\"https:\/\/donbaraton.es\/#\/schema\/logo\/image\/\",\"url\":\"https:\/\/i0.wp.com\/donbaraton.es\/wp-content\/uploads\/2016\/11\/logo_don_baraton.png?fit=228%2C110&ssl=1\",\"contentUrl\":\"https:\/\/i0.wp.com\/donbaraton.es\/wp-content\/uploads\/2016\/11\/logo_don_baraton.png?fit=228%2C110&ssl=1\",\"width\":228,\"height\":110,\"caption\":\"Don Baraton\"},\"image\":{\"@id\":\"https:\/\/donbaraton.es\/#\/schema\/logo\/image\/\"},\"sameAs\":[\"https:\/\/www.facebook.com\/donbaraton.es\",\"https:\/\/x.com\/don_baraton\",\"https:\/\/www.instagram.com\/donbaraton.es\",\"https:\/\/www.linkedin.com\/company\/donbaraton\/\",\"https:\/\/es.pinterest.com\/donbaraton\/\",\"https:\/\/www.youtube.com\/channel\/UCL02HOwx-F759Jq5MedAZfQ\"]}]}<\/script>\n<!-- \/ Yoast SEO plugin. -->","yoast_head_json":{"title":"\u0412\u0440\u0430\u0449\u0430\u044e\u0449\u0430\u044f\u0441\u044f \u043f\u043e\u043b\u043a\u0430 \u0434\u043b\u044f \u0445\u0440\u0430\u043d\u0435\u043d\u0438\u044f CD\/DVD - Visby - Don Baraton: tienda de sof\u00e1s, colchones y muebles","robots":{"index":"index","follow":"follow","max-snippet":"max-snippet:-1","max-image-preview":"max-image-preview:large","max-video-preview":"max-video-preview:-1"},"canonical":"https:\/\/donbaraton.es\/ru\/p\/\u0432\u0440\u0430\u0449\u0430\u044e\u0449\u0430\u044f\u0441\u044f-\u043f\u043e\u043b\u043a\u0430-\u0434\u043b\u044f-\u0445\u0440\u0430\u043d\u0435\u043d\u0438\u044f-cd-dvd-visby\/","og_locale":"ru_RU","og_type":"article","og_title":"\u0412\u0440\u0430\u0449\u0430\u044e\u0449\u0430\u044f\u0441\u044f \u043f\u043e\u043b\u043a\u0430 \u0434\u043b\u044f \u0445\u0440\u0430\u043d\u0435\u043d\u0438\u044f CD\/DVD - Visby - Don Baraton: tienda de sof\u00e1s, colchones y muebles","og_description":"\u0412\u0440\u0430\u0449\u0430\u044e\u0449\u0430\u044f\u0441\u044f \u043f\u043e\u043b\u043a\u0430 \u0434\u043b\u044f \u0445\u0440\u0430\u043d\u0435\u043d\u0438\u044f CD\/DVD - Visby. \u041f\u0440\u0435\u043a\u0440\u0430\u0441\u043d\u043e\u0435 \u0440\u0435\u0448\u0435\u043d\u0438\u0435 \u0434\u043b\u044f \u0445\u0440\u0430\u043d\u0435\u043d\u0438\u044f \u0434\u0438\u0441\u043a\u043e\u0432 \u043d\u0430 \u0441\u0442\u043e\u043b\u0435. \u041f\u0440\u043e\u0434\u0430\u0451\u0442\u0441\u044f \u0443\u043f\u0430\u043a\u043e\u0432\u0430\u043d\u043d\u043e\u0439 \u0432 \u043a\u043e\u0440\u043e\u0431\u043a\u0443. \u041b\u0435\u0433\u043a\u043e \u0441\u043e\u0431\u0438\u0440\u0430\u0435\u0442\u0441\u044f. \u0420\u0430\u0437\u043c\u0435\u0440\u044b: \u0412\u043c\u0435\u0441\u0442\u0438\u043c\u043e\u0441\u0442\u044c: 120 CD\/DVD","og_url":"https:\/\/donbaraton.es\/ru\/p\/\u0432\u0440\u0430\u0449\u0430\u044e\u0449\u0430\u044f\u0441\u044f-\u043f\u043e\u043b\u043a\u0430-\u0434\u043b\u044f-\u0445\u0440\u0430\u043d\u0435\u043d\u0438\u044f-cd-dvd-visby\/","og_site_name":"Don Baraton: tienda de sof\u00e1s, colchones y muebles","article_publisher":"https:\/\/www.facebook.com\/donbaraton.es","article_modified_time":"2019-12-11T15:34:57+00:00","og_image":[{"width":879,"height":957,"url":"https:\/\/i0.wp.com\/donbaraton.es\/wp-content\/uploads\/2018\/09\/Estanter\u00eda-giratoria-archivador-sobremesa-para-CDDVD-Visby.jpg?fit=879%2C957&ssl=1","type":"image\/jpeg"}],"twitter_card":"summary_large_image","twitter_site":"@don_baraton","schema":{"@context":"https:\/\/schema.org","@graph":[{"@type":"WebPage","@id":"https:\/\/donbaraton.es\/ru\/p\/%d0%b2%d1%80%d0%b0%d1%89%d0%b0%d1%8e%d1%89%d0%b0%d1%8f%d1%81%d1%8f-%d0%bf%d0%be%d0%bb%d0%ba%d0%b0-%d0%b4%d0%bb%d1%8f-%d1%85%d1%80%d0%b0%d0%bd%d0%b5%d0%bd%d0%b8%d1%8f-cd-dvd-visby\/","url":"https:\/\/donbaraton.es\/ru\/p\/%d0%b2%d1%80%d0%b0%d1%89%d0%b0%d1%8e%d1%89%d0%b0%d1%8f%d1%81%d1%8f-%d0%bf%d0%be%d0%bb%d0%ba%d0%b0-%d0%b4%d0%bb%d1%8f-%d1%85%d1%80%d0%b0%d0%bd%d0%b5%d0%bd%d0%b8%d1%8f-cd-dvd-visby\/","name":"\u0412\u0440\u0430\u0449\u0430\u044e\u0449\u0430\u044f\u0441\u044f \u043f\u043e\u043b\u043a\u0430 \u0434\u043b\u044f \u0445\u0440\u0430\u043d\u0435\u043d\u0438\u044f CD\/DVD - Visby - Don Baraton: tienda de sof\u00e1s, colchones y muebles","isPartOf":{"@id":"https:\/\/donbaraton.es\/#website"},"primaryImageOfPage":{"@id":"https:\/\/donbaraton.es\/ru\/p\/%d0%b2%d1%80%d0%b0%d1%89%d0%b0%d1%8e%d1%89%d0%b0%d1%8f%d1%81%d1%8f-%d0%bf%d0%be%d0%bb%d0%ba%d0%b0-%d0%b4%d0%bb%d1%8f-%d1%85%d1%80%d0%b0%d0%bd%d0%b5%d0%bd%d0%b8%d1%8f-cd-dvd-visby\/#primaryimage"},"image":{"@id":"https:\/\/donbaraton.es\/ru\/p\/%d0%b2%d1%80%d0%b0%d1%89%d0%b0%d1%8e%d1%89%d0%b0%d1%8f%d1%81%d1%8f-%d0%bf%d0%be%d0%bb%d0%ba%d0%b0-%d0%b4%d0%bb%d1%8f-%d1%85%d1%80%d0%b0%d0%bd%d0%b5%d0%bd%d0%b8%d1%8f-cd-dvd-visby\/#primaryimage"},"thumbnailUrl":"https:\/\/donbaraton.es\/wp-content\/uploads\/2018\/09\/Estanter\u00eda-giratoria-archivador-sobremesa-para-CDDVD-Visby.jpg","datePublished":"2018-09-22T23:55:40+00:00","dateModified":"2019-12-11T15:34:57+00:00","breadcrumb":{"@id":"https:\/\/donbaraton.es\/ru\/p\/%d0%b2%d1%80%d0%b0%d1%89%d0%b0%d1%8e%d1%89%d0%b0%d1%8f%d1%81%d1%8f-%d0%bf%d0%be%d0%bb%d0%ba%d0%b0-%d0%b4%d0%bb%d1%8f-%d1%85%d1%80%d0%b0%d0%bd%d0%b5%d0%bd%d0%b8%d1%8f-cd-dvd-visby\/#breadcrumb"},"inLanguage":"ru-RU","potentialAction":[{"@type":"ReadAction","target":["https:\/\/donbaraton.es\/ru\/p\/%d0%b2%d1%80%d0%b0%d1%89%d0%b0%d1%8e%d1%89%d0%b0%d1%8f%d1%81%d1%8f-%d0%bf%d0%be%d0%bb%d0%ba%d0%b0-%d0%b4%d0%bb%d1%8f-%d1%85%d1%80%d0%b0%d0%bd%d0%b5%d0%bd%d0%b8%d1%8f-cd-dvd-visby\/"]}]},{"@type":"ImageObject","inLanguage":"ru-RU","@id":"https:\/\/donbaraton.es\/ru\/p\/%d0%b2%d1%80%d0%b0%d1%89%d0%b0%d1%8e%d1%89%d0%b0%d1%8f%d1%81%d1%8f-%d0%bf%d0%be%d0%bb%d0%ba%d0%b0-%d0%b4%d0%bb%d1%8f-%d1%85%d1%80%d0%b0%d0%bd%d0%b5%d0%bd%d0%b8%d1%8f-cd-dvd-visby\/#primaryimage","url":"https:\/\/donbaraton.es\/wp-content\/uploads\/2018\/09\/Estanter\u00eda-giratoria-archivador-sobremesa-para-CDDVD-Visby.jpg","contentUrl":"https:\/\/donbaraton.es\/wp-content\/uploads\/2018\/09\/Estanter\u00eda-giratoria-archivador-sobremesa-para-CDDVD-Visby.jpg","width":879,"height":957,"caption":"\u0412\u0440\u0430\u0449\u0430\u044e\u0449\u0430\u044f\u0441\u044f \u043f\u043e\u043b\u043a\u0430 \u0434\u043b\u044f \u0445\u0440\u0430\u043d\u0435\u043d\u0438\u044f CD\/DVD - Visby"},{"@type":"BreadcrumbList","@id":"https:\/\/donbaraton.es\/ru\/p\/%d0%b2%d1%80%d0%b0%d1%89%d0%b0%d1%8e%d1%89%d0%b0%d1%8f%d1%81%d1%8f-%d0%bf%d0%be%d0%bb%d0%ba%d0%b0-%d0%b4%d0%bb%d1%8f-%d1%85%d1%80%d0%b0%d0%bd%d0%b5%d0%bd%d0%b8%d1%8f-cd-dvd-visby\/#breadcrumb","itemListElement":[{"@type":"ListItem","position":1,"name":"Portada","item":"https:\/\/donbaraton.es\/ru\/"},{"@type":"ListItem","position":2,"name":"\u0418\u043d\u0442\u0435\u0440\u043d\u0435\u0442-\u043c\u0430\u0433\u0430\u0437\u0438\u043d","item":"https:\/\/donbaraton.es\/ru\/%d0%bc%d0%b0%d0%b3%d0%b0%d0%b7%d0%b8%d0%bd\/"},{"@type":"ListItem","position":3,"name":"\u0412\u0440\u0430\u0449\u0430\u044e\u0449\u0430\u044f\u0441\u044f \u043f\u043e\u043b\u043a\u0430 \u0434\u043b\u044f \u0445\u0440\u0430\u043d\u0435\u043d\u0438\u044f CD\/DVD &#8212; Visby"}]},{"@type":"WebSite","@id":"https:\/\/donbaraton.es\/#website","url":"https:\/\/donbaraton.es\/","name":"Don Baraton: tienda de sof\u00e1s, colchones y muebles","description":"Venta de sof\u00e1s rinconeras, chaise longue, camas y conjuntos de sof\u00e1s","publisher":{"@id":"https:\/\/donbaraton.es\/#organization"},"potentialAction":[{"@type":"SearchAction","target":{"@type":"EntryPoint","urlTemplate":"https:\/\/donbaraton.es\/?s={search_term_string}"},"query-input":{"@type":"PropertyValueSpecification","valueRequired":true,"valueName":"search_term_string"}}],"inLanguage":"ru-RU"},{"@type":"Organization","@id":"https:\/\/donbaraton.es\/#organization","name":"Don Baraton","url":"https:\/\/donbaraton.es\/","logo":{"@type":"ImageObject","inLanguage":"ru-RU","@id":"https:\/\/donbaraton.es\/#\/schema\/logo\/image\/","url":"https:\/\/i0.wp.com\/donbaraton.es\/wp-content\/uploads\/2016\/11\/logo_don_baraton.png?fit=228%2C110&ssl=1","contentUrl":"https:\/\/i0.wp.com\/donbaraton.es\/wp-content\/uploads\/2016\/11\/logo_don_baraton.png?fit=228%2C110&ssl=1","width":228,"height":110,"caption":"Don Baraton"},"image":{"@id":"https:\/\/donbaraton.es\/#\/schema\/logo\/image\/"},"sameAs":["https:\/\/www.facebook.com\/donbaraton.es","https:\/\/x.com\/don_baraton","https:\/\/www.instagram.com\/donbaraton.es","https:\/\/www.linkedin.com\/company\/donbaraton\/","https:\/\/es.pinterest.com\/donbaraton\/","https:\/\/www.youtube.com\/channel\/UCL02HOwx-F759Jq5MedAZfQ"]}]}},"_links":{"self":[{"href":"https:\/\/donbaraton.es\/ru\/wp-json\/wp\/v2\/product\/10968","targetHints":{"allow":["GET"]}}],"collection":[{"href":"https:\/\/donbaraton.es\/ru\/wp-json\/wp\/v2\/product"}],"about":[{"href":"https:\/\/donbaraton.es\/ru\/wp-json\/wp\/v2\/types\/product"}],"replies":[{"embeddable":true,"href":"https:\/\/donbaraton.es\/ru\/wp-json\/wp\/v2\/comments?post=10968"}],"wp:featuredmedia":[{"embeddable":true,"href":"https:\/\/donbaraton.es\/ru\/wp-json\/wp\/v2\/media\/10966"}],"wp:attachment":[{"href":"https:\/\/donbaraton.es\/ru\/wp-json\/wp\/v2\/media?parent=10968"}],"wp:term":[{"taxonomy":"product_brand","embeddable":true,"href":"https:\/\/donbaraton.es\/ru\/wp-json\/wp\/v2\/product_brand?post=10968"},{"taxonomy":"product_cat","embeddable":true,"href":"https:\/\/donbaraton.es\/ru\/wp-json\/wp\/v2\/product_cat?post=10968"},{"taxonomy":"product_tag","embeddable":true,"href":"https:\/\/donbaraton.es\/ru\/wp-json\/wp\/v2\/product_tag?post=10968"}],"curies":[{"name":"wp","href":"https:\/\/api.w.org\/{rel}","templated":true}]}}