{"id":12773,"date":"2018-11-10T17:16:11","date_gmt":"2018-11-10T16:16:11","guid":{"rendered":"https:\/\/donbaraton.es\/producto\/uncategorized\/%d1%81%d1%82%d1%83%d0%bb-%d0%be%d0%b1%d0%b8%d1%82%d1%8b%d0%b9-%d1%82%d0%ba%d0%b0%d0%bd%d1%8c%d1%8e-%d0%bc%d0%b8%d0%ba%d1%80%d0%be%d1%84%d0%b8%d0%b1%d1%80%d0%b0-novelda\/"},"modified":"2021-06-11T18:24:47","modified_gmt":"2021-06-11T16:24:47","slug":"%d1%81%d1%82%d1%83%d0%bb-%d0%be%d0%b1%d0%b8%d1%82%d1%8b%d0%b9-%d1%82%d0%ba%d0%b0%d0%bd%d1%8c%d1%8e-%d0%bc%d0%b8%d0%ba%d1%80%d0%be%d1%84%d0%b8%d0%b1%d1%80%d0%b0-novelda","status":"publish","type":"product","link":"https:\/\/donbaraton.es\/ru\/p\/%d1%81%d1%82%d1%83%d0%bb-%d0%be%d0%b1%d0%b8%d1%82%d1%8b%d0%b9-%d1%82%d0%ba%d0%b0%d0%bd%d1%8c%d1%8e-%d0%bc%d0%b8%d0%ba%d1%80%d0%be%d1%84%d0%b8%d0%b1%d1%80%d0%b0-novelda\/","title":{"rendered":"\u0421\u0442\u0443\u043b \u043e\u0431\u0438\u0442\u044b\u0439 \u0442\u043a\u0430\u043d\u044c\u044e \u043c\u0438\u043a\u0440\u043e\u0444\u0438\u0431\u0440\u0430 &#8212; Novelda"},"content":{"rendered":"<p><strong>\u0421\u0442\u0443\u043b \u043e\u0431\u0438\u0442\u044b\u0439 \u0442\u043a\u0430\u043d\u044c\u044e \u043c\u0438\u043a\u0440\u043e\u0444\u0438\u0431\u0440\u0430 &#8212; Novelda.<\/strong><\/p>\n<p>\u041a\u0443\u043f\u0438\u0442\u044c \u0441\u0442\u043e\u043b \u0432 \u0435\u0434\u0438\u043d\u043e\u043c \u0434\u0438\u0437\u0430\u0439\u043d\u0435 \u043a \u0434\u0430\u043d\u043d\u044b\u043c \u0441\u0442\u0443\u043b\u044c\u044f\u043c Novelda \u043c\u043e\u0436\u043d\u043e \u0437\u0434\u0435\u0441\u044c: <a href=\"https:\/\/donbaraton.es\/ru\/p\/%d0%be%d0%b1%d0%b5%d0%b4%d0%b5%d0%bd%d0%bd%d1%8b%d0%b9-%d1%81%d1%82%d0%be%d0%bb-%d1%81%d1%82%d0%be%d0%bb%d0%b5%d1%88%d0%bd%d0%b8%d1%86%d0%b0-%d1%81%d1%82%d0%b5%d0%ba%d0%bb%d0%be-novelda\/\"><strong>\u041e\u0431\u0435\u0434\u0435\u043d\u043d\u044b\u0439 \u0441\u0442\u043e\u043b \u0441\u043e \u0441\u0442\u043e\u043b\u0435\u0448\u043d\u0438\u0446\u0435\u0439 \u0438\u0437 \u0437\u0430\u043a\u0430\u043b\u0451\u043d\u043d\u043e\u0433\u043e \u0441\u0442\u0435\u043a\u043b\u0430 140 x 80 \u0441\u043c<\/strong><\/a> C\u0435\u0440\u0430\u044f \u0441\u043f\u0438\u043d\u043a\u0430 \u0438 \u0441\u0438\u0434\u0435\u043d\u044c\u0435. \u0421\u0442\u0430\u043b\u044c\u043d\u044b\u0435 \u043a\u0440\u0430\u0448\u0435\u043d\u044b\u0435 \u043d\u043e\u0436\u043a\u0438 \u0431\u0435\u043b\u043e\u0433\u043e \u0438\u043b\u0438 \u0447\u0451\u0440\u043d\u043e\u0433\u043e \u0446\u0432\u0435\u0442\u0430 \u043d\u0430 \u0432\u044b\u0431\u043e\u0440. \u042d\u0440\u0433\u043e\u043d\u043e\u043c\u0438\u0447\u043d\u0430\u044f \u0441\u043f\u0438\u043d\u043a\u0430. \u041f\u0440\u043e\u0434\u0430\u0451\u0442\u0441\u044f \u043f\u043e\u0448\u0442\u0443\u0447\u043d\u043e \u0438\u043b\u0438 \u043a\u043e\u043c\u043f\u043b\u0435\u043a\u0442\u0430\u043c\u0438 \u043f\u043e 4 \u0438\u043b\u0438 6 \u0441\u0442\u0443\u043b\u044c\u0435\u0432.<\/p>\n<p><strong>\u0420\u0430\u0437\u043c\u0435\u0440\u044b:<\/strong> \u0432\u044b\u0441\u043e\u0442\u0430 98 \u0441\u043c, \u0448\u0438\u0440\u0438\u043d\u0430 41 \u0441\u043c, \u0433\u043b\u0443\u0431\u0438\u043d\u0430 52 \u0441\u043c<\/p>\n<p><strong>\u0423\u0441\u043b\u0443\u0433\u0430 \u043f\u043e \u0441\u0431\u043e\u0440\u043a\u0435 \u043d\u0435 \u0432\u043a\u043b\u044e\u0447\u0435\u043d\u0430 \u0432 \u0446\u0435\u043d\u0443<\/strong><\/p>\n","protected":false},"excerpt":{"rendered":"<ul>\n<li>\u041e\u0431\u0438\u0432\u043a\u0430 \u0438\u0437 \u0442\u043a\u0430\u043d\u0438 \u043c\u0438\u043a\u0440\u043e\u0444\u0438\u0431\u0440\u0430 \u0441\u0435\u0440\u043e\u0433\u043e \u0446\u0432\u0435\u0442\u0430<\/li>\n<li>\u0421\u0442\u0430\u043b\u044c\u043d\u044b\u0435 \u043a\u0440\u0430\u0448\u0435\u043d\u044b\u0435 \u043d\u043e\u0436\u043a\u0438<\/li>\n<li>\u041d\u043e\u0436\u043a\u0438 \u0447\u0451\u0440\u043d\u043e\u0433\u043e \u0438 \u0431\u0435\u043b\u043e\u0433\u043e \u0446\u0432\u0435\u0442\u043e\u0432 \u043d\u0430 \u0432\u044b\u0431\u043e\u0440<\/li>\n<li>\u042d\u0440\u0433\u043e\u043d\u043e\u043c\u0438\u0447\u043d\u0430\u044f \u0441\u043f\u0438\u043d\u043a\u0430<\/li>\n<\/ul>\n<p>\u041f\u0440\u043e\u0434\u0430\u0451\u0442\u0441\u044f \u043f\u043e\u0448\u0442\u0443\u0447\u043d\u043e \u0438\u043b\u0438 \u043a\u043e\u043c\u043f\u043b\u0435\u043a\u0442\u0430\u043c\u0438 \u043f\u043e 4 \u0438\u043b\u0438 6 \u0441\u0442\u0443\u043b\u044c\u0435\u0432.\u00a0<strong>\u0420\u0430\u0437\u043c\u0435\u0440\u044b:<\/strong>\u00a0\u0432\u044b\u0441\u043e\u0442\u0430 98 \u0441\u043c, \u0433\u043b\u0443\u0431\u0438\u043d\u0430 52 \u0441\u043c, \u0448\u0438\u0440\u0438\u043d\u0430 41 \u0441\u043c<\/p>\n","protected":false},"featured_media":11728,"comment_status":"open","ping_status":"closed","template":"","meta":{"_et_pb_use_builder":"","_et_pb_old_content":"","_et_gb_content_width":""},"product_brand":[],"product_cat":[234],"product_tag":[],"class_list":{"0":"post-12773","1":"product","2":"type-product","3":"status-publish","4":"has-post-thumbnail","6":"product_cat-234","7":"product_shipping_class-3-20-kg-hasta-10-dias","9":"first","10":"outofstock","11":"taxable","12":"shipping-taxable","13":"product-type-variable"},"yoast_head":"<!-- This site is optimized with the Yoast SEO plugin v27.2 - https:\/\/yoast.com\/product\/yoast-seo-wordpress\/ -->\n<title>\u0421\u0442\u0443\u043b \u043e\u0431\u0438\u0442\u044b\u0439 \u0442\u043a\u0430\u043d\u044c\u044e \u043c\u0438\u043a\u0440\u043e\u0444\u0438\u0431\u0440\u0430 - Novelda - Don Baraton: tienda de sof\u00e1s, colchones y muebles<\/title>\n<meta name=\"robots\" content=\"index, follow, max-snippet:-1, max-image-preview:large, max-video-preview:-1\" \/>\n<link rel=\"canonical\" href=\"https:\/\/donbaraton.es\/ru\/p\/\u0441\u0442\u0443\u043b-\u043e\u0431\u0438\u0442\u044b\u0439-\u0442\u043a\u0430\u043d\u044c\u044e-\u043c\u0438\u043a\u0440\u043e\u0444\u0438\u0431\u0440\u0430-novelda\/\" \/>\n<meta property=\"og:locale\" content=\"ru_RU\" \/>\n<meta property=\"og:type\" content=\"article\" \/>\n<meta property=\"og:title\" content=\"\u0421\u0442\u0443\u043b \u043e\u0431\u0438\u0442\u044b\u0439 \u0442\u043a\u0430\u043d\u044c\u044e \u043c\u0438\u043a\u0440\u043e\u0444\u0438\u0431\u0440\u0430 - Novelda - Don Baraton: tienda de sof\u00e1s, colchones y muebles\" \/>\n<meta property=\"og:description\" content=\"\u041e\u0431\u0438\u0432\u043a\u0430 \u0438\u0437 \u0442\u043a\u0430\u043d\u0438 \u043c\u0438\u043a\u0440\u043e\u0444\u0438\u0431\u0440\u0430 \u0441\u0435\u0440\u043e\u0433\u043e \u0446\u0432\u0435\u0442\u0430  \u0421\u0442\u0430\u043b\u044c\u043d\u044b\u0435 \u043a\u0440\u0430\u0448\u0435\u043d\u044b\u0435 \u043d\u043e\u0436\u043a\u0438  \u041d\u043e\u0436\u043a\u0438 \u0447\u0451\u0440\u043d\u043e\u0433\u043e \u0438 \u0431\u0435\u043b\u043e\u0433\u043e \u0446\u0432\u0435\u0442\u043e\u0432 \u043d\u0430 \u0432\u044b\u0431\u043e\u0440  \u042d\u0440\u0433\u043e\u043d\u043e\u043c\u0438\u0447\u043d\u0430\u044f \u0441\u043f\u0438\u043d\u043a\u0430  \u041f\u0440\u043e\u0434\u0430\u0451\u0442\u0441\u044f \u043f\u043e\u0448\u0442\u0443\u0447\u043d\u043e \u0438\u043b\u0438 \u043a\u043e\u043c\u043f\u043b\u0435\u043a\u0442\u0430\u043c\u0438 \u043f\u043e 4 \u0438\u043b\u0438 6 \u0441\u0442\u0443\u043b\u044c\u0435\u0432.\u00a0\u0420\u0430\u0437\u043c\u0435\u0440\u044b:\u00a0\u0432\u044b\u0441\u043e\u0442\u0430 98 \u0441\u043c, \u0433\u043b\u0443\u0431\u0438\u043d\u0430 52 \u0441\u043c, \u0448\u0438\u0440\u0438\u043d\u0430 41 \u0441\u043c\" \/>\n<meta property=\"og:url\" content=\"https:\/\/donbaraton.es\/ru\/p\/\u0441\u0442\u0443\u043b-\u043e\u0431\u0438\u0442\u044b\u0439-\u0442\u043a\u0430\u043d\u044c\u044e-\u043c\u0438\u043a\u0440\u043e\u0444\u0438\u0431\u0440\u0430-novelda\/\" \/>\n<meta property=\"og:site_name\" content=\"Don Baraton: tienda de sof\u00e1s, colchones y muebles\" \/>\n<meta property=\"article:publisher\" content=\"https:\/\/www.facebook.com\/donbaraton.es\" \/>\n<meta property=\"article:modified_time\" content=\"2021-06-11T16:24:47+00:00\" \/>\n<meta property=\"og:image\" content=\"https:\/\/i2.wp.com\/donbaraton.es\/wp-content\/uploads\/2018\/11\/Silla-tela-antimancha-gris-marengo-patas-blancas-Novelda.jpg?fit=1000%2C1000&ssl=1\" \/>\n\t<meta property=\"og:image:width\" content=\"1000\" \/>\n\t<meta property=\"og:image:height\" content=\"1000\" \/>\n\t<meta property=\"og:image:type\" content=\"image\/jpeg\" \/>\n<meta name=\"twitter:card\" content=\"summary_large_image\" \/>\n<meta name=\"twitter:site\" content=\"@don_baraton\" \/>\n<script type=\"application\/ld+json\" class=\"yoast-schema-graph\">{\"@context\":\"https:\/\/schema.org\",\"@graph\":[{\"@type\":\"WebPage\",\"@id\":\"https:\/\/donbaraton.es\/ru\/p\/%d1%81%d1%82%d1%83%d0%bb-%d0%be%d0%b1%d0%b8%d1%82%d1%8b%d0%b9-%d1%82%d0%ba%d0%b0%d0%bd%d1%8c%d1%8e-%d0%bc%d0%b8%d0%ba%d1%80%d0%be%d1%84%d0%b8%d0%b1%d1%80%d0%b0-novelda\/\",\"url\":\"https:\/\/donbaraton.es\/ru\/p\/%d1%81%d1%82%d1%83%d0%bb-%d0%be%d0%b1%d0%b8%d1%82%d1%8b%d0%b9-%d1%82%d0%ba%d0%b0%d0%bd%d1%8c%d1%8e-%d0%bc%d0%b8%d0%ba%d1%80%d0%be%d1%84%d0%b8%d0%b1%d1%80%d0%b0-novelda\/\",\"name\":\"\u0421\u0442\u0443\u043b \u043e\u0431\u0438\u0442\u044b\u0439 \u0442\u043a\u0430\u043d\u044c\u044e \u043c\u0438\u043a\u0440\u043e\u0444\u0438\u0431\u0440\u0430 - Novelda - Don Baraton: tienda de sof\u00e1s, colchones y muebles\",\"isPartOf\":{\"@id\":\"https:\/\/donbaraton.es\/#website\"},\"primaryImageOfPage\":{\"@id\":\"https:\/\/donbaraton.es\/ru\/p\/%d1%81%d1%82%d1%83%d0%bb-%d0%be%d0%b1%d0%b8%d1%82%d1%8b%d0%b9-%d1%82%d0%ba%d0%b0%d0%bd%d1%8c%d1%8e-%d0%bc%d0%b8%d0%ba%d1%80%d0%be%d1%84%d0%b8%d0%b1%d1%80%d0%b0-novelda\/#primaryimage\"},\"image\":{\"@id\":\"https:\/\/donbaraton.es\/ru\/p\/%d1%81%d1%82%d1%83%d0%bb-%d0%be%d0%b1%d0%b8%d1%82%d1%8b%d0%b9-%d1%82%d0%ba%d0%b0%d0%bd%d1%8c%d1%8e-%d0%bc%d0%b8%d0%ba%d1%80%d0%be%d1%84%d0%b8%d0%b1%d1%80%d0%b0-novelda\/#primaryimage\"},\"thumbnailUrl\":\"https:\/\/donbaraton.es\/wp-content\/uploads\/2018\/11\/Silla-tela-antimancha-gris-marengo-patas-blancas-Novelda.jpg\",\"datePublished\":\"2018-11-10T16:16:11+00:00\",\"dateModified\":\"2021-06-11T16:24:47+00:00\",\"breadcrumb\":{\"@id\":\"https:\/\/donbaraton.es\/ru\/p\/%d1%81%d1%82%d1%83%d0%bb-%d0%be%d0%b1%d0%b8%d1%82%d1%8b%d0%b9-%d1%82%d0%ba%d0%b0%d0%bd%d1%8c%d1%8e-%d0%bc%d0%b8%d0%ba%d1%80%d0%be%d1%84%d0%b8%d0%b1%d1%80%d0%b0-novelda\/#breadcrumb\"},\"inLanguage\":\"ru-RU\",\"potentialAction\":[{\"@type\":\"ReadAction\",\"target\":[\"https:\/\/donbaraton.es\/ru\/p\/%d1%81%d1%82%d1%83%d0%bb-%d0%be%d0%b1%d0%b8%d1%82%d1%8b%d0%b9-%d1%82%d0%ba%d0%b0%d0%bd%d1%8c%d1%8e-%d0%bc%d0%b8%d0%ba%d1%80%d0%be%d1%84%d0%b8%d0%b1%d1%80%d0%b0-novelda\/\"]}]},{\"@type\":\"ImageObject\",\"inLanguage\":\"ru-RU\",\"@id\":\"https:\/\/donbaraton.es\/ru\/p\/%d1%81%d1%82%d1%83%d0%bb-%d0%be%d0%b1%d0%b8%d1%82%d1%8b%d0%b9-%d1%82%d0%ba%d0%b0%d0%bd%d1%8c%d1%8e-%d0%bc%d0%b8%d0%ba%d1%80%d0%be%d1%84%d0%b8%d0%b1%d1%80%d0%b0-novelda\/#primaryimage\",\"url\":\"https:\/\/donbaraton.es\/wp-content\/uploads\/2018\/11\/Silla-tela-antimancha-gris-marengo-patas-blancas-Novelda.jpg\",\"contentUrl\":\"https:\/\/donbaraton.es\/wp-content\/uploads\/2018\/11\/Silla-tela-antimancha-gris-marengo-patas-blancas-Novelda.jpg\",\"width\":1000,\"height\":1000,\"caption\":\"\u0421\u0442\u0443\u043b \u043e\u0431\u0438\u0442\u044b\u0439 \u0442\u043a\u0430\u043d\u044c\u044e \u043c\u0438\u043a\u0440\u043e\u0444\u0438\u0431\u0440\u0430 - Novelda. \u0421\u0435\u0440\u0430\u044f \u0442\u043a\u0430\u043d\u044c, \u0431\u0435\u043b\u044b\u0435 \u043d\u043e\u0436\u043a\u0438\"},{\"@type\":\"BreadcrumbList\",\"@id\":\"https:\/\/donbaraton.es\/ru\/p\/%d1%81%d1%82%d1%83%d0%bb-%d0%be%d0%b1%d0%b8%d1%82%d1%8b%d0%b9-%d1%82%d0%ba%d0%b0%d0%bd%d1%8c%d1%8e-%d0%bc%d0%b8%d0%ba%d1%80%d0%be%d1%84%d0%b8%d0%b1%d1%80%d0%b0-novelda\/#breadcrumb\",\"itemListElement\":[{\"@type\":\"ListItem\",\"position\":1,\"name\":\"Portada\",\"item\":\"https:\/\/donbaraton.es\/ru\/\"},{\"@type\":\"ListItem\",\"position\":2,\"name\":\"\u0418\u043d\u0442\u0435\u0440\u043d\u0435\u0442-\u043c\u0430\u0433\u0430\u0437\u0438\u043d\",\"item\":\"https:\/\/donbaraton.es\/ru\/%d0%bc%d0%b0%d0%b3%d0%b0%d0%b7%d0%b8%d0%bd\/\"},{\"@type\":\"ListItem\",\"position\":3,\"name\":\"\u0421\u0442\u0443\u043b \u043e\u0431\u0438\u0442\u044b\u0439 \u0442\u043a\u0430\u043d\u044c\u044e \u043c\u0438\u043a\u0440\u043e\u0444\u0438\u0431\u0440\u0430 &#8212; Novelda\"}]},{\"@type\":\"WebSite\",\"@id\":\"https:\/\/donbaraton.es\/#website\",\"url\":\"https:\/\/donbaraton.es\/\",\"name\":\"Don Baraton: tienda de sof\u00e1s, colchones y muebles\",\"description\":\"Venta de sof\u00e1s rinconeras, chaise longue, camas y conjuntos de sof\u00e1s\",\"publisher\":{\"@id\":\"https:\/\/donbaraton.es\/#organization\"},\"potentialAction\":[{\"@type\":\"SearchAction\",\"target\":{\"@type\":\"EntryPoint\",\"urlTemplate\":\"https:\/\/donbaraton.es\/?s={search_term_string}\"},\"query-input\":{\"@type\":\"PropertyValueSpecification\",\"valueRequired\":true,\"valueName\":\"search_term_string\"}}],\"inLanguage\":\"ru-RU\"},{\"@type\":\"Organization\",\"@id\":\"https:\/\/donbaraton.es\/#organization\",\"name\":\"Don Baraton\",\"url\":\"https:\/\/donbaraton.es\/\",\"logo\":{\"@type\":\"ImageObject\",\"inLanguage\":\"ru-RU\",\"@id\":\"https:\/\/donbaraton.es\/#\/schema\/logo\/image\/\",\"url\":\"https:\/\/i0.wp.com\/donbaraton.es\/wp-content\/uploads\/2016\/11\/logo_don_baraton.png?fit=228%2C110&ssl=1\",\"contentUrl\":\"https:\/\/i0.wp.com\/donbaraton.es\/wp-content\/uploads\/2016\/11\/logo_don_baraton.png?fit=228%2C110&ssl=1\",\"width\":228,\"height\":110,\"caption\":\"Don Baraton\"},\"image\":{\"@id\":\"https:\/\/donbaraton.es\/#\/schema\/logo\/image\/\"},\"sameAs\":[\"https:\/\/www.facebook.com\/donbaraton.es\",\"https:\/\/x.com\/don_baraton\",\"https:\/\/www.instagram.com\/donbaraton.es\",\"https:\/\/www.linkedin.com\/company\/donbaraton\/\",\"https:\/\/es.pinterest.com\/donbaraton\/\",\"https:\/\/www.youtube.com\/channel\/UCL02HOwx-F759Jq5MedAZfQ\"]}]}<\/script>\n<!-- \/ Yoast SEO plugin. -->","yoast_head_json":{"title":"\u0421\u0442\u0443\u043b \u043e\u0431\u0438\u0442\u044b\u0439 \u0442\u043a\u0430\u043d\u044c\u044e \u043c\u0438\u043a\u0440\u043e\u0444\u0438\u0431\u0440\u0430 - Novelda - Don Baraton: tienda de sof\u00e1s, colchones y muebles","robots":{"index":"index","follow":"follow","max-snippet":"max-snippet:-1","max-image-preview":"max-image-preview:large","max-video-preview":"max-video-preview:-1"},"canonical":"https:\/\/donbaraton.es\/ru\/p\/\u0441\u0442\u0443\u043b-\u043e\u0431\u0438\u0442\u044b\u0439-\u0442\u043a\u0430\u043d\u044c\u044e-\u043c\u0438\u043a\u0440\u043e\u0444\u0438\u0431\u0440\u0430-novelda\/","og_locale":"ru_RU","og_type":"article","og_title":"\u0421\u0442\u0443\u043b \u043e\u0431\u0438\u0442\u044b\u0439 \u0442\u043a\u0430\u043d\u044c\u044e \u043c\u0438\u043a\u0440\u043e\u0444\u0438\u0431\u0440\u0430 - Novelda - Don Baraton: tienda de sof\u00e1s, colchones y muebles","og_description":"\u041e\u0431\u0438\u0432\u043a\u0430 \u0438\u0437 \u0442\u043a\u0430\u043d\u0438 \u043c\u0438\u043a\u0440\u043e\u0444\u0438\u0431\u0440\u0430 \u0441\u0435\u0440\u043e\u0433\u043e \u0446\u0432\u0435\u0442\u0430  \u0421\u0442\u0430\u043b\u044c\u043d\u044b\u0435 \u043a\u0440\u0430\u0448\u0435\u043d\u044b\u0435 \u043d\u043e\u0436\u043a\u0438  \u041d\u043e\u0436\u043a\u0438 \u0447\u0451\u0440\u043d\u043e\u0433\u043e \u0438 \u0431\u0435\u043b\u043e\u0433\u043e \u0446\u0432\u0435\u0442\u043e\u0432 \u043d\u0430 \u0432\u044b\u0431\u043e\u0440  \u042d\u0440\u0433\u043e\u043d\u043e\u043c\u0438\u0447\u043d\u0430\u044f \u0441\u043f\u0438\u043d\u043a\u0430  \u041f\u0440\u043e\u0434\u0430\u0451\u0442\u0441\u044f \u043f\u043e\u0448\u0442\u0443\u0447\u043d\u043e \u0438\u043b\u0438 \u043a\u043e\u043c\u043f\u043b\u0435\u043a\u0442\u0430\u043c\u0438 \u043f\u043e 4 \u0438\u043b\u0438 6 \u0441\u0442\u0443\u043b\u044c\u0435\u0432.\u00a0\u0420\u0430\u0437\u043c\u0435\u0440\u044b:\u00a0\u0432\u044b\u0441\u043e\u0442\u0430 98 \u0441\u043c, \u0433\u043b\u0443\u0431\u0438\u043d\u0430 52 \u0441\u043c, \u0448\u0438\u0440\u0438\u043d\u0430 41 \u0441\u043c","og_url":"https:\/\/donbaraton.es\/ru\/p\/\u0441\u0442\u0443\u043b-\u043e\u0431\u0438\u0442\u044b\u0439-\u0442\u043a\u0430\u043d\u044c\u044e-\u043c\u0438\u043a\u0440\u043e\u0444\u0438\u0431\u0440\u0430-novelda\/","og_site_name":"Don Baraton: tienda de sof\u00e1s, colchones y muebles","article_publisher":"https:\/\/www.facebook.com\/donbaraton.es","article_modified_time":"2021-06-11T16:24:47+00:00","og_image":[{"width":1000,"height":1000,"url":"https:\/\/i2.wp.com\/donbaraton.es\/wp-content\/uploads\/2018\/11\/Silla-tela-antimancha-gris-marengo-patas-blancas-Novelda.jpg?fit=1000%2C1000&ssl=1","type":"image\/jpeg"}],"twitter_card":"summary_large_image","twitter_site":"@don_baraton","schema":{"@context":"https:\/\/schema.org","@graph":[{"@type":"WebPage","@id":"https:\/\/donbaraton.es\/ru\/p\/%d1%81%d1%82%d1%83%d0%bb-%d0%be%d0%b1%d0%b8%d1%82%d1%8b%d0%b9-%d1%82%d0%ba%d0%b0%d0%bd%d1%8c%d1%8e-%d0%bc%d0%b8%d0%ba%d1%80%d0%be%d1%84%d0%b8%d0%b1%d1%80%d0%b0-novelda\/","url":"https:\/\/donbaraton.es\/ru\/p\/%d1%81%d1%82%d1%83%d0%bb-%d0%be%d0%b1%d0%b8%d1%82%d1%8b%d0%b9-%d1%82%d0%ba%d0%b0%d0%bd%d1%8c%d1%8e-%d0%bc%d0%b8%d0%ba%d1%80%d0%be%d1%84%d0%b8%d0%b1%d1%80%d0%b0-novelda\/","name":"\u0421\u0442\u0443\u043b \u043e\u0431\u0438\u0442\u044b\u0439 \u0442\u043a\u0430\u043d\u044c\u044e \u043c\u0438\u043a\u0440\u043e\u0444\u0438\u0431\u0440\u0430 - Novelda - Don Baraton: tienda de sof\u00e1s, colchones y muebles","isPartOf":{"@id":"https:\/\/donbaraton.es\/#website"},"primaryImageOfPage":{"@id":"https:\/\/donbaraton.es\/ru\/p\/%d1%81%d1%82%d1%83%d0%bb-%d0%be%d0%b1%d0%b8%d1%82%d1%8b%d0%b9-%d1%82%d0%ba%d0%b0%d0%bd%d1%8c%d1%8e-%d0%bc%d0%b8%d0%ba%d1%80%d0%be%d1%84%d0%b8%d0%b1%d1%80%d0%b0-novelda\/#primaryimage"},"image":{"@id":"https:\/\/donbaraton.es\/ru\/p\/%d1%81%d1%82%d1%83%d0%bb-%d0%be%d0%b1%d0%b8%d1%82%d1%8b%d0%b9-%d1%82%d0%ba%d0%b0%d0%bd%d1%8c%d1%8e-%d0%bc%d0%b8%d0%ba%d1%80%d0%be%d1%84%d0%b8%d0%b1%d1%80%d0%b0-novelda\/#primaryimage"},"thumbnailUrl":"https:\/\/donbaraton.es\/wp-content\/uploads\/2018\/11\/Silla-tela-antimancha-gris-marengo-patas-blancas-Novelda.jpg","datePublished":"2018-11-10T16:16:11+00:00","dateModified":"2021-06-11T16:24:47+00:00","breadcrumb":{"@id":"https:\/\/donbaraton.es\/ru\/p\/%d1%81%d1%82%d1%83%d0%bb-%d0%be%d0%b1%d0%b8%d1%82%d1%8b%d0%b9-%d1%82%d0%ba%d0%b0%d0%bd%d1%8c%d1%8e-%d0%bc%d0%b8%d0%ba%d1%80%d0%be%d1%84%d0%b8%d0%b1%d1%80%d0%b0-novelda\/#breadcrumb"},"inLanguage":"ru-RU","potentialAction":[{"@type":"ReadAction","target":["https:\/\/donbaraton.es\/ru\/p\/%d1%81%d1%82%d1%83%d0%bb-%d0%be%d0%b1%d0%b8%d1%82%d1%8b%d0%b9-%d1%82%d0%ba%d0%b0%d0%bd%d1%8c%d1%8e-%d0%bc%d0%b8%d0%ba%d1%80%d0%be%d1%84%d0%b8%d0%b1%d1%80%d0%b0-novelda\/"]}]},{"@type":"ImageObject","inLanguage":"ru-RU","@id":"https:\/\/donbaraton.es\/ru\/p\/%d1%81%d1%82%d1%83%d0%bb-%d0%be%d0%b1%d0%b8%d1%82%d1%8b%d0%b9-%d1%82%d0%ba%d0%b0%d0%bd%d1%8c%d1%8e-%d0%bc%d0%b8%d0%ba%d1%80%d0%be%d1%84%d0%b8%d0%b1%d1%80%d0%b0-novelda\/#primaryimage","url":"https:\/\/donbaraton.es\/wp-content\/uploads\/2018\/11\/Silla-tela-antimancha-gris-marengo-patas-blancas-Novelda.jpg","contentUrl":"https:\/\/donbaraton.es\/wp-content\/uploads\/2018\/11\/Silla-tela-antimancha-gris-marengo-patas-blancas-Novelda.jpg","width":1000,"height":1000,"caption":"\u0421\u0442\u0443\u043b \u043e\u0431\u0438\u0442\u044b\u0439 \u0442\u043a\u0430\u043d\u044c\u044e \u043c\u0438\u043a\u0440\u043e\u0444\u0438\u0431\u0440\u0430 - Novelda. \u0421\u0435\u0440\u0430\u044f \u0442\u043a\u0430\u043d\u044c, \u0431\u0435\u043b\u044b\u0435 \u043d\u043e\u0436\u043a\u0438"},{"@type":"BreadcrumbList","@id":"https:\/\/donbaraton.es\/ru\/p\/%d1%81%d1%82%d1%83%d0%bb-%d0%be%d0%b1%d0%b8%d1%82%d1%8b%d0%b9-%d1%82%d0%ba%d0%b0%d0%bd%d1%8c%d1%8e-%d0%bc%d0%b8%d0%ba%d1%80%d0%be%d1%84%d0%b8%d0%b1%d1%80%d0%b0-novelda\/#breadcrumb","itemListElement":[{"@type":"ListItem","position":1,"name":"Portada","item":"https:\/\/donbaraton.es\/ru\/"},{"@type":"ListItem","position":2,"name":"\u0418\u043d\u0442\u0435\u0440\u043d\u0435\u0442-\u043c\u0430\u0433\u0430\u0437\u0438\u043d","item":"https:\/\/donbaraton.es\/ru\/%d0%bc%d0%b0%d0%b3%d0%b0%d0%b7%d0%b8%d0%bd\/"},{"@type":"ListItem","position":3,"name":"\u0421\u0442\u0443\u043b \u043e\u0431\u0438\u0442\u044b\u0439 \u0442\u043a\u0430\u043d\u044c\u044e \u043c\u0438\u043a\u0440\u043e\u0444\u0438\u0431\u0440\u0430 &#8212; Novelda"}]},{"@type":"WebSite","@id":"https:\/\/donbaraton.es\/#website","url":"https:\/\/donbaraton.es\/","name":"Don Baraton: tienda de sof\u00e1s, colchones y muebles","description":"Venta de sof\u00e1s rinconeras, chaise longue, camas y conjuntos de sof\u00e1s","publisher":{"@id":"https:\/\/donbaraton.es\/#organization"},"potentialAction":[{"@type":"SearchAction","target":{"@type":"EntryPoint","urlTemplate":"https:\/\/donbaraton.es\/?s={search_term_string}"},"query-input":{"@type":"PropertyValueSpecification","valueRequired":true,"valueName":"search_term_string"}}],"inLanguage":"ru-RU"},{"@type":"Organization","@id":"https:\/\/donbaraton.es\/#organization","name":"Don Baraton","url":"https:\/\/donbaraton.es\/","logo":{"@type":"ImageObject","inLanguage":"ru-RU","@id":"https:\/\/donbaraton.es\/#\/schema\/logo\/image\/","url":"https:\/\/i0.wp.com\/donbaraton.es\/wp-content\/uploads\/2016\/11\/logo_don_baraton.png?fit=228%2C110&ssl=1","contentUrl":"https:\/\/i0.wp.com\/donbaraton.es\/wp-content\/uploads\/2016\/11\/logo_don_baraton.png?fit=228%2C110&ssl=1","width":228,"height":110,"caption":"Don Baraton"},"image":{"@id":"https:\/\/donbaraton.es\/#\/schema\/logo\/image\/"},"sameAs":["https:\/\/www.facebook.com\/donbaraton.es","https:\/\/x.com\/don_baraton","https:\/\/www.instagram.com\/donbaraton.es","https:\/\/www.linkedin.com\/company\/donbaraton\/","https:\/\/es.pinterest.com\/donbaraton\/","https:\/\/www.youtube.com\/channel\/UCL02HOwx-F759Jq5MedAZfQ"]}]}},"_links":{"self":[{"href":"https:\/\/donbaraton.es\/ru\/wp-json\/wp\/v2\/product\/12773","targetHints":{"allow":["GET"]}}],"collection":[{"href":"https:\/\/donbaraton.es\/ru\/wp-json\/wp\/v2\/product"}],"about":[{"href":"https:\/\/donbaraton.es\/ru\/wp-json\/wp\/v2\/types\/product"}],"replies":[{"embeddable":true,"href":"https:\/\/donbaraton.es\/ru\/wp-json\/wp\/v2\/comments?post=12773"}],"wp:featuredmedia":[{"embeddable":true,"href":"https:\/\/donbaraton.es\/ru\/wp-json\/wp\/v2\/media\/11728"}],"wp:attachment":[{"href":"https:\/\/donbaraton.es\/ru\/wp-json\/wp\/v2\/media?parent=12773"}],"wp:term":[{"taxonomy":"product_brand","embeddable":true,"href":"https:\/\/donbaraton.es\/ru\/wp-json\/wp\/v2\/product_brand?post=12773"},{"taxonomy":"product_cat","embeddable":true,"href":"https:\/\/donbaraton.es\/ru\/wp-json\/wp\/v2\/product_cat?post=12773"},{"taxonomy":"product_tag","embeddable":true,"href":"https:\/\/donbaraton.es\/ru\/wp-json\/wp\/v2\/product_tag?post=12773"}],"curies":[{"name":"wp","href":"https:\/\/api.w.org\/{rel}","templated":true}]}}