{"id":13901,"date":"2019-08-25T01:45:57","date_gmt":"2019-02-09T14:40:11","guid":{"rendered":"https:\/\/donbaraton.es\/?post_type=product&#038;p=13901"},"modified":"2024-11-10T04:49:54","modified_gmt":"2024-11-10T03:49:54","slug":"%d1%83%d0%b3%d0%bb%d0%be%d0%b2%d0%be%d0%b9-%d0%b4%d0%b8%d0%b2%d0%b0%d0%bd-c-%d0%ba%d1%80%d0%be%d0%b2%d0%b0%d1%82%d1%8c%d1%8e-windzor","status":"publish","type":"product","link":"https:\/\/donbaraton.es\/ru\/p\/%d1%83%d0%b3%d0%bb%d0%be%d0%b2%d0%be%d0%b9-%d0%b4%d0%b8%d0%b2%d0%b0%d0%bd-c-%d0%ba%d1%80%d0%be%d0%b2%d0%b0%d1%82%d1%8c%d1%8e-windzor\/","title":{"rendered":"\u0423\u0433\u043b\u043e\u0432\u043e\u0439 \u0434\u0438\u0432\u0430\u043d \u0441 \u043a\u0440\u043e\u0432\u0430\u0442\u044c\u044e \u0438 \u0440\u0435\u0433\u0443\u043b\u0438\u0440\u0443\u0435\u043c\u044b\u043c\u0438 \u043f\u043e\u0434\u0433\u043e\u043b\u043e\u0432\u043d\u0438\u043a\u0430\u043c\u0438 &#8212; Windzor"},"content":{"rendered":"<p><strong>\u0423\u0433\u043b\u043e\u0432\u043e\u0439 \u0434\u0438\u0432\u0430\u043d \u0441 \u043a\u0440\u043e\u0432\u0430\u0442\u044c\u044e, \u0432\u044b\u0441\u043e\u043a\u0438\u043c\u0438 \u0441\u043f\u0438\u043d\u043a\u0430\u043c\u0438 \u0438 \u0440\u0435\u0433\u0443\u043b\u0438\u0440\u0443\u0435\u043c\u044b\u043c\u0438 \u043f\u043e\u0434\u0433\u043e\u043b\u043e\u0432\u043d\u0438\u043a\u0430\u043c\u0438 &#8212; Windzor.<\/strong><\/p>\n<p><strong>\u0423\u0434\u043e\u0431\u043d\u044b\u0435 \u0441\u043f\u0438\u043d\u043a\u0438<\/strong>\u00a0\u0441 \u043f\u043e\u0434\u0433\u043e\u043b\u043e\u0432\u043d\u0438\u043a\u0430\u043c\u0438 (4 \u043f\u043e\u043b\u043e\u0436\u0435\u043d\u0438\u044f)\u00a0\u0434\u043b\u044f \u043c\u0430\u043a\u0441\u0438\u043c\u0430\u043b\u044c\u043d\u043e\u0433\u043e \u043a\u043e\u043c\u0444\u043e\u0440\u0442\u0430 \u043b\u044e\u0434\u0435\u0439 \u0441 \u0440\u0430\u0437\u043b\u0438\u0447\u043d\u044b\u043c \u0440\u043e\u0441\u0442\u043e\u043c.<\/p>\n<p><strong>\u041c\u044f\u0433\u043a\u0438\u0435 \u0441\u0438\u0434\u0435\u043d\u044c\u044f<\/strong>\u00a0\u0441 \u0432\u043e\u043b\u043d\u0438\u0441\u0442\u044b\u043c\u0438 \u0438 \u0431\u043e\u043d\u043d\u0435\u043b\u044c \u043f\u0440\u0443\u0436\u0438\u043d\u0430\u043c\u0438.<\/p>\n<p><strong>\u0412\u044b\u0434\u0432\u0438\u0436\u043d\u0430\u044f \u043a\u0440\u043e\u0432\u0430\u0442\u044c<\/strong>\u00a0\u0441 \u0442\u0438\u043f\u043e\u043c \u043e\u0442\u043a\u0440\u044b\u0442\u0438\u044f \u00ab\u0434\u0435\u043b\u044c\u0444\u0438\u043d\u00bb \u0434\u043b\u044f \u0443\u0434\u043e\u0431\u043d\u043e\u0433\u043e \u0441\u043d\u0430.<\/p>\n<p><b>\u0411\u0435\u043b\u044c\u0435\u0432\u043e\u0439 \u044f\u0449\u0438\u043a<\/b> \u043f\u043e\u0434 \u0441\u0438\u0434\u0435\u043d\u044c\u0435\u043c \u043f\u043e\u043c\u043e\u0436\u0435\u0442 \u043e\u0440\u0433\u0430\u043d\u0438\u0437\u043e\u0432\u0430\u0442\u044c \u0445\u0440\u0430\u043d\u0435\u043d\u0438\u0435 \u0432\u0435\u0449\u0435\u0439 \u0432 \u0434\u043e\u043c\u0435.<\/p>\n<p><strong>\u041e\u0431\u0438\u0432\u043a\u0430 \u0434\u0438\u0432\u0430\u043d\u0430<\/strong>\u00a0\u0441\u0437\u0430\u0434\u0438 \u043f\u043e\u0437\u0432\u043e\u043b\u0438\u0442 \u0443\u0441\u0442\u0430\u043d\u043e\u0432\u0438\u0442\u044c \u0434\u0438\u0432\u0430\u043d \u0432 \u0446\u0435\u043d\u0442\u0440\u0435 \u0441\u0430\u043b\u043e\u043d\u0430.<\/p>\n<p><strong>\u0414\u0438\u0432\u0430\u043d \u0434\u043e\u0441\u0442\u0443\u043f\u0435\u043d \u0432 \u0441\u043b\u0435\u0434\u0443\u044e\u0449\u0438\u0445 \u0432\u0430\u0440\u0438\u0430\u043d\u0442\u0430\u0445 \u043e\u0431\u0438\u0432\u043a\u0438:<\/strong><\/p>\n<p>\u2014 Alfa 19 \u2014 \u043f\u0440\u0438\u044f\u0442\u043d\u0430\u044f \u043d\u0430 \u043e\u0449\u0443\u043f\u044c, \u0443\u0441\u0442\u043e\u0439\u0447\u0438\u0432\u0430\u044f \u043a \u0438\u0437\u043d\u043e\u0441\u0443 \u0442\u043a\u0430\u043d\u044c, \u043a\u043e\u0442\u043e\u0440\u0430\u044f \u043f\u0440\u043e\u0441\u043b\u0443\u0436\u0438\u0442 \u043c\u043d\u043e\u0433\u0438\u0435 \u0433\u043e\u0434\u044b. \u041c\u0430\u0441\u0441\u0430 435 \u0433 \/ \u043c2, \u0432\u044b\u0434\u0435\u0440\u0436\u0438\u0432\u0430\u0435\u0442 \u0434\u043e 40.000 \u0430\u0431\u0440\u0430\u0437\u0438\u0432\u043d\u044b\u0445 \u0446\u0438\u043a\u043b\u043e\u0432<\/p>\n<p>\u2014 \u0422\u043a\u0430\u043d\u044c Inari 94, \u043e\u0434\u043d\u0430 \u0438\u0437 \u0441\u0430\u043c\u044b\u0445 \u0438\u0437\u043d\u043e\u0441\u043e\u0441\u0442\u043e\u0439\u043a\u0438\u0445 \u0442\u043a\u0430\u043d\u0435\u0439 \u043d\u0430 \u0440\u044b\u043d\u043a\u0435, \u043a\u043e\u0442\u043e\u0440\u0430\u044f \u0432\u044b\u0434\u0435\u0440\u0436\u0438\u0432\u0430\u0435\u0442 49.000 \u0430\u0431\u0440\u0430\u0437\u0438\u0432\u043d\u044b\u0445 \u0446\u0438\u043a\u043b\u043e\u0432. \u041c\u0430\u0441\u0441\u0430 260 \u0433 \/ \u043c2. \u041b\u0443\u0447\u0448\u0438\u0439 \u0432\u0430\u0440\u0438\u0430\u043d\u0442, \u0435\u0441\u043b\u0438 \u0432 \u0434\u043e\u043c\u0435 \u0435\u0441\u0442\u044c \u0434\u043e\u043c\u0430\u0448\u043d\u0438\u0435 \u043f\u0438\u0442\u043e\u043c\u0446\u044b<\/p>\n<p>\u042d\u0442\u0430 \u043c\u043e\u0434\u0435\u043b\u044c \u0442\u0430\u043a\u0436\u0435 \u0434\u043e\u0441\u0442\u0443\u043f\u043d\u0430 \u0432 \u0444\u043e\u0440\u043c\u0435 \u0431\u0443\u043a\u0432\u044b \u00ab\u041f\u00bb:<strong>\u00a0<a href=\"https:\/\/donbaraton.es\/ru\/producto\/%D0%B4%D0%B8%D0%B2%D0%B0%D0%BD%D1%8B\/%D0%B1%D0%BE%D0%BB%D1%8C%D1%88%D0%BE%D0%B9-%D0%B4%D0%B8%D0%B2%D0%B0%D0%BD-%D0%BA%D1%80%D0%BE%D0%B2%D0%B0%D1%82%D1%8C-%D0%B2-%D1%84%D0%BE%D1%80%D0%BC%D0%B5-%D0%B1%D1%83%D0%BA%D0%B2%D1%8B-%D0%BF-toronto\/\">\u0411\u043e\u043b\u044c\u0448\u043e\u0439 \u0434\u0438\u0432\u0430\u043d-\u043a\u0440\u043e\u0432\u0430\u0442\u044c \u0432 \u0444\u043e\u0440\u043c\u0435 \u0431\u0443\u043a\u0432\u044b \u041f \u2014 Toronto<\/a><\/strong><\/p>\n<p><strong>\u0420\u0430\u0437\u043c\u0435\u0440\u044b:<\/strong>\u00a0\u0434\u043b\u0438\u043d\u0430 258 \u0441\u043c \u0438 212 \u0441\u043c (\u0448\u0435\u0437\u043b\u043e\u043d\u0433). \u0412\u044b\u0441\u043e\u0442\u0430 \u0441 \u043f\u043e\u0434\u043d\u044f\u0442\u044b\u043c\u0438 \u043f\u043e\u0434\u0433\u043e\u043b\u043e\u0432\u043d\u0438\u043a\u0430\u043c\u0438 \u2014 102 \u0441\u043c, \u0432\u044b\u0441\u043e\u0442\u0430 \u0441 \u043e\u043f\u0443\u0449\u0435\u043d\u043d\u044b\u043c\u0438 \u043f\u043e\u0434\u0433\u043e\u043b\u043e\u0432\u043d\u0438\u043a\u0430\u043c\u0438 86 \u0441\u043c. <strong>\u0420\u0430\u0437\u043c\u0435\u0440\u044b \u043a\u0440\u043e\u0432\u0430\u0442\u0438 \u0432 \u0440\u0430\u0437\u043b\u043e\u0436\u0435\u043d\u043d\u043e\u043c \u0432\u0438\u0434\u0435:<\/strong> 197 x 126 \u0441\u043c<\/p>\n<p><strong>\u0423\u043f\u0430\u043a\u043e\u0432\u043a\u0430:<\/strong>\u00a0\u043a\u043e\u0440\u043e\u0431\u043a\u0430 1: 204 x 91 x 87 \u0441\u043c (57 \u043a\u0433), \u043a\u043e\u0440\u043e\u0431\u043a\u0430 2 \u2014 156 x 83 x 95 \u0441\u043c (53 \u043a\u0433).\u00a0<strong>\u041e\u0431\u044a\u0451\u043c:<\/strong>\u00a02.85 \u043c3.\u00a0<strong>\u041c\u0430\u0441\u0441\u0430:<\/strong>\u00a0110 \u0441\u043c<\/p>\n","protected":false},"excerpt":{"rendered":"<ul>\n<li>\u041a\u0440\u043e\u0432\u0430\u0442\u044c 126 x 197 \u0441\u043c<\/li>\n<li>\u0423\u0434\u043e\u0431\u043d\u044b\u0435 \u0441\u043f\u0438\u043d\u043a\u0438 \u0441 \u0440\u0435\u0433\u0443\u043b\u0438\u0440\u0443\u0435\u043c\u044b\u043c\u0438 \u043f\u043e\u0434\u0433\u043e\u043b\u043e\u0432\u043d\u0438\u043a\u0430\u043c\u0438<\/li>\n<li>\u0421\u043e\u0432\u0440\u0435\u043c\u0435\u043d\u043d\u044b\u0439 \u0434\u0438\u0437\u0430\u0439\u043d<\/li>\n<li>\u0411\u0435\u043b\u044c\u0435\u0432\u043e\u0439 \u044f\u0449\u0438\u043a \u043f\u043e\u0434 \u0441\u0438\u0434\u0435\u043d\u044c\u0435\u043c<\/li>\n<li>\u0412\u043e\u043b\u043d\u043e\u043e\u0431\u0440\u0430\u0437\u043d\u044b\u0435 \u043f\u0440\u0443\u0436\u0438\u043d\u044b<\/li>\n<\/ul>\n<p><strong>\u0420\u0430\u0437\u043c\u0435\u0440\u044b:<\/strong> \u0434\u043b\u0438\u043d\u0430 258, \u0434\u043b\u0438\u043d\u0430 \u0443\u0433\u043b\u0430 164 \u0441\u043c, \u0432\u044b\u0441\u043e\u0442\u0430 86-102 \u0441\u043c<\/p>\n","protected":false},"featured_media":14028,"comment_status":"open","ping_status":"closed","template":"","meta":{"_et_pb_use_builder":"","_et_pb_old_content":"","_et_gb_content_width":""},"product_brand":[],"product_cat":[36,46,42,44],"product_tag":[],"class_list":{"0":"post-13901","1":"product","2":"type-product","3":"status-publish","4":"has-post-thumbnail","6":"product_cat-36","7":"product_cat-46","8":"product_cat-42","9":"product_cat-44","10":"product_shipping_class-mas-de-20-kg-fabricacion-hasta-43-dias","11":"pa_lado-200","12":"pa_lado-199","13":"pa_largo-divany-251-300-cm","14":"pa_material-101","15":"pa_muelles-274","16":"pa_plazas-151","17":"pa_plazas-152","19":"first","20":"outofstock","21":"sale","22":"taxable","23":"shipping-taxable","24":"purchasable","25":"product-type-variable"},"yoast_head":"<!-- This site is optimized with the Yoast SEO plugin v27.2 - https:\/\/yoast.com\/product\/yoast-seo-wordpress\/ -->\n<title>\u0423\u0433\u043b\u043e\u0432\u043e\u0439 \u0434\u0438\u0432\u0430\u043d \u0441 \u043a\u0440\u043e\u0432\u0430\u0442\u044c\u044e \u0438 \u0440\u0435\u0433\u0443\u043b\u0438\u0440\u0443\u0435\u043c\u044b\u043c\u0438 \u043f\u043e\u0434\u0433\u043e\u043b\u043e\u0432\u043d\u0438\u043a\u0430\u043c\u0438 - Windzor - Don Baraton: tienda de sof\u00e1s, colchones y muebles<\/title>\n<meta name=\"robots\" content=\"index, follow, max-snippet:-1, max-image-preview:large, max-video-preview:-1\" \/>\n<link rel=\"canonical\" href=\"https:\/\/donbaraton.es\/p\/sofa-chaise-longue-cama-alto-respaldo-reposacabezas-reclinables-windzor\/\" \/>\n<meta property=\"og:locale\" content=\"ru_RU\" \/>\n<meta property=\"og:type\" content=\"article\" \/>\n<meta property=\"og:title\" content=\"\u0423\u0433\u043b\u043e\u0432\u043e\u0439 \u0434\u0438\u0432\u0430\u043d \u0441 \u043a\u0440\u043e\u0432\u0430\u0442\u044c\u044e \u0438 \u0440\u0435\u0433\u0443\u043b\u0438\u0440\u0443\u0435\u043c\u044b\u043c\u0438 \u043f\u043e\u0434\u0433\u043e\u043b\u043e\u0432\u043d\u0438\u043a\u0430\u043c\u0438 - Windzor - Don Baraton: tienda de sof\u00e1s, colchones y muebles\" \/>\n<meta property=\"og:description\" content=\"\u041a\u0440\u043e\u0432\u0430\u0442\u044c 126 x 197 \u0441\u043c  \u0423\u0434\u043e\u0431\u043d\u044b\u0435 \u0441\u043f\u0438\u043d\u043a\u0438 \u0441 \u0440\u0435\u0433\u0443\u043b\u0438\u0440\u0443\u0435\u043c\u044b\u043c\u0438 \u043f\u043e\u0434\u0433\u043e\u043b\u043e\u0432\u043d\u0438\u043a\u0430\u043c\u0438  \u0421\u043e\u0432\u0440\u0435\u043c\u0435\u043d\u043d\u044b\u0439 \u0434\u0438\u0437\u0430\u0439\u043d  \u0411\u0435\u043b\u044c\u0435\u0432\u043e\u0439 \u044f\u0449\u0438\u043a \u043f\u043e\u0434 \u0441\u0438\u0434\u0435\u043d\u044c\u0435\u043c  \u0412\u043e\u043b\u043d\u043e\u043e\u0431\u0440\u0430\u0437\u043d\u044b\u0435 \u043f\u0440\u0443\u0436\u0438\u043d\u044b  \u0420\u0430\u0437\u043c\u0435\u0440\u044b: \u0434\u043b\u0438\u043d\u0430 258, \u0434\u043b\u0438\u043d\u0430 \u0443\u0433\u043b\u0430 164 \u0441\u043c, \u0432\u044b\u0441\u043e\u0442\u0430 86-102 \u0441\u043c\" \/>\n<meta property=\"og:url\" content=\"https:\/\/donbaraton.es\/p\/sofa-chaise-longue-cama-alto-respaldo-reposacabezas-reclinables-windzor\/\" \/>\n<meta property=\"og:site_name\" content=\"Don Baraton: tienda de sof\u00e1s, colchones y muebles\" \/>\n<meta property=\"article:publisher\" content=\"https:\/\/www.facebook.com\/donbaraton.es\" \/>\n<meta property=\"article:modified_time\" content=\"2024-11-10T03:49:54+00:00\" \/>\n<meta property=\"og:image\" content=\"https:\/\/donbaraton.es\/wp-content\/uploads\/2019\/02\/Sof\u00e1-chaise-longue-cama-alto-respaldo-con-reposacabezas-reclinables.-Chaise-longue-lado-izquierdo.-Tela-gris-Inari-94-\u2013-Windzor.jpg\" \/>\n\t<meta property=\"og:image:width\" content=\"1000\" \/>\n\t<meta property=\"og:image:height\" content=\"666\" \/>\n\t<meta property=\"og:image:type\" content=\"image\/jpeg\" \/>\n<meta name=\"twitter:card\" content=\"summary_large_image\" \/>\n<meta name=\"twitter:site\" content=\"@don_baraton\" \/>\n<script type=\"application\/ld+json\" class=\"yoast-schema-graph\">{\"@context\":\"https:\/\/schema.org\",\"@graph\":[{\"@type\":\"WebPage\",\"@id\":\"https:\/\/donbaraton.es\/p\/sofa-chaise-longue-cama-alto-respaldo-reposacabezas-reclinables-windzor\/\",\"url\":\"https:\/\/donbaraton.es\/p\/sofa-chaise-longue-cama-alto-respaldo-reposacabezas-reclinables-windzor\/\",\"name\":\"\u0423\u0433\u043b\u043e\u0432\u043e\u0439 \u0434\u0438\u0432\u0430\u043d \u0441 \u043a\u0440\u043e\u0432\u0430\u0442\u044c\u044e \u0438 \u0440\u0435\u0433\u0443\u043b\u0438\u0440\u0443\u0435\u043c\u044b\u043c\u0438 \u043f\u043e\u0434\u0433\u043e\u043b\u043e\u0432\u043d\u0438\u043a\u0430\u043c\u0438 - Windzor - Don Baraton: tienda de sof\u00e1s, colchones y muebles\",\"isPartOf\":{\"@id\":\"https:\/\/donbaraton.es\/#website\"},\"primaryImageOfPage\":{\"@id\":\"https:\/\/donbaraton.es\/p\/sofa-chaise-longue-cama-alto-respaldo-reposacabezas-reclinables-windzor\/#primaryimage\"},\"image\":{\"@id\":\"https:\/\/donbaraton.es\/p\/sofa-chaise-longue-cama-alto-respaldo-reposacabezas-reclinables-windzor\/#primaryimage\"},\"thumbnailUrl\":\"https:\/\/donbaraton.es\/wp-content\/uploads\/2019\/02\/Sof\u00e1-chaise-longue-cama-alto-respaldo-con-reposacabezas-reclinables.-Chaise-longue-lado-derecho.-Tela-gris-Inari-94-\u2013-Windzor.jpg\",\"datePublished\":\"2019-02-09T14:40:11+00:00\",\"dateModified\":\"2024-11-10T03:49:54+00:00\",\"breadcrumb\":{\"@id\":\"https:\/\/donbaraton.es\/p\/sofa-chaise-longue-cama-alto-respaldo-reposacabezas-reclinables-windzor\/#breadcrumb\"},\"inLanguage\":\"ru-RU\",\"potentialAction\":[{\"@type\":\"ReadAction\",\"target\":[\"https:\/\/donbaraton.es\/p\/sofa-chaise-longue-cama-alto-respaldo-reposacabezas-reclinables-windzor\/\"]}]},{\"@type\":\"ImageObject\",\"inLanguage\":\"ru-RU\",\"@id\":\"https:\/\/donbaraton.es\/p\/sofa-chaise-longue-cama-alto-respaldo-reposacabezas-reclinables-windzor\/#primaryimage\",\"url\":\"https:\/\/donbaraton.es\/wp-content\/uploads\/2019\/02\/Sof\u00e1-chaise-longue-cama-alto-respaldo-con-reposacabezas-reclinables.-Chaise-longue-lado-derecho.-Tela-gris-Inari-94-\u2013-Windzor.jpg\",\"contentUrl\":\"https:\/\/donbaraton.es\/wp-content\/uploads\/2019\/02\/Sof\u00e1-chaise-longue-cama-alto-respaldo-con-reposacabezas-reclinables.-Chaise-longue-lado-derecho.-Tela-gris-Inari-94-\u2013-Windzor.jpg\",\"width\":1000,\"height\":666,\"caption\":\"\u0423\u0433\u043b\u043e\u0432\u043e\u0439 \u0434\u0438\u0432\u0430\u043d \u0441 \u043a\u0440\u043e\u0432\u0430\u0442\u044c\u044e \u0438 \u0440\u0435\u0433\u0443\u043b\u0438\u0440\u0443\u0435\u043c\u044b\u043c\u0438 \u043f\u043e\u0434\u0433\u043e\u043b\u043e\u0432\u043d\u0438\u043a\u0430\u043c\u0438 - Windzor. \u041f\u0440\u0430\u0432\u044b\u0439 \u0443\u0433\u043e\u043b. \u0421\u0435\u0440\u0430\u044f \u0442\u043a\u0430\u043d\u044c Inari 94\"},{\"@type\":\"BreadcrumbList\",\"@id\":\"https:\/\/donbaraton.es\/p\/sofa-chaise-longue-cama-alto-respaldo-reposacabezas-reclinables-windzor\/#breadcrumb\",\"itemListElement\":[{\"@type\":\"ListItem\",\"position\":1,\"name\":\"Portada\",\"item\":\"https:\/\/donbaraton.es\/ru\/\"},{\"@type\":\"ListItem\",\"position\":2,\"name\":\"\u0418\u043d\u0442\u0435\u0440\u043d\u0435\u0442-\u043c\u0430\u0433\u0430\u0437\u0438\u043d\",\"item\":\"https:\/\/donbaraton.es\/ru\/%d0%bc%d0%b0%d0%b3%d0%b0%d0%b7%d0%b8%d0%bd\/\"},{\"@type\":\"ListItem\",\"position\":3,\"name\":\"\u0423\u0433\u043b\u043e\u0432\u043e\u0439 \u0434\u0438\u0432\u0430\u043d \u0441 \u043a\u0440\u043e\u0432\u0430\u0442\u044c\u044e \u0438 \u0440\u0435\u0433\u0443\u043b\u0438\u0440\u0443\u0435\u043c\u044b\u043c\u0438 \u043f\u043e\u0434\u0433\u043e\u043b\u043e\u0432\u043d\u0438\u043a\u0430\u043c\u0438 &#8211; Windzor\"}]},{\"@type\":\"WebSite\",\"@id\":\"https:\/\/donbaraton.es\/#website\",\"url\":\"https:\/\/donbaraton.es\/\",\"name\":\"Don Baraton: tienda de sof\u00e1s, colchones y muebles\",\"description\":\"Venta de sof\u00e1s rinconeras, chaise longue, camas y conjuntos de sof\u00e1s\",\"publisher\":{\"@id\":\"https:\/\/donbaraton.es\/#organization\"},\"potentialAction\":[{\"@type\":\"SearchAction\",\"target\":{\"@type\":\"EntryPoint\",\"urlTemplate\":\"https:\/\/donbaraton.es\/?s={search_term_string}\"},\"query-input\":{\"@type\":\"PropertyValueSpecification\",\"valueRequired\":true,\"valueName\":\"search_term_string\"}}],\"inLanguage\":\"ru-RU\"},{\"@type\":\"Organization\",\"@id\":\"https:\/\/donbaraton.es\/#organization\",\"name\":\"Don Baraton\",\"url\":\"https:\/\/donbaraton.es\/\",\"logo\":{\"@type\":\"ImageObject\",\"inLanguage\":\"ru-RU\",\"@id\":\"https:\/\/donbaraton.es\/#\/schema\/logo\/image\/\",\"url\":\"https:\/\/i0.wp.com\/donbaraton.es\/wp-content\/uploads\/2016\/11\/logo_don_baraton.png?fit=228%2C110&ssl=1\",\"contentUrl\":\"https:\/\/i0.wp.com\/donbaraton.es\/wp-content\/uploads\/2016\/11\/logo_don_baraton.png?fit=228%2C110&ssl=1\",\"width\":228,\"height\":110,\"caption\":\"Don Baraton\"},\"image\":{\"@id\":\"https:\/\/donbaraton.es\/#\/schema\/logo\/image\/\"},\"sameAs\":[\"https:\/\/www.facebook.com\/donbaraton.es\",\"https:\/\/x.com\/don_baraton\",\"https:\/\/www.instagram.com\/donbaraton.es\",\"https:\/\/www.linkedin.com\/company\/donbaraton\/\",\"https:\/\/es.pinterest.com\/donbaraton\/\",\"https:\/\/www.youtube.com\/channel\/UCL02HOwx-F759Jq5MedAZfQ\"]}]}<\/script>\n<!-- \/ Yoast SEO plugin. -->","yoast_head_json":{"title":"\u0423\u0433\u043b\u043e\u0432\u043e\u0439 \u0434\u0438\u0432\u0430\u043d \u0441 \u043a\u0440\u043e\u0432\u0430\u0442\u044c\u044e \u0438 \u0440\u0435\u0433\u0443\u043b\u0438\u0440\u0443\u0435\u043c\u044b\u043c\u0438 \u043f\u043e\u0434\u0433\u043e\u043b\u043e\u0432\u043d\u0438\u043a\u0430\u043c\u0438 - Windzor - Don Baraton: tienda de sof\u00e1s, colchones y muebles","robots":{"index":"index","follow":"follow","max-snippet":"max-snippet:-1","max-image-preview":"max-image-preview:large","max-video-preview":"max-video-preview:-1"},"canonical":"https:\/\/donbaraton.es\/p\/sofa-chaise-longue-cama-alto-respaldo-reposacabezas-reclinables-windzor\/","og_locale":"ru_RU","og_type":"article","og_title":"\u0423\u0433\u043b\u043e\u0432\u043e\u0439 \u0434\u0438\u0432\u0430\u043d \u0441 \u043a\u0440\u043e\u0432\u0430\u0442\u044c\u044e \u0438 \u0440\u0435\u0433\u0443\u043b\u0438\u0440\u0443\u0435\u043c\u044b\u043c\u0438 \u043f\u043e\u0434\u0433\u043e\u043b\u043e\u0432\u043d\u0438\u043a\u0430\u043c\u0438 - Windzor - Don Baraton: tienda de sof\u00e1s, colchones y muebles","og_description":"\u041a\u0440\u043e\u0432\u0430\u0442\u044c 126 x 197 \u0441\u043c  \u0423\u0434\u043e\u0431\u043d\u044b\u0435 \u0441\u043f\u0438\u043d\u043a\u0438 \u0441 \u0440\u0435\u0433\u0443\u043b\u0438\u0440\u0443\u0435\u043c\u044b\u043c\u0438 \u043f\u043e\u0434\u0433\u043e\u043b\u043e\u0432\u043d\u0438\u043a\u0430\u043c\u0438  \u0421\u043e\u0432\u0440\u0435\u043c\u0435\u043d\u043d\u044b\u0439 \u0434\u0438\u0437\u0430\u0439\u043d  \u0411\u0435\u043b\u044c\u0435\u0432\u043e\u0439 \u044f\u0449\u0438\u043a \u043f\u043e\u0434 \u0441\u0438\u0434\u0435\u043d\u044c\u0435\u043c  \u0412\u043e\u043b\u043d\u043e\u043e\u0431\u0440\u0430\u0437\u043d\u044b\u0435 \u043f\u0440\u0443\u0436\u0438\u043d\u044b  \u0420\u0430\u0437\u043c\u0435\u0440\u044b: \u0434\u043b\u0438\u043d\u0430 258, \u0434\u043b\u0438\u043d\u0430 \u0443\u0433\u043b\u0430 164 \u0441\u043c, \u0432\u044b\u0441\u043e\u0442\u0430 86-102 \u0441\u043c","og_url":"https:\/\/donbaraton.es\/p\/sofa-chaise-longue-cama-alto-respaldo-reposacabezas-reclinables-windzor\/","og_site_name":"Don Baraton: tienda de sof\u00e1s, colchones y muebles","article_publisher":"https:\/\/www.facebook.com\/donbaraton.es","article_modified_time":"2024-11-10T03:49:54+00:00","og_image":[{"width":1000,"height":666,"url":"https:\/\/donbaraton.es\/wp-content\/uploads\/2019\/02\/Sof\u00e1-chaise-longue-cama-alto-respaldo-con-reposacabezas-reclinables.-Chaise-longue-lado-izquierdo.-Tela-gris-Inari-94-\u2013-Windzor.jpg","type":"image\/jpeg"}],"twitter_card":"summary_large_image","twitter_site":"@don_baraton","schema":{"@context":"https:\/\/schema.org","@graph":[{"@type":"WebPage","@id":"https:\/\/donbaraton.es\/p\/sofa-chaise-longue-cama-alto-respaldo-reposacabezas-reclinables-windzor\/","url":"https:\/\/donbaraton.es\/p\/sofa-chaise-longue-cama-alto-respaldo-reposacabezas-reclinables-windzor\/","name":"\u0423\u0433\u043b\u043e\u0432\u043e\u0439 \u0434\u0438\u0432\u0430\u043d \u0441 \u043a\u0440\u043e\u0432\u0430\u0442\u044c\u044e \u0438 \u0440\u0435\u0433\u0443\u043b\u0438\u0440\u0443\u0435\u043c\u044b\u043c\u0438 \u043f\u043e\u0434\u0433\u043e\u043b\u043e\u0432\u043d\u0438\u043a\u0430\u043c\u0438 - Windzor - Don Baraton: tienda de sof\u00e1s, colchones y muebles","isPartOf":{"@id":"https:\/\/donbaraton.es\/#website"},"primaryImageOfPage":{"@id":"https:\/\/donbaraton.es\/p\/sofa-chaise-longue-cama-alto-respaldo-reposacabezas-reclinables-windzor\/#primaryimage"},"image":{"@id":"https:\/\/donbaraton.es\/p\/sofa-chaise-longue-cama-alto-respaldo-reposacabezas-reclinables-windzor\/#primaryimage"},"thumbnailUrl":"https:\/\/donbaraton.es\/wp-content\/uploads\/2019\/02\/Sof\u00e1-chaise-longue-cama-alto-respaldo-con-reposacabezas-reclinables.-Chaise-longue-lado-derecho.-Tela-gris-Inari-94-\u2013-Windzor.jpg","datePublished":"2019-02-09T14:40:11+00:00","dateModified":"2024-11-10T03:49:54+00:00","breadcrumb":{"@id":"https:\/\/donbaraton.es\/p\/sofa-chaise-longue-cama-alto-respaldo-reposacabezas-reclinables-windzor\/#breadcrumb"},"inLanguage":"ru-RU","potentialAction":[{"@type":"ReadAction","target":["https:\/\/donbaraton.es\/p\/sofa-chaise-longue-cama-alto-respaldo-reposacabezas-reclinables-windzor\/"]}]},{"@type":"ImageObject","inLanguage":"ru-RU","@id":"https:\/\/donbaraton.es\/p\/sofa-chaise-longue-cama-alto-respaldo-reposacabezas-reclinables-windzor\/#primaryimage","url":"https:\/\/donbaraton.es\/wp-content\/uploads\/2019\/02\/Sof\u00e1-chaise-longue-cama-alto-respaldo-con-reposacabezas-reclinables.-Chaise-longue-lado-derecho.-Tela-gris-Inari-94-\u2013-Windzor.jpg","contentUrl":"https:\/\/donbaraton.es\/wp-content\/uploads\/2019\/02\/Sof\u00e1-chaise-longue-cama-alto-respaldo-con-reposacabezas-reclinables.-Chaise-longue-lado-derecho.-Tela-gris-Inari-94-\u2013-Windzor.jpg","width":1000,"height":666,"caption":"\u0423\u0433\u043b\u043e\u0432\u043e\u0439 \u0434\u0438\u0432\u0430\u043d \u0441 \u043a\u0440\u043e\u0432\u0430\u0442\u044c\u044e \u0438 \u0440\u0435\u0433\u0443\u043b\u0438\u0440\u0443\u0435\u043c\u044b\u043c\u0438 \u043f\u043e\u0434\u0433\u043e\u043b\u043e\u0432\u043d\u0438\u043a\u0430\u043c\u0438 - Windzor. \u041f\u0440\u0430\u0432\u044b\u0439 \u0443\u0433\u043e\u043b. \u0421\u0435\u0440\u0430\u044f \u0442\u043a\u0430\u043d\u044c Inari 94"},{"@type":"BreadcrumbList","@id":"https:\/\/donbaraton.es\/p\/sofa-chaise-longue-cama-alto-respaldo-reposacabezas-reclinables-windzor\/#breadcrumb","itemListElement":[{"@type":"ListItem","position":1,"name":"Portada","item":"https:\/\/donbaraton.es\/ru\/"},{"@type":"ListItem","position":2,"name":"\u0418\u043d\u0442\u0435\u0440\u043d\u0435\u0442-\u043c\u0430\u0433\u0430\u0437\u0438\u043d","item":"https:\/\/donbaraton.es\/ru\/%d0%bc%d0%b0%d0%b3%d0%b0%d0%b7%d0%b8%d0%bd\/"},{"@type":"ListItem","position":3,"name":"\u0423\u0433\u043b\u043e\u0432\u043e\u0439 \u0434\u0438\u0432\u0430\u043d \u0441 \u043a\u0440\u043e\u0432\u0430\u0442\u044c\u044e \u0438 \u0440\u0435\u0433\u0443\u043b\u0438\u0440\u0443\u0435\u043c\u044b\u043c\u0438 \u043f\u043e\u0434\u0433\u043e\u043b\u043e\u0432\u043d\u0438\u043a\u0430\u043c\u0438 &#8211; Windzor"}]},{"@type":"WebSite","@id":"https:\/\/donbaraton.es\/#website","url":"https:\/\/donbaraton.es\/","name":"Don Baraton: tienda de sof\u00e1s, colchones y muebles","description":"Venta de sof\u00e1s rinconeras, chaise longue, camas y conjuntos de sof\u00e1s","publisher":{"@id":"https:\/\/donbaraton.es\/#organization"},"potentialAction":[{"@type":"SearchAction","target":{"@type":"EntryPoint","urlTemplate":"https:\/\/donbaraton.es\/?s={search_term_string}"},"query-input":{"@type":"PropertyValueSpecification","valueRequired":true,"valueName":"search_term_string"}}],"inLanguage":"ru-RU"},{"@type":"Organization","@id":"https:\/\/donbaraton.es\/#organization","name":"Don Baraton","url":"https:\/\/donbaraton.es\/","logo":{"@type":"ImageObject","inLanguage":"ru-RU","@id":"https:\/\/donbaraton.es\/#\/schema\/logo\/image\/","url":"https:\/\/i0.wp.com\/donbaraton.es\/wp-content\/uploads\/2016\/11\/logo_don_baraton.png?fit=228%2C110&ssl=1","contentUrl":"https:\/\/i0.wp.com\/donbaraton.es\/wp-content\/uploads\/2016\/11\/logo_don_baraton.png?fit=228%2C110&ssl=1","width":228,"height":110,"caption":"Don Baraton"},"image":{"@id":"https:\/\/donbaraton.es\/#\/schema\/logo\/image\/"},"sameAs":["https:\/\/www.facebook.com\/donbaraton.es","https:\/\/x.com\/don_baraton","https:\/\/www.instagram.com\/donbaraton.es","https:\/\/www.linkedin.com\/company\/donbaraton\/","https:\/\/es.pinterest.com\/donbaraton\/","https:\/\/www.youtube.com\/channel\/UCL02HOwx-F759Jq5MedAZfQ"]}]}},"_links":{"self":[{"href":"https:\/\/donbaraton.es\/ru\/wp-json\/wp\/v2\/product\/13901","targetHints":{"allow":["GET"]}}],"collection":[{"href":"https:\/\/donbaraton.es\/ru\/wp-json\/wp\/v2\/product"}],"about":[{"href":"https:\/\/donbaraton.es\/ru\/wp-json\/wp\/v2\/types\/product"}],"replies":[{"embeddable":true,"href":"https:\/\/donbaraton.es\/ru\/wp-json\/wp\/v2\/comments?post=13901"}],"wp:featuredmedia":[{"embeddable":true,"href":"https:\/\/donbaraton.es\/ru\/wp-json\/wp\/v2\/media\/14028"}],"wp:attachment":[{"href":"https:\/\/donbaraton.es\/ru\/wp-json\/wp\/v2\/media?parent=13901"}],"wp:term":[{"taxonomy":"product_brand","embeddable":true,"href":"https:\/\/donbaraton.es\/ru\/wp-json\/wp\/v2\/product_brand?post=13901"},{"taxonomy":"product_cat","embeddable":true,"href":"https:\/\/donbaraton.es\/ru\/wp-json\/wp\/v2\/product_cat?post=13901"},{"taxonomy":"product_tag","embeddable":true,"href":"https:\/\/donbaraton.es\/ru\/wp-json\/wp\/v2\/product_tag?post=13901"}],"curies":[{"name":"wp","href":"https:\/\/api.w.org\/{rel}","templated":true}]}}