{"id":15918,"date":"2019-04-23T18:05:22","date_gmt":"2019-04-23T16:05:22","guid":{"rendered":"https:\/\/donbaraton.es\/producto\/uncategorized\/%d0%bc%d0%b0%d0%bb%d0%b5%d0%bd%d1%8c%d0%ba%d0%b0%d1%8f-%d0%bf%d0%be%d0%bb%d0%ba%d0%b0-%d0%bd%d0%b0%d0%b2%d0%b5%d1%81%d0%bd%d0%b0%d1%8f-%d0%b4%d1%83%d0%b1-rimini\/"},"modified":"2019-10-24T17:31:52","modified_gmt":"2019-10-24T15:31:52","slug":"%d0%bc%d0%b0%d0%bb%d0%b5%d0%bd%d1%8c%d0%ba%d0%b0%d1%8f-%d0%bf%d0%be%d0%bb%d0%ba%d0%b0-%d0%bd%d0%b0%d0%b2%d0%b5%d1%81%d0%bd%d0%b0%d1%8f-%d0%b4%d1%83%d0%b1-rimini","status":"publish","type":"product","link":"https:\/\/donbaraton.es\/ru\/p\/%d0%bc%d0%b0%d0%bb%d0%b5%d0%bd%d1%8c%d0%ba%d0%b0%d1%8f-%d0%bf%d0%be%d0%bb%d0%ba%d0%b0-%d0%bd%d0%b0%d0%b2%d0%b5%d1%81%d0%bd%d0%b0%d1%8f-%d0%b4%d1%83%d0%b1-rimini\/","title":{"rendered":"\u041c\u0430\u043b\u0435\u043d\u044c\u043a\u0430\u044f \u043d\u0430\u0432\u0435\u0441\u043d\u0430\u044f \u043f\u043e\u043b\u043a\u0430 \u0441\u043e \u0441\u0442\u0435\u043d\u043a\u0430\u043c\u0438, \u0446\u0432\u0435\u0442 &#171;\u0434\u0443\u0431&#187; &#8212; Rimini"},"content":{"rendered":"<p><strong>\u041f\u043e\u043b\u043a\u0430 \u043d\u0430\u0432\u0435\u0441\u043d\u0430\u044f \u043a\u0443\u0431\u0438\u0447\u0435\u0441\u043a\u0430\u044f \u0446\u0432\u0435\u0442 &#171;\u0434\u0443\u0431&#187; &#8212; Rimini<\/strong><\/p>\n<p>\u041f\u043e\u043b\u043a\u0430 \u0441\u043e \u0441\u0442\u0435\u043d\u043a\u0430\u043c\u0438 \u0434\u043b\u044f \u043c\u043e\u043d\u0442\u0430\u0436\u0430 \u043d\u0430 \u0441\u0442\u0435\u043d\u0435 \u0438\u043b\u0438 \u0443\u0441\u0442\u0430\u043d\u043e\u0432\u043a\u0438 \u043d\u0430 \u043f\u043e\u043b\u0443. \u041f\u0440\u0438 \u043f\u043e\u043a\u0443\u043f\u043a\u0435 \u043d\u0435\u0441\u043a\u043e\u043b\u044c\u043a\u0438\u0445 \u043f\u043e\u043b\u043e\u043a \u0434\u0430\u043d\u043d\u043e\u0439 \u043c\u043e\u0434\u0435\u043b\u0438 \u043c\u043e\u0436\u043d\u043e \u0433\u0438\u0431\u043a\u043e \u0438\u0441\u043f\u043e\u043b\u044c\u0437\u043e\u0432\u0430\u0442\u044c \u0438\u043c\u0435\u044e\u0449\u0435\u0435\u0441\u044f \u043f\u0440\u043e\u0441\u0442\u0440\u0430\u043d\u0441\u0442\u0432\u043e \u0432 \u043a\u043e\u043c\u043d\u0430\u0442\u0435 \u0434\u043b\u044f \u043e\u043f\u0442\u0438\u043c\u0430\u043b\u044c\u043d\u043e\u0433\u043e \u0445\u0440\u0430\u043d\u0435\u043d\u0438\u044f.<\/p>\n<p><strong>\u0420\u0430\u0437\u043c\u0435\u0440\u044b: <\/strong>\u0432\u044b\u0441\u043e\u0442\u0430 38 \u0441\u043c, \u0448\u0438\u0440\u0438\u043d\u0430 50,5 \u0441\u043c, \u0433\u043b\u0443\u0431\u0438\u043d\u0430 27,9 \u0441\u043c<\/p>\n<p><strong>\u041c\u043e\u043d\u0442\u0430\u0436 \u043d\u0435 \u0432\u043a\u043b\u044e\u0447\u0435\u043d \u0432 \u0446\u0435\u043d\u0443<\/strong><\/p>\n","protected":false},"excerpt":{"rendered":"<ul>\n<li>\u041d\u0435\u0431\u043e\u043b\u044c\u0448\u043e\u0439 \u043a\u043e\u043c\u043f\u0430\u043a\u0442\u043d\u044b\u0439 \u0440\u0430\u0437\u043c\u0435\u0440<\/li>\n<li>\u041f\u0440\u0430\u043a\u0442\u0438\u0447\u043d\u043e\u0435 \u0440\u0435\u0448\u0435\u043d\u0438\u0435 &#171;\u043d\u0430\u0432\u0435\u0441\u043d\u043e\u0439 \u043c\u043e\u0434\u0443\u043b\u044c&#187;<\/li>\n<li>\u041a\u0440\u043e\u043d\u0448\u0442\u0435\u0439\u043d\u044b \u0441\u0437\u0430\u0434\u0438 \u0434\u043b\u044f \u043a\u0440\u0435\u043f\u043b\u0435\u043d\u0438\u044f \u043a \u0441\u0442\u0435\u043d\u0435<\/li>\n<li>\u0426\u0432\u0435\u0442 &#171;\u0434\u0443\u0431&#187;<\/li>\n<li>\u041a\u043e\u043c\u0431\u0438\u043d\u0438\u0440\u0443\u0435\u0442\u0441\u044f \u0441 \u0434\u0440\u0443\u0433\u043e\u0439 \u043c\u0435\u043b\u044c\u044e \u0441\u0435\u0440\u0438\u0438 Rimini<\/li>\n<\/ul>\n<p><strong>\u0420\u0430\u0437\u043c\u0435\u0440\u044b: <\/strong>\u0432\u044b\u0441\u043e\u0442\u0430 38 \u0441\u043c, \u0448\u0438\u0440\u0438\u043d\u0430 50,5 \u0441\u043c, \u0433\u043b\u0443\u0431\u0438\u043d\u0430 27,9 \u0441\u043c<\/p>\n","protected":false},"featured_media":15916,"comment_status":"open","ping_status":"closed","template":"","meta":{"_et_pb_use_builder":"","_et_pb_old_content":"","_et_gb_content_width":""},"product_brand":[],"product_cat":[70,304],"product_tag":[],"class_list":{"0":"post-15918","1":"product","2":"type-product","3":"status-publish","4":"has-post-thumbnail","6":"product_cat-70","7":"product_cat-304","8":"product_shipping_class-3-20-kg-hasta-10-dias","10":"first","11":"onbackorder","12":"sale","13":"taxable","14":"shipping-taxable","15":"purchasable","16":"product-type-simple"},"yoast_head":"<!-- This site is optimized with the Yoast SEO plugin v27.2 - https:\/\/yoast.com\/product\/yoast-seo-wordpress\/ -->\n<title>\u041c\u0430\u043b\u0435\u043d\u044c\u043a\u0430\u044f \u043d\u0430\u0432\u0435\u0441\u043d\u0430\u044f \u043f\u043e\u043b\u043a\u0430 \u0441\u043e \u0441\u0442\u0435\u043d\u043a\u0430\u043c\u0438, \u0446\u0432\u0435\u0442 &quot;\u0434\u0443\u0431&quot; - Rimini - Don Baraton: tienda de sof\u00e1s, colchones y muebles<\/title>\n<meta name=\"robots\" content=\"index, follow, max-snippet:-1, max-image-preview:large, max-video-preview:-1\" \/>\n<link rel=\"canonical\" href=\"https:\/\/donbaraton.es\/ru\/p\/\u043c\u0430\u043b\u0435\u043d\u044c\u043a\u0430\u044f-\u043f\u043e\u043b\u043a\u0430-\u043d\u0430\u0432\u0435\u0441\u043d\u0430\u044f-\u0434\u0443\u0431-rimini\/\" \/>\n<meta property=\"og:locale\" content=\"ru_RU\" \/>\n<meta property=\"og:type\" content=\"article\" \/>\n<meta property=\"og:title\" content=\"\u041c\u0430\u043b\u0435\u043d\u044c\u043a\u0430\u044f \u043d\u0430\u0432\u0435\u0441\u043d\u0430\u044f \u043f\u043e\u043b\u043a\u0430 \u0441\u043e \u0441\u0442\u0435\u043d\u043a\u0430\u043c\u0438, \u0446\u0432\u0435\u0442 &quot;\u0434\u0443\u0431&quot; - Rimini - Don Baraton: tienda de sof\u00e1s, colchones y muebles\" \/>\n<meta property=\"og:description\" content=\"\u041d\u0435\u0431\u043e\u043b\u044c\u0448\u043e\u0439 \u043a\u043e\u043c\u043f\u0430\u043a\u0442\u043d\u044b\u0439 \u0440\u0430\u0437\u043c\u0435\u0440  \u041f\u0440\u0430\u043a\u0442\u0438\u0447\u043d\u043e\u0435 \u0440\u0435\u0448\u0435\u043d\u0438\u0435 &quot;\u043d\u0430\u0432\u0435\u0441\u043d\u043e\u0439 \u043c\u043e\u0434\u0443\u043b\u044c&quot;  \u041a\u0440\u043e\u043d\u0448\u0442\u0435\u0439\u043d\u044b \u0441\u0437\u0430\u0434\u0438 \u0434\u043b\u044f \u043a\u0440\u0435\u043f\u043b\u0435\u043d\u0438\u044f \u043a \u0441\u0442\u0435\u043d\u0435  \u0426\u0432\u0435\u0442 &quot;\u0434\u0443\u0431&quot;  \u041a\u043e\u043c\u0431\u0438\u043d\u0438\u0440\u0443\u0435\u0442\u0441\u044f \u0441 \u0434\u0440\u0443\u0433\u043e\u0439 \u043c\u0435\u043b\u044c\u044e \u0441\u0435\u0440\u0438\u0438 Rimini  \u0420\u0430\u0437\u043c\u0435\u0440\u044b: \u0432\u044b\u0441\u043e\u0442\u0430 38 \u0441\u043c, \u0448\u0438\u0440\u0438\u043d\u0430 50,5 \u0441\u043c, \u0433\u043b\u0443\u0431\u0438\u043d\u0430 27,9 \u0441\u043c\" \/>\n<meta property=\"og:url\" content=\"https:\/\/donbaraton.es\/ru\/p\/\u043c\u0430\u043b\u0435\u043d\u044c\u043a\u0430\u044f-\u043f\u043e\u043b\u043a\u0430-\u043d\u0430\u0432\u0435\u0441\u043d\u0430\u044f-\u0434\u0443\u0431-rimini\/\" \/>\n<meta property=\"og:site_name\" content=\"Don Baraton: tienda de sof\u00e1s, colchones y muebles\" \/>\n<meta property=\"article:publisher\" content=\"https:\/\/www.facebook.com\/donbaraton.es\" \/>\n<meta property=\"article:modified_time\" content=\"2019-10-24T15:31:52+00:00\" \/>\n<meta property=\"og:image\" content=\"https:\/\/i2.wp.com\/donbaraton.es\/wp-content\/uploads\/2019\/04\/Estanter\u00eda-de-cubos-color-roble-Rimini.jpg?fit=800%2C800&ssl=1\" \/>\n\t<meta property=\"og:image:width\" content=\"800\" \/>\n\t<meta property=\"og:image:height\" content=\"800\" \/>\n\t<meta property=\"og:image:type\" content=\"image\/jpeg\" \/>\n<meta name=\"twitter:card\" content=\"summary_large_image\" \/>\n<meta name=\"twitter:site\" content=\"@don_baraton\" \/>\n<script type=\"application\/ld+json\" class=\"yoast-schema-graph\">{\"@context\":\"https:\/\/schema.org\",\"@graph\":[{\"@type\":\"WebPage\",\"@id\":\"https:\/\/donbaraton.es\/ru\/p\/%d0%bc%d0%b0%d0%bb%d0%b5%d0%bd%d1%8c%d0%ba%d0%b0%d1%8f-%d0%bf%d0%be%d0%bb%d0%ba%d0%b0-%d0%bd%d0%b0%d0%b2%d0%b5%d1%81%d0%bd%d0%b0%d1%8f-%d0%b4%d1%83%d0%b1-rimini\/\",\"url\":\"https:\/\/donbaraton.es\/ru\/p\/%d0%bc%d0%b0%d0%bb%d0%b5%d0%bd%d1%8c%d0%ba%d0%b0%d1%8f-%d0%bf%d0%be%d0%bb%d0%ba%d0%b0-%d0%bd%d0%b0%d0%b2%d0%b5%d1%81%d0%bd%d0%b0%d1%8f-%d0%b4%d1%83%d0%b1-rimini\/\",\"name\":\"\u041c\u0430\u043b\u0435\u043d\u044c\u043a\u0430\u044f \u043d\u0430\u0432\u0435\u0441\u043d\u0430\u044f \u043f\u043e\u043b\u043a\u0430 \u0441\u043e \u0441\u0442\u0435\u043d\u043a\u0430\u043c\u0438, \u0446\u0432\u0435\u0442 \\\"\u0434\u0443\u0431\\\" - Rimini - Don Baraton: tienda de sof\u00e1s, colchones y muebles\",\"isPartOf\":{\"@id\":\"https:\/\/donbaraton.es\/#website\"},\"primaryImageOfPage\":{\"@id\":\"https:\/\/donbaraton.es\/ru\/p\/%d0%bc%d0%b0%d0%bb%d0%b5%d0%bd%d1%8c%d0%ba%d0%b0%d1%8f-%d0%bf%d0%be%d0%bb%d0%ba%d0%b0-%d0%bd%d0%b0%d0%b2%d0%b5%d1%81%d0%bd%d0%b0%d1%8f-%d0%b4%d1%83%d0%b1-rimini\/#primaryimage\"},\"image\":{\"@id\":\"https:\/\/donbaraton.es\/ru\/p\/%d0%bc%d0%b0%d0%bb%d0%b5%d0%bd%d1%8c%d0%ba%d0%b0%d1%8f-%d0%bf%d0%be%d0%bb%d0%ba%d0%b0-%d0%bd%d0%b0%d0%b2%d0%b5%d1%81%d0%bd%d0%b0%d1%8f-%d0%b4%d1%83%d0%b1-rimini\/#primaryimage\"},\"thumbnailUrl\":\"https:\/\/donbaraton.es\/wp-content\/uploads\/2019\/04\/Estanter\u00eda-de-cubos-color-roble-Rimini.jpg\",\"datePublished\":\"2019-04-23T16:05:22+00:00\",\"dateModified\":\"2019-10-24T15:31:52+00:00\",\"breadcrumb\":{\"@id\":\"https:\/\/donbaraton.es\/ru\/p\/%d0%bc%d0%b0%d0%bb%d0%b5%d0%bd%d1%8c%d0%ba%d0%b0%d1%8f-%d0%bf%d0%be%d0%bb%d0%ba%d0%b0-%d0%bd%d0%b0%d0%b2%d0%b5%d1%81%d0%bd%d0%b0%d1%8f-%d0%b4%d1%83%d0%b1-rimini\/#breadcrumb\"},\"inLanguage\":\"ru-RU\",\"potentialAction\":[{\"@type\":\"ReadAction\",\"target\":[\"https:\/\/donbaraton.es\/ru\/p\/%d0%bc%d0%b0%d0%bb%d0%b5%d0%bd%d1%8c%d0%ba%d0%b0%d1%8f-%d0%bf%d0%be%d0%bb%d0%ba%d0%b0-%d0%bd%d0%b0%d0%b2%d0%b5%d1%81%d0%bd%d0%b0%d1%8f-%d0%b4%d1%83%d0%b1-rimini\/\"]}]},{\"@type\":\"ImageObject\",\"inLanguage\":\"ru-RU\",\"@id\":\"https:\/\/donbaraton.es\/ru\/p\/%d0%bc%d0%b0%d0%bb%d0%b5%d0%bd%d1%8c%d0%ba%d0%b0%d1%8f-%d0%bf%d0%be%d0%bb%d0%ba%d0%b0-%d0%bd%d0%b0%d0%b2%d0%b5%d1%81%d0%bd%d0%b0%d1%8f-%d0%b4%d1%83%d0%b1-rimini\/#primaryimage\",\"url\":\"https:\/\/donbaraton.es\/wp-content\/uploads\/2019\/04\/Estanter\u00eda-de-cubos-color-roble-Rimini.jpg\",\"contentUrl\":\"https:\/\/donbaraton.es\/wp-content\/uploads\/2019\/04\/Estanter\u00eda-de-cubos-color-roble-Rimini.jpg\",\"width\":800,\"height\":800,\"caption\":\"\u041c\u0430\u043b\u0435\u043d\u044c\u043a\u0430\u044f \u043d\u0430\u0432\u0435\u0441\u043d\u0430\u044f \u043f\u043e\u043b\u043a\u0430 \u0446\u0432\u0435\u0442 \\\"\u0434\u0443\u0431\\\" - Rimini\"},{\"@type\":\"BreadcrumbList\",\"@id\":\"https:\/\/donbaraton.es\/ru\/p\/%d0%bc%d0%b0%d0%bb%d0%b5%d0%bd%d1%8c%d0%ba%d0%b0%d1%8f-%d0%bf%d0%be%d0%bb%d0%ba%d0%b0-%d0%bd%d0%b0%d0%b2%d0%b5%d1%81%d0%bd%d0%b0%d1%8f-%d0%b4%d1%83%d0%b1-rimini\/#breadcrumb\",\"itemListElement\":[{\"@type\":\"ListItem\",\"position\":1,\"name\":\"Portada\",\"item\":\"https:\/\/donbaraton.es\/ru\/\"},{\"@type\":\"ListItem\",\"position\":2,\"name\":\"\u0418\u043d\u0442\u0435\u0440\u043d\u0435\u0442-\u043c\u0430\u0433\u0430\u0437\u0438\u043d\",\"item\":\"https:\/\/donbaraton.es\/ru\/%d0%bc%d0%b0%d0%b3%d0%b0%d0%b7%d0%b8%d0%bd\/\"},{\"@type\":\"ListItem\",\"position\":3,\"name\":\"\u041c\u0430\u043b\u0435\u043d\u044c\u043a\u0430\u044f \u043d\u0430\u0432\u0435\u0441\u043d\u0430\u044f \u043f\u043e\u043b\u043a\u0430 \u0441\u043e \u0441\u0442\u0435\u043d\u043a\u0430\u043c\u0438, \u0446\u0432\u0435\u0442 &#171;\u0434\u0443\u0431&#187; &#8212; Rimini\"}]},{\"@type\":\"WebSite\",\"@id\":\"https:\/\/donbaraton.es\/#website\",\"url\":\"https:\/\/donbaraton.es\/\",\"name\":\"Don Baraton: tienda de sof\u00e1s, colchones y muebles\",\"description\":\"Venta de sof\u00e1s rinconeras, chaise longue, camas y conjuntos de sof\u00e1s\",\"publisher\":{\"@id\":\"https:\/\/donbaraton.es\/#organization\"},\"potentialAction\":[{\"@type\":\"SearchAction\",\"target\":{\"@type\":\"EntryPoint\",\"urlTemplate\":\"https:\/\/donbaraton.es\/?s={search_term_string}\"},\"query-input\":{\"@type\":\"PropertyValueSpecification\",\"valueRequired\":true,\"valueName\":\"search_term_string\"}}],\"inLanguage\":\"ru-RU\"},{\"@type\":\"Organization\",\"@id\":\"https:\/\/donbaraton.es\/#organization\",\"name\":\"Don Baraton\",\"url\":\"https:\/\/donbaraton.es\/\",\"logo\":{\"@type\":\"ImageObject\",\"inLanguage\":\"ru-RU\",\"@id\":\"https:\/\/donbaraton.es\/#\/schema\/logo\/image\/\",\"url\":\"https:\/\/i0.wp.com\/donbaraton.es\/wp-content\/uploads\/2016\/11\/logo_don_baraton.png?fit=228%2C110&ssl=1\",\"contentUrl\":\"https:\/\/i0.wp.com\/donbaraton.es\/wp-content\/uploads\/2016\/11\/logo_don_baraton.png?fit=228%2C110&ssl=1\",\"width\":228,\"height\":110,\"caption\":\"Don Baraton\"},\"image\":{\"@id\":\"https:\/\/donbaraton.es\/#\/schema\/logo\/image\/\"},\"sameAs\":[\"https:\/\/www.facebook.com\/donbaraton.es\",\"https:\/\/x.com\/don_baraton\",\"https:\/\/www.instagram.com\/donbaraton.es\",\"https:\/\/www.linkedin.com\/company\/donbaraton\/\",\"https:\/\/es.pinterest.com\/donbaraton\/\",\"https:\/\/www.youtube.com\/channel\/UCL02HOwx-F759Jq5MedAZfQ\"]}]}<\/script>\n<!-- \/ Yoast SEO plugin. -->","yoast_head_json":{"title":"\u041c\u0430\u043b\u0435\u043d\u044c\u043a\u0430\u044f \u043d\u0430\u0432\u0435\u0441\u043d\u0430\u044f \u043f\u043e\u043b\u043a\u0430 \u0441\u043e \u0441\u0442\u0435\u043d\u043a\u0430\u043c\u0438, \u0446\u0432\u0435\u0442 \"\u0434\u0443\u0431\" - Rimini - Don Baraton: tienda de sof\u00e1s, colchones y muebles","robots":{"index":"index","follow":"follow","max-snippet":"max-snippet:-1","max-image-preview":"max-image-preview:large","max-video-preview":"max-video-preview:-1"},"canonical":"https:\/\/donbaraton.es\/ru\/p\/\u043c\u0430\u043b\u0435\u043d\u044c\u043a\u0430\u044f-\u043f\u043e\u043b\u043a\u0430-\u043d\u0430\u0432\u0435\u0441\u043d\u0430\u044f-\u0434\u0443\u0431-rimini\/","og_locale":"ru_RU","og_type":"article","og_title":"\u041c\u0430\u043b\u0435\u043d\u044c\u043a\u0430\u044f \u043d\u0430\u0432\u0435\u0441\u043d\u0430\u044f \u043f\u043e\u043b\u043a\u0430 \u0441\u043e \u0441\u0442\u0435\u043d\u043a\u0430\u043c\u0438, \u0446\u0432\u0435\u0442 \"\u0434\u0443\u0431\" - Rimini - Don Baraton: tienda de sof\u00e1s, colchones y muebles","og_description":"\u041d\u0435\u0431\u043e\u043b\u044c\u0448\u043e\u0439 \u043a\u043e\u043c\u043f\u0430\u043a\u0442\u043d\u044b\u0439 \u0440\u0430\u0437\u043c\u0435\u0440  \u041f\u0440\u0430\u043a\u0442\u0438\u0447\u043d\u043e\u0435 \u0440\u0435\u0448\u0435\u043d\u0438\u0435 \"\u043d\u0430\u0432\u0435\u0441\u043d\u043e\u0439 \u043c\u043e\u0434\u0443\u043b\u044c\"  \u041a\u0440\u043e\u043d\u0448\u0442\u0435\u0439\u043d\u044b \u0441\u0437\u0430\u0434\u0438 \u0434\u043b\u044f \u043a\u0440\u0435\u043f\u043b\u0435\u043d\u0438\u044f \u043a \u0441\u0442\u0435\u043d\u0435  \u0426\u0432\u0435\u0442 \"\u0434\u0443\u0431\"  \u041a\u043e\u043c\u0431\u0438\u043d\u0438\u0440\u0443\u0435\u0442\u0441\u044f \u0441 \u0434\u0440\u0443\u0433\u043e\u0439 \u043c\u0435\u043b\u044c\u044e \u0441\u0435\u0440\u0438\u0438 Rimini  \u0420\u0430\u0437\u043c\u0435\u0440\u044b: \u0432\u044b\u0441\u043e\u0442\u0430 38 \u0441\u043c, \u0448\u0438\u0440\u0438\u043d\u0430 50,5 \u0441\u043c, \u0433\u043b\u0443\u0431\u0438\u043d\u0430 27,9 \u0441\u043c","og_url":"https:\/\/donbaraton.es\/ru\/p\/\u043c\u0430\u043b\u0435\u043d\u044c\u043a\u0430\u044f-\u043f\u043e\u043b\u043a\u0430-\u043d\u0430\u0432\u0435\u0441\u043d\u0430\u044f-\u0434\u0443\u0431-rimini\/","og_site_name":"Don Baraton: tienda de sof\u00e1s, colchones y muebles","article_publisher":"https:\/\/www.facebook.com\/donbaraton.es","article_modified_time":"2019-10-24T15:31:52+00:00","og_image":[{"width":800,"height":800,"url":"https:\/\/i2.wp.com\/donbaraton.es\/wp-content\/uploads\/2019\/04\/Estanter\u00eda-de-cubos-color-roble-Rimini.jpg?fit=800%2C800&ssl=1","type":"image\/jpeg"}],"twitter_card":"summary_large_image","twitter_site":"@don_baraton","schema":{"@context":"https:\/\/schema.org","@graph":[{"@type":"WebPage","@id":"https:\/\/donbaraton.es\/ru\/p\/%d0%bc%d0%b0%d0%bb%d0%b5%d0%bd%d1%8c%d0%ba%d0%b0%d1%8f-%d0%bf%d0%be%d0%bb%d0%ba%d0%b0-%d0%bd%d0%b0%d0%b2%d0%b5%d1%81%d0%bd%d0%b0%d1%8f-%d0%b4%d1%83%d0%b1-rimini\/","url":"https:\/\/donbaraton.es\/ru\/p\/%d0%bc%d0%b0%d0%bb%d0%b5%d0%bd%d1%8c%d0%ba%d0%b0%d1%8f-%d0%bf%d0%be%d0%bb%d0%ba%d0%b0-%d0%bd%d0%b0%d0%b2%d0%b5%d1%81%d0%bd%d0%b0%d1%8f-%d0%b4%d1%83%d0%b1-rimini\/","name":"\u041c\u0430\u043b\u0435\u043d\u044c\u043a\u0430\u044f \u043d\u0430\u0432\u0435\u0441\u043d\u0430\u044f \u043f\u043e\u043b\u043a\u0430 \u0441\u043e \u0441\u0442\u0435\u043d\u043a\u0430\u043c\u0438, \u0446\u0432\u0435\u0442 \"\u0434\u0443\u0431\" - Rimini - Don Baraton: tienda de sof\u00e1s, colchones y muebles","isPartOf":{"@id":"https:\/\/donbaraton.es\/#website"},"primaryImageOfPage":{"@id":"https:\/\/donbaraton.es\/ru\/p\/%d0%bc%d0%b0%d0%bb%d0%b5%d0%bd%d1%8c%d0%ba%d0%b0%d1%8f-%d0%bf%d0%be%d0%bb%d0%ba%d0%b0-%d0%bd%d0%b0%d0%b2%d0%b5%d1%81%d0%bd%d0%b0%d1%8f-%d0%b4%d1%83%d0%b1-rimini\/#primaryimage"},"image":{"@id":"https:\/\/donbaraton.es\/ru\/p\/%d0%bc%d0%b0%d0%bb%d0%b5%d0%bd%d1%8c%d0%ba%d0%b0%d1%8f-%d0%bf%d0%be%d0%bb%d0%ba%d0%b0-%d0%bd%d0%b0%d0%b2%d0%b5%d1%81%d0%bd%d0%b0%d1%8f-%d0%b4%d1%83%d0%b1-rimini\/#primaryimage"},"thumbnailUrl":"https:\/\/donbaraton.es\/wp-content\/uploads\/2019\/04\/Estanter\u00eda-de-cubos-color-roble-Rimini.jpg","datePublished":"2019-04-23T16:05:22+00:00","dateModified":"2019-10-24T15:31:52+00:00","breadcrumb":{"@id":"https:\/\/donbaraton.es\/ru\/p\/%d0%bc%d0%b0%d0%bb%d0%b5%d0%bd%d1%8c%d0%ba%d0%b0%d1%8f-%d0%bf%d0%be%d0%bb%d0%ba%d0%b0-%d0%bd%d0%b0%d0%b2%d0%b5%d1%81%d0%bd%d0%b0%d1%8f-%d0%b4%d1%83%d0%b1-rimini\/#breadcrumb"},"inLanguage":"ru-RU","potentialAction":[{"@type":"ReadAction","target":["https:\/\/donbaraton.es\/ru\/p\/%d0%bc%d0%b0%d0%bb%d0%b5%d0%bd%d1%8c%d0%ba%d0%b0%d1%8f-%d0%bf%d0%be%d0%bb%d0%ba%d0%b0-%d0%bd%d0%b0%d0%b2%d0%b5%d1%81%d0%bd%d0%b0%d1%8f-%d0%b4%d1%83%d0%b1-rimini\/"]}]},{"@type":"ImageObject","inLanguage":"ru-RU","@id":"https:\/\/donbaraton.es\/ru\/p\/%d0%bc%d0%b0%d0%bb%d0%b5%d0%bd%d1%8c%d0%ba%d0%b0%d1%8f-%d0%bf%d0%be%d0%bb%d0%ba%d0%b0-%d0%bd%d0%b0%d0%b2%d0%b5%d1%81%d0%bd%d0%b0%d1%8f-%d0%b4%d1%83%d0%b1-rimini\/#primaryimage","url":"https:\/\/donbaraton.es\/wp-content\/uploads\/2019\/04\/Estanter\u00eda-de-cubos-color-roble-Rimini.jpg","contentUrl":"https:\/\/donbaraton.es\/wp-content\/uploads\/2019\/04\/Estanter\u00eda-de-cubos-color-roble-Rimini.jpg","width":800,"height":800,"caption":"\u041c\u0430\u043b\u0435\u043d\u044c\u043a\u0430\u044f \u043d\u0430\u0432\u0435\u0441\u043d\u0430\u044f \u043f\u043e\u043b\u043a\u0430 \u0446\u0432\u0435\u0442 \"\u0434\u0443\u0431\" - Rimini"},{"@type":"BreadcrumbList","@id":"https:\/\/donbaraton.es\/ru\/p\/%d0%bc%d0%b0%d0%bb%d0%b5%d0%bd%d1%8c%d0%ba%d0%b0%d1%8f-%d0%bf%d0%be%d0%bb%d0%ba%d0%b0-%d0%bd%d0%b0%d0%b2%d0%b5%d1%81%d0%bd%d0%b0%d1%8f-%d0%b4%d1%83%d0%b1-rimini\/#breadcrumb","itemListElement":[{"@type":"ListItem","position":1,"name":"Portada","item":"https:\/\/donbaraton.es\/ru\/"},{"@type":"ListItem","position":2,"name":"\u0418\u043d\u0442\u0435\u0440\u043d\u0435\u0442-\u043c\u0430\u0433\u0430\u0437\u0438\u043d","item":"https:\/\/donbaraton.es\/ru\/%d0%bc%d0%b0%d0%b3%d0%b0%d0%b7%d0%b8%d0%bd\/"},{"@type":"ListItem","position":3,"name":"\u041c\u0430\u043b\u0435\u043d\u044c\u043a\u0430\u044f \u043d\u0430\u0432\u0435\u0441\u043d\u0430\u044f \u043f\u043e\u043b\u043a\u0430 \u0441\u043e \u0441\u0442\u0435\u043d\u043a\u0430\u043c\u0438, \u0446\u0432\u0435\u0442 &#171;\u0434\u0443\u0431&#187; &#8212; Rimini"}]},{"@type":"WebSite","@id":"https:\/\/donbaraton.es\/#website","url":"https:\/\/donbaraton.es\/","name":"Don Baraton: tienda de sof\u00e1s, colchones y muebles","description":"Venta de sof\u00e1s rinconeras, chaise longue, camas y conjuntos de sof\u00e1s","publisher":{"@id":"https:\/\/donbaraton.es\/#organization"},"potentialAction":[{"@type":"SearchAction","target":{"@type":"EntryPoint","urlTemplate":"https:\/\/donbaraton.es\/?s={search_term_string}"},"query-input":{"@type":"PropertyValueSpecification","valueRequired":true,"valueName":"search_term_string"}}],"inLanguage":"ru-RU"},{"@type":"Organization","@id":"https:\/\/donbaraton.es\/#organization","name":"Don Baraton","url":"https:\/\/donbaraton.es\/","logo":{"@type":"ImageObject","inLanguage":"ru-RU","@id":"https:\/\/donbaraton.es\/#\/schema\/logo\/image\/","url":"https:\/\/i0.wp.com\/donbaraton.es\/wp-content\/uploads\/2016\/11\/logo_don_baraton.png?fit=228%2C110&ssl=1","contentUrl":"https:\/\/i0.wp.com\/donbaraton.es\/wp-content\/uploads\/2016\/11\/logo_don_baraton.png?fit=228%2C110&ssl=1","width":228,"height":110,"caption":"Don Baraton"},"image":{"@id":"https:\/\/donbaraton.es\/#\/schema\/logo\/image\/"},"sameAs":["https:\/\/www.facebook.com\/donbaraton.es","https:\/\/x.com\/don_baraton","https:\/\/www.instagram.com\/donbaraton.es","https:\/\/www.linkedin.com\/company\/donbaraton\/","https:\/\/es.pinterest.com\/donbaraton\/","https:\/\/www.youtube.com\/channel\/UCL02HOwx-F759Jq5MedAZfQ"]}]}},"_links":{"self":[{"href":"https:\/\/donbaraton.es\/ru\/wp-json\/wp\/v2\/product\/15918","targetHints":{"allow":["GET"]}}],"collection":[{"href":"https:\/\/donbaraton.es\/ru\/wp-json\/wp\/v2\/product"}],"about":[{"href":"https:\/\/donbaraton.es\/ru\/wp-json\/wp\/v2\/types\/product"}],"replies":[{"embeddable":true,"href":"https:\/\/donbaraton.es\/ru\/wp-json\/wp\/v2\/comments?post=15918"}],"wp:featuredmedia":[{"embeddable":true,"href":"https:\/\/donbaraton.es\/ru\/wp-json\/wp\/v2\/media\/15916"}],"wp:attachment":[{"href":"https:\/\/donbaraton.es\/ru\/wp-json\/wp\/v2\/media?parent=15918"}],"wp:term":[{"taxonomy":"product_brand","embeddable":true,"href":"https:\/\/donbaraton.es\/ru\/wp-json\/wp\/v2\/product_brand?post=15918"},{"taxonomy":"product_cat","embeddable":true,"href":"https:\/\/donbaraton.es\/ru\/wp-json\/wp\/v2\/product_cat?post=15918"},{"taxonomy":"product_tag","embeddable":true,"href":"https:\/\/donbaraton.es\/ru\/wp-json\/wp\/v2\/product_tag?post=15918"}],"curies":[{"name":"wp","href":"https:\/\/api.w.org\/{rel}","templated":true}]}}