{"id":16492,"date":"2019-04-21T20:17:11","date_gmt":"2019-04-21T18:17:11","guid":{"rendered":"https:\/\/donbaraton.es\/producto\/uncategorized\/%d0%be%d0%b1%d0%b5%d0%b4%d0%b5%d0%bd%d0%bd%d1%8b%d0%b9-%d1%81%d1%82%d0%be%d0%bb-%d1%81%d1%82%d0%be%d0%bb%d0%b5%d1%88%d0%bd%d0%b8%d1%86%d0%b0-%d1%81%d1%82%d0%b5%d0%ba%d0%bb%d0%be-novelda\/"},"modified":"2019-10-27T22:09:21","modified_gmt":"2019-10-27T21:09:21","slug":"%d0%be%d0%b1%d0%b5%d0%b4%d0%b5%d0%bd%d0%bd%d1%8b%d0%b9-%d1%81%d1%82%d0%be%d0%bb-%d1%81%d1%82%d0%be%d0%bb%d0%b5%d1%88%d0%bd%d0%b8%d1%86%d0%b0-%d1%81%d1%82%d0%b5%d0%ba%d0%bb%d0%be-novelda","status":"publish","type":"product","link":"https:\/\/donbaraton.es\/ru\/p\/%d0%be%d0%b1%d0%b5%d0%b4%d0%b5%d0%bd%d0%bd%d1%8b%d0%b9-%d1%81%d1%82%d0%be%d0%bb-%d1%81%d1%82%d0%be%d0%bb%d0%b5%d1%88%d0%bd%d0%b8%d1%86%d0%b0-%d1%81%d1%82%d0%b5%d0%ba%d0%bb%d0%be-novelda\/","title":{"rendered":"\u041e\u0431\u0435\u0434\u0435\u043d\u043d\u044b\u0439 \u0441\u0442\u043e\u043b \u0441\u043e \u0441\u0442\u043e\u043b\u0435\u0448\u043d\u0438\u0446\u0435\u0439 \u0438\u0437 \u0437\u0430\u043a\u0430\u043b\u0451\u043d\u043d\u043e\u0433\u043e \u0441\u0442\u0435\u043a\u043b\u0430 140 x 80 \u0441\u043c &#8212; Novelda"},"content":{"rendered":"<p><strong>\u041e\u0431\u0435\u0434\u0435\u043d\u043d\u044b\u0439 \u0441\u0442\u043e\u043b \u0441\u043e \u0441\u0442\u043e\u043b\u0435\u0448\u043d\u0438\u0446\u0435\u0439 \u0438\u0437 \u0437\u0430\u043a\u0430\u043b\u0451\u043d\u043d\u043e\u0433\u043e \u0441\u0442\u0435\u043a\u043b\u0430 &#8212; Novelda.<\/strong><\/p>\n<p>\u041a\u043e\u043c\u0431\u0438\u043d\u0438\u0440\u0443\u0435\u0442\u0441\u044f \u0441\u043e \u0441\u0442\u0443\u043b\u044c\u044f\u043c\u0438 Novelda: <strong><a href=\"https:\/\/donbaraton.es\/en\/p\/chair-upholstered-microfiber-fabric-novelda\/\">\u0421\u0442\u0443\u043b \u043e\u0431\u0438\u0442\u044b\u0439 \u0442\u043a\u0430\u043d\u044c\u044e \u043c\u0438\u043a\u0440\u043e\u0444\u0438\u0431\u0440\u0430.\u00a0<\/a><\/strong><\/p>\n<p><strong>\u0420\u0430\u0437\u043c\u0435\u0440\u044b:<\/strong> \u0434\u043b\u0438\u043d\u0430 140 \u0441\u043c, \u0448\u0438\u0440\u0438\u043d\u0430 80 \u0441\u043c, \u0432\u044b\u0441\u043e\u0442\u0430 75 \u0441\u043c<\/p>\n<p><strong>\u041c\u043e\u043d\u0442\u0430\u0436 \u043d\u0435 \u0432\u043a\u043b\u044e\u0447\u0435\u043d \u0432 \u0446\u0435\u043d\u0443<\/strong><\/p>\n","protected":false},"excerpt":{"rendered":"<ul>\n<li>\u0417\u0430\u043a\u0430\u043b\u0451\u043d\u043d\u043e\u0435 \u0441\u0442\u0435\u043a\u043b\u043e \u0442\u043e\u043b\u0449\u0438\u043d\u043e\u0439 8 \u043c\u043c<\/li>\n<li>\u0411\u0435\u043b\u044b\u0439 \u0438\u043b\u0438 \u0447\u0451\u0440\u043d\u044b\u0439 \u0446\u0432\u0435\u0442 \u043d\u043e\u0436\u0435\u043a \u043d\u0430 \u0432\u044b\u0431\u043e\u0440<\/li>\n<li>\u041c\u0435\u0442\u0430\u043b\u043b\u0438\u0447\u0435\u0441\u043a\u0438\u0435 \u043e\u043a\u0440\u0430\u0448\u0435\u043d\u043d\u044b\u0435 \u043d\u043e\u0436\u043a\u0438<\/li>\n<li>\u041c\u043e\u0436\u043d\u043e \u043a\u0443\u043f\u0438\u0442\u044c \u0441\u0442\u0443\u043b\u044c\u044f \u0432 \u0435\u0434\u0438\u043d\u043e\u043c \u0434\u0438\u0437\u0430\u0439\u043d\u0435<\/li>\n<\/ul>\n<p><strong>\u0420\u0430\u0437\u043c\u0435\u0440\u044b:<\/strong> 140 x 80 x 75<\/p>\n","protected":false},"featured_media":16437,"comment_status":"open","ping_status":"closed","template":"","meta":{"_et_pb_use_builder":"","_et_pb_old_content":"","_et_gb_content_width":""},"product_brand":[],"product_cat":[70,277],"product_tag":[],"class_list":{"0":"post-16492","1":"product","2":"type-product","3":"status-publish","4":"has-post-thumbnail","6":"product_cat-70","7":"product_cat-277","8":"product_shipping_class-3-20-kg-hasta-10-dias","10":"first","11":"outofstock","12":"taxable","13":"shipping-taxable","14":"purchasable","15":"product-type-variable"},"yoast_head":"<!-- This site is optimized with the Yoast SEO plugin v27.2 - https:\/\/yoast.com\/product\/yoast-seo-wordpress\/ -->\n<title>\u041e\u0431\u0435\u0434\u0435\u043d\u043d\u044b\u0439 \u0441\u0442\u043e\u043b \u0441\u043e \u0441\u0442\u043e\u043b\u0435\u0448\u043d\u0438\u0446\u0435\u0439 \u0438\u0437 \u0437\u0430\u043a\u0430\u043b\u0451\u043d\u043d\u043e\u0433\u043e \u0441\u0442\u0435\u043a\u043b\u0430 140 x 80 \u0441\u043c - Novelda - Don Baraton: tienda de sof\u00e1s, colchones y muebles<\/title>\n<meta name=\"robots\" content=\"index, follow, max-snippet:-1, max-image-preview:large, max-video-preview:-1\" \/>\n<link rel=\"canonical\" href=\"https:\/\/donbaraton.es\/ru\/p\/\u043e\u0431\u0435\u0434\u0435\u043d\u043d\u044b\u0439-\u0441\u0442\u043e\u043b-\u0441\u0442\u043e\u043b\u0435\u0448\u043d\u0438\u0446\u0430-\u0441\u0442\u0435\u043a\u043b\u043e-novelda\/\" \/>\n<meta property=\"og:locale\" content=\"ru_RU\" \/>\n<meta property=\"og:type\" content=\"article\" \/>\n<meta property=\"og:title\" content=\"\u041e\u0431\u0435\u0434\u0435\u043d\u043d\u044b\u0439 \u0441\u0442\u043e\u043b \u0441\u043e \u0441\u0442\u043e\u043b\u0435\u0448\u043d\u0438\u0446\u0435\u0439 \u0438\u0437 \u0437\u0430\u043a\u0430\u043b\u0451\u043d\u043d\u043e\u0433\u043e \u0441\u0442\u0435\u043a\u043b\u0430 140 x 80 \u0441\u043c - Novelda - Don Baraton: tienda de sof\u00e1s, colchones y muebles\" \/>\n<meta property=\"og:description\" content=\"\u0417\u0430\u043a\u0430\u043b\u0451\u043d\u043d\u043e\u0435 \u0441\u0442\u0435\u043a\u043b\u043e \u0442\u043e\u043b\u0449\u0438\u043d\u043e\u0439 8 \u043c\u043c  \u0411\u0435\u043b\u044b\u0439 \u0438\u043b\u0438 \u0447\u0451\u0440\u043d\u044b\u0439 \u0446\u0432\u0435\u0442 \u043d\u043e\u0436\u0435\u043a \u043d\u0430 \u0432\u044b\u0431\u043e\u0440  \u041c\u0435\u0442\u0430\u043b\u043b\u0438\u0447\u0435\u0441\u043a\u0438\u0435 \u043e\u043a\u0440\u0430\u0448\u0435\u043d\u043d\u044b\u0435 \u043d\u043e\u0436\u043a\u0438  \u041c\u043e\u0436\u043d\u043e \u043a\u0443\u043f\u0438\u0442\u044c \u0441\u0442\u0443\u043b\u044c\u044f \u0432 \u0435\u0434\u0438\u043d\u043e\u043c \u0434\u0438\u0437\u0430\u0439\u043d\u0435  \u0420\u0430\u0437\u043c\u0435\u0440\u044b: 140 x 80 x 75\" \/>\n<meta property=\"og:url\" content=\"https:\/\/donbaraton.es\/ru\/p\/\u043e\u0431\u0435\u0434\u0435\u043d\u043d\u044b\u0439-\u0441\u0442\u043e\u043b-\u0441\u0442\u043e\u043b\u0435\u0448\u043d\u0438\u0446\u0430-\u0441\u0442\u0435\u043a\u043b\u043e-novelda\/\" \/>\n<meta property=\"og:site_name\" content=\"Don Baraton: tienda de sof\u00e1s, colchones y muebles\" \/>\n<meta property=\"article:publisher\" content=\"https:\/\/www.facebook.com\/donbaraton.es\" \/>\n<meta property=\"article:modified_time\" content=\"2019-10-27T21:09:21+00:00\" \/>\n<meta property=\"og:image\" content=\"https:\/\/i0.wp.com\/donbaraton.es\/wp-content\/uploads\/2019\/05\/Mesa-comedor-con-tapa-de-cristal-templado-Novelda.-Patas-blancas.jpg?fit=800%2C597&ssl=1\" \/>\n\t<meta property=\"og:image:width\" content=\"800\" \/>\n\t<meta property=\"og:image:height\" content=\"597\" \/>\n\t<meta property=\"og:image:type\" content=\"image\/jpeg\" \/>\n<meta name=\"twitter:card\" content=\"summary_large_image\" \/>\n<meta name=\"twitter:site\" content=\"@don_baraton\" \/>\n<script type=\"application\/ld+json\" class=\"yoast-schema-graph\">{\"@context\":\"https:\/\/schema.org\",\"@graph\":[{\"@type\":\"WebPage\",\"@id\":\"https:\/\/donbaraton.es\/ru\/p\/%d0%be%d0%b1%d0%b5%d0%b4%d0%b5%d0%bd%d0%bd%d1%8b%d0%b9-%d1%81%d1%82%d0%be%d0%bb-%d1%81%d1%82%d0%be%d0%bb%d0%b5%d1%88%d0%bd%d0%b8%d1%86%d0%b0-%d1%81%d1%82%d0%b5%d0%ba%d0%bb%d0%be-novelda\/\",\"url\":\"https:\/\/donbaraton.es\/ru\/p\/%d0%be%d0%b1%d0%b5%d0%b4%d0%b5%d0%bd%d0%bd%d1%8b%d0%b9-%d1%81%d1%82%d0%be%d0%bb-%d1%81%d1%82%d0%be%d0%bb%d0%b5%d1%88%d0%bd%d0%b8%d1%86%d0%b0-%d1%81%d1%82%d0%b5%d0%ba%d0%bb%d0%be-novelda\/\",\"name\":\"\u041e\u0431\u0435\u0434\u0435\u043d\u043d\u044b\u0439 \u0441\u0442\u043e\u043b \u0441\u043e \u0441\u0442\u043e\u043b\u0435\u0448\u043d\u0438\u0446\u0435\u0439 \u0438\u0437 \u0437\u0430\u043a\u0430\u043b\u0451\u043d\u043d\u043e\u0433\u043e \u0441\u0442\u0435\u043a\u043b\u0430 140 x 80 \u0441\u043c - Novelda - Don Baraton: tienda de sof\u00e1s, colchones y muebles\",\"isPartOf\":{\"@id\":\"https:\/\/donbaraton.es\/#website\"},\"primaryImageOfPage\":{\"@id\":\"https:\/\/donbaraton.es\/ru\/p\/%d0%be%d0%b1%d0%b5%d0%b4%d0%b5%d0%bd%d0%bd%d1%8b%d0%b9-%d1%81%d1%82%d0%be%d0%bb-%d1%81%d1%82%d0%be%d0%bb%d0%b5%d1%88%d0%bd%d0%b8%d1%86%d0%b0-%d1%81%d1%82%d0%b5%d0%ba%d0%bb%d0%be-novelda\/#primaryimage\"},\"image\":{\"@id\":\"https:\/\/donbaraton.es\/ru\/p\/%d0%be%d0%b1%d0%b5%d0%b4%d0%b5%d0%bd%d0%bd%d1%8b%d0%b9-%d1%81%d1%82%d0%be%d0%bb-%d1%81%d1%82%d0%be%d0%bb%d0%b5%d1%88%d0%bd%d0%b8%d1%86%d0%b0-%d1%81%d1%82%d0%b5%d0%ba%d0%bb%d0%be-novelda\/#primaryimage\"},\"thumbnailUrl\":\"https:\/\/donbaraton.es\/wp-content\/uploads\/2019\/05\/Mesa-comedor-con-tapa-de-cristal-templado-Novelda.-Patas-blancas.jpg\",\"datePublished\":\"2019-04-21T18:17:11+00:00\",\"dateModified\":\"2019-10-27T21:09:21+00:00\",\"breadcrumb\":{\"@id\":\"https:\/\/donbaraton.es\/ru\/p\/%d0%be%d0%b1%d0%b5%d0%b4%d0%b5%d0%bd%d0%bd%d1%8b%d0%b9-%d1%81%d1%82%d0%be%d0%bb-%d1%81%d1%82%d0%be%d0%bb%d0%b5%d1%88%d0%bd%d0%b8%d1%86%d0%b0-%d1%81%d1%82%d0%b5%d0%ba%d0%bb%d0%be-novelda\/#breadcrumb\"},\"inLanguage\":\"ru-RU\",\"potentialAction\":[{\"@type\":\"ReadAction\",\"target\":[\"https:\/\/donbaraton.es\/ru\/p\/%d0%be%d0%b1%d0%b5%d0%b4%d0%b5%d0%bd%d0%bd%d1%8b%d0%b9-%d1%81%d1%82%d0%be%d0%bb-%d1%81%d1%82%d0%be%d0%bb%d0%b5%d1%88%d0%bd%d0%b8%d1%86%d0%b0-%d1%81%d1%82%d0%b5%d0%ba%d0%bb%d0%be-novelda\/\"]}]},{\"@type\":\"ImageObject\",\"inLanguage\":\"ru-RU\",\"@id\":\"https:\/\/donbaraton.es\/ru\/p\/%d0%be%d0%b1%d0%b5%d0%b4%d0%b5%d0%bd%d0%bd%d1%8b%d0%b9-%d1%81%d1%82%d0%be%d0%bb-%d1%81%d1%82%d0%be%d0%bb%d0%b5%d1%88%d0%bd%d0%b8%d1%86%d0%b0-%d1%81%d1%82%d0%b5%d0%ba%d0%bb%d0%be-novelda\/#primaryimage\",\"url\":\"https:\/\/donbaraton.es\/wp-content\/uploads\/2019\/05\/Mesa-comedor-con-tapa-de-cristal-templado-Novelda.-Patas-blancas.jpg\",\"contentUrl\":\"https:\/\/donbaraton.es\/wp-content\/uploads\/2019\/05\/Mesa-comedor-con-tapa-de-cristal-templado-Novelda.-Patas-blancas.jpg\",\"width\":800,\"height\":597,\"caption\":\"\u041e\u0431\u0435\u0434\u0435\u043d\u043d\u044b\u0439 \u0441\u0442\u043e\u043b \u0441\u043e \u0441\u0442\u043e\u043b\u0435\u0448\u043d\u0438\u0446\u0435\u0439 \u0438\u0437 \u0437\u0430\u043a\u0430\u043b\u0451\u043d\u043d\u043e\u0433\u043e \u0441\u0442\u0435\u043a\u043b\u0430 - Novelda. \u0411\u0435\u043b\u044b\u0435 \u043d\u043e\u0436\u043a\u0438\"},{\"@type\":\"BreadcrumbList\",\"@id\":\"https:\/\/donbaraton.es\/ru\/p\/%d0%be%d0%b1%d0%b5%d0%b4%d0%b5%d0%bd%d0%bd%d1%8b%d0%b9-%d1%81%d1%82%d0%be%d0%bb-%d1%81%d1%82%d0%be%d0%bb%d0%b5%d1%88%d0%bd%d0%b8%d1%86%d0%b0-%d1%81%d1%82%d0%b5%d0%ba%d0%bb%d0%be-novelda\/#breadcrumb\",\"itemListElement\":[{\"@type\":\"ListItem\",\"position\":1,\"name\":\"Portada\",\"item\":\"https:\/\/donbaraton.es\/ru\/\"},{\"@type\":\"ListItem\",\"position\":2,\"name\":\"\u0418\u043d\u0442\u0435\u0440\u043d\u0435\u0442-\u043c\u0430\u0433\u0430\u0437\u0438\u043d\",\"item\":\"https:\/\/donbaraton.es\/ru\/%d0%bc%d0%b0%d0%b3%d0%b0%d0%b7%d0%b8%d0%bd\/\"},{\"@type\":\"ListItem\",\"position\":3,\"name\":\"\u041e\u0431\u0435\u0434\u0435\u043d\u043d\u044b\u0439 \u0441\u0442\u043e\u043b \u0441\u043e \u0441\u0442\u043e\u043b\u0435\u0448\u043d\u0438\u0446\u0435\u0439 \u0438\u0437 \u0437\u0430\u043a\u0430\u043b\u0451\u043d\u043d\u043e\u0433\u043e \u0441\u0442\u0435\u043a\u043b\u0430 140 x 80 \u0441\u043c &#8211; Novelda\"}]},{\"@type\":\"WebSite\",\"@id\":\"https:\/\/donbaraton.es\/#website\",\"url\":\"https:\/\/donbaraton.es\/\",\"name\":\"Don Baraton: tienda de sof\u00e1s, colchones y muebles\",\"description\":\"Venta de sof\u00e1s rinconeras, chaise longue, camas y conjuntos de sof\u00e1s\",\"publisher\":{\"@id\":\"https:\/\/donbaraton.es\/#organization\"},\"potentialAction\":[{\"@type\":\"SearchAction\",\"target\":{\"@type\":\"EntryPoint\",\"urlTemplate\":\"https:\/\/donbaraton.es\/?s={search_term_string}\"},\"query-input\":{\"@type\":\"PropertyValueSpecification\",\"valueRequired\":true,\"valueName\":\"search_term_string\"}}],\"inLanguage\":\"ru-RU\"},{\"@type\":\"Organization\",\"@id\":\"https:\/\/donbaraton.es\/#organization\",\"name\":\"Don Baraton\",\"url\":\"https:\/\/donbaraton.es\/\",\"logo\":{\"@type\":\"ImageObject\",\"inLanguage\":\"ru-RU\",\"@id\":\"https:\/\/donbaraton.es\/#\/schema\/logo\/image\/\",\"url\":\"https:\/\/i0.wp.com\/donbaraton.es\/wp-content\/uploads\/2016\/11\/logo_don_baraton.png?fit=228%2C110&ssl=1\",\"contentUrl\":\"https:\/\/i0.wp.com\/donbaraton.es\/wp-content\/uploads\/2016\/11\/logo_don_baraton.png?fit=228%2C110&ssl=1\",\"width\":228,\"height\":110,\"caption\":\"Don Baraton\"},\"image\":{\"@id\":\"https:\/\/donbaraton.es\/#\/schema\/logo\/image\/\"},\"sameAs\":[\"https:\/\/www.facebook.com\/donbaraton.es\",\"https:\/\/x.com\/don_baraton\",\"https:\/\/www.instagram.com\/donbaraton.es\",\"https:\/\/www.linkedin.com\/company\/donbaraton\/\",\"https:\/\/es.pinterest.com\/donbaraton\/\",\"https:\/\/www.youtube.com\/channel\/UCL02HOwx-F759Jq5MedAZfQ\"]}]}<\/script>\n<!-- \/ Yoast SEO plugin. -->","yoast_head_json":{"title":"\u041e\u0431\u0435\u0434\u0435\u043d\u043d\u044b\u0439 \u0441\u0442\u043e\u043b \u0441\u043e \u0441\u0442\u043e\u043b\u0435\u0448\u043d\u0438\u0446\u0435\u0439 \u0438\u0437 \u0437\u0430\u043a\u0430\u043b\u0451\u043d\u043d\u043e\u0433\u043e \u0441\u0442\u0435\u043a\u043b\u0430 140 x 80 \u0441\u043c - Novelda - Don Baraton: tienda de sof\u00e1s, colchones y muebles","robots":{"index":"index","follow":"follow","max-snippet":"max-snippet:-1","max-image-preview":"max-image-preview:large","max-video-preview":"max-video-preview:-1"},"canonical":"https:\/\/donbaraton.es\/ru\/p\/\u043e\u0431\u0435\u0434\u0435\u043d\u043d\u044b\u0439-\u0441\u0442\u043e\u043b-\u0441\u0442\u043e\u043b\u0435\u0448\u043d\u0438\u0446\u0430-\u0441\u0442\u0435\u043a\u043b\u043e-novelda\/","og_locale":"ru_RU","og_type":"article","og_title":"\u041e\u0431\u0435\u0434\u0435\u043d\u043d\u044b\u0439 \u0441\u0442\u043e\u043b \u0441\u043e \u0441\u0442\u043e\u043b\u0435\u0448\u043d\u0438\u0446\u0435\u0439 \u0438\u0437 \u0437\u0430\u043a\u0430\u043b\u0451\u043d\u043d\u043e\u0433\u043e \u0441\u0442\u0435\u043a\u043b\u0430 140 x 80 \u0441\u043c - Novelda - Don Baraton: tienda de sof\u00e1s, colchones y muebles","og_description":"\u0417\u0430\u043a\u0430\u043b\u0451\u043d\u043d\u043e\u0435 \u0441\u0442\u0435\u043a\u043b\u043e \u0442\u043e\u043b\u0449\u0438\u043d\u043e\u0439 8 \u043c\u043c  \u0411\u0435\u043b\u044b\u0439 \u0438\u043b\u0438 \u0447\u0451\u0440\u043d\u044b\u0439 \u0446\u0432\u0435\u0442 \u043d\u043e\u0436\u0435\u043a \u043d\u0430 \u0432\u044b\u0431\u043e\u0440  \u041c\u0435\u0442\u0430\u043b\u043b\u0438\u0447\u0435\u0441\u043a\u0438\u0435 \u043e\u043a\u0440\u0430\u0448\u0435\u043d\u043d\u044b\u0435 \u043d\u043e\u0436\u043a\u0438  \u041c\u043e\u0436\u043d\u043e \u043a\u0443\u043f\u0438\u0442\u044c \u0441\u0442\u0443\u043b\u044c\u044f \u0432 \u0435\u0434\u0438\u043d\u043e\u043c \u0434\u0438\u0437\u0430\u0439\u043d\u0435  \u0420\u0430\u0437\u043c\u0435\u0440\u044b: 140 x 80 x 75","og_url":"https:\/\/donbaraton.es\/ru\/p\/\u043e\u0431\u0435\u0434\u0435\u043d\u043d\u044b\u0439-\u0441\u0442\u043e\u043b-\u0441\u0442\u043e\u043b\u0435\u0448\u043d\u0438\u0446\u0430-\u0441\u0442\u0435\u043a\u043b\u043e-novelda\/","og_site_name":"Don Baraton: tienda de sof\u00e1s, colchones y muebles","article_publisher":"https:\/\/www.facebook.com\/donbaraton.es","article_modified_time":"2019-10-27T21:09:21+00:00","og_image":[{"width":800,"height":597,"url":"https:\/\/i0.wp.com\/donbaraton.es\/wp-content\/uploads\/2019\/05\/Mesa-comedor-con-tapa-de-cristal-templado-Novelda.-Patas-blancas.jpg?fit=800%2C597&ssl=1","type":"image\/jpeg"}],"twitter_card":"summary_large_image","twitter_site":"@don_baraton","schema":{"@context":"https:\/\/schema.org","@graph":[{"@type":"WebPage","@id":"https:\/\/donbaraton.es\/ru\/p\/%d0%be%d0%b1%d0%b5%d0%b4%d0%b5%d0%bd%d0%bd%d1%8b%d0%b9-%d1%81%d1%82%d0%be%d0%bb-%d1%81%d1%82%d0%be%d0%bb%d0%b5%d1%88%d0%bd%d0%b8%d1%86%d0%b0-%d1%81%d1%82%d0%b5%d0%ba%d0%bb%d0%be-novelda\/","url":"https:\/\/donbaraton.es\/ru\/p\/%d0%be%d0%b1%d0%b5%d0%b4%d0%b5%d0%bd%d0%bd%d1%8b%d0%b9-%d1%81%d1%82%d0%be%d0%bb-%d1%81%d1%82%d0%be%d0%bb%d0%b5%d1%88%d0%bd%d0%b8%d1%86%d0%b0-%d1%81%d1%82%d0%b5%d0%ba%d0%bb%d0%be-novelda\/","name":"\u041e\u0431\u0435\u0434\u0435\u043d\u043d\u044b\u0439 \u0441\u0442\u043e\u043b \u0441\u043e \u0441\u0442\u043e\u043b\u0435\u0448\u043d\u0438\u0446\u0435\u0439 \u0438\u0437 \u0437\u0430\u043a\u0430\u043b\u0451\u043d\u043d\u043e\u0433\u043e \u0441\u0442\u0435\u043a\u043b\u0430 140 x 80 \u0441\u043c - Novelda - Don Baraton: tienda de sof\u00e1s, colchones y muebles","isPartOf":{"@id":"https:\/\/donbaraton.es\/#website"},"primaryImageOfPage":{"@id":"https:\/\/donbaraton.es\/ru\/p\/%d0%be%d0%b1%d0%b5%d0%b4%d0%b5%d0%bd%d0%bd%d1%8b%d0%b9-%d1%81%d1%82%d0%be%d0%bb-%d1%81%d1%82%d0%be%d0%bb%d0%b5%d1%88%d0%bd%d0%b8%d1%86%d0%b0-%d1%81%d1%82%d0%b5%d0%ba%d0%bb%d0%be-novelda\/#primaryimage"},"image":{"@id":"https:\/\/donbaraton.es\/ru\/p\/%d0%be%d0%b1%d0%b5%d0%b4%d0%b5%d0%bd%d0%bd%d1%8b%d0%b9-%d1%81%d1%82%d0%be%d0%bb-%d1%81%d1%82%d0%be%d0%bb%d0%b5%d1%88%d0%bd%d0%b8%d1%86%d0%b0-%d1%81%d1%82%d0%b5%d0%ba%d0%bb%d0%be-novelda\/#primaryimage"},"thumbnailUrl":"https:\/\/donbaraton.es\/wp-content\/uploads\/2019\/05\/Mesa-comedor-con-tapa-de-cristal-templado-Novelda.-Patas-blancas.jpg","datePublished":"2019-04-21T18:17:11+00:00","dateModified":"2019-10-27T21:09:21+00:00","breadcrumb":{"@id":"https:\/\/donbaraton.es\/ru\/p\/%d0%be%d0%b1%d0%b5%d0%b4%d0%b5%d0%bd%d0%bd%d1%8b%d0%b9-%d1%81%d1%82%d0%be%d0%bb-%d1%81%d1%82%d0%be%d0%bb%d0%b5%d1%88%d0%bd%d0%b8%d1%86%d0%b0-%d1%81%d1%82%d0%b5%d0%ba%d0%bb%d0%be-novelda\/#breadcrumb"},"inLanguage":"ru-RU","potentialAction":[{"@type":"ReadAction","target":["https:\/\/donbaraton.es\/ru\/p\/%d0%be%d0%b1%d0%b5%d0%b4%d0%b5%d0%bd%d0%bd%d1%8b%d0%b9-%d1%81%d1%82%d0%be%d0%bb-%d1%81%d1%82%d0%be%d0%bb%d0%b5%d1%88%d0%bd%d0%b8%d1%86%d0%b0-%d1%81%d1%82%d0%b5%d0%ba%d0%bb%d0%be-novelda\/"]}]},{"@type":"ImageObject","inLanguage":"ru-RU","@id":"https:\/\/donbaraton.es\/ru\/p\/%d0%be%d0%b1%d0%b5%d0%b4%d0%b5%d0%bd%d0%bd%d1%8b%d0%b9-%d1%81%d1%82%d0%be%d0%bb-%d1%81%d1%82%d0%be%d0%bb%d0%b5%d1%88%d0%bd%d0%b8%d1%86%d0%b0-%d1%81%d1%82%d0%b5%d0%ba%d0%bb%d0%be-novelda\/#primaryimage","url":"https:\/\/donbaraton.es\/wp-content\/uploads\/2019\/05\/Mesa-comedor-con-tapa-de-cristal-templado-Novelda.-Patas-blancas.jpg","contentUrl":"https:\/\/donbaraton.es\/wp-content\/uploads\/2019\/05\/Mesa-comedor-con-tapa-de-cristal-templado-Novelda.-Patas-blancas.jpg","width":800,"height":597,"caption":"\u041e\u0431\u0435\u0434\u0435\u043d\u043d\u044b\u0439 \u0441\u0442\u043e\u043b \u0441\u043e \u0441\u0442\u043e\u043b\u0435\u0448\u043d\u0438\u0446\u0435\u0439 \u0438\u0437 \u0437\u0430\u043a\u0430\u043b\u0451\u043d\u043d\u043e\u0433\u043e \u0441\u0442\u0435\u043a\u043b\u0430 - Novelda. \u0411\u0435\u043b\u044b\u0435 \u043d\u043e\u0436\u043a\u0438"},{"@type":"BreadcrumbList","@id":"https:\/\/donbaraton.es\/ru\/p\/%d0%be%d0%b1%d0%b5%d0%b4%d0%b5%d0%bd%d0%bd%d1%8b%d0%b9-%d1%81%d1%82%d0%be%d0%bb-%d1%81%d1%82%d0%be%d0%bb%d0%b5%d1%88%d0%bd%d0%b8%d1%86%d0%b0-%d1%81%d1%82%d0%b5%d0%ba%d0%bb%d0%be-novelda\/#breadcrumb","itemListElement":[{"@type":"ListItem","position":1,"name":"Portada","item":"https:\/\/donbaraton.es\/ru\/"},{"@type":"ListItem","position":2,"name":"\u0418\u043d\u0442\u0435\u0440\u043d\u0435\u0442-\u043c\u0430\u0433\u0430\u0437\u0438\u043d","item":"https:\/\/donbaraton.es\/ru\/%d0%bc%d0%b0%d0%b3%d0%b0%d0%b7%d0%b8%d0%bd\/"},{"@type":"ListItem","position":3,"name":"\u041e\u0431\u0435\u0434\u0435\u043d\u043d\u044b\u0439 \u0441\u0442\u043e\u043b \u0441\u043e \u0441\u0442\u043e\u043b\u0435\u0448\u043d\u0438\u0446\u0435\u0439 \u0438\u0437 \u0437\u0430\u043a\u0430\u043b\u0451\u043d\u043d\u043e\u0433\u043e \u0441\u0442\u0435\u043a\u043b\u0430 140 x 80 \u0441\u043c &#8211; Novelda"}]},{"@type":"WebSite","@id":"https:\/\/donbaraton.es\/#website","url":"https:\/\/donbaraton.es\/","name":"Don Baraton: tienda de sof\u00e1s, colchones y muebles","description":"Venta de sof\u00e1s rinconeras, chaise longue, camas y conjuntos de sof\u00e1s","publisher":{"@id":"https:\/\/donbaraton.es\/#organization"},"potentialAction":[{"@type":"SearchAction","target":{"@type":"EntryPoint","urlTemplate":"https:\/\/donbaraton.es\/?s={search_term_string}"},"query-input":{"@type":"PropertyValueSpecification","valueRequired":true,"valueName":"search_term_string"}}],"inLanguage":"ru-RU"},{"@type":"Organization","@id":"https:\/\/donbaraton.es\/#organization","name":"Don Baraton","url":"https:\/\/donbaraton.es\/","logo":{"@type":"ImageObject","inLanguage":"ru-RU","@id":"https:\/\/donbaraton.es\/#\/schema\/logo\/image\/","url":"https:\/\/i0.wp.com\/donbaraton.es\/wp-content\/uploads\/2016\/11\/logo_don_baraton.png?fit=228%2C110&ssl=1","contentUrl":"https:\/\/i0.wp.com\/donbaraton.es\/wp-content\/uploads\/2016\/11\/logo_don_baraton.png?fit=228%2C110&ssl=1","width":228,"height":110,"caption":"Don Baraton"},"image":{"@id":"https:\/\/donbaraton.es\/#\/schema\/logo\/image\/"},"sameAs":["https:\/\/www.facebook.com\/donbaraton.es","https:\/\/x.com\/don_baraton","https:\/\/www.instagram.com\/donbaraton.es","https:\/\/www.linkedin.com\/company\/donbaraton\/","https:\/\/es.pinterest.com\/donbaraton\/","https:\/\/www.youtube.com\/channel\/UCL02HOwx-F759Jq5MedAZfQ"]}]}},"_links":{"self":[{"href":"https:\/\/donbaraton.es\/ru\/wp-json\/wp\/v2\/product\/16492","targetHints":{"allow":["GET"]}}],"collection":[{"href":"https:\/\/donbaraton.es\/ru\/wp-json\/wp\/v2\/product"}],"about":[{"href":"https:\/\/donbaraton.es\/ru\/wp-json\/wp\/v2\/types\/product"}],"replies":[{"embeddable":true,"href":"https:\/\/donbaraton.es\/ru\/wp-json\/wp\/v2\/comments?post=16492"}],"wp:featuredmedia":[{"embeddable":true,"href":"https:\/\/donbaraton.es\/ru\/wp-json\/wp\/v2\/media\/16437"}],"wp:attachment":[{"href":"https:\/\/donbaraton.es\/ru\/wp-json\/wp\/v2\/media?parent=16492"}],"wp:term":[{"taxonomy":"product_brand","embeddable":true,"href":"https:\/\/donbaraton.es\/ru\/wp-json\/wp\/v2\/product_brand?post=16492"},{"taxonomy":"product_cat","embeddable":true,"href":"https:\/\/donbaraton.es\/ru\/wp-json\/wp\/v2\/product_cat?post=16492"},{"taxonomy":"product_tag","embeddable":true,"href":"https:\/\/donbaraton.es\/ru\/wp-json\/wp\/v2\/product_tag?post=16492"}],"curies":[{"name":"wp","href":"https:\/\/api.w.org\/{rel}","templated":true}]}}