{"id":18616,"date":"2019-08-22T12:42:58","date_gmt":"2019-08-22T10:42:58","guid":{"rendered":"https:\/\/donbaraton.es\/p\/%d0%b1%d0%be%d0%bb%d1%8c%d1%88%d0%b0%d1%8f-%d0%b4%d0%b2%d1%83%d1%81%d0%bf%d0%b0%d0%bb%d1%8c%d0%bd%d0%b0%d1%8f-%d0%ba%d1%80%d0%be%d0%b2%d0%b0%d1%82%d1%8c-box-spring-180-200-%d0%bc%d0%b0%d1%82%d1%80\/"},"modified":"2022-03-15T00:28:42","modified_gmt":"2022-03-14T23:28:42","slug":"%d0%b1%d0%be%d0%bb%d1%8c%d1%88%d0%b0%d1%8f-%d0%b4%d0%b2%d1%83%d1%81%d0%bf%d0%b0%d0%bb%d1%8c%d0%bd%d0%b0%d1%8f-%d0%ba%d1%80%d0%be%d0%b2%d0%b0%d1%82%d1%8c-box-spring-180-200-luisa","status":"publish","type":"product","link":"https:\/\/donbaraton.es\/ru\/p\/%d0%b1%d0%be%d0%bb%d1%8c%d1%88%d0%b0%d1%8f-%d0%b4%d0%b2%d1%83%d1%81%d0%bf%d0%b0%d0%bb%d1%8c%d0%bd%d0%b0%d1%8f-%d0%ba%d1%80%d0%be%d0%b2%d0%b0%d1%82%d1%8c-box-spring-180-200-luisa\/","title":{"rendered":"\u0411\u043e\u043b\u044c\u0448\u0430\u044f \u0434\u0432\u0443\u0441\u043f\u0430\u043b\u044c\u043d\u0430\u044f \u043a\u0440\u043e\u0432\u0430\u0442\u044c \u00abBox Spring\u00bb 180 x 200 \u0441\u043c \u0441 \u043c\u0430\u0442\u0440\u0430\u0441\u043e\u043c, \u0438\u0437\u0433\u043e\u043b\u043e\u0432\u044c\u0435\u043c \u0438 \u0442\u043e\u043f\u043f\u0435\u0440\u043e\u043c &#8212; Luisa"},"content":{"rendered":"<p><strong>\u0411\u043e\u043b\u044c\u0448\u0430\u044f \u0434\u0432\u0443\u0441\u043f\u0430\u043b\u044c\u043d\u0430\u044f \u043a\u0440\u043e\u0432\u0430\u0442\u044c \u00abBox Spring\u00bb 180 x 200 \u0441\u043c \u0441 \u043c\u0430\u0442\u0440\u0430\u0441\u043e\u043c, \u0438\u0437\u0433\u043e\u043b\u043e\u0432\u044c\u0435\u043c \u0438 \u0442\u043e\u043f\u043f\u0435\u0440\u043e\u043c &#8212; Luisa<\/strong><\/p>\n<p>\u0423\u0434\u043e\u0431\u043d\u0430\u044f \u043a\u0440\u043e\u0432\u0430\u0442\u044c \u0431\u043e\u043b\u044c\u0448\u043e\u0433\u043e \u0440\u0430\u0437\u043c\u0435\u0440\u0430 \u0441 \u043f\u0440\u0443\u0436\u0438\u043d\u043d\u044b\u043c \u043c\u0430\u0442\u0440\u0430\u0441\u043e\u043c, \u0438\u0437\u0433\u043e\u043b\u043e\u0432\u044c\u0435\u043c \u0438 \u0442\u043e\u043f\u043f\u0435\u0440\u043e\u043c (\u043d\u0430\u043c\u0430\u0442\u0440\u0430\u0441\u043d\u0438\u043a\u043e\u043c). \u0412\u0441\u0451 \u0432\u043a\u043b\u044e\u0447\u0435\u043d\u043e \u0432 \u0446\u0435\u043d\u0443!<\/p>\n<p>\u041f\u0440\u0435\u043a\u0440\u0430\u0441\u043d\u044b\u0439 \u0432\u044b\u0431\u043e\u0440, \u0435\u0441\u043b\u0438 \u0432\u044b \u0438\u0449\u0435\u0442\u0435 \u043a\u0430\u0447\u0435\u0441\u0442\u0432\u0435\u043d\u043d\u0443\u044e \u043a\u0440\u043e\u0432\u0430\u0442\u044c, \u043d\u043e \u043d\u0435 \u0445\u043e\u0442\u0438\u0442\u0435 \u0445\u0440\u0430\u043d\u0438\u0442\u044c \u0432\u0435\u0449\u0438 \u043f\u043e\u0434 \u043c\u0430\u0442\u0440\u0430\u0441\u043e\u043c.<\/p>\n<p>\u041d\u043e\u0436\u043a\u0438 \u043a\u0440\u043e\u0432\u0430\u0442\u0438 \u043f\u043e\u0434\u043d\u0438\u043c\u0430\u044e\u0442 \u0435\u0435 \u043a\u043e\u0440\u043f\u0443\u0441 \u043d\u0430\u0434 \u0443\u0440\u043e\u0432\u043d\u0435\u043c \u043f\u043e\u043b\u0430 \u0434\u043b\u044f \u043b\u0443\u0447\u0448\u0435\u0433\u043e \u043f\u0440\u043e\u0432\u0435\u0442\u0440\u0438\u0432\u0430\u043d\u0438\u044f, \u0447\u0442\u043e \u043e\u0447\u0435\u043d\u044c \u0432\u0430\u0436\u043d\u043e \u0432 \u0443\u0441\u043b\u043e\u0432\u0438\u044f\u0445 \u0432\u043b\u0430\u0436\u043d\u043e\u0433\u043e \u0438\u0441\u043f\u0430\u043d\u0441\u043a\u043e\u0433\u043e \u043a\u043b\u0438\u043c\u0430\u0442\u0430.<\/p>\n<p>\u041a\u0440\u043e\u0432\u0430\u0442\u044c Luisa \u0434\u043e\u0441\u0442\u0443\u043f\u043d\u0430 \u0432 \u0434\u0432\u0443\u0445 \u0446\u0432\u0435\u0442\u043e\u0432\u044b\u0445 \u0432\u0430\u0440\u0438\u0430\u043d\u0442\u0430\u0445:<\/p>\n<ul>\n<li>\u0421\u0432\u0435\u0442\u043b\u043e-\u0441\u0435\u0440\u0430\u044f \u0442\u043a\u0430\u043d\u044c Soro 93<\/li>\n<li>\u0422\u0451\u043c\u043d\u043e-\u0441\u0435\u0440\u0430\u044f \u0442\u043a\u0430\u043d\u044c Soro 95<\/li>\n<\/ul>\n<p>\u042d\u0442\u0430 \u043c\u043e\u0434\u0435\u043b\u044c \u043a\u0440\u043e\u0432\u0430\u0442\u0438 \u0431\u0435\u0437 \u043e\u0442\u0434\u0435\u043b\u0435\u043d\u0438\u0439 \u0434\u043b\u044f \u0445\u0440\u0430\u043d\u0435\u043d\u0438\u044f \u0438\u043c\u0435\u0435\u0442 \u0431\u043e\u043b\u0435\u0435 \u043d\u0438\u0437\u043a\u0443\u044e \u0446\u0435\u043d\u0443, \u043d\u043e \u0435\u0441\u043b\u0438 \u0432\u044b \u0438\u0449\u0435\u0442\u0435 \u043a\u0440\u043e\u0432\u0430\u0442\u044c \u0441 \u0432\u043e\u0437\u043c\u043e\u0436\u043d\u043e\u0441\u0442\u044c\u044e \u0445\u0440\u0430\u043d\u0435\u043d\u0438\u044f \u0432\u0435\u0449\u0435\u0439, \u0441\u043c\u043e\u0442\u0440\u0438\u0442\u0435 \u043f\u043e\u0445\u043e\u0436\u0443\u044e \u043c\u043e\u0434\u0435\u043b\u044c \u0437\u0434\u0435\u0441\u044c: <a href=\"https:\/\/donbaraton.es\/ru\/p\/%d0%b1%d0%be%d0%bb%d1%8c%d1%88%d0%b0%d1%8f-%d0%b4%d0%b2%d1%83%d1%81%d0%bf%d0%b0%d0%bb%d1%8c%d0%bd%d0%b0%d1%8f-%d0%ba%d1%80%d0%be%d0%b2%d0%b0%d1%82%d1%8c-180-200-isabella\/\"><strong>\u0411\u043e\u043b\u044c\u0448\u0430\u044f \u0434\u0432\u0443\u0441\u043f\u0430\u043b\u044c\u043d\u0430\u044f \u043a\u0440\u043e\u0432\u0430\u0442\u044c 180 x 200 \u0441\u043c \u0441 \u0441\u0438\u0441\u0442\u0435\u043c\u043e\u0439 \u0445\u0440\u0430\u043d\u0435\u043d\u0438\u044f \u2013 Isabella<\/strong><\/a><\/p>\n<p><strong>\u0420\u0430\u0437\u043c\u0435\u0440\u044b:<\/strong> \u0434\u043b\u0438\u043d\u0430 205 \u0441\u043c, \u0448\u0438\u0440\u0438\u043d\u0430 183 \u0441\u043c, \u0432\u044b\u0441\u043e\u0442\u0430 (\u0441 \u0438\u0437\u0433\u043e\u043b\u043e\u0432\u044c\u0435\u043c) 105 \u0441\u043c<\/p>\n<p><strong>\u0420\u0430\u0437\u043c\u0435\u0440\u044b \u043c\u0430\u0442\u0440\u0430\u0441\u0430:<\/strong> 180 x 200 \u0441\u043c<\/p>\n","protected":false},"excerpt":{"rendered":"<ul>\n<li>\u0411\u043e\u043b\u044c\u0448\u0430\u044f \u043a\u0440\u043e\u0432\u0430\u0442\u044c \u0442\u0438\u043f\u0430 \u00abbox spring\u00bb<\/li>\n<li>\u041e\u0431\u0438\u0432\u043a\u0430 \u0438\u0437 \u0442\u043a\u0430\u043d\u0438<\/li>\n<li>\u0418\u0437\u0433\u043e\u043b\u043e\u0432\u044c\u0435 \u043e\u0431\u0438\u0442\u043e\u0435 \u0442\u043a\u0430\u043d\u044c\u044e \u0432\u043a\u043b\u044e\u0447\u0435\u043d\u043e<\/li>\n<li>\u041f\u0440\u0443\u0436\u0438\u043d\u043d\u044b\u0439 \u043c\u0430\u0442\u0440\u0430\u0441 180 x 200 \u0432\u043a\u043b\u044e\u0447\u0435\u043d<\/li>\n<li>\u0413\u0438\u043f\u043e\u0430\u043b\u043b\u0435\u0440\u0433\u0435\u043d\u043d\u044b\u0439 \u0442\u043e\u043f\u043f\u0435\u0440 \u0442\u043e\u043b\u0449\u0438\u043d\u043e\u0439 4 \u0441\u043c \u0432\u043a\u043b\u044e\u0447\u0435\u043d \u0432 \u0446\u0435\u043d\u0443<\/li>\n<\/ul>\n<p><strong>\u0420\u0430\u0437\u043c\u0435\u0440\u044b:<\/strong> \u0434\u043b\u0438\u043d\u0430 205 \u0441\u043c, \u0448\u0438\u0440\u0438\u043d\u0430 183 \u0441\u043c, \u0432\u044b\u0441\u043e\u0442\u0430 (\u0438\u0437\u0433\u043e\u043b\u043e\u0432\u044c\u0435) 105 \u0441\u043c<\/p>\n","protected":false},"featured_media":18587,"comment_status":"open","ping_status":"closed","template":"","meta":{"_et_pb_use_builder":"","_et_pb_old_content":"","_et_gb_content_width":""},"product_brand":[],"product_cat":[133],"product_tag":[],"class_list":{"0":"post-18616","1":"product","2":"type-product","3":"status-publish","4":"has-post-thumbnail","6":"product_cat-133","7":"product_shipping_class-articulos-pesados","8":"pa_material-101","9":"pa_muelles-bonnel","11":"first","12":"outofstock","13":"taxable","14":"shipping-taxable","15":"product-type-variable","16":"has-default-attributes"},"yoast_head":"<!-- This site is optimized with the Yoast SEO plugin v27.2 - https:\/\/yoast.com\/product\/yoast-seo-wordpress\/ -->\n<title>\u0411\u043e\u043b\u044c\u0448\u0430\u044f \u0434\u0432\u0443\u0441\u043f\u0430\u043b\u044c\u043d\u0430\u044f \u043a\u0440\u043e\u0432\u0430\u0442\u044c \u00abBox Spring\u00bb 180 x 200 \u0441\u043c \u0441 \u043c\u0430\u0442\u0440\u0430\u0441\u043e\u043c, \u0438\u0437\u0433\u043e\u043b\u043e\u0432\u044c\u0435\u043c \u0438 \u0442\u043e\u043f\u043f\u0435\u0440\u043e\u043c - Luisa - Don Baraton: tienda de sof\u00e1s, colchones y muebles<\/title>\n<meta name=\"robots\" content=\"index, follow, max-snippet:-1, max-image-preview:large, max-video-preview:-1\" \/>\n<link rel=\"canonical\" href=\"https:\/\/donbaraton.es\/ru\/p\/\u0431\u043e\u043b\u044c\u0448\u0430\u044f-\u0434\u0432\u0443\u0441\u043f\u0430\u043b\u044c\u043d\u0430\u044f-\u043a\u0440\u043e\u0432\u0430\u0442\u044c-box-spring-180-200-luisa\/\" \/>\n<meta property=\"og:locale\" content=\"ru_RU\" \/>\n<meta property=\"og:type\" content=\"article\" \/>\n<meta property=\"og:title\" content=\"\u0411\u043e\u043b\u044c\u0448\u0430\u044f \u0434\u0432\u0443\u0441\u043f\u0430\u043b\u044c\u043d\u0430\u044f \u043a\u0440\u043e\u0432\u0430\u0442\u044c \u00abBox Spring\u00bb 180 x 200 \u0441\u043c \u0441 \u043c\u0430\u0442\u0440\u0430\u0441\u043e\u043c, \u0438\u0437\u0433\u043e\u043b\u043e\u0432\u044c\u0435\u043c \u0438 \u0442\u043e\u043f\u043f\u0435\u0440\u043e\u043c - Luisa - Don Baraton: tienda de sof\u00e1s, colchones y muebles\" \/>\n<meta property=\"og:description\" content=\"\u0411\u043e\u043b\u044c\u0448\u0430\u044f \u043a\u0440\u043e\u0432\u0430\u0442\u044c \u0442\u0438\u043f\u0430 \u00abbox spring\u00bb  \u041e\u0431\u0438\u0432\u043a\u0430 \u0438\u0437 \u0442\u043a\u0430\u043d\u0438  \u0418\u0437\u0433\u043e\u043b\u043e\u0432\u044c\u0435 \u043e\u0431\u0438\u0442\u043e\u0435 \u0442\u043a\u0430\u043d\u044c\u044e \u0432\u043a\u043b\u044e\u0447\u0435\u043d\u043e  \u041f\u0440\u0443\u0436\u0438\u043d\u043d\u044b\u0439 \u043c\u0430\u0442\u0440\u0430\u0441 180 x 200 \u0432\u043a\u043b\u044e\u0447\u0435\u043d  \u0413\u0438\u043f\u043e\u0430\u043b\u043b\u0435\u0440\u0433\u0435\u043d\u043d\u044b\u0439 \u0442\u043e\u043f\u043f\u0435\u0440 \u0442\u043e\u043b\u0449\u0438\u043d\u043e\u0439 4 \u0441\u043c \u0432\u043a\u043b\u044e\u0447\u0435\u043d \u0432 \u0446\u0435\u043d\u0443  \u0420\u0430\u0437\u043c\u0435\u0440\u044b: \u0434\u043b\u0438\u043d\u0430 205 \u0441\u043c, \u0448\u0438\u0440\u0438\u043d\u0430 183 \u0441\u043c, \u0432\u044b\u0441\u043e\u0442\u0430 (\u0438\u0437\u0433\u043e\u043b\u043e\u0432\u044c\u0435) 105 \u0441\u043c\" \/>\n<meta property=\"og:url\" content=\"https:\/\/donbaraton.es\/ru\/p\/\u0431\u043e\u043b\u044c\u0448\u0430\u044f-\u0434\u0432\u0443\u0441\u043f\u0430\u043b\u044c\u043d\u0430\u044f-\u043a\u0440\u043e\u0432\u0430\u0442\u044c-box-spring-180-200-luisa\/\" \/>\n<meta property=\"og:site_name\" content=\"Don Baraton: tienda de sof\u00e1s, colchones y muebles\" \/>\n<meta property=\"article:publisher\" content=\"https:\/\/www.facebook.com\/donbaraton.es\" \/>\n<meta property=\"article:modified_time\" content=\"2022-03-14T23:28:42+00:00\" \/>\n<meta property=\"og:image\" content=\"https:\/\/i2.wp.com\/donbaraton.es\/wp-content\/uploads\/2019\/08\/Cama-de-matrimonio-tapizada-180-x-200-cm-con-colch\u00f3n-cabecero-y-topper-incluidos-Luisa.-Tela-gris-Soro-93.jpg?fit=1000%2C750&ssl=1\" \/>\n\t<meta property=\"og:image:width\" content=\"1000\" \/>\n\t<meta property=\"og:image:height\" content=\"750\" \/>\n\t<meta property=\"og:image:type\" content=\"image\/jpeg\" \/>\n<meta name=\"twitter:card\" content=\"summary_large_image\" \/>\n<meta name=\"twitter:site\" content=\"@don_baraton\" \/>\n<script type=\"application\/ld+json\" class=\"yoast-schema-graph\">{\"@context\":\"https:\/\/schema.org\",\"@graph\":[{\"@type\":\"WebPage\",\"@id\":\"https:\/\/donbaraton.es\/ru\/p\/%d0%b1%d0%be%d0%bb%d1%8c%d1%88%d0%b0%d1%8f-%d0%b4%d0%b2%d1%83%d1%81%d0%bf%d0%b0%d0%bb%d1%8c%d0%bd%d0%b0%d1%8f-%d0%ba%d1%80%d0%be%d0%b2%d0%b0%d1%82%d1%8c-box-spring-180-200-luisa\/\",\"url\":\"https:\/\/donbaraton.es\/ru\/p\/%d0%b1%d0%be%d0%bb%d1%8c%d1%88%d0%b0%d1%8f-%d0%b4%d0%b2%d1%83%d1%81%d0%bf%d0%b0%d0%bb%d1%8c%d0%bd%d0%b0%d1%8f-%d0%ba%d1%80%d0%be%d0%b2%d0%b0%d1%82%d1%8c-box-spring-180-200-luisa\/\",\"name\":\"\u0411\u043e\u043b\u044c\u0448\u0430\u044f \u0434\u0432\u0443\u0441\u043f\u0430\u043b\u044c\u043d\u0430\u044f \u043a\u0440\u043e\u0432\u0430\u0442\u044c \u00abBox Spring\u00bb 180 x 200 \u0441\u043c \u0441 \u043c\u0430\u0442\u0440\u0430\u0441\u043e\u043c, \u0438\u0437\u0433\u043e\u043b\u043e\u0432\u044c\u0435\u043c \u0438 \u0442\u043e\u043f\u043f\u0435\u0440\u043e\u043c - Luisa - Don Baraton: tienda de sof\u00e1s, colchones y muebles\",\"isPartOf\":{\"@id\":\"https:\/\/donbaraton.es\/#website\"},\"primaryImageOfPage\":{\"@id\":\"https:\/\/donbaraton.es\/ru\/p\/%d0%b1%d0%be%d0%bb%d1%8c%d1%88%d0%b0%d1%8f-%d0%b4%d0%b2%d1%83%d1%81%d0%bf%d0%b0%d0%bb%d1%8c%d0%bd%d0%b0%d1%8f-%d0%ba%d1%80%d0%be%d0%b2%d0%b0%d1%82%d1%8c-box-spring-180-200-luisa\/#primaryimage\"},\"image\":{\"@id\":\"https:\/\/donbaraton.es\/ru\/p\/%d0%b1%d0%be%d0%bb%d1%8c%d1%88%d0%b0%d1%8f-%d0%b4%d0%b2%d1%83%d1%81%d0%bf%d0%b0%d0%bb%d1%8c%d0%bd%d0%b0%d1%8f-%d0%ba%d1%80%d0%be%d0%b2%d0%b0%d1%82%d1%8c-box-spring-180-200-luisa\/#primaryimage\"},\"thumbnailUrl\":\"https:\/\/donbaraton.es\/wp-content\/uploads\/2019\/08\/Cama-de-matrimonio-tapizada-180-x-200-cm-con-colch\u00f3n-cabecero-y-topper-incluidos-Luisa.-Tela-gris-Soro-93.jpg\",\"datePublished\":\"2019-08-22T10:42:58+00:00\",\"dateModified\":\"2022-03-14T23:28:42+00:00\",\"breadcrumb\":{\"@id\":\"https:\/\/donbaraton.es\/ru\/p\/%d0%b1%d0%be%d0%bb%d1%8c%d1%88%d0%b0%d1%8f-%d0%b4%d0%b2%d1%83%d1%81%d0%bf%d0%b0%d0%bb%d1%8c%d0%bd%d0%b0%d1%8f-%d0%ba%d1%80%d0%be%d0%b2%d0%b0%d1%82%d1%8c-box-spring-180-200-luisa\/#breadcrumb\"},\"inLanguage\":\"ru-RU\",\"potentialAction\":[{\"@type\":\"ReadAction\",\"target\":[\"https:\/\/donbaraton.es\/ru\/p\/%d0%b1%d0%be%d0%bb%d1%8c%d1%88%d0%b0%d1%8f-%d0%b4%d0%b2%d1%83%d1%81%d0%bf%d0%b0%d0%bb%d1%8c%d0%bd%d0%b0%d1%8f-%d0%ba%d1%80%d0%be%d0%b2%d0%b0%d1%82%d1%8c-box-spring-180-200-luisa\/\"]}]},{\"@type\":\"ImageObject\",\"inLanguage\":\"ru-RU\",\"@id\":\"https:\/\/donbaraton.es\/ru\/p\/%d0%b1%d0%be%d0%bb%d1%8c%d1%88%d0%b0%d1%8f-%d0%b4%d0%b2%d1%83%d1%81%d0%bf%d0%b0%d0%bb%d1%8c%d0%bd%d0%b0%d1%8f-%d0%ba%d1%80%d0%be%d0%b2%d0%b0%d1%82%d1%8c-box-spring-180-200-luisa\/#primaryimage\",\"url\":\"https:\/\/donbaraton.es\/wp-content\/uploads\/2019\/08\/Cama-de-matrimonio-tapizada-180-x-200-cm-con-colch\u00f3n-cabecero-y-topper-incluidos-Luisa.-Tela-gris-Soro-93.jpg\",\"contentUrl\":\"https:\/\/donbaraton.es\/wp-content\/uploads\/2019\/08\/Cama-de-matrimonio-tapizada-180-x-200-cm-con-colch\u00f3n-cabecero-y-topper-incluidos-Luisa.-Tela-gris-Soro-93.jpg\",\"width\":1000,\"height\":750,\"caption\":\"\u0411\u043e\u043b\u044c\u0448\u0430\u044f \u0434\u0432\u0443\u0441\u043f\u0430\u043b\u044c\u043d\u0430\u044f \u043a\u0440\u043e\u0432\u0430\u0442\u044c \u00abBox Spring\u00bb 180 x 200 \u0441\u043c \u0441 \u043c\u0430\u0442\u0440\u0430\u0441\u043e\u043c, \u0438\u0437\u0433\u043e\u043b\u043e\u0432\u044c\u0435\u043c \u0438 \u0442\u043e\u043f\u043f\u0435\u0440\u043e\u043c - Luisa. \u0421\u0432\u0435\u0442\u043b\u043e-\u0441\u0435\u0440\u0430\u044f \u0442\u043a\u0430\u043d\u044c Soro 93\"},{\"@type\":\"BreadcrumbList\",\"@id\":\"https:\/\/donbaraton.es\/ru\/p\/%d0%b1%d0%be%d0%bb%d1%8c%d1%88%d0%b0%d1%8f-%d0%b4%d0%b2%d1%83%d1%81%d0%bf%d0%b0%d0%bb%d1%8c%d0%bd%d0%b0%d1%8f-%d0%ba%d1%80%d0%be%d0%b2%d0%b0%d1%82%d1%8c-box-spring-180-200-luisa\/#breadcrumb\",\"itemListElement\":[{\"@type\":\"ListItem\",\"position\":1,\"name\":\"Portada\",\"item\":\"https:\/\/donbaraton.es\/ru\/\"},{\"@type\":\"ListItem\",\"position\":2,\"name\":\"\u0418\u043d\u0442\u0435\u0440\u043d\u0435\u0442-\u043c\u0430\u0433\u0430\u0437\u0438\u043d\",\"item\":\"https:\/\/donbaraton.es\/ru\/%d0%bc%d0%b0%d0%b3%d0%b0%d0%b7%d0%b8%d0%bd\/\"},{\"@type\":\"ListItem\",\"position\":3,\"name\":\"\u0411\u043e\u043b\u044c\u0448\u0430\u044f \u0434\u0432\u0443\u0441\u043f\u0430\u043b\u044c\u043d\u0430\u044f \u043a\u0440\u043e\u0432\u0430\u0442\u044c \u00abBox Spring\u00bb 180 x 200 \u0441\u043c \u0441 \u043c\u0430\u0442\u0440\u0430\u0441\u043e\u043c, \u0438\u0437\u0433\u043e\u043b\u043e\u0432\u044c\u0435\u043c \u0438 \u0442\u043e\u043f\u043f\u0435\u0440\u043e\u043c &#8212; Luisa\"}]},{\"@type\":\"WebSite\",\"@id\":\"https:\/\/donbaraton.es\/#website\",\"url\":\"https:\/\/donbaraton.es\/\",\"name\":\"Don Baraton: tienda de sof\u00e1s, colchones y muebles\",\"description\":\"Venta de sof\u00e1s rinconeras, chaise longue, camas y conjuntos de sof\u00e1s\",\"publisher\":{\"@id\":\"https:\/\/donbaraton.es\/#organization\"},\"potentialAction\":[{\"@type\":\"SearchAction\",\"target\":{\"@type\":\"EntryPoint\",\"urlTemplate\":\"https:\/\/donbaraton.es\/?s={search_term_string}\"},\"query-input\":{\"@type\":\"PropertyValueSpecification\",\"valueRequired\":true,\"valueName\":\"search_term_string\"}}],\"inLanguage\":\"ru-RU\"},{\"@type\":\"Organization\",\"@id\":\"https:\/\/donbaraton.es\/#organization\",\"name\":\"Don Baraton\",\"url\":\"https:\/\/donbaraton.es\/\",\"logo\":{\"@type\":\"ImageObject\",\"inLanguage\":\"ru-RU\",\"@id\":\"https:\/\/donbaraton.es\/#\/schema\/logo\/image\/\",\"url\":\"https:\/\/i0.wp.com\/donbaraton.es\/wp-content\/uploads\/2016\/11\/logo_don_baraton.png?fit=228%2C110&ssl=1\",\"contentUrl\":\"https:\/\/i0.wp.com\/donbaraton.es\/wp-content\/uploads\/2016\/11\/logo_don_baraton.png?fit=228%2C110&ssl=1\",\"width\":228,\"height\":110,\"caption\":\"Don Baraton\"},\"image\":{\"@id\":\"https:\/\/donbaraton.es\/#\/schema\/logo\/image\/\"},\"sameAs\":[\"https:\/\/www.facebook.com\/donbaraton.es\",\"https:\/\/x.com\/don_baraton\",\"https:\/\/www.instagram.com\/donbaraton.es\",\"https:\/\/www.linkedin.com\/company\/donbaraton\/\",\"https:\/\/es.pinterest.com\/donbaraton\/\",\"https:\/\/www.youtube.com\/channel\/UCL02HOwx-F759Jq5MedAZfQ\"]}]}<\/script>\n<!-- \/ Yoast SEO plugin. -->","yoast_head_json":{"title":"\u0411\u043e\u043b\u044c\u0448\u0430\u044f \u0434\u0432\u0443\u0441\u043f\u0430\u043b\u044c\u043d\u0430\u044f \u043a\u0440\u043e\u0432\u0430\u0442\u044c \u00abBox Spring\u00bb 180 x 200 \u0441\u043c \u0441 \u043c\u0430\u0442\u0440\u0430\u0441\u043e\u043c, \u0438\u0437\u0433\u043e\u043b\u043e\u0432\u044c\u0435\u043c \u0438 \u0442\u043e\u043f\u043f\u0435\u0440\u043e\u043c - Luisa - Don Baraton: tienda de sof\u00e1s, colchones y muebles","robots":{"index":"index","follow":"follow","max-snippet":"max-snippet:-1","max-image-preview":"max-image-preview:large","max-video-preview":"max-video-preview:-1"},"canonical":"https:\/\/donbaraton.es\/ru\/p\/\u0431\u043e\u043b\u044c\u0448\u0430\u044f-\u0434\u0432\u0443\u0441\u043f\u0430\u043b\u044c\u043d\u0430\u044f-\u043a\u0440\u043e\u0432\u0430\u0442\u044c-box-spring-180-200-luisa\/","og_locale":"ru_RU","og_type":"article","og_title":"\u0411\u043e\u043b\u044c\u0448\u0430\u044f \u0434\u0432\u0443\u0441\u043f\u0430\u043b\u044c\u043d\u0430\u044f \u043a\u0440\u043e\u0432\u0430\u0442\u044c \u00abBox Spring\u00bb 180 x 200 \u0441\u043c \u0441 \u043c\u0430\u0442\u0440\u0430\u0441\u043e\u043c, \u0438\u0437\u0433\u043e\u043b\u043e\u0432\u044c\u0435\u043c \u0438 \u0442\u043e\u043f\u043f\u0435\u0440\u043e\u043c - Luisa - Don Baraton: tienda de sof\u00e1s, colchones y muebles","og_description":"\u0411\u043e\u043b\u044c\u0448\u0430\u044f \u043a\u0440\u043e\u0432\u0430\u0442\u044c \u0442\u0438\u043f\u0430 \u00abbox spring\u00bb  \u041e\u0431\u0438\u0432\u043a\u0430 \u0438\u0437 \u0442\u043a\u0430\u043d\u0438  \u0418\u0437\u0433\u043e\u043b\u043e\u0432\u044c\u0435 \u043e\u0431\u0438\u0442\u043e\u0435 \u0442\u043a\u0430\u043d\u044c\u044e \u0432\u043a\u043b\u044e\u0447\u0435\u043d\u043e  \u041f\u0440\u0443\u0436\u0438\u043d\u043d\u044b\u0439 \u043c\u0430\u0442\u0440\u0430\u0441 180 x 200 \u0432\u043a\u043b\u044e\u0447\u0435\u043d  \u0413\u0438\u043f\u043e\u0430\u043b\u043b\u0435\u0440\u0433\u0435\u043d\u043d\u044b\u0439 \u0442\u043e\u043f\u043f\u0435\u0440 \u0442\u043e\u043b\u0449\u0438\u043d\u043e\u0439 4 \u0441\u043c \u0432\u043a\u043b\u044e\u0447\u0435\u043d \u0432 \u0446\u0435\u043d\u0443  \u0420\u0430\u0437\u043c\u0435\u0440\u044b: \u0434\u043b\u0438\u043d\u0430 205 \u0441\u043c, \u0448\u0438\u0440\u0438\u043d\u0430 183 \u0441\u043c, \u0432\u044b\u0441\u043e\u0442\u0430 (\u0438\u0437\u0433\u043e\u043b\u043e\u0432\u044c\u0435) 105 \u0441\u043c","og_url":"https:\/\/donbaraton.es\/ru\/p\/\u0431\u043e\u043b\u044c\u0448\u0430\u044f-\u0434\u0432\u0443\u0441\u043f\u0430\u043b\u044c\u043d\u0430\u044f-\u043a\u0440\u043e\u0432\u0430\u0442\u044c-box-spring-180-200-luisa\/","og_site_name":"Don Baraton: tienda de sof\u00e1s, colchones y muebles","article_publisher":"https:\/\/www.facebook.com\/donbaraton.es","article_modified_time":"2022-03-14T23:28:42+00:00","og_image":[{"width":1000,"height":750,"url":"https:\/\/i2.wp.com\/donbaraton.es\/wp-content\/uploads\/2019\/08\/Cama-de-matrimonio-tapizada-180-x-200-cm-con-colch\u00f3n-cabecero-y-topper-incluidos-Luisa.-Tela-gris-Soro-93.jpg?fit=1000%2C750&ssl=1","type":"image\/jpeg"}],"twitter_card":"summary_large_image","twitter_site":"@don_baraton","schema":{"@context":"https:\/\/schema.org","@graph":[{"@type":"WebPage","@id":"https:\/\/donbaraton.es\/ru\/p\/%d0%b1%d0%be%d0%bb%d1%8c%d1%88%d0%b0%d1%8f-%d0%b4%d0%b2%d1%83%d1%81%d0%bf%d0%b0%d0%bb%d1%8c%d0%bd%d0%b0%d1%8f-%d0%ba%d1%80%d0%be%d0%b2%d0%b0%d1%82%d1%8c-box-spring-180-200-luisa\/","url":"https:\/\/donbaraton.es\/ru\/p\/%d0%b1%d0%be%d0%bb%d1%8c%d1%88%d0%b0%d1%8f-%d0%b4%d0%b2%d1%83%d1%81%d0%bf%d0%b0%d0%bb%d1%8c%d0%bd%d0%b0%d1%8f-%d0%ba%d1%80%d0%be%d0%b2%d0%b0%d1%82%d1%8c-box-spring-180-200-luisa\/","name":"\u0411\u043e\u043b\u044c\u0448\u0430\u044f \u0434\u0432\u0443\u0441\u043f\u0430\u043b\u044c\u043d\u0430\u044f \u043a\u0440\u043e\u0432\u0430\u0442\u044c \u00abBox Spring\u00bb 180 x 200 \u0441\u043c \u0441 \u043c\u0430\u0442\u0440\u0430\u0441\u043e\u043c, \u0438\u0437\u0433\u043e\u043b\u043e\u0432\u044c\u0435\u043c \u0438 \u0442\u043e\u043f\u043f\u0435\u0440\u043e\u043c - Luisa - Don Baraton: tienda de sof\u00e1s, colchones y muebles","isPartOf":{"@id":"https:\/\/donbaraton.es\/#website"},"primaryImageOfPage":{"@id":"https:\/\/donbaraton.es\/ru\/p\/%d0%b1%d0%be%d0%bb%d1%8c%d1%88%d0%b0%d1%8f-%d0%b4%d0%b2%d1%83%d1%81%d0%bf%d0%b0%d0%bb%d1%8c%d0%bd%d0%b0%d1%8f-%d0%ba%d1%80%d0%be%d0%b2%d0%b0%d1%82%d1%8c-box-spring-180-200-luisa\/#primaryimage"},"image":{"@id":"https:\/\/donbaraton.es\/ru\/p\/%d0%b1%d0%be%d0%bb%d1%8c%d1%88%d0%b0%d1%8f-%d0%b4%d0%b2%d1%83%d1%81%d0%bf%d0%b0%d0%bb%d1%8c%d0%bd%d0%b0%d1%8f-%d0%ba%d1%80%d0%be%d0%b2%d0%b0%d1%82%d1%8c-box-spring-180-200-luisa\/#primaryimage"},"thumbnailUrl":"https:\/\/donbaraton.es\/wp-content\/uploads\/2019\/08\/Cama-de-matrimonio-tapizada-180-x-200-cm-con-colch\u00f3n-cabecero-y-topper-incluidos-Luisa.-Tela-gris-Soro-93.jpg","datePublished":"2019-08-22T10:42:58+00:00","dateModified":"2022-03-14T23:28:42+00:00","breadcrumb":{"@id":"https:\/\/donbaraton.es\/ru\/p\/%d0%b1%d0%be%d0%bb%d1%8c%d1%88%d0%b0%d1%8f-%d0%b4%d0%b2%d1%83%d1%81%d0%bf%d0%b0%d0%bb%d1%8c%d0%bd%d0%b0%d1%8f-%d0%ba%d1%80%d0%be%d0%b2%d0%b0%d1%82%d1%8c-box-spring-180-200-luisa\/#breadcrumb"},"inLanguage":"ru-RU","potentialAction":[{"@type":"ReadAction","target":["https:\/\/donbaraton.es\/ru\/p\/%d0%b1%d0%be%d0%bb%d1%8c%d1%88%d0%b0%d1%8f-%d0%b4%d0%b2%d1%83%d1%81%d0%bf%d0%b0%d0%bb%d1%8c%d0%bd%d0%b0%d1%8f-%d0%ba%d1%80%d0%be%d0%b2%d0%b0%d1%82%d1%8c-box-spring-180-200-luisa\/"]}]},{"@type":"ImageObject","inLanguage":"ru-RU","@id":"https:\/\/donbaraton.es\/ru\/p\/%d0%b1%d0%be%d0%bb%d1%8c%d1%88%d0%b0%d1%8f-%d0%b4%d0%b2%d1%83%d1%81%d0%bf%d0%b0%d0%bb%d1%8c%d0%bd%d0%b0%d1%8f-%d0%ba%d1%80%d0%be%d0%b2%d0%b0%d1%82%d1%8c-box-spring-180-200-luisa\/#primaryimage","url":"https:\/\/donbaraton.es\/wp-content\/uploads\/2019\/08\/Cama-de-matrimonio-tapizada-180-x-200-cm-con-colch\u00f3n-cabecero-y-topper-incluidos-Luisa.-Tela-gris-Soro-93.jpg","contentUrl":"https:\/\/donbaraton.es\/wp-content\/uploads\/2019\/08\/Cama-de-matrimonio-tapizada-180-x-200-cm-con-colch\u00f3n-cabecero-y-topper-incluidos-Luisa.-Tela-gris-Soro-93.jpg","width":1000,"height":750,"caption":"\u0411\u043e\u043b\u044c\u0448\u0430\u044f \u0434\u0432\u0443\u0441\u043f\u0430\u043b\u044c\u043d\u0430\u044f \u043a\u0440\u043e\u0432\u0430\u0442\u044c \u00abBox Spring\u00bb 180 x 200 \u0441\u043c \u0441 \u043c\u0430\u0442\u0440\u0430\u0441\u043e\u043c, \u0438\u0437\u0433\u043e\u043b\u043e\u0432\u044c\u0435\u043c \u0438 \u0442\u043e\u043f\u043f\u0435\u0440\u043e\u043c - Luisa. \u0421\u0432\u0435\u0442\u043b\u043e-\u0441\u0435\u0440\u0430\u044f \u0442\u043a\u0430\u043d\u044c Soro 93"},{"@type":"BreadcrumbList","@id":"https:\/\/donbaraton.es\/ru\/p\/%d0%b1%d0%be%d0%bb%d1%8c%d1%88%d0%b0%d1%8f-%d0%b4%d0%b2%d1%83%d1%81%d0%bf%d0%b0%d0%bb%d1%8c%d0%bd%d0%b0%d1%8f-%d0%ba%d1%80%d0%be%d0%b2%d0%b0%d1%82%d1%8c-box-spring-180-200-luisa\/#breadcrumb","itemListElement":[{"@type":"ListItem","position":1,"name":"Portada","item":"https:\/\/donbaraton.es\/ru\/"},{"@type":"ListItem","position":2,"name":"\u0418\u043d\u0442\u0435\u0440\u043d\u0435\u0442-\u043c\u0430\u0433\u0430\u0437\u0438\u043d","item":"https:\/\/donbaraton.es\/ru\/%d0%bc%d0%b0%d0%b3%d0%b0%d0%b7%d0%b8%d0%bd\/"},{"@type":"ListItem","position":3,"name":"\u0411\u043e\u043b\u044c\u0448\u0430\u044f \u0434\u0432\u0443\u0441\u043f\u0430\u043b\u044c\u043d\u0430\u044f \u043a\u0440\u043e\u0432\u0430\u0442\u044c \u00abBox Spring\u00bb 180 x 200 \u0441\u043c \u0441 \u043c\u0430\u0442\u0440\u0430\u0441\u043e\u043c, \u0438\u0437\u0433\u043e\u043b\u043e\u0432\u044c\u0435\u043c \u0438 \u0442\u043e\u043f\u043f\u0435\u0440\u043e\u043c &#8212; Luisa"}]},{"@type":"WebSite","@id":"https:\/\/donbaraton.es\/#website","url":"https:\/\/donbaraton.es\/","name":"Don Baraton: tienda de sof\u00e1s, colchones y muebles","description":"Venta de sof\u00e1s rinconeras, chaise longue, camas y conjuntos de sof\u00e1s","publisher":{"@id":"https:\/\/donbaraton.es\/#organization"},"potentialAction":[{"@type":"SearchAction","target":{"@type":"EntryPoint","urlTemplate":"https:\/\/donbaraton.es\/?s={search_term_string}"},"query-input":{"@type":"PropertyValueSpecification","valueRequired":true,"valueName":"search_term_string"}}],"inLanguage":"ru-RU"},{"@type":"Organization","@id":"https:\/\/donbaraton.es\/#organization","name":"Don Baraton","url":"https:\/\/donbaraton.es\/","logo":{"@type":"ImageObject","inLanguage":"ru-RU","@id":"https:\/\/donbaraton.es\/#\/schema\/logo\/image\/","url":"https:\/\/i0.wp.com\/donbaraton.es\/wp-content\/uploads\/2016\/11\/logo_don_baraton.png?fit=228%2C110&ssl=1","contentUrl":"https:\/\/i0.wp.com\/donbaraton.es\/wp-content\/uploads\/2016\/11\/logo_don_baraton.png?fit=228%2C110&ssl=1","width":228,"height":110,"caption":"Don Baraton"},"image":{"@id":"https:\/\/donbaraton.es\/#\/schema\/logo\/image\/"},"sameAs":["https:\/\/www.facebook.com\/donbaraton.es","https:\/\/x.com\/don_baraton","https:\/\/www.instagram.com\/donbaraton.es","https:\/\/www.linkedin.com\/company\/donbaraton\/","https:\/\/es.pinterest.com\/donbaraton\/","https:\/\/www.youtube.com\/channel\/UCL02HOwx-F759Jq5MedAZfQ"]}]}},"_links":{"self":[{"href":"https:\/\/donbaraton.es\/ru\/wp-json\/wp\/v2\/product\/18616","targetHints":{"allow":["GET"]}}],"collection":[{"href":"https:\/\/donbaraton.es\/ru\/wp-json\/wp\/v2\/product"}],"about":[{"href":"https:\/\/donbaraton.es\/ru\/wp-json\/wp\/v2\/types\/product"}],"replies":[{"embeddable":true,"href":"https:\/\/donbaraton.es\/ru\/wp-json\/wp\/v2\/comments?post=18616"}],"wp:featuredmedia":[{"embeddable":true,"href":"https:\/\/donbaraton.es\/ru\/wp-json\/wp\/v2\/media\/18587"}],"wp:attachment":[{"href":"https:\/\/donbaraton.es\/ru\/wp-json\/wp\/v2\/media?parent=18616"}],"wp:term":[{"taxonomy":"product_brand","embeddable":true,"href":"https:\/\/donbaraton.es\/ru\/wp-json\/wp\/v2\/product_brand?post=18616"},{"taxonomy":"product_cat","embeddable":true,"href":"https:\/\/donbaraton.es\/ru\/wp-json\/wp\/v2\/product_cat?post=18616"},{"taxonomy":"product_tag","embeddable":true,"href":"https:\/\/donbaraton.es\/ru\/wp-json\/wp\/v2\/product_tag?post=18616"}],"curies":[{"name":"wp","href":"https:\/\/api.w.org\/{rel}","templated":true}]}}