{"id":20266,"date":"2019-10-15T15:44:22","date_gmt":"2019-10-15T13:44:22","guid":{"rendered":"https:\/\/donbaraton.es\/p\/%d0%bd%d0%b0%d0%b2%d0%b5%d1%81%d0%bd%d0%b0%d1%8f-%d0%bf%d0%be%d0%bb%d0%ba%d0%b0-%d1%81-%d0%bf%d0%b0%d0%bd%d0%b5%d0%bb%d1%8c%d1%8e-%d0%bf%d1%80%d0%be%d0%b2%d0%b0%d0%bd%d1%81-provence\/"},"modified":"2019-10-24T17:47:33","modified_gmt":"2019-10-24T15:47:33","slug":"%d0%bd%d0%b0%d0%b2%d0%b5%d1%81%d0%bd%d0%b0%d1%8f-%d0%bf%d0%be%d0%bb%d0%ba%d0%b0-%d1%81-%d0%bf%d0%b0%d0%bd%d0%b5%d0%bb%d1%8c%d1%8e-%d0%bf%d1%80%d0%be%d0%b2%d0%b0%d0%bd%d1%81-provence","status":"publish","type":"product","link":"https:\/\/donbaraton.es\/ru\/p\/%d0%bd%d0%b0%d0%b2%d0%b5%d1%81%d0%bd%d0%b0%d1%8f-%d0%bf%d0%be%d0%bb%d0%ba%d0%b0-%d1%81-%d0%bf%d0%b0%d0%bd%d0%b5%d0%bb%d1%8c%d1%8e-%d0%bf%d1%80%d0%be%d0%b2%d0%b0%d0%bd%d1%81-provence\/","title":{"rendered":"\u041d\u0430\u0432\u0435\u0441\u043d\u0430\u044f \u043f\u043e\u043b\u043a\u0430 \u0441 \u043f\u0430\u043d\u0435\u043b\u044c\u044e \u0432 \u0441\u0442\u0438\u043b\u0435 &#171;\u043f\u0440\u043e\u0432\u0430\u043d\u0441&#187;, 176 \u0441\u043c &#8212; Provence"},"content":{"rendered":"<p><strong>\u041d\u0430\u0432\u0435\u0441\u043d\u0430\u044f \u043f\u043e\u043b\u043a\u0430 \u0441 \u043f\u0430\u043d\u0435\u043b\u044c\u044e \u0432 \u0441\u0442\u0438\u043b\u0435 &#171;\u043f\u0440\u043e\u0432\u0430\u043d\u0441&#187;, 176 \u0441\u043c &#8212; Provence<\/strong><\/p>\n<p><strong>\u0420\u0430\u0437\u043c\u0435\u0440\u044b:<\/strong> \u0434\u043b\u0438\u043d\u0430 176 \u0441\u043c, \u0432\u044b\u0441\u043e\u0442\u0430 24 \u0441\u043c, \u0433\u043b\u0443\u0431\u0438\u043d\u0430 22 \u0441\u043c<\/p>\n<p>\u0423\u0441\u0442\u0430\u043d\u043e\u0432\u043a\u0430 \u043d\u0435 \u0432\u043a\u043b\u044e\u0447\u0435\u043d\u0430 \u0432 \u0446\u0435\u043d\u0443<\/p>\n","protected":false},"excerpt":{"rendered":"<ul>\n<li>\u041a\u043b\u0430\u0441\u0441\u0438\u0447\u0435\u0441\u043a\u0438\u0439 \u0444\u0440\u0430\u043d\u0446\u0443\u0437\u0441\u043a\u0438\u0439 \u0434\u0438\u0437\u0430\u0439\u043d \u0432 \u0441\u0442\u0438\u043b\u0435 \u00ab\u0440\u0443\u0441\u0442\u0438\u043a \u043f\u0440\u043e\u0432\u0430\u043d\u0441\u00bb<\/li>\n<li>\u0417\u0430\u0434\u043d\u044f\u044f \u043f\u0430\u043d\u0435\u043b\u044c \u0434\u043b\u044f \u0437\u0430\u0449\u0438\u0442\u044b \u0441\u0442\u0435\u043d\u044b<\/li>\n<li>\u0421\u0432\u0435\u0442\u043b\u043e-\u0441\u0435\u0440\u044b\u0439 \u0446\u0432\u0435\u0442<\/li>\n<li>\u041a\u043e\u043c\u0431\u0438\u043d\u0438\u0440\u0443\u0435\u0442\u0441\u044f \u0441 \u0434\u0440\u0443\u0433\u043e\u0439 \u043c\u0435\u0431\u0435\u043b\u044c\u044e \u0441\u0435\u0440\u0438\u0438 Provence<\/li>\n<\/ul>\n<p><strong>\u0420\u0430\u0437\u043c\u0435\u0440\u044b:<\/strong> \u0434\u043b\u0438\u043d\u0430 176 \u0441\u043c, \u0432\u044b\u0441\u043e\u0442\u0430 24 \u0441\u043c, \u0433\u043b\u0443\u0431\u0438\u043d\u0430 22 \u0441\u043c<\/p>\n","protected":false},"featured_media":20196,"comment_status":"open","ping_status":"closed","template":"","meta":{"_et_pb_use_builder":"","_et_pb_old_content":"","_et_gb_content_width":""},"product_brand":[],"product_cat":[70,304],"product_tag":[],"class_list":{"0":"post-20266","1":"product","2":"type-product","3":"status-publish","4":"has-post-thumbnail","6":"product_cat-70","7":"product_cat-304","8":"product_shipping_class-3-20-kg-hasta-10-dias","9":"pa_material-261","11":"first","12":"outofstock","13":"sale","14":"taxable","15":"shipping-taxable","16":"purchasable","17":"product-type-simple"},"yoast_head":"<!-- This site is optimized with the Yoast SEO plugin v27.2 - https:\/\/yoast.com\/product\/yoast-seo-wordpress\/ -->\n<title>\u041d\u0430\u0432\u0435\u0441\u043d\u0430\u044f \u043f\u043e\u043b\u043a\u0430 \u0441 \u043f\u0430\u043d\u0435\u043b\u044c\u044e \u0432 \u0441\u0442\u0438\u043b\u0435 &quot;\u043f\u0440\u043e\u0432\u0430\u043d\u0441&quot;, 176 \u0441\u043c - Provence - Don Baraton: tienda de sof\u00e1s, colchones y muebles<\/title>\n<meta name=\"robots\" content=\"index, follow, max-snippet:-1, max-image-preview:large, max-video-preview:-1\" \/>\n<link rel=\"canonical\" href=\"https:\/\/donbaraton.es\/ru\/p\/\u043d\u0430\u0432\u0435\u0441\u043d\u0430\u044f-\u043f\u043e\u043b\u043a\u0430-\u0441-\u043f\u0430\u043d\u0435\u043b\u044c\u044e-\u043f\u0440\u043e\u0432\u0430\u043d\u0441-provence\/\" \/>\n<meta property=\"og:locale\" content=\"ru_RU\" \/>\n<meta property=\"og:type\" content=\"article\" \/>\n<meta property=\"og:title\" content=\"\u041d\u0430\u0432\u0435\u0441\u043d\u0430\u044f \u043f\u043e\u043b\u043a\u0430 \u0441 \u043f\u0430\u043d\u0435\u043b\u044c\u044e \u0432 \u0441\u0442\u0438\u043b\u0435 &quot;\u043f\u0440\u043e\u0432\u0430\u043d\u0441&quot;, 176 \u0441\u043c - Provence - Don Baraton: tienda de sof\u00e1s, colchones y muebles\" \/>\n<meta property=\"og:description\" content=\"\u041a\u043b\u0430\u0441\u0441\u0438\u0447\u0435\u0441\u043a\u0438\u0439 \u0444\u0440\u0430\u043d\u0446\u0443\u0437\u0441\u043a\u0438\u0439 \u0434\u0438\u0437\u0430\u0439\u043d \u0432 \u0441\u0442\u0438\u043b\u0435 \u00ab\u0440\u0443\u0441\u0442\u0438\u043a \u043f\u0440\u043e\u0432\u0430\u043d\u0441\u00bb  \u0417\u0430\u0434\u043d\u044f\u044f \u043f\u0430\u043d\u0435\u043b\u044c \u0434\u043b\u044f \u0437\u0430\u0449\u0438\u0442\u044b \u0441\u0442\u0435\u043d\u044b  \u0421\u0432\u0435\u0442\u043b\u043e-\u0441\u0435\u0440\u044b\u0439 \u0446\u0432\u0435\u0442  \u041a\u043e\u043c\u0431\u0438\u043d\u0438\u0440\u0443\u0435\u0442\u0441\u044f \u0441 \u0434\u0440\u0443\u0433\u043e\u0439 \u043c\u0435\u0431\u0435\u043b\u044c\u044e \u0441\u0435\u0440\u0438\u0438 Provence  \u0420\u0430\u0437\u043c\u0435\u0440\u044b: \u0434\u043b\u0438\u043d\u0430 176 \u0441\u043c, \u0432\u044b\u0441\u043e\u0442\u0430 24 \u0441\u043c, \u0433\u043b\u0443\u0431\u0438\u043d\u0430 22 \u0441\u043c\" \/>\n<meta property=\"og:url\" content=\"https:\/\/donbaraton.es\/ru\/p\/\u043d\u0430\u0432\u0435\u0441\u043d\u0430\u044f-\u043f\u043e\u043b\u043a\u0430-\u0441-\u043f\u0430\u043d\u0435\u043b\u044c\u044e-\u043f\u0440\u043e\u0432\u0430\u043d\u0441-provence\/\" \/>\n<meta property=\"og:site_name\" content=\"Don Baraton: tienda de sof\u00e1s, colchones y muebles\" \/>\n<meta property=\"article:publisher\" content=\"https:\/\/www.facebook.com\/donbaraton.es\" \/>\n<meta property=\"article:modified_time\" content=\"2019-10-24T15:47:33+00:00\" \/>\n<meta property=\"og:image\" content=\"https:\/\/i0.wp.com\/donbaraton.es\/wp-content\/uploads\/2019\/10\/Estante-de-pared-estilo-provenzal-franc\u00e9s-r\u00fastico-\u2013-Provence.jpg?fit=1000%2C750&ssl=1\" \/>\n\t<meta property=\"og:image:width\" content=\"1000\" \/>\n\t<meta property=\"og:image:height\" content=\"750\" \/>\n\t<meta property=\"og:image:type\" content=\"image\/jpeg\" \/>\n<meta name=\"twitter:card\" content=\"summary_large_image\" \/>\n<meta name=\"twitter:site\" content=\"@don_baraton\" \/>\n<script type=\"application\/ld+json\" class=\"yoast-schema-graph\">{\"@context\":\"https:\/\/schema.org\",\"@graph\":[{\"@type\":\"WebPage\",\"@id\":\"https:\/\/donbaraton.es\/ru\/p\/%d0%bd%d0%b0%d0%b2%d0%b5%d1%81%d0%bd%d0%b0%d1%8f-%d0%bf%d0%be%d0%bb%d0%ba%d0%b0-%d1%81-%d0%bf%d0%b0%d0%bd%d0%b5%d0%bb%d1%8c%d1%8e-%d0%bf%d1%80%d0%be%d0%b2%d0%b0%d0%bd%d1%81-provence\/\",\"url\":\"https:\/\/donbaraton.es\/ru\/p\/%d0%bd%d0%b0%d0%b2%d0%b5%d1%81%d0%bd%d0%b0%d1%8f-%d0%bf%d0%be%d0%bb%d0%ba%d0%b0-%d1%81-%d0%bf%d0%b0%d0%bd%d0%b5%d0%bb%d1%8c%d1%8e-%d0%bf%d1%80%d0%be%d0%b2%d0%b0%d0%bd%d1%81-provence\/\",\"name\":\"\u041d\u0430\u0432\u0435\u0441\u043d\u0430\u044f \u043f\u043e\u043b\u043a\u0430 \u0441 \u043f\u0430\u043d\u0435\u043b\u044c\u044e \u0432 \u0441\u0442\u0438\u043b\u0435 \\\"\u043f\u0440\u043e\u0432\u0430\u043d\u0441\\\", 176 \u0441\u043c - Provence - Don Baraton: tienda de sof\u00e1s, colchones y muebles\",\"isPartOf\":{\"@id\":\"https:\/\/donbaraton.es\/#website\"},\"primaryImageOfPage\":{\"@id\":\"https:\/\/donbaraton.es\/ru\/p\/%d0%bd%d0%b0%d0%b2%d0%b5%d1%81%d0%bd%d0%b0%d1%8f-%d0%bf%d0%be%d0%bb%d0%ba%d0%b0-%d1%81-%d0%bf%d0%b0%d0%bd%d0%b5%d0%bb%d1%8c%d1%8e-%d0%bf%d1%80%d0%be%d0%b2%d0%b0%d0%bd%d1%81-provence\/#primaryimage\"},\"image\":{\"@id\":\"https:\/\/donbaraton.es\/ru\/p\/%d0%bd%d0%b0%d0%b2%d0%b5%d1%81%d0%bd%d0%b0%d1%8f-%d0%bf%d0%be%d0%bb%d0%ba%d0%b0-%d1%81-%d0%bf%d0%b0%d0%bd%d0%b5%d0%bb%d1%8c%d1%8e-%d0%bf%d1%80%d0%be%d0%b2%d0%b0%d0%bd%d1%81-provence\/#primaryimage\"},\"thumbnailUrl\":\"https:\/\/donbaraton.es\/wp-content\/uploads\/2019\/10\/Estante-de-pared-estilo-provenzal-franc\u00e9s-r\u00fastico-\u2013-Provence.jpg\",\"datePublished\":\"2019-10-15T13:44:22+00:00\",\"dateModified\":\"2019-10-24T15:47:33+00:00\",\"breadcrumb\":{\"@id\":\"https:\/\/donbaraton.es\/ru\/p\/%d0%bd%d0%b0%d0%b2%d0%b5%d1%81%d0%bd%d0%b0%d1%8f-%d0%bf%d0%be%d0%bb%d0%ba%d0%b0-%d1%81-%d0%bf%d0%b0%d0%bd%d0%b5%d0%bb%d1%8c%d1%8e-%d0%bf%d1%80%d0%be%d0%b2%d0%b0%d0%bd%d1%81-provence\/#breadcrumb\"},\"inLanguage\":\"ru-RU\",\"potentialAction\":[{\"@type\":\"ReadAction\",\"target\":[\"https:\/\/donbaraton.es\/ru\/p\/%d0%bd%d0%b0%d0%b2%d0%b5%d1%81%d0%bd%d0%b0%d1%8f-%d0%bf%d0%be%d0%bb%d0%ba%d0%b0-%d1%81-%d0%bf%d0%b0%d0%bd%d0%b5%d0%bb%d1%8c%d1%8e-%d0%bf%d1%80%d0%be%d0%b2%d0%b0%d0%bd%d1%81-provence\/\"]}]},{\"@type\":\"ImageObject\",\"inLanguage\":\"ru-RU\",\"@id\":\"https:\/\/donbaraton.es\/ru\/p\/%d0%bd%d0%b0%d0%b2%d0%b5%d1%81%d0%bd%d0%b0%d1%8f-%d0%bf%d0%be%d0%bb%d0%ba%d0%b0-%d1%81-%d0%bf%d0%b0%d0%bd%d0%b5%d0%bb%d1%8c%d1%8e-%d0%bf%d1%80%d0%be%d0%b2%d0%b0%d0%bd%d1%81-provence\/#primaryimage\",\"url\":\"https:\/\/donbaraton.es\/wp-content\/uploads\/2019\/10\/Estante-de-pared-estilo-provenzal-franc\u00e9s-r\u00fastico-\u2013-Provence.jpg\",\"contentUrl\":\"https:\/\/donbaraton.es\/wp-content\/uploads\/2019\/10\/Estante-de-pared-estilo-provenzal-franc\u00e9s-r\u00fastico-\u2013-Provence.jpg\",\"width\":1000,\"height\":750,\"caption\":\"\u041d\u0430\u0432\u0435\u0441\u043d\u0430\u044f \u043f\u043e\u043b\u043a\u0430 \u0441 \u043f\u0430\u043d\u0435\u043b\u044c\u044e \u0432 \u0441\u0442\u0438\u043b\u0435 \\\"\u043f\u0440\u043e\u0432\u0430\u043d\u0441\\\", 176 \u0441\u043c - Provence\"},{\"@type\":\"BreadcrumbList\",\"@id\":\"https:\/\/donbaraton.es\/ru\/p\/%d0%bd%d0%b0%d0%b2%d0%b5%d1%81%d0%bd%d0%b0%d1%8f-%d0%bf%d0%be%d0%bb%d0%ba%d0%b0-%d1%81-%d0%bf%d0%b0%d0%bd%d0%b5%d0%bb%d1%8c%d1%8e-%d0%bf%d1%80%d0%be%d0%b2%d0%b0%d0%bd%d1%81-provence\/#breadcrumb\",\"itemListElement\":[{\"@type\":\"ListItem\",\"position\":1,\"name\":\"Portada\",\"item\":\"https:\/\/donbaraton.es\/ru\/\"},{\"@type\":\"ListItem\",\"position\":2,\"name\":\"\u0418\u043d\u0442\u0435\u0440\u043d\u0435\u0442-\u043c\u0430\u0433\u0430\u0437\u0438\u043d\",\"item\":\"https:\/\/donbaraton.es\/ru\/%d0%bc%d0%b0%d0%b3%d0%b0%d0%b7%d0%b8%d0%bd\/\"},{\"@type\":\"ListItem\",\"position\":3,\"name\":\"\u041d\u0430\u0432\u0435\u0441\u043d\u0430\u044f \u043f\u043e\u043b\u043a\u0430 \u0441 \u043f\u0430\u043d\u0435\u043b\u044c\u044e \u0432 \u0441\u0442\u0438\u043b\u0435 &#171;\u043f\u0440\u043e\u0432\u0430\u043d\u0441&#187;, 176 \u0441\u043c &#8212; Provence\"}]},{\"@type\":\"WebSite\",\"@id\":\"https:\/\/donbaraton.es\/#website\",\"url\":\"https:\/\/donbaraton.es\/\",\"name\":\"Don Baraton: tienda de sof\u00e1s, colchones y muebles\",\"description\":\"Venta de sof\u00e1s rinconeras, chaise longue, camas y conjuntos de sof\u00e1s\",\"publisher\":{\"@id\":\"https:\/\/donbaraton.es\/#organization\"},\"potentialAction\":[{\"@type\":\"SearchAction\",\"target\":{\"@type\":\"EntryPoint\",\"urlTemplate\":\"https:\/\/donbaraton.es\/?s={search_term_string}\"},\"query-input\":{\"@type\":\"PropertyValueSpecification\",\"valueRequired\":true,\"valueName\":\"search_term_string\"}}],\"inLanguage\":\"ru-RU\"},{\"@type\":\"Organization\",\"@id\":\"https:\/\/donbaraton.es\/#organization\",\"name\":\"Don Baraton\",\"url\":\"https:\/\/donbaraton.es\/\",\"logo\":{\"@type\":\"ImageObject\",\"inLanguage\":\"ru-RU\",\"@id\":\"https:\/\/donbaraton.es\/#\/schema\/logo\/image\/\",\"url\":\"https:\/\/i0.wp.com\/donbaraton.es\/wp-content\/uploads\/2016\/11\/logo_don_baraton.png?fit=228%2C110&ssl=1\",\"contentUrl\":\"https:\/\/i0.wp.com\/donbaraton.es\/wp-content\/uploads\/2016\/11\/logo_don_baraton.png?fit=228%2C110&ssl=1\",\"width\":228,\"height\":110,\"caption\":\"Don Baraton\"},\"image\":{\"@id\":\"https:\/\/donbaraton.es\/#\/schema\/logo\/image\/\"},\"sameAs\":[\"https:\/\/www.facebook.com\/donbaraton.es\",\"https:\/\/x.com\/don_baraton\",\"https:\/\/www.instagram.com\/donbaraton.es\",\"https:\/\/www.linkedin.com\/company\/donbaraton\/\",\"https:\/\/es.pinterest.com\/donbaraton\/\",\"https:\/\/www.youtube.com\/channel\/UCL02HOwx-F759Jq5MedAZfQ\"]}]}<\/script>\n<!-- \/ Yoast SEO plugin. -->","yoast_head_json":{"title":"\u041d\u0430\u0432\u0435\u0441\u043d\u0430\u044f \u043f\u043e\u043b\u043a\u0430 \u0441 \u043f\u0430\u043d\u0435\u043b\u044c\u044e \u0432 \u0441\u0442\u0438\u043b\u0435 \"\u043f\u0440\u043e\u0432\u0430\u043d\u0441\", 176 \u0441\u043c - Provence - Don Baraton: tienda de sof\u00e1s, colchones y muebles","robots":{"index":"index","follow":"follow","max-snippet":"max-snippet:-1","max-image-preview":"max-image-preview:large","max-video-preview":"max-video-preview:-1"},"canonical":"https:\/\/donbaraton.es\/ru\/p\/\u043d\u0430\u0432\u0435\u0441\u043d\u0430\u044f-\u043f\u043e\u043b\u043a\u0430-\u0441-\u043f\u0430\u043d\u0435\u043b\u044c\u044e-\u043f\u0440\u043e\u0432\u0430\u043d\u0441-provence\/","og_locale":"ru_RU","og_type":"article","og_title":"\u041d\u0430\u0432\u0435\u0441\u043d\u0430\u044f \u043f\u043e\u043b\u043a\u0430 \u0441 \u043f\u0430\u043d\u0435\u043b\u044c\u044e \u0432 \u0441\u0442\u0438\u043b\u0435 \"\u043f\u0440\u043e\u0432\u0430\u043d\u0441\", 176 \u0441\u043c - Provence - Don Baraton: tienda de sof\u00e1s, colchones y muebles","og_description":"\u041a\u043b\u0430\u0441\u0441\u0438\u0447\u0435\u0441\u043a\u0438\u0439 \u0444\u0440\u0430\u043d\u0446\u0443\u0437\u0441\u043a\u0438\u0439 \u0434\u0438\u0437\u0430\u0439\u043d \u0432 \u0441\u0442\u0438\u043b\u0435 \u00ab\u0440\u0443\u0441\u0442\u0438\u043a \u043f\u0440\u043e\u0432\u0430\u043d\u0441\u00bb  \u0417\u0430\u0434\u043d\u044f\u044f \u043f\u0430\u043d\u0435\u043b\u044c \u0434\u043b\u044f \u0437\u0430\u0449\u0438\u0442\u044b \u0441\u0442\u0435\u043d\u044b  \u0421\u0432\u0435\u0442\u043b\u043e-\u0441\u0435\u0440\u044b\u0439 \u0446\u0432\u0435\u0442  \u041a\u043e\u043c\u0431\u0438\u043d\u0438\u0440\u0443\u0435\u0442\u0441\u044f \u0441 \u0434\u0440\u0443\u0433\u043e\u0439 \u043c\u0435\u0431\u0435\u043b\u044c\u044e \u0441\u0435\u0440\u0438\u0438 Provence  \u0420\u0430\u0437\u043c\u0435\u0440\u044b: \u0434\u043b\u0438\u043d\u0430 176 \u0441\u043c, \u0432\u044b\u0441\u043e\u0442\u0430 24 \u0441\u043c, \u0433\u043b\u0443\u0431\u0438\u043d\u0430 22 \u0441\u043c","og_url":"https:\/\/donbaraton.es\/ru\/p\/\u043d\u0430\u0432\u0435\u0441\u043d\u0430\u044f-\u043f\u043e\u043b\u043a\u0430-\u0441-\u043f\u0430\u043d\u0435\u043b\u044c\u044e-\u043f\u0440\u043e\u0432\u0430\u043d\u0441-provence\/","og_site_name":"Don Baraton: tienda de sof\u00e1s, colchones y muebles","article_publisher":"https:\/\/www.facebook.com\/donbaraton.es","article_modified_time":"2019-10-24T15:47:33+00:00","og_image":[{"width":1000,"height":750,"url":"https:\/\/i0.wp.com\/donbaraton.es\/wp-content\/uploads\/2019\/10\/Estante-de-pared-estilo-provenzal-franc\u00e9s-r\u00fastico-\u2013-Provence.jpg?fit=1000%2C750&ssl=1","type":"image\/jpeg"}],"twitter_card":"summary_large_image","twitter_site":"@don_baraton","schema":{"@context":"https:\/\/schema.org","@graph":[{"@type":"WebPage","@id":"https:\/\/donbaraton.es\/ru\/p\/%d0%bd%d0%b0%d0%b2%d0%b5%d1%81%d0%bd%d0%b0%d1%8f-%d0%bf%d0%be%d0%bb%d0%ba%d0%b0-%d1%81-%d0%bf%d0%b0%d0%bd%d0%b5%d0%bb%d1%8c%d1%8e-%d0%bf%d1%80%d0%be%d0%b2%d0%b0%d0%bd%d1%81-provence\/","url":"https:\/\/donbaraton.es\/ru\/p\/%d0%bd%d0%b0%d0%b2%d0%b5%d1%81%d0%bd%d0%b0%d1%8f-%d0%bf%d0%be%d0%bb%d0%ba%d0%b0-%d1%81-%d0%bf%d0%b0%d0%bd%d0%b5%d0%bb%d1%8c%d1%8e-%d0%bf%d1%80%d0%be%d0%b2%d0%b0%d0%bd%d1%81-provence\/","name":"\u041d\u0430\u0432\u0435\u0441\u043d\u0430\u044f \u043f\u043e\u043b\u043a\u0430 \u0441 \u043f\u0430\u043d\u0435\u043b\u044c\u044e \u0432 \u0441\u0442\u0438\u043b\u0435 \"\u043f\u0440\u043e\u0432\u0430\u043d\u0441\", 176 \u0441\u043c - Provence - Don Baraton: tienda de sof\u00e1s, colchones y muebles","isPartOf":{"@id":"https:\/\/donbaraton.es\/#website"},"primaryImageOfPage":{"@id":"https:\/\/donbaraton.es\/ru\/p\/%d0%bd%d0%b0%d0%b2%d0%b5%d1%81%d0%bd%d0%b0%d1%8f-%d0%bf%d0%be%d0%bb%d0%ba%d0%b0-%d1%81-%d0%bf%d0%b0%d0%bd%d0%b5%d0%bb%d1%8c%d1%8e-%d0%bf%d1%80%d0%be%d0%b2%d0%b0%d0%bd%d1%81-provence\/#primaryimage"},"image":{"@id":"https:\/\/donbaraton.es\/ru\/p\/%d0%bd%d0%b0%d0%b2%d0%b5%d1%81%d0%bd%d0%b0%d1%8f-%d0%bf%d0%be%d0%bb%d0%ba%d0%b0-%d1%81-%d0%bf%d0%b0%d0%bd%d0%b5%d0%bb%d1%8c%d1%8e-%d0%bf%d1%80%d0%be%d0%b2%d0%b0%d0%bd%d1%81-provence\/#primaryimage"},"thumbnailUrl":"https:\/\/donbaraton.es\/wp-content\/uploads\/2019\/10\/Estante-de-pared-estilo-provenzal-franc\u00e9s-r\u00fastico-\u2013-Provence.jpg","datePublished":"2019-10-15T13:44:22+00:00","dateModified":"2019-10-24T15:47:33+00:00","breadcrumb":{"@id":"https:\/\/donbaraton.es\/ru\/p\/%d0%bd%d0%b0%d0%b2%d0%b5%d1%81%d0%bd%d0%b0%d1%8f-%d0%bf%d0%be%d0%bb%d0%ba%d0%b0-%d1%81-%d0%bf%d0%b0%d0%bd%d0%b5%d0%bb%d1%8c%d1%8e-%d0%bf%d1%80%d0%be%d0%b2%d0%b0%d0%bd%d1%81-provence\/#breadcrumb"},"inLanguage":"ru-RU","potentialAction":[{"@type":"ReadAction","target":["https:\/\/donbaraton.es\/ru\/p\/%d0%bd%d0%b0%d0%b2%d0%b5%d1%81%d0%bd%d0%b0%d1%8f-%d0%bf%d0%be%d0%bb%d0%ba%d0%b0-%d1%81-%d0%bf%d0%b0%d0%bd%d0%b5%d0%bb%d1%8c%d1%8e-%d0%bf%d1%80%d0%be%d0%b2%d0%b0%d0%bd%d1%81-provence\/"]}]},{"@type":"ImageObject","inLanguage":"ru-RU","@id":"https:\/\/donbaraton.es\/ru\/p\/%d0%bd%d0%b0%d0%b2%d0%b5%d1%81%d0%bd%d0%b0%d1%8f-%d0%bf%d0%be%d0%bb%d0%ba%d0%b0-%d1%81-%d0%bf%d0%b0%d0%bd%d0%b5%d0%bb%d1%8c%d1%8e-%d0%bf%d1%80%d0%be%d0%b2%d0%b0%d0%bd%d1%81-provence\/#primaryimage","url":"https:\/\/donbaraton.es\/wp-content\/uploads\/2019\/10\/Estante-de-pared-estilo-provenzal-franc\u00e9s-r\u00fastico-\u2013-Provence.jpg","contentUrl":"https:\/\/donbaraton.es\/wp-content\/uploads\/2019\/10\/Estante-de-pared-estilo-provenzal-franc\u00e9s-r\u00fastico-\u2013-Provence.jpg","width":1000,"height":750,"caption":"\u041d\u0430\u0432\u0435\u0441\u043d\u0430\u044f \u043f\u043e\u043b\u043a\u0430 \u0441 \u043f\u0430\u043d\u0435\u043b\u044c\u044e \u0432 \u0441\u0442\u0438\u043b\u0435 \"\u043f\u0440\u043e\u0432\u0430\u043d\u0441\", 176 \u0441\u043c - Provence"},{"@type":"BreadcrumbList","@id":"https:\/\/donbaraton.es\/ru\/p\/%d0%bd%d0%b0%d0%b2%d0%b5%d1%81%d0%bd%d0%b0%d1%8f-%d0%bf%d0%be%d0%bb%d0%ba%d0%b0-%d1%81-%d0%bf%d0%b0%d0%bd%d0%b5%d0%bb%d1%8c%d1%8e-%d0%bf%d1%80%d0%be%d0%b2%d0%b0%d0%bd%d1%81-provence\/#breadcrumb","itemListElement":[{"@type":"ListItem","position":1,"name":"Portada","item":"https:\/\/donbaraton.es\/ru\/"},{"@type":"ListItem","position":2,"name":"\u0418\u043d\u0442\u0435\u0440\u043d\u0435\u0442-\u043c\u0430\u0433\u0430\u0437\u0438\u043d","item":"https:\/\/donbaraton.es\/ru\/%d0%bc%d0%b0%d0%b3%d0%b0%d0%b7%d0%b8%d0%bd\/"},{"@type":"ListItem","position":3,"name":"\u041d\u0430\u0432\u0435\u0441\u043d\u0430\u044f \u043f\u043e\u043b\u043a\u0430 \u0441 \u043f\u0430\u043d\u0435\u043b\u044c\u044e \u0432 \u0441\u0442\u0438\u043b\u0435 &#171;\u043f\u0440\u043e\u0432\u0430\u043d\u0441&#187;, 176 \u0441\u043c &#8212; Provence"}]},{"@type":"WebSite","@id":"https:\/\/donbaraton.es\/#website","url":"https:\/\/donbaraton.es\/","name":"Don Baraton: tienda de sof\u00e1s, colchones y muebles","description":"Venta de sof\u00e1s rinconeras, chaise longue, camas y conjuntos de sof\u00e1s","publisher":{"@id":"https:\/\/donbaraton.es\/#organization"},"potentialAction":[{"@type":"SearchAction","target":{"@type":"EntryPoint","urlTemplate":"https:\/\/donbaraton.es\/?s={search_term_string}"},"query-input":{"@type":"PropertyValueSpecification","valueRequired":true,"valueName":"search_term_string"}}],"inLanguage":"ru-RU"},{"@type":"Organization","@id":"https:\/\/donbaraton.es\/#organization","name":"Don Baraton","url":"https:\/\/donbaraton.es\/","logo":{"@type":"ImageObject","inLanguage":"ru-RU","@id":"https:\/\/donbaraton.es\/#\/schema\/logo\/image\/","url":"https:\/\/i0.wp.com\/donbaraton.es\/wp-content\/uploads\/2016\/11\/logo_don_baraton.png?fit=228%2C110&ssl=1","contentUrl":"https:\/\/i0.wp.com\/donbaraton.es\/wp-content\/uploads\/2016\/11\/logo_don_baraton.png?fit=228%2C110&ssl=1","width":228,"height":110,"caption":"Don Baraton"},"image":{"@id":"https:\/\/donbaraton.es\/#\/schema\/logo\/image\/"},"sameAs":["https:\/\/www.facebook.com\/donbaraton.es","https:\/\/x.com\/don_baraton","https:\/\/www.instagram.com\/donbaraton.es","https:\/\/www.linkedin.com\/company\/donbaraton\/","https:\/\/es.pinterest.com\/donbaraton\/","https:\/\/www.youtube.com\/channel\/UCL02HOwx-F759Jq5MedAZfQ"]}]}},"_links":{"self":[{"href":"https:\/\/donbaraton.es\/ru\/wp-json\/wp\/v2\/product\/20266","targetHints":{"allow":["GET"]}}],"collection":[{"href":"https:\/\/donbaraton.es\/ru\/wp-json\/wp\/v2\/product"}],"about":[{"href":"https:\/\/donbaraton.es\/ru\/wp-json\/wp\/v2\/types\/product"}],"replies":[{"embeddable":true,"href":"https:\/\/donbaraton.es\/ru\/wp-json\/wp\/v2\/comments?post=20266"}],"wp:featuredmedia":[{"embeddable":true,"href":"https:\/\/donbaraton.es\/ru\/wp-json\/wp\/v2\/media\/20196"}],"wp:attachment":[{"href":"https:\/\/donbaraton.es\/ru\/wp-json\/wp\/v2\/media?parent=20266"}],"wp:term":[{"taxonomy":"product_brand","embeddable":true,"href":"https:\/\/donbaraton.es\/ru\/wp-json\/wp\/v2\/product_brand?post=20266"},{"taxonomy":"product_cat","embeddable":true,"href":"https:\/\/donbaraton.es\/ru\/wp-json\/wp\/v2\/product_cat?post=20266"},{"taxonomy":"product_tag","embeddable":true,"href":"https:\/\/donbaraton.es\/ru\/wp-json\/wp\/v2\/product_tag?post=20266"}],"curies":[{"name":"wp","href":"https:\/\/api.w.org\/{rel}","templated":true}]}}