{"id":21630,"date":"2019-11-30T15:29:53","date_gmt":"2019-11-30T14:29:53","guid":{"rendered":"https:\/\/donbaraton.es\/p\/%d0%ba%d0%be%d0%b6%d0%b0%d0%bd%d1%8b%d0%b9-%d1%83%d0%b3%d0%bb%d0%be%d0%b2%d0%be%d0%b9-%d0%b4%d0%b8%d0%b2%d0%b0%d0%bd-%d1%80%d0%b5%d0%ba%d0%bb%d0%b0%d0%b9%d0%bd%d0%b5%d1%80-%d0%bc%d0%be%d1%82%d0%be\/"},"modified":"2019-12-01T04:56:54","modified_gmt":"2019-12-01T03:56:54","slug":"%d0%ba%d0%be%d0%b6%d0%b0%d0%bd%d1%8b%d0%b9-%d1%83%d0%b3%d0%bb%d0%be%d0%b2%d0%be%d0%b9-%d0%b4%d0%b8%d0%b2%d0%b0%d0%bd-%d1%80%d0%b5%d0%ba%d0%bb%d0%b0%d0%b9%d0%bd%d0%b5%d1%80-texas","status":"publish","type":"product","link":"https:\/\/donbaraton.es\/ru\/p\/%d0%ba%d0%be%d0%b6%d0%b0%d0%bd%d1%8b%d0%b9-%d1%83%d0%b3%d0%bb%d0%be%d0%b2%d0%be%d0%b9-%d0%b4%d0%b8%d0%b2%d0%b0%d0%bd-%d1%80%d0%b5%d0%ba%d0%bb%d0%b0%d0%b9%d0%bd%d0%b5%d1%80-texas\/","title":{"rendered":"\u041a\u043e\u0436\u0430\u043d\u044b\u0439 \u0443\u0433\u043b\u043e\u0432\u043e\u0439 \u0434\u0438\u0432\u0430\u043d \u0440\u0435\u043a\u043b\u0430\u0439\u043d\u0435\u0440 \u0441 \u044d\u043b\u0435\u043a\u0442\u0440\u043e\u043c\u043e\u0442\u043e\u0440\u043e\u043c &#8212; Texas"},"content":{"rendered":"<p><strong>\u041a\u043e\u0436\u0430\u043d\u044b\u0439 \u0443\u0433\u043b\u043e\u0432\u043e\u0439 \u0434\u0438\u0432\u0430\u043d \u0440\u0435\u043a\u043b\u0430\u0439\u043d\u0435\u0440 \u0441 \u044d\u043b\u0435\u043a\u0442\u0440\u043e\u043c\u043e\u0442\u043e\u0440\u043e\u043c &#8212; Texas<\/strong><\/p>\n<p>\u0414\u0438\u0432\u0430\u043d \u0438\u0441\u043a\u043b\u044e\u0447\u0438\u0442\u0435\u043b\u044c\u043d\u043e\u0433\u043e \u043a\u0430\u0447\u0435\u0441\u0442\u0432\u0430 \u043e\u0431\u0438\u0442\u044b\u0439 \u043d\u0430\u0442\u0443\u0440\u0430\u043b\u044c\u043d\u043e\u0439 \u043a\u043e\u0436\u0435\u0439 \u0442\u0435\u043f\u043b\u043e\u0433\u043e \u0441\u0435\u0440\u043e\u0433\u043e \u0446\u0432\u0435\u0442\u0430.<\/p>\n<p><strong>\u0420\u0430\u0437\u043c\u0435\u0440\u044b:<\/strong> \u0434\u043b\u0438\u043d\u0430 257 \u0441\u043c, \u0434\u043b\u0438\u043d\u0430 \u0444\u0438\u043a\u0441\u0438\u0440\u043e\u0432\u0430\u043d\u043d\u043e\u0433\u043e \u0443\u0433\u043b\u0430 (\u043e\u0442\u0442\u043e\u043c\u0430\u043d\u043a\u0438) 160 \u0441\u043c, \u0448\u0438\u0440\u0438\u043d\u0430 \u043e\u0442\u0442\u043e\u043c\u0430\u043d\u043a\u0438 90 \u0441\u043c, \u0434\u043b\u0438\u043d\u0430 \u0441\u0438\u0434\u0435\u043d\u044c\u044f \u0440\u0435\u043a\u043b\u0430\u0439\u043d\u0435\u0440\u0430 \u0432 \u0432\u044b\u0434\u0432\u0438\u043d\u0443\u0442\u043e\u043c \u0441\u043e\u0441\u0442\u043e\u044f\u043d\u0438\u0438 142 \u0441\u043c, \u0432\u044b\u0441\u043e\u0442\u0430 \u0441 \u043f\u043e\u0434\u043d\u044f\u0442\u044b\u043c\u0438 \u043f\u043e\u0434\u0433\u043e\u043b\u043e\u0432\u043d\u0438\u043a\u0430\u043c\u0438 97 \u0441\u043c, \u0432\u044b\u0441\u043e\u0442\u0430 \u0441 \u043e\u043f\u0443\u0449\u0435\u043d\u043d\u044b\u043c\u0438 \u043f\u043e\u0434\u0433\u043e\u043b\u043e\u0432\u043d\u0438\u043a\u0430\u043c\u0438 75 \u0441\u043c, \u0433\u043b\u0443\u0431\u0438\u043d\u0430 96 \u0441\u043c<\/p>\n","protected":false},"excerpt":{"rendered":"<ul>\n<li>\u041d\u0430\u0442\u0443\u0440\u0430\u043b\u044c\u043d\u0430\u044f \u043a\u043e\u0436\u0430 \u0432\u044b\u0441\u043e\u043a\u043e\u0433\u043e \u043a\u0430\u0447\u0435\u0441\u0442\u0432\u0430<\/li>\n<li>\u0424\u0438\u043a\u0441\u0438\u0440\u043e\u0432\u0430\u043d\u043d\u044b\u0439 \u0443\u0433\u043e\u043b \u0441\u043b\u0435\u0432\u0430<\/li>\n<li>\u0421\u0438\u0434\u0435\u043d\u044c\u0435 \u0440\u0435\u043a\u043b\u0430\u0439\u043d\u0435\u0440 \u0441 \u044d\u043b\u0435\u043a\u0442\u0440\u043e\u043c\u043e\u0442\u043e\u0440\u043e\u043c \u0441\u043f\u0440\u0430\u0432\u0430<\/li>\n<li>\u041c\u0435\u0442\u0430\u043b\u043b\u0438\u0447\u0435\u0441\u043a\u0438\u0435 \u043d\u043e\u0436\u043a\u0438 \u043f\u043e\u0434 \u0443\u0433\u043b\u043e\u043c<\/li>\n<li>\u0420\u0435\u0433\u0443\u043b\u0438\u0440\u0443\u0435\u043c\u044b\u0435 \u043f\u043e\u0434\u0433\u043e\u043b\u043e\u0432\u043d\u0438\u043a\u0438 (23 \u043f\u043e\u0437\u0438\u0446\u0438\u0438)<\/li>\n<\/ul>\n<p><strong>\u0420\u0430\u0437\u043c\u0435\u0440\u044b:<\/strong> \u0434\u043b\u0438\u043d\u0430 257 \u0441\u043c, \u0434\u043b\u0438\u043d\u0430 \u0443\u0433\u043b\u0430 160 \u0441\u043c, \u0432\u044b\u0441\u043e\u0442\u0430 97 \u0441\u043c, \u0433\u043b\u0443\u0431\u0438\u043d\u0430 96 \u0441\u043c<\/p>\n","protected":false},"featured_media":21571,"comment_status":"open","ping_status":"closed","template":"","meta":{"_et_pb_use_builder":"","_et_pb_old_content":"","_et_gb_content_width":""},"product_brand":[],"product_cat":[36,46],"product_tag":[],"class_list":{"0":"post-21630","1":"product","2":"type-product","3":"status-publish","4":"has-post-thumbnail","6":"product_cat-36","7":"product_cat-46","8":"product_shipping_class-articulos-pesados","9":"pa_lado-200","10":"pa_largo-divany-251-300-cm","11":"pa_material-83","12":"pa_muelles-274","13":"pa_plazas-151","15":"first","16":"outofstock","17":"sale","18":"taxable","19":"shipping-taxable","20":"purchasable","21":"product-type-simple"},"yoast_head":"<!-- This site is optimized with the Yoast SEO plugin v27.2 - https:\/\/yoast.com\/product\/yoast-seo-wordpress\/ -->\n<title>\u041a\u043e\u0436\u0430\u043d\u044b\u0439 \u0443\u0433\u043b\u043e\u0432\u043e\u0439 \u0434\u0438\u0432\u0430\u043d \u0440\u0435\u043a\u043b\u0430\u0439\u043d\u0435\u0440 \u0441 \u044d\u043b\u0435\u043a\u0442\u0440\u043e\u043c\u043e\u0442\u043e\u0440\u043e\u043c - Texas - Don Baraton: tienda de sof\u00e1s, colchones y muebles<\/title>\n<meta name=\"robots\" content=\"index, follow, max-snippet:-1, max-image-preview:large, max-video-preview:-1\" \/>\n<link rel=\"canonical\" href=\"https:\/\/donbaraton.es\/ru\/p\/\u043a\u043e\u0436\u0430\u043d\u044b\u0439-\u0443\u0433\u043b\u043e\u0432\u043e\u0439-\u0434\u0438\u0432\u0430\u043d-\u0440\u0435\u043a\u043b\u0430\u0439\u043d\u0435\u0440-texas\/\" \/>\n<meta property=\"og:locale\" content=\"ru_RU\" \/>\n<meta property=\"og:type\" content=\"article\" \/>\n<meta property=\"og:title\" content=\"\u041a\u043e\u0436\u0430\u043d\u044b\u0439 \u0443\u0433\u043b\u043e\u0432\u043e\u0439 \u0434\u0438\u0432\u0430\u043d \u0440\u0435\u043a\u043b\u0430\u0439\u043d\u0435\u0440 \u0441 \u044d\u043b\u0435\u043a\u0442\u0440\u043e\u043c\u043e\u0442\u043e\u0440\u043e\u043c - Texas - Don Baraton: tienda de sof\u00e1s, colchones y muebles\" \/>\n<meta property=\"og:description\" content=\"\u041d\u0430\u0442\u0443\u0440\u0430\u043b\u044c\u043d\u0430\u044f \u043a\u043e\u0436\u0430 \u0432\u044b\u0441\u043e\u043a\u043e\u0433\u043e \u043a\u0430\u0447\u0435\u0441\u0442\u0432\u0430  \u0424\u0438\u043a\u0441\u0438\u0440\u043e\u0432\u0430\u043d\u043d\u044b\u0439 \u0443\u0433\u043e\u043b \u0441\u043b\u0435\u0432\u0430  \u0421\u0438\u0434\u0435\u043d\u044c\u0435 \u0440\u0435\u043a\u043b\u0430\u0439\u043d\u0435\u0440 \u0441 \u044d\u043b\u0435\u043a\u0442\u0440\u043e\u043c\u043e\u0442\u043e\u0440\u043e\u043c \u0441\u043f\u0440\u0430\u0432\u0430  \u041c\u0435\u0442\u0430\u043b\u043b\u0438\u0447\u0435\u0441\u043a\u0438\u0435 \u043d\u043e\u0436\u043a\u0438 \u043f\u043e\u0434 \u0443\u0433\u043b\u043e\u043c  \u0420\u0435\u0433\u0443\u043b\u0438\u0440\u0443\u0435\u043c\u044b\u0435 \u043f\u043e\u0434\u0433\u043e\u043b\u043e\u0432\u043d\u0438\u043a\u0438 (23 \u043f\u043e\u0437\u0438\u0446\u0438\u0438)  \u0420\u0430\u0437\u043c\u0435\u0440\u044b: \u0434\u043b\u0438\u043d\u0430 257 \u0441\u043c, \u0434\u043b\u0438\u043d\u0430 \u0443\u0433\u043b\u0430 160 \u0441\u043c, \u0432\u044b\u0441\u043e\u0442\u0430 97 \u0441\u043c, \u0433\u043b\u0443\u0431\u0438\u043d\u0430 96 \u0441\u043c\" \/>\n<meta property=\"og:url\" content=\"https:\/\/donbaraton.es\/ru\/p\/\u043a\u043e\u0436\u0430\u043d\u044b\u0439-\u0443\u0433\u043b\u043e\u0432\u043e\u0439-\u0434\u0438\u0432\u0430\u043d-\u0440\u0435\u043a\u043b\u0430\u0439\u043d\u0435\u0440-texas\/\" \/>\n<meta property=\"og:site_name\" content=\"Don Baraton: tienda de sof\u00e1s, colchones y muebles\" \/>\n<meta property=\"article:publisher\" content=\"https:\/\/www.facebook.com\/donbaraton.es\" \/>\n<meta property=\"article:modified_time\" content=\"2019-12-01T03:56:54+00:00\" \/>\n<meta property=\"og:image\" content=\"https:\/\/i0.wp.com\/donbaraton.es\/wp-content\/uploads\/2019\/11\/Sof\u00e1-chaise-longue-en-piel-aut\u00e9ntica-asiento-relax-el\u00e9ctrico.-Color-gris-c\u00e1lido-Texas.jpg?fit=1000%2C750&ssl=1\" \/>\n\t<meta property=\"og:image:width\" content=\"1000\" \/>\n\t<meta property=\"og:image:height\" content=\"750\" \/>\n\t<meta property=\"og:image:type\" content=\"image\/jpeg\" \/>\n<meta name=\"twitter:card\" content=\"summary_large_image\" \/>\n<meta name=\"twitter:site\" content=\"@don_baraton\" \/>\n<script type=\"application\/ld+json\" class=\"yoast-schema-graph\">{\"@context\":\"https:\/\/schema.org\",\"@graph\":[{\"@type\":\"WebPage\",\"@id\":\"https:\/\/donbaraton.es\/ru\/p\/%d0%ba%d0%be%d0%b6%d0%b0%d0%bd%d1%8b%d0%b9-%d1%83%d0%b3%d0%bb%d0%be%d0%b2%d0%be%d0%b9-%d0%b4%d0%b8%d0%b2%d0%b0%d0%bd-%d1%80%d0%b5%d0%ba%d0%bb%d0%b0%d0%b9%d0%bd%d0%b5%d1%80-texas\/\",\"url\":\"https:\/\/donbaraton.es\/ru\/p\/%d0%ba%d0%be%d0%b6%d0%b0%d0%bd%d1%8b%d0%b9-%d1%83%d0%b3%d0%bb%d0%be%d0%b2%d0%be%d0%b9-%d0%b4%d0%b8%d0%b2%d0%b0%d0%bd-%d1%80%d0%b5%d0%ba%d0%bb%d0%b0%d0%b9%d0%bd%d0%b5%d1%80-texas\/\",\"name\":\"\u041a\u043e\u0436\u0430\u043d\u044b\u0439 \u0443\u0433\u043b\u043e\u0432\u043e\u0439 \u0434\u0438\u0432\u0430\u043d \u0440\u0435\u043a\u043b\u0430\u0439\u043d\u0435\u0440 \u0441 \u044d\u043b\u0435\u043a\u0442\u0440\u043e\u043c\u043e\u0442\u043e\u0440\u043e\u043c - Texas - Don Baraton: tienda de sof\u00e1s, colchones y muebles\",\"isPartOf\":{\"@id\":\"https:\/\/donbaraton.es\/#website\"},\"primaryImageOfPage\":{\"@id\":\"https:\/\/donbaraton.es\/ru\/p\/%d0%ba%d0%be%d0%b6%d0%b0%d0%bd%d1%8b%d0%b9-%d1%83%d0%b3%d0%bb%d0%be%d0%b2%d0%be%d0%b9-%d0%b4%d0%b8%d0%b2%d0%b0%d0%bd-%d1%80%d0%b5%d0%ba%d0%bb%d0%b0%d0%b9%d0%bd%d0%b5%d1%80-texas\/#primaryimage\"},\"image\":{\"@id\":\"https:\/\/donbaraton.es\/ru\/p\/%d0%ba%d0%be%d0%b6%d0%b0%d0%bd%d1%8b%d0%b9-%d1%83%d0%b3%d0%bb%d0%be%d0%b2%d0%be%d0%b9-%d0%b4%d0%b8%d0%b2%d0%b0%d0%bd-%d1%80%d0%b5%d0%ba%d0%bb%d0%b0%d0%b9%d0%bd%d0%b5%d1%80-texas\/#primaryimage\"},\"thumbnailUrl\":\"https:\/\/donbaraton.es\/wp-content\/uploads\/2019\/11\/Sof\u00e1-chaise-longue-en-piel-aut\u00e9ntica-asiento-relax-el\u00e9ctrico.-Color-gris-c\u00e1lido-Texas.jpg\",\"datePublished\":\"2019-11-30T14:29:53+00:00\",\"dateModified\":\"2019-12-01T03:56:54+00:00\",\"breadcrumb\":{\"@id\":\"https:\/\/donbaraton.es\/ru\/p\/%d0%ba%d0%be%d0%b6%d0%b0%d0%bd%d1%8b%d0%b9-%d1%83%d0%b3%d0%bb%d0%be%d0%b2%d0%be%d0%b9-%d0%b4%d0%b8%d0%b2%d0%b0%d0%bd-%d1%80%d0%b5%d0%ba%d0%bb%d0%b0%d0%b9%d0%bd%d0%b5%d1%80-texas\/#breadcrumb\"},\"inLanguage\":\"ru-RU\",\"potentialAction\":[{\"@type\":\"ReadAction\",\"target\":[\"https:\/\/donbaraton.es\/ru\/p\/%d0%ba%d0%be%d0%b6%d0%b0%d0%bd%d1%8b%d0%b9-%d1%83%d0%b3%d0%bb%d0%be%d0%b2%d0%be%d0%b9-%d0%b4%d0%b8%d0%b2%d0%b0%d0%bd-%d1%80%d0%b5%d0%ba%d0%bb%d0%b0%d0%b9%d0%bd%d0%b5%d1%80-texas\/\"]}]},{\"@type\":\"ImageObject\",\"inLanguage\":\"ru-RU\",\"@id\":\"https:\/\/donbaraton.es\/ru\/p\/%d0%ba%d0%be%d0%b6%d0%b0%d0%bd%d1%8b%d0%b9-%d1%83%d0%b3%d0%bb%d0%be%d0%b2%d0%be%d0%b9-%d0%b4%d0%b8%d0%b2%d0%b0%d0%bd-%d1%80%d0%b5%d0%ba%d0%bb%d0%b0%d0%b9%d0%bd%d0%b5%d1%80-texas\/#primaryimage\",\"url\":\"https:\/\/donbaraton.es\/wp-content\/uploads\/2019\/11\/Sof\u00e1-chaise-longue-en-piel-aut\u00e9ntica-asiento-relax-el\u00e9ctrico.-Color-gris-c\u00e1lido-Texas.jpg\",\"contentUrl\":\"https:\/\/donbaraton.es\/wp-content\/uploads\/2019\/11\/Sof\u00e1-chaise-longue-en-piel-aut\u00e9ntica-asiento-relax-el\u00e9ctrico.-Color-gris-c\u00e1lido-Texas.jpg\",\"width\":1000,\"height\":750,\"caption\":\"\u041a\u043e\u0436\u0430\u043d\u044b\u0439 \u0443\u0433\u043b\u043e\u0432\u043e\u0439 \u0434\u0438\u0432\u0430\u043d \u0440\u0435\u043a\u043b\u0430\u0439\u043d\u0435\u0440 \u0441 \u044d\u043b\u0435\u043a\u0442\u0440\u043e\u043c\u043e\u0442\u043e\u0440\u043e\u043c. \u041b\u0435\u0432\u044b\u0439 \u0443\u0433\u043e\u043b, \u0442\u0451\u043f\u043b\u044b\u0439 \u0441\u0435\u0440\u044b\u0439 \u0446\u0432\u0435\u0442 - Texas\"},{\"@type\":\"BreadcrumbList\",\"@id\":\"https:\/\/donbaraton.es\/ru\/p\/%d0%ba%d0%be%d0%b6%d0%b0%d0%bd%d1%8b%d0%b9-%d1%83%d0%b3%d0%bb%d0%be%d0%b2%d0%be%d0%b9-%d0%b4%d0%b8%d0%b2%d0%b0%d0%bd-%d1%80%d0%b5%d0%ba%d0%bb%d0%b0%d0%b9%d0%bd%d0%b5%d1%80-texas\/#breadcrumb\",\"itemListElement\":[{\"@type\":\"ListItem\",\"position\":1,\"name\":\"Portada\",\"item\":\"https:\/\/donbaraton.es\/ru\/\"},{\"@type\":\"ListItem\",\"position\":2,\"name\":\"\u0418\u043d\u0442\u0435\u0440\u043d\u0435\u0442-\u043c\u0430\u0433\u0430\u0437\u0438\u043d\",\"item\":\"https:\/\/donbaraton.es\/ru\/%d0%bc%d0%b0%d0%b3%d0%b0%d0%b7%d0%b8%d0%bd\/\"},{\"@type\":\"ListItem\",\"position\":3,\"name\":\"\u041a\u043e\u0436\u0430\u043d\u044b\u0439 \u0443\u0433\u043b\u043e\u0432\u043e\u0439 \u0434\u0438\u0432\u0430\u043d \u0440\u0435\u043a\u043b\u0430\u0439\u043d\u0435\u0440 \u0441 \u044d\u043b\u0435\u043a\u0442\u0440\u043e\u043c\u043e\u0442\u043e\u0440\u043e\u043c &#8212; Texas\"}]},{\"@type\":\"WebSite\",\"@id\":\"https:\/\/donbaraton.es\/#website\",\"url\":\"https:\/\/donbaraton.es\/\",\"name\":\"Don Baraton: tienda de sof\u00e1s, colchones y muebles\",\"description\":\"Venta de sof\u00e1s rinconeras, chaise longue, camas y conjuntos de sof\u00e1s\",\"publisher\":{\"@id\":\"https:\/\/donbaraton.es\/#organization\"},\"potentialAction\":[{\"@type\":\"SearchAction\",\"target\":{\"@type\":\"EntryPoint\",\"urlTemplate\":\"https:\/\/donbaraton.es\/?s={search_term_string}\"},\"query-input\":{\"@type\":\"PropertyValueSpecification\",\"valueRequired\":true,\"valueName\":\"search_term_string\"}}],\"inLanguage\":\"ru-RU\"},{\"@type\":\"Organization\",\"@id\":\"https:\/\/donbaraton.es\/#organization\",\"name\":\"Don Baraton\",\"url\":\"https:\/\/donbaraton.es\/\",\"logo\":{\"@type\":\"ImageObject\",\"inLanguage\":\"ru-RU\",\"@id\":\"https:\/\/donbaraton.es\/#\/schema\/logo\/image\/\",\"url\":\"https:\/\/i0.wp.com\/donbaraton.es\/wp-content\/uploads\/2016\/11\/logo_don_baraton.png?fit=228%2C110&ssl=1\",\"contentUrl\":\"https:\/\/i0.wp.com\/donbaraton.es\/wp-content\/uploads\/2016\/11\/logo_don_baraton.png?fit=228%2C110&ssl=1\",\"width\":228,\"height\":110,\"caption\":\"Don Baraton\"},\"image\":{\"@id\":\"https:\/\/donbaraton.es\/#\/schema\/logo\/image\/\"},\"sameAs\":[\"https:\/\/www.facebook.com\/donbaraton.es\",\"https:\/\/x.com\/don_baraton\",\"https:\/\/www.instagram.com\/donbaraton.es\",\"https:\/\/www.linkedin.com\/company\/donbaraton\/\",\"https:\/\/es.pinterest.com\/donbaraton\/\",\"https:\/\/www.youtube.com\/channel\/UCL02HOwx-F759Jq5MedAZfQ\"]}]}<\/script>\n<!-- \/ Yoast SEO plugin. -->","yoast_head_json":{"title":"\u041a\u043e\u0436\u0430\u043d\u044b\u0439 \u0443\u0433\u043b\u043e\u0432\u043e\u0439 \u0434\u0438\u0432\u0430\u043d \u0440\u0435\u043a\u043b\u0430\u0439\u043d\u0435\u0440 \u0441 \u044d\u043b\u0435\u043a\u0442\u0440\u043e\u043c\u043e\u0442\u043e\u0440\u043e\u043c - Texas - Don Baraton: tienda de sof\u00e1s, colchones y muebles","robots":{"index":"index","follow":"follow","max-snippet":"max-snippet:-1","max-image-preview":"max-image-preview:large","max-video-preview":"max-video-preview:-1"},"canonical":"https:\/\/donbaraton.es\/ru\/p\/\u043a\u043e\u0436\u0430\u043d\u044b\u0439-\u0443\u0433\u043b\u043e\u0432\u043e\u0439-\u0434\u0438\u0432\u0430\u043d-\u0440\u0435\u043a\u043b\u0430\u0439\u043d\u0435\u0440-texas\/","og_locale":"ru_RU","og_type":"article","og_title":"\u041a\u043e\u0436\u0430\u043d\u044b\u0439 \u0443\u0433\u043b\u043e\u0432\u043e\u0439 \u0434\u0438\u0432\u0430\u043d \u0440\u0435\u043a\u043b\u0430\u0439\u043d\u0435\u0440 \u0441 \u044d\u043b\u0435\u043a\u0442\u0440\u043e\u043c\u043e\u0442\u043e\u0440\u043e\u043c - Texas - Don Baraton: tienda de sof\u00e1s, colchones y muebles","og_description":"\u041d\u0430\u0442\u0443\u0440\u0430\u043b\u044c\u043d\u0430\u044f \u043a\u043e\u0436\u0430 \u0432\u044b\u0441\u043e\u043a\u043e\u0433\u043e \u043a\u0430\u0447\u0435\u0441\u0442\u0432\u0430  \u0424\u0438\u043a\u0441\u0438\u0440\u043e\u0432\u0430\u043d\u043d\u044b\u0439 \u0443\u0433\u043e\u043b \u0441\u043b\u0435\u0432\u0430  \u0421\u0438\u0434\u0435\u043d\u044c\u0435 \u0440\u0435\u043a\u043b\u0430\u0439\u043d\u0435\u0440 \u0441 \u044d\u043b\u0435\u043a\u0442\u0440\u043e\u043c\u043e\u0442\u043e\u0440\u043e\u043c \u0441\u043f\u0440\u0430\u0432\u0430  \u041c\u0435\u0442\u0430\u043b\u043b\u0438\u0447\u0435\u0441\u043a\u0438\u0435 \u043d\u043e\u0436\u043a\u0438 \u043f\u043e\u0434 \u0443\u0433\u043b\u043e\u043c  \u0420\u0435\u0433\u0443\u043b\u0438\u0440\u0443\u0435\u043c\u044b\u0435 \u043f\u043e\u0434\u0433\u043e\u043b\u043e\u0432\u043d\u0438\u043a\u0438 (23 \u043f\u043e\u0437\u0438\u0446\u0438\u0438)  \u0420\u0430\u0437\u043c\u0435\u0440\u044b: \u0434\u043b\u0438\u043d\u0430 257 \u0441\u043c, \u0434\u043b\u0438\u043d\u0430 \u0443\u0433\u043b\u0430 160 \u0441\u043c, \u0432\u044b\u0441\u043e\u0442\u0430 97 \u0441\u043c, \u0433\u043b\u0443\u0431\u0438\u043d\u0430 96 \u0441\u043c","og_url":"https:\/\/donbaraton.es\/ru\/p\/\u043a\u043e\u0436\u0430\u043d\u044b\u0439-\u0443\u0433\u043b\u043e\u0432\u043e\u0439-\u0434\u0438\u0432\u0430\u043d-\u0440\u0435\u043a\u043b\u0430\u0439\u043d\u0435\u0440-texas\/","og_site_name":"Don Baraton: tienda de sof\u00e1s, colchones y muebles","article_publisher":"https:\/\/www.facebook.com\/donbaraton.es","article_modified_time":"2019-12-01T03:56:54+00:00","og_image":[{"width":1000,"height":750,"url":"https:\/\/i0.wp.com\/donbaraton.es\/wp-content\/uploads\/2019\/11\/Sof\u00e1-chaise-longue-en-piel-aut\u00e9ntica-asiento-relax-el\u00e9ctrico.-Color-gris-c\u00e1lido-Texas.jpg?fit=1000%2C750&ssl=1","type":"image\/jpeg"}],"twitter_card":"summary_large_image","twitter_site":"@don_baraton","schema":{"@context":"https:\/\/schema.org","@graph":[{"@type":"WebPage","@id":"https:\/\/donbaraton.es\/ru\/p\/%d0%ba%d0%be%d0%b6%d0%b0%d0%bd%d1%8b%d0%b9-%d1%83%d0%b3%d0%bb%d0%be%d0%b2%d0%be%d0%b9-%d0%b4%d0%b8%d0%b2%d0%b0%d0%bd-%d1%80%d0%b5%d0%ba%d0%bb%d0%b0%d0%b9%d0%bd%d0%b5%d1%80-texas\/","url":"https:\/\/donbaraton.es\/ru\/p\/%d0%ba%d0%be%d0%b6%d0%b0%d0%bd%d1%8b%d0%b9-%d1%83%d0%b3%d0%bb%d0%be%d0%b2%d0%be%d0%b9-%d0%b4%d0%b8%d0%b2%d0%b0%d0%bd-%d1%80%d0%b5%d0%ba%d0%bb%d0%b0%d0%b9%d0%bd%d0%b5%d1%80-texas\/","name":"\u041a\u043e\u0436\u0430\u043d\u044b\u0439 \u0443\u0433\u043b\u043e\u0432\u043e\u0439 \u0434\u0438\u0432\u0430\u043d \u0440\u0435\u043a\u043b\u0430\u0439\u043d\u0435\u0440 \u0441 \u044d\u043b\u0435\u043a\u0442\u0440\u043e\u043c\u043e\u0442\u043e\u0440\u043e\u043c - Texas - Don Baraton: tienda de sof\u00e1s, colchones y muebles","isPartOf":{"@id":"https:\/\/donbaraton.es\/#website"},"primaryImageOfPage":{"@id":"https:\/\/donbaraton.es\/ru\/p\/%d0%ba%d0%be%d0%b6%d0%b0%d0%bd%d1%8b%d0%b9-%d1%83%d0%b3%d0%bb%d0%be%d0%b2%d0%be%d0%b9-%d0%b4%d0%b8%d0%b2%d0%b0%d0%bd-%d1%80%d0%b5%d0%ba%d0%bb%d0%b0%d0%b9%d0%bd%d0%b5%d1%80-texas\/#primaryimage"},"image":{"@id":"https:\/\/donbaraton.es\/ru\/p\/%d0%ba%d0%be%d0%b6%d0%b0%d0%bd%d1%8b%d0%b9-%d1%83%d0%b3%d0%bb%d0%be%d0%b2%d0%be%d0%b9-%d0%b4%d0%b8%d0%b2%d0%b0%d0%bd-%d1%80%d0%b5%d0%ba%d0%bb%d0%b0%d0%b9%d0%bd%d0%b5%d1%80-texas\/#primaryimage"},"thumbnailUrl":"https:\/\/donbaraton.es\/wp-content\/uploads\/2019\/11\/Sof\u00e1-chaise-longue-en-piel-aut\u00e9ntica-asiento-relax-el\u00e9ctrico.-Color-gris-c\u00e1lido-Texas.jpg","datePublished":"2019-11-30T14:29:53+00:00","dateModified":"2019-12-01T03:56:54+00:00","breadcrumb":{"@id":"https:\/\/donbaraton.es\/ru\/p\/%d0%ba%d0%be%d0%b6%d0%b0%d0%bd%d1%8b%d0%b9-%d1%83%d0%b3%d0%bb%d0%be%d0%b2%d0%be%d0%b9-%d0%b4%d0%b8%d0%b2%d0%b0%d0%bd-%d1%80%d0%b5%d0%ba%d0%bb%d0%b0%d0%b9%d0%bd%d0%b5%d1%80-texas\/#breadcrumb"},"inLanguage":"ru-RU","potentialAction":[{"@type":"ReadAction","target":["https:\/\/donbaraton.es\/ru\/p\/%d0%ba%d0%be%d0%b6%d0%b0%d0%bd%d1%8b%d0%b9-%d1%83%d0%b3%d0%bb%d0%be%d0%b2%d0%be%d0%b9-%d0%b4%d0%b8%d0%b2%d0%b0%d0%bd-%d1%80%d0%b5%d0%ba%d0%bb%d0%b0%d0%b9%d0%bd%d0%b5%d1%80-texas\/"]}]},{"@type":"ImageObject","inLanguage":"ru-RU","@id":"https:\/\/donbaraton.es\/ru\/p\/%d0%ba%d0%be%d0%b6%d0%b0%d0%bd%d1%8b%d0%b9-%d1%83%d0%b3%d0%bb%d0%be%d0%b2%d0%be%d0%b9-%d0%b4%d0%b8%d0%b2%d0%b0%d0%bd-%d1%80%d0%b5%d0%ba%d0%bb%d0%b0%d0%b9%d0%bd%d0%b5%d1%80-texas\/#primaryimage","url":"https:\/\/donbaraton.es\/wp-content\/uploads\/2019\/11\/Sof\u00e1-chaise-longue-en-piel-aut\u00e9ntica-asiento-relax-el\u00e9ctrico.-Color-gris-c\u00e1lido-Texas.jpg","contentUrl":"https:\/\/donbaraton.es\/wp-content\/uploads\/2019\/11\/Sof\u00e1-chaise-longue-en-piel-aut\u00e9ntica-asiento-relax-el\u00e9ctrico.-Color-gris-c\u00e1lido-Texas.jpg","width":1000,"height":750,"caption":"\u041a\u043e\u0436\u0430\u043d\u044b\u0439 \u0443\u0433\u043b\u043e\u0432\u043e\u0439 \u0434\u0438\u0432\u0430\u043d \u0440\u0435\u043a\u043b\u0430\u0439\u043d\u0435\u0440 \u0441 \u044d\u043b\u0435\u043a\u0442\u0440\u043e\u043c\u043e\u0442\u043e\u0440\u043e\u043c. \u041b\u0435\u0432\u044b\u0439 \u0443\u0433\u043e\u043b, \u0442\u0451\u043f\u043b\u044b\u0439 \u0441\u0435\u0440\u044b\u0439 \u0446\u0432\u0435\u0442 - Texas"},{"@type":"BreadcrumbList","@id":"https:\/\/donbaraton.es\/ru\/p\/%d0%ba%d0%be%d0%b6%d0%b0%d0%bd%d1%8b%d0%b9-%d1%83%d0%b3%d0%bb%d0%be%d0%b2%d0%be%d0%b9-%d0%b4%d0%b8%d0%b2%d0%b0%d0%bd-%d1%80%d0%b5%d0%ba%d0%bb%d0%b0%d0%b9%d0%bd%d0%b5%d1%80-texas\/#breadcrumb","itemListElement":[{"@type":"ListItem","position":1,"name":"Portada","item":"https:\/\/donbaraton.es\/ru\/"},{"@type":"ListItem","position":2,"name":"\u0418\u043d\u0442\u0435\u0440\u043d\u0435\u0442-\u043c\u0430\u0433\u0430\u0437\u0438\u043d","item":"https:\/\/donbaraton.es\/ru\/%d0%bc%d0%b0%d0%b3%d0%b0%d0%b7%d0%b8%d0%bd\/"},{"@type":"ListItem","position":3,"name":"\u041a\u043e\u0436\u0430\u043d\u044b\u0439 \u0443\u0433\u043b\u043e\u0432\u043e\u0439 \u0434\u0438\u0432\u0430\u043d \u0440\u0435\u043a\u043b\u0430\u0439\u043d\u0435\u0440 \u0441 \u044d\u043b\u0435\u043a\u0442\u0440\u043e\u043c\u043e\u0442\u043e\u0440\u043e\u043c &#8212; Texas"}]},{"@type":"WebSite","@id":"https:\/\/donbaraton.es\/#website","url":"https:\/\/donbaraton.es\/","name":"Don Baraton: tienda de sof\u00e1s, colchones y muebles","description":"Venta de sof\u00e1s rinconeras, chaise longue, camas y conjuntos de sof\u00e1s","publisher":{"@id":"https:\/\/donbaraton.es\/#organization"},"potentialAction":[{"@type":"SearchAction","target":{"@type":"EntryPoint","urlTemplate":"https:\/\/donbaraton.es\/?s={search_term_string}"},"query-input":{"@type":"PropertyValueSpecification","valueRequired":true,"valueName":"search_term_string"}}],"inLanguage":"ru-RU"},{"@type":"Organization","@id":"https:\/\/donbaraton.es\/#organization","name":"Don Baraton","url":"https:\/\/donbaraton.es\/","logo":{"@type":"ImageObject","inLanguage":"ru-RU","@id":"https:\/\/donbaraton.es\/#\/schema\/logo\/image\/","url":"https:\/\/i0.wp.com\/donbaraton.es\/wp-content\/uploads\/2016\/11\/logo_don_baraton.png?fit=228%2C110&ssl=1","contentUrl":"https:\/\/i0.wp.com\/donbaraton.es\/wp-content\/uploads\/2016\/11\/logo_don_baraton.png?fit=228%2C110&ssl=1","width":228,"height":110,"caption":"Don Baraton"},"image":{"@id":"https:\/\/donbaraton.es\/#\/schema\/logo\/image\/"},"sameAs":["https:\/\/www.facebook.com\/donbaraton.es","https:\/\/x.com\/don_baraton","https:\/\/www.instagram.com\/donbaraton.es","https:\/\/www.linkedin.com\/company\/donbaraton\/","https:\/\/es.pinterest.com\/donbaraton\/","https:\/\/www.youtube.com\/channel\/UCL02HOwx-F759Jq5MedAZfQ"]}]}},"_links":{"self":[{"href":"https:\/\/donbaraton.es\/ru\/wp-json\/wp\/v2\/product\/21630","targetHints":{"allow":["GET"]}}],"collection":[{"href":"https:\/\/donbaraton.es\/ru\/wp-json\/wp\/v2\/product"}],"about":[{"href":"https:\/\/donbaraton.es\/ru\/wp-json\/wp\/v2\/types\/product"}],"replies":[{"embeddable":true,"href":"https:\/\/donbaraton.es\/ru\/wp-json\/wp\/v2\/comments?post=21630"}],"wp:featuredmedia":[{"embeddable":true,"href":"https:\/\/donbaraton.es\/ru\/wp-json\/wp\/v2\/media\/21571"}],"wp:attachment":[{"href":"https:\/\/donbaraton.es\/ru\/wp-json\/wp\/v2\/media?parent=21630"}],"wp:term":[{"taxonomy":"product_brand","embeddable":true,"href":"https:\/\/donbaraton.es\/ru\/wp-json\/wp\/v2\/product_brand?post=21630"},{"taxonomy":"product_cat","embeddable":true,"href":"https:\/\/donbaraton.es\/ru\/wp-json\/wp\/v2\/product_cat?post=21630"},{"taxonomy":"product_tag","embeddable":true,"href":"https:\/\/donbaraton.es\/ru\/wp-json\/wp\/v2\/product_tag?post=21630"}],"curies":[{"name":"wp","href":"https:\/\/api.w.org\/{rel}","templated":true}]}}