{"id":21753,"date":"2021-10-15T03:00:41","date_gmt":"2019-12-03T23:11:41","guid":{"rendered":"https:\/\/donbaraton.es\/p\/7-%d0%bc%d0%b5%d1%81%d1%82%d0%bd%d1%8b%d0%b9-%d0%b4%d0%b8%d0%b2%d0%b0%d0%bd-%d0%ba%d1%80%d0%be%d0%b2%d0%b0%d1%82%d1%8c-%d0%bf%d0%be%d0%b4%d0%b3%d0%be%d0%bb%d0%be%d0%b2%d0%bd%d0%b8%d0%ba%d0%b8-cannes\/"},"modified":"2021-10-15T03:08:57","modified_gmt":"2021-10-15T01:08:57","slug":"7-%d0%bc%d0%b5%d1%81%d1%82%d0%bd%d1%8b%d0%b9-%d0%b4%d0%b8%d0%b2%d0%b0%d0%bd-%d0%ba%d1%80%d0%be%d0%b2%d0%b0%d1%82%d1%8c-%d0%bf%d0%be%d0%b4%d0%b3%d0%be%d0%bb%d0%be%d0%b2%d0%bd%d0%b8%d0%ba%d0%b8-cannes","status":"publish","type":"product","link":"https:\/\/donbaraton.es\/ru\/p\/7-%d0%bc%d0%b5%d1%81%d1%82%d0%bd%d1%8b%d0%b9-%d0%b4%d0%b8%d0%b2%d0%b0%d0%bd-%d0%ba%d1%80%d0%be%d0%b2%d0%b0%d1%82%d1%8c-%d0%bf%d0%be%d0%b4%d0%b3%d0%be%d0%bb%d0%be%d0%b2%d0%bd%d0%b8%d0%ba%d0%b8-cannes\/","title":{"rendered":"7-\u043c\u0435\u0441\u0442\u043d\u044b\u0439 \u041f-\u043e\u0431\u0440\u0430\u0437\u043d\u044b\u0439 \u0434\u0438\u0432\u0430\u043d \u0441 \u043a\u0440\u043e\u0432\u0430\u0442\u044c\u044e \u0438 \u0440\u0435\u0433\u0443\u043b\u0438\u0440\u0443\u0435\u043c\u044b\u043c\u0438 \u043f\u043e\u0434\u0433\u043e\u043b\u043e\u0432\u043d\u0438\u043a\u0430\u043c\u0438 &#8212; Cannes"},"content":{"rendered":"<p><strong>7-\u043c\u0435\u0441\u0442\u043d\u044b\u0439 \u041f-\u043e\u0431\u0440\u0430\u0437\u043d\u044b\u0439 \u0434\u0438\u0432\u0430\u043d \u0441 \u043a\u0440\u043e\u0432\u0430\u0442\u044c\u044e \u0438 \u0440\u0435\u0433\u0443\u043b\u0438\u0440\u0443\u0435\u043c\u044b\u043c\u0438 \u043f\u043e\u0434\u0433\u043e\u043b\u043e\u0432\u043d\u0438\u043a\u0430\u043c\u0438 &#8212; Cannes<\/strong><\/p>\n<p><iframe loading=\"lazy\" src=\"https:\/\/www.youtube.com\/embed\/XtcImITHxNY\" width=\"560\" height=\"315\" frameborder=\"0\" allowfullscreen=\"allowfullscreen\"><\/iframe> \u0411\u043e\u043b\u044c\u0448\u043e\u0439 \u0434\u0438\u0432\u0430\u043d \u0434\u043b\u044f \u0441\u0435\u043c\u0438 \u0447\u0435\u043b\u043e\u0432\u0435\u043a. \u0414\u043e\u0441\u0442\u0443\u043f\u0435\u043d \u0432 \u0441\u043b\u0435\u0434\u0443\u044e\u0449\u0438\u0445 \u0432\u0430\u0440\u0438\u0430\u043d\u0442\u0430\u0445 \u043e\u0431\u0438\u0432\u043a\u0438:<\/p>\n<ul>\n<li>\u0421\u0432\u0435\u0442\u043b\u043e-\u0441\u0435\u0440\u0430\u044f \u0442\u043a\u0430\u043d\u044c \u0432 \u043a\u043e\u043c\u0431\u0438\u043d\u0430\u0446\u0438\u0438 \u0441 \u0431\u0435\u043b\u043e\u0439 \u0438\u0441\u043a\u0443\u0441\u0441\u0442\u0432\u0435\u043d\u043d\u043e\u0439 \u043a\u043e\u0436\u0435\u0439<\/li>\n<li>\u0422\u0451\u043c\u043d\u043e-\u0441\u0435\u0440\u0430\u044f \u0442\u043a\u0430\u043d\u044c \u0432 \u043a\u043e\u043c\u0431\u0438\u043d\u0430\u0446\u0438\u0438 \u0441 \u0447\u0451\u0440\u043d\u043e\u0439 \u0438\u0441\u043a\u0443\u0441\u0441\u0442\u0432\u0435\u043d\u043d\u043e\u0439 \u043a\u043e\u0436\u0435\u0439<\/li>\n<li>\u0427\u0451\u0440\u043d\u0430\u044f \u0438\u0441\u043a\u0443\u0441\u0441\u0442\u0432\u0435\u043d\u043d\u0430\u044f \u043a\u043e\u0436\u0430 \u0438 \u0431\u0435\u043b\u0430\u044f \u0438\u0441\u043a\u0443\u0441\u0441\u0442\u0432\u0435\u043d\u043d\u0430\u044f \u043a\u043e\u0436\u0430<\/li>\n<\/ul>\n<p><strong>\u0420\u0430\u0437\u043c\u0435\u0440\u044b:<\/strong> \u0434\u043b\u0438\u043d\u0430 335 \u0441\u043c, \u0434\u043b\u0438\u043d\u0430 \u0443\u0433\u043b\u0430 \u0441 \u043f\u043e\u0434\u043b\u043e\u043a\u043e\u0442\u043d\u0438\u043a\u043e\u043c 260 \u0441\u043c, \u0434\u043b\u0438\u043d\u0430 \u0443\u0433\u043b\u0430 \u0441 \u043f\u0443\u0444\u043e\u043c 225 \u0441\u043c, \u0432\u044b\u0441\u043e\u0442\u0430 \u0441 \u043f\u043e\u0434\u043d\u044f\u0442\u044b\u043c\u0438 \u043f\u043e\u0434\u0433\u043e\u043b\u043e\u0432\u043d\u0438\u043a\u0430\u043c\u0438 100 \u0441\u043c, \u0432\u044b\u0441\u043e\u0442\u0430 \u0441 \u043e\u043f\u0443\u0449\u0435\u043d\u043d\u044b\u043c\u0438 \u043f\u043e\u0434\u0433\u043e\u043b\u043e\u0432\u043d\u0438\u043a\u0430\u043c\u0438 82 \u0441\u043c, \u0433\u043b\u0443\u0431\u0438\u043d\u0430 \u0441\u0438\u0434\u0435\u043d\u044c\u044f 58 \u0441\u043c, \u0432\u044b\u0441\u043e\u0442\u0430 \u0441\u0438\u0434\u0435\u043d\u044c\u044f \u043d\u0430\u0434 \u043f\u043e\u043b\u043e\u043c 42 \u0441\u043c, \u0432\u044b\u0441\u043e\u0442\u0430 \u0441\u043f\u0438\u043d\u043a\u0438 60 \u0441\u043c. <strong>\u0420\u0430\u0437\u043c\u0435\u0440\u044b \u043a\u0440\u043e\u0432\u0430\u0442\u0438:<\/strong> 130 x 240 \u0441\u043c<\/p>\n","protected":false},"excerpt":{"rendered":"<ul>\n<li>\u0423\u0433\u043b\u043e\u0432\u043e\u0439 \u0434\u0438\u0432\u0430\u043d \u043e\u0447\u0435\u043d\u044c \u0431\u043e\u043b\u044c\u0448\u043e\u0433\u043e \u0440\u0430\u0437\u043c\u0435\u0440\u0430 (XL)<\/li>\n<li>7 \u0441\u0438\u0434\u0435\u043d\u0438\u0439 \u043f\u043b\u044e\u0441 \u043f\u0443\u0444<\/li>\n<li>\u0412\u044b\u0441\u043e\u043a\u0438\u0435 \u0441\u043f\u0438\u043d\u043a\u0438<\/li>\n<li>9 \u0440\u0435\u0433\u0443\u043b\u0438\u0440\u0443\u0435\u043c\u044b\u0445 \u043f\u043e\u0434\u0433\u043e\u043b\u043e\u0432\u043d\u0438\u043a\u043e\u0432<\/li>\n<li>\u041a\u0440\u043e\u0432\u0430\u0442\u044c 130 x 240 \u0441\u043c<\/li>\n<li>\u0422\u0440\u0430\u043d\u0441\u0444\u043e\u0440\u043c\u0438\u0440\u0443\u0435\u0442\u0441\u044f \u0432 \u0434\u0438\u0432\u0430\u043d \u0441 1 \u0443\u0433\u043b\u043e\u043c<\/li>\n<li>\u0422\u043a\u0430\u043d\u044c \u0438 \u043a\u043e\u0436\u0437\u0430\u043c\u0435\u043d\u0438\u0442\u0435\u043b\u044c<\/li>\n<\/ul>\n<p><strong>\u0420\u0430\u0437\u043c\u0435\u0440\u044b:<\/strong> \u0434\u043b\u0438\u043d\u0430 335 \u0441\u043c, \u0443\u0433\u043e\u043b \u0441 \u043f\u043e\u0434\u043b\u043e\u043a\u043e\u0442\u043d\u0438\u043a\u043e\u043c 260 \u0441\u043c, \u0443\u0433\u043e\u043b \u0441 \u043f\u0443\u0444\u043e\u043c 225 \u0441\u043c, \u0432\u044b\u0441\u043e\u0442\u0430 100 \u0441\u043c<\/p>\n","protected":false},"featured_media":25526,"comment_status":"open","ping_status":"closed","template":"","meta":{"_et_pb_use_builder":"","_et_pb_old_content":"","_et_gb_content_width":""},"product_brand":[],"product_cat":[36,42,109],"product_tag":[],"class_list":{"0":"post-21753","1":"product","2":"type-product","3":"status-publish","4":"has-post-thumbnail","6":"product_cat-36","7":"product_cat-42","8":"product_cat-109","9":"product_shipping_class-articulos-pesados","10":"pa_largo-divany-301-cm-dlinee","11":"pa_material-84","12":"pa_material-101","13":"pa_muelles-274","14":"pa_plazas-153","16":"first","17":"outofstock","18":"sale","19":"taxable","20":"shipping-taxable","21":"purchasable","22":"product-type-variable"},"yoast_head":"<!-- This site is optimized with the Yoast SEO plugin v27.2 - https:\/\/yoast.com\/product\/yoast-seo-wordpress\/ -->\n<title>7-\u043c\u0435\u0441\u0442\u043d\u044b\u0439 \u041f-\u043e\u0431\u0440\u0430\u0437\u043d\u044b\u0439 \u0434\u0438\u0432\u0430\u043d \u0441 \u043a\u0440\u043e\u0432\u0430\u0442\u044c\u044e \u0438 \u0440\u0435\u0433\u0443\u043b\u0438\u0440\u0443\u0435\u043c\u044b\u043c\u0438 \u043f\u043e\u0434\u0433\u043e\u043b\u043e\u0432\u043d\u0438\u043a\u0430\u043c\u0438 - Cannes - Don Baraton: tienda de sof\u00e1s, colchones y muebles<\/title>\n<meta name=\"robots\" content=\"index, follow, max-snippet:-1, max-image-preview:large, max-video-preview:-1\" \/>\n<link rel=\"canonical\" href=\"https:\/\/donbaraton.es\/ru\/p\/7-\u043c\u0435\u0441\u0442\u043d\u044b\u0439-\u0434\u0438\u0432\u0430\u043d-\u043a\u0440\u043e\u0432\u0430\u0442\u044c-\u043f\u043e\u0434\u0433\u043e\u043b\u043e\u0432\u043d\u0438\u043a\u0438-cannes\/\" \/>\n<meta property=\"og:locale\" content=\"ru_RU\" \/>\n<meta property=\"og:type\" content=\"article\" \/>\n<meta property=\"og:title\" content=\"7-\u043c\u0435\u0441\u0442\u043d\u044b\u0439 \u041f-\u043e\u0431\u0440\u0430\u0437\u043d\u044b\u0439 \u0434\u0438\u0432\u0430\u043d \u0441 \u043a\u0440\u043e\u0432\u0430\u0442\u044c\u044e \u0438 \u0440\u0435\u0433\u0443\u043b\u0438\u0440\u0443\u0435\u043c\u044b\u043c\u0438 \u043f\u043e\u0434\u0433\u043e\u043b\u043e\u0432\u043d\u0438\u043a\u0430\u043c\u0438 - Cannes - Don Baraton: tienda de sof\u00e1s, colchones y muebles\" \/>\n<meta property=\"og:description\" content=\"\u0423\u0433\u043b\u043e\u0432\u043e\u0439 \u0434\u0438\u0432\u0430\u043d \u043e\u0447\u0435\u043d\u044c \u0431\u043e\u043b\u044c\u0448\u043e\u0433\u043e \u0440\u0430\u0437\u043c\u0435\u0440\u0430 (XL) 7 \u0441\u0438\u0434\u0435\u043d\u0438\u0439 \u043f\u043b\u044e\u0441 \u043f\u0443\u0444 \u0412\u044b\u0441\u043e\u043a\u0438\u0435 \u0441\u043f\u0438\u043d\u043a\u0438 9 \u0440\u0435\u0433\u0443\u043b\u0438\u0440\u0443\u0435\u043c\u044b\u0445 \u043f\u043e\u0434\u0433\u043e\u043b\u043e\u0432\u043d\u0438\u043a\u043e\u0432 \u041a\u0440\u043e\u0432\u0430\u0442\u044c 130 x 240 \u0441\u043c \u0422\u0440\u0430\u043d\u0441\u0444\u043e\u0440\u043c\u0438\u0440\u0443\u0435\u0442\u0441\u044f \u0432 \u0434\u0438\u0432\u0430\u043d \u0441 1 \u0443\u0433\u043b\u043e\u043c \u0422\u043a\u0430\u043d\u044c \u0438 \u043a\u043e\u0436\u0437\u0430\u043c\u0435\u043d\u0438\u0442\u0435\u043b\u044c  \u0420\u0430\u0437\u043c\u0435\u0440\u044b: \u0434\u043b\u0438\u043d\u0430 335 \u0441\u043c, \u0443\u0433\u043e\u043b \u0441 \u043f\u043e\u0434\u043b\u043e\u043a\u043e\u0442\u043d\u0438\u043a\u043e\u043c 260 \u0441\u043c, \u0443\u0433\u043e\u043b \u0441 \u043f\u0443\u0444\u043e\u043c 225 \u0441\u043c, \u0432\u044b\u0441\u043e\u0442\u0430 100 \u0441\u043c\" \/>\n<meta property=\"og:url\" content=\"https:\/\/donbaraton.es\/ru\/p\/7-\u043c\u0435\u0441\u0442\u043d\u044b\u0439-\u0434\u0438\u0432\u0430\u043d-\u043a\u0440\u043e\u0432\u0430\u0442\u044c-\u043f\u043e\u0434\u0433\u043e\u043b\u043e\u0432\u043d\u0438\u043a\u0438-cannes\/\" \/>\n<meta property=\"og:site_name\" content=\"Don Baraton: tienda de sof\u00e1s, colchones y muebles\" \/>\n<meta property=\"article:publisher\" content=\"https:\/\/www.facebook.com\/donbaraton.es\" \/>\n<meta property=\"article:modified_time\" content=\"2021-10-15T01:08:57+00:00\" \/>\n<meta property=\"og:image\" content=\"https:\/\/i1.wp.com\/donbaraton.es\/wp-content\/uploads\/2019\/11\/Sof\u00e1-7-plazas-en-forma-de-U-con-cama-extra\u00edble-y-reposacabezas-reclinables-Cannes.-Brazo-lado-derecho.-Tela-gris-claro-con-polipiel-blanca.jpg?fit=1000%2C750&ssl=1\" \/>\n\t<meta property=\"og:image:width\" content=\"1000\" \/>\n\t<meta property=\"og:image:height\" content=\"750\" \/>\n\t<meta property=\"og:image:type\" content=\"image\/jpeg\" \/>\n<meta name=\"twitter:card\" content=\"summary_large_image\" \/>\n<meta name=\"twitter:site\" content=\"@don_baraton\" \/>\n<script type=\"application\/ld+json\" class=\"yoast-schema-graph\">{\"@context\":\"https:\/\/schema.org\",\"@graph\":[{\"@type\":\"WebPage\",\"@id\":\"https:\/\/donbaraton.es\/ru\/p\/7-%d0%bc%d0%b5%d1%81%d1%82%d0%bd%d1%8b%d0%b9-%d0%b4%d0%b8%d0%b2%d0%b0%d0%bd-%d0%ba%d1%80%d0%be%d0%b2%d0%b0%d1%82%d1%8c-%d0%bf%d0%be%d0%b4%d0%b3%d0%be%d0%bb%d0%be%d0%b2%d0%bd%d0%b8%d0%ba%d0%b8-cannes\/\",\"url\":\"https:\/\/donbaraton.es\/ru\/p\/7-%d0%bc%d0%b5%d1%81%d1%82%d0%bd%d1%8b%d0%b9-%d0%b4%d0%b8%d0%b2%d0%b0%d0%bd-%d0%ba%d1%80%d0%be%d0%b2%d0%b0%d1%82%d1%8c-%d0%bf%d0%be%d0%b4%d0%b3%d0%be%d0%bb%d0%be%d0%b2%d0%bd%d0%b8%d0%ba%d0%b8-cannes\/\",\"name\":\"7-\u043c\u0435\u0441\u0442\u043d\u044b\u0439 \u041f-\u043e\u0431\u0440\u0430\u0437\u043d\u044b\u0439 \u0434\u0438\u0432\u0430\u043d \u0441 \u043a\u0440\u043e\u0432\u0430\u0442\u044c\u044e \u0438 \u0440\u0435\u0433\u0443\u043b\u0438\u0440\u0443\u0435\u043c\u044b\u043c\u0438 \u043f\u043e\u0434\u0433\u043e\u043b\u043e\u0432\u043d\u0438\u043a\u0430\u043c\u0438 - Cannes - Don Baraton: tienda de sof\u00e1s, colchones y muebles\",\"isPartOf\":{\"@id\":\"https:\/\/donbaraton.es\/#website\"},\"primaryImageOfPage\":{\"@id\":\"https:\/\/donbaraton.es\/ru\/p\/7-%d0%bc%d0%b5%d1%81%d1%82%d0%bd%d1%8b%d0%b9-%d0%b4%d0%b8%d0%b2%d0%b0%d0%bd-%d0%ba%d1%80%d0%be%d0%b2%d0%b0%d1%82%d1%8c-%d0%bf%d0%be%d0%b4%d0%b3%d0%be%d0%bb%d0%be%d0%b2%d0%bd%d0%b8%d0%ba%d0%b8-cannes\/#primaryimage\"},\"image\":{\"@id\":\"https:\/\/donbaraton.es\/ru\/p\/7-%d0%bc%d0%b5%d1%81%d1%82%d0%bd%d1%8b%d0%b9-%d0%b4%d0%b8%d0%b2%d0%b0%d0%bd-%d0%ba%d1%80%d0%be%d0%b2%d0%b0%d1%82%d1%8c-%d0%bf%d0%be%d0%b4%d0%b3%d0%be%d0%bb%d0%be%d0%b2%d0%bd%d0%b8%d0%ba%d0%b8-cannes\/#primaryimage\"},\"thumbnailUrl\":\"https:\/\/donbaraton.es\/wp-content\/uploads\/2019\/11\/Sof\u00e1-7-plazas-en-forma-de-U-con-cama-extra\u00edble-y-reposacabezas-reclinables-Cannes.-Brazo-lado-derecho.-Tela-gris-claro-con-polipiel-blanca.jpg\",\"datePublished\":\"2019-12-03T23:11:41+00:00\",\"dateModified\":\"2021-10-15T01:08:57+00:00\",\"breadcrumb\":{\"@id\":\"https:\/\/donbaraton.es\/ru\/p\/7-%d0%bc%d0%b5%d1%81%d1%82%d0%bd%d1%8b%d0%b9-%d0%b4%d0%b8%d0%b2%d0%b0%d0%bd-%d0%ba%d1%80%d0%be%d0%b2%d0%b0%d1%82%d1%8c-%d0%bf%d0%be%d0%b4%d0%b3%d0%be%d0%bb%d0%be%d0%b2%d0%bd%d0%b8%d0%ba%d0%b8-cannes\/#breadcrumb\"},\"inLanguage\":\"ru-RU\",\"potentialAction\":[{\"@type\":\"ReadAction\",\"target\":[\"https:\/\/donbaraton.es\/ru\/p\/7-%d0%bc%d0%b5%d1%81%d1%82%d0%bd%d1%8b%d0%b9-%d0%b4%d0%b8%d0%b2%d0%b0%d0%bd-%d0%ba%d1%80%d0%be%d0%b2%d0%b0%d1%82%d1%8c-%d0%bf%d0%be%d0%b4%d0%b3%d0%be%d0%bb%d0%be%d0%b2%d0%bd%d0%b8%d0%ba%d0%b8-cannes\/\"]}]},{\"@type\":\"ImageObject\",\"inLanguage\":\"ru-RU\",\"@id\":\"https:\/\/donbaraton.es\/ru\/p\/7-%d0%bc%d0%b5%d1%81%d1%82%d0%bd%d1%8b%d0%b9-%d0%b4%d0%b8%d0%b2%d0%b0%d0%bd-%d0%ba%d1%80%d0%be%d0%b2%d0%b0%d1%82%d1%8c-%d0%bf%d0%be%d0%b4%d0%b3%d0%be%d0%bb%d0%be%d0%b2%d0%bd%d0%b8%d0%ba%d0%b8-cannes\/#primaryimage\",\"url\":\"https:\/\/donbaraton.es\/wp-content\/uploads\/2019\/11\/Sof\u00e1-7-plazas-en-forma-de-U-con-cama-extra\u00edble-y-reposacabezas-reclinables-Cannes.-Brazo-lado-derecho.-Tela-gris-claro-con-polipiel-blanca.jpg\",\"contentUrl\":\"https:\/\/donbaraton.es\/wp-content\/uploads\/2019\/11\/Sof\u00e1-7-plazas-en-forma-de-U-con-cama-extra\u00edble-y-reposacabezas-reclinables-Cannes.-Brazo-lado-derecho.-Tela-gris-claro-con-polipiel-blanca.jpg\",\"width\":1000,\"height\":750,\"caption\":\"\u0421\u0435\u043c\u0438\u043c\u0435\u0441\u0442\u043d\u044b\u0439 \u0434\u0438\u0432\u0430\u043d Cannes. \u0421\u0432\u0435\u0442\u043b\u043e-\u0441\u0435\u0440\u0430\u044f \u0442\u043a\u0430\u043d\u044c, \u0431\u0435\u043b\u0430\u044f \u0438\u0441\u043a\u0443\u0441\u0441\u0442\u0432\u0435\u043d\u043d\u0430\u044f \u043a\u043e\u0436\u0430. \u041f\u043e\u0434\u043b\u043e\u043a\u043e\u0442\u043d\u0438\u043a \u0441\u043f\u0440\u0430\u0432\u0430\"},{\"@type\":\"BreadcrumbList\",\"@id\":\"https:\/\/donbaraton.es\/ru\/p\/7-%d0%bc%d0%b5%d1%81%d1%82%d0%bd%d1%8b%d0%b9-%d0%b4%d0%b8%d0%b2%d0%b0%d0%bd-%d0%ba%d1%80%d0%be%d0%b2%d0%b0%d1%82%d1%8c-%d0%bf%d0%be%d0%b4%d0%b3%d0%be%d0%bb%d0%be%d0%b2%d0%bd%d0%b8%d0%ba%d0%b8-cannes\/#breadcrumb\",\"itemListElement\":[{\"@type\":\"ListItem\",\"position\":1,\"name\":\"Portada\",\"item\":\"https:\/\/donbaraton.es\/ru\/\"},{\"@type\":\"ListItem\",\"position\":2,\"name\":\"\u0418\u043d\u0442\u0435\u0440\u043d\u0435\u0442-\u043c\u0430\u0433\u0430\u0437\u0438\u043d\",\"item\":\"https:\/\/donbaraton.es\/ru\/%d0%bc%d0%b0%d0%b3%d0%b0%d0%b7%d0%b8%d0%bd\/\"},{\"@type\":\"ListItem\",\"position\":3,\"name\":\"7-\u043c\u0435\u0441\u0442\u043d\u044b\u0439 \u041f-\u043e\u0431\u0440\u0430\u0437\u043d\u044b\u0439 \u0434\u0438\u0432\u0430\u043d \u0441 \u043a\u0440\u043e\u0432\u0430\u0442\u044c\u044e \u0438 \u0440\u0435\u0433\u0443\u043b\u0438\u0440\u0443\u0435\u043c\u044b\u043c\u0438 \u043f\u043e\u0434\u0433\u043e\u043b\u043e\u0432\u043d\u0438\u043a\u0430\u043c\u0438 &#8212; Cannes\"}]},{\"@type\":\"WebSite\",\"@id\":\"https:\/\/donbaraton.es\/#website\",\"url\":\"https:\/\/donbaraton.es\/\",\"name\":\"Don Baraton: tienda de sof\u00e1s, colchones y muebles\",\"description\":\"Venta de sof\u00e1s rinconeras, chaise longue, camas y conjuntos de sof\u00e1s\",\"publisher\":{\"@id\":\"https:\/\/donbaraton.es\/#organization\"},\"potentialAction\":[{\"@type\":\"SearchAction\",\"target\":{\"@type\":\"EntryPoint\",\"urlTemplate\":\"https:\/\/donbaraton.es\/?s={search_term_string}\"},\"query-input\":{\"@type\":\"PropertyValueSpecification\",\"valueRequired\":true,\"valueName\":\"search_term_string\"}}],\"inLanguage\":\"ru-RU\"},{\"@type\":\"Organization\",\"@id\":\"https:\/\/donbaraton.es\/#organization\",\"name\":\"Don Baraton\",\"url\":\"https:\/\/donbaraton.es\/\",\"logo\":{\"@type\":\"ImageObject\",\"inLanguage\":\"ru-RU\",\"@id\":\"https:\/\/donbaraton.es\/#\/schema\/logo\/image\/\",\"url\":\"https:\/\/i0.wp.com\/donbaraton.es\/wp-content\/uploads\/2016\/11\/logo_don_baraton.png?fit=228%2C110&ssl=1\",\"contentUrl\":\"https:\/\/i0.wp.com\/donbaraton.es\/wp-content\/uploads\/2016\/11\/logo_don_baraton.png?fit=228%2C110&ssl=1\",\"width\":228,\"height\":110,\"caption\":\"Don Baraton\"},\"image\":{\"@id\":\"https:\/\/donbaraton.es\/#\/schema\/logo\/image\/\"},\"sameAs\":[\"https:\/\/www.facebook.com\/donbaraton.es\",\"https:\/\/x.com\/don_baraton\",\"https:\/\/www.instagram.com\/donbaraton.es\",\"https:\/\/www.linkedin.com\/company\/donbaraton\/\",\"https:\/\/es.pinterest.com\/donbaraton\/\",\"https:\/\/www.youtube.com\/channel\/UCL02HOwx-F759Jq5MedAZfQ\"]}]}<\/script>\n<!-- \/ Yoast SEO plugin. -->","yoast_head_json":{"title":"7-\u043c\u0435\u0441\u0442\u043d\u044b\u0439 \u041f-\u043e\u0431\u0440\u0430\u0437\u043d\u044b\u0439 \u0434\u0438\u0432\u0430\u043d \u0441 \u043a\u0440\u043e\u0432\u0430\u0442\u044c\u044e \u0438 \u0440\u0435\u0433\u0443\u043b\u0438\u0440\u0443\u0435\u043c\u044b\u043c\u0438 \u043f\u043e\u0434\u0433\u043e\u043b\u043e\u0432\u043d\u0438\u043a\u0430\u043c\u0438 - Cannes - Don Baraton: tienda de sof\u00e1s, colchones y muebles","robots":{"index":"index","follow":"follow","max-snippet":"max-snippet:-1","max-image-preview":"max-image-preview:large","max-video-preview":"max-video-preview:-1"},"canonical":"https:\/\/donbaraton.es\/ru\/p\/7-\u043c\u0435\u0441\u0442\u043d\u044b\u0439-\u0434\u0438\u0432\u0430\u043d-\u043a\u0440\u043e\u0432\u0430\u0442\u044c-\u043f\u043e\u0434\u0433\u043e\u043b\u043e\u0432\u043d\u0438\u043a\u0438-cannes\/","og_locale":"ru_RU","og_type":"article","og_title":"7-\u043c\u0435\u0441\u0442\u043d\u044b\u0439 \u041f-\u043e\u0431\u0440\u0430\u0437\u043d\u044b\u0439 \u0434\u0438\u0432\u0430\u043d \u0441 \u043a\u0440\u043e\u0432\u0430\u0442\u044c\u044e \u0438 \u0440\u0435\u0433\u0443\u043b\u0438\u0440\u0443\u0435\u043c\u044b\u043c\u0438 \u043f\u043e\u0434\u0433\u043e\u043b\u043e\u0432\u043d\u0438\u043a\u0430\u043c\u0438 - Cannes - Don Baraton: tienda de sof\u00e1s, colchones y muebles","og_description":"\u0423\u0433\u043b\u043e\u0432\u043e\u0439 \u0434\u0438\u0432\u0430\u043d \u043e\u0447\u0435\u043d\u044c \u0431\u043e\u043b\u044c\u0448\u043e\u0433\u043e \u0440\u0430\u0437\u043c\u0435\u0440\u0430 (XL) 7 \u0441\u0438\u0434\u0435\u043d\u0438\u0439 \u043f\u043b\u044e\u0441 \u043f\u0443\u0444 \u0412\u044b\u0441\u043e\u043a\u0438\u0435 \u0441\u043f\u0438\u043d\u043a\u0438 9 \u0440\u0435\u0433\u0443\u043b\u0438\u0440\u0443\u0435\u043c\u044b\u0445 \u043f\u043e\u0434\u0433\u043e\u043b\u043e\u0432\u043d\u0438\u043a\u043e\u0432 \u041a\u0440\u043e\u0432\u0430\u0442\u044c 130 x 240 \u0441\u043c \u0422\u0440\u0430\u043d\u0441\u0444\u043e\u0440\u043c\u0438\u0440\u0443\u0435\u0442\u0441\u044f \u0432 \u0434\u0438\u0432\u0430\u043d \u0441 1 \u0443\u0433\u043b\u043e\u043c \u0422\u043a\u0430\u043d\u044c \u0438 \u043a\u043e\u0436\u0437\u0430\u043c\u0435\u043d\u0438\u0442\u0435\u043b\u044c  \u0420\u0430\u0437\u043c\u0435\u0440\u044b: \u0434\u043b\u0438\u043d\u0430 335 \u0441\u043c, \u0443\u0433\u043e\u043b \u0441 \u043f\u043e\u0434\u043b\u043e\u043a\u043e\u0442\u043d\u0438\u043a\u043e\u043c 260 \u0441\u043c, \u0443\u0433\u043e\u043b \u0441 \u043f\u0443\u0444\u043e\u043c 225 \u0441\u043c, \u0432\u044b\u0441\u043e\u0442\u0430 100 \u0441\u043c","og_url":"https:\/\/donbaraton.es\/ru\/p\/7-\u043c\u0435\u0441\u0442\u043d\u044b\u0439-\u0434\u0438\u0432\u0430\u043d-\u043a\u0440\u043e\u0432\u0430\u0442\u044c-\u043f\u043e\u0434\u0433\u043e\u043b\u043e\u0432\u043d\u0438\u043a\u0438-cannes\/","og_site_name":"Don Baraton: tienda de sof\u00e1s, colchones y muebles","article_publisher":"https:\/\/www.facebook.com\/donbaraton.es","article_modified_time":"2021-10-15T01:08:57+00:00","og_image":[{"width":1000,"height":750,"url":"https:\/\/i1.wp.com\/donbaraton.es\/wp-content\/uploads\/2019\/11\/Sof\u00e1-7-plazas-en-forma-de-U-con-cama-extra\u00edble-y-reposacabezas-reclinables-Cannes.-Brazo-lado-derecho.-Tela-gris-claro-con-polipiel-blanca.jpg?fit=1000%2C750&ssl=1","type":"image\/jpeg"}],"twitter_card":"summary_large_image","twitter_site":"@don_baraton","schema":{"@context":"https:\/\/schema.org","@graph":[{"@type":"WebPage","@id":"https:\/\/donbaraton.es\/ru\/p\/7-%d0%bc%d0%b5%d1%81%d1%82%d0%bd%d1%8b%d0%b9-%d0%b4%d0%b8%d0%b2%d0%b0%d0%bd-%d0%ba%d1%80%d0%be%d0%b2%d0%b0%d1%82%d1%8c-%d0%bf%d0%be%d0%b4%d0%b3%d0%be%d0%bb%d0%be%d0%b2%d0%bd%d0%b8%d0%ba%d0%b8-cannes\/","url":"https:\/\/donbaraton.es\/ru\/p\/7-%d0%bc%d0%b5%d1%81%d1%82%d0%bd%d1%8b%d0%b9-%d0%b4%d0%b8%d0%b2%d0%b0%d0%bd-%d0%ba%d1%80%d0%be%d0%b2%d0%b0%d1%82%d1%8c-%d0%bf%d0%be%d0%b4%d0%b3%d0%be%d0%bb%d0%be%d0%b2%d0%bd%d0%b8%d0%ba%d0%b8-cannes\/","name":"7-\u043c\u0435\u0441\u0442\u043d\u044b\u0439 \u041f-\u043e\u0431\u0440\u0430\u0437\u043d\u044b\u0439 \u0434\u0438\u0432\u0430\u043d \u0441 \u043a\u0440\u043e\u0432\u0430\u0442\u044c\u044e \u0438 \u0440\u0435\u0433\u0443\u043b\u0438\u0440\u0443\u0435\u043c\u044b\u043c\u0438 \u043f\u043e\u0434\u0433\u043e\u043b\u043e\u0432\u043d\u0438\u043a\u0430\u043c\u0438 - Cannes - Don Baraton: tienda de sof\u00e1s, colchones y muebles","isPartOf":{"@id":"https:\/\/donbaraton.es\/#website"},"primaryImageOfPage":{"@id":"https:\/\/donbaraton.es\/ru\/p\/7-%d0%bc%d0%b5%d1%81%d1%82%d0%bd%d1%8b%d0%b9-%d0%b4%d0%b8%d0%b2%d0%b0%d0%bd-%d0%ba%d1%80%d0%be%d0%b2%d0%b0%d1%82%d1%8c-%d0%bf%d0%be%d0%b4%d0%b3%d0%be%d0%bb%d0%be%d0%b2%d0%bd%d0%b8%d0%ba%d0%b8-cannes\/#primaryimage"},"image":{"@id":"https:\/\/donbaraton.es\/ru\/p\/7-%d0%bc%d0%b5%d1%81%d1%82%d0%bd%d1%8b%d0%b9-%d0%b4%d0%b8%d0%b2%d0%b0%d0%bd-%d0%ba%d1%80%d0%be%d0%b2%d0%b0%d1%82%d1%8c-%d0%bf%d0%be%d0%b4%d0%b3%d0%be%d0%bb%d0%be%d0%b2%d0%bd%d0%b8%d0%ba%d0%b8-cannes\/#primaryimage"},"thumbnailUrl":"https:\/\/donbaraton.es\/wp-content\/uploads\/2019\/11\/Sof\u00e1-7-plazas-en-forma-de-U-con-cama-extra\u00edble-y-reposacabezas-reclinables-Cannes.-Brazo-lado-derecho.-Tela-gris-claro-con-polipiel-blanca.jpg","datePublished":"2019-12-03T23:11:41+00:00","dateModified":"2021-10-15T01:08:57+00:00","breadcrumb":{"@id":"https:\/\/donbaraton.es\/ru\/p\/7-%d0%bc%d0%b5%d1%81%d1%82%d0%bd%d1%8b%d0%b9-%d0%b4%d0%b8%d0%b2%d0%b0%d0%bd-%d0%ba%d1%80%d0%be%d0%b2%d0%b0%d1%82%d1%8c-%d0%bf%d0%be%d0%b4%d0%b3%d0%be%d0%bb%d0%be%d0%b2%d0%bd%d0%b8%d0%ba%d0%b8-cannes\/#breadcrumb"},"inLanguage":"ru-RU","potentialAction":[{"@type":"ReadAction","target":["https:\/\/donbaraton.es\/ru\/p\/7-%d0%bc%d0%b5%d1%81%d1%82%d0%bd%d1%8b%d0%b9-%d0%b4%d0%b8%d0%b2%d0%b0%d0%bd-%d0%ba%d1%80%d0%be%d0%b2%d0%b0%d1%82%d1%8c-%d0%bf%d0%be%d0%b4%d0%b3%d0%be%d0%bb%d0%be%d0%b2%d0%bd%d0%b8%d0%ba%d0%b8-cannes\/"]}]},{"@type":"ImageObject","inLanguage":"ru-RU","@id":"https:\/\/donbaraton.es\/ru\/p\/7-%d0%bc%d0%b5%d1%81%d1%82%d0%bd%d1%8b%d0%b9-%d0%b4%d0%b8%d0%b2%d0%b0%d0%bd-%d0%ba%d1%80%d0%be%d0%b2%d0%b0%d1%82%d1%8c-%d0%bf%d0%be%d0%b4%d0%b3%d0%be%d0%bb%d0%be%d0%b2%d0%bd%d0%b8%d0%ba%d0%b8-cannes\/#primaryimage","url":"https:\/\/donbaraton.es\/wp-content\/uploads\/2019\/11\/Sof\u00e1-7-plazas-en-forma-de-U-con-cama-extra\u00edble-y-reposacabezas-reclinables-Cannes.-Brazo-lado-derecho.-Tela-gris-claro-con-polipiel-blanca.jpg","contentUrl":"https:\/\/donbaraton.es\/wp-content\/uploads\/2019\/11\/Sof\u00e1-7-plazas-en-forma-de-U-con-cama-extra\u00edble-y-reposacabezas-reclinables-Cannes.-Brazo-lado-derecho.-Tela-gris-claro-con-polipiel-blanca.jpg","width":1000,"height":750,"caption":"\u0421\u0435\u043c\u0438\u043c\u0435\u0441\u0442\u043d\u044b\u0439 \u0434\u0438\u0432\u0430\u043d Cannes. \u0421\u0432\u0435\u0442\u043b\u043e-\u0441\u0435\u0440\u0430\u044f \u0442\u043a\u0430\u043d\u044c, \u0431\u0435\u043b\u0430\u044f \u0438\u0441\u043a\u0443\u0441\u0441\u0442\u0432\u0435\u043d\u043d\u0430\u044f \u043a\u043e\u0436\u0430. \u041f\u043e\u0434\u043b\u043e\u043a\u043e\u0442\u043d\u0438\u043a \u0441\u043f\u0440\u0430\u0432\u0430"},{"@type":"BreadcrumbList","@id":"https:\/\/donbaraton.es\/ru\/p\/7-%d0%bc%d0%b5%d1%81%d1%82%d0%bd%d1%8b%d0%b9-%d0%b4%d0%b8%d0%b2%d0%b0%d0%bd-%d0%ba%d1%80%d0%be%d0%b2%d0%b0%d1%82%d1%8c-%d0%bf%d0%be%d0%b4%d0%b3%d0%be%d0%bb%d0%be%d0%b2%d0%bd%d0%b8%d0%ba%d0%b8-cannes\/#breadcrumb","itemListElement":[{"@type":"ListItem","position":1,"name":"Portada","item":"https:\/\/donbaraton.es\/ru\/"},{"@type":"ListItem","position":2,"name":"\u0418\u043d\u0442\u0435\u0440\u043d\u0435\u0442-\u043c\u0430\u0433\u0430\u0437\u0438\u043d","item":"https:\/\/donbaraton.es\/ru\/%d0%bc%d0%b0%d0%b3%d0%b0%d0%b7%d0%b8%d0%bd\/"},{"@type":"ListItem","position":3,"name":"7-\u043c\u0435\u0441\u0442\u043d\u044b\u0439 \u041f-\u043e\u0431\u0440\u0430\u0437\u043d\u044b\u0439 \u0434\u0438\u0432\u0430\u043d \u0441 \u043a\u0440\u043e\u0432\u0430\u0442\u044c\u044e \u0438 \u0440\u0435\u0433\u0443\u043b\u0438\u0440\u0443\u0435\u043c\u044b\u043c\u0438 \u043f\u043e\u0434\u0433\u043e\u043b\u043e\u0432\u043d\u0438\u043a\u0430\u043c\u0438 &#8212; Cannes"}]},{"@type":"WebSite","@id":"https:\/\/donbaraton.es\/#website","url":"https:\/\/donbaraton.es\/","name":"Don Baraton: tienda de sof\u00e1s, colchones y muebles","description":"Venta de sof\u00e1s rinconeras, chaise longue, camas y conjuntos de sof\u00e1s","publisher":{"@id":"https:\/\/donbaraton.es\/#organization"},"potentialAction":[{"@type":"SearchAction","target":{"@type":"EntryPoint","urlTemplate":"https:\/\/donbaraton.es\/?s={search_term_string}"},"query-input":{"@type":"PropertyValueSpecification","valueRequired":true,"valueName":"search_term_string"}}],"inLanguage":"ru-RU"},{"@type":"Organization","@id":"https:\/\/donbaraton.es\/#organization","name":"Don Baraton","url":"https:\/\/donbaraton.es\/","logo":{"@type":"ImageObject","inLanguage":"ru-RU","@id":"https:\/\/donbaraton.es\/#\/schema\/logo\/image\/","url":"https:\/\/i0.wp.com\/donbaraton.es\/wp-content\/uploads\/2016\/11\/logo_don_baraton.png?fit=228%2C110&ssl=1","contentUrl":"https:\/\/i0.wp.com\/donbaraton.es\/wp-content\/uploads\/2016\/11\/logo_don_baraton.png?fit=228%2C110&ssl=1","width":228,"height":110,"caption":"Don Baraton"},"image":{"@id":"https:\/\/donbaraton.es\/#\/schema\/logo\/image\/"},"sameAs":["https:\/\/www.facebook.com\/donbaraton.es","https:\/\/x.com\/don_baraton","https:\/\/www.instagram.com\/donbaraton.es","https:\/\/www.linkedin.com\/company\/donbaraton\/","https:\/\/es.pinterest.com\/donbaraton\/","https:\/\/www.youtube.com\/channel\/UCL02HOwx-F759Jq5MedAZfQ"]}]}},"_links":{"self":[{"href":"https:\/\/donbaraton.es\/ru\/wp-json\/wp\/v2\/product\/21753","targetHints":{"allow":["GET"]}}],"collection":[{"href":"https:\/\/donbaraton.es\/ru\/wp-json\/wp\/v2\/product"}],"about":[{"href":"https:\/\/donbaraton.es\/ru\/wp-json\/wp\/v2\/types\/product"}],"replies":[{"embeddable":true,"href":"https:\/\/donbaraton.es\/ru\/wp-json\/wp\/v2\/comments?post=21753"}],"wp:featuredmedia":[{"embeddable":true,"href":"https:\/\/donbaraton.es\/ru\/wp-json\/wp\/v2\/media\/25526"}],"wp:attachment":[{"href":"https:\/\/donbaraton.es\/ru\/wp-json\/wp\/v2\/media?parent=21753"}],"wp:term":[{"taxonomy":"product_brand","embeddable":true,"href":"https:\/\/donbaraton.es\/ru\/wp-json\/wp\/v2\/product_brand?post=21753"},{"taxonomy":"product_cat","embeddable":true,"href":"https:\/\/donbaraton.es\/ru\/wp-json\/wp\/v2\/product_cat?post=21753"},{"taxonomy":"product_tag","embeddable":true,"href":"https:\/\/donbaraton.es\/ru\/wp-json\/wp\/v2\/product_tag?post=21753"}],"curies":[{"name":"wp","href":"https:\/\/api.w.org\/{rel}","templated":true}]}}