{"id":25271,"date":"2020-05-07T01:54:28","date_gmt":"2020-05-06T23:54:28","guid":{"rendered":"https:\/\/donbaraton.es\/p\/%d1%83%d0%b3%d0%bb%d0%be%d0%b2%d0%be%d0%b9-%d0%b4%d0%b8%d0%b2%d0%b0%d0%bd-2-%d1%8f%d1%89%d0%b8%d0%ba%d0%b0-%d0%ba%d1%80%d0%be%d0%b2%d0%b0%d1%82%d1%8c-180-200-austin\/"},"modified":"2020-05-07T01:54:28","modified_gmt":"2020-05-06T23:54:28","slug":"%d1%83%d0%b3%d0%bb%d0%be%d0%b2%d0%be%d0%b9-%d0%b4%d0%b8%d0%b2%d0%b0%d0%bd-2-%d1%8f%d1%89%d0%b8%d0%ba%d0%b0-%d0%ba%d1%80%d0%be%d0%b2%d0%b0%d1%82%d1%8c-180-200-austin","status":"publish","type":"product","link":"https:\/\/donbaraton.es\/ru\/p\/%d1%83%d0%b3%d0%bb%d0%be%d0%b2%d0%be%d0%b9-%d0%b4%d0%b8%d0%b2%d0%b0%d0%bd-2-%d1%8f%d1%89%d0%b8%d0%ba%d0%b0-%d0%ba%d1%80%d0%be%d0%b2%d0%b0%d1%82%d1%8c-180-200-austin\/","title":{"rendered":"\u0411\u043e\u043b\u044c\u0448\u043e\u0439 \u0443\u0433\u043b\u043e\u0432\u043e\u0439 \u0434\u0438\u0432\u0430\u043d \u0441 2 \u044f\u0449\u0438\u043a\u0430\u043c\u0438 \u0434\u043b\u044f \u0445\u0440\u0430\u043d\u0435\u043d\u0438\u044f \u0438 \u043a\u0440\u043e\u0432\u0430\u0442\u044c\u044e 180 x 200 \u0441\u043c &#8212; Austin"},"content":{"rendered":"<p><strong>\u0411\u043e\u043b\u044c\u0448\u043e\u0439 \u0443\u0433\u043b\u043e\u0432\u043e\u0439 \u0434\u0438\u0432\u0430\u043d \u0441 2 \u044f\u0449\u0438\u043a\u0430\u043c\u0438 \u0434\u043b\u044f \u0445\u0440\u0430\u043d\u0435\u043d\u0438\u044f \u0438 \u043a\u0440\u043e\u0432\u0430\u0442\u044c\u044e 180 x 200 \u0441\u043c &#8212; Austin<\/strong><\/p>\n<p><strong>\u0420\u0430\u0437\u043c\u0435\u0440\u044b:<\/strong> \u0434\u043b\u0438\u043d\u0430 304 \u0441\u043c, \u0443\u0433\u043e\u043b 223 \u0441\u043c, \u0432\u044b\u0441\u043e\u0442\u0430 98 \u0441\u043c<\/p>\n","protected":false},"excerpt":{"rendered":"<ul>\n<li>\u0420\u0430\u0441\u043a\u043b\u0430\u0434\u044b\u0432\u0430\u0435\u0442\u0441\u044f \u0432 \u0431\u043e\u043b\u044c\u0448\u0443\u044e \u0434\u0432\u0443\u0441\u043f\u0430\u043b\u044c\u043d\u0443\u044e \u043a\u0440\u043e\u0432\u0430\u0442\u044c 180 x 200 \u0441\u043c<\/li>\n<li>2 \u043e\u0442\u0434\u0435\u043b\u0435\u043d\u0438\u044f \u0434\u043b\u044f \u0445\u0440\u0430\u043d\u0435\u043d\u0438\u044f \u0432\u0435\u0449\u0435\u0439 \u043f\u043e\u0434 \u0441\u0438\u0434\u0435\u043d\u044c\u044f\u043c\u0438<\/li>\n<li>\u041e\u0431\u0438\u0432\u043a\u0430 \u0438\u0437 \u0442\u0451\u043c\u043d\u043e-\u0441\u0435\u0440\u043e\u0439 \u0441\u0438\u043d\u0442\u0435\u0442\u0438\u0447\u0435\u0441\u043a\u043e\u0439 \u0442\u043a\u0430\u043d\u0438<\/li>\n<li>\u041f\u0440\u0443\u0436\u0438\u043d\u044b \u0431\u043e\u043d\u043d\u0435\u043b\u044c<\/li>\n<li>5 \u043f\u043e\u0434\u0443\u0448\u0435\u043a \u0441\u043f\u0438\u043d\u043a\u0438 \u0438 3 \u0434\u0435\u043a\u043e\u0440\u0430\u0442\u0438\u0432\u043d\u044b\u0435<\/li>\n<li>\u041c\u0435\u0442\u0430\u043b\u043b\u0438\u0447\u0435\u0441\u043a\u0438\u0435 \u043d\u043e\u0436\u043a\u0438<\/li>\n<\/ul>\n<p><strong>\u0420\u0430\u0437\u043c\u0435\u0440\u044b:<\/strong> \u0434\u043b\u0438\u043d\u0430 304 \u0441\u043c, \u0443\u0433\u043e\u043b 223 \u0441\u043c, \u0432\u044b\u0441\u043e\u0442\u0430 98 \u0441\u043c<\/p>\n","protected":false},"featured_media":24938,"comment_status":"open","ping_status":"closed","template":"","meta":{"_et_pb_use_builder":"","_et_pb_old_content":"","_et_gb_content_width":""},"product_brand":[],"product_cat":[36,42,109],"product_tag":[],"class_list":{"0":"post-25271","1":"product","2":"type-product","3":"status-publish","4":"has-post-thumbnail","6":"product_cat-36","7":"product_cat-42","8":"product_cat-109","9":"product_shipping_class-articulos-pesados","10":"pa_lado-200","11":"pa_largo-divany-301-cm-dlinee","12":"pa_muelles-bonnel","14":"first","15":"outofstock","16":"sale","17":"taxable","18":"shipping-taxable","19":"purchasable","20":"product-type-simple"},"yoast_head":"<!-- This site is optimized with the Yoast SEO plugin v27.2 - https:\/\/yoast.com\/product\/yoast-seo-wordpress\/ -->\n<title>\u0411\u043e\u043b\u044c\u0448\u043e\u0439 \u0443\u0433\u043b\u043e\u0432\u043e\u0439 \u0434\u0438\u0432\u0430\u043d \u0441 2 \u044f\u0449\u0438\u043a\u0430\u043c\u0438 \u0434\u043b\u044f \u0445\u0440\u0430\u043d\u0435\u043d\u0438\u044f \u0438 \u043a\u0440\u043e\u0432\u0430\u0442\u044c\u044e 180 x 200 \u0441\u043c - Austin - Don Baraton: tienda de sof\u00e1s, colchones y muebles<\/title>\n<meta name=\"robots\" content=\"index, follow, max-snippet:-1, max-image-preview:large, max-video-preview:-1\" \/>\n<link rel=\"canonical\" href=\"https:\/\/donbaraton.es\/ru\/p\/\u0443\u0433\u043b\u043e\u0432\u043e\u0439-\u0434\u0438\u0432\u0430\u043d-2-\u044f\u0449\u0438\u043a\u0430-\u043a\u0440\u043e\u0432\u0430\u0442\u044c-180-200-austin\/\" \/>\n<meta property=\"og:locale\" content=\"ru_RU\" \/>\n<meta property=\"og:type\" content=\"article\" \/>\n<meta property=\"og:title\" content=\"\u0411\u043e\u043b\u044c\u0448\u043e\u0439 \u0443\u0433\u043b\u043e\u0432\u043e\u0439 \u0434\u0438\u0432\u0430\u043d \u0441 2 \u044f\u0449\u0438\u043a\u0430\u043c\u0438 \u0434\u043b\u044f \u0445\u0440\u0430\u043d\u0435\u043d\u0438\u044f \u0438 \u043a\u0440\u043e\u0432\u0430\u0442\u044c\u044e 180 x 200 \u0441\u043c - Austin - Don Baraton: tienda de sof\u00e1s, colchones y muebles\" \/>\n<meta property=\"og:description\" content=\"\u0420\u0430\u0441\u043a\u043b\u0430\u0434\u044b\u0432\u0430\u0435\u0442\u0441\u044f \u0432 \u0431\u043e\u043b\u044c\u0448\u0443\u044e \u0434\u0432\u0443\u0441\u043f\u0430\u043b\u044c\u043d\u0443\u044e \u043a\u0440\u043e\u0432\u0430\u0442\u044c 180 x 200 \u0441\u043c  2 \u043e\u0442\u0434\u0435\u043b\u0435\u043d\u0438\u044f \u0434\u043b\u044f \u0445\u0440\u0430\u043d\u0435\u043d\u0438\u044f \u0432\u0435\u0449\u0435\u0439 \u043f\u043e\u0434 \u0441\u0438\u0434\u0435\u043d\u044c\u044f\u043c\u0438  \u041e\u0431\u0438\u0432\u043a\u0430 \u0438\u0437 \u0442\u0451\u043c\u043d\u043e-\u0441\u0435\u0440\u043e\u0439 \u0441\u0438\u043d\u0442\u0435\u0442\u0438\u0447\u0435\u0441\u043a\u043e\u0439 \u0442\u043a\u0430\u043d\u0438  \u041f\u0440\u0443\u0436\u0438\u043d\u044b \u0431\u043e\u043d\u043d\u0435\u043b\u044c  5 \u043f\u043e\u0434\u0443\u0448\u0435\u043a \u0441\u043f\u0438\u043d\u043a\u0438 \u0438 3 \u0434\u0435\u043a\u043e\u0440\u0430\u0442\u0438\u0432\u043d\u044b\u0435  \u041c\u0435\u0442\u0430\u043b\u043b\u0438\u0447\u0435\u0441\u043a\u0438\u0435 \u043d\u043e\u0436\u043a\u0438  \u0420\u0430\u0437\u043c\u0435\u0440\u044b: \u0434\u043b\u0438\u043d\u0430 304 \u0441\u043c, \u0443\u0433\u043e\u043b 223 \u0441\u043c, \u0432\u044b\u0441\u043e\u0442\u0430 98 \u0441\u043c\" \/>\n<meta property=\"og:url\" content=\"https:\/\/donbaraton.es\/ru\/p\/\u0443\u0433\u043b\u043e\u0432\u043e\u0439-\u0434\u0438\u0432\u0430\u043d-2-\u044f\u0449\u0438\u043a\u0430-\u043a\u0440\u043e\u0432\u0430\u0442\u044c-180-200-austin\/\" \/>\n<meta property=\"og:site_name\" content=\"Don Baraton: tienda de sof\u00e1s, colchones y muebles\" \/>\n<meta property=\"article:publisher\" content=\"https:\/\/www.facebook.com\/donbaraton.es\" \/>\n<meta property=\"og:image\" content=\"https:\/\/i2.wp.com\/donbaraton.es\/wp-content\/uploads\/2020\/05\/Sof\u00e1-rinconera-con-2-ba\u00fales-convertible-en-cama-180-x-200-cm-Austin.jpg?fit=1000%2C750&ssl=1\" \/>\n\t<meta property=\"og:image:width\" content=\"1000\" \/>\n\t<meta property=\"og:image:height\" content=\"750\" \/>\n\t<meta property=\"og:image:type\" content=\"image\/jpeg\" \/>\n<meta name=\"twitter:card\" content=\"summary_large_image\" \/>\n<meta name=\"twitter:site\" content=\"@don_baraton\" \/>\n<script type=\"application\/ld+json\" class=\"yoast-schema-graph\">{\"@context\":\"https:\/\/schema.org\",\"@graph\":[{\"@type\":\"WebPage\",\"@id\":\"https:\/\/donbaraton.es\/ru\/p\/%d1%83%d0%b3%d0%bb%d0%be%d0%b2%d0%be%d0%b9-%d0%b4%d0%b8%d0%b2%d0%b0%d0%bd-2-%d1%8f%d1%89%d0%b8%d0%ba%d0%b0-%d0%ba%d1%80%d0%be%d0%b2%d0%b0%d1%82%d1%8c-180-200-austin\/\",\"url\":\"https:\/\/donbaraton.es\/ru\/p\/%d1%83%d0%b3%d0%bb%d0%be%d0%b2%d0%be%d0%b9-%d0%b4%d0%b8%d0%b2%d0%b0%d0%bd-2-%d1%8f%d1%89%d0%b8%d0%ba%d0%b0-%d0%ba%d1%80%d0%be%d0%b2%d0%b0%d1%82%d1%8c-180-200-austin\/\",\"name\":\"\u0411\u043e\u043b\u044c\u0448\u043e\u0439 \u0443\u0433\u043b\u043e\u0432\u043e\u0439 \u0434\u0438\u0432\u0430\u043d \u0441 2 \u044f\u0449\u0438\u043a\u0430\u043c\u0438 \u0434\u043b\u044f \u0445\u0440\u0430\u043d\u0435\u043d\u0438\u044f \u0438 \u043a\u0440\u043e\u0432\u0430\u0442\u044c\u044e 180 x 200 \u0441\u043c - Austin - Don Baraton: tienda de sof\u00e1s, colchones y muebles\",\"isPartOf\":{\"@id\":\"https:\/\/donbaraton.es\/#website\"},\"primaryImageOfPage\":{\"@id\":\"https:\/\/donbaraton.es\/ru\/p\/%d1%83%d0%b3%d0%bb%d0%be%d0%b2%d0%be%d0%b9-%d0%b4%d0%b8%d0%b2%d0%b0%d0%bd-2-%d1%8f%d1%89%d0%b8%d0%ba%d0%b0-%d0%ba%d1%80%d0%be%d0%b2%d0%b0%d1%82%d1%8c-180-200-austin\/#primaryimage\"},\"image\":{\"@id\":\"https:\/\/donbaraton.es\/ru\/p\/%d1%83%d0%b3%d0%bb%d0%be%d0%b2%d0%be%d0%b9-%d0%b4%d0%b8%d0%b2%d0%b0%d0%bd-2-%d1%8f%d1%89%d0%b8%d0%ba%d0%b0-%d0%ba%d1%80%d0%be%d0%b2%d0%b0%d1%82%d1%8c-180-200-austin\/#primaryimage\"},\"thumbnailUrl\":\"https:\/\/donbaraton.es\/wp-content\/uploads\/2020\/05\/Sof\u00e1-rinconera-con-2-ba\u00fales-convertible-en-cama-180-x-200-cm-Austin.jpg\",\"datePublished\":\"2020-05-06T23:54:28+00:00\",\"breadcrumb\":{\"@id\":\"https:\/\/donbaraton.es\/ru\/p\/%d1%83%d0%b3%d0%bb%d0%be%d0%b2%d0%be%d0%b9-%d0%b4%d0%b8%d0%b2%d0%b0%d0%bd-2-%d1%8f%d1%89%d0%b8%d0%ba%d0%b0-%d0%ba%d1%80%d0%be%d0%b2%d0%b0%d1%82%d1%8c-180-200-austin\/#breadcrumb\"},\"inLanguage\":\"ru-RU\",\"potentialAction\":[{\"@type\":\"ReadAction\",\"target\":[\"https:\/\/donbaraton.es\/ru\/p\/%d1%83%d0%b3%d0%bb%d0%be%d0%b2%d0%be%d0%b9-%d0%b4%d0%b8%d0%b2%d0%b0%d0%bd-2-%d1%8f%d1%89%d0%b8%d0%ba%d0%b0-%d0%ba%d1%80%d0%be%d0%b2%d0%b0%d1%82%d1%8c-180-200-austin\/\"]}]},{\"@type\":\"ImageObject\",\"inLanguage\":\"ru-RU\",\"@id\":\"https:\/\/donbaraton.es\/ru\/p\/%d1%83%d0%b3%d0%bb%d0%be%d0%b2%d0%be%d0%b9-%d0%b4%d0%b8%d0%b2%d0%b0%d0%bd-2-%d1%8f%d1%89%d0%b8%d0%ba%d0%b0-%d0%ba%d1%80%d0%be%d0%b2%d0%b0%d1%82%d1%8c-180-200-austin\/#primaryimage\",\"url\":\"https:\/\/donbaraton.es\/wp-content\/uploads\/2020\/05\/Sof\u00e1-rinconera-con-2-ba\u00fales-convertible-en-cama-180-x-200-cm-Austin.jpg\",\"contentUrl\":\"https:\/\/donbaraton.es\/wp-content\/uploads\/2020\/05\/Sof\u00e1-rinconera-con-2-ba\u00fales-convertible-en-cama-180-x-200-cm-Austin.jpg\",\"width\":1000,\"height\":750,\"caption\":\"\u0411\u043e\u043b\u044c\u0448\u043e\u0439 \u0443\u0433\u043b\u043e\u0432\u043e\u0439 \u0434\u0438\u0432\u0430\u043d \u0441 2 \u044f\u0449\u0438\u043a\u0430\u043c\u0438 \u0434\u043b\u044f \u0445\u0440\u0430\u043d\u0435\u043d\u0438\u044f \u0438 \u043a\u0440\u043e\u0432\u0430\u0442\u044c\u044e 180 x 200 \u0441\u043c - Austin\"},{\"@type\":\"BreadcrumbList\",\"@id\":\"https:\/\/donbaraton.es\/ru\/p\/%d1%83%d0%b3%d0%bb%d0%be%d0%b2%d0%be%d0%b9-%d0%b4%d0%b8%d0%b2%d0%b0%d0%bd-2-%d1%8f%d1%89%d0%b8%d0%ba%d0%b0-%d0%ba%d1%80%d0%be%d0%b2%d0%b0%d1%82%d1%8c-180-200-austin\/#breadcrumb\",\"itemListElement\":[{\"@type\":\"ListItem\",\"position\":1,\"name\":\"Portada\",\"item\":\"https:\/\/donbaraton.es\/ru\/\"},{\"@type\":\"ListItem\",\"position\":2,\"name\":\"\u0418\u043d\u0442\u0435\u0440\u043d\u0435\u0442-\u043c\u0430\u0433\u0430\u0437\u0438\u043d\",\"item\":\"https:\/\/donbaraton.es\/ru\/%d0%bc%d0%b0%d0%b3%d0%b0%d0%b7%d0%b8%d0%bd\/\"},{\"@type\":\"ListItem\",\"position\":3,\"name\":\"\u0411\u043e\u043b\u044c\u0448\u043e\u0439 \u0443\u0433\u043b\u043e\u0432\u043e\u0439 \u0434\u0438\u0432\u0430\u043d \u0441 2 \u044f\u0449\u0438\u043a\u0430\u043c\u0438 \u0434\u043b\u044f \u0445\u0440\u0430\u043d\u0435\u043d\u0438\u044f \u0438 \u043a\u0440\u043e\u0432\u0430\u0442\u044c\u044e 180 x 200 \u0441\u043c &#8212; Austin\"}]},{\"@type\":\"WebSite\",\"@id\":\"https:\/\/donbaraton.es\/#website\",\"url\":\"https:\/\/donbaraton.es\/\",\"name\":\"Don Baraton: tienda de sof\u00e1s, colchones y muebles\",\"description\":\"Venta de sof\u00e1s rinconeras, chaise longue, camas y conjuntos de sof\u00e1s\",\"publisher\":{\"@id\":\"https:\/\/donbaraton.es\/#organization\"},\"potentialAction\":[{\"@type\":\"SearchAction\",\"target\":{\"@type\":\"EntryPoint\",\"urlTemplate\":\"https:\/\/donbaraton.es\/?s={search_term_string}\"},\"query-input\":{\"@type\":\"PropertyValueSpecification\",\"valueRequired\":true,\"valueName\":\"search_term_string\"}}],\"inLanguage\":\"ru-RU\"},{\"@type\":\"Organization\",\"@id\":\"https:\/\/donbaraton.es\/#organization\",\"name\":\"Don Baraton\",\"url\":\"https:\/\/donbaraton.es\/\",\"logo\":{\"@type\":\"ImageObject\",\"inLanguage\":\"ru-RU\",\"@id\":\"https:\/\/donbaraton.es\/#\/schema\/logo\/image\/\",\"url\":\"https:\/\/i0.wp.com\/donbaraton.es\/wp-content\/uploads\/2016\/11\/logo_don_baraton.png?fit=228%2C110&ssl=1\",\"contentUrl\":\"https:\/\/i0.wp.com\/donbaraton.es\/wp-content\/uploads\/2016\/11\/logo_don_baraton.png?fit=228%2C110&ssl=1\",\"width\":228,\"height\":110,\"caption\":\"Don Baraton\"},\"image\":{\"@id\":\"https:\/\/donbaraton.es\/#\/schema\/logo\/image\/\"},\"sameAs\":[\"https:\/\/www.facebook.com\/donbaraton.es\",\"https:\/\/x.com\/don_baraton\",\"https:\/\/www.instagram.com\/donbaraton.es\",\"https:\/\/www.linkedin.com\/company\/donbaraton\/\",\"https:\/\/es.pinterest.com\/donbaraton\/\",\"https:\/\/www.youtube.com\/channel\/UCL02HOwx-F759Jq5MedAZfQ\"]}]}<\/script>\n<!-- \/ Yoast SEO plugin. -->","yoast_head_json":{"title":"\u0411\u043e\u043b\u044c\u0448\u043e\u0439 \u0443\u0433\u043b\u043e\u0432\u043e\u0439 \u0434\u0438\u0432\u0430\u043d \u0441 2 \u044f\u0449\u0438\u043a\u0430\u043c\u0438 \u0434\u043b\u044f \u0445\u0440\u0430\u043d\u0435\u043d\u0438\u044f \u0438 \u043a\u0440\u043e\u0432\u0430\u0442\u044c\u044e 180 x 200 \u0441\u043c - Austin - Don Baraton: tienda de sof\u00e1s, colchones y muebles","robots":{"index":"index","follow":"follow","max-snippet":"max-snippet:-1","max-image-preview":"max-image-preview:large","max-video-preview":"max-video-preview:-1"},"canonical":"https:\/\/donbaraton.es\/ru\/p\/\u0443\u0433\u043b\u043e\u0432\u043e\u0439-\u0434\u0438\u0432\u0430\u043d-2-\u044f\u0449\u0438\u043a\u0430-\u043a\u0440\u043e\u0432\u0430\u0442\u044c-180-200-austin\/","og_locale":"ru_RU","og_type":"article","og_title":"\u0411\u043e\u043b\u044c\u0448\u043e\u0439 \u0443\u0433\u043b\u043e\u0432\u043e\u0439 \u0434\u0438\u0432\u0430\u043d \u0441 2 \u044f\u0449\u0438\u043a\u0430\u043c\u0438 \u0434\u043b\u044f \u0445\u0440\u0430\u043d\u0435\u043d\u0438\u044f \u0438 \u043a\u0440\u043e\u0432\u0430\u0442\u044c\u044e 180 x 200 \u0441\u043c - Austin - Don Baraton: tienda de sof\u00e1s, colchones y muebles","og_description":"\u0420\u0430\u0441\u043a\u043b\u0430\u0434\u044b\u0432\u0430\u0435\u0442\u0441\u044f \u0432 \u0431\u043e\u043b\u044c\u0448\u0443\u044e \u0434\u0432\u0443\u0441\u043f\u0430\u043b\u044c\u043d\u0443\u044e \u043a\u0440\u043e\u0432\u0430\u0442\u044c 180 x 200 \u0441\u043c  2 \u043e\u0442\u0434\u0435\u043b\u0435\u043d\u0438\u044f \u0434\u043b\u044f \u0445\u0440\u0430\u043d\u0435\u043d\u0438\u044f \u0432\u0435\u0449\u0435\u0439 \u043f\u043e\u0434 \u0441\u0438\u0434\u0435\u043d\u044c\u044f\u043c\u0438  \u041e\u0431\u0438\u0432\u043a\u0430 \u0438\u0437 \u0442\u0451\u043c\u043d\u043e-\u0441\u0435\u0440\u043e\u0439 \u0441\u0438\u043d\u0442\u0435\u0442\u0438\u0447\u0435\u0441\u043a\u043e\u0439 \u0442\u043a\u0430\u043d\u0438  \u041f\u0440\u0443\u0436\u0438\u043d\u044b \u0431\u043e\u043d\u043d\u0435\u043b\u044c  5 \u043f\u043e\u0434\u0443\u0448\u0435\u043a \u0441\u043f\u0438\u043d\u043a\u0438 \u0438 3 \u0434\u0435\u043a\u043e\u0440\u0430\u0442\u0438\u0432\u043d\u044b\u0435  \u041c\u0435\u0442\u0430\u043b\u043b\u0438\u0447\u0435\u0441\u043a\u0438\u0435 \u043d\u043e\u0436\u043a\u0438  \u0420\u0430\u0437\u043c\u0435\u0440\u044b: \u0434\u043b\u0438\u043d\u0430 304 \u0441\u043c, \u0443\u0433\u043e\u043b 223 \u0441\u043c, \u0432\u044b\u0441\u043e\u0442\u0430 98 \u0441\u043c","og_url":"https:\/\/donbaraton.es\/ru\/p\/\u0443\u0433\u043b\u043e\u0432\u043e\u0439-\u0434\u0438\u0432\u0430\u043d-2-\u044f\u0449\u0438\u043a\u0430-\u043a\u0440\u043e\u0432\u0430\u0442\u044c-180-200-austin\/","og_site_name":"Don Baraton: tienda de sof\u00e1s, colchones y muebles","article_publisher":"https:\/\/www.facebook.com\/donbaraton.es","og_image":[{"width":1000,"height":750,"url":"https:\/\/i2.wp.com\/donbaraton.es\/wp-content\/uploads\/2020\/05\/Sof\u00e1-rinconera-con-2-ba\u00fales-convertible-en-cama-180-x-200-cm-Austin.jpg?fit=1000%2C750&ssl=1","type":"image\/jpeg"}],"twitter_card":"summary_large_image","twitter_site":"@don_baraton","schema":{"@context":"https:\/\/schema.org","@graph":[{"@type":"WebPage","@id":"https:\/\/donbaraton.es\/ru\/p\/%d1%83%d0%b3%d0%bb%d0%be%d0%b2%d0%be%d0%b9-%d0%b4%d0%b8%d0%b2%d0%b0%d0%bd-2-%d1%8f%d1%89%d0%b8%d0%ba%d0%b0-%d0%ba%d1%80%d0%be%d0%b2%d0%b0%d1%82%d1%8c-180-200-austin\/","url":"https:\/\/donbaraton.es\/ru\/p\/%d1%83%d0%b3%d0%bb%d0%be%d0%b2%d0%be%d0%b9-%d0%b4%d0%b8%d0%b2%d0%b0%d0%bd-2-%d1%8f%d1%89%d0%b8%d0%ba%d0%b0-%d0%ba%d1%80%d0%be%d0%b2%d0%b0%d1%82%d1%8c-180-200-austin\/","name":"\u0411\u043e\u043b\u044c\u0448\u043e\u0439 \u0443\u0433\u043b\u043e\u0432\u043e\u0439 \u0434\u0438\u0432\u0430\u043d \u0441 2 \u044f\u0449\u0438\u043a\u0430\u043c\u0438 \u0434\u043b\u044f \u0445\u0440\u0430\u043d\u0435\u043d\u0438\u044f \u0438 \u043a\u0440\u043e\u0432\u0430\u0442\u044c\u044e 180 x 200 \u0441\u043c - Austin - Don Baraton: tienda de sof\u00e1s, colchones y muebles","isPartOf":{"@id":"https:\/\/donbaraton.es\/#website"},"primaryImageOfPage":{"@id":"https:\/\/donbaraton.es\/ru\/p\/%d1%83%d0%b3%d0%bb%d0%be%d0%b2%d0%be%d0%b9-%d0%b4%d0%b8%d0%b2%d0%b0%d0%bd-2-%d1%8f%d1%89%d0%b8%d0%ba%d0%b0-%d0%ba%d1%80%d0%be%d0%b2%d0%b0%d1%82%d1%8c-180-200-austin\/#primaryimage"},"image":{"@id":"https:\/\/donbaraton.es\/ru\/p\/%d1%83%d0%b3%d0%bb%d0%be%d0%b2%d0%be%d0%b9-%d0%b4%d0%b8%d0%b2%d0%b0%d0%bd-2-%d1%8f%d1%89%d0%b8%d0%ba%d0%b0-%d0%ba%d1%80%d0%be%d0%b2%d0%b0%d1%82%d1%8c-180-200-austin\/#primaryimage"},"thumbnailUrl":"https:\/\/donbaraton.es\/wp-content\/uploads\/2020\/05\/Sof\u00e1-rinconera-con-2-ba\u00fales-convertible-en-cama-180-x-200-cm-Austin.jpg","datePublished":"2020-05-06T23:54:28+00:00","breadcrumb":{"@id":"https:\/\/donbaraton.es\/ru\/p\/%d1%83%d0%b3%d0%bb%d0%be%d0%b2%d0%be%d0%b9-%d0%b4%d0%b8%d0%b2%d0%b0%d0%bd-2-%d1%8f%d1%89%d0%b8%d0%ba%d0%b0-%d0%ba%d1%80%d0%be%d0%b2%d0%b0%d1%82%d1%8c-180-200-austin\/#breadcrumb"},"inLanguage":"ru-RU","potentialAction":[{"@type":"ReadAction","target":["https:\/\/donbaraton.es\/ru\/p\/%d1%83%d0%b3%d0%bb%d0%be%d0%b2%d0%be%d0%b9-%d0%b4%d0%b8%d0%b2%d0%b0%d0%bd-2-%d1%8f%d1%89%d0%b8%d0%ba%d0%b0-%d0%ba%d1%80%d0%be%d0%b2%d0%b0%d1%82%d1%8c-180-200-austin\/"]}]},{"@type":"ImageObject","inLanguage":"ru-RU","@id":"https:\/\/donbaraton.es\/ru\/p\/%d1%83%d0%b3%d0%bb%d0%be%d0%b2%d0%be%d0%b9-%d0%b4%d0%b8%d0%b2%d0%b0%d0%bd-2-%d1%8f%d1%89%d0%b8%d0%ba%d0%b0-%d0%ba%d1%80%d0%be%d0%b2%d0%b0%d1%82%d1%8c-180-200-austin\/#primaryimage","url":"https:\/\/donbaraton.es\/wp-content\/uploads\/2020\/05\/Sof\u00e1-rinconera-con-2-ba\u00fales-convertible-en-cama-180-x-200-cm-Austin.jpg","contentUrl":"https:\/\/donbaraton.es\/wp-content\/uploads\/2020\/05\/Sof\u00e1-rinconera-con-2-ba\u00fales-convertible-en-cama-180-x-200-cm-Austin.jpg","width":1000,"height":750,"caption":"\u0411\u043e\u043b\u044c\u0448\u043e\u0439 \u0443\u0433\u043b\u043e\u0432\u043e\u0439 \u0434\u0438\u0432\u0430\u043d \u0441 2 \u044f\u0449\u0438\u043a\u0430\u043c\u0438 \u0434\u043b\u044f \u0445\u0440\u0430\u043d\u0435\u043d\u0438\u044f \u0438 \u043a\u0440\u043e\u0432\u0430\u0442\u044c\u044e 180 x 200 \u0441\u043c - Austin"},{"@type":"BreadcrumbList","@id":"https:\/\/donbaraton.es\/ru\/p\/%d1%83%d0%b3%d0%bb%d0%be%d0%b2%d0%be%d0%b9-%d0%b4%d0%b8%d0%b2%d0%b0%d0%bd-2-%d1%8f%d1%89%d0%b8%d0%ba%d0%b0-%d0%ba%d1%80%d0%be%d0%b2%d0%b0%d1%82%d1%8c-180-200-austin\/#breadcrumb","itemListElement":[{"@type":"ListItem","position":1,"name":"Portada","item":"https:\/\/donbaraton.es\/ru\/"},{"@type":"ListItem","position":2,"name":"\u0418\u043d\u0442\u0435\u0440\u043d\u0435\u0442-\u043c\u0430\u0433\u0430\u0437\u0438\u043d","item":"https:\/\/donbaraton.es\/ru\/%d0%bc%d0%b0%d0%b3%d0%b0%d0%b7%d0%b8%d0%bd\/"},{"@type":"ListItem","position":3,"name":"\u0411\u043e\u043b\u044c\u0448\u043e\u0439 \u0443\u0433\u043b\u043e\u0432\u043e\u0439 \u0434\u0438\u0432\u0430\u043d \u0441 2 \u044f\u0449\u0438\u043a\u0430\u043c\u0438 \u0434\u043b\u044f \u0445\u0440\u0430\u043d\u0435\u043d\u0438\u044f \u0438 \u043a\u0440\u043e\u0432\u0430\u0442\u044c\u044e 180 x 200 \u0441\u043c &#8212; Austin"}]},{"@type":"WebSite","@id":"https:\/\/donbaraton.es\/#website","url":"https:\/\/donbaraton.es\/","name":"Don Baraton: tienda de sof\u00e1s, colchones y muebles","description":"Venta de sof\u00e1s rinconeras, chaise longue, camas y conjuntos de sof\u00e1s","publisher":{"@id":"https:\/\/donbaraton.es\/#organization"},"potentialAction":[{"@type":"SearchAction","target":{"@type":"EntryPoint","urlTemplate":"https:\/\/donbaraton.es\/?s={search_term_string}"},"query-input":{"@type":"PropertyValueSpecification","valueRequired":true,"valueName":"search_term_string"}}],"inLanguage":"ru-RU"},{"@type":"Organization","@id":"https:\/\/donbaraton.es\/#organization","name":"Don Baraton","url":"https:\/\/donbaraton.es\/","logo":{"@type":"ImageObject","inLanguage":"ru-RU","@id":"https:\/\/donbaraton.es\/#\/schema\/logo\/image\/","url":"https:\/\/i0.wp.com\/donbaraton.es\/wp-content\/uploads\/2016\/11\/logo_don_baraton.png?fit=228%2C110&ssl=1","contentUrl":"https:\/\/i0.wp.com\/donbaraton.es\/wp-content\/uploads\/2016\/11\/logo_don_baraton.png?fit=228%2C110&ssl=1","width":228,"height":110,"caption":"Don Baraton"},"image":{"@id":"https:\/\/donbaraton.es\/#\/schema\/logo\/image\/"},"sameAs":["https:\/\/www.facebook.com\/donbaraton.es","https:\/\/x.com\/don_baraton","https:\/\/www.instagram.com\/donbaraton.es","https:\/\/www.linkedin.com\/company\/donbaraton\/","https:\/\/es.pinterest.com\/donbaraton\/","https:\/\/www.youtube.com\/channel\/UCL02HOwx-F759Jq5MedAZfQ"]}]}},"_links":{"self":[{"href":"https:\/\/donbaraton.es\/ru\/wp-json\/wp\/v2\/product\/25271","targetHints":{"allow":["GET"]}}],"collection":[{"href":"https:\/\/donbaraton.es\/ru\/wp-json\/wp\/v2\/product"}],"about":[{"href":"https:\/\/donbaraton.es\/ru\/wp-json\/wp\/v2\/types\/product"}],"replies":[{"embeddable":true,"href":"https:\/\/donbaraton.es\/ru\/wp-json\/wp\/v2\/comments?post=25271"}],"wp:featuredmedia":[{"embeddable":true,"href":"https:\/\/donbaraton.es\/ru\/wp-json\/wp\/v2\/media\/24938"}],"wp:attachment":[{"href":"https:\/\/donbaraton.es\/ru\/wp-json\/wp\/v2\/media?parent=25271"}],"wp:term":[{"taxonomy":"product_brand","embeddable":true,"href":"https:\/\/donbaraton.es\/ru\/wp-json\/wp\/v2\/product_brand?post=25271"},{"taxonomy":"product_cat","embeddable":true,"href":"https:\/\/donbaraton.es\/ru\/wp-json\/wp\/v2\/product_cat?post=25271"},{"taxonomy":"product_tag","embeddable":true,"href":"https:\/\/donbaraton.es\/ru\/wp-json\/wp\/v2\/product_tag?post=25271"}],"curies":[{"name":"wp","href":"https:\/\/api.w.org\/{rel}","templated":true}]}}