{"id":26391,"date":"2021-03-12T03:25:53","date_gmt":"2020-08-11T00:48:55","guid":{"rendered":"https:\/\/donbaraton.es\/?post_type=product&#038;p=26391"},"modified":"2020-11-14T02:23:43","modified_gmt":"2020-11-14T01:23:43","slug":"%d0%bd%d0%b5%d0%b4%d0%be%d1%80%d0%be%d0%b3%d0%be%d0%b9-%d0%ba%d0%be%d0%bc%d0%bf%d0%bb%d0%b5%d0%ba%d1%82-3-2-%d0%bc%d0%b5%d1%81%d1%82%d0%bd%d1%8b%d0%b9-%d0%b4%d0%b8%d0%b2%d0%b0%d0%bd%d1%8b-nimes","status":"publish","type":"product","link":"https:\/\/donbaraton.es\/ru\/p\/%d0%bd%d0%b5%d0%b4%d0%be%d1%80%d0%be%d0%b3%d0%be%d0%b9-%d0%ba%d0%be%d0%bc%d0%bf%d0%bb%d0%b5%d0%ba%d1%82-3-2-%d0%bc%d0%b5%d1%81%d1%82%d0%bd%d1%8b%d0%b9-%d0%b4%d0%b8%d0%b2%d0%b0%d0%bd%d1%8b-nimes\/","title":{"rendered":"\u041d\u0435\u0434\u043e\u0440\u043e\u0433\u043e\u0439 \u043a\u043e\u043c\u043f\u043b\u0435\u043a\u0442: 3-\u043c\u0435\u0441\u0442\u043d\u044b\u0439 \u0438 2-\u043c\u0435\u0441\u0442\u043d\u044b\u0439 \u0434\u0438\u0432\u0430\u043d\u044b &#8212; Nimes"},"content":{"rendered":"<p><strong>\u041d\u0435\u0434\u043e\u0440\u043e\u0433\u043e\u0439 \u043a\u043e\u043c\u043f\u043b\u0435\u043a\u0442 \u0438\u0437 \u0434\u0432\u0443\u0445 \u0434\u0438\u0432\u0430\u043d\u043e\u0432: \u0442\u0440\u0451\u0445\u043c\u0435\u0441\u0442\u043d\u043e\u0433\u043e \u0438 \u0434\u0432\u0443\u0445\u043c\u0435\u0441\u0442\u043d\u043e\u0433\u043e &#8212; Nimes<\/strong><\/p>\n<p>\u0414\u0432\u0430 \u0434\u0438\u0432\u0430\u043d\u0430 \u0434\u043b\u044f \u0433\u043e\u0441\u0442\u0438\u043d\u044b\u0445 \u043d\u0435\u0431\u043e\u043b\u044c\u0448\u043e\u0433\u043e \u0440\u0430\u0437\u043c\u0435\u0440\u0430. \u041e\u0431\u0430 \u0434\u0438\u0432\u0430\u043d\u0430 \u0442\u0430\u043a\u0436\u0435 \u043f\u0440\u043e\u0434\u0430\u044e\u0442\u0441\u044f \u043e\u0442\u0434\u0435\u043b\u044c\u043d\u043e, \u0441\u043c\u043e\u0442\u0440\u0438\u0442\u0435 <a href=\"https:\/\/donbaraton.es\/ru\/p\/%d0%bc%d0%b0%d0%bb%d0%b5%d0%bd%d1%8c%d0%ba%d0%b8%d0%b9-%d0%bf%d1%80%d1%8f%d0%bc%d0%be%d0%b9-3-%d0%bc%d0%b5%d1%81%d1%82%d0%bd%d1%8b%d0%b9-%d0%b4%d0%b8%d0%b2%d0%b0%d0%bd-nimes\/\"><strong>\u0442\u0440\u0451\u0445\u043c\u0435\u0441\u0442\u043d\u044b\u0439 \u0434\u0438\u0432\u0430\u043d<\/strong><\/a> \u0438 <a href=\"https:\/\/donbaraton.es\/ru\/p\/%d0%bc%d0%b0%d0%bb%d0%b5%d0%bd%d1%8c%d0%ba%d0%b8%d0%b9-2-%d0%bc%d0%b5%d1%81%d1%82%d0%bd%d1%8b%d0%b9-%d0%b4%d0%b8%d0%b2%d0%b0%d0%bd-nimes\/\"><strong>\u0434\u0432\u0443\u0445\u043c\u0435\u0441\u0442\u043d\u044b\u0439 \u0434\u0438\u0432\u0430\u043d<\/strong><\/a> \u0434\u0430\u043d\u043d\u043e\u0439 \u0441\u0435\u0440\u0438\u0438.<\/p>\n<p><strong>\u0422\u043a\u0430\u043d\u044c.<\/strong> \u041f\u044f\u0442\u043d\u043e\u0443\u0441\u0442\u043e\u0439\u0447\u0438\u0432\u0430\u044f, 100% \u043f\u043e\u043b\u0438\u0435\u0441\u0442\u0435\u0440. \u0421\u043e\u043f\u0440\u043e\u0442\u0438\u0432\u043b\u0435\u043d\u0438\u0435 \u0438\u0441\u0442\u0438\u0440\u0430\u043d\u0438\u044e: 50000 \u0446\u0438\u043a\u043b\u043e\u0432. \u041c\u0430\u0441\u0441\u0430 \u0442\u043a\u0430\u043d\u0438: 250 \u0433\/\u043c2<\/p>\n<p>\u041a\u043e\u043c\u043f\u043b\u0435\u043a\u0442 \u0434\u0438\u0432\u0430\u043d\u043e\u0432 \u0434\u043e\u0441\u0442\u0443\u043f\u0435\u043d \u0432 \u0441\u043b\u0435\u0434\u0443\u044e\u0449\u0438\u0445 \u0446\u0432\u0435\u0442\u0430\u0445:<\/p>\n<ul>\n<li>\u0421\u0435\u0440\u044b\u0439<\/li>\n<li>\u041a\u043e\u0440\u0438\u0447\u043d\u0435\u0432\u044b\u0439 (&#171;\u0448\u043e\u043a\u043e\u043b\u0430\u0434&#187;)<\/li>\n<li>\u0422\u0451\u043c\u043d\u043e-\u043a\u0440\u0430\u0441\u043d\u044b\u0439 (&#171;\u0433\u0440\u0430\u043d\u0430\u0442&#187;)<\/li>\n<li>\u0411\u0435\u0436\u0435\u0432\u044b\u0439<\/li>\n<\/ul>\n<p><strong>\u0420\u0430\u0437\u043c\u0435\u0440\u044b. \u0422\u0440\u0451\u0445\u043c\u0435\u0441\u0442\u043d\u044b\u0439 \u0434\u0438\u0432\u0430\u043d: <\/strong>\u0434\u043b\u0438\u043d\u0430 178 \u0441\u043c, \u0433\u043b\u0443\u0431\u0438\u043d\u0430 80 \u0441\u043c, \u0432\u044b\u0441\u043e\u0442\u0430 85 \u0441\u043c. <strong>\u0414\u0432\u0443\u0445\u043c\u0435\u0441\u0442\u043d\u044b\u0439: <\/strong>\u0434\u043b\u0438\u043d\u0430 138 \u0441\u043c, \u0433\u043b\u0443\u0431\u0438\u043d\u0430 80 cm, \u0432\u044b\u0441\u043e\u0442\u0430 85 \u0441\u043c.<\/p>\n","protected":false},"excerpt":{"rendered":"<ul>\n<li>2 \u0434\u0438\u0432\u0430\u043d\u0430 \u0432 \u0435\u0434\u0438\u043d\u043e\u043c \u0441\u0442\u0438\u043b\u0435<\/li>\n<li>4 \u0446\u0432\u0435\u0442\u0430 \u043d\u0430 \u0432\u044b\u0431\u043e\u0440<\/li>\n<li>\u041a\u043e\u043c\u043f\u0430\u043a\u0442\u043d\u044b\u0439 \u0440\u0430\u0437\u043c\u0435\u0440<\/li>\n<li>\u041e\u0431\u0438\u0432\u043a\u0430 \u0438\u0437 \u0441\u0438\u043d\u0442\u0435\u0442\u0438\u0447\u0435\u0441\u043a\u043e\u0439 \u043f\u044f\u0442\u043d\u043e\u0443\u0441\u0442\u043e\u0439\u0447\u0438\u0432\u043e\u0439 \u0442\u043a\u0430\u043d\u0438<\/li>\n<\/ul>\n<p><strong>3-\u043c\u0435\u0441\u0442\u043d\u044b\u0439 \u0434\u0438\u0432\u0430\u043d: <\/strong>\u0434\u043b\u0438\u043d\u0430 178 \u0441\u043c, \u0433\u043b\u0443\u0431\u0438\u043d\u0430 80 \u0441\u043c, \u0432\u044b\u0441\u043e\u0442\u0430 85 \u0441\u043c. <strong>2-\u043c\u0435\u0441\u0442\u043d\u044b\u0439: <\/strong>\u0434\u043b\u0438\u043d\u0430 138 \u0441\u043c, \u0433\u043b\u0443\u0431\u0438\u043d\u0430 80 cm, \u0432\u044b\u0441\u043e\u0442\u0430 85 \u0441\u043c.<\/p>\n","protected":false},"featured_media":26544,"comment_status":"open","ping_status":"closed","template":"","meta":{"_et_pb_use_builder":"","_et_pb_old_content":"","_et_gb_content_width":""},"product_brand":[],"product_cat":[168,36],"product_tag":[],"class_list":{"0":"post-26391","1":"product","2":"type-product","3":"status-publish","4":"has-post-thumbnail","6":"product_cat-168","7":"product_cat-36","8":"product_shipping_class-articulos-pesados","9":"pa_largo-divany-200-m-menshe","10":"pa_material-101","11":"pa_plazas-153","13":"first","14":"instock","15":"sale","16":"taxable","17":"shipping-taxable","18":"purchasable","19":"product-type-variable"},"yoast_head":"<!-- This site is optimized with the Yoast SEO plugin v27.2 - https:\/\/yoast.com\/product\/yoast-seo-wordpress\/ -->\n<title>\u041d\u0435\u0434\u043e\u0440\u043e\u0433\u043e\u0439 \u043a\u043e\u043c\u043f\u043b\u0435\u043a\u0442: 3-\u043c\u0435\u0441\u0442\u043d\u044b\u0439 \u0438 2-\u043c\u0435\u0441\u0442\u043d\u044b\u0439 \u0434\u0438\u0432\u0430\u043d\u044b - Nimes - Don Baraton: tienda de sof\u00e1s, colchones y muebles<\/title>\n<meta name=\"robots\" content=\"index, follow, max-snippet:-1, max-image-preview:large, max-video-preview:-1\" \/>\n<link rel=\"canonical\" href=\"https:\/\/donbaraton.es\/ru\/p\/\u043d\u0435\u0434\u043e\u0440\u043e\u0433\u043e\u0439-\u043a\u043e\u043c\u043f\u043b\u0435\u043a\u0442-3-2-\u043c\u0435\u0441\u0442\u043d\u044b\u0439-\u0434\u0438\u0432\u0430\u043d\u044b-nimes\/\" \/>\n<meta property=\"og:locale\" content=\"ru_RU\" \/>\n<meta property=\"og:type\" content=\"article\" \/>\n<meta property=\"og:title\" content=\"\u041d\u0435\u0434\u043e\u0440\u043e\u0433\u043e\u0439 \u043a\u043e\u043c\u043f\u043b\u0435\u043a\u0442: 3-\u043c\u0435\u0441\u0442\u043d\u044b\u0439 \u0438 2-\u043c\u0435\u0441\u0442\u043d\u044b\u0439 \u0434\u0438\u0432\u0430\u043d\u044b - Nimes - Don Baraton: tienda de sof\u00e1s, colchones y muebles\" \/>\n<meta property=\"og:description\" content=\"2 \u0434\u0438\u0432\u0430\u043d\u0430 \u0432 \u0435\u0434\u0438\u043d\u043e\u043c \u0441\u0442\u0438\u043b\u0435 4 \u0446\u0432\u0435\u0442\u0430 \u043d\u0430 \u0432\u044b\u0431\u043e\u0440 \u041a\u043e\u043c\u043f\u0430\u043a\u0442\u043d\u044b\u0439 \u0440\u0430\u0437\u043c\u0435\u0440 \u041e\u0431\u0438\u0432\u043a\u0430 \u0438\u0437 \u0441\u0438\u043d\u0442\u0435\u0442\u0438\u0447\u0435\u0441\u043a\u043e\u0439 \u043f\u044f\u0442\u043d\u043e\u0443\u0441\u0442\u043e\u0439\u0447\u0438\u0432\u043e\u0439 \u0442\u043a\u0430\u043d\u0438  3-\u043c\u0435\u0441\u0442\u043d\u044b\u0439 \u0434\u0438\u0432\u0430\u043d: \u0434\u043b\u0438\u043d\u0430 178 \u0441\u043c, \u0433\u043b\u0443\u0431\u0438\u043d\u0430 80 \u0441\u043c, \u0432\u044b\u0441\u043e\u0442\u0430 85 \u0441\u043c. 2-\u043c\u0435\u0441\u0442\u043d\u044b\u0439: \u0434\u043b\u0438\u043d\u0430 138 \u0441\u043c, \u0433\u043b\u0443\u0431\u0438\u043d\u0430 80 cm, \u0432\u044b\u0441\u043e\u0442\u0430 85 \u0441\u043c.\" \/>\n<meta property=\"og:url\" content=\"https:\/\/donbaraton.es\/ru\/p\/\u043d\u0435\u0434\u043e\u0440\u043e\u0433\u043e\u0439-\u043a\u043e\u043c\u043f\u043b\u0435\u043a\u0442-3-2-\u043c\u0435\u0441\u0442\u043d\u044b\u0439-\u0434\u0438\u0432\u0430\u043d\u044b-nimes\/\" \/>\n<meta property=\"og:site_name\" content=\"Don Baraton: tienda de sof\u00e1s, colchones y muebles\" \/>\n<meta property=\"article:publisher\" content=\"https:\/\/www.facebook.com\/donbaraton.es\" \/>\n<meta property=\"article:modified_time\" content=\"2020-11-14T01:23:43+00:00\" \/>\n<meta property=\"og:image\" content=\"https:\/\/i2.wp.com\/donbaraton.es\/wp-content\/uploads\/2020\/08\/Conjunto-sofa-3-plazas-y-sofa-2-plazas-economico-Nimes.-Tela-gris.jpg?fit=1000%2C750&ssl=1\" \/>\n\t<meta property=\"og:image:width\" content=\"1000\" \/>\n\t<meta property=\"og:image:height\" content=\"750\" \/>\n\t<meta property=\"og:image:type\" content=\"image\/jpeg\" \/>\n<meta name=\"twitter:card\" content=\"summary_large_image\" \/>\n<meta name=\"twitter:site\" content=\"@don_baraton\" \/>\n<script type=\"application\/ld+json\" class=\"yoast-schema-graph\">{\"@context\":\"https:\/\/schema.org\",\"@graph\":[{\"@type\":\"WebPage\",\"@id\":\"https:\/\/donbaraton.es\/ru\/p\/%d0%bd%d0%b5%d0%b4%d0%be%d1%80%d0%be%d0%b3%d0%be%d0%b9-%d0%ba%d0%be%d0%bc%d0%bf%d0%bb%d0%b5%d0%ba%d1%82-3-2-%d0%bc%d0%b5%d1%81%d1%82%d0%bd%d1%8b%d0%b9-%d0%b4%d0%b8%d0%b2%d0%b0%d0%bd%d1%8b-nimes\/\",\"url\":\"https:\/\/donbaraton.es\/ru\/p\/%d0%bd%d0%b5%d0%b4%d0%be%d1%80%d0%be%d0%b3%d0%be%d0%b9-%d0%ba%d0%be%d0%bc%d0%bf%d0%bb%d0%b5%d0%ba%d1%82-3-2-%d0%bc%d0%b5%d1%81%d1%82%d0%bd%d1%8b%d0%b9-%d0%b4%d0%b8%d0%b2%d0%b0%d0%bd%d1%8b-nimes\/\",\"name\":\"\u041d\u0435\u0434\u043e\u0440\u043e\u0433\u043e\u0439 \u043a\u043e\u043c\u043f\u043b\u0435\u043a\u0442: 3-\u043c\u0435\u0441\u0442\u043d\u044b\u0439 \u0438 2-\u043c\u0435\u0441\u0442\u043d\u044b\u0439 \u0434\u0438\u0432\u0430\u043d\u044b - Nimes - Don Baraton: tienda de sof\u00e1s, colchones y muebles\",\"isPartOf\":{\"@id\":\"https:\/\/donbaraton.es\/#website\"},\"primaryImageOfPage\":{\"@id\":\"https:\/\/donbaraton.es\/ru\/p\/%d0%bd%d0%b5%d0%b4%d0%be%d1%80%d0%be%d0%b3%d0%be%d0%b9-%d0%ba%d0%be%d0%bc%d0%bf%d0%bb%d0%b5%d0%ba%d1%82-3-2-%d0%bc%d0%b5%d1%81%d1%82%d0%bd%d1%8b%d0%b9-%d0%b4%d0%b8%d0%b2%d0%b0%d0%bd%d1%8b-nimes\/#primaryimage\"},\"image\":{\"@id\":\"https:\/\/donbaraton.es\/ru\/p\/%d0%bd%d0%b5%d0%b4%d0%be%d1%80%d0%be%d0%b3%d0%be%d0%b9-%d0%ba%d0%be%d0%bc%d0%bf%d0%bb%d0%b5%d0%ba%d1%82-3-2-%d0%bc%d0%b5%d1%81%d1%82%d0%bd%d1%8b%d0%b9-%d0%b4%d0%b8%d0%b2%d0%b0%d0%bd%d1%8b-nimes\/#primaryimage\"},\"thumbnailUrl\":\"https:\/\/donbaraton.es\/wp-content\/uploads\/2020\/08\/Conjunto-sofa-3-plazas-y-sofa-2-plazas-economico-Nimes.-Tela-gris.jpg\",\"datePublished\":\"2020-08-11T00:48:55+00:00\",\"dateModified\":\"2020-11-14T01:23:43+00:00\",\"breadcrumb\":{\"@id\":\"https:\/\/donbaraton.es\/ru\/p\/%d0%bd%d0%b5%d0%b4%d0%be%d1%80%d0%be%d0%b3%d0%be%d0%b9-%d0%ba%d0%be%d0%bc%d0%bf%d0%bb%d0%b5%d0%ba%d1%82-3-2-%d0%bc%d0%b5%d1%81%d1%82%d0%bd%d1%8b%d0%b9-%d0%b4%d0%b8%d0%b2%d0%b0%d0%bd%d1%8b-nimes\/#breadcrumb\"},\"inLanguage\":\"ru-RU\",\"potentialAction\":[{\"@type\":\"ReadAction\",\"target\":[\"https:\/\/donbaraton.es\/ru\/p\/%d0%bd%d0%b5%d0%b4%d0%be%d1%80%d0%be%d0%b3%d0%be%d0%b9-%d0%ba%d0%be%d0%bc%d0%bf%d0%bb%d0%b5%d0%ba%d1%82-3-2-%d0%bc%d0%b5%d1%81%d1%82%d0%bd%d1%8b%d0%b9-%d0%b4%d0%b8%d0%b2%d0%b0%d0%bd%d1%8b-nimes\/\"]}]},{\"@type\":\"ImageObject\",\"inLanguage\":\"ru-RU\",\"@id\":\"https:\/\/donbaraton.es\/ru\/p\/%d0%bd%d0%b5%d0%b4%d0%be%d1%80%d0%be%d0%b3%d0%be%d0%b9-%d0%ba%d0%be%d0%bc%d0%bf%d0%bb%d0%b5%d0%ba%d1%82-3-2-%d0%bc%d0%b5%d1%81%d1%82%d0%bd%d1%8b%d0%b9-%d0%b4%d0%b8%d0%b2%d0%b0%d0%bd%d1%8b-nimes\/#primaryimage\",\"url\":\"https:\/\/donbaraton.es\/wp-content\/uploads\/2020\/08\/Conjunto-sofa-3-plazas-y-sofa-2-plazas-economico-Nimes.-Tela-gris.jpg\",\"contentUrl\":\"https:\/\/donbaraton.es\/wp-content\/uploads\/2020\/08\/Conjunto-sofa-3-plazas-y-sofa-2-plazas-economico-Nimes.-Tela-gris.jpg\",\"width\":1000,\"height\":750,\"caption\":\"\u041d\u0435\u0434\u043e\u0440\u043e\u0433\u043e\u0439 \u043a\u043e\u043c\u043f\u043b\u0435\u043a\u0442: 3-\u043c\u0435\u0441\u0442\u043d\u044b\u0439 \u0438 2-\u043c\u0435\u0441\u0442\u043d\u044b\u0439 \u0434\u0438\u0432\u0430\u043d\u044b - Nimes. \u0421\u0435\u0440\u0430\u044f \u043f\u044f\u0442\u043d\u043e\u0443\u0441\u0442\u043e\u0439\u0447\u0438\u0432\u0430\u044f \u0442\u043a\u0430\u043d\u044c\"},{\"@type\":\"BreadcrumbList\",\"@id\":\"https:\/\/donbaraton.es\/ru\/p\/%d0%bd%d0%b5%d0%b4%d0%be%d1%80%d0%be%d0%b3%d0%be%d0%b9-%d0%ba%d0%be%d0%bc%d0%bf%d0%bb%d0%b5%d0%ba%d1%82-3-2-%d0%bc%d0%b5%d1%81%d1%82%d0%bd%d1%8b%d0%b9-%d0%b4%d0%b8%d0%b2%d0%b0%d0%bd%d1%8b-nimes\/#breadcrumb\",\"itemListElement\":[{\"@type\":\"ListItem\",\"position\":1,\"name\":\"Portada\",\"item\":\"https:\/\/donbaraton.es\/ru\/\"},{\"@type\":\"ListItem\",\"position\":2,\"name\":\"\u0418\u043d\u0442\u0435\u0440\u043d\u0435\u0442-\u043c\u0430\u0433\u0430\u0437\u0438\u043d\",\"item\":\"https:\/\/donbaraton.es\/ru\/%d0%bc%d0%b0%d0%b3%d0%b0%d0%b7%d0%b8%d0%bd\/\"},{\"@type\":\"ListItem\",\"position\":3,\"name\":\"\u041d\u0435\u0434\u043e\u0440\u043e\u0433\u043e\u0439 \u043a\u043e\u043c\u043f\u043b\u0435\u043a\u0442: 3-\u043c\u0435\u0441\u0442\u043d\u044b\u0439 \u0438 2-\u043c\u0435\u0441\u0442\u043d\u044b\u0439 \u0434\u0438\u0432\u0430\u043d\u044b &#8212; Nimes\"}]},{\"@type\":\"WebSite\",\"@id\":\"https:\/\/donbaraton.es\/#website\",\"url\":\"https:\/\/donbaraton.es\/\",\"name\":\"Don Baraton: tienda de sof\u00e1s, colchones y muebles\",\"description\":\"Venta de sof\u00e1s rinconeras, chaise longue, camas y conjuntos de sof\u00e1s\",\"publisher\":{\"@id\":\"https:\/\/donbaraton.es\/#organization\"},\"potentialAction\":[{\"@type\":\"SearchAction\",\"target\":{\"@type\":\"EntryPoint\",\"urlTemplate\":\"https:\/\/donbaraton.es\/?s={search_term_string}\"},\"query-input\":{\"@type\":\"PropertyValueSpecification\",\"valueRequired\":true,\"valueName\":\"search_term_string\"}}],\"inLanguage\":\"ru-RU\"},{\"@type\":\"Organization\",\"@id\":\"https:\/\/donbaraton.es\/#organization\",\"name\":\"Don Baraton\",\"url\":\"https:\/\/donbaraton.es\/\",\"logo\":{\"@type\":\"ImageObject\",\"inLanguage\":\"ru-RU\",\"@id\":\"https:\/\/donbaraton.es\/#\/schema\/logo\/image\/\",\"url\":\"https:\/\/i0.wp.com\/donbaraton.es\/wp-content\/uploads\/2016\/11\/logo_don_baraton.png?fit=228%2C110&ssl=1\",\"contentUrl\":\"https:\/\/i0.wp.com\/donbaraton.es\/wp-content\/uploads\/2016\/11\/logo_don_baraton.png?fit=228%2C110&ssl=1\",\"width\":228,\"height\":110,\"caption\":\"Don Baraton\"},\"image\":{\"@id\":\"https:\/\/donbaraton.es\/#\/schema\/logo\/image\/\"},\"sameAs\":[\"https:\/\/www.facebook.com\/donbaraton.es\",\"https:\/\/x.com\/don_baraton\",\"https:\/\/www.instagram.com\/donbaraton.es\",\"https:\/\/www.linkedin.com\/company\/donbaraton\/\",\"https:\/\/es.pinterest.com\/donbaraton\/\",\"https:\/\/www.youtube.com\/channel\/UCL02HOwx-F759Jq5MedAZfQ\"]}]}<\/script>\n<!-- \/ Yoast SEO plugin. -->","yoast_head_json":{"title":"\u041d\u0435\u0434\u043e\u0440\u043e\u0433\u043e\u0439 \u043a\u043e\u043c\u043f\u043b\u0435\u043a\u0442: 3-\u043c\u0435\u0441\u0442\u043d\u044b\u0439 \u0438 2-\u043c\u0435\u0441\u0442\u043d\u044b\u0439 \u0434\u0438\u0432\u0430\u043d\u044b - Nimes - Don Baraton: tienda de sof\u00e1s, colchones y muebles","robots":{"index":"index","follow":"follow","max-snippet":"max-snippet:-1","max-image-preview":"max-image-preview:large","max-video-preview":"max-video-preview:-1"},"canonical":"https:\/\/donbaraton.es\/ru\/p\/\u043d\u0435\u0434\u043e\u0440\u043e\u0433\u043e\u0439-\u043a\u043e\u043c\u043f\u043b\u0435\u043a\u0442-3-2-\u043c\u0435\u0441\u0442\u043d\u044b\u0439-\u0434\u0438\u0432\u0430\u043d\u044b-nimes\/","og_locale":"ru_RU","og_type":"article","og_title":"\u041d\u0435\u0434\u043e\u0440\u043e\u0433\u043e\u0439 \u043a\u043e\u043c\u043f\u043b\u0435\u043a\u0442: 3-\u043c\u0435\u0441\u0442\u043d\u044b\u0439 \u0438 2-\u043c\u0435\u0441\u0442\u043d\u044b\u0439 \u0434\u0438\u0432\u0430\u043d\u044b - Nimes - Don Baraton: tienda de sof\u00e1s, colchones y muebles","og_description":"2 \u0434\u0438\u0432\u0430\u043d\u0430 \u0432 \u0435\u0434\u0438\u043d\u043e\u043c \u0441\u0442\u0438\u043b\u0435 4 \u0446\u0432\u0435\u0442\u0430 \u043d\u0430 \u0432\u044b\u0431\u043e\u0440 \u041a\u043e\u043c\u043f\u0430\u043a\u0442\u043d\u044b\u0439 \u0440\u0430\u0437\u043c\u0435\u0440 \u041e\u0431\u0438\u0432\u043a\u0430 \u0438\u0437 \u0441\u0438\u043d\u0442\u0435\u0442\u0438\u0447\u0435\u0441\u043a\u043e\u0439 \u043f\u044f\u0442\u043d\u043e\u0443\u0441\u0442\u043e\u0439\u0447\u0438\u0432\u043e\u0439 \u0442\u043a\u0430\u043d\u0438  3-\u043c\u0435\u0441\u0442\u043d\u044b\u0439 \u0434\u0438\u0432\u0430\u043d: \u0434\u043b\u0438\u043d\u0430 178 \u0441\u043c, \u0433\u043b\u0443\u0431\u0438\u043d\u0430 80 \u0441\u043c, \u0432\u044b\u0441\u043e\u0442\u0430 85 \u0441\u043c. 2-\u043c\u0435\u0441\u0442\u043d\u044b\u0439: \u0434\u043b\u0438\u043d\u0430 138 \u0441\u043c, \u0433\u043b\u0443\u0431\u0438\u043d\u0430 80 cm, \u0432\u044b\u0441\u043e\u0442\u0430 85 \u0441\u043c.","og_url":"https:\/\/donbaraton.es\/ru\/p\/\u043d\u0435\u0434\u043e\u0440\u043e\u0433\u043e\u0439-\u043a\u043e\u043c\u043f\u043b\u0435\u043a\u0442-3-2-\u043c\u0435\u0441\u0442\u043d\u044b\u0439-\u0434\u0438\u0432\u0430\u043d\u044b-nimes\/","og_site_name":"Don Baraton: tienda de sof\u00e1s, colchones y muebles","article_publisher":"https:\/\/www.facebook.com\/donbaraton.es","article_modified_time":"2020-11-14T01:23:43+00:00","og_image":[{"width":1000,"height":750,"url":"https:\/\/i2.wp.com\/donbaraton.es\/wp-content\/uploads\/2020\/08\/Conjunto-sofa-3-plazas-y-sofa-2-plazas-economico-Nimes.-Tela-gris.jpg?fit=1000%2C750&ssl=1","type":"image\/jpeg"}],"twitter_card":"summary_large_image","twitter_site":"@don_baraton","schema":{"@context":"https:\/\/schema.org","@graph":[{"@type":"WebPage","@id":"https:\/\/donbaraton.es\/ru\/p\/%d0%bd%d0%b5%d0%b4%d0%be%d1%80%d0%be%d0%b3%d0%be%d0%b9-%d0%ba%d0%be%d0%bc%d0%bf%d0%bb%d0%b5%d0%ba%d1%82-3-2-%d0%bc%d0%b5%d1%81%d1%82%d0%bd%d1%8b%d0%b9-%d0%b4%d0%b8%d0%b2%d0%b0%d0%bd%d1%8b-nimes\/","url":"https:\/\/donbaraton.es\/ru\/p\/%d0%bd%d0%b5%d0%b4%d0%be%d1%80%d0%be%d0%b3%d0%be%d0%b9-%d0%ba%d0%be%d0%bc%d0%bf%d0%bb%d0%b5%d0%ba%d1%82-3-2-%d0%bc%d0%b5%d1%81%d1%82%d0%bd%d1%8b%d0%b9-%d0%b4%d0%b8%d0%b2%d0%b0%d0%bd%d1%8b-nimes\/","name":"\u041d\u0435\u0434\u043e\u0440\u043e\u0433\u043e\u0439 \u043a\u043e\u043c\u043f\u043b\u0435\u043a\u0442: 3-\u043c\u0435\u0441\u0442\u043d\u044b\u0439 \u0438 2-\u043c\u0435\u0441\u0442\u043d\u044b\u0439 \u0434\u0438\u0432\u0430\u043d\u044b - Nimes - Don Baraton: tienda de sof\u00e1s, colchones y muebles","isPartOf":{"@id":"https:\/\/donbaraton.es\/#website"},"primaryImageOfPage":{"@id":"https:\/\/donbaraton.es\/ru\/p\/%d0%bd%d0%b5%d0%b4%d0%be%d1%80%d0%be%d0%b3%d0%be%d0%b9-%d0%ba%d0%be%d0%bc%d0%bf%d0%bb%d0%b5%d0%ba%d1%82-3-2-%d0%bc%d0%b5%d1%81%d1%82%d0%bd%d1%8b%d0%b9-%d0%b4%d0%b8%d0%b2%d0%b0%d0%bd%d1%8b-nimes\/#primaryimage"},"image":{"@id":"https:\/\/donbaraton.es\/ru\/p\/%d0%bd%d0%b5%d0%b4%d0%be%d1%80%d0%be%d0%b3%d0%be%d0%b9-%d0%ba%d0%be%d0%bc%d0%bf%d0%bb%d0%b5%d0%ba%d1%82-3-2-%d0%bc%d0%b5%d1%81%d1%82%d0%bd%d1%8b%d0%b9-%d0%b4%d0%b8%d0%b2%d0%b0%d0%bd%d1%8b-nimes\/#primaryimage"},"thumbnailUrl":"https:\/\/donbaraton.es\/wp-content\/uploads\/2020\/08\/Conjunto-sofa-3-plazas-y-sofa-2-plazas-economico-Nimes.-Tela-gris.jpg","datePublished":"2020-08-11T00:48:55+00:00","dateModified":"2020-11-14T01:23:43+00:00","breadcrumb":{"@id":"https:\/\/donbaraton.es\/ru\/p\/%d0%bd%d0%b5%d0%b4%d0%be%d1%80%d0%be%d0%b3%d0%be%d0%b9-%d0%ba%d0%be%d0%bc%d0%bf%d0%bb%d0%b5%d0%ba%d1%82-3-2-%d0%bc%d0%b5%d1%81%d1%82%d0%bd%d1%8b%d0%b9-%d0%b4%d0%b8%d0%b2%d0%b0%d0%bd%d1%8b-nimes\/#breadcrumb"},"inLanguage":"ru-RU","potentialAction":[{"@type":"ReadAction","target":["https:\/\/donbaraton.es\/ru\/p\/%d0%bd%d0%b5%d0%b4%d0%be%d1%80%d0%be%d0%b3%d0%be%d0%b9-%d0%ba%d0%be%d0%bc%d0%bf%d0%bb%d0%b5%d0%ba%d1%82-3-2-%d0%bc%d0%b5%d1%81%d1%82%d0%bd%d1%8b%d0%b9-%d0%b4%d0%b8%d0%b2%d0%b0%d0%bd%d1%8b-nimes\/"]}]},{"@type":"ImageObject","inLanguage":"ru-RU","@id":"https:\/\/donbaraton.es\/ru\/p\/%d0%bd%d0%b5%d0%b4%d0%be%d1%80%d0%be%d0%b3%d0%be%d0%b9-%d0%ba%d0%be%d0%bc%d0%bf%d0%bb%d0%b5%d0%ba%d1%82-3-2-%d0%bc%d0%b5%d1%81%d1%82%d0%bd%d1%8b%d0%b9-%d0%b4%d0%b8%d0%b2%d0%b0%d0%bd%d1%8b-nimes\/#primaryimage","url":"https:\/\/donbaraton.es\/wp-content\/uploads\/2020\/08\/Conjunto-sofa-3-plazas-y-sofa-2-plazas-economico-Nimes.-Tela-gris.jpg","contentUrl":"https:\/\/donbaraton.es\/wp-content\/uploads\/2020\/08\/Conjunto-sofa-3-plazas-y-sofa-2-plazas-economico-Nimes.-Tela-gris.jpg","width":1000,"height":750,"caption":"\u041d\u0435\u0434\u043e\u0440\u043e\u0433\u043e\u0439 \u043a\u043e\u043c\u043f\u043b\u0435\u043a\u0442: 3-\u043c\u0435\u0441\u0442\u043d\u044b\u0439 \u0438 2-\u043c\u0435\u0441\u0442\u043d\u044b\u0439 \u0434\u0438\u0432\u0430\u043d\u044b - Nimes. \u0421\u0435\u0440\u0430\u044f \u043f\u044f\u0442\u043d\u043e\u0443\u0441\u0442\u043e\u0439\u0447\u0438\u0432\u0430\u044f \u0442\u043a\u0430\u043d\u044c"},{"@type":"BreadcrumbList","@id":"https:\/\/donbaraton.es\/ru\/p\/%d0%bd%d0%b5%d0%b4%d0%be%d1%80%d0%be%d0%b3%d0%be%d0%b9-%d0%ba%d0%be%d0%bc%d0%bf%d0%bb%d0%b5%d0%ba%d1%82-3-2-%d0%bc%d0%b5%d1%81%d1%82%d0%bd%d1%8b%d0%b9-%d0%b4%d0%b8%d0%b2%d0%b0%d0%bd%d1%8b-nimes\/#breadcrumb","itemListElement":[{"@type":"ListItem","position":1,"name":"Portada","item":"https:\/\/donbaraton.es\/ru\/"},{"@type":"ListItem","position":2,"name":"\u0418\u043d\u0442\u0435\u0440\u043d\u0435\u0442-\u043c\u0430\u0433\u0430\u0437\u0438\u043d","item":"https:\/\/donbaraton.es\/ru\/%d0%bc%d0%b0%d0%b3%d0%b0%d0%b7%d0%b8%d0%bd\/"},{"@type":"ListItem","position":3,"name":"\u041d\u0435\u0434\u043e\u0440\u043e\u0433\u043e\u0439 \u043a\u043e\u043c\u043f\u043b\u0435\u043a\u0442: 3-\u043c\u0435\u0441\u0442\u043d\u044b\u0439 \u0438 2-\u043c\u0435\u0441\u0442\u043d\u044b\u0439 \u0434\u0438\u0432\u0430\u043d\u044b &#8212; Nimes"}]},{"@type":"WebSite","@id":"https:\/\/donbaraton.es\/#website","url":"https:\/\/donbaraton.es\/","name":"Don Baraton: tienda de sof\u00e1s, colchones y muebles","description":"Venta de sof\u00e1s rinconeras, chaise longue, camas y conjuntos de sof\u00e1s","publisher":{"@id":"https:\/\/donbaraton.es\/#organization"},"potentialAction":[{"@type":"SearchAction","target":{"@type":"EntryPoint","urlTemplate":"https:\/\/donbaraton.es\/?s={search_term_string}"},"query-input":{"@type":"PropertyValueSpecification","valueRequired":true,"valueName":"search_term_string"}}],"inLanguage":"ru-RU"},{"@type":"Organization","@id":"https:\/\/donbaraton.es\/#organization","name":"Don Baraton","url":"https:\/\/donbaraton.es\/","logo":{"@type":"ImageObject","inLanguage":"ru-RU","@id":"https:\/\/donbaraton.es\/#\/schema\/logo\/image\/","url":"https:\/\/i0.wp.com\/donbaraton.es\/wp-content\/uploads\/2016\/11\/logo_don_baraton.png?fit=228%2C110&ssl=1","contentUrl":"https:\/\/i0.wp.com\/donbaraton.es\/wp-content\/uploads\/2016\/11\/logo_don_baraton.png?fit=228%2C110&ssl=1","width":228,"height":110,"caption":"Don Baraton"},"image":{"@id":"https:\/\/donbaraton.es\/#\/schema\/logo\/image\/"},"sameAs":["https:\/\/www.facebook.com\/donbaraton.es","https:\/\/x.com\/don_baraton","https:\/\/www.instagram.com\/donbaraton.es","https:\/\/www.linkedin.com\/company\/donbaraton\/","https:\/\/es.pinterest.com\/donbaraton\/","https:\/\/www.youtube.com\/channel\/UCL02HOwx-F759Jq5MedAZfQ"]}]}},"_links":{"self":[{"href":"https:\/\/donbaraton.es\/ru\/wp-json\/wp\/v2\/product\/26391","targetHints":{"allow":["GET"]}}],"collection":[{"href":"https:\/\/donbaraton.es\/ru\/wp-json\/wp\/v2\/product"}],"about":[{"href":"https:\/\/donbaraton.es\/ru\/wp-json\/wp\/v2\/types\/product"}],"replies":[{"embeddable":true,"href":"https:\/\/donbaraton.es\/ru\/wp-json\/wp\/v2\/comments?post=26391"}],"wp:featuredmedia":[{"embeddable":true,"href":"https:\/\/donbaraton.es\/ru\/wp-json\/wp\/v2\/media\/26544"}],"wp:attachment":[{"href":"https:\/\/donbaraton.es\/ru\/wp-json\/wp\/v2\/media?parent=26391"}],"wp:term":[{"taxonomy":"product_brand","embeddable":true,"href":"https:\/\/donbaraton.es\/ru\/wp-json\/wp\/v2\/product_brand?post=26391"},{"taxonomy":"product_cat","embeddable":true,"href":"https:\/\/donbaraton.es\/ru\/wp-json\/wp\/v2\/product_cat?post=26391"},{"taxonomy":"product_tag","embeddable":true,"href":"https:\/\/donbaraton.es\/ru\/wp-json\/wp\/v2\/product_tag?post=26391"}],"curies":[{"name":"wp","href":"https:\/\/api.w.org\/{rel}","templated":true}]}}