{"id":27727,"date":"2020-10-01T18:20:09","date_gmt":"2020-10-01T16:20:09","guid":{"rendered":"https:\/\/donbaraton.es\/p\/%d0%bf-%d0%be%d0%b1%d1%80%d0%b0%d0%b7%d0%bd%d1%8b%d0%b9-%d0%b4%d0%b8%d0%b2%d0%b0%d0%bd-%d0%ba%d1%80%d0%be%d0%b2%d0%b0%d1%82%d1%8c-2-%d1%8f%d1%89%d0%b8%d0%ba%d0%b0-%d0%b1%d0%b5%d0%bb%d1%8c%d1%8f-stratf\/"},"modified":"2020-10-05T19:06:49","modified_gmt":"2020-10-05T17:06:49","slug":"%d0%bf-%d0%be%d0%b1%d1%80%d0%b0%d0%b7%d0%bd%d1%8b%d0%b9-%d0%b4%d0%b8%d0%b2%d0%b0%d0%bd-%d0%ba%d1%80%d0%be%d0%b2%d0%b0%d1%82%d1%8c-2-%d1%8f%d1%89%d0%b8%d0%ba%d0%b0-stratford","status":"publish","type":"product","link":"https:\/\/donbaraton.es\/ru\/p\/%d0%bf-%d0%be%d0%b1%d1%80%d0%b0%d0%b7%d0%bd%d1%8b%d0%b9-%d0%b4%d0%b8%d0%b2%d0%b0%d0%bd-%d0%ba%d1%80%d0%be%d0%b2%d0%b0%d1%82%d1%8c-2-%d1%8f%d1%89%d0%b8%d0%ba%d0%b0-stratford\/","title":{"rendered":"\u0421\u0435\u0440\u044b\u0439 \u041f-\u043e\u0431\u0440\u0430\u0437\u043d\u044b\u0439 \u0434\u0438\u0432\u0430\u043d-\u043a\u0440\u043e\u0432\u0430\u0442\u044c \u0441 2 \u044f\u0449\u0438\u043a\u0430\u043c\u0438 \u0434\u043b\u044f \u0431\u0435\u043b\u044c\u044f &#8212; Stratford"},"content":{"rendered":"<p><strong>\u0421\u0435\u0440\u044b\u0439 \u041f-\u043e\u0431\u0440\u0430\u0437\u043d\u044b\u0439 \u0434\u0438\u0432\u0430\u043d-\u043a\u0440\u043e\u0432\u0430\u0442\u044c \u0441 \u0434\u0432\u0443\u043c\u044f \u044f\u0449\u0438\u043a\u0430\u043c\u0438 \u0434\u043b\u044f \u0431\u0435\u043b\u044c\u044f &#8212; Stratford<\/strong><\/p>\n<p><strong>\u0420\u0430\u0437\u043c\u0435\u0440\u044b:<\/strong> \u0434\u043b\u0438\u043d\u0430 311 \u0441\u043c, \u0434\u043b\u0438\u043d\u043d\u0430\u044f \u0431\u043e\u043a\u043e\u0432\u0430\u044f \u0447\u0430\u0441\u0442\u044c 185 \u0441\u043c, \u043a\u043e\u0440\u043e\u0442\u043a\u0430\u044f \u0431\u043e\u043a\u043e\u0432\u0430\u044f \u0447\u0430\u0441\u0442\u044c 155 \u0441\u043c, \u0432\u044b\u0441\u043e\u0442\u0430 \u0441 \u043f\u043e\u0434\u0443\u0448\u043a\u0430\u043c\u0438 90 \u0441\u043c, \u0432\u044b\u0441\u043e\u0442\u0430 \u0431\u0435\u0437 \u043f\u043e\u0434\u0443\u0448\u0435\u043a 70 \u0441\u043c. \u0412\u044b\u0441\u043e\u0442\u0430 \u0441\u0438\u0434\u0435\u043d\u044c\u044f \u043d\u0430\u0434 \u043f\u043e\u043b\u043e\u043c 40 \u0441\u043c. \u0413\u043b\u0443\u0431\u0438\u043d\u0430 \u0441\u0438\u0434\u0435\u043d\u044c\u044f 60 \u0441\u043c. \u0412\u044b\u0441\u043e\u0442\u0430 \u043f\u043e\u0434\u0443\u0448\u0435\u043a \u0441\u043f\u0438\u043d\u043a\u0438 50 \u0441\u043c. <strong>\u0420\u0430\u0437\u043c\u0435\u0440\u044b \u043a\u0440\u043e\u0432\u0430\u0442\u0438: <\/strong>145 x 273 \u0441\u043c<\/p>\n","protected":false},"excerpt":{"rendered":"<ul>\n<li>\u041e\u0431\u0438\u0432\u043a\u0430 \u0438\u0437 \u0441\u0432\u0435\u0442\u043b\u043e-\u0441\u0435\u0440\u043e\u0439 \u0438 \u0442\u0451\u043c\u043d\u043e-\u0441\u0435\u0440\u043e\u0439 \u0442\u043a\u0430\u043d\u0438\u00a0<\/li>\n<li>2 \u044f\u0449\u0438\u043a\u0430 \u0434\u043b\u044f \u0431\u0435\u043b\u044c\u044f \u043f\u043e\u0434 \u0441\u0438\u0434\u0435\u043d\u044c\u044f\u043c\u0438<\/li>\n<li>\u0412\u044b\u0434\u0432\u0438\u0436\u043d\u0430\u044f \u043a\u0440\u043e\u0432\u0430\u0442\u044c 145 x 273 \u0441\u043c<\/li>\n<li>\u0411\u043e\u043a\u043e\u0432\u044b\u0435 \u0447\u0430\u0441\u0442\u0438 \u0434\u0438\u0432\u0430\u043d\u0430 \u043c\u043e\u0436\u043d\u043e \u043c\u0435\u043d\u044f\u0442\u044c \u043c\u0435\u0441\u0442\u0430\u043c\u0438<\/li>\n<li>\u0412\u043e\u043b\u043d\u043e\u043e\u0431\u0440\u0430\u0437\u043d\u044b\u0435 \u043f\u0440\u0443\u0436\u0438\u043d\u044b \u0441\u0438\u0434\u0435\u043d\u0438\u0439<\/li>\n<\/ul>\n<p><strong>\u0420\u0430\u0437\u043c\u0435\u0440\u044b:<\/strong> \u0434\u043b\u0438\u043d\u0430 311 \u0441\u043c, \u0434\u043b\u0438\u043d\u043d\u044b\u0439 \u0443\u0433\u043e\u043b 185 \u0441\u043c, \u043a\u043e\u0440\u043e\u0442\u043a\u0438\u0439 \u0443\u0433\u043e\u043b 155 \u0441\u043c, \u0432\u044b\u0441\u043e\u0442\u0430 90 \u0441\u043c<\/p>\n","protected":false},"featured_media":27702,"comment_status":"open","ping_status":"closed","template":"","meta":{"_et_pb_use_builder":"","_et_pb_old_content":"","_et_gb_content_width":""},"product_brand":[],"product_cat":[36,46,42,44,109],"product_tag":[],"class_list":{"0":"post-27727","1":"product","2":"type-product","3":"status-publish","4":"has-post-thumbnail","6":"product_cat-36","7":"product_cat-46","8":"product_cat-42","9":"product_cat-44","10":"product_cat-109","11":"product_shipping_class-articulos-pesados","12":"pa_largo-divany-301-cm-dlinee","13":"pa_material-101","14":"pa_muelles-274","15":"pa_plazas-152","17":"first","18":"outofstock","19":"sale","20":"taxable","21":"shipping-taxable","22":"purchasable","23":"product-type-simple"},"yoast_head":"<!-- This site is optimized with the Yoast SEO plugin v27.2 - https:\/\/yoast.com\/product\/yoast-seo-wordpress\/ -->\n<title>\u0421\u0435\u0440\u044b\u0439 \u041f-\u043e\u0431\u0440\u0430\u0437\u043d\u044b\u0439 \u0434\u0438\u0432\u0430\u043d-\u043a\u0440\u043e\u0432\u0430\u0442\u044c \u0441 2 \u044f\u0449\u0438\u043a\u0430\u043c\u0438 \u0434\u043b\u044f \u0431\u0435\u043b\u044c\u044f - Stratford - Don Baraton: tienda de sof\u00e1s, colchones y muebles<\/title>\n<meta name=\"robots\" content=\"index, follow, max-snippet:-1, max-image-preview:large, max-video-preview:-1\" \/>\n<link rel=\"canonical\" href=\"https:\/\/donbaraton.es\/ru\/p\/\u043f-\u043e\u0431\u0440\u0430\u0437\u043d\u044b\u0439-\u0434\u0438\u0432\u0430\u043d-\u043a\u0440\u043e\u0432\u0430\u0442\u044c-2-\u044f\u0449\u0438\u043a\u0430-stratford\/\" \/>\n<meta property=\"og:locale\" content=\"ru_RU\" \/>\n<meta property=\"og:type\" content=\"article\" \/>\n<meta property=\"og:title\" content=\"\u0421\u0435\u0440\u044b\u0439 \u041f-\u043e\u0431\u0440\u0430\u0437\u043d\u044b\u0439 \u0434\u0438\u0432\u0430\u043d-\u043a\u0440\u043e\u0432\u0430\u0442\u044c \u0441 2 \u044f\u0449\u0438\u043a\u0430\u043c\u0438 \u0434\u043b\u044f \u0431\u0435\u043b\u044c\u044f - Stratford - Don Baraton: tienda de sof\u00e1s, colchones y muebles\" \/>\n<meta property=\"og:description\" content=\"\u041e\u0431\u0438\u0432\u043a\u0430 \u0438\u0437 \u0441\u0432\u0435\u0442\u043b\u043e-\u0441\u0435\u0440\u043e\u0439 \u0438 \u0442\u0451\u043c\u043d\u043e-\u0441\u0435\u0440\u043e\u0439 \u0442\u043a\u0430\u043d\u0438\u00a0 2 \u044f\u0449\u0438\u043a\u0430 \u0434\u043b\u044f \u0431\u0435\u043b\u044c\u044f \u043f\u043e\u0434 \u0441\u0438\u0434\u0435\u043d\u044c\u044f\u043c\u0438 \u0412\u044b\u0434\u0432\u0438\u0436\u043d\u0430\u044f \u043a\u0440\u043e\u0432\u0430\u0442\u044c 145 x 273 \u0441\u043c \u0411\u043e\u043a\u043e\u0432\u044b\u0435 \u0447\u0430\u0441\u0442\u0438 \u0434\u0438\u0432\u0430\u043d\u0430 \u043c\u043e\u0436\u043d\u043e \u043c\u0435\u043d\u044f\u0442\u044c \u043c\u0435\u0441\u0442\u0430\u043c\u0438 \u0412\u043e\u043b\u043d\u043e\u043e\u0431\u0440\u0430\u0437\u043d\u044b\u0435 \u043f\u0440\u0443\u0436\u0438\u043d\u044b \u0441\u0438\u0434\u0435\u043d\u0438\u0439  \u0420\u0430\u0437\u043c\u0435\u0440\u044b: \u0434\u043b\u0438\u043d\u0430 311 \u0441\u043c, \u0434\u043b\u0438\u043d\u043d\u044b\u0439 \u0443\u0433\u043e\u043b 185 \u0441\u043c, \u043a\u043e\u0440\u043e\u0442\u043a\u0438\u0439 \u0443\u0433\u043e\u043b 155 \u0441\u043c, \u0432\u044b\u0441\u043e\u0442\u0430 90 \u0441\u043c\" \/>\n<meta property=\"og:url\" content=\"https:\/\/donbaraton.es\/ru\/p\/\u043f-\u043e\u0431\u0440\u0430\u0437\u043d\u044b\u0439-\u0434\u0438\u0432\u0430\u043d-\u043a\u0440\u043e\u0432\u0430\u0442\u044c-2-\u044f\u0449\u0438\u043a\u0430-stratford\/\" \/>\n<meta property=\"og:site_name\" content=\"Don Baraton: tienda de sof\u00e1s, colchones y muebles\" \/>\n<meta property=\"article:publisher\" content=\"https:\/\/www.facebook.com\/donbaraton.es\" \/>\n<meta property=\"article:modified_time\" content=\"2020-10-05T17:06:49+00:00\" \/>\n<meta property=\"og:image\" content=\"https:\/\/i1.wp.com\/donbaraton.es\/wp-content\/uploads\/2020\/10\/Sofa-en-forma-de-U-con-cama-y-arcon-tapizado-en-tela-2-tonos-de-gris-Stratford.-Esquina-lado-izquierdo.jpg?fit=800%2C600&ssl=1\" \/>\n\t<meta property=\"og:image:width\" content=\"800\" \/>\n\t<meta property=\"og:image:height\" content=\"600\" \/>\n\t<meta property=\"og:image:type\" content=\"image\/jpeg\" \/>\n<meta name=\"twitter:card\" content=\"summary_large_image\" \/>\n<meta name=\"twitter:site\" content=\"@don_baraton\" \/>\n<script type=\"application\/ld+json\" class=\"yoast-schema-graph\">{\"@context\":\"https:\/\/schema.org\",\"@graph\":[{\"@type\":\"WebPage\",\"@id\":\"https:\/\/donbaraton.es\/ru\/p\/%d0%bf-%d0%be%d0%b1%d1%80%d0%b0%d0%b7%d0%bd%d1%8b%d0%b9-%d0%b4%d0%b8%d0%b2%d0%b0%d0%bd-%d0%ba%d1%80%d0%be%d0%b2%d0%b0%d1%82%d1%8c-2-%d1%8f%d1%89%d0%b8%d0%ba%d0%b0-stratford\/\",\"url\":\"https:\/\/donbaraton.es\/ru\/p\/%d0%bf-%d0%be%d0%b1%d1%80%d0%b0%d0%b7%d0%bd%d1%8b%d0%b9-%d0%b4%d0%b8%d0%b2%d0%b0%d0%bd-%d0%ba%d1%80%d0%be%d0%b2%d0%b0%d1%82%d1%8c-2-%d1%8f%d1%89%d0%b8%d0%ba%d0%b0-stratford\/\",\"name\":\"\u0421\u0435\u0440\u044b\u0439 \u041f-\u043e\u0431\u0440\u0430\u0437\u043d\u044b\u0439 \u0434\u0438\u0432\u0430\u043d-\u043a\u0440\u043e\u0432\u0430\u0442\u044c \u0441 2 \u044f\u0449\u0438\u043a\u0430\u043c\u0438 \u0434\u043b\u044f \u0431\u0435\u043b\u044c\u044f - Stratford - Don Baraton: tienda de sof\u00e1s, colchones y muebles\",\"isPartOf\":{\"@id\":\"https:\/\/donbaraton.es\/#website\"},\"primaryImageOfPage\":{\"@id\":\"https:\/\/donbaraton.es\/ru\/p\/%d0%bf-%d0%be%d0%b1%d1%80%d0%b0%d0%b7%d0%bd%d1%8b%d0%b9-%d0%b4%d0%b8%d0%b2%d0%b0%d0%bd-%d0%ba%d1%80%d0%be%d0%b2%d0%b0%d1%82%d1%8c-2-%d1%8f%d1%89%d0%b8%d0%ba%d0%b0-stratford\/#primaryimage\"},\"image\":{\"@id\":\"https:\/\/donbaraton.es\/ru\/p\/%d0%bf-%d0%be%d0%b1%d1%80%d0%b0%d0%b7%d0%bd%d1%8b%d0%b9-%d0%b4%d0%b8%d0%b2%d0%b0%d0%bd-%d0%ba%d1%80%d0%be%d0%b2%d0%b0%d1%82%d1%8c-2-%d1%8f%d1%89%d0%b8%d0%ba%d0%b0-stratford\/#primaryimage\"},\"thumbnailUrl\":\"https:\/\/donbaraton.es\/wp-content\/uploads\/2020\/10\/Sofa-en-forma-de-U-con-cama-y-arcon-tapizado-en-tela-2-tonos-de-gris-Stratford.-Esquina-lado-izquierdo.jpg\",\"datePublished\":\"2020-10-01T16:20:09+00:00\",\"dateModified\":\"2020-10-05T17:06:49+00:00\",\"breadcrumb\":{\"@id\":\"https:\/\/donbaraton.es\/ru\/p\/%d0%bf-%d0%be%d0%b1%d1%80%d0%b0%d0%b7%d0%bd%d1%8b%d0%b9-%d0%b4%d0%b8%d0%b2%d0%b0%d0%bd-%d0%ba%d1%80%d0%be%d0%b2%d0%b0%d1%82%d1%8c-2-%d1%8f%d1%89%d0%b8%d0%ba%d0%b0-stratford\/#breadcrumb\"},\"inLanguage\":\"ru-RU\",\"potentialAction\":[{\"@type\":\"ReadAction\",\"target\":[\"https:\/\/donbaraton.es\/ru\/p\/%d0%bf-%d0%be%d0%b1%d1%80%d0%b0%d0%b7%d0%bd%d1%8b%d0%b9-%d0%b4%d0%b8%d0%b2%d0%b0%d0%bd-%d0%ba%d1%80%d0%be%d0%b2%d0%b0%d1%82%d1%8c-2-%d1%8f%d1%89%d0%b8%d0%ba%d0%b0-stratford\/\"]}]},{\"@type\":\"ImageObject\",\"inLanguage\":\"ru-RU\",\"@id\":\"https:\/\/donbaraton.es\/ru\/p\/%d0%bf-%d0%be%d0%b1%d1%80%d0%b0%d0%b7%d0%bd%d1%8b%d0%b9-%d0%b4%d0%b8%d0%b2%d0%b0%d0%bd-%d0%ba%d1%80%d0%be%d0%b2%d0%b0%d1%82%d1%8c-2-%d1%8f%d1%89%d0%b8%d0%ba%d0%b0-stratford\/#primaryimage\",\"url\":\"https:\/\/donbaraton.es\/wp-content\/uploads\/2020\/10\/Sofa-en-forma-de-U-con-cama-y-arcon-tapizado-en-tela-2-tonos-de-gris-Stratford.-Esquina-lado-izquierdo.jpg\",\"contentUrl\":\"https:\/\/donbaraton.es\/wp-content\/uploads\/2020\/10\/Sofa-en-forma-de-U-con-cama-y-arcon-tapizado-en-tela-2-tonos-de-gris-Stratford.-Esquina-lado-izquierdo.jpg\",\"width\":800,\"height\":600,\"caption\":\"\u0421\u0435\u0440\u044b\u0439 \u041f-\u043e\u0431\u0440\u0430\u0437\u043d\u044b\u0439 \u0434\u0438\u0432\u0430\u043d-\u043a\u0440\u043e\u0432\u0430\u0442\u044c \u0441 2 \u044f\u0449\u0438\u043a\u0430\u043c\u0438 \u0434\u043b\u044f \u0431\u0435\u043b\u044c\u044f - Stratford. \u041a\u043e\u0440\u043e\u0442\u043a\u0438\u0439 \u0443\u0433\u043e\u043b \u0441\u043b\u0435\u0432\u0430\"},{\"@type\":\"BreadcrumbList\",\"@id\":\"https:\/\/donbaraton.es\/ru\/p\/%d0%bf-%d0%be%d0%b1%d1%80%d0%b0%d0%b7%d0%bd%d1%8b%d0%b9-%d0%b4%d0%b8%d0%b2%d0%b0%d0%bd-%d0%ba%d1%80%d0%be%d0%b2%d0%b0%d1%82%d1%8c-2-%d1%8f%d1%89%d0%b8%d0%ba%d0%b0-stratford\/#breadcrumb\",\"itemListElement\":[{\"@type\":\"ListItem\",\"position\":1,\"name\":\"Portada\",\"item\":\"https:\/\/donbaraton.es\/ru\/\"},{\"@type\":\"ListItem\",\"position\":2,\"name\":\"\u0418\u043d\u0442\u0435\u0440\u043d\u0435\u0442-\u043c\u0430\u0433\u0430\u0437\u0438\u043d\",\"item\":\"https:\/\/donbaraton.es\/ru\/%d0%bc%d0%b0%d0%b3%d0%b0%d0%b7%d0%b8%d0%bd\/\"},{\"@type\":\"ListItem\",\"position\":3,\"name\":\"\u0421\u0435\u0440\u044b\u0439 \u041f-\u043e\u0431\u0440\u0430\u0437\u043d\u044b\u0439 \u0434\u0438\u0432\u0430\u043d-\u043a\u0440\u043e\u0432\u0430\u0442\u044c \u0441 2 \u044f\u0449\u0438\u043a\u0430\u043c\u0438 \u0434\u043b\u044f \u0431\u0435\u043b\u044c\u044f &#8212; Stratford\"}]},{\"@type\":\"WebSite\",\"@id\":\"https:\/\/donbaraton.es\/#website\",\"url\":\"https:\/\/donbaraton.es\/\",\"name\":\"Don Baraton: tienda de sof\u00e1s, colchones y muebles\",\"description\":\"Venta de sof\u00e1s rinconeras, chaise longue, camas y conjuntos de sof\u00e1s\",\"publisher\":{\"@id\":\"https:\/\/donbaraton.es\/#organization\"},\"potentialAction\":[{\"@type\":\"SearchAction\",\"target\":{\"@type\":\"EntryPoint\",\"urlTemplate\":\"https:\/\/donbaraton.es\/?s={search_term_string}\"},\"query-input\":{\"@type\":\"PropertyValueSpecification\",\"valueRequired\":true,\"valueName\":\"search_term_string\"}}],\"inLanguage\":\"ru-RU\"},{\"@type\":\"Organization\",\"@id\":\"https:\/\/donbaraton.es\/#organization\",\"name\":\"Don Baraton\",\"url\":\"https:\/\/donbaraton.es\/\",\"logo\":{\"@type\":\"ImageObject\",\"inLanguage\":\"ru-RU\",\"@id\":\"https:\/\/donbaraton.es\/#\/schema\/logo\/image\/\",\"url\":\"https:\/\/i0.wp.com\/donbaraton.es\/wp-content\/uploads\/2016\/11\/logo_don_baraton.png?fit=228%2C110&ssl=1\",\"contentUrl\":\"https:\/\/i0.wp.com\/donbaraton.es\/wp-content\/uploads\/2016\/11\/logo_don_baraton.png?fit=228%2C110&ssl=1\",\"width\":228,\"height\":110,\"caption\":\"Don Baraton\"},\"image\":{\"@id\":\"https:\/\/donbaraton.es\/#\/schema\/logo\/image\/\"},\"sameAs\":[\"https:\/\/www.facebook.com\/donbaraton.es\",\"https:\/\/x.com\/don_baraton\",\"https:\/\/www.instagram.com\/donbaraton.es\",\"https:\/\/www.linkedin.com\/company\/donbaraton\/\",\"https:\/\/es.pinterest.com\/donbaraton\/\",\"https:\/\/www.youtube.com\/channel\/UCL02HOwx-F759Jq5MedAZfQ\"]}]}<\/script>\n<!-- \/ Yoast SEO plugin. -->","yoast_head_json":{"title":"\u0421\u0435\u0440\u044b\u0439 \u041f-\u043e\u0431\u0440\u0430\u0437\u043d\u044b\u0439 \u0434\u0438\u0432\u0430\u043d-\u043a\u0440\u043e\u0432\u0430\u0442\u044c \u0441 2 \u044f\u0449\u0438\u043a\u0430\u043c\u0438 \u0434\u043b\u044f \u0431\u0435\u043b\u044c\u044f - Stratford - Don Baraton: tienda de sof\u00e1s, colchones y muebles","robots":{"index":"index","follow":"follow","max-snippet":"max-snippet:-1","max-image-preview":"max-image-preview:large","max-video-preview":"max-video-preview:-1"},"canonical":"https:\/\/donbaraton.es\/ru\/p\/\u043f-\u043e\u0431\u0440\u0430\u0437\u043d\u044b\u0439-\u0434\u0438\u0432\u0430\u043d-\u043a\u0440\u043e\u0432\u0430\u0442\u044c-2-\u044f\u0449\u0438\u043a\u0430-stratford\/","og_locale":"ru_RU","og_type":"article","og_title":"\u0421\u0435\u0440\u044b\u0439 \u041f-\u043e\u0431\u0440\u0430\u0437\u043d\u044b\u0439 \u0434\u0438\u0432\u0430\u043d-\u043a\u0440\u043e\u0432\u0430\u0442\u044c \u0441 2 \u044f\u0449\u0438\u043a\u0430\u043c\u0438 \u0434\u043b\u044f \u0431\u0435\u043b\u044c\u044f - Stratford - Don Baraton: tienda de sof\u00e1s, colchones y muebles","og_description":"\u041e\u0431\u0438\u0432\u043a\u0430 \u0438\u0437 \u0441\u0432\u0435\u0442\u043b\u043e-\u0441\u0435\u0440\u043e\u0439 \u0438 \u0442\u0451\u043c\u043d\u043e-\u0441\u0435\u0440\u043e\u0439 \u0442\u043a\u0430\u043d\u0438\u00a0 2 \u044f\u0449\u0438\u043a\u0430 \u0434\u043b\u044f \u0431\u0435\u043b\u044c\u044f \u043f\u043e\u0434 \u0441\u0438\u0434\u0435\u043d\u044c\u044f\u043c\u0438 \u0412\u044b\u0434\u0432\u0438\u0436\u043d\u0430\u044f \u043a\u0440\u043e\u0432\u0430\u0442\u044c 145 x 273 \u0441\u043c \u0411\u043e\u043a\u043e\u0432\u044b\u0435 \u0447\u0430\u0441\u0442\u0438 \u0434\u0438\u0432\u0430\u043d\u0430 \u043c\u043e\u0436\u043d\u043e \u043c\u0435\u043d\u044f\u0442\u044c \u043c\u0435\u0441\u0442\u0430\u043c\u0438 \u0412\u043e\u043b\u043d\u043e\u043e\u0431\u0440\u0430\u0437\u043d\u044b\u0435 \u043f\u0440\u0443\u0436\u0438\u043d\u044b \u0441\u0438\u0434\u0435\u043d\u0438\u0439  \u0420\u0430\u0437\u043c\u0435\u0440\u044b: \u0434\u043b\u0438\u043d\u0430 311 \u0441\u043c, \u0434\u043b\u0438\u043d\u043d\u044b\u0439 \u0443\u0433\u043e\u043b 185 \u0441\u043c, \u043a\u043e\u0440\u043e\u0442\u043a\u0438\u0439 \u0443\u0433\u043e\u043b 155 \u0441\u043c, \u0432\u044b\u0441\u043e\u0442\u0430 90 \u0441\u043c","og_url":"https:\/\/donbaraton.es\/ru\/p\/\u043f-\u043e\u0431\u0440\u0430\u0437\u043d\u044b\u0439-\u0434\u0438\u0432\u0430\u043d-\u043a\u0440\u043e\u0432\u0430\u0442\u044c-2-\u044f\u0449\u0438\u043a\u0430-stratford\/","og_site_name":"Don Baraton: tienda de sof\u00e1s, colchones y muebles","article_publisher":"https:\/\/www.facebook.com\/donbaraton.es","article_modified_time":"2020-10-05T17:06:49+00:00","og_image":[{"width":800,"height":600,"url":"https:\/\/i1.wp.com\/donbaraton.es\/wp-content\/uploads\/2020\/10\/Sofa-en-forma-de-U-con-cama-y-arcon-tapizado-en-tela-2-tonos-de-gris-Stratford.-Esquina-lado-izquierdo.jpg?fit=800%2C600&ssl=1","type":"image\/jpeg"}],"twitter_card":"summary_large_image","twitter_site":"@don_baraton","schema":{"@context":"https:\/\/schema.org","@graph":[{"@type":"WebPage","@id":"https:\/\/donbaraton.es\/ru\/p\/%d0%bf-%d0%be%d0%b1%d1%80%d0%b0%d0%b7%d0%bd%d1%8b%d0%b9-%d0%b4%d0%b8%d0%b2%d0%b0%d0%bd-%d0%ba%d1%80%d0%be%d0%b2%d0%b0%d1%82%d1%8c-2-%d1%8f%d1%89%d0%b8%d0%ba%d0%b0-stratford\/","url":"https:\/\/donbaraton.es\/ru\/p\/%d0%bf-%d0%be%d0%b1%d1%80%d0%b0%d0%b7%d0%bd%d1%8b%d0%b9-%d0%b4%d0%b8%d0%b2%d0%b0%d0%bd-%d0%ba%d1%80%d0%be%d0%b2%d0%b0%d1%82%d1%8c-2-%d1%8f%d1%89%d0%b8%d0%ba%d0%b0-stratford\/","name":"\u0421\u0435\u0440\u044b\u0439 \u041f-\u043e\u0431\u0440\u0430\u0437\u043d\u044b\u0439 \u0434\u0438\u0432\u0430\u043d-\u043a\u0440\u043e\u0432\u0430\u0442\u044c \u0441 2 \u044f\u0449\u0438\u043a\u0430\u043c\u0438 \u0434\u043b\u044f \u0431\u0435\u043b\u044c\u044f - Stratford - Don Baraton: tienda de sof\u00e1s, colchones y muebles","isPartOf":{"@id":"https:\/\/donbaraton.es\/#website"},"primaryImageOfPage":{"@id":"https:\/\/donbaraton.es\/ru\/p\/%d0%bf-%d0%be%d0%b1%d1%80%d0%b0%d0%b7%d0%bd%d1%8b%d0%b9-%d0%b4%d0%b8%d0%b2%d0%b0%d0%bd-%d0%ba%d1%80%d0%be%d0%b2%d0%b0%d1%82%d1%8c-2-%d1%8f%d1%89%d0%b8%d0%ba%d0%b0-stratford\/#primaryimage"},"image":{"@id":"https:\/\/donbaraton.es\/ru\/p\/%d0%bf-%d0%be%d0%b1%d1%80%d0%b0%d0%b7%d0%bd%d1%8b%d0%b9-%d0%b4%d0%b8%d0%b2%d0%b0%d0%bd-%d0%ba%d1%80%d0%be%d0%b2%d0%b0%d1%82%d1%8c-2-%d1%8f%d1%89%d0%b8%d0%ba%d0%b0-stratford\/#primaryimage"},"thumbnailUrl":"https:\/\/donbaraton.es\/wp-content\/uploads\/2020\/10\/Sofa-en-forma-de-U-con-cama-y-arcon-tapizado-en-tela-2-tonos-de-gris-Stratford.-Esquina-lado-izquierdo.jpg","datePublished":"2020-10-01T16:20:09+00:00","dateModified":"2020-10-05T17:06:49+00:00","breadcrumb":{"@id":"https:\/\/donbaraton.es\/ru\/p\/%d0%bf-%d0%be%d0%b1%d1%80%d0%b0%d0%b7%d0%bd%d1%8b%d0%b9-%d0%b4%d0%b8%d0%b2%d0%b0%d0%bd-%d0%ba%d1%80%d0%be%d0%b2%d0%b0%d1%82%d1%8c-2-%d1%8f%d1%89%d0%b8%d0%ba%d0%b0-stratford\/#breadcrumb"},"inLanguage":"ru-RU","potentialAction":[{"@type":"ReadAction","target":["https:\/\/donbaraton.es\/ru\/p\/%d0%bf-%d0%be%d0%b1%d1%80%d0%b0%d0%b7%d0%bd%d1%8b%d0%b9-%d0%b4%d0%b8%d0%b2%d0%b0%d0%bd-%d0%ba%d1%80%d0%be%d0%b2%d0%b0%d1%82%d1%8c-2-%d1%8f%d1%89%d0%b8%d0%ba%d0%b0-stratford\/"]}]},{"@type":"ImageObject","inLanguage":"ru-RU","@id":"https:\/\/donbaraton.es\/ru\/p\/%d0%bf-%d0%be%d0%b1%d1%80%d0%b0%d0%b7%d0%bd%d1%8b%d0%b9-%d0%b4%d0%b8%d0%b2%d0%b0%d0%bd-%d0%ba%d1%80%d0%be%d0%b2%d0%b0%d1%82%d1%8c-2-%d1%8f%d1%89%d0%b8%d0%ba%d0%b0-stratford\/#primaryimage","url":"https:\/\/donbaraton.es\/wp-content\/uploads\/2020\/10\/Sofa-en-forma-de-U-con-cama-y-arcon-tapizado-en-tela-2-tonos-de-gris-Stratford.-Esquina-lado-izquierdo.jpg","contentUrl":"https:\/\/donbaraton.es\/wp-content\/uploads\/2020\/10\/Sofa-en-forma-de-U-con-cama-y-arcon-tapizado-en-tela-2-tonos-de-gris-Stratford.-Esquina-lado-izquierdo.jpg","width":800,"height":600,"caption":"\u0421\u0435\u0440\u044b\u0439 \u041f-\u043e\u0431\u0440\u0430\u0437\u043d\u044b\u0439 \u0434\u0438\u0432\u0430\u043d-\u043a\u0440\u043e\u0432\u0430\u0442\u044c \u0441 2 \u044f\u0449\u0438\u043a\u0430\u043c\u0438 \u0434\u043b\u044f \u0431\u0435\u043b\u044c\u044f - Stratford. \u041a\u043e\u0440\u043e\u0442\u043a\u0438\u0439 \u0443\u0433\u043e\u043b \u0441\u043b\u0435\u0432\u0430"},{"@type":"BreadcrumbList","@id":"https:\/\/donbaraton.es\/ru\/p\/%d0%bf-%d0%be%d0%b1%d1%80%d0%b0%d0%b7%d0%bd%d1%8b%d0%b9-%d0%b4%d0%b8%d0%b2%d0%b0%d0%bd-%d0%ba%d1%80%d0%be%d0%b2%d0%b0%d1%82%d1%8c-2-%d1%8f%d1%89%d0%b8%d0%ba%d0%b0-stratford\/#breadcrumb","itemListElement":[{"@type":"ListItem","position":1,"name":"Portada","item":"https:\/\/donbaraton.es\/ru\/"},{"@type":"ListItem","position":2,"name":"\u0418\u043d\u0442\u0435\u0440\u043d\u0435\u0442-\u043c\u0430\u0433\u0430\u0437\u0438\u043d","item":"https:\/\/donbaraton.es\/ru\/%d0%bc%d0%b0%d0%b3%d0%b0%d0%b7%d0%b8%d0%bd\/"},{"@type":"ListItem","position":3,"name":"\u0421\u0435\u0440\u044b\u0439 \u041f-\u043e\u0431\u0440\u0430\u0437\u043d\u044b\u0439 \u0434\u0438\u0432\u0430\u043d-\u043a\u0440\u043e\u0432\u0430\u0442\u044c \u0441 2 \u044f\u0449\u0438\u043a\u0430\u043c\u0438 \u0434\u043b\u044f \u0431\u0435\u043b\u044c\u044f &#8212; Stratford"}]},{"@type":"WebSite","@id":"https:\/\/donbaraton.es\/#website","url":"https:\/\/donbaraton.es\/","name":"Don Baraton: tienda de sof\u00e1s, colchones y muebles","description":"Venta de sof\u00e1s rinconeras, chaise longue, camas y conjuntos de sof\u00e1s","publisher":{"@id":"https:\/\/donbaraton.es\/#organization"},"potentialAction":[{"@type":"SearchAction","target":{"@type":"EntryPoint","urlTemplate":"https:\/\/donbaraton.es\/?s={search_term_string}"},"query-input":{"@type":"PropertyValueSpecification","valueRequired":true,"valueName":"search_term_string"}}],"inLanguage":"ru-RU"},{"@type":"Organization","@id":"https:\/\/donbaraton.es\/#organization","name":"Don Baraton","url":"https:\/\/donbaraton.es\/","logo":{"@type":"ImageObject","inLanguage":"ru-RU","@id":"https:\/\/donbaraton.es\/#\/schema\/logo\/image\/","url":"https:\/\/i0.wp.com\/donbaraton.es\/wp-content\/uploads\/2016\/11\/logo_don_baraton.png?fit=228%2C110&ssl=1","contentUrl":"https:\/\/i0.wp.com\/donbaraton.es\/wp-content\/uploads\/2016\/11\/logo_don_baraton.png?fit=228%2C110&ssl=1","width":228,"height":110,"caption":"Don Baraton"},"image":{"@id":"https:\/\/donbaraton.es\/#\/schema\/logo\/image\/"},"sameAs":["https:\/\/www.facebook.com\/donbaraton.es","https:\/\/x.com\/don_baraton","https:\/\/www.instagram.com\/donbaraton.es","https:\/\/www.linkedin.com\/company\/donbaraton\/","https:\/\/es.pinterest.com\/donbaraton\/","https:\/\/www.youtube.com\/channel\/UCL02HOwx-F759Jq5MedAZfQ"]}]}},"_links":{"self":[{"href":"https:\/\/donbaraton.es\/ru\/wp-json\/wp\/v2\/product\/27727","targetHints":{"allow":["GET"]}}],"collection":[{"href":"https:\/\/donbaraton.es\/ru\/wp-json\/wp\/v2\/product"}],"about":[{"href":"https:\/\/donbaraton.es\/ru\/wp-json\/wp\/v2\/types\/product"}],"replies":[{"embeddable":true,"href":"https:\/\/donbaraton.es\/ru\/wp-json\/wp\/v2\/comments?post=27727"}],"wp:featuredmedia":[{"embeddable":true,"href":"https:\/\/donbaraton.es\/ru\/wp-json\/wp\/v2\/media\/27702"}],"wp:attachment":[{"href":"https:\/\/donbaraton.es\/ru\/wp-json\/wp\/v2\/media?parent=27727"}],"wp:term":[{"taxonomy":"product_brand","embeddable":true,"href":"https:\/\/donbaraton.es\/ru\/wp-json\/wp\/v2\/product_brand?post=27727"},{"taxonomy":"product_cat","embeddable":true,"href":"https:\/\/donbaraton.es\/ru\/wp-json\/wp\/v2\/product_cat?post=27727"},{"taxonomy":"product_tag","embeddable":true,"href":"https:\/\/donbaraton.es\/ru\/wp-json\/wp\/v2\/product_tag?post=27727"}],"curies":[{"name":"wp","href":"https:\/\/api.w.org\/{rel}","templated":true}]}}