{"id":32127,"date":"2021-03-09T19:48:48","date_gmt":"2021-03-09T18:48:48","guid":{"rendered":"https:\/\/donbaraton.es\/p\/%d0%b4%d0%b2%d1%83%d1%85%d0%bc%d0%b5%d1%81%d1%82%d0%bd%d1%8b%d0%b9-%d0%b4%d0%b8%d0%b2%d0%b0%d0%bd-%d1%87%d0%b5%d1%81%d1%82%d0%b5%d1%80%d1%84%d0%b8%d0%bb%d0%b4-london\/"},"modified":"2021-03-09T19:48:48","modified_gmt":"2021-03-09T18:48:48","slug":"%d0%b4%d0%b2%d1%83%d1%85%d0%bc%d0%b5%d1%81%d1%82%d0%bd%d1%8b%d0%b9-%d0%b4%d0%b8%d0%b2%d0%b0%d0%bd-%d1%87%d0%b5%d1%81%d1%82%d0%b5%d1%80%d1%84%d0%b8%d0%bb%d0%b4-london","status":"publish","type":"product","link":"https:\/\/donbaraton.es\/ru\/p\/%d0%b4%d0%b2%d1%83%d1%85%d0%bc%d0%b5%d1%81%d1%82%d0%bd%d1%8b%d0%b9-%d0%b4%d0%b8%d0%b2%d0%b0%d0%bd-%d1%87%d0%b5%d1%81%d1%82%d0%b5%d1%80%d1%84%d0%b8%d0%bb%d0%b4-london\/","title":{"rendered":"\u0414\u0432\u0443\u0445\u043c\u0435\u0441\u0442\u043d\u044b\u0439 \u0434\u0438\u0432\u0430\u043d \u0427\u0435\u0441\u0442\u0435\u0440\u0444\u0438\u043b\u0434 &#8212; London"},"content":{"rendered":"<p><strong>\u0414\u0432\u0443\u0445\u043c\u0435\u0441\u0442\u043d\u044b\u0439 \u0434\u0438\u0432\u0430\u043d \u0427\u0435\u0441\u0442\u0435\u0440\u0444\u0438\u043b\u0434 &#8212; London<\/strong><\/p>\n<p>\u0414\u0438\u0432\u0430\u043d \u0432 \u043a\u043b\u0430\u0441\u0441\u0438\u0447\u0435\u0441\u043a\u043e\u043c \u0431\u0440\u0438\u0442\u0430\u043d\u0441\u043a\u043e\u043c \u0441\u0442\u0438\u043b\u0435 \u0441 \u043d\u0430\u043a\u043b\u043e\u043d\u0435\u043d\u043d\u044b\u043c\u0438 \u043f\u043e\u0434\u043b\u043e\u043a\u043e\u0442\u043d\u0438\u043a\u0430\u043c\u0438. \u041e\u0431\u0438\u0432\u043a\u0430 \u0438\u0437 \u043a\u043e\u0440\u0438\u0447\u043d\u0435\u0432\u043e\u0439 \u043f\u044f\u0442\u043d\u043e\u0443\u0441\u0442\u043e\u0439\u0447\u0438\u0432\u043e\u0439 \u0442\u043a\u0430\u043d\u0438. \u0422\u0440\u0430\u0434\u0438\u0446\u0438\u043e\u043d\u043d\u044b\u0439 \u0434\u0438\u0437\u0430\u0439\u043d \u0441 \u0437\u0430\u043a\u0440\u0443\u0433\u043b\u0435\u043d\u043d\u044b\u043c\u0438 \u043f\u043e\u0434\u043b\u043e\u043a\u043e\u0442\u043d\u0438\u043a\u0430\u043c\u0438 \u0438 \u043a\u0430\u0440\u0435\u0442\u043d\u043e\u0439 \u0441\u0442\u044f\u0436\u043a\u043e\u0439 \u0441 \u043f\u0443\u0433\u043e\u0432\u0438\u0446\u0430\u043c\u0438.\u00a0\u00a0<\/p>\n<p><strong>\u0420\u0430\u0437\u043c\u0435\u0440\u044b:<\/strong> \u0434\u043b\u0438\u043d\u0430 187 \u0441\u043c, \u0433\u043b\u0443\u0431\u0438\u043d\u0430 100 \u0441\u043c, \u0432\u044b\u0441\u043e\u0442\u0430 80 \u0441\u043c. <strong>\u0414\u043e\u043f\u043e\u043b\u043d\u0438\u0442\u0435\u043b\u044c\u043d\u044b\u0435 \u0440\u0430\u0437\u043c\u0435\u0440\u044b:<\/strong> \u0432\u044b\u0441\u043e\u0442\u0430 \u0441\u0438\u0434\u0435\u043d\u044c\u044f \u043e\u0442 \u043f\u043e\u043b\u0430 45 \u0441\u043c, \u0433\u043b\u0443\u0431\u0438\u043d\u0430 \u0441\u0438\u0434\u0435\u043d\u044c\u044f 60 \u0441\u043c, \u0432\u044b\u0441\u043e\u0442\u0430 \u0441\u043f\u0438\u043d\u043a\u0438 35 \u0441\u043c<\/p>\n","protected":false},"excerpt":{"rendered":"<ul>\n<li>\u041a\u043b\u0430\u0441\u0441\u0438\u0447\u0435\u0441\u043a\u0438\u0439 \u0431\u0440\u0438\u0442\u0430\u043d\u0441\u043a\u0438\u0439 \u0441\u0442\u0438\u043b\u044c<\/li>\n<li>\u0423\u0434\u043e\u0431\u043d\u043e\u0435 \u0441\u0438\u0434\u0435\u043d\u044c\u0435 \u0441 \u043f\u0440\u0443\u0436\u0438\u043d\u0430\u043c\u0438<\/li>\n<li>\u041e\u0431\u0438\u0432\u043a\u0430 &#171;\u043a\u0430\u0440\u0435\u0442\u043d\u0430\u044f \u0441\u0442\u044f\u0436\u043a\u0430&#187; \u0441 \u043f\u0443\u0433\u043e\u0432\u0438\u0446\u0430\u043c\u0438<\/li>\n<li>\u041a\u043e\u0440\u0438\u0447\u043d\u0435\u0432\u0430\u044f \u043f\u044f\u0442\u043d\u043e\u0443\u0441\u0442\u043e\u0439\u0447\u0438\u0432\u0430\u044f \u0442\u043a\u0430\u043d\u044c<\/li>\n<li>\u041f\u0440\u043e\u0447\u043d\u044b\u0439 \u043a\u0430\u0440\u043a\u0430\u0441 \u0438\u0437 \u043c\u0430\u0441\u0441\u0438\u0432\u0430 \u0434\u0435\u0440\u0435\u0432\u0430 \u0438 \u0414\u0421\u041f<\/li>\n<\/ul>\n<p><strong>\u0420\u0430\u0437\u043c\u0435\u0440\u044b:<\/strong> \u0434\u043b\u0438\u043d\u0430 187 \u0441\u043c, \u0433\u043b\u0443\u0431\u0438\u043d\u0430 100 \u0441\u043c, \u0432\u044b\u0441\u043e\u0442\u0430 80 \u0441\u043c<\/p>\n","protected":false},"featured_media":31340,"comment_status":"open","ping_status":"closed","template":"","meta":{"_et_pb_use_builder":"","_et_pb_old_content":"","_et_gb_content_width":""},"product_brand":[],"product_cat":[36],"product_tag":[],"class_list":{"0":"post-32127","1":"product","2":"type-product","3":"status-publish","4":"has-post-thumbnail","6":"product_cat-36","7":"product_shipping_class-articulos-pesados","9":"first","10":"outofstock","11":"sale","12":"taxable","13":"shipping-taxable","14":"purchasable","15":"product-type-simple"},"yoast_head":"<!-- This site is optimized with the Yoast SEO plugin v27.2 - https:\/\/yoast.com\/product\/yoast-seo-wordpress\/ -->\n<title>\u0414\u0432\u0443\u0445\u043c\u0435\u0441\u0442\u043d\u044b\u0439 \u0434\u0438\u0432\u0430\u043d \u0427\u0435\u0441\u0442\u0435\u0440\u0444\u0438\u043b\u0434 - London - Don Baraton: tienda de sof\u00e1s, colchones y muebles<\/title>\n<meta name=\"robots\" content=\"index, follow, max-snippet:-1, max-image-preview:large, max-video-preview:-1\" \/>\n<link rel=\"canonical\" href=\"https:\/\/donbaraton.es\/ru\/p\/\u0434\u0432\u0443\u0445\u043c\u0435\u0441\u0442\u043d\u044b\u0439-\u0434\u0438\u0432\u0430\u043d-\u0447\u0435\u0441\u0442\u0435\u0440\u0444\u0438\u043b\u0434-london\/\" \/>\n<meta property=\"og:locale\" content=\"ru_RU\" \/>\n<meta property=\"og:type\" content=\"article\" \/>\n<meta property=\"og:title\" content=\"\u0414\u0432\u0443\u0445\u043c\u0435\u0441\u0442\u043d\u044b\u0439 \u0434\u0438\u0432\u0430\u043d \u0427\u0435\u0441\u0442\u0435\u0440\u0444\u0438\u043b\u0434 - London - Don Baraton: tienda de sof\u00e1s, colchones y muebles\" \/>\n<meta property=\"og:description\" content=\"\u041a\u043b\u0430\u0441\u0441\u0438\u0447\u0435\u0441\u043a\u0438\u0439 \u0431\u0440\u0438\u0442\u0430\u043d\u0441\u043a\u0438\u0439 \u0441\u0442\u0438\u043b\u044c \u0423\u0434\u043e\u0431\u043d\u043e\u0435 \u0441\u0438\u0434\u0435\u043d\u044c\u0435 \u0441 \u043f\u0440\u0443\u0436\u0438\u043d\u0430\u043c\u0438 \u041e\u0431\u0438\u0432\u043a\u0430 &quot;\u043a\u0430\u0440\u0435\u0442\u043d\u0430\u044f \u0441\u0442\u044f\u0436\u043a\u0430&quot; \u0441 \u043f\u0443\u0433\u043e\u0432\u0438\u0446\u0430\u043c\u0438 \u041a\u043e\u0440\u0438\u0447\u043d\u0435\u0432\u0430\u044f \u043f\u044f\u0442\u043d\u043e\u0443\u0441\u0442\u043e\u0439\u0447\u0438\u0432\u0430\u044f \u0442\u043a\u0430\u043d\u044c \u041f\u0440\u043e\u0447\u043d\u044b\u0439 \u043a\u0430\u0440\u043a\u0430\u0441 \u0438\u0437 \u043c\u0430\u0441\u0441\u0438\u0432\u0430 \u0434\u0435\u0440\u0435\u0432\u0430 \u0438 \u0414\u0421\u041f  \u0420\u0430\u0437\u043c\u0435\u0440\u044b: \u0434\u043b\u0438\u043d\u0430 187 \u0441\u043c, \u0433\u043b\u0443\u0431\u0438\u043d\u0430 100 \u0441\u043c, \u0432\u044b\u0441\u043e\u0442\u0430 80 \u0441\u043c\" \/>\n<meta property=\"og:url\" content=\"https:\/\/donbaraton.es\/ru\/p\/\u0434\u0432\u0443\u0445\u043c\u0435\u0441\u0442\u043d\u044b\u0439-\u0434\u0438\u0432\u0430\u043d-\u0447\u0435\u0441\u0442\u0435\u0440\u0444\u0438\u043b\u0434-london\/\" \/>\n<meta property=\"og:site_name\" content=\"Don Baraton: tienda de sof\u00e1s, colchones y muebles\" \/>\n<meta property=\"article:publisher\" content=\"https:\/\/www.facebook.com\/donbaraton.es\" \/>\n<meta property=\"og:image\" content=\"https:\/\/i1.wp.com\/donbaraton.es\/wp-content\/uploads\/2021\/03\/Sofa-2-plazas-chesterfield-London.-Tela-marron.jpg?fit=1000%2C750&ssl=1\" \/>\n\t<meta property=\"og:image:width\" content=\"1000\" \/>\n\t<meta property=\"og:image:height\" content=\"750\" \/>\n\t<meta property=\"og:image:type\" content=\"image\/jpeg\" \/>\n<meta name=\"twitter:card\" content=\"summary_large_image\" \/>\n<meta name=\"twitter:site\" content=\"@don_baraton\" \/>\n<script type=\"application\/ld+json\" class=\"yoast-schema-graph\">{\"@context\":\"https:\/\/schema.org\",\"@graph\":[{\"@type\":\"WebPage\",\"@id\":\"https:\/\/donbaraton.es\/ru\/p\/%d0%b4%d0%b2%d1%83%d1%85%d0%bc%d0%b5%d1%81%d1%82%d0%bd%d1%8b%d0%b9-%d0%b4%d0%b8%d0%b2%d0%b0%d0%bd-%d1%87%d0%b5%d1%81%d1%82%d0%b5%d1%80%d1%84%d0%b8%d0%bb%d0%b4-london\/\",\"url\":\"https:\/\/donbaraton.es\/ru\/p\/%d0%b4%d0%b2%d1%83%d1%85%d0%bc%d0%b5%d1%81%d1%82%d0%bd%d1%8b%d0%b9-%d0%b4%d0%b8%d0%b2%d0%b0%d0%bd-%d1%87%d0%b5%d1%81%d1%82%d0%b5%d1%80%d1%84%d0%b8%d0%bb%d0%b4-london\/\",\"name\":\"\u0414\u0432\u0443\u0445\u043c\u0435\u0441\u0442\u043d\u044b\u0439 \u0434\u0438\u0432\u0430\u043d \u0427\u0435\u0441\u0442\u0435\u0440\u0444\u0438\u043b\u0434 - London - Don Baraton: tienda de sof\u00e1s, colchones y muebles\",\"isPartOf\":{\"@id\":\"https:\/\/donbaraton.es\/#website\"},\"primaryImageOfPage\":{\"@id\":\"https:\/\/donbaraton.es\/ru\/p\/%d0%b4%d0%b2%d1%83%d1%85%d0%bc%d0%b5%d1%81%d1%82%d0%bd%d1%8b%d0%b9-%d0%b4%d0%b8%d0%b2%d0%b0%d0%bd-%d1%87%d0%b5%d1%81%d1%82%d0%b5%d1%80%d1%84%d0%b8%d0%bb%d0%b4-london\/#primaryimage\"},\"image\":{\"@id\":\"https:\/\/donbaraton.es\/ru\/p\/%d0%b4%d0%b2%d1%83%d1%85%d0%bc%d0%b5%d1%81%d1%82%d0%bd%d1%8b%d0%b9-%d0%b4%d0%b8%d0%b2%d0%b0%d0%bd-%d1%87%d0%b5%d1%81%d1%82%d0%b5%d1%80%d1%84%d0%b8%d0%bb%d0%b4-london\/#primaryimage\"},\"thumbnailUrl\":\"https:\/\/donbaraton.es\/wp-content\/uploads\/2021\/03\/Sofa-2-plazas-chesterfield-London.-Tela-marron.jpg\",\"datePublished\":\"2021-03-09T18:48:48+00:00\",\"breadcrumb\":{\"@id\":\"https:\/\/donbaraton.es\/ru\/p\/%d0%b4%d0%b2%d1%83%d1%85%d0%bc%d0%b5%d1%81%d1%82%d0%bd%d1%8b%d0%b9-%d0%b4%d0%b8%d0%b2%d0%b0%d0%bd-%d1%87%d0%b5%d1%81%d1%82%d0%b5%d1%80%d1%84%d0%b8%d0%bb%d0%b4-london\/#breadcrumb\"},\"inLanguage\":\"ru-RU\",\"potentialAction\":[{\"@type\":\"ReadAction\",\"target\":[\"https:\/\/donbaraton.es\/ru\/p\/%d0%b4%d0%b2%d1%83%d1%85%d0%bc%d0%b5%d1%81%d1%82%d0%bd%d1%8b%d0%b9-%d0%b4%d0%b8%d0%b2%d0%b0%d0%bd-%d1%87%d0%b5%d1%81%d1%82%d0%b5%d1%80%d1%84%d0%b8%d0%bb%d0%b4-london\/\"]}]},{\"@type\":\"ImageObject\",\"inLanguage\":\"ru-RU\",\"@id\":\"https:\/\/donbaraton.es\/ru\/p\/%d0%b4%d0%b2%d1%83%d1%85%d0%bc%d0%b5%d1%81%d1%82%d0%bd%d1%8b%d0%b9-%d0%b4%d0%b8%d0%b2%d0%b0%d0%bd-%d1%87%d0%b5%d1%81%d1%82%d0%b5%d1%80%d1%84%d0%b8%d0%bb%d0%b4-london\/#primaryimage\",\"url\":\"https:\/\/donbaraton.es\/wp-content\/uploads\/2021\/03\/Sofa-2-plazas-chesterfield-London.-Tela-marron.jpg\",\"contentUrl\":\"https:\/\/donbaraton.es\/wp-content\/uploads\/2021\/03\/Sofa-2-plazas-chesterfield-London.-Tela-marron.jpg\",\"width\":1000,\"height\":750,\"caption\":\"\u0414\u0432\u0443\u0445\u043c\u0435\u0441\u0442\u043d\u044b\u0439 \u0434\u0438\u0432\u0430\u043d \u0427\u0435\u0441\u0442\u0435\u0440\u0444\u0438\u043b\u0434 - London. \u041a\u043e\u0440\u0438\u0447\u043d\u0435\u0432\u0430\u044f \u0442\u043a\u0430\u043d\u044c\"},{\"@type\":\"BreadcrumbList\",\"@id\":\"https:\/\/donbaraton.es\/ru\/p\/%d0%b4%d0%b2%d1%83%d1%85%d0%bc%d0%b5%d1%81%d1%82%d0%bd%d1%8b%d0%b9-%d0%b4%d0%b8%d0%b2%d0%b0%d0%bd-%d1%87%d0%b5%d1%81%d1%82%d0%b5%d1%80%d1%84%d0%b8%d0%bb%d0%b4-london\/#breadcrumb\",\"itemListElement\":[{\"@type\":\"ListItem\",\"position\":1,\"name\":\"Portada\",\"item\":\"https:\/\/donbaraton.es\/ru\/\"},{\"@type\":\"ListItem\",\"position\":2,\"name\":\"\u0418\u043d\u0442\u0435\u0440\u043d\u0435\u0442-\u043c\u0430\u0433\u0430\u0437\u0438\u043d\",\"item\":\"https:\/\/donbaraton.es\/ru\/%d0%bc%d0%b0%d0%b3%d0%b0%d0%b7%d0%b8%d0%bd\/\"},{\"@type\":\"ListItem\",\"position\":3,\"name\":\"\u0414\u0432\u0443\u0445\u043c\u0435\u0441\u0442\u043d\u044b\u0439 \u0434\u0438\u0432\u0430\u043d \u0427\u0435\u0441\u0442\u0435\u0440\u0444\u0438\u043b\u0434 &#8212; London\"}]},{\"@type\":\"WebSite\",\"@id\":\"https:\/\/donbaraton.es\/#website\",\"url\":\"https:\/\/donbaraton.es\/\",\"name\":\"Don Baraton: tienda de sof\u00e1s, colchones y muebles\",\"description\":\"Venta de sof\u00e1s rinconeras, chaise longue, camas y conjuntos de sof\u00e1s\",\"publisher\":{\"@id\":\"https:\/\/donbaraton.es\/#organization\"},\"potentialAction\":[{\"@type\":\"SearchAction\",\"target\":{\"@type\":\"EntryPoint\",\"urlTemplate\":\"https:\/\/donbaraton.es\/?s={search_term_string}\"},\"query-input\":{\"@type\":\"PropertyValueSpecification\",\"valueRequired\":true,\"valueName\":\"search_term_string\"}}],\"inLanguage\":\"ru-RU\"},{\"@type\":\"Organization\",\"@id\":\"https:\/\/donbaraton.es\/#organization\",\"name\":\"Don Baraton\",\"url\":\"https:\/\/donbaraton.es\/\",\"logo\":{\"@type\":\"ImageObject\",\"inLanguage\":\"ru-RU\",\"@id\":\"https:\/\/donbaraton.es\/#\/schema\/logo\/image\/\",\"url\":\"https:\/\/i0.wp.com\/donbaraton.es\/wp-content\/uploads\/2016\/11\/logo_don_baraton.png?fit=228%2C110&ssl=1\",\"contentUrl\":\"https:\/\/i0.wp.com\/donbaraton.es\/wp-content\/uploads\/2016\/11\/logo_don_baraton.png?fit=228%2C110&ssl=1\",\"width\":228,\"height\":110,\"caption\":\"Don Baraton\"},\"image\":{\"@id\":\"https:\/\/donbaraton.es\/#\/schema\/logo\/image\/\"},\"sameAs\":[\"https:\/\/www.facebook.com\/donbaraton.es\",\"https:\/\/x.com\/don_baraton\",\"https:\/\/www.instagram.com\/donbaraton.es\",\"https:\/\/www.linkedin.com\/company\/donbaraton\/\",\"https:\/\/es.pinterest.com\/donbaraton\/\",\"https:\/\/www.youtube.com\/channel\/UCL02HOwx-F759Jq5MedAZfQ\"]}]}<\/script>\n<!-- \/ Yoast SEO plugin. -->","yoast_head_json":{"title":"\u0414\u0432\u0443\u0445\u043c\u0435\u0441\u0442\u043d\u044b\u0439 \u0434\u0438\u0432\u0430\u043d \u0427\u0435\u0441\u0442\u0435\u0440\u0444\u0438\u043b\u0434 - London - Don Baraton: tienda de sof\u00e1s, colchones y muebles","robots":{"index":"index","follow":"follow","max-snippet":"max-snippet:-1","max-image-preview":"max-image-preview:large","max-video-preview":"max-video-preview:-1"},"canonical":"https:\/\/donbaraton.es\/ru\/p\/\u0434\u0432\u0443\u0445\u043c\u0435\u0441\u0442\u043d\u044b\u0439-\u0434\u0438\u0432\u0430\u043d-\u0447\u0435\u0441\u0442\u0435\u0440\u0444\u0438\u043b\u0434-london\/","og_locale":"ru_RU","og_type":"article","og_title":"\u0414\u0432\u0443\u0445\u043c\u0435\u0441\u0442\u043d\u044b\u0439 \u0434\u0438\u0432\u0430\u043d \u0427\u0435\u0441\u0442\u0435\u0440\u0444\u0438\u043b\u0434 - London - Don Baraton: tienda de sof\u00e1s, colchones y muebles","og_description":"\u041a\u043b\u0430\u0441\u0441\u0438\u0447\u0435\u0441\u043a\u0438\u0439 \u0431\u0440\u0438\u0442\u0430\u043d\u0441\u043a\u0438\u0439 \u0441\u0442\u0438\u043b\u044c \u0423\u0434\u043e\u0431\u043d\u043e\u0435 \u0441\u0438\u0434\u0435\u043d\u044c\u0435 \u0441 \u043f\u0440\u0443\u0436\u0438\u043d\u0430\u043c\u0438 \u041e\u0431\u0438\u0432\u043a\u0430 \"\u043a\u0430\u0440\u0435\u0442\u043d\u0430\u044f \u0441\u0442\u044f\u0436\u043a\u0430\" \u0441 \u043f\u0443\u0433\u043e\u0432\u0438\u0446\u0430\u043c\u0438 \u041a\u043e\u0440\u0438\u0447\u043d\u0435\u0432\u0430\u044f \u043f\u044f\u0442\u043d\u043e\u0443\u0441\u0442\u043e\u0439\u0447\u0438\u0432\u0430\u044f \u0442\u043a\u0430\u043d\u044c \u041f\u0440\u043e\u0447\u043d\u044b\u0439 \u043a\u0430\u0440\u043a\u0430\u0441 \u0438\u0437 \u043c\u0430\u0441\u0441\u0438\u0432\u0430 \u0434\u0435\u0440\u0435\u0432\u0430 \u0438 \u0414\u0421\u041f  \u0420\u0430\u0437\u043c\u0435\u0440\u044b: \u0434\u043b\u0438\u043d\u0430 187 \u0441\u043c, \u0433\u043b\u0443\u0431\u0438\u043d\u0430 100 \u0441\u043c, \u0432\u044b\u0441\u043e\u0442\u0430 80 \u0441\u043c","og_url":"https:\/\/donbaraton.es\/ru\/p\/\u0434\u0432\u0443\u0445\u043c\u0435\u0441\u0442\u043d\u044b\u0439-\u0434\u0438\u0432\u0430\u043d-\u0447\u0435\u0441\u0442\u0435\u0440\u0444\u0438\u043b\u0434-london\/","og_site_name":"Don Baraton: tienda de sof\u00e1s, colchones y muebles","article_publisher":"https:\/\/www.facebook.com\/donbaraton.es","og_image":[{"width":1000,"height":750,"url":"https:\/\/i1.wp.com\/donbaraton.es\/wp-content\/uploads\/2021\/03\/Sofa-2-plazas-chesterfield-London.-Tela-marron.jpg?fit=1000%2C750&ssl=1","type":"image\/jpeg"}],"twitter_card":"summary_large_image","twitter_site":"@don_baraton","schema":{"@context":"https:\/\/schema.org","@graph":[{"@type":"WebPage","@id":"https:\/\/donbaraton.es\/ru\/p\/%d0%b4%d0%b2%d1%83%d1%85%d0%bc%d0%b5%d1%81%d1%82%d0%bd%d1%8b%d0%b9-%d0%b4%d0%b8%d0%b2%d0%b0%d0%bd-%d1%87%d0%b5%d1%81%d1%82%d0%b5%d1%80%d1%84%d0%b8%d0%bb%d0%b4-london\/","url":"https:\/\/donbaraton.es\/ru\/p\/%d0%b4%d0%b2%d1%83%d1%85%d0%bc%d0%b5%d1%81%d1%82%d0%bd%d1%8b%d0%b9-%d0%b4%d0%b8%d0%b2%d0%b0%d0%bd-%d1%87%d0%b5%d1%81%d1%82%d0%b5%d1%80%d1%84%d0%b8%d0%bb%d0%b4-london\/","name":"\u0414\u0432\u0443\u0445\u043c\u0435\u0441\u0442\u043d\u044b\u0439 \u0434\u0438\u0432\u0430\u043d \u0427\u0435\u0441\u0442\u0435\u0440\u0444\u0438\u043b\u0434 - London - Don Baraton: tienda de sof\u00e1s, colchones y muebles","isPartOf":{"@id":"https:\/\/donbaraton.es\/#website"},"primaryImageOfPage":{"@id":"https:\/\/donbaraton.es\/ru\/p\/%d0%b4%d0%b2%d1%83%d1%85%d0%bc%d0%b5%d1%81%d1%82%d0%bd%d1%8b%d0%b9-%d0%b4%d0%b8%d0%b2%d0%b0%d0%bd-%d1%87%d0%b5%d1%81%d1%82%d0%b5%d1%80%d1%84%d0%b8%d0%bb%d0%b4-london\/#primaryimage"},"image":{"@id":"https:\/\/donbaraton.es\/ru\/p\/%d0%b4%d0%b2%d1%83%d1%85%d0%bc%d0%b5%d1%81%d1%82%d0%bd%d1%8b%d0%b9-%d0%b4%d0%b8%d0%b2%d0%b0%d0%bd-%d1%87%d0%b5%d1%81%d1%82%d0%b5%d1%80%d1%84%d0%b8%d0%bb%d0%b4-london\/#primaryimage"},"thumbnailUrl":"https:\/\/donbaraton.es\/wp-content\/uploads\/2021\/03\/Sofa-2-plazas-chesterfield-London.-Tela-marron.jpg","datePublished":"2021-03-09T18:48:48+00:00","breadcrumb":{"@id":"https:\/\/donbaraton.es\/ru\/p\/%d0%b4%d0%b2%d1%83%d1%85%d0%bc%d0%b5%d1%81%d1%82%d0%bd%d1%8b%d0%b9-%d0%b4%d0%b8%d0%b2%d0%b0%d0%bd-%d1%87%d0%b5%d1%81%d1%82%d0%b5%d1%80%d1%84%d0%b8%d0%bb%d0%b4-london\/#breadcrumb"},"inLanguage":"ru-RU","potentialAction":[{"@type":"ReadAction","target":["https:\/\/donbaraton.es\/ru\/p\/%d0%b4%d0%b2%d1%83%d1%85%d0%bc%d0%b5%d1%81%d1%82%d0%bd%d1%8b%d0%b9-%d0%b4%d0%b8%d0%b2%d0%b0%d0%bd-%d1%87%d0%b5%d1%81%d1%82%d0%b5%d1%80%d1%84%d0%b8%d0%bb%d0%b4-london\/"]}]},{"@type":"ImageObject","inLanguage":"ru-RU","@id":"https:\/\/donbaraton.es\/ru\/p\/%d0%b4%d0%b2%d1%83%d1%85%d0%bc%d0%b5%d1%81%d1%82%d0%bd%d1%8b%d0%b9-%d0%b4%d0%b8%d0%b2%d0%b0%d0%bd-%d1%87%d0%b5%d1%81%d1%82%d0%b5%d1%80%d1%84%d0%b8%d0%bb%d0%b4-london\/#primaryimage","url":"https:\/\/donbaraton.es\/wp-content\/uploads\/2021\/03\/Sofa-2-plazas-chesterfield-London.-Tela-marron.jpg","contentUrl":"https:\/\/donbaraton.es\/wp-content\/uploads\/2021\/03\/Sofa-2-plazas-chesterfield-London.-Tela-marron.jpg","width":1000,"height":750,"caption":"\u0414\u0432\u0443\u0445\u043c\u0435\u0441\u0442\u043d\u044b\u0439 \u0434\u0438\u0432\u0430\u043d \u0427\u0435\u0441\u0442\u0435\u0440\u0444\u0438\u043b\u0434 - London. \u041a\u043e\u0440\u0438\u0447\u043d\u0435\u0432\u0430\u044f \u0442\u043a\u0430\u043d\u044c"},{"@type":"BreadcrumbList","@id":"https:\/\/donbaraton.es\/ru\/p\/%d0%b4%d0%b2%d1%83%d1%85%d0%bc%d0%b5%d1%81%d1%82%d0%bd%d1%8b%d0%b9-%d0%b4%d0%b8%d0%b2%d0%b0%d0%bd-%d1%87%d0%b5%d1%81%d1%82%d0%b5%d1%80%d1%84%d0%b8%d0%bb%d0%b4-london\/#breadcrumb","itemListElement":[{"@type":"ListItem","position":1,"name":"Portada","item":"https:\/\/donbaraton.es\/ru\/"},{"@type":"ListItem","position":2,"name":"\u0418\u043d\u0442\u0435\u0440\u043d\u0435\u0442-\u043c\u0430\u0433\u0430\u0437\u0438\u043d","item":"https:\/\/donbaraton.es\/ru\/%d0%bc%d0%b0%d0%b3%d0%b0%d0%b7%d0%b8%d0%bd\/"},{"@type":"ListItem","position":3,"name":"\u0414\u0432\u0443\u0445\u043c\u0435\u0441\u0442\u043d\u044b\u0439 \u0434\u0438\u0432\u0430\u043d \u0427\u0435\u0441\u0442\u0435\u0440\u0444\u0438\u043b\u0434 &#8212; London"}]},{"@type":"WebSite","@id":"https:\/\/donbaraton.es\/#website","url":"https:\/\/donbaraton.es\/","name":"Don Baraton: tienda de sof\u00e1s, colchones y muebles","description":"Venta de sof\u00e1s rinconeras, chaise longue, camas y conjuntos de sof\u00e1s","publisher":{"@id":"https:\/\/donbaraton.es\/#organization"},"potentialAction":[{"@type":"SearchAction","target":{"@type":"EntryPoint","urlTemplate":"https:\/\/donbaraton.es\/?s={search_term_string}"},"query-input":{"@type":"PropertyValueSpecification","valueRequired":true,"valueName":"search_term_string"}}],"inLanguage":"ru-RU"},{"@type":"Organization","@id":"https:\/\/donbaraton.es\/#organization","name":"Don Baraton","url":"https:\/\/donbaraton.es\/","logo":{"@type":"ImageObject","inLanguage":"ru-RU","@id":"https:\/\/donbaraton.es\/#\/schema\/logo\/image\/","url":"https:\/\/i0.wp.com\/donbaraton.es\/wp-content\/uploads\/2016\/11\/logo_don_baraton.png?fit=228%2C110&ssl=1","contentUrl":"https:\/\/i0.wp.com\/donbaraton.es\/wp-content\/uploads\/2016\/11\/logo_don_baraton.png?fit=228%2C110&ssl=1","width":228,"height":110,"caption":"Don Baraton"},"image":{"@id":"https:\/\/donbaraton.es\/#\/schema\/logo\/image\/"},"sameAs":["https:\/\/www.facebook.com\/donbaraton.es","https:\/\/x.com\/don_baraton","https:\/\/www.instagram.com\/donbaraton.es","https:\/\/www.linkedin.com\/company\/donbaraton\/","https:\/\/es.pinterest.com\/donbaraton\/","https:\/\/www.youtube.com\/channel\/UCL02HOwx-F759Jq5MedAZfQ"]}]}},"_links":{"self":[{"href":"https:\/\/donbaraton.es\/ru\/wp-json\/wp\/v2\/product\/32127","targetHints":{"allow":["GET"]}}],"collection":[{"href":"https:\/\/donbaraton.es\/ru\/wp-json\/wp\/v2\/product"}],"about":[{"href":"https:\/\/donbaraton.es\/ru\/wp-json\/wp\/v2\/types\/product"}],"replies":[{"embeddable":true,"href":"https:\/\/donbaraton.es\/ru\/wp-json\/wp\/v2\/comments?post=32127"}],"wp:featuredmedia":[{"embeddable":true,"href":"https:\/\/donbaraton.es\/ru\/wp-json\/wp\/v2\/media\/31340"}],"wp:attachment":[{"href":"https:\/\/donbaraton.es\/ru\/wp-json\/wp\/v2\/media?parent=32127"}],"wp:term":[{"taxonomy":"product_brand","embeddable":true,"href":"https:\/\/donbaraton.es\/ru\/wp-json\/wp\/v2\/product_brand?post=32127"},{"taxonomy":"product_cat","embeddable":true,"href":"https:\/\/donbaraton.es\/ru\/wp-json\/wp\/v2\/product_cat?post=32127"},{"taxonomy":"product_tag","embeddable":true,"href":"https:\/\/donbaraton.es\/ru\/wp-json\/wp\/v2\/product_tag?post=32127"}],"curies":[{"name":"wp","href":"https:\/\/api.w.org\/{rel}","templated":true}]}}