{"id":7788,"date":"2017-12-31T03:45:11","date_gmt":"2017-12-31T02:45:11","guid":{"rendered":"https:\/\/donbaraton.es\/producto\/uncategorized\/%d0%ba%d0%be%d0%b6%d0%b0%d0%bd%d1%8b%d0%b9-%d1%83%d0%b3%d0%bb%d0%be%d0%b2%d0%be%d0%b9-%d0%b4%d0%b8%d0%b2%d0%b0%d0%bd-%d0%b4%d0%b5%d1%84%d0%b5%d0%ba%d1%82-%d1%8d%d0%ba%d1%81%d0%bf%d0%be%d0%b7%d0%b8\/"},"modified":"2017-12-31T03:45:11","modified_gmt":"2017-12-31T02:45:11","slug":"%d0%ba%d0%be%d0%b6%d0%b0%d0%bd%d1%8b%d0%b9-%d1%83%d0%b3%d0%bb%d0%be%d0%b2%d0%be%d0%b9-%d0%b4%d0%b8%d0%b2%d0%b0%d0%bd-%d0%b4%d0%b5%d1%84%d0%b5%d0%ba%d1%82-%d1%8d%d0%ba%d1%81%d0%bf%d0%be%d0%b7%d0%b8","status":"publish","type":"product","link":"https:\/\/donbaraton.es\/ru\/p\/%d0%ba%d0%be%d0%b6%d0%b0%d0%bd%d1%8b%d0%b9-%d1%83%d0%b3%d0%bb%d0%be%d0%b2%d0%be%d0%b9-%d0%b4%d0%b8%d0%b2%d0%b0%d0%bd-%d0%b4%d0%b5%d1%84%d0%b5%d0%ba%d1%82-%d1%8d%d0%ba%d1%81%d0%bf%d0%be%d0%b7%d0%b8\/","title":{"rendered":"\u041a\u043e\u0436\u0430\u043d\u044b\u0439 \u0443\u0433\u043b\u043e\u0432\u043e\u0439 \u0434\u0438\u0432\u0430\u043d \u0441 \u0434\u0435\u0444\u0435\u043a\u0442\u0430\u043c\u0438 \u044d\u043a\u0441\u043f\u043e\u0437\u0438\u0446\u0438\u0438 &#8212; Fabio"},"content":{"rendered":"<p>\u041a\u043e\u0436\u0430\u043d\u044b\u0439 \u0443\u0433\u043b\u043e\u0432\u043e\u0439 \u0434\u0438\u0432\u0430\u043d \u0441 \u0434\u0435\u0444\u0435\u043a\u0442\u0430\u043c\u0438 \u044d\u043a\u0441\u043f\u043e\u0437\u0438\u0446\u0438\u0438 &#8212; Fabio. \u0420\u0430\u0437\u043c\u0435\u0440\u044b: \u0434\u043b\u0438\u043d\u0430 280 \u0438 240 \u0441\u043c, \u0433\u043b\u0443\u0431\u0438\u043d\u0430 100 \u0441\u043c, \u0432\u044b\u0441\u043e\u0442\u0430 90 \u0441\u043c.<\/p>\n<p><iframe loading=\"lazy\" width=\"560\" height=\"315\" src=\"https:\/\/www.youtube.com\/embed\/6A3WO7yJdxs?rel=0\" frameborder=\"0\" gesture=\"media\" allow=\"encrypted-media\" allowfullscreen><\/iframe><\/p>\n","protected":false},"excerpt":{"rendered":"<p>\u041a\u043e\u0436\u0430\u043d\u044b\u0439 \u0443\u0433\u043b\u043e\u0432\u043e\u0439 \u0434\u0438\u0432\u0430\u043d \u0441 \u0434\u0435\u0444\u0435\u043a\u0442\u0430\u043c\u0438 \u044d\u043a\u0441\u043f\u043e\u0437\u0438\u0446\u0438\u0438 &#8212; Fabio. \u0420\u0430\u0437\u043c\u0435\u0440\u044b: \u0434\u043b\u0438\u043d\u0430 280 \u0438 240 \u0441\u043c, \u0433\u043b\u0443\u0431\u0438\u043d\u0430 100 \u0441\u043c, \u0432\u044b\u0441\u043e\u0442\u0430 90 \u0441\u043c.<\/p>\n","protected":false},"featured_media":7765,"comment_status":"closed","ping_status":"closed","template":"","meta":{"_et_pb_use_builder":"","_et_pb_old_content":"","_et_gb_content_width":""},"product_brand":[],"product_cat":[177],"product_tag":[],"class_list":{"0":"post-7788","1":"product","2":"type-product","3":"status-publish","4":"has-post-thumbnail","6":"product_cat-177","7":"product_shipping_class-articulos-pesados","8":"pa_largo-divany-251-300-cm","9":"pa_material-83","10":"pa_plazas-153","12":"first","13":"outofstock","14":"sale","15":"taxable","16":"shipping-taxable","17":"purchasable","18":"product-type-simple"},"yoast_head":"<!-- This site is optimized with the Yoast SEO plugin v27.2 - https:\/\/yoast.com\/product\/yoast-seo-wordpress\/ -->\n<title>\u041a\u043e\u0436\u0430\u043d\u044b\u0439 \u0443\u0433\u043b\u043e\u0432\u043e\u0439 \u0434\u0438\u0432\u0430\u043d \u0441 \u0434\u0435\u0444\u0435\u043a\u0442\u0430\u043c\u0438 \u044d\u043a\u0441\u043f\u043e\u0437\u0438\u0446\u0438\u0438 - Fabio - Don Baraton: tienda de sof\u00e1s, colchones y muebles<\/title>\n<meta name=\"robots\" content=\"index, follow, max-snippet:-1, max-image-preview:large, max-video-preview:-1\" \/>\n<link rel=\"canonical\" href=\"https:\/\/donbaraton.es\/ru\/p\/\u043a\u043e\u0436\u0430\u043d\u044b\u0439-\u0443\u0433\u043b\u043e\u0432\u043e\u0439-\u0434\u0438\u0432\u0430\u043d-\u0434\u0435\u0444\u0435\u043a\u0442-\u044d\u043a\u0441\u043f\u043e\u0437\u0438\/\" \/>\n<meta property=\"og:locale\" content=\"ru_RU\" \/>\n<meta property=\"og:type\" content=\"article\" \/>\n<meta property=\"og:title\" content=\"\u041a\u043e\u0436\u0430\u043d\u044b\u0439 \u0443\u0433\u043b\u043e\u0432\u043e\u0439 \u0434\u0438\u0432\u0430\u043d \u0441 \u0434\u0435\u0444\u0435\u043a\u0442\u0430\u043c\u0438 \u044d\u043a\u0441\u043f\u043e\u0437\u0438\u0446\u0438\u0438 - Fabio - Don Baraton: tienda de sof\u00e1s, colchones y muebles\" \/>\n<meta property=\"og:description\" content=\"\u041a\u043e\u0436\u0430\u043d\u044b\u0439 \u0443\u0433\u043b\u043e\u0432\u043e\u0439 \u0434\u0438\u0432\u0430\u043d \u0441 \u0434\u0435\u0444\u0435\u043a\u0442\u0430\u043c\u0438 \u044d\u043a\u0441\u043f\u043e\u0437\u0438\u0446\u0438\u0438 - Fabio. \u0420\u0430\u0437\u043c\u0435\u0440\u044b: \u0434\u043b\u0438\u043d\u0430 280 \u0438 240 \u0441\u043c, \u0433\u043b\u0443\u0431\u0438\u043d\u0430 100 \u0441\u043c, \u0432\u044b\u0441\u043e\u0442\u0430 90 \u0441\u043c.\" \/>\n<meta property=\"og:url\" content=\"https:\/\/donbaraton.es\/ru\/p\/\u043a\u043e\u0436\u0430\u043d\u044b\u0439-\u0443\u0433\u043b\u043e\u0432\u043e\u0439-\u0434\u0438\u0432\u0430\u043d-\u0434\u0435\u0444\u0435\u043a\u0442-\u044d\u043a\u0441\u043f\u043e\u0437\u0438\/\" \/>\n<meta property=\"og:site_name\" content=\"Don Baraton: tienda de sof\u00e1s, colchones y muebles\" \/>\n<meta property=\"article:publisher\" content=\"https:\/\/www.facebook.com\/donbaraton.es\" \/>\n<meta property=\"og:image\" content=\"https:\/\/i0.wp.com\/donbaraton.es\/wp-content\/uploads\/2017\/12\/Sof\u00e1-esquinero-cama-de-piel-aut\u00e9ntica-con-desperfectos-Fabio.jpg?fit=1000%2C680&ssl=1\" \/>\n\t<meta property=\"og:image:width\" content=\"1000\" \/>\n\t<meta property=\"og:image:height\" content=\"680\" \/>\n\t<meta property=\"og:image:type\" content=\"image\/jpeg\" \/>\n<meta name=\"twitter:card\" content=\"summary_large_image\" \/>\n<meta name=\"twitter:site\" content=\"@don_baraton\" \/>\n<script type=\"application\/ld+json\" class=\"yoast-schema-graph\">{\"@context\":\"https:\/\/schema.org\",\"@graph\":[{\"@type\":\"WebPage\",\"@id\":\"https:\/\/donbaraton.es\/ru\/p\/%d0%ba%d0%be%d0%b6%d0%b0%d0%bd%d1%8b%d0%b9-%d1%83%d0%b3%d0%bb%d0%be%d0%b2%d0%be%d0%b9-%d0%b4%d0%b8%d0%b2%d0%b0%d0%bd-%d0%b4%d0%b5%d1%84%d0%b5%d0%ba%d1%82-%d1%8d%d0%ba%d1%81%d0%bf%d0%be%d0%b7%d0%b8\/\",\"url\":\"https:\/\/donbaraton.es\/ru\/p\/%d0%ba%d0%be%d0%b6%d0%b0%d0%bd%d1%8b%d0%b9-%d1%83%d0%b3%d0%bb%d0%be%d0%b2%d0%be%d0%b9-%d0%b4%d0%b8%d0%b2%d0%b0%d0%bd-%d0%b4%d0%b5%d1%84%d0%b5%d0%ba%d1%82-%d1%8d%d0%ba%d1%81%d0%bf%d0%be%d0%b7%d0%b8\/\",\"name\":\"\u041a\u043e\u0436\u0430\u043d\u044b\u0439 \u0443\u0433\u043b\u043e\u0432\u043e\u0439 \u0434\u0438\u0432\u0430\u043d \u0441 \u0434\u0435\u0444\u0435\u043a\u0442\u0430\u043c\u0438 \u044d\u043a\u0441\u043f\u043e\u0437\u0438\u0446\u0438\u0438 - Fabio - Don Baraton: tienda de sof\u00e1s, colchones y muebles\",\"isPartOf\":{\"@id\":\"https:\/\/donbaraton.es\/#website\"},\"primaryImageOfPage\":{\"@id\":\"https:\/\/donbaraton.es\/ru\/p\/%d0%ba%d0%be%d0%b6%d0%b0%d0%bd%d1%8b%d0%b9-%d1%83%d0%b3%d0%bb%d0%be%d0%b2%d0%be%d0%b9-%d0%b4%d0%b8%d0%b2%d0%b0%d0%bd-%d0%b4%d0%b5%d1%84%d0%b5%d0%ba%d1%82-%d1%8d%d0%ba%d1%81%d0%bf%d0%be%d0%b7%d0%b8\/#primaryimage\"},\"image\":{\"@id\":\"https:\/\/donbaraton.es\/ru\/p\/%d0%ba%d0%be%d0%b6%d0%b0%d0%bd%d1%8b%d0%b9-%d1%83%d0%b3%d0%bb%d0%be%d0%b2%d0%be%d0%b9-%d0%b4%d0%b8%d0%b2%d0%b0%d0%bd-%d0%b4%d0%b5%d1%84%d0%b5%d0%ba%d1%82-%d1%8d%d0%ba%d1%81%d0%bf%d0%be%d0%b7%d0%b8\/#primaryimage\"},\"thumbnailUrl\":\"https:\/\/donbaraton.es\/wp-content\/uploads\/2017\/12\/Sof\u00e1-esquinero-cama-de-piel-aut\u00e9ntica-con-desperfectos-Fabio.jpg\",\"datePublished\":\"2017-12-31T02:45:11+00:00\",\"breadcrumb\":{\"@id\":\"https:\/\/donbaraton.es\/ru\/p\/%d0%ba%d0%be%d0%b6%d0%b0%d0%bd%d1%8b%d0%b9-%d1%83%d0%b3%d0%bb%d0%be%d0%b2%d0%be%d0%b9-%d0%b4%d0%b8%d0%b2%d0%b0%d0%bd-%d0%b4%d0%b5%d1%84%d0%b5%d0%ba%d1%82-%d1%8d%d0%ba%d1%81%d0%bf%d0%be%d0%b7%d0%b8\/#breadcrumb\"},\"inLanguage\":\"ru-RU\",\"potentialAction\":[{\"@type\":\"ReadAction\",\"target\":[\"https:\/\/donbaraton.es\/ru\/p\/%d0%ba%d0%be%d0%b6%d0%b0%d0%bd%d1%8b%d0%b9-%d1%83%d0%b3%d0%bb%d0%be%d0%b2%d0%be%d0%b9-%d0%b4%d0%b8%d0%b2%d0%b0%d0%bd-%d0%b4%d0%b5%d1%84%d0%b5%d0%ba%d1%82-%d1%8d%d0%ba%d1%81%d0%bf%d0%be%d0%b7%d0%b8\/\"]}]},{\"@type\":\"ImageObject\",\"inLanguage\":\"ru-RU\",\"@id\":\"https:\/\/donbaraton.es\/ru\/p\/%d0%ba%d0%be%d0%b6%d0%b0%d0%bd%d1%8b%d0%b9-%d1%83%d0%b3%d0%bb%d0%be%d0%b2%d0%be%d0%b9-%d0%b4%d0%b8%d0%b2%d0%b0%d0%bd-%d0%b4%d0%b5%d1%84%d0%b5%d0%ba%d1%82-%d1%8d%d0%ba%d1%81%d0%bf%d0%be%d0%b7%d0%b8\/#primaryimage\",\"url\":\"https:\/\/donbaraton.es\/wp-content\/uploads\/2017\/12\/Sof\u00e1-esquinero-cama-de-piel-aut\u00e9ntica-con-desperfectos-Fabio.jpg\",\"contentUrl\":\"https:\/\/donbaraton.es\/wp-content\/uploads\/2017\/12\/Sof\u00e1-esquinero-cama-de-piel-aut\u00e9ntica-con-desperfectos-Fabio.jpg\",\"width\":1000,\"height\":680,\"caption\":\"\u041a\u043e\u0436\u0430\u043d\u044b\u0439 \u0443\u0433\u043b\u043e\u0432\u043e\u0439 \u0434\u0438\u0432\u0430\u043d \u0441 \u0434\u0435\u0444\u0435\u043a\u0442\u0430\u043c\u0438 \u044d\u043a\u0441\u043f\u043e\u0437\u0438\u0446\u0438\u0438 - Fabio\"},{\"@type\":\"BreadcrumbList\",\"@id\":\"https:\/\/donbaraton.es\/ru\/p\/%d0%ba%d0%be%d0%b6%d0%b0%d0%bd%d1%8b%d0%b9-%d1%83%d0%b3%d0%bb%d0%be%d0%b2%d0%be%d0%b9-%d0%b4%d0%b8%d0%b2%d0%b0%d0%bd-%d0%b4%d0%b5%d1%84%d0%b5%d0%ba%d1%82-%d1%8d%d0%ba%d1%81%d0%bf%d0%be%d0%b7%d0%b8\/#breadcrumb\",\"itemListElement\":[{\"@type\":\"ListItem\",\"position\":1,\"name\":\"Portada\",\"item\":\"https:\/\/donbaraton.es\/ru\/\"},{\"@type\":\"ListItem\",\"position\":2,\"name\":\"\u0418\u043d\u0442\u0435\u0440\u043d\u0435\u0442-\u043c\u0430\u0433\u0430\u0437\u0438\u043d\",\"item\":\"https:\/\/donbaraton.es\/ru\/%d0%bc%d0%b0%d0%b3%d0%b0%d0%b7%d0%b8%d0%bd\/\"},{\"@type\":\"ListItem\",\"position\":3,\"name\":\"\u041a\u043e\u0436\u0430\u043d\u044b\u0439 \u0443\u0433\u043b\u043e\u0432\u043e\u0439 \u0434\u0438\u0432\u0430\u043d \u0441 \u0434\u0435\u0444\u0435\u043a\u0442\u0430\u043c\u0438 \u044d\u043a\u0441\u043f\u043e\u0437\u0438\u0446\u0438\u0438 &#8212; Fabio\"}]},{\"@type\":\"WebSite\",\"@id\":\"https:\/\/donbaraton.es\/#website\",\"url\":\"https:\/\/donbaraton.es\/\",\"name\":\"Don Baraton: tienda de sof\u00e1s, colchones y muebles\",\"description\":\"Venta de sof\u00e1s rinconeras, chaise longue, camas y conjuntos de sof\u00e1s\",\"publisher\":{\"@id\":\"https:\/\/donbaraton.es\/#organization\"},\"potentialAction\":[{\"@type\":\"SearchAction\",\"target\":{\"@type\":\"EntryPoint\",\"urlTemplate\":\"https:\/\/donbaraton.es\/?s={search_term_string}\"},\"query-input\":{\"@type\":\"PropertyValueSpecification\",\"valueRequired\":true,\"valueName\":\"search_term_string\"}}],\"inLanguage\":\"ru-RU\"},{\"@type\":\"Organization\",\"@id\":\"https:\/\/donbaraton.es\/#organization\",\"name\":\"Don Baraton\",\"url\":\"https:\/\/donbaraton.es\/\",\"logo\":{\"@type\":\"ImageObject\",\"inLanguage\":\"ru-RU\",\"@id\":\"https:\/\/donbaraton.es\/#\/schema\/logo\/image\/\",\"url\":\"https:\/\/i0.wp.com\/donbaraton.es\/wp-content\/uploads\/2016\/11\/logo_don_baraton.png?fit=228%2C110&ssl=1\",\"contentUrl\":\"https:\/\/i0.wp.com\/donbaraton.es\/wp-content\/uploads\/2016\/11\/logo_don_baraton.png?fit=228%2C110&ssl=1\",\"width\":228,\"height\":110,\"caption\":\"Don Baraton\"},\"image\":{\"@id\":\"https:\/\/donbaraton.es\/#\/schema\/logo\/image\/\"},\"sameAs\":[\"https:\/\/www.facebook.com\/donbaraton.es\",\"https:\/\/x.com\/don_baraton\",\"https:\/\/www.instagram.com\/donbaraton.es\",\"https:\/\/www.linkedin.com\/company\/donbaraton\/\",\"https:\/\/es.pinterest.com\/donbaraton\/\",\"https:\/\/www.youtube.com\/channel\/UCL02HOwx-F759Jq5MedAZfQ\"]}]}<\/script>\n<!-- \/ Yoast SEO plugin. -->","yoast_head_json":{"title":"\u041a\u043e\u0436\u0430\u043d\u044b\u0439 \u0443\u0433\u043b\u043e\u0432\u043e\u0439 \u0434\u0438\u0432\u0430\u043d \u0441 \u0434\u0435\u0444\u0435\u043a\u0442\u0430\u043c\u0438 \u044d\u043a\u0441\u043f\u043e\u0437\u0438\u0446\u0438\u0438 - Fabio - Don Baraton: tienda de sof\u00e1s, colchones y muebles","robots":{"index":"index","follow":"follow","max-snippet":"max-snippet:-1","max-image-preview":"max-image-preview:large","max-video-preview":"max-video-preview:-1"},"canonical":"https:\/\/donbaraton.es\/ru\/p\/\u043a\u043e\u0436\u0430\u043d\u044b\u0439-\u0443\u0433\u043b\u043e\u0432\u043e\u0439-\u0434\u0438\u0432\u0430\u043d-\u0434\u0435\u0444\u0435\u043a\u0442-\u044d\u043a\u0441\u043f\u043e\u0437\u0438\/","og_locale":"ru_RU","og_type":"article","og_title":"\u041a\u043e\u0436\u0430\u043d\u044b\u0439 \u0443\u0433\u043b\u043e\u0432\u043e\u0439 \u0434\u0438\u0432\u0430\u043d \u0441 \u0434\u0435\u0444\u0435\u043a\u0442\u0430\u043c\u0438 \u044d\u043a\u0441\u043f\u043e\u0437\u0438\u0446\u0438\u0438 - Fabio - Don Baraton: tienda de sof\u00e1s, colchones y muebles","og_description":"\u041a\u043e\u0436\u0430\u043d\u044b\u0439 \u0443\u0433\u043b\u043e\u0432\u043e\u0439 \u0434\u0438\u0432\u0430\u043d \u0441 \u0434\u0435\u0444\u0435\u043a\u0442\u0430\u043c\u0438 \u044d\u043a\u0441\u043f\u043e\u0437\u0438\u0446\u0438\u0438 - Fabio. \u0420\u0430\u0437\u043c\u0435\u0440\u044b: \u0434\u043b\u0438\u043d\u0430 280 \u0438 240 \u0441\u043c, \u0433\u043b\u0443\u0431\u0438\u043d\u0430 100 \u0441\u043c, \u0432\u044b\u0441\u043e\u0442\u0430 90 \u0441\u043c.","og_url":"https:\/\/donbaraton.es\/ru\/p\/\u043a\u043e\u0436\u0430\u043d\u044b\u0439-\u0443\u0433\u043b\u043e\u0432\u043e\u0439-\u0434\u0438\u0432\u0430\u043d-\u0434\u0435\u0444\u0435\u043a\u0442-\u044d\u043a\u0441\u043f\u043e\u0437\u0438\/","og_site_name":"Don Baraton: tienda de sof\u00e1s, colchones y muebles","article_publisher":"https:\/\/www.facebook.com\/donbaraton.es","og_image":[{"width":1000,"height":680,"url":"https:\/\/i0.wp.com\/donbaraton.es\/wp-content\/uploads\/2017\/12\/Sof\u00e1-esquinero-cama-de-piel-aut\u00e9ntica-con-desperfectos-Fabio.jpg?fit=1000%2C680&ssl=1","type":"image\/jpeg"}],"twitter_card":"summary_large_image","twitter_site":"@don_baraton","schema":{"@context":"https:\/\/schema.org","@graph":[{"@type":"WebPage","@id":"https:\/\/donbaraton.es\/ru\/p\/%d0%ba%d0%be%d0%b6%d0%b0%d0%bd%d1%8b%d0%b9-%d1%83%d0%b3%d0%bb%d0%be%d0%b2%d0%be%d0%b9-%d0%b4%d0%b8%d0%b2%d0%b0%d0%bd-%d0%b4%d0%b5%d1%84%d0%b5%d0%ba%d1%82-%d1%8d%d0%ba%d1%81%d0%bf%d0%be%d0%b7%d0%b8\/","url":"https:\/\/donbaraton.es\/ru\/p\/%d0%ba%d0%be%d0%b6%d0%b0%d0%bd%d1%8b%d0%b9-%d1%83%d0%b3%d0%bb%d0%be%d0%b2%d0%be%d0%b9-%d0%b4%d0%b8%d0%b2%d0%b0%d0%bd-%d0%b4%d0%b5%d1%84%d0%b5%d0%ba%d1%82-%d1%8d%d0%ba%d1%81%d0%bf%d0%be%d0%b7%d0%b8\/","name":"\u041a\u043e\u0436\u0430\u043d\u044b\u0439 \u0443\u0433\u043b\u043e\u0432\u043e\u0439 \u0434\u0438\u0432\u0430\u043d \u0441 \u0434\u0435\u0444\u0435\u043a\u0442\u0430\u043c\u0438 \u044d\u043a\u0441\u043f\u043e\u0437\u0438\u0446\u0438\u0438 - Fabio - Don Baraton: tienda de sof\u00e1s, colchones y muebles","isPartOf":{"@id":"https:\/\/donbaraton.es\/#website"},"primaryImageOfPage":{"@id":"https:\/\/donbaraton.es\/ru\/p\/%d0%ba%d0%be%d0%b6%d0%b0%d0%bd%d1%8b%d0%b9-%d1%83%d0%b3%d0%bb%d0%be%d0%b2%d0%be%d0%b9-%d0%b4%d0%b8%d0%b2%d0%b0%d0%bd-%d0%b4%d0%b5%d1%84%d0%b5%d0%ba%d1%82-%d1%8d%d0%ba%d1%81%d0%bf%d0%be%d0%b7%d0%b8\/#primaryimage"},"image":{"@id":"https:\/\/donbaraton.es\/ru\/p\/%d0%ba%d0%be%d0%b6%d0%b0%d0%bd%d1%8b%d0%b9-%d1%83%d0%b3%d0%bb%d0%be%d0%b2%d0%be%d0%b9-%d0%b4%d0%b8%d0%b2%d0%b0%d0%bd-%d0%b4%d0%b5%d1%84%d0%b5%d0%ba%d1%82-%d1%8d%d0%ba%d1%81%d0%bf%d0%be%d0%b7%d0%b8\/#primaryimage"},"thumbnailUrl":"https:\/\/donbaraton.es\/wp-content\/uploads\/2017\/12\/Sof\u00e1-esquinero-cama-de-piel-aut\u00e9ntica-con-desperfectos-Fabio.jpg","datePublished":"2017-12-31T02:45:11+00:00","breadcrumb":{"@id":"https:\/\/donbaraton.es\/ru\/p\/%d0%ba%d0%be%d0%b6%d0%b0%d0%bd%d1%8b%d0%b9-%d1%83%d0%b3%d0%bb%d0%be%d0%b2%d0%be%d0%b9-%d0%b4%d0%b8%d0%b2%d0%b0%d0%bd-%d0%b4%d0%b5%d1%84%d0%b5%d0%ba%d1%82-%d1%8d%d0%ba%d1%81%d0%bf%d0%be%d0%b7%d0%b8\/#breadcrumb"},"inLanguage":"ru-RU","potentialAction":[{"@type":"ReadAction","target":["https:\/\/donbaraton.es\/ru\/p\/%d0%ba%d0%be%d0%b6%d0%b0%d0%bd%d1%8b%d0%b9-%d1%83%d0%b3%d0%bb%d0%be%d0%b2%d0%be%d0%b9-%d0%b4%d0%b8%d0%b2%d0%b0%d0%bd-%d0%b4%d0%b5%d1%84%d0%b5%d0%ba%d1%82-%d1%8d%d0%ba%d1%81%d0%bf%d0%be%d0%b7%d0%b8\/"]}]},{"@type":"ImageObject","inLanguage":"ru-RU","@id":"https:\/\/donbaraton.es\/ru\/p\/%d0%ba%d0%be%d0%b6%d0%b0%d0%bd%d1%8b%d0%b9-%d1%83%d0%b3%d0%bb%d0%be%d0%b2%d0%be%d0%b9-%d0%b4%d0%b8%d0%b2%d0%b0%d0%bd-%d0%b4%d0%b5%d1%84%d0%b5%d0%ba%d1%82-%d1%8d%d0%ba%d1%81%d0%bf%d0%be%d0%b7%d0%b8\/#primaryimage","url":"https:\/\/donbaraton.es\/wp-content\/uploads\/2017\/12\/Sof\u00e1-esquinero-cama-de-piel-aut\u00e9ntica-con-desperfectos-Fabio.jpg","contentUrl":"https:\/\/donbaraton.es\/wp-content\/uploads\/2017\/12\/Sof\u00e1-esquinero-cama-de-piel-aut\u00e9ntica-con-desperfectos-Fabio.jpg","width":1000,"height":680,"caption":"\u041a\u043e\u0436\u0430\u043d\u044b\u0439 \u0443\u0433\u043b\u043e\u0432\u043e\u0439 \u0434\u0438\u0432\u0430\u043d \u0441 \u0434\u0435\u0444\u0435\u043a\u0442\u0430\u043c\u0438 \u044d\u043a\u0441\u043f\u043e\u0437\u0438\u0446\u0438\u0438 - Fabio"},{"@type":"BreadcrumbList","@id":"https:\/\/donbaraton.es\/ru\/p\/%d0%ba%d0%be%d0%b6%d0%b0%d0%bd%d1%8b%d0%b9-%d1%83%d0%b3%d0%bb%d0%be%d0%b2%d0%be%d0%b9-%d0%b4%d0%b8%d0%b2%d0%b0%d0%bd-%d0%b4%d0%b5%d1%84%d0%b5%d0%ba%d1%82-%d1%8d%d0%ba%d1%81%d0%bf%d0%be%d0%b7%d0%b8\/#breadcrumb","itemListElement":[{"@type":"ListItem","position":1,"name":"Portada","item":"https:\/\/donbaraton.es\/ru\/"},{"@type":"ListItem","position":2,"name":"\u0418\u043d\u0442\u0435\u0440\u043d\u0435\u0442-\u043c\u0430\u0433\u0430\u0437\u0438\u043d","item":"https:\/\/donbaraton.es\/ru\/%d0%bc%d0%b0%d0%b3%d0%b0%d0%b7%d0%b8%d0%bd\/"},{"@type":"ListItem","position":3,"name":"\u041a\u043e\u0436\u0430\u043d\u044b\u0439 \u0443\u0433\u043b\u043e\u0432\u043e\u0439 \u0434\u0438\u0432\u0430\u043d \u0441 \u0434\u0435\u0444\u0435\u043a\u0442\u0430\u043c\u0438 \u044d\u043a\u0441\u043f\u043e\u0437\u0438\u0446\u0438\u0438 &#8212; Fabio"}]},{"@type":"WebSite","@id":"https:\/\/donbaraton.es\/#website","url":"https:\/\/donbaraton.es\/","name":"Don Baraton: tienda de sof\u00e1s, colchones y muebles","description":"Venta de sof\u00e1s rinconeras, chaise longue, camas y conjuntos de sof\u00e1s","publisher":{"@id":"https:\/\/donbaraton.es\/#organization"},"potentialAction":[{"@type":"SearchAction","target":{"@type":"EntryPoint","urlTemplate":"https:\/\/donbaraton.es\/?s={search_term_string}"},"query-input":{"@type":"PropertyValueSpecification","valueRequired":true,"valueName":"search_term_string"}}],"inLanguage":"ru-RU"},{"@type":"Organization","@id":"https:\/\/donbaraton.es\/#organization","name":"Don Baraton","url":"https:\/\/donbaraton.es\/","logo":{"@type":"ImageObject","inLanguage":"ru-RU","@id":"https:\/\/donbaraton.es\/#\/schema\/logo\/image\/","url":"https:\/\/i0.wp.com\/donbaraton.es\/wp-content\/uploads\/2016\/11\/logo_don_baraton.png?fit=228%2C110&ssl=1","contentUrl":"https:\/\/i0.wp.com\/donbaraton.es\/wp-content\/uploads\/2016\/11\/logo_don_baraton.png?fit=228%2C110&ssl=1","width":228,"height":110,"caption":"Don Baraton"},"image":{"@id":"https:\/\/donbaraton.es\/#\/schema\/logo\/image\/"},"sameAs":["https:\/\/www.facebook.com\/donbaraton.es","https:\/\/x.com\/don_baraton","https:\/\/www.instagram.com\/donbaraton.es","https:\/\/www.linkedin.com\/company\/donbaraton\/","https:\/\/es.pinterest.com\/donbaraton\/","https:\/\/www.youtube.com\/channel\/UCL02HOwx-F759Jq5MedAZfQ"]}]}},"_links":{"self":[{"href":"https:\/\/donbaraton.es\/ru\/wp-json\/wp\/v2\/product\/7788","targetHints":{"allow":["GET"]}}],"collection":[{"href":"https:\/\/donbaraton.es\/ru\/wp-json\/wp\/v2\/product"}],"about":[{"href":"https:\/\/donbaraton.es\/ru\/wp-json\/wp\/v2\/types\/product"}],"replies":[{"embeddable":true,"href":"https:\/\/donbaraton.es\/ru\/wp-json\/wp\/v2\/comments?post=7788"}],"wp:featuredmedia":[{"embeddable":true,"href":"https:\/\/donbaraton.es\/ru\/wp-json\/wp\/v2\/media\/7765"}],"wp:attachment":[{"href":"https:\/\/donbaraton.es\/ru\/wp-json\/wp\/v2\/media?parent=7788"}],"wp:term":[{"taxonomy":"product_brand","embeddable":true,"href":"https:\/\/donbaraton.es\/ru\/wp-json\/wp\/v2\/product_brand?post=7788"},{"taxonomy":"product_cat","embeddable":true,"href":"https:\/\/donbaraton.es\/ru\/wp-json\/wp\/v2\/product_cat?post=7788"},{"taxonomy":"product_tag","embeddable":true,"href":"https:\/\/donbaraton.es\/ru\/wp-json\/wp\/v2\/product_tag?post=7788"}],"curies":[{"name":"wp","href":"https:\/\/api.w.org\/{rel}","templated":true}]}}