{"id":8098,"date":"2018-12-22T03:51:05","date_gmt":"2018-01-12T03:16:05","guid":{"rendered":"https:\/\/donbaraton.es\/producto\/uncategorized\/%d0%b4%d0%b2%d1%83%d1%85%d0%bc%d0%b5%d1%81%d1%82%d0%bd%d1%8b%d0%b9-%d1%8d%d0%bb%d0%b5%d0%ba%d1%82%d1%80%d0%b8%d1%87%d0%b5%d1%81%d0%ba%d0%b8%d0%b9-%d1%80%d0%b5%d0%ba%d0%bb%d0%b0%d0%b9%d0%bd%d0%b5%d1%80\/"},"modified":"2019-04-30T12:03:55","modified_gmt":"2019-04-30T10:03:55","slug":"%d0%b4%d0%b2%d1%83%d1%85%d0%bc%d0%b5%d1%81%d1%82%d0%bd%d1%8b%d0%b9-%d1%8d%d0%bb%d0%b5%d0%ba%d1%82%d1%80%d0%b8%d1%87%d0%b5%d1%81%d0%ba%d0%b8%d0%b9-%d1%80%d0%b5%d0%ba%d0%bb%d0%b0%d0%b9%d0%bd%d0%b5%d1%80","status":"publish","type":"product","link":"https:\/\/donbaraton.es\/ru\/p\/%d0%b4%d0%b2%d1%83%d1%85%d0%bc%d0%b5%d1%81%d1%82%d0%bd%d1%8b%d0%b9-%d1%8d%d0%bb%d0%b5%d0%ba%d1%82%d1%80%d0%b8%d1%87%d0%b5%d1%81%d0%ba%d0%b8%d0%b9-%d1%80%d0%b5%d0%ba%d0%bb%d0%b0%d0%b9%d0%bd%d0%b5%d1%80\/","title":{"rendered":"\u0414\u0432\u0443\u0445\u043c\u0435\u0441\u0442\u043d\u044b\u0439 \u044d\u043b\u0435\u043a\u0442\u0440\u0438\u0447\u0435\u0441\u043a\u0438\u0439 \u0440\u0435\u043a\u043b\u0430\u0439\u043d\u0435\u0440 &#8212; Hugo"},"content":{"rendered":"<p>\u0414\u0432\u0443\u0445\u043c\u0435\u0441\u0442\u043d\u044b\u0439 \u0440\u0435\u043a\u043b\u0430\u0439\u043d\u0435\u0440 c \u044d\u043b\u0435\u043a\u0442\u0440\u043e\u043c\u043e\u0442\u043e\u0440\u043e\u043c &#8212; Hugo. \u0422\u043a\u0430\u043d\u044c \u0442\u0451\u043c\u043d\u043e-\u043a\u043e\u0440\u0438\u0447\u043d\u0435\u0432\u043e\u0433\u043e \u0446\u0432\u0435\u0442\u0430. \u0420\u0435\u0433\u0443\u043b\u0438\u0440\u0443\u0435\u043c\u044b\u0435 \u043f\u043e\u0434\u0433\u043e\u043b\u043e\u0432\u043d\u0438\u043a\u0438. \u0420\u0430\u0437\u043c\u0435\u0440\u044b: \u0434\u043b\u0438\u043d\u0430 210 \u0441\u043c, \u0433\u043b\u0443\u0431\u0438\u043d\u0430 90 \u0441\u043c, \u0432\u044b\u0441\u043e\u0442\u0430 80 \u0441\u043c (\u0441 \u043e\u043f\u0443\u0449\u0435\u043d\u043d\u044b\u043c\u0438 \u043f\u043e\u0434\u0433\u043e\u043b\u043e\u0432\u043d\u0438\u043a\u0430\u043c\u0438), \u0432\u044b\u0441\u043e\u0442\u0430 100 \u0441\u043c (\u0441 \u043f\u043e\u0434\u043d\u044f\u0442\u044b\u043c\u0438 \u043f\u043e\u0434\u0433\u043e\u043b\u043e\u0432\u043d\u0438\u043a\u0430\u043c\u0438).<\/p>\n<p><iframe loading=\"lazy\" src=\"https:\/\/www.youtube.com\/embed\/hpfv6a69k6Q?rel=0\" width=\"560\" height=\"315\" frameborder=\"0\" allowfullscreen=\"allowfullscreen\"><\/iframe><\/p>\n","protected":false},"excerpt":{"rendered":"<p>\u0422\u043a\u0430\u043d\u044c \u0442\u0451\u043c\u043d\u043e-\u043a\u043e\u0440\u0438\u0447\u043d\u0435\u0432\u043e\u0433\u043e \u0446\u0432\u0435\u0442\u0430. \u042d\u043b\u0435\u043a\u0442\u0440\u043e\u043c\u043e\u0442\u043e\u0440. \u0420\u0435\u0433\u0443\u043b\u0438\u0440\u0443\u0435\u043c\u044b\u0435 \u043f\u043e\u0434\u0433\u043e\u043b\u043e\u0432\u043d\u0438\u043a\u0438. \u0420\u0430\u0437\u043c\u0435\u0440\u044b: \u0434\u043b\u0438\u043d\u0430 210 \u0441\u043c, \u0433\u043b\u0443\u0431\u0438\u043d\u0430 90 \u0441\u043c, \u0432\u044b\u0441\u043e\u0442\u0430 80 \u0441\u043c (\u0441 \u043e\u043f\u0443\u0449\u0435\u043d\u043d\u044b\u043c\u0438 \u043f\u043e\u0434\u0433\u043e\u043b\u043e\u0432\u043d\u0438\u043a\u0430\u043c\u0438), \u0432\u044b\u0441\u043e\u0442\u0430 100 \u0441\u043c (\u0441 \u043f\u043e\u0434\u043d\u044f\u0442\u044b\u043c\u0438 \u043f\u043e\u0434\u0433\u043e\u043b\u043e\u0432\u043d\u0438\u043a\u0430\u043c\u0438).<\/p>\n","protected":false},"featured_media":13086,"comment_status":"closed","ping_status":"closed","template":"","meta":{"_et_pb_use_builder":"","_et_pb_old_content":"","_et_gb_content_width":""},"product_brand":[],"product_cat":[36],"product_tag":[],"class_list":{"0":"post-8098","1":"product","2":"type-product","3":"status-publish","4":"has-post-thumbnail","6":"product_cat-36","7":"product_shipping_class-articulos-pesados","8":"pa_largo-divany-201-250-cm","9":"pa_material-101","10":"pa_plazas-150","12":"first","13":"outofstock","14":"sale","15":"taxable","16":"shipping-taxable","17":"purchasable","18":"product-type-simple"},"yoast_head":"<!-- This site is optimized with the Yoast SEO plugin v27.2 - https:\/\/yoast.com\/product\/yoast-seo-wordpress\/ -->\n<title>\u0414\u0432\u0443\u0445\u043c\u0435\u0441\u0442\u043d\u044b\u0439 \u044d\u043b\u0435\u043a\u0442\u0440\u0438\u0447\u0435\u0441\u043a\u0438\u0439 \u0440\u0435\u043a\u043b\u0430\u0439\u043d\u0435\u0440 - Hugo - Don Baraton: tienda de sof\u00e1s, colchones y muebles<\/title>\n<meta name=\"robots\" content=\"index, follow, max-snippet:-1, max-image-preview:large, max-video-preview:-1\" \/>\n<link rel=\"canonical\" href=\"https:\/\/donbaraton.es\/ru\/p\/\u0434\u0432\u0443\u0445\u043c\u0435\u0441\u0442\u043d\u044b\u0439-\u044d\u043b\u0435\u043a\u0442\u0440\u0438\u0447\u0435\u0441\u043a\u0438\u0439-\u0440\u0435\u043a\u043b\u0430\u0439\u043d\u0435\u0440\/\" \/>\n<meta property=\"og:locale\" content=\"ru_RU\" \/>\n<meta property=\"og:type\" content=\"article\" \/>\n<meta property=\"og:title\" content=\"\u0414\u0432\u0443\u0445\u043c\u0435\u0441\u0442\u043d\u044b\u0439 \u044d\u043b\u0435\u043a\u0442\u0440\u0438\u0447\u0435\u0441\u043a\u0438\u0439 \u0440\u0435\u043a\u043b\u0430\u0439\u043d\u0435\u0440 - Hugo - Don Baraton: tienda de sof\u00e1s, colchones y muebles\" \/>\n<meta property=\"og:description\" content=\"\u0422\u043a\u0430\u043d\u044c \u0442\u0451\u043c\u043d\u043e-\u043a\u043e\u0440\u0438\u0447\u043d\u0435\u0432\u043e\u0433\u043e \u0446\u0432\u0435\u0442\u0430. \u042d\u043b\u0435\u043a\u0442\u0440\u043e\u043c\u043e\u0442\u043e\u0440. \u0420\u0435\u0433\u0443\u043b\u0438\u0440\u0443\u0435\u043c\u044b\u0435 \u043f\u043e\u0434\u0433\u043e\u043b\u043e\u0432\u043d\u0438\u043a\u0438. \u0420\u0430\u0437\u043c\u0435\u0440\u044b: \u0434\u043b\u0438\u043d\u0430 210 \u0441\u043c, \u0433\u043b\u0443\u0431\u0438\u043d\u0430 90 \u0441\u043c, \u0432\u044b\u0441\u043e\u0442\u0430 80 \u0441\u043c (\u0441 \u043e\u043f\u0443\u0449\u0435\u043d\u043d\u044b\u043c\u0438 \u043f\u043e\u0434\u0433\u043e\u043b\u043e\u0432\u043d\u0438\u043a\u0430\u043c\u0438), \u0432\u044b\u0441\u043e\u0442\u0430 100 \u0441\u043c (\u0441 \u043f\u043e\u0434\u043d\u044f\u0442\u044b\u043c\u0438 \u043f\u043e\u0434\u0433\u043e\u043b\u043e\u0432\u043d\u0438\u043a\u0430\u043c\u0438).\" \/>\n<meta property=\"og:url\" content=\"https:\/\/donbaraton.es\/ru\/p\/\u0434\u0432\u0443\u0445\u043c\u0435\u0441\u0442\u043d\u044b\u0439-\u044d\u043b\u0435\u043a\u0442\u0440\u0438\u0447\u0435\u0441\u043a\u0438\u0439-\u0440\u0435\u043a\u043b\u0430\u0439\u043d\u0435\u0440\/\" \/>\n<meta property=\"og:site_name\" content=\"Don Baraton: tienda de sof\u00e1s, colchones y muebles\" \/>\n<meta property=\"article:publisher\" content=\"https:\/\/www.facebook.com\/donbaraton.es\" \/>\n<meta property=\"article:modified_time\" content=\"2019-04-30T10:03:55+00:00\" \/>\n<meta property=\"og:image\" content=\"https:\/\/i0.wp.com\/donbaraton.es\/wp-content\/uploads\/2018\/12\/Sof\u00e1-2-plazas-asientos-relax-Hugo.jpg?fit=1000%2C1000&ssl=1\" \/>\n\t<meta property=\"og:image:width\" content=\"1000\" \/>\n\t<meta property=\"og:image:height\" content=\"1000\" \/>\n\t<meta property=\"og:image:type\" content=\"image\/jpeg\" \/>\n<meta name=\"twitter:card\" content=\"summary_large_image\" \/>\n<meta name=\"twitter:site\" content=\"@don_baraton\" \/>\n<script type=\"application\/ld+json\" class=\"yoast-schema-graph\">{\"@context\":\"https:\/\/schema.org\",\"@graph\":[{\"@type\":\"WebPage\",\"@id\":\"https:\/\/donbaraton.es\/ru\/p\/%d0%b4%d0%b2%d1%83%d1%85%d0%bc%d0%b5%d1%81%d1%82%d0%bd%d1%8b%d0%b9-%d1%8d%d0%bb%d0%b5%d0%ba%d1%82%d1%80%d0%b8%d1%87%d0%b5%d1%81%d0%ba%d0%b8%d0%b9-%d1%80%d0%b5%d0%ba%d0%bb%d0%b0%d0%b9%d0%bd%d0%b5%d1%80\/\",\"url\":\"https:\/\/donbaraton.es\/ru\/p\/%d0%b4%d0%b2%d1%83%d1%85%d0%bc%d0%b5%d1%81%d1%82%d0%bd%d1%8b%d0%b9-%d1%8d%d0%bb%d0%b5%d0%ba%d1%82%d1%80%d0%b8%d1%87%d0%b5%d1%81%d0%ba%d0%b8%d0%b9-%d1%80%d0%b5%d0%ba%d0%bb%d0%b0%d0%b9%d0%bd%d0%b5%d1%80\/\",\"name\":\"\u0414\u0432\u0443\u0445\u043c\u0435\u0441\u0442\u043d\u044b\u0439 \u044d\u043b\u0435\u043a\u0442\u0440\u0438\u0447\u0435\u0441\u043a\u0438\u0439 \u0440\u0435\u043a\u043b\u0430\u0439\u043d\u0435\u0440 - Hugo - Don Baraton: tienda de sof\u00e1s, colchones y muebles\",\"isPartOf\":{\"@id\":\"https:\/\/donbaraton.es\/#website\"},\"primaryImageOfPage\":{\"@id\":\"https:\/\/donbaraton.es\/ru\/p\/%d0%b4%d0%b2%d1%83%d1%85%d0%bc%d0%b5%d1%81%d1%82%d0%bd%d1%8b%d0%b9-%d1%8d%d0%bb%d0%b5%d0%ba%d1%82%d1%80%d0%b8%d1%87%d0%b5%d1%81%d0%ba%d0%b8%d0%b9-%d1%80%d0%b5%d0%ba%d0%bb%d0%b0%d0%b9%d0%bd%d0%b5%d1%80\/#primaryimage\"},\"image\":{\"@id\":\"https:\/\/donbaraton.es\/ru\/p\/%d0%b4%d0%b2%d1%83%d1%85%d0%bc%d0%b5%d1%81%d1%82%d0%bd%d1%8b%d0%b9-%d1%8d%d0%bb%d0%b5%d0%ba%d1%82%d1%80%d0%b8%d1%87%d0%b5%d1%81%d0%ba%d0%b8%d0%b9-%d1%80%d0%b5%d0%ba%d0%bb%d0%b0%d0%b9%d0%bd%d0%b5%d1%80\/#primaryimage\"},\"thumbnailUrl\":\"https:\/\/donbaraton.es\/wp-content\/uploads\/2018\/12\/Sof\u00e1-2-plazas-asientos-relax-Hugo.jpg\",\"datePublished\":\"2018-01-12T03:16:05+00:00\",\"dateModified\":\"2019-04-30T10:03:55+00:00\",\"breadcrumb\":{\"@id\":\"https:\/\/donbaraton.es\/ru\/p\/%d0%b4%d0%b2%d1%83%d1%85%d0%bc%d0%b5%d1%81%d1%82%d0%bd%d1%8b%d0%b9-%d1%8d%d0%bb%d0%b5%d0%ba%d1%82%d1%80%d0%b8%d1%87%d0%b5%d1%81%d0%ba%d0%b8%d0%b9-%d1%80%d0%b5%d0%ba%d0%bb%d0%b0%d0%b9%d0%bd%d0%b5%d1%80\/#breadcrumb\"},\"inLanguage\":\"ru-RU\",\"potentialAction\":[{\"@type\":\"ReadAction\",\"target\":[\"https:\/\/donbaraton.es\/ru\/p\/%d0%b4%d0%b2%d1%83%d1%85%d0%bc%d0%b5%d1%81%d1%82%d0%bd%d1%8b%d0%b9-%d1%8d%d0%bb%d0%b5%d0%ba%d1%82%d1%80%d0%b8%d1%87%d0%b5%d1%81%d0%ba%d0%b8%d0%b9-%d1%80%d0%b5%d0%ba%d0%bb%d0%b0%d0%b9%d0%bd%d0%b5%d1%80\/\"]}]},{\"@type\":\"ImageObject\",\"inLanguage\":\"ru-RU\",\"@id\":\"https:\/\/donbaraton.es\/ru\/p\/%d0%b4%d0%b2%d1%83%d1%85%d0%bc%d0%b5%d1%81%d1%82%d0%bd%d1%8b%d0%b9-%d1%8d%d0%bb%d0%b5%d0%ba%d1%82%d1%80%d0%b8%d1%87%d0%b5%d1%81%d0%ba%d0%b8%d0%b9-%d1%80%d0%b5%d0%ba%d0%bb%d0%b0%d0%b9%d0%bd%d0%b5%d1%80\/#primaryimage\",\"url\":\"https:\/\/donbaraton.es\/wp-content\/uploads\/2018\/12\/Sof\u00e1-2-plazas-asientos-relax-Hugo.jpg\",\"contentUrl\":\"https:\/\/donbaraton.es\/wp-content\/uploads\/2018\/12\/Sof\u00e1-2-plazas-asientos-relax-Hugo.jpg\",\"width\":1000,\"height\":1000,\"caption\":\"\u0414\u0432\u0443\u0445\u043c\u0435\u0441\u0442\u043d\u044b\u0439 \u044d\u043b\u0435\u043a\u0442\u0440\u0438\u0447\u0435\u0441\u043a\u0438\u0439 \u0440\u0435\u043a\u043b\u0430\u0439\u043d\u0435\u0440 - Hugo\"},{\"@type\":\"BreadcrumbList\",\"@id\":\"https:\/\/donbaraton.es\/ru\/p\/%d0%b4%d0%b2%d1%83%d1%85%d0%bc%d0%b5%d1%81%d1%82%d0%bd%d1%8b%d0%b9-%d1%8d%d0%bb%d0%b5%d0%ba%d1%82%d1%80%d0%b8%d1%87%d0%b5%d1%81%d0%ba%d0%b8%d0%b9-%d1%80%d0%b5%d0%ba%d0%bb%d0%b0%d0%b9%d0%bd%d0%b5%d1%80\/#breadcrumb\",\"itemListElement\":[{\"@type\":\"ListItem\",\"position\":1,\"name\":\"Portada\",\"item\":\"https:\/\/donbaraton.es\/ru\/\"},{\"@type\":\"ListItem\",\"position\":2,\"name\":\"\u0418\u043d\u0442\u0435\u0440\u043d\u0435\u0442-\u043c\u0430\u0433\u0430\u0437\u0438\u043d\",\"item\":\"https:\/\/donbaraton.es\/ru\/%d0%bc%d0%b0%d0%b3%d0%b0%d0%b7%d0%b8%d0%bd\/\"},{\"@type\":\"ListItem\",\"position\":3,\"name\":\"\u0414\u0432\u0443\u0445\u043c\u0435\u0441\u0442\u043d\u044b\u0439 \u044d\u043b\u0435\u043a\u0442\u0440\u0438\u0447\u0435\u0441\u043a\u0438\u0439 \u0440\u0435\u043a\u043b\u0430\u0439\u043d\u0435\u0440 &#8212; Hugo\"}]},{\"@type\":\"WebSite\",\"@id\":\"https:\/\/donbaraton.es\/#website\",\"url\":\"https:\/\/donbaraton.es\/\",\"name\":\"Don Baraton: tienda de sof\u00e1s, colchones y muebles\",\"description\":\"Venta de sof\u00e1s rinconeras, chaise longue, camas y conjuntos de sof\u00e1s\",\"publisher\":{\"@id\":\"https:\/\/donbaraton.es\/#organization\"},\"potentialAction\":[{\"@type\":\"SearchAction\",\"target\":{\"@type\":\"EntryPoint\",\"urlTemplate\":\"https:\/\/donbaraton.es\/?s={search_term_string}\"},\"query-input\":{\"@type\":\"PropertyValueSpecification\",\"valueRequired\":true,\"valueName\":\"search_term_string\"}}],\"inLanguage\":\"ru-RU\"},{\"@type\":\"Organization\",\"@id\":\"https:\/\/donbaraton.es\/#organization\",\"name\":\"Don Baraton\",\"url\":\"https:\/\/donbaraton.es\/\",\"logo\":{\"@type\":\"ImageObject\",\"inLanguage\":\"ru-RU\",\"@id\":\"https:\/\/donbaraton.es\/#\/schema\/logo\/image\/\",\"url\":\"https:\/\/i0.wp.com\/donbaraton.es\/wp-content\/uploads\/2016\/11\/logo_don_baraton.png?fit=228%2C110&ssl=1\",\"contentUrl\":\"https:\/\/i0.wp.com\/donbaraton.es\/wp-content\/uploads\/2016\/11\/logo_don_baraton.png?fit=228%2C110&ssl=1\",\"width\":228,\"height\":110,\"caption\":\"Don Baraton\"},\"image\":{\"@id\":\"https:\/\/donbaraton.es\/#\/schema\/logo\/image\/\"},\"sameAs\":[\"https:\/\/www.facebook.com\/donbaraton.es\",\"https:\/\/x.com\/don_baraton\",\"https:\/\/www.instagram.com\/donbaraton.es\",\"https:\/\/www.linkedin.com\/company\/donbaraton\/\",\"https:\/\/es.pinterest.com\/donbaraton\/\",\"https:\/\/www.youtube.com\/channel\/UCL02HOwx-F759Jq5MedAZfQ\"]}]}<\/script>\n<!-- \/ Yoast SEO plugin. -->","yoast_head_json":{"title":"\u0414\u0432\u0443\u0445\u043c\u0435\u0441\u0442\u043d\u044b\u0439 \u044d\u043b\u0435\u043a\u0442\u0440\u0438\u0447\u0435\u0441\u043a\u0438\u0439 \u0440\u0435\u043a\u043b\u0430\u0439\u043d\u0435\u0440 - Hugo - Don Baraton: tienda de sof\u00e1s, colchones y muebles","robots":{"index":"index","follow":"follow","max-snippet":"max-snippet:-1","max-image-preview":"max-image-preview:large","max-video-preview":"max-video-preview:-1"},"canonical":"https:\/\/donbaraton.es\/ru\/p\/\u0434\u0432\u0443\u0445\u043c\u0435\u0441\u0442\u043d\u044b\u0439-\u044d\u043b\u0435\u043a\u0442\u0440\u0438\u0447\u0435\u0441\u043a\u0438\u0439-\u0440\u0435\u043a\u043b\u0430\u0439\u043d\u0435\u0440\/","og_locale":"ru_RU","og_type":"article","og_title":"\u0414\u0432\u0443\u0445\u043c\u0435\u0441\u0442\u043d\u044b\u0439 \u044d\u043b\u0435\u043a\u0442\u0440\u0438\u0447\u0435\u0441\u043a\u0438\u0439 \u0440\u0435\u043a\u043b\u0430\u0439\u043d\u0435\u0440 - Hugo - Don Baraton: tienda de sof\u00e1s, colchones y muebles","og_description":"\u0422\u043a\u0430\u043d\u044c \u0442\u0451\u043c\u043d\u043e-\u043a\u043e\u0440\u0438\u0447\u043d\u0435\u0432\u043e\u0433\u043e \u0446\u0432\u0435\u0442\u0430. \u042d\u043b\u0435\u043a\u0442\u0440\u043e\u043c\u043e\u0442\u043e\u0440. \u0420\u0435\u0433\u0443\u043b\u0438\u0440\u0443\u0435\u043c\u044b\u0435 \u043f\u043e\u0434\u0433\u043e\u043b\u043e\u0432\u043d\u0438\u043a\u0438. \u0420\u0430\u0437\u043c\u0435\u0440\u044b: \u0434\u043b\u0438\u043d\u0430 210 \u0441\u043c, \u0433\u043b\u0443\u0431\u0438\u043d\u0430 90 \u0441\u043c, \u0432\u044b\u0441\u043e\u0442\u0430 80 \u0441\u043c (\u0441 \u043e\u043f\u0443\u0449\u0435\u043d\u043d\u044b\u043c\u0438 \u043f\u043e\u0434\u0433\u043e\u043b\u043e\u0432\u043d\u0438\u043a\u0430\u043c\u0438), \u0432\u044b\u0441\u043e\u0442\u0430 100 \u0441\u043c (\u0441 \u043f\u043e\u0434\u043d\u044f\u0442\u044b\u043c\u0438 \u043f\u043e\u0434\u0433\u043e\u043b\u043e\u0432\u043d\u0438\u043a\u0430\u043c\u0438).","og_url":"https:\/\/donbaraton.es\/ru\/p\/\u0434\u0432\u0443\u0445\u043c\u0435\u0441\u0442\u043d\u044b\u0439-\u044d\u043b\u0435\u043a\u0442\u0440\u0438\u0447\u0435\u0441\u043a\u0438\u0439-\u0440\u0435\u043a\u043b\u0430\u0439\u043d\u0435\u0440\/","og_site_name":"Don Baraton: tienda de sof\u00e1s, colchones y muebles","article_publisher":"https:\/\/www.facebook.com\/donbaraton.es","article_modified_time":"2019-04-30T10:03:55+00:00","og_image":[{"width":1000,"height":1000,"url":"https:\/\/i0.wp.com\/donbaraton.es\/wp-content\/uploads\/2018\/12\/Sof\u00e1-2-plazas-asientos-relax-Hugo.jpg?fit=1000%2C1000&ssl=1","type":"image\/jpeg"}],"twitter_card":"summary_large_image","twitter_site":"@don_baraton","schema":{"@context":"https:\/\/schema.org","@graph":[{"@type":"WebPage","@id":"https:\/\/donbaraton.es\/ru\/p\/%d0%b4%d0%b2%d1%83%d1%85%d0%bc%d0%b5%d1%81%d1%82%d0%bd%d1%8b%d0%b9-%d1%8d%d0%bb%d0%b5%d0%ba%d1%82%d1%80%d0%b8%d1%87%d0%b5%d1%81%d0%ba%d0%b8%d0%b9-%d1%80%d0%b5%d0%ba%d0%bb%d0%b0%d0%b9%d0%bd%d0%b5%d1%80\/","url":"https:\/\/donbaraton.es\/ru\/p\/%d0%b4%d0%b2%d1%83%d1%85%d0%bc%d0%b5%d1%81%d1%82%d0%bd%d1%8b%d0%b9-%d1%8d%d0%bb%d0%b5%d0%ba%d1%82%d1%80%d0%b8%d1%87%d0%b5%d1%81%d0%ba%d0%b8%d0%b9-%d1%80%d0%b5%d0%ba%d0%bb%d0%b0%d0%b9%d0%bd%d0%b5%d1%80\/","name":"\u0414\u0432\u0443\u0445\u043c\u0435\u0441\u0442\u043d\u044b\u0439 \u044d\u043b\u0435\u043a\u0442\u0440\u0438\u0447\u0435\u0441\u043a\u0438\u0439 \u0440\u0435\u043a\u043b\u0430\u0439\u043d\u0435\u0440 - Hugo - Don Baraton: tienda de sof\u00e1s, colchones y muebles","isPartOf":{"@id":"https:\/\/donbaraton.es\/#website"},"primaryImageOfPage":{"@id":"https:\/\/donbaraton.es\/ru\/p\/%d0%b4%d0%b2%d1%83%d1%85%d0%bc%d0%b5%d1%81%d1%82%d0%bd%d1%8b%d0%b9-%d1%8d%d0%bb%d0%b5%d0%ba%d1%82%d1%80%d0%b8%d1%87%d0%b5%d1%81%d0%ba%d0%b8%d0%b9-%d1%80%d0%b5%d0%ba%d0%bb%d0%b0%d0%b9%d0%bd%d0%b5%d1%80\/#primaryimage"},"image":{"@id":"https:\/\/donbaraton.es\/ru\/p\/%d0%b4%d0%b2%d1%83%d1%85%d0%bc%d0%b5%d1%81%d1%82%d0%bd%d1%8b%d0%b9-%d1%8d%d0%bb%d0%b5%d0%ba%d1%82%d1%80%d0%b8%d1%87%d0%b5%d1%81%d0%ba%d0%b8%d0%b9-%d1%80%d0%b5%d0%ba%d0%bb%d0%b0%d0%b9%d0%bd%d0%b5%d1%80\/#primaryimage"},"thumbnailUrl":"https:\/\/donbaraton.es\/wp-content\/uploads\/2018\/12\/Sof\u00e1-2-plazas-asientos-relax-Hugo.jpg","datePublished":"2018-01-12T03:16:05+00:00","dateModified":"2019-04-30T10:03:55+00:00","breadcrumb":{"@id":"https:\/\/donbaraton.es\/ru\/p\/%d0%b4%d0%b2%d1%83%d1%85%d0%bc%d0%b5%d1%81%d1%82%d0%bd%d1%8b%d0%b9-%d1%8d%d0%bb%d0%b5%d0%ba%d1%82%d1%80%d0%b8%d1%87%d0%b5%d1%81%d0%ba%d0%b8%d0%b9-%d1%80%d0%b5%d0%ba%d0%bb%d0%b0%d0%b9%d0%bd%d0%b5%d1%80\/#breadcrumb"},"inLanguage":"ru-RU","potentialAction":[{"@type":"ReadAction","target":["https:\/\/donbaraton.es\/ru\/p\/%d0%b4%d0%b2%d1%83%d1%85%d0%bc%d0%b5%d1%81%d1%82%d0%bd%d1%8b%d0%b9-%d1%8d%d0%bb%d0%b5%d0%ba%d1%82%d1%80%d0%b8%d1%87%d0%b5%d1%81%d0%ba%d0%b8%d0%b9-%d1%80%d0%b5%d0%ba%d0%bb%d0%b0%d0%b9%d0%bd%d0%b5%d1%80\/"]}]},{"@type":"ImageObject","inLanguage":"ru-RU","@id":"https:\/\/donbaraton.es\/ru\/p\/%d0%b4%d0%b2%d1%83%d1%85%d0%bc%d0%b5%d1%81%d1%82%d0%bd%d1%8b%d0%b9-%d1%8d%d0%bb%d0%b5%d0%ba%d1%82%d1%80%d0%b8%d1%87%d0%b5%d1%81%d0%ba%d0%b8%d0%b9-%d1%80%d0%b5%d0%ba%d0%bb%d0%b0%d0%b9%d0%bd%d0%b5%d1%80\/#primaryimage","url":"https:\/\/donbaraton.es\/wp-content\/uploads\/2018\/12\/Sof\u00e1-2-plazas-asientos-relax-Hugo.jpg","contentUrl":"https:\/\/donbaraton.es\/wp-content\/uploads\/2018\/12\/Sof\u00e1-2-plazas-asientos-relax-Hugo.jpg","width":1000,"height":1000,"caption":"\u0414\u0432\u0443\u0445\u043c\u0435\u0441\u0442\u043d\u044b\u0439 \u044d\u043b\u0435\u043a\u0442\u0440\u0438\u0447\u0435\u0441\u043a\u0438\u0439 \u0440\u0435\u043a\u043b\u0430\u0439\u043d\u0435\u0440 - Hugo"},{"@type":"BreadcrumbList","@id":"https:\/\/donbaraton.es\/ru\/p\/%d0%b4%d0%b2%d1%83%d1%85%d0%bc%d0%b5%d1%81%d1%82%d0%bd%d1%8b%d0%b9-%d1%8d%d0%bb%d0%b5%d0%ba%d1%82%d1%80%d0%b8%d1%87%d0%b5%d1%81%d0%ba%d0%b8%d0%b9-%d1%80%d0%b5%d0%ba%d0%bb%d0%b0%d0%b9%d0%bd%d0%b5%d1%80\/#breadcrumb","itemListElement":[{"@type":"ListItem","position":1,"name":"Portada","item":"https:\/\/donbaraton.es\/ru\/"},{"@type":"ListItem","position":2,"name":"\u0418\u043d\u0442\u0435\u0440\u043d\u0435\u0442-\u043c\u0430\u0433\u0430\u0437\u0438\u043d","item":"https:\/\/donbaraton.es\/ru\/%d0%bc%d0%b0%d0%b3%d0%b0%d0%b7%d0%b8%d0%bd\/"},{"@type":"ListItem","position":3,"name":"\u0414\u0432\u0443\u0445\u043c\u0435\u0441\u0442\u043d\u044b\u0439 \u044d\u043b\u0435\u043a\u0442\u0440\u0438\u0447\u0435\u0441\u043a\u0438\u0439 \u0440\u0435\u043a\u043b\u0430\u0439\u043d\u0435\u0440 &#8212; Hugo"}]},{"@type":"WebSite","@id":"https:\/\/donbaraton.es\/#website","url":"https:\/\/donbaraton.es\/","name":"Don Baraton: tienda de sof\u00e1s, colchones y muebles","description":"Venta de sof\u00e1s rinconeras, chaise longue, camas y conjuntos de sof\u00e1s","publisher":{"@id":"https:\/\/donbaraton.es\/#organization"},"potentialAction":[{"@type":"SearchAction","target":{"@type":"EntryPoint","urlTemplate":"https:\/\/donbaraton.es\/?s={search_term_string}"},"query-input":{"@type":"PropertyValueSpecification","valueRequired":true,"valueName":"search_term_string"}}],"inLanguage":"ru-RU"},{"@type":"Organization","@id":"https:\/\/donbaraton.es\/#organization","name":"Don Baraton","url":"https:\/\/donbaraton.es\/","logo":{"@type":"ImageObject","inLanguage":"ru-RU","@id":"https:\/\/donbaraton.es\/#\/schema\/logo\/image\/","url":"https:\/\/i0.wp.com\/donbaraton.es\/wp-content\/uploads\/2016\/11\/logo_don_baraton.png?fit=228%2C110&ssl=1","contentUrl":"https:\/\/i0.wp.com\/donbaraton.es\/wp-content\/uploads\/2016\/11\/logo_don_baraton.png?fit=228%2C110&ssl=1","width":228,"height":110,"caption":"Don Baraton"},"image":{"@id":"https:\/\/donbaraton.es\/#\/schema\/logo\/image\/"},"sameAs":["https:\/\/www.facebook.com\/donbaraton.es","https:\/\/x.com\/don_baraton","https:\/\/www.instagram.com\/donbaraton.es","https:\/\/www.linkedin.com\/company\/donbaraton\/","https:\/\/es.pinterest.com\/donbaraton\/","https:\/\/www.youtube.com\/channel\/UCL02HOwx-F759Jq5MedAZfQ"]}]}},"_links":{"self":[{"href":"https:\/\/donbaraton.es\/ru\/wp-json\/wp\/v2\/product\/8098","targetHints":{"allow":["GET"]}}],"collection":[{"href":"https:\/\/donbaraton.es\/ru\/wp-json\/wp\/v2\/product"}],"about":[{"href":"https:\/\/donbaraton.es\/ru\/wp-json\/wp\/v2\/types\/product"}],"replies":[{"embeddable":true,"href":"https:\/\/donbaraton.es\/ru\/wp-json\/wp\/v2\/comments?post=8098"}],"wp:featuredmedia":[{"embeddable":true,"href":"https:\/\/donbaraton.es\/ru\/wp-json\/wp\/v2\/media\/13086"}],"wp:attachment":[{"href":"https:\/\/donbaraton.es\/ru\/wp-json\/wp\/v2\/media?parent=8098"}],"wp:term":[{"taxonomy":"product_brand","embeddable":true,"href":"https:\/\/donbaraton.es\/ru\/wp-json\/wp\/v2\/product_brand?post=8098"},{"taxonomy":"product_cat","embeddable":true,"href":"https:\/\/donbaraton.es\/ru\/wp-json\/wp\/v2\/product_cat?post=8098"},{"taxonomy":"product_tag","embeddable":true,"href":"https:\/\/donbaraton.es\/ru\/wp-json\/wp\/v2\/product_tag?post=8098"}],"curies":[{"name":"wp","href":"https:\/\/api.w.org\/{rel}","templated":true}]}}