{"id":8539,"date":"2020-02-29T23:59:38","date_gmt":"2018-02-11T02:00:03","guid":{"rendered":"https:\/\/donbaraton.es\/?post_type=product&#038;p=8539"},"modified":"2023-01-07T02:26:04","modified_gmt":"2023-01-07T01:26:04","slug":"%d1%83%d0%b3%d0%bb%d0%be%d0%b2%d0%be%d0%b9-%d0%b4%d0%b8%d0%b2%d0%b0%d0%bd-%d0%ba%d1%80%d0%be%d0%b2%d0%b0%d1%82%d1%8c-fiji","status":"publish","type":"product","link":"https:\/\/donbaraton.es\/ru\/p\/%d1%83%d0%b3%d0%bb%d0%be%d0%b2%d0%be%d0%b9-%d0%b4%d0%b8%d0%b2%d0%b0%d0%bd-%d0%ba%d1%80%d0%be%d0%b2%d0%b0%d1%82%d1%8c-fiji\/","title":{"rendered":"\u0423\u0433\u043b\u043e\u0432\u043e\u0439 \u0434\u0438\u0432\u0430\u043d-\u043a\u0440\u043e\u0432\u0430\u0442\u044c \u0441 \u043e\u0442\u0434\u0435\u043b\u0435\u043d\u0438\u0435\u043c \u0434\u043b\u044f \u0445\u0440\u0430\u043d\u0435\u043d\u0438\u044f &#8212; Fiji"},"content":{"rendered":"<p><strong>\u0423\u0433\u043b\u043e\u0432\u043e\u0439 \u0434\u0438\u0432\u0430\u043d-\u043a\u0440\u043e\u0432\u0430\u0442\u044c \u0441 \u043e\u0442\u0434\u0435\u043b\u0435\u043d\u0438\u0435\u043c \u0434\u043b\u044f \u0445\u0440\u0430\u043d\u0435\u043d\u0438\u044f &#8212; Fiji<\/strong><\/p>\n<p>\u041e\u0431\u0438\u0432\u043a\u0430 \u0434\u0438\u0432\u0430\u043d\u0430 \u0438\u0437 \u0441\u0435\u0440\u043e\u0439 \u0442\u043a\u0430\u043d\u0438 \u0438 \u0431\u0435\u043b\u043e\u0439 \u0438\u0441\u043a\u0443\u0441\u0441\u0442\u0432\u0435\u043d\u043d\u043e\u0439 \u043a\u043e\u0436\u0438. \u0422\u0440\u0438 \u043f\u043e\u0434\u0443\u0448\u043a\u0438 \u044f\u0440\u043a\u0438\u0445 \u0446\u0432\u0435\u0442\u043e\u0432 \u0432 \u043a\u043e\u043c\u043f\u043b\u0435\u043a\u0442\u0435. \u041e\u0442\u0434\u0435\u043b\u0435\u043d\u0438\u0435 \u0434\u043b\u044f \u0445\u0440\u0430\u043d\u0435\u043d\u0438\u044f \u043f\u043e\u0434 \u0441\u0438\u0434\u0435\u043d\u044c\u0435\u043c. \u0414\u0432\u0430 \u0440\u0435\u0433\u0443\u043b\u0438\u0440\u0443\u0435\u043c\u044b\u0445 \u043f\u043e\u0434\u0433\u043e\u043b\u043e\u0432\u043d\u0438\u043a\u0430. \u0425\u0440\u043e\u043c\u0438\u0440\u043e\u0432\u0430\u043d\u043d\u044b\u0435 \u043d\u043e\u0436\u043a\u0438.<\/p>\n<p><strong>\u0420\u0430\u0437\u043c\u0435\u0440\u044b:<\/strong> \u0434\u043b\u0438\u043d\u0430 211 \u0441\u043c \u0438 262 \u0441\u043c, \u0432\u044b\u0441\u043e\u0442\u0430 77 \u0441\u043c. <strong>\u0420\u0430\u0437\u043c\u0435\u0440\u044b \u043a\u0440\u043e\u0432\u0430\u0442\u0438 \u0432 \u0440\u0430\u0437\u043b\u043e\u0436\u0435\u043d\u043d\u043e\u043c \u0441\u043e\u0441\u0442\u043e\u044f\u043d\u0438\u0438:<\/strong> 124 x 208 \u0441\u043c<\/p>\n<p><strong>\u0412\u0438\u0434\u0435\u043e \u0434\u0438\u0432\u0430\u043d\u0430 \u0441\u043e \u0441\u043a\u043b\u0430\u0434\u0430:<\/strong><br \/>\n<iframe loading=\"lazy\" src=\"https:\/\/www.youtube.com\/embed\/zwQA49NjQlY?rel=0\" width=\"560\" height=\"315\" frameborder=\"0\" allowfullscreen=\"allowfullscreen\"><\/iframe><\/p>\n","protected":false},"excerpt":{"rendered":"<ul>\n<li>\u0421\u0435\u0440\u0430\u044f \u0442\u043a\u0430\u043d\u044c \u0438 \u0431\u0435\u043b\u0430\u044f \u0438\u0441\u043a\u0443\u0441\u0441\u0442\u0432\u0435\u043d\u043d\u0430\u044f \u043a\u043e\u0436\u0430<\/li>\n<li>\u0420\u0430\u0441\u043a\u043b\u0430\u0434\u043d\u0430\u044f \u043a\u0440\u043e\u0432\u0430\u0442\u044c 124 x 208 \u0441\u043c<\/li>\n<li>\u041e\u0442\u0434\u0435\u043b\u0435\u043d\u0438\u0435 \u0445\u0440\u0430\u043d\u0435\u043d\u0438\u044f \u0434\u043b\u044f \u0431\u0435\u043b\u044c\u044f \u043f\u043e\u0434 \u0441\u0438\u0434\u0435\u043d\u044c\u0435\u043c<\/li>\n<li>\u0422\u0440\u0438 \u043f\u043e\u0434\u0443\u0448\u043a\u0438 \u044f\u0440\u043a\u0438\u0445 \u0446\u0432\u0435\u0442\u043e\u0432 \u0432 \u043a\u043e\u043c\u043f\u043b\u0435\u043a\u0442\u0435<\/li>\n<li>\u0425\u0440\u043e\u043c\u0438\u0440\u043e\u0432\u0430\u043d\u043d\u044b\u0435 \u043d\u043e\u0436\u043a\u0438<\/li>\n<li>\u0414\u0432\u0430 \u0440\u0435\u0433\u0443\u043b\u0438\u0440\u0443\u0435\u043c\u044b\u0445 \u043f\u043e\u0434\u0433\u043e\u043b\u043e\u0432\u043d\u0438\u043a\u0430<\/li>\n<\/ul>\n<p><strong>\u0420\u0430\u0437\u043c\u0435\u0440\u044b:<\/strong> \u0434\u043b\u0438\u043d\u0430 262 \u0438 211 \u0441\u043c, \u0432\u044b\u0441\u043e\u0442\u0430 77 \u0441\u043c<\/p>\n","protected":false},"featured_media":8523,"comment_status":"closed","ping_status":"closed","template":"","meta":{"_et_pb_use_builder":"","_et_pb_old_content":"","_et_gb_content_width":""},"product_brand":[],"product_cat":[36,42,109],"product_tag":[],"class_list":{"0":"post-8539","1":"product","2":"type-product","3":"status-publish","4":"has-post-thumbnail","6":"product_cat-36","7":"product_cat-42","8":"product_cat-109","9":"product_shipping_class-mas-de-20-kg-fabricacion-hasta-20-dias","10":"pa_lado-200","11":"pa_lado-199","12":"pa_largo-divany-251-300-cm","13":"pa_material-84","14":"pa_material-101","15":"pa_plazas-152","17":"first","18":"instock","19":"sale","20":"taxable","21":"shipping-taxable","22":"purchasable","23":"product-type-variable"},"yoast_head":"<!-- This site is optimized with the Yoast SEO plugin v27.2 - https:\/\/yoast.com\/product\/yoast-seo-wordpress\/ -->\n<title>\u0423\u0433\u043b\u043e\u0432\u043e\u0439 \u0434\u0438\u0432\u0430\u043d-\u043a\u0440\u043e\u0432\u0430\u0442\u044c \u0441 \u043e\u0442\u0434\u0435\u043b\u0435\u043d\u0438\u0435\u043c \u0434\u043b\u044f \u0445\u0440\u0430\u043d\u0435\u043d\u0438\u044f - Fiji - Don Baraton: tienda de sof\u00e1s, colchones y muebles<\/title>\n<meta name=\"robots\" content=\"index, follow, max-snippet:-1, max-image-preview:large, max-video-preview:-1\" \/>\n<link rel=\"canonical\" href=\"https:\/\/donbaraton.es\/ru\/p\/\u0443\u0433\u043b\u043e\u0432\u043e\u0439-\u0434\u0438\u0432\u0430\u043d-\u043a\u0440\u043e\u0432\u0430\u0442\u044c-fiji\/\" \/>\n<meta property=\"og:locale\" content=\"ru_RU\" \/>\n<meta property=\"og:type\" content=\"article\" \/>\n<meta property=\"og:title\" content=\"\u0423\u0433\u043b\u043e\u0432\u043e\u0439 \u0434\u0438\u0432\u0430\u043d-\u043a\u0440\u043e\u0432\u0430\u0442\u044c \u0441 \u043e\u0442\u0434\u0435\u043b\u0435\u043d\u0438\u0435\u043c \u0434\u043b\u044f \u0445\u0440\u0430\u043d\u0435\u043d\u0438\u044f - Fiji - Don Baraton: tienda de sof\u00e1s, colchones y muebles\" \/>\n<meta property=\"og:description\" content=\"\u0421\u0435\u0440\u0430\u044f \u0442\u043a\u0430\u043d\u044c \u0438 \u0431\u0435\u043b\u0430\u044f \u0438\u0441\u043a\u0443\u0441\u0441\u0442\u0432\u0435\u043d\u043d\u0430\u044f \u043a\u043e\u0436\u0430  \u0420\u0430\u0441\u043a\u043b\u0430\u0434\u043d\u0430\u044f \u043a\u0440\u043e\u0432\u0430\u0442\u044c 124 x 208 \u0441\u043c  \u041e\u0442\u0434\u0435\u043b\u0435\u043d\u0438\u0435 \u0445\u0440\u0430\u043d\u0435\u043d\u0438\u044f \u0434\u043b\u044f \u0431\u0435\u043b\u044c\u044f \u043f\u043e\u0434 \u0441\u0438\u0434\u0435\u043d\u044c\u0435\u043c  \u0422\u0440\u0438 \u043f\u043e\u0434\u0443\u0448\u043a\u0438 \u044f\u0440\u043a\u0438\u0445 \u0446\u0432\u0435\u0442\u043e\u0432 \u0432 \u043a\u043e\u043c\u043f\u043b\u0435\u043a\u0442\u0435  \u0425\u0440\u043e\u043c\u0438\u0440\u043e\u0432\u0430\u043d\u043d\u044b\u0435 \u043d\u043e\u0436\u043a\u0438  \u0414\u0432\u0430 \u0440\u0435\u0433\u0443\u043b\u0438\u0440\u0443\u0435\u043c\u044b\u0445 \u043f\u043e\u0434\u0433\u043e\u043b\u043e\u0432\u043d\u0438\u043a\u0430  \u0420\u0430\u0437\u043c\u0435\u0440\u044b: \u0434\u043b\u0438\u043d\u0430 262 \u0438 211 \u0441\u043c, \u0432\u044b\u0441\u043e\u0442\u0430 77 \u0441\u043c\" \/>\n<meta property=\"og:url\" content=\"https:\/\/donbaraton.es\/ru\/p\/\u0443\u0433\u043b\u043e\u0432\u043e\u0439-\u0434\u0438\u0432\u0430\u043d-\u043a\u0440\u043e\u0432\u0430\u0442\u044c-fiji\/\" \/>\n<meta property=\"og:site_name\" content=\"Don Baraton: tienda de sof\u00e1s, colchones y muebles\" \/>\n<meta property=\"article:publisher\" content=\"https:\/\/www.facebook.com\/donbaraton.es\" \/>\n<meta property=\"article:modified_time\" content=\"2023-01-07T01:26:04+00:00\" \/>\n<meta property=\"og:image\" content=\"https:\/\/i1.wp.com\/donbaraton.es\/wp-content\/uploads\/2018\/02\/Sof\u00e1-rinconera-gris-y-blanco-esquina-izquierda-Fiji.jpg?fit=1000%2C666&ssl=1\" \/>\n\t<meta property=\"og:image:width\" content=\"1000\" \/>\n\t<meta property=\"og:image:height\" content=\"666\" \/>\n\t<meta property=\"og:image:type\" content=\"image\/jpeg\" \/>\n<meta name=\"twitter:card\" content=\"summary_large_image\" \/>\n<meta name=\"twitter:site\" content=\"@don_baraton\" \/>\n<script type=\"application\/ld+json\" class=\"yoast-schema-graph\">{\"@context\":\"https:\/\/schema.org\",\"@graph\":[{\"@type\":\"WebPage\",\"@id\":\"https:\/\/donbaraton.es\/ru\/p\/%d1%83%d0%b3%d0%bb%d0%be%d0%b2%d0%be%d0%b9-%d0%b4%d0%b8%d0%b2%d0%b0%d0%bd-%d0%ba%d1%80%d0%be%d0%b2%d0%b0%d1%82%d1%8c-fiji\/\",\"url\":\"https:\/\/donbaraton.es\/ru\/p\/%d1%83%d0%b3%d0%bb%d0%be%d0%b2%d0%be%d0%b9-%d0%b4%d0%b8%d0%b2%d0%b0%d0%bd-%d0%ba%d1%80%d0%be%d0%b2%d0%b0%d1%82%d1%8c-fiji\/\",\"name\":\"\u0423\u0433\u043b\u043e\u0432\u043e\u0439 \u0434\u0438\u0432\u0430\u043d-\u043a\u0440\u043e\u0432\u0430\u0442\u044c \u0441 \u043e\u0442\u0434\u0435\u043b\u0435\u043d\u0438\u0435\u043c \u0434\u043b\u044f \u0445\u0440\u0430\u043d\u0435\u043d\u0438\u044f - Fiji - Don Baraton: tienda de sof\u00e1s, colchones y muebles\",\"isPartOf\":{\"@id\":\"https:\/\/donbaraton.es\/#website\"},\"primaryImageOfPage\":{\"@id\":\"https:\/\/donbaraton.es\/ru\/p\/%d1%83%d0%b3%d0%bb%d0%be%d0%b2%d0%be%d0%b9-%d0%b4%d0%b8%d0%b2%d0%b0%d0%bd-%d0%ba%d1%80%d0%be%d0%b2%d0%b0%d1%82%d1%8c-fiji\/#primaryimage\"},\"image\":{\"@id\":\"https:\/\/donbaraton.es\/ru\/p\/%d1%83%d0%b3%d0%bb%d0%be%d0%b2%d0%be%d0%b9-%d0%b4%d0%b8%d0%b2%d0%b0%d0%bd-%d0%ba%d1%80%d0%be%d0%b2%d0%b0%d1%82%d1%8c-fiji\/#primaryimage\"},\"thumbnailUrl\":\"https:\/\/donbaraton.es\/wp-content\/uploads\/2018\/02\/Sof\u00e1-rinconera-gris-y-blanco-esquina-izquierda-Fiji.jpg\",\"datePublished\":\"2018-02-11T02:00:03+00:00\",\"dateModified\":\"2023-01-07T01:26:04+00:00\",\"breadcrumb\":{\"@id\":\"https:\/\/donbaraton.es\/ru\/p\/%d1%83%d0%b3%d0%bb%d0%be%d0%b2%d0%be%d0%b9-%d0%b4%d0%b8%d0%b2%d0%b0%d0%bd-%d0%ba%d1%80%d0%be%d0%b2%d0%b0%d1%82%d1%8c-fiji\/#breadcrumb\"},\"inLanguage\":\"ru-RU\",\"potentialAction\":[{\"@type\":\"ReadAction\",\"target\":[\"https:\/\/donbaraton.es\/ru\/p\/%d1%83%d0%b3%d0%bb%d0%be%d0%b2%d0%be%d0%b9-%d0%b4%d0%b8%d0%b2%d0%b0%d0%bd-%d0%ba%d1%80%d0%be%d0%b2%d0%b0%d1%82%d1%8c-fiji\/\"]}]},{\"@type\":\"ImageObject\",\"inLanguage\":\"ru-RU\",\"@id\":\"https:\/\/donbaraton.es\/ru\/p\/%d1%83%d0%b3%d0%bb%d0%be%d0%b2%d0%be%d0%b9-%d0%b4%d0%b8%d0%b2%d0%b0%d0%bd-%d0%ba%d1%80%d0%be%d0%b2%d0%b0%d1%82%d1%8c-fiji\/#primaryimage\",\"url\":\"https:\/\/donbaraton.es\/wp-content\/uploads\/2018\/02\/Sof\u00e1-rinconera-gris-y-blanco-esquina-izquierda-Fiji.jpg\",\"contentUrl\":\"https:\/\/donbaraton.es\/wp-content\/uploads\/2018\/02\/Sof\u00e1-rinconera-gris-y-blanco-esquina-izquierda-Fiji.jpg\",\"width\":1000,\"height\":666,\"caption\":\"\u0423\u0433\u043b\u043e\u0432\u043e\u0439 \u0434\u0438\u0432\u0430\u043d-\u043a\u0440\u043e\u0432\u0430\u0442\u044c \u0441 \u043e\u0442\u0434\u0435\u043b\u0435\u043d\u0438\u0435\u043c \u0434\u043b\u044f \u0445\u0440\u0430\u043d\u0435\u043d\u0438\u044f. \u0421\u0435\u0440\u0430\u044f \u0442\u043a\u0430\u043d\u044c \u0438 \u0431\u0435\u043b\u0430\u044f \u0438\u0441\u043a\u0443\u0441\u0441\u0442\u0432\u0435\u043d\u043d\u0430\u044f \u043a\u043e\u0436\u0430. \u041b\u0435\u0432\u044b\u0439 \u0443\u0433\u043e\u043b - Fiji\"},{\"@type\":\"BreadcrumbList\",\"@id\":\"https:\/\/donbaraton.es\/ru\/p\/%d1%83%d0%b3%d0%bb%d0%be%d0%b2%d0%be%d0%b9-%d0%b4%d0%b8%d0%b2%d0%b0%d0%bd-%d0%ba%d1%80%d0%be%d0%b2%d0%b0%d1%82%d1%8c-fiji\/#breadcrumb\",\"itemListElement\":[{\"@type\":\"ListItem\",\"position\":1,\"name\":\"Portada\",\"item\":\"https:\/\/donbaraton.es\/ru\/\"},{\"@type\":\"ListItem\",\"position\":2,\"name\":\"\u0418\u043d\u0442\u0435\u0440\u043d\u0435\u0442-\u043c\u0430\u0433\u0430\u0437\u0438\u043d\",\"item\":\"https:\/\/donbaraton.es\/ru\/%d0%bc%d0%b0%d0%b3%d0%b0%d0%b7%d0%b8%d0%bd\/\"},{\"@type\":\"ListItem\",\"position\":3,\"name\":\"\u0423\u0433\u043b\u043e\u0432\u043e\u0439 \u0434\u0438\u0432\u0430\u043d-\u043a\u0440\u043e\u0432\u0430\u0442\u044c \u0441 \u043e\u0442\u0434\u0435\u043b\u0435\u043d\u0438\u0435\u043c \u0434\u043b\u044f \u0445\u0440\u0430\u043d\u0435\u043d\u0438\u044f &#8212; Fiji\"}]},{\"@type\":\"WebSite\",\"@id\":\"https:\/\/donbaraton.es\/#website\",\"url\":\"https:\/\/donbaraton.es\/\",\"name\":\"Don Baraton: tienda de sof\u00e1s, colchones y muebles\",\"description\":\"Venta de sof\u00e1s rinconeras, chaise longue, camas y conjuntos de sof\u00e1s\",\"publisher\":{\"@id\":\"https:\/\/donbaraton.es\/#organization\"},\"potentialAction\":[{\"@type\":\"SearchAction\",\"target\":{\"@type\":\"EntryPoint\",\"urlTemplate\":\"https:\/\/donbaraton.es\/?s={search_term_string}\"},\"query-input\":{\"@type\":\"PropertyValueSpecification\",\"valueRequired\":true,\"valueName\":\"search_term_string\"}}],\"inLanguage\":\"ru-RU\"},{\"@type\":\"Organization\",\"@id\":\"https:\/\/donbaraton.es\/#organization\",\"name\":\"Don Baraton\",\"url\":\"https:\/\/donbaraton.es\/\",\"logo\":{\"@type\":\"ImageObject\",\"inLanguage\":\"ru-RU\",\"@id\":\"https:\/\/donbaraton.es\/#\/schema\/logo\/image\/\",\"url\":\"https:\/\/i0.wp.com\/donbaraton.es\/wp-content\/uploads\/2016\/11\/logo_don_baraton.png?fit=228%2C110&ssl=1\",\"contentUrl\":\"https:\/\/i0.wp.com\/donbaraton.es\/wp-content\/uploads\/2016\/11\/logo_don_baraton.png?fit=228%2C110&ssl=1\",\"width\":228,\"height\":110,\"caption\":\"Don Baraton\"},\"image\":{\"@id\":\"https:\/\/donbaraton.es\/#\/schema\/logo\/image\/\"},\"sameAs\":[\"https:\/\/www.facebook.com\/donbaraton.es\",\"https:\/\/x.com\/don_baraton\",\"https:\/\/www.instagram.com\/donbaraton.es\",\"https:\/\/www.linkedin.com\/company\/donbaraton\/\",\"https:\/\/es.pinterest.com\/donbaraton\/\",\"https:\/\/www.youtube.com\/channel\/UCL02HOwx-F759Jq5MedAZfQ\"]}]}<\/script>\n<!-- \/ Yoast SEO plugin. -->","yoast_head_json":{"title":"\u0423\u0433\u043b\u043e\u0432\u043e\u0439 \u0434\u0438\u0432\u0430\u043d-\u043a\u0440\u043e\u0432\u0430\u0442\u044c \u0441 \u043e\u0442\u0434\u0435\u043b\u0435\u043d\u0438\u0435\u043c \u0434\u043b\u044f \u0445\u0440\u0430\u043d\u0435\u043d\u0438\u044f - Fiji - Don Baraton: tienda de sof\u00e1s, colchones y muebles","robots":{"index":"index","follow":"follow","max-snippet":"max-snippet:-1","max-image-preview":"max-image-preview:large","max-video-preview":"max-video-preview:-1"},"canonical":"https:\/\/donbaraton.es\/ru\/p\/\u0443\u0433\u043b\u043e\u0432\u043e\u0439-\u0434\u0438\u0432\u0430\u043d-\u043a\u0440\u043e\u0432\u0430\u0442\u044c-fiji\/","og_locale":"ru_RU","og_type":"article","og_title":"\u0423\u0433\u043b\u043e\u0432\u043e\u0439 \u0434\u0438\u0432\u0430\u043d-\u043a\u0440\u043e\u0432\u0430\u0442\u044c \u0441 \u043e\u0442\u0434\u0435\u043b\u0435\u043d\u0438\u0435\u043c \u0434\u043b\u044f \u0445\u0440\u0430\u043d\u0435\u043d\u0438\u044f - Fiji - Don Baraton: tienda de sof\u00e1s, colchones y muebles","og_description":"\u0421\u0435\u0440\u0430\u044f \u0442\u043a\u0430\u043d\u044c \u0438 \u0431\u0435\u043b\u0430\u044f \u0438\u0441\u043a\u0443\u0441\u0441\u0442\u0432\u0435\u043d\u043d\u0430\u044f \u043a\u043e\u0436\u0430  \u0420\u0430\u0441\u043a\u043b\u0430\u0434\u043d\u0430\u044f \u043a\u0440\u043e\u0432\u0430\u0442\u044c 124 x 208 \u0441\u043c  \u041e\u0442\u0434\u0435\u043b\u0435\u043d\u0438\u0435 \u0445\u0440\u0430\u043d\u0435\u043d\u0438\u044f \u0434\u043b\u044f \u0431\u0435\u043b\u044c\u044f \u043f\u043e\u0434 \u0441\u0438\u0434\u0435\u043d\u044c\u0435\u043c  \u0422\u0440\u0438 \u043f\u043e\u0434\u0443\u0448\u043a\u0438 \u044f\u0440\u043a\u0438\u0445 \u0446\u0432\u0435\u0442\u043e\u0432 \u0432 \u043a\u043e\u043c\u043f\u043b\u0435\u043a\u0442\u0435  \u0425\u0440\u043e\u043c\u0438\u0440\u043e\u0432\u0430\u043d\u043d\u044b\u0435 \u043d\u043e\u0436\u043a\u0438  \u0414\u0432\u0430 \u0440\u0435\u0433\u0443\u043b\u0438\u0440\u0443\u0435\u043c\u044b\u0445 \u043f\u043e\u0434\u0433\u043e\u043b\u043e\u0432\u043d\u0438\u043a\u0430  \u0420\u0430\u0437\u043c\u0435\u0440\u044b: \u0434\u043b\u0438\u043d\u0430 262 \u0438 211 \u0441\u043c, \u0432\u044b\u0441\u043e\u0442\u0430 77 \u0441\u043c","og_url":"https:\/\/donbaraton.es\/ru\/p\/\u0443\u0433\u043b\u043e\u0432\u043e\u0439-\u0434\u0438\u0432\u0430\u043d-\u043a\u0440\u043e\u0432\u0430\u0442\u044c-fiji\/","og_site_name":"Don Baraton: tienda de sof\u00e1s, colchones y muebles","article_publisher":"https:\/\/www.facebook.com\/donbaraton.es","article_modified_time":"2023-01-07T01:26:04+00:00","og_image":[{"width":1000,"height":666,"url":"https:\/\/i1.wp.com\/donbaraton.es\/wp-content\/uploads\/2018\/02\/Sof\u00e1-rinconera-gris-y-blanco-esquina-izquierda-Fiji.jpg?fit=1000%2C666&ssl=1","type":"image\/jpeg"}],"twitter_card":"summary_large_image","twitter_site":"@don_baraton","schema":{"@context":"https:\/\/schema.org","@graph":[{"@type":"WebPage","@id":"https:\/\/donbaraton.es\/ru\/p\/%d1%83%d0%b3%d0%bb%d0%be%d0%b2%d0%be%d0%b9-%d0%b4%d0%b8%d0%b2%d0%b0%d0%bd-%d0%ba%d1%80%d0%be%d0%b2%d0%b0%d1%82%d1%8c-fiji\/","url":"https:\/\/donbaraton.es\/ru\/p\/%d1%83%d0%b3%d0%bb%d0%be%d0%b2%d0%be%d0%b9-%d0%b4%d0%b8%d0%b2%d0%b0%d0%bd-%d0%ba%d1%80%d0%be%d0%b2%d0%b0%d1%82%d1%8c-fiji\/","name":"\u0423\u0433\u043b\u043e\u0432\u043e\u0439 \u0434\u0438\u0432\u0430\u043d-\u043a\u0440\u043e\u0432\u0430\u0442\u044c \u0441 \u043e\u0442\u0434\u0435\u043b\u0435\u043d\u0438\u0435\u043c \u0434\u043b\u044f \u0445\u0440\u0430\u043d\u0435\u043d\u0438\u044f - Fiji - Don Baraton: tienda de sof\u00e1s, colchones y muebles","isPartOf":{"@id":"https:\/\/donbaraton.es\/#website"},"primaryImageOfPage":{"@id":"https:\/\/donbaraton.es\/ru\/p\/%d1%83%d0%b3%d0%bb%d0%be%d0%b2%d0%be%d0%b9-%d0%b4%d0%b8%d0%b2%d0%b0%d0%bd-%d0%ba%d1%80%d0%be%d0%b2%d0%b0%d1%82%d1%8c-fiji\/#primaryimage"},"image":{"@id":"https:\/\/donbaraton.es\/ru\/p\/%d1%83%d0%b3%d0%bb%d0%be%d0%b2%d0%be%d0%b9-%d0%b4%d0%b8%d0%b2%d0%b0%d0%bd-%d0%ba%d1%80%d0%be%d0%b2%d0%b0%d1%82%d1%8c-fiji\/#primaryimage"},"thumbnailUrl":"https:\/\/donbaraton.es\/wp-content\/uploads\/2018\/02\/Sof\u00e1-rinconera-gris-y-blanco-esquina-izquierda-Fiji.jpg","datePublished":"2018-02-11T02:00:03+00:00","dateModified":"2023-01-07T01:26:04+00:00","breadcrumb":{"@id":"https:\/\/donbaraton.es\/ru\/p\/%d1%83%d0%b3%d0%bb%d0%be%d0%b2%d0%be%d0%b9-%d0%b4%d0%b8%d0%b2%d0%b0%d0%bd-%d0%ba%d1%80%d0%be%d0%b2%d0%b0%d1%82%d1%8c-fiji\/#breadcrumb"},"inLanguage":"ru-RU","potentialAction":[{"@type":"ReadAction","target":["https:\/\/donbaraton.es\/ru\/p\/%d1%83%d0%b3%d0%bb%d0%be%d0%b2%d0%be%d0%b9-%d0%b4%d0%b8%d0%b2%d0%b0%d0%bd-%d0%ba%d1%80%d0%be%d0%b2%d0%b0%d1%82%d1%8c-fiji\/"]}]},{"@type":"ImageObject","inLanguage":"ru-RU","@id":"https:\/\/donbaraton.es\/ru\/p\/%d1%83%d0%b3%d0%bb%d0%be%d0%b2%d0%be%d0%b9-%d0%b4%d0%b8%d0%b2%d0%b0%d0%bd-%d0%ba%d1%80%d0%be%d0%b2%d0%b0%d1%82%d1%8c-fiji\/#primaryimage","url":"https:\/\/donbaraton.es\/wp-content\/uploads\/2018\/02\/Sof\u00e1-rinconera-gris-y-blanco-esquina-izquierda-Fiji.jpg","contentUrl":"https:\/\/donbaraton.es\/wp-content\/uploads\/2018\/02\/Sof\u00e1-rinconera-gris-y-blanco-esquina-izquierda-Fiji.jpg","width":1000,"height":666,"caption":"\u0423\u0433\u043b\u043e\u0432\u043e\u0439 \u0434\u0438\u0432\u0430\u043d-\u043a\u0440\u043e\u0432\u0430\u0442\u044c \u0441 \u043e\u0442\u0434\u0435\u043b\u0435\u043d\u0438\u0435\u043c \u0434\u043b\u044f \u0445\u0440\u0430\u043d\u0435\u043d\u0438\u044f. \u0421\u0435\u0440\u0430\u044f \u0442\u043a\u0430\u043d\u044c \u0438 \u0431\u0435\u043b\u0430\u044f \u0438\u0441\u043a\u0443\u0441\u0441\u0442\u0432\u0435\u043d\u043d\u0430\u044f \u043a\u043e\u0436\u0430. \u041b\u0435\u0432\u044b\u0439 \u0443\u0433\u043e\u043b - Fiji"},{"@type":"BreadcrumbList","@id":"https:\/\/donbaraton.es\/ru\/p\/%d1%83%d0%b3%d0%bb%d0%be%d0%b2%d0%be%d0%b9-%d0%b4%d0%b8%d0%b2%d0%b0%d0%bd-%d0%ba%d1%80%d0%be%d0%b2%d0%b0%d1%82%d1%8c-fiji\/#breadcrumb","itemListElement":[{"@type":"ListItem","position":1,"name":"Portada","item":"https:\/\/donbaraton.es\/ru\/"},{"@type":"ListItem","position":2,"name":"\u0418\u043d\u0442\u0435\u0440\u043d\u0435\u0442-\u043c\u0430\u0433\u0430\u0437\u0438\u043d","item":"https:\/\/donbaraton.es\/ru\/%d0%bc%d0%b0%d0%b3%d0%b0%d0%b7%d0%b8%d0%bd\/"},{"@type":"ListItem","position":3,"name":"\u0423\u0433\u043b\u043e\u0432\u043e\u0439 \u0434\u0438\u0432\u0430\u043d-\u043a\u0440\u043e\u0432\u0430\u0442\u044c \u0441 \u043e\u0442\u0434\u0435\u043b\u0435\u043d\u0438\u0435\u043c \u0434\u043b\u044f \u0445\u0440\u0430\u043d\u0435\u043d\u0438\u044f &#8212; Fiji"}]},{"@type":"WebSite","@id":"https:\/\/donbaraton.es\/#website","url":"https:\/\/donbaraton.es\/","name":"Don Baraton: tienda de sof\u00e1s, colchones y muebles","description":"Venta de sof\u00e1s rinconeras, chaise longue, camas y conjuntos de sof\u00e1s","publisher":{"@id":"https:\/\/donbaraton.es\/#organization"},"potentialAction":[{"@type":"SearchAction","target":{"@type":"EntryPoint","urlTemplate":"https:\/\/donbaraton.es\/?s={search_term_string}"},"query-input":{"@type":"PropertyValueSpecification","valueRequired":true,"valueName":"search_term_string"}}],"inLanguage":"ru-RU"},{"@type":"Organization","@id":"https:\/\/donbaraton.es\/#organization","name":"Don Baraton","url":"https:\/\/donbaraton.es\/","logo":{"@type":"ImageObject","inLanguage":"ru-RU","@id":"https:\/\/donbaraton.es\/#\/schema\/logo\/image\/","url":"https:\/\/i0.wp.com\/donbaraton.es\/wp-content\/uploads\/2016\/11\/logo_don_baraton.png?fit=228%2C110&ssl=1","contentUrl":"https:\/\/i0.wp.com\/donbaraton.es\/wp-content\/uploads\/2016\/11\/logo_don_baraton.png?fit=228%2C110&ssl=1","width":228,"height":110,"caption":"Don Baraton"},"image":{"@id":"https:\/\/donbaraton.es\/#\/schema\/logo\/image\/"},"sameAs":["https:\/\/www.facebook.com\/donbaraton.es","https:\/\/x.com\/don_baraton","https:\/\/www.instagram.com\/donbaraton.es","https:\/\/www.linkedin.com\/company\/donbaraton\/","https:\/\/es.pinterest.com\/donbaraton\/","https:\/\/www.youtube.com\/channel\/UCL02HOwx-F759Jq5MedAZfQ"]}]}},"_links":{"self":[{"href":"https:\/\/donbaraton.es\/ru\/wp-json\/wp\/v2\/product\/8539","targetHints":{"allow":["GET"]}}],"collection":[{"href":"https:\/\/donbaraton.es\/ru\/wp-json\/wp\/v2\/product"}],"about":[{"href":"https:\/\/donbaraton.es\/ru\/wp-json\/wp\/v2\/types\/product"}],"replies":[{"embeddable":true,"href":"https:\/\/donbaraton.es\/ru\/wp-json\/wp\/v2\/comments?post=8539"}],"wp:featuredmedia":[{"embeddable":true,"href":"https:\/\/donbaraton.es\/ru\/wp-json\/wp\/v2\/media\/8523"}],"wp:attachment":[{"href":"https:\/\/donbaraton.es\/ru\/wp-json\/wp\/v2\/media?parent=8539"}],"wp:term":[{"taxonomy":"product_brand","embeddable":true,"href":"https:\/\/donbaraton.es\/ru\/wp-json\/wp\/v2\/product_brand?post=8539"},{"taxonomy":"product_cat","embeddable":true,"href":"https:\/\/donbaraton.es\/ru\/wp-json\/wp\/v2\/product_cat?post=8539"},{"taxonomy":"product_tag","embeddable":true,"href":"https:\/\/donbaraton.es\/ru\/wp-json\/wp\/v2\/product_tag?post=8539"}],"curies":[{"name":"wp","href":"https:\/\/api.w.org\/{rel}","templated":true}]}}