{"id":8795,"date":"2019-10-04T17:16:38","date_gmt":"2018-02-03T01:10:38","guid":{"rendered":"https:\/\/donbaraton.es\/producto\/uncategorized\/%d0%b4%d0%b8%d0%b2%d0%b0%d0%bd-%d0%ba%d1%80%d0%be%d0%b2%d0%b0%d1%82%d1%8c-%d1%88%d0%b5%d0%b7%d0%bb%d0%be%d0%bd%d0%b3-maldives\/"},"modified":"2020-10-13T16:52:45","modified_gmt":"2020-10-13T14:52:45","slug":"%d0%b4%d0%b8%d0%b2%d0%b0%d0%bd-%d0%ba%d1%80%d0%be%d0%b2%d0%b0%d1%82%d1%8c-%d1%88%d0%b5%d0%b7%d0%bb%d0%be%d0%bd%d0%b3-maldives","status":"publish","type":"product","link":"https:\/\/donbaraton.es\/ru\/p\/%d0%b4%d0%b8%d0%b2%d0%b0%d0%bd-%d0%ba%d1%80%d0%be%d0%b2%d0%b0%d1%82%d1%8c-%d1%88%d0%b5%d0%b7%d0%bb%d0%be%d0%bd%d0%b3-maldives\/","title":{"rendered":"\u0423\u0433\u043b\u043e\u0432\u043e\u0439 \u0434\u0438\u0432\u0430\u043d-\u043a\u0440\u043e\u0432\u0430\u0442\u044c, \u043c\u0438\u043d\u0438\u043c\u0430\u043b\u0438\u0441\u0442\u0438\u0447\u043d\u044b\u0439 \u0434\u0438\u0437\u0430\u0439\u043d &#8212; Maldives"},"content":{"rendered":"<p><strong>\u0423\u0433\u043b\u043e\u0432\u043e\u0439 \u0434\u0438\u0432\u0430\u043d-\u043a\u0440\u043e\u0432\u0430\u0442\u044c, \u043c\u0438\u043d\u0438\u043c\u0430\u043b\u0438\u0441\u0442\u0438\u0447\u043d\u044b\u0439 \u0434\u0438\u0437\u0430\u0439\u043d &#8212; Maldives<\/strong><\/p>\n<p>\u0421\u043e\u0432\u0440\u0435\u043c\u0435\u043d\u043d\u044b\u0439 \u0434\u0438\u0437\u0430\u0439\u043d \u0431\u0435\u0437 \u043b\u0438\u0448\u043d\u0438\u0445 \u0434\u0435\u0442\u0430\u043b\u0435\u0439 \u0441 \u043e\u0431\u0438\u0432\u043a\u043e\u0439 \u0432 \u043e\u0434\u043d\u043e\u043c \u0446\u0432\u0435\u0442\u0435. \u041d\u0438\u0437\u043a\u0438\u0435 \u0441\u043f\u0438\u043d\u043a\u0438 \u0441\u043e\u0437\u0434\u0430\u044e\u0442 \u043e\u0449\u0443\u0449\u0435\u043d\u0438\u0435 \u0431\u043e\u043b\u044c\u0448\u0435\u0433\u043e \u043f\u0440\u043e\u0441\u0442\u0440\u0430\u043d\u0441\u0442\u0432\u0430 \u0432 \u043a\u043e\u043c\u043d\u0430\u0442\u0435, \u043d\u0435 \u0437\u0430\u0433\u0440\u043e\u043c\u043e\u0436\u0434\u0430\u044f \u0435\u0435. \u041e\u0442\u0434\u0435\u043b\u0435\u043d\u0438\u0435 \u0434\u043b\u044f \u0445\u0440\u0430\u043d\u0435\u043d\u0438\u044f \u0431\u0435\u043b\u044c\u044f \u043f\u043e\u0434 \u0441\u0438\u0434\u0435\u043d\u044c\u0435\u043c \u043f\u043e\u0434\u0432\u043e\u043b\u044f\u0435\u0442 \u0443\u0431\u0440\u0430\u0442\u044c \u0442\u0443\u0434\u0430 \u0431\u0435\u043b\u044c\u0435 \u0438 \u0434\u0440\u0443\u0433\u0438\u0435 \u0432\u0435\u0449\u0438. \u0414\u0430\u043d\u043d\u0430\u044f \u043c\u043e\u0434\u0435\u043b\u044c \u043e\u0431\u043b\u0430\u0434\u0430\u0435\u0442 \u043f\u0440\u043e\u0447\u043d\u044b\u043c \u043a\u0430\u0440\u043a\u0430\u0441\u043e\u043c \u0438\u0437 \u0414\u0421\u041f \u0438 \u043c\u0430\u0441\u0441\u0438\u0432\u0430 \u0434\u0435\u0440\u0435\u0432\u0430. \u0427\u0435\u0442\u044b\u0440\u0435 \u043f\u043e\u0434\u0443\u0448\u043a\u0438 \u0432 \u043a\u043e\u043c\u043f\u043b\u0435\u043a\u0442\u0435 \u043f\u043e\u0437\u0432\u043e\u043b\u044f\u044e\u0442 \u0443\u0441\u0442\u0440\u043e\u0438\u0442\u044c\u0441\u044f \u043d\u0430 \u0434\u0438\u0432\u0430\u043d\u0435 \u0441 \u043a\u043e\u043c\u0444\u043e\u0440\u0442\u043e\u043c. \u0425\u0440\u043e\u043c\u0438\u0440\u043e\u0432\u0430\u043d\u043d\u044b\u0435 \u043d\u043e\u0436\u043a\u0438 \u043f\u043e\u0434\u0447\u0435\u0440\u043a\u0438\u0432\u0430\u044e\u0442 \u043b\u0430\u043a\u043e\u043d\u0438\u0447\u043d\u044b\u0439 \u0434\u0438\u0437\u0430\u0439\u043d \u0434\u0438\u0432\u0430\u043d\u0430.<\/p>\n<p>\u0414\u043e\u0441\u0442\u0443\u043f\u0435\u043d \u0432 \u0441\u043b\u0435\u0434\u0443\u0449\u0438\u0445 \u0446\u0432\u0435\u0442\u0430\u0445:<\/p>\n<ul>\n<li>\u0422\u0451\u043c\u043d\u043e-\u0441\u0435\u0440\u044b\u0439<\/li>\n<li>\u0421\u0432\u0435\u0442\u043b\u043e-\u0441\u0435\u0440\u044b\u0439<\/li>\n<li>\u0427\u0451\u0440\u043d\u044b\u0439<\/li>\n<li>\u0411\u0435\u0436\u0435\u0432\u044b\u0439<\/li>\n<\/ul>\n<p><strong>\u0420\u0430\u0437\u043c\u0435\u0440\u044b:<\/strong> \u0434\u043b\u0438\u043d\u0430 263 \u0441\u043c, \u0434\u043b\u0438\u043d\u0430 \u0443\u0433\u043b\u0430 178 \u0441\u043c, \u0432\u044b\u0441\u043e\u0442\u0430 75 \u0441\u043c. <strong>\u0420\u0430\u0437\u043c\u0435\u0440\u044b \u043a\u0440\u043e\u0432\u0430\u0442\u0438:<\/strong> 130 x 211 \u0441\u043c<\/p>\n","protected":false},"excerpt":{"rendered":"<ul>\n<li>\u0412\u044b\u0434\u0432\u0438\u0436\u043d\u0430\u044f \u043a\u0440\u043e\u0432\u0430\u0442\u044c 130 x 211 \u0441\u043c<\/li>\n<li>\u041e\u0442\u0434\u0435\u043b\u0435\u043d\u0438\u0435 \u0434\u043b\u044f \u0445\u0440\u0430\u043d\u0435\u043d\u0438\u044f \u0431\u0435\u043b\u044c\u044f \u043f\u043e\u0434 \u0441\u0438\u0434\u0435\u043d\u044c\u0435\u043c<\/li>\n<li>4 \u043f\u043e\u0434\u0443\u0448\u043a\u0438<\/li>\n<li>\u041f\u0440\u043e\u0447\u043d\u0430\u044f \u0442\u043a\u0430\u043d\u044c<\/li>\n<li>\u0421\u0438\u0434\u0435\u043d\u044c\u0435 \u0441 \u043f\u0440\u0443\u0436\u0438\u043d\u0430\u043c\u0438<\/li>\n<\/ul>\n<p><strong>\u0420\u0430\u0437\u043c\u0435\u0440\u044b:<\/strong> \u0434\u043b\u0438\u043d\u0430 263 \u0441\u043c, \u0443\u0433\u043e\u043b 178 \u0441\u043c, \u0432\u044b\u0441\u043e\u0442\u0430 75 \u0441\u043c<\/p>\n","protected":false},"featured_media":22763,"comment_status":"open","ping_status":"closed","template":"","meta":{"_et_pb_use_builder":"off","_et_pb_old_content":"<strong>Sof\u00e1 chaise longue cama\u00a0de dise\u00f1o\u00a0contempor\u00e1neo - Maldives.<\/strong>Varios colores para elegir. Almacenaje para la ropa de cama.<em>\u00a0<\/em>4 cojines incluidos.\u00a0Patas met\u00e1licas.<strong>Medidas:<\/strong> largo 263 cm, largo de chaise longue 178 cm, alto 75 cm. <strong>Medidas de la cama:<\/strong> 211 x 130 cm","_et_gb_content_width":""},"product_brand":[],"product_cat":[36,46,42,44],"product_tag":[],"class_list":{"0":"post-8795","1":"product","2":"type-product","3":"status-publish","4":"has-post-thumbnail","6":"product_cat-36","7":"product_cat-46","8":"product_cat-42","9":"product_cat-44","10":"product_shipping_class-mas-de-20-kg-fabricacion-hasta-43-dias","11":"pa_lado-200","12":"pa_lado-199","13":"pa_largo-divany-251-300-cm","14":"pa_material-101","15":"pa_muelles-274","16":"pa_plazas-151","18":"first","19":"outofstock","20":"taxable","21":"shipping-taxable","22":"product-type-variable"},"yoast_head":"<!-- This site is optimized with the Yoast SEO plugin v27.2 - https:\/\/yoast.com\/product\/yoast-seo-wordpress\/ -->\n<title>\u0423\u0433\u043b\u043e\u0432\u043e\u0439 \u0434\u0438\u0432\u0430\u043d-\u043a\u0440\u043e\u0432\u0430\u0442\u044c, \u043c\u0438\u043d\u0438\u043c\u0430\u043b\u0438\u0441\u0442\u0438\u0447\u043d\u044b\u0439 \u0434\u0438\u0437\u0430\u0439\u043d - Maldives - Don Baraton: tienda de sof\u00e1s, colchones y muebles<\/title>\n<meta name=\"robots\" content=\"index, follow, max-snippet:-1, max-image-preview:large, max-video-preview:-1\" \/>\n<link rel=\"canonical\" href=\"https:\/\/donbaraton.es\/ru\/p\/\u0434\u0438\u0432\u0430\u043d-\u043a\u0440\u043e\u0432\u0430\u0442\u044c-\u0448\u0435\u0437\u043b\u043e\u043d\u0433-maldives\/\" \/>\n<meta property=\"og:locale\" content=\"ru_RU\" \/>\n<meta property=\"og:type\" content=\"article\" \/>\n<meta property=\"og:title\" content=\"\u0423\u0433\u043b\u043e\u0432\u043e\u0439 \u0434\u0438\u0432\u0430\u043d-\u043a\u0440\u043e\u0432\u0430\u0442\u044c, \u043c\u0438\u043d\u0438\u043c\u0430\u043b\u0438\u0441\u0442\u0438\u0447\u043d\u044b\u0439 \u0434\u0438\u0437\u0430\u0439\u043d - Maldives - Don Baraton: tienda de sof\u00e1s, colchones y muebles\" \/>\n<meta property=\"og:description\" content=\"\u0412\u044b\u0434\u0432\u0438\u0436\u043d\u0430\u044f \u043a\u0440\u043e\u0432\u0430\u0442\u044c 130 x 211 \u0441\u043c  \u041e\u0442\u0434\u0435\u043b\u0435\u043d\u0438\u0435 \u0434\u043b\u044f \u0445\u0440\u0430\u043d\u0435\u043d\u0438\u044f \u0431\u0435\u043b\u044c\u044f \u043f\u043e\u0434 \u0441\u0438\u0434\u0435\u043d\u044c\u0435\u043c  4 \u043f\u043e\u0434\u0443\u0448\u043a\u0438  \u041f\u0440\u043e\u0447\u043d\u0430\u044f \u0442\u043a\u0430\u043d\u044c  \u0421\u0438\u0434\u0435\u043d\u044c\u0435 \u0441 \u043f\u0440\u0443\u0436\u0438\u043d\u0430\u043c\u0438  \u0420\u0430\u0437\u043c\u0435\u0440\u044b: \u0434\u043b\u0438\u043d\u0430 263 \u0441\u043c, \u0443\u0433\u043e\u043b 178 \u0441\u043c, \u0432\u044b\u0441\u043e\u0442\u0430 75 \u0441\u043c\" \/>\n<meta property=\"og:url\" content=\"https:\/\/donbaraton.es\/ru\/p\/\u0434\u0438\u0432\u0430\u043d-\u043a\u0440\u043e\u0432\u0430\u0442\u044c-\u0448\u0435\u0437\u043b\u043e\u043d\u0433-maldives\/\" \/>\n<meta property=\"og:site_name\" content=\"Don Baraton: tienda de sof\u00e1s, colchones y muebles\" \/>\n<meta property=\"article:publisher\" content=\"https:\/\/www.facebook.com\/donbaraton.es\" \/>\n<meta property=\"article:modified_time\" content=\"2020-10-13T14:52:45+00:00\" \/>\n<meta property=\"og:image\" content=\"https:\/\/i2.wp.com\/donbaraton.es\/wp-content\/uploads\/2020\/01\/Sof\u00e1-chaise-longue-cama-izquierda.-Tapizado-en-tela-negra-Maldives.jpg?fit=1000%2C593&ssl=1\" \/>\n\t<meta property=\"og:image:width\" content=\"1000\" \/>\n\t<meta property=\"og:image:height\" content=\"593\" \/>\n\t<meta property=\"og:image:type\" content=\"image\/jpeg\" \/>\n<meta name=\"twitter:card\" content=\"summary_large_image\" \/>\n<meta name=\"twitter:site\" content=\"@don_baraton\" \/>\n<script type=\"application\/ld+json\" class=\"yoast-schema-graph\">{\"@context\":\"https:\/\/schema.org\",\"@graph\":[{\"@type\":\"WebPage\",\"@id\":\"https:\/\/donbaraton.es\/ru\/p\/%d0%b4%d0%b8%d0%b2%d0%b0%d0%bd-%d0%ba%d1%80%d0%be%d0%b2%d0%b0%d1%82%d1%8c-%d1%88%d0%b5%d0%b7%d0%bb%d0%be%d0%bd%d0%b3-maldives\/\",\"url\":\"https:\/\/donbaraton.es\/ru\/p\/%d0%b4%d0%b8%d0%b2%d0%b0%d0%bd-%d0%ba%d1%80%d0%be%d0%b2%d0%b0%d1%82%d1%8c-%d1%88%d0%b5%d0%b7%d0%bb%d0%be%d0%bd%d0%b3-maldives\/\",\"name\":\"\u0423\u0433\u043b\u043e\u0432\u043e\u0439 \u0434\u0438\u0432\u0430\u043d-\u043a\u0440\u043e\u0432\u0430\u0442\u044c, \u043c\u0438\u043d\u0438\u043c\u0430\u043b\u0438\u0441\u0442\u0438\u0447\u043d\u044b\u0439 \u0434\u0438\u0437\u0430\u0439\u043d - Maldives - Don Baraton: tienda de sof\u00e1s, colchones y muebles\",\"isPartOf\":{\"@id\":\"https:\/\/donbaraton.es\/#website\"},\"primaryImageOfPage\":{\"@id\":\"https:\/\/donbaraton.es\/ru\/p\/%d0%b4%d0%b8%d0%b2%d0%b0%d0%bd-%d0%ba%d1%80%d0%be%d0%b2%d0%b0%d1%82%d1%8c-%d1%88%d0%b5%d0%b7%d0%bb%d0%be%d0%bd%d0%b3-maldives\/#primaryimage\"},\"image\":{\"@id\":\"https:\/\/donbaraton.es\/ru\/p\/%d0%b4%d0%b8%d0%b2%d0%b0%d0%bd-%d0%ba%d1%80%d0%be%d0%b2%d0%b0%d1%82%d1%8c-%d1%88%d0%b5%d0%b7%d0%bb%d0%be%d0%bd%d0%b3-maldives\/#primaryimage\"},\"thumbnailUrl\":\"https:\/\/donbaraton.es\/wp-content\/uploads\/2020\/01\/Sof\u00e1-chaise-longue-cama-izquierda.-Tapizado-en-tela-negra-Maldives.jpg\",\"datePublished\":\"2018-02-03T01:10:38+00:00\",\"dateModified\":\"2020-10-13T14:52:45+00:00\",\"breadcrumb\":{\"@id\":\"https:\/\/donbaraton.es\/ru\/p\/%d0%b4%d0%b8%d0%b2%d0%b0%d0%bd-%d0%ba%d1%80%d0%be%d0%b2%d0%b0%d1%82%d1%8c-%d1%88%d0%b5%d0%b7%d0%bb%d0%be%d0%bd%d0%b3-maldives\/#breadcrumb\"},\"inLanguage\":\"ru-RU\",\"potentialAction\":[{\"@type\":\"ReadAction\",\"target\":[\"https:\/\/donbaraton.es\/ru\/p\/%d0%b4%d0%b8%d0%b2%d0%b0%d0%bd-%d0%ba%d1%80%d0%be%d0%b2%d0%b0%d1%82%d1%8c-%d1%88%d0%b5%d0%b7%d0%bb%d0%be%d0%bd%d0%b3-maldives\/\"]}]},{\"@type\":\"ImageObject\",\"inLanguage\":\"ru-RU\",\"@id\":\"https:\/\/donbaraton.es\/ru\/p\/%d0%b4%d0%b8%d0%b2%d0%b0%d0%bd-%d0%ba%d1%80%d0%be%d0%b2%d0%b0%d1%82%d1%8c-%d1%88%d0%b5%d0%b7%d0%bb%d0%be%d0%bd%d0%b3-maldives\/#primaryimage\",\"url\":\"https:\/\/donbaraton.es\/wp-content\/uploads\/2020\/01\/Sof\u00e1-chaise-longue-cama-izquierda.-Tapizado-en-tela-negra-Maldives.jpg\",\"contentUrl\":\"https:\/\/donbaraton.es\/wp-content\/uploads\/2020\/01\/Sof\u00e1-chaise-longue-cama-izquierda.-Tapizado-en-tela-negra-Maldives.jpg\",\"width\":1000,\"height\":593,\"caption\":\"\u0427\u0451\u0440\u043d\u044b\u0439 \u0443\u0433\u043b\u043e\u0432\u043e\u0439 \u0434\u0438\u0432\u0430\u043d-\u043a\u0440\u043e\u0432\u0430\u0442\u044c, \u043c\u0438\u043d\u0438\u043c\u0430\u043b\u0438\u0441\u0442\u0438\u0447\u043d\u044b\u0439 (\u043b\u0435\u0432\u044b\u0439 \u0443\u0433\u043e\u043b) - Maldives\"},{\"@type\":\"BreadcrumbList\",\"@id\":\"https:\/\/donbaraton.es\/ru\/p\/%d0%b4%d0%b8%d0%b2%d0%b0%d0%bd-%d0%ba%d1%80%d0%be%d0%b2%d0%b0%d1%82%d1%8c-%d1%88%d0%b5%d0%b7%d0%bb%d0%be%d0%bd%d0%b3-maldives\/#breadcrumb\",\"itemListElement\":[{\"@type\":\"ListItem\",\"position\":1,\"name\":\"Portada\",\"item\":\"https:\/\/donbaraton.es\/ru\/\"},{\"@type\":\"ListItem\",\"position\":2,\"name\":\"\u0418\u043d\u0442\u0435\u0440\u043d\u0435\u0442-\u043c\u0430\u0433\u0430\u0437\u0438\u043d\",\"item\":\"https:\/\/donbaraton.es\/ru\/%d0%bc%d0%b0%d0%b3%d0%b0%d0%b7%d0%b8%d0%bd\/\"},{\"@type\":\"ListItem\",\"position\":3,\"name\":\"\u0423\u0433\u043b\u043e\u0432\u043e\u0439 \u0434\u0438\u0432\u0430\u043d-\u043a\u0440\u043e\u0432\u0430\u0442\u044c, \u043c\u0438\u043d\u0438\u043c\u0430\u043b\u0438\u0441\u0442\u0438\u0447\u043d\u044b\u0439 \u0434\u0438\u0437\u0430\u0439\u043d &#8212; Maldives\"}]},{\"@type\":\"WebSite\",\"@id\":\"https:\/\/donbaraton.es\/#website\",\"url\":\"https:\/\/donbaraton.es\/\",\"name\":\"Don Baraton: tienda de sof\u00e1s, colchones y muebles\",\"description\":\"Venta de sof\u00e1s rinconeras, chaise longue, camas y conjuntos de sof\u00e1s\",\"publisher\":{\"@id\":\"https:\/\/donbaraton.es\/#organization\"},\"potentialAction\":[{\"@type\":\"SearchAction\",\"target\":{\"@type\":\"EntryPoint\",\"urlTemplate\":\"https:\/\/donbaraton.es\/?s={search_term_string}\"},\"query-input\":{\"@type\":\"PropertyValueSpecification\",\"valueRequired\":true,\"valueName\":\"search_term_string\"}}],\"inLanguage\":\"ru-RU\"},{\"@type\":\"Organization\",\"@id\":\"https:\/\/donbaraton.es\/#organization\",\"name\":\"Don Baraton\",\"url\":\"https:\/\/donbaraton.es\/\",\"logo\":{\"@type\":\"ImageObject\",\"inLanguage\":\"ru-RU\",\"@id\":\"https:\/\/donbaraton.es\/#\/schema\/logo\/image\/\",\"url\":\"https:\/\/i0.wp.com\/donbaraton.es\/wp-content\/uploads\/2016\/11\/logo_don_baraton.png?fit=228%2C110&ssl=1\",\"contentUrl\":\"https:\/\/i0.wp.com\/donbaraton.es\/wp-content\/uploads\/2016\/11\/logo_don_baraton.png?fit=228%2C110&ssl=1\",\"width\":228,\"height\":110,\"caption\":\"Don Baraton\"},\"image\":{\"@id\":\"https:\/\/donbaraton.es\/#\/schema\/logo\/image\/\"},\"sameAs\":[\"https:\/\/www.facebook.com\/donbaraton.es\",\"https:\/\/x.com\/don_baraton\",\"https:\/\/www.instagram.com\/donbaraton.es\",\"https:\/\/www.linkedin.com\/company\/donbaraton\/\",\"https:\/\/es.pinterest.com\/donbaraton\/\",\"https:\/\/www.youtube.com\/channel\/UCL02HOwx-F759Jq5MedAZfQ\"]}]}<\/script>\n<!-- \/ Yoast SEO plugin. -->","yoast_head_json":{"title":"\u0423\u0433\u043b\u043e\u0432\u043e\u0439 \u0434\u0438\u0432\u0430\u043d-\u043a\u0440\u043e\u0432\u0430\u0442\u044c, \u043c\u0438\u043d\u0438\u043c\u0430\u043b\u0438\u0441\u0442\u0438\u0447\u043d\u044b\u0439 \u0434\u0438\u0437\u0430\u0439\u043d - Maldives - Don Baraton: tienda de sof\u00e1s, colchones y muebles","robots":{"index":"index","follow":"follow","max-snippet":"max-snippet:-1","max-image-preview":"max-image-preview:large","max-video-preview":"max-video-preview:-1"},"canonical":"https:\/\/donbaraton.es\/ru\/p\/\u0434\u0438\u0432\u0430\u043d-\u043a\u0440\u043e\u0432\u0430\u0442\u044c-\u0448\u0435\u0437\u043b\u043e\u043d\u0433-maldives\/","og_locale":"ru_RU","og_type":"article","og_title":"\u0423\u0433\u043b\u043e\u0432\u043e\u0439 \u0434\u0438\u0432\u0430\u043d-\u043a\u0440\u043e\u0432\u0430\u0442\u044c, \u043c\u0438\u043d\u0438\u043c\u0430\u043b\u0438\u0441\u0442\u0438\u0447\u043d\u044b\u0439 \u0434\u0438\u0437\u0430\u0439\u043d - Maldives - Don Baraton: tienda de sof\u00e1s, colchones y muebles","og_description":"\u0412\u044b\u0434\u0432\u0438\u0436\u043d\u0430\u044f \u043a\u0440\u043e\u0432\u0430\u0442\u044c 130 x 211 \u0441\u043c  \u041e\u0442\u0434\u0435\u043b\u0435\u043d\u0438\u0435 \u0434\u043b\u044f \u0445\u0440\u0430\u043d\u0435\u043d\u0438\u044f \u0431\u0435\u043b\u044c\u044f \u043f\u043e\u0434 \u0441\u0438\u0434\u0435\u043d\u044c\u0435\u043c  4 \u043f\u043e\u0434\u0443\u0448\u043a\u0438  \u041f\u0440\u043e\u0447\u043d\u0430\u044f \u0442\u043a\u0430\u043d\u044c  \u0421\u0438\u0434\u0435\u043d\u044c\u0435 \u0441 \u043f\u0440\u0443\u0436\u0438\u043d\u0430\u043c\u0438  \u0420\u0430\u0437\u043c\u0435\u0440\u044b: \u0434\u043b\u0438\u043d\u0430 263 \u0441\u043c, \u0443\u0433\u043e\u043b 178 \u0441\u043c, \u0432\u044b\u0441\u043e\u0442\u0430 75 \u0441\u043c","og_url":"https:\/\/donbaraton.es\/ru\/p\/\u0434\u0438\u0432\u0430\u043d-\u043a\u0440\u043e\u0432\u0430\u0442\u044c-\u0448\u0435\u0437\u043b\u043e\u043d\u0433-maldives\/","og_site_name":"Don Baraton: tienda de sof\u00e1s, colchones y muebles","article_publisher":"https:\/\/www.facebook.com\/donbaraton.es","article_modified_time":"2020-10-13T14:52:45+00:00","og_image":[{"width":1000,"height":593,"url":"https:\/\/i2.wp.com\/donbaraton.es\/wp-content\/uploads\/2020\/01\/Sof\u00e1-chaise-longue-cama-izquierda.-Tapizado-en-tela-negra-Maldives.jpg?fit=1000%2C593&ssl=1","type":"image\/jpeg"}],"twitter_card":"summary_large_image","twitter_site":"@don_baraton","schema":{"@context":"https:\/\/schema.org","@graph":[{"@type":"WebPage","@id":"https:\/\/donbaraton.es\/ru\/p\/%d0%b4%d0%b8%d0%b2%d0%b0%d0%bd-%d0%ba%d1%80%d0%be%d0%b2%d0%b0%d1%82%d1%8c-%d1%88%d0%b5%d0%b7%d0%bb%d0%be%d0%bd%d0%b3-maldives\/","url":"https:\/\/donbaraton.es\/ru\/p\/%d0%b4%d0%b8%d0%b2%d0%b0%d0%bd-%d0%ba%d1%80%d0%be%d0%b2%d0%b0%d1%82%d1%8c-%d1%88%d0%b5%d0%b7%d0%bb%d0%be%d0%bd%d0%b3-maldives\/","name":"\u0423\u0433\u043b\u043e\u0432\u043e\u0439 \u0434\u0438\u0432\u0430\u043d-\u043a\u0440\u043e\u0432\u0430\u0442\u044c, \u043c\u0438\u043d\u0438\u043c\u0430\u043b\u0438\u0441\u0442\u0438\u0447\u043d\u044b\u0439 \u0434\u0438\u0437\u0430\u0439\u043d - Maldives - Don Baraton: tienda de sof\u00e1s, colchones y muebles","isPartOf":{"@id":"https:\/\/donbaraton.es\/#website"},"primaryImageOfPage":{"@id":"https:\/\/donbaraton.es\/ru\/p\/%d0%b4%d0%b8%d0%b2%d0%b0%d0%bd-%d0%ba%d1%80%d0%be%d0%b2%d0%b0%d1%82%d1%8c-%d1%88%d0%b5%d0%b7%d0%bb%d0%be%d0%bd%d0%b3-maldives\/#primaryimage"},"image":{"@id":"https:\/\/donbaraton.es\/ru\/p\/%d0%b4%d0%b8%d0%b2%d0%b0%d0%bd-%d0%ba%d1%80%d0%be%d0%b2%d0%b0%d1%82%d1%8c-%d1%88%d0%b5%d0%b7%d0%bb%d0%be%d0%bd%d0%b3-maldives\/#primaryimage"},"thumbnailUrl":"https:\/\/donbaraton.es\/wp-content\/uploads\/2020\/01\/Sof\u00e1-chaise-longue-cama-izquierda.-Tapizado-en-tela-negra-Maldives.jpg","datePublished":"2018-02-03T01:10:38+00:00","dateModified":"2020-10-13T14:52:45+00:00","breadcrumb":{"@id":"https:\/\/donbaraton.es\/ru\/p\/%d0%b4%d0%b8%d0%b2%d0%b0%d0%bd-%d0%ba%d1%80%d0%be%d0%b2%d0%b0%d1%82%d1%8c-%d1%88%d0%b5%d0%b7%d0%bb%d0%be%d0%bd%d0%b3-maldives\/#breadcrumb"},"inLanguage":"ru-RU","potentialAction":[{"@type":"ReadAction","target":["https:\/\/donbaraton.es\/ru\/p\/%d0%b4%d0%b8%d0%b2%d0%b0%d0%bd-%d0%ba%d1%80%d0%be%d0%b2%d0%b0%d1%82%d1%8c-%d1%88%d0%b5%d0%b7%d0%bb%d0%be%d0%bd%d0%b3-maldives\/"]}]},{"@type":"ImageObject","inLanguage":"ru-RU","@id":"https:\/\/donbaraton.es\/ru\/p\/%d0%b4%d0%b8%d0%b2%d0%b0%d0%bd-%d0%ba%d1%80%d0%be%d0%b2%d0%b0%d1%82%d1%8c-%d1%88%d0%b5%d0%b7%d0%bb%d0%be%d0%bd%d0%b3-maldives\/#primaryimage","url":"https:\/\/donbaraton.es\/wp-content\/uploads\/2020\/01\/Sof\u00e1-chaise-longue-cama-izquierda.-Tapizado-en-tela-negra-Maldives.jpg","contentUrl":"https:\/\/donbaraton.es\/wp-content\/uploads\/2020\/01\/Sof\u00e1-chaise-longue-cama-izquierda.-Tapizado-en-tela-negra-Maldives.jpg","width":1000,"height":593,"caption":"\u0427\u0451\u0440\u043d\u044b\u0439 \u0443\u0433\u043b\u043e\u0432\u043e\u0439 \u0434\u0438\u0432\u0430\u043d-\u043a\u0440\u043e\u0432\u0430\u0442\u044c, \u043c\u0438\u043d\u0438\u043c\u0430\u043b\u0438\u0441\u0442\u0438\u0447\u043d\u044b\u0439 (\u043b\u0435\u0432\u044b\u0439 \u0443\u0433\u043e\u043b) - Maldives"},{"@type":"BreadcrumbList","@id":"https:\/\/donbaraton.es\/ru\/p\/%d0%b4%d0%b8%d0%b2%d0%b0%d0%bd-%d0%ba%d1%80%d0%be%d0%b2%d0%b0%d1%82%d1%8c-%d1%88%d0%b5%d0%b7%d0%bb%d0%be%d0%bd%d0%b3-maldives\/#breadcrumb","itemListElement":[{"@type":"ListItem","position":1,"name":"Portada","item":"https:\/\/donbaraton.es\/ru\/"},{"@type":"ListItem","position":2,"name":"\u0418\u043d\u0442\u0435\u0440\u043d\u0435\u0442-\u043c\u0430\u0433\u0430\u0437\u0438\u043d","item":"https:\/\/donbaraton.es\/ru\/%d0%bc%d0%b0%d0%b3%d0%b0%d0%b7%d0%b8%d0%bd\/"},{"@type":"ListItem","position":3,"name":"\u0423\u0433\u043b\u043e\u0432\u043e\u0439 \u0434\u0438\u0432\u0430\u043d-\u043a\u0440\u043e\u0432\u0430\u0442\u044c, \u043c\u0438\u043d\u0438\u043c\u0430\u043b\u0438\u0441\u0442\u0438\u0447\u043d\u044b\u0439 \u0434\u0438\u0437\u0430\u0439\u043d &#8212; Maldives"}]},{"@type":"WebSite","@id":"https:\/\/donbaraton.es\/#website","url":"https:\/\/donbaraton.es\/","name":"Don Baraton: tienda de sof\u00e1s, colchones y muebles","description":"Venta de sof\u00e1s rinconeras, chaise longue, camas y conjuntos de sof\u00e1s","publisher":{"@id":"https:\/\/donbaraton.es\/#organization"},"potentialAction":[{"@type":"SearchAction","target":{"@type":"EntryPoint","urlTemplate":"https:\/\/donbaraton.es\/?s={search_term_string}"},"query-input":{"@type":"PropertyValueSpecification","valueRequired":true,"valueName":"search_term_string"}}],"inLanguage":"ru-RU"},{"@type":"Organization","@id":"https:\/\/donbaraton.es\/#organization","name":"Don Baraton","url":"https:\/\/donbaraton.es\/","logo":{"@type":"ImageObject","inLanguage":"ru-RU","@id":"https:\/\/donbaraton.es\/#\/schema\/logo\/image\/","url":"https:\/\/i0.wp.com\/donbaraton.es\/wp-content\/uploads\/2016\/11\/logo_don_baraton.png?fit=228%2C110&ssl=1","contentUrl":"https:\/\/i0.wp.com\/donbaraton.es\/wp-content\/uploads\/2016\/11\/logo_don_baraton.png?fit=228%2C110&ssl=1","width":228,"height":110,"caption":"Don Baraton"},"image":{"@id":"https:\/\/donbaraton.es\/#\/schema\/logo\/image\/"},"sameAs":["https:\/\/www.facebook.com\/donbaraton.es","https:\/\/x.com\/don_baraton","https:\/\/www.instagram.com\/donbaraton.es","https:\/\/www.linkedin.com\/company\/donbaraton\/","https:\/\/es.pinterest.com\/donbaraton\/","https:\/\/www.youtube.com\/channel\/UCL02HOwx-F759Jq5MedAZfQ"]}]}},"_links":{"self":[{"href":"https:\/\/donbaraton.es\/ru\/wp-json\/wp\/v2\/product\/8795","targetHints":{"allow":["GET"]}}],"collection":[{"href":"https:\/\/donbaraton.es\/ru\/wp-json\/wp\/v2\/product"}],"about":[{"href":"https:\/\/donbaraton.es\/ru\/wp-json\/wp\/v2\/types\/product"}],"replies":[{"embeddable":true,"href":"https:\/\/donbaraton.es\/ru\/wp-json\/wp\/v2\/comments?post=8795"}],"wp:featuredmedia":[{"embeddable":true,"href":"https:\/\/donbaraton.es\/ru\/wp-json\/wp\/v2\/media\/22763"}],"wp:attachment":[{"href":"https:\/\/donbaraton.es\/ru\/wp-json\/wp\/v2\/media?parent=8795"}],"wp:term":[{"taxonomy":"product_brand","embeddable":true,"href":"https:\/\/donbaraton.es\/ru\/wp-json\/wp\/v2\/product_brand?post=8795"},{"taxonomy":"product_cat","embeddable":true,"href":"https:\/\/donbaraton.es\/ru\/wp-json\/wp\/v2\/product_cat?post=8795"},{"taxonomy":"product_tag","embeddable":true,"href":"https:\/\/donbaraton.es\/ru\/wp-json\/wp\/v2\/product_tag?post=8795"}],"curies":[{"name":"wp","href":"https:\/\/api.w.org\/{rel}","templated":true}]}}