{"id":9690,"date":"2019-02-08T14:00:29","date_gmt":"2018-05-02T10:00:29","guid":{"rendered":"https:\/\/donbaraton.es\/producto\/uncategorized\/%d1%83%d0%b3%d0%bb%d0%be%d0%b2%d0%be%d0%b9-%d0%b4%d0%b8%d0%b2%d0%b0%d0%bd-%d1%81-%d0%be%d1%82%d0%ba%d1%80%d1%8b%d1%82%d1%8b%d0%bc-%d1%82%d0%be%d1%80%d1%86%d0%be%d0%bc-crete\/"},"modified":"2019-11-16T00:21:34","modified_gmt":"2019-11-15T23:21:34","slug":"%d1%83%d0%b3%d0%bb%d0%be%d0%b2%d0%be%d0%b9-%d0%b4%d0%b8%d0%b2%d0%b0%d0%bd-%d1%81-%d0%be%d1%82%d0%ba%d1%80%d1%8b%d1%82%d1%8b%d0%bc-%d1%82%d0%be%d1%80%d1%86%d0%be%d0%bc-crete","status":"publish","type":"product","link":"https:\/\/donbaraton.es\/ru\/p\/%d1%83%d0%b3%d0%bb%d0%be%d0%b2%d0%be%d0%b9-%d0%b4%d0%b8%d0%b2%d0%b0%d0%bd-%d1%81-%d0%be%d1%82%d0%ba%d1%80%d1%8b%d1%82%d1%8b%d0%bc-%d1%82%d0%be%d1%80%d1%86%d0%be%d0%bc-crete\/","title":{"rendered":"\u0423\u0433\u043b\u043e\u0432\u043e\u0439 \u0434\u0438\u0432\u0430\u043d-\u043a\u0440\u043e\u0432\u0430\u0442\u044c \u0441 \u043e\u0442\u043a\u0440\u044b\u0442\u044b\u043c \u0442\u043e\u0440\u0446\u043e\u043c &#8212; Crete"},"content":{"rendered":"<p><strong>\u0423\u0433\u043b\u043e\u0432\u043e\u0439 \u0434\u0438\u0432\u0430\u043d-\u043a\u0440\u043e\u0432\u0430\u0442\u044c \u0441 \u043e\u0442\u043a\u0440\u044b\u0442\u044b\u043c \u0442\u043e\u0440\u0446\u043e\u043c &#8212; Crete.<\/strong><\/p>\n<p>\u0411\u043b\u0430\u0433\u043e\u0434\u0430\u0440\u044f \u0441\u043e\u0432\u0435\u043c\u0443 \u043e\u043f\u0442\u0438\u043c\u0430\u043b\u044c\u043d\u043e\u043c\u0443 \u0440\u0430\u0437\u043c\u0435\u0440\u0443 \u044d\u0442\u043e\u0442 \u0434\u0438\u0432\u0430\u043d \u043e\u0442\u043b\u0438\u0447\u043d\u043e \u043f\u043e\u0434\u043e\u0439\u0434\u0435\u0442 \u0434\u043b\u044f \u0431\u043e\u043b\u044c\u0448\u0438\u043d\u0441\u0442\u0432\u0430 \u0433\u043e\u0441\u0442\u0438\u043d\u044b\u0445 \u0441\u0440\u0435\u0434\u043d\u0435\u0433\u043e \u0440\u0430\u0437\u043c\u0435\u0440\u0430.<\/p>\n<p><strong>\u0412\u044b\u0434\u0432\u0438\u0433\u0430\u0435\u043c\u0430\u044f \u043a\u0440\u043e\u0432\u0430\u0442\u044c<\/strong> \u0441 \u0441\u0438\u0441\u0442\u0435\u043c\u043e\u0439 \u0442\u0440\u0430\u043d\u0444\u043e\u0440\u043c\u0430\u0446\u0438\u0438 &#171;\u0434\u0435\u043b\u044c\u0444\u0438\u043d&#187; \u043e\u0431\u0435\u0441\u043f\u0435\u0447\u0438\u0442 \u0434\u043e\u043f\u043e\u043b\u043d\u0438\u0442\u0435\u043b\u044c\u043d\u044b\u0435 \u043c\u0435\u0441\u0442\u0430 \u0434\u043b\u044f \u0441\u043d\u0430 \u0433\u043e\u0441\u0442\u0435\u0439 \u0438 \u0445\u043e\u0437\u044f\u0435\u0432 \u0434\u043e\u043c\u0430.<\/p>\n<p><strong>\u0421\u0438\u0434\u0435\u043d\u044c\u044f \u0441 \u0432\u043e\u043b\u043d\u043e\u043e\u0431\u0440\u0430\u0437\u043d\u044b\u043c\u0438 \u043f\u0440\u0443\u0436\u0438\u043d\u0430\u043c\u0438<\/strong> \u043f\u0440\u043e\u0441\u043b\u0443\u0436\u0430\u0442 \u0434\u043e\u043b\u0433\u043e \u0431\u0435\u0437 \u043f\u043e\u0442\u0435\u0440\u0438 \u0444\u043e\u0440\u043c\u044b \u0438 \u0434\u0435\u0444\u043e\u0440\u043c\u0430\u0446\u0438\u0439.<\/p>\n<p><strong>\u041f\u0440\u043e\u0447\u043d\u0430\u044f \u0441\u0438\u043d\u0442\u0435\u0442\u0438\u0447\u0435\u0441\u043a\u0430\u044f \u0442\u043a\u0430\u043d\u044c<\/strong> \u043e\u0431\u0438\u0432\u043a\u0438 \u0434\u0438\u0432\u0430\u043d\u0430 \u0443\u0441\u0442\u043e\u0439\u0447\u0438\u0432\u0430 \u043a \u0438\u0437\u043d\u043e\u0441\u0443 \u0438 \u043b\u0435\u0433\u043a\u043e \u0447\u0438\u0441\u0442\u0438\u0442\u0441\u044f.<\/p>\n<p><strong>\u041e\u0442\u0434\u0435\u043b\u0435\u043d\u0438\u0435 \u0434\u043b\u044f \u0445\u0440\u0430\u043d\u0435\u043d\u0438\u044f<\/strong> \u043f\u043e\u0434 \u0441\u0438\u0434\u0435\u043d\u044c\u0435\u043c \u043e\u0431\u0435\u0441\u043f\u0435\u0447\u0438\u0442 \u0434\u043e\u043f\u043e\u043b\u043d\u0438\u0442\u0435\u043b\u044c\u043d\u043e\u0435 \u043c\u0435\u0441\u0442\u043e \u0434\u043b\u044f \u0445\u0440\u0430\u043d\u0435\u043d\u0438\u044f \u0431\u0435\u043b\u044c\u044f, \u043e\u0434\u0435\u0436\u0434\u044b \u0438 \u0434\u0440\u0443\u0433\u0438\u0445 \u0432\u0435\u0449\u0435\u0439.<\/p>\n<p>\u041f\u0440\u0430\u0432\u044b\u0439 \u0438\u043b\u0438 \u043b\u0435\u0432\u044b\u0439 \u0443\u0433\u043e\u043b \u043d\u0430 \u0432\u044b\u0431\u043e\u0440.<\/p>\n<p><strong>\u0420\u0430\u0437\u043c\u0435\u0440\u044b:<\/strong> \u0434\u043b\u0438\u043d\u0430 250 \u0438 192 \u0441\u043c, \u0432\u044b\u0441\u043e\u0442\u0430 96 \u0441\u043c, \u0433\u043b\u0443\u0431\u0438\u043d\u0430 83 \u0441\u043c. <strong>\u0420\u0430\u0437\u043c\u0435\u0440\u044b \u043a\u0440\u043e\u0432\u0430\u0442\u0438:<\/strong> 195 x 120 \u0441\u043c<\/p>\n","protected":false},"excerpt":{"rendered":"<ul>\n<li>\u0412\u044b\u0434\u0432\u0438\u0436\u043d\u0430\u044f \u043a\u0440\u043e\u0432\u0430\u0442\u044c 195 x 120 \u0441\u043c<\/li>\n<li>\u041e\u0442\u0434\u0435\u043b\u0435\u043d\u0438\u0435 \u0434\u043b\u044f \u0445\u0440\u0430\u043d\u0435\u043d\u0438\u044f \u0431\u0435\u043b\u044c\u044f \u043f\u043e\u0434 \u0441\u0438\u0434\u0435\u043d\u044c\u0435\u043c<\/li>\n<li>\u041e\u043f\u0442\u0438\u043c\u0430\u043b\u044c\u043d\u044b\u0439 \u0440\u0430\u0437\u043c\u0435\u0440 \u0434\u043b\u044f \u0441\u0440\u0435\u0434\u043d\u0438\u0445 \u0433\u043e\u0441\u0442\u0438\u043d\u044b\u0445<\/li>\n<li>\u0423\u0434\u043e\u0431\u043d\u043e\u0435 \u0441\u0438\u0434\u0435\u043d\u044c\u0435 \u0441 \u043f\u0440\u0443\u0436\u0438\u043d\u0430\u043c\u0438<\/li>\n<\/ul>\n<p><strong>\u0420\u0430\u0437\u043c\u0435\u0440\u044b:<\/strong> \u0434\u043b\u0438\u043d\u0430 250 \u0438 192 \u0441\u043c, \u0432\u044b\u0441\u043e\u0442\u0430 96 \u0441\u043c, \u0433\u043b\u0443\u0431\u0438\u043d\u0430 83 \u0441\u043c<\/p>\n","protected":false},"featured_media":21093,"comment_status":"open","ping_status":"closed","template":"","meta":{"_et_pb_use_builder":"","_et_pb_old_content":"","_et_gb_content_width":""},"product_brand":[],"product_cat":[36,42,109],"product_tag":[],"class_list":{"0":"post-9690","1":"product","2":"type-product","3":"status-publish","4":"has-post-thumbnail","6":"product_cat-36","7":"product_cat-42","8":"product_cat-109","9":"product_shipping_class-mas-de-20-kg-fabricacion-hasta-43-dias","10":"pa_lado-200","11":"pa_lado-199","12":"pa_largo-divany-201-250-cm","13":"pa_material-101","14":"pa_muelles-274","15":"pa_plazas-153","17":"first","18":"outofstock","19":"taxable","20":"shipping-taxable","21":"product-type-variable"},"yoast_head":"<!-- This site is optimized with the Yoast SEO plugin v27.2 - https:\/\/yoast.com\/product\/yoast-seo-wordpress\/ -->\n<title>\u0423\u0433\u043b\u043e\u0432\u043e\u0439 \u0434\u0438\u0432\u0430\u043d-\u043a\u0440\u043e\u0432\u0430\u0442\u044c \u0441 \u043e\u0442\u043a\u0440\u044b\u0442\u044b\u043c \u0442\u043e\u0440\u0446\u043e\u043c - Crete - Don Baraton: tienda de sof\u00e1s, colchones y muebles<\/title>\n<meta name=\"robots\" content=\"index, follow, max-snippet:-1, max-image-preview:large, max-video-preview:-1\" \/>\n<link rel=\"canonical\" href=\"https:\/\/donbaraton.es\/ru\/p\/\u0443\u0433\u043b\u043e\u0432\u043e\u0439-\u0434\u0438\u0432\u0430\u043d-\u0441-\u043e\u0442\u043a\u0440\u044b\u0442\u044b\u043c-\u0442\u043e\u0440\u0446\u043e\u043c-crete\/\" \/>\n<meta property=\"og:locale\" content=\"ru_RU\" \/>\n<meta property=\"og:type\" content=\"article\" \/>\n<meta property=\"og:title\" content=\"\u0423\u0433\u043b\u043e\u0432\u043e\u0439 \u0434\u0438\u0432\u0430\u043d-\u043a\u0440\u043e\u0432\u0430\u0442\u044c \u0441 \u043e\u0442\u043a\u0440\u044b\u0442\u044b\u043c \u0442\u043e\u0440\u0446\u043e\u043c - Crete - Don Baraton: tienda de sof\u00e1s, colchones y muebles\" \/>\n<meta property=\"og:description\" content=\"\u0412\u044b\u0434\u0432\u0438\u0436\u043d\u0430\u044f \u043a\u0440\u043e\u0432\u0430\u0442\u044c 195 x 120 \u0441\u043c  \u041e\u0442\u0434\u0435\u043b\u0435\u043d\u0438\u0435 \u0434\u043b\u044f \u0445\u0440\u0430\u043d\u0435\u043d\u0438\u044f \u0431\u0435\u043b\u044c\u044f \u043f\u043e\u0434 \u0441\u0438\u0434\u0435\u043d\u044c\u0435\u043c  \u041e\u043f\u0442\u0438\u043c\u0430\u043b\u044c\u043d\u044b\u0439 \u0440\u0430\u0437\u043c\u0435\u0440 \u0434\u043b\u044f \u0441\u0440\u0435\u0434\u043d\u0438\u0445 \u0433\u043e\u0441\u0442\u0438\u043d\u044b\u0445  \u0423\u0434\u043e\u0431\u043d\u043e\u0435 \u0441\u0438\u0434\u0435\u043d\u044c\u0435 \u0441 \u043f\u0440\u0443\u0436\u0438\u043d\u0430\u043c\u0438  \u0420\u0430\u0437\u043c\u0435\u0440\u044b: \u0434\u043b\u0438\u043d\u0430 250 \u0438 192 \u0441\u043c, \u0432\u044b\u0441\u043e\u0442\u0430 96 \u0441\u043c, \u0433\u043b\u0443\u0431\u0438\u043d\u0430 83 \u0441\u043c\" \/>\n<meta property=\"og:url\" content=\"https:\/\/donbaraton.es\/ru\/p\/\u0443\u0433\u043b\u043e\u0432\u043e\u0439-\u0434\u0438\u0432\u0430\u043d-\u0441-\u043e\u0442\u043a\u0440\u044b\u0442\u044b\u043c-\u0442\u043e\u0440\u0446\u043e\u043c-crete\/\" \/>\n<meta property=\"og:site_name\" content=\"Don Baraton: tienda de sof\u00e1s, colchones y muebles\" \/>\n<meta property=\"article:publisher\" content=\"https:\/\/www.facebook.com\/donbaraton.es\" \/>\n<meta property=\"article:modified_time\" content=\"2019-11-15T23:21:34+00:00\" \/>\n<meta property=\"og:image\" content=\"https:\/\/i2.wp.com\/donbaraton.es\/wp-content\/uploads\/2019\/02\/Sof\u00e1-rinconera-con-un-extremo-abierto-esquina-izquierda-color-gris-oscuro-Crete.jpg?fit=1000%2C666&ssl=1\" \/>\n\t<meta property=\"og:image:width\" content=\"1000\" \/>\n\t<meta property=\"og:image:height\" content=\"666\" \/>\n\t<meta property=\"og:image:type\" content=\"image\/jpeg\" \/>\n<meta name=\"twitter:card\" content=\"summary_large_image\" \/>\n<meta name=\"twitter:site\" content=\"@don_baraton\" \/>\n<script type=\"application\/ld+json\" class=\"yoast-schema-graph\">{\"@context\":\"https:\/\/schema.org\",\"@graph\":[{\"@type\":\"WebPage\",\"@id\":\"https:\/\/donbaraton.es\/ru\/p\/%d1%83%d0%b3%d0%bb%d0%be%d0%b2%d0%be%d0%b9-%d0%b4%d0%b8%d0%b2%d0%b0%d0%bd-%d1%81-%d0%be%d1%82%d0%ba%d1%80%d1%8b%d1%82%d1%8b%d0%bc-%d1%82%d0%be%d1%80%d1%86%d0%be%d0%bc-crete\/\",\"url\":\"https:\/\/donbaraton.es\/ru\/p\/%d1%83%d0%b3%d0%bb%d0%be%d0%b2%d0%be%d0%b9-%d0%b4%d0%b8%d0%b2%d0%b0%d0%bd-%d1%81-%d0%be%d1%82%d0%ba%d1%80%d1%8b%d1%82%d1%8b%d0%bc-%d1%82%d0%be%d1%80%d1%86%d0%be%d0%bc-crete\/\",\"name\":\"\u0423\u0433\u043b\u043e\u0432\u043e\u0439 \u0434\u0438\u0432\u0430\u043d-\u043a\u0440\u043e\u0432\u0430\u0442\u044c \u0441 \u043e\u0442\u043a\u0440\u044b\u0442\u044b\u043c \u0442\u043e\u0440\u0446\u043e\u043c - Crete - Don Baraton: tienda de sof\u00e1s, colchones y muebles\",\"isPartOf\":{\"@id\":\"https:\/\/donbaraton.es\/#website\"},\"primaryImageOfPage\":{\"@id\":\"https:\/\/donbaraton.es\/ru\/p\/%d1%83%d0%b3%d0%bb%d0%be%d0%b2%d0%be%d0%b9-%d0%b4%d0%b8%d0%b2%d0%b0%d0%bd-%d1%81-%d0%be%d1%82%d0%ba%d1%80%d1%8b%d1%82%d1%8b%d0%bc-%d1%82%d0%be%d1%80%d1%86%d0%be%d0%bc-crete\/#primaryimage\"},\"image\":{\"@id\":\"https:\/\/donbaraton.es\/ru\/p\/%d1%83%d0%b3%d0%bb%d0%be%d0%b2%d0%be%d0%b9-%d0%b4%d0%b8%d0%b2%d0%b0%d0%bd-%d1%81-%d0%be%d1%82%d0%ba%d1%80%d1%8b%d1%82%d1%8b%d0%bc-%d1%82%d0%be%d1%80%d1%86%d0%be%d0%bc-crete\/#primaryimage\"},\"thumbnailUrl\":\"https:\/\/donbaraton.es\/wp-content\/uploads\/2019\/02\/Sof\u00e1-rinconera-con-un-extremo-abierto-esquina-izquierda-color-gris-oscuro-Crete.jpg\",\"datePublished\":\"2018-05-02T10:00:29+00:00\",\"dateModified\":\"2019-11-15T23:21:34+00:00\",\"breadcrumb\":{\"@id\":\"https:\/\/donbaraton.es\/ru\/p\/%d1%83%d0%b3%d0%bb%d0%be%d0%b2%d0%be%d0%b9-%d0%b4%d0%b8%d0%b2%d0%b0%d0%bd-%d1%81-%d0%be%d1%82%d0%ba%d1%80%d1%8b%d1%82%d1%8b%d0%bc-%d1%82%d0%be%d1%80%d1%86%d0%be%d0%bc-crete\/#breadcrumb\"},\"inLanguage\":\"ru-RU\",\"potentialAction\":[{\"@type\":\"ReadAction\",\"target\":[\"https:\/\/donbaraton.es\/ru\/p\/%d1%83%d0%b3%d0%bb%d0%be%d0%b2%d0%be%d0%b9-%d0%b4%d0%b8%d0%b2%d0%b0%d0%bd-%d1%81-%d0%be%d1%82%d0%ba%d1%80%d1%8b%d1%82%d1%8b%d0%bc-%d1%82%d0%be%d1%80%d1%86%d0%be%d0%bc-crete\/\"]}]},{\"@type\":\"ImageObject\",\"inLanguage\":\"ru-RU\",\"@id\":\"https:\/\/donbaraton.es\/ru\/p\/%d1%83%d0%b3%d0%bb%d0%be%d0%b2%d0%be%d0%b9-%d0%b4%d0%b8%d0%b2%d0%b0%d0%bd-%d1%81-%d0%be%d1%82%d0%ba%d1%80%d1%8b%d1%82%d1%8b%d0%bc-%d1%82%d0%be%d1%80%d1%86%d0%be%d0%bc-crete\/#primaryimage\",\"url\":\"https:\/\/donbaraton.es\/wp-content\/uploads\/2019\/02\/Sof\u00e1-rinconera-con-un-extremo-abierto-esquina-izquierda-color-gris-oscuro-Crete.jpg\",\"contentUrl\":\"https:\/\/donbaraton.es\/wp-content\/uploads\/2019\/02\/Sof\u00e1-rinconera-con-un-extremo-abierto-esquina-izquierda-color-gris-oscuro-Crete.jpg\",\"width\":1000,\"height\":666,\"caption\":\"\u0423\u0433\u043b\u043e\u0432\u043e\u0439 \u0434\u0438\u0432\u0430\u043d-\u043a\u0440\u043e\u0432\u0430\u0442\u044c \u0441 \u043e\u0442\u043a\u0440\u044b\u0442\u044b\u043c \u0442\u043e\u0440\u0446\u043e\u043c (\u043b\u0435\u0432\u044b\u0439 \u0443\u0433\u043e\u043b, \u0442\u0451\u043c\u043d\u043e-\u0441\u0435\u0440\u0430\u044f \u0442\u043a\u0430\u043d\u044c) - Crete\"},{\"@type\":\"BreadcrumbList\",\"@id\":\"https:\/\/donbaraton.es\/ru\/p\/%d1%83%d0%b3%d0%bb%d0%be%d0%b2%d0%be%d0%b9-%d0%b4%d0%b8%d0%b2%d0%b0%d0%bd-%d1%81-%d0%be%d1%82%d0%ba%d1%80%d1%8b%d1%82%d1%8b%d0%bc-%d1%82%d0%be%d1%80%d1%86%d0%be%d0%bc-crete\/#breadcrumb\",\"itemListElement\":[{\"@type\":\"ListItem\",\"position\":1,\"name\":\"Portada\",\"item\":\"https:\/\/donbaraton.es\/ru\/\"},{\"@type\":\"ListItem\",\"position\":2,\"name\":\"\u0418\u043d\u0442\u0435\u0440\u043d\u0435\u0442-\u043c\u0430\u0433\u0430\u0437\u0438\u043d\",\"item\":\"https:\/\/donbaraton.es\/ru\/%d0%bc%d0%b0%d0%b3%d0%b0%d0%b7%d0%b8%d0%bd\/\"},{\"@type\":\"ListItem\",\"position\":3,\"name\":\"\u0423\u0433\u043b\u043e\u0432\u043e\u0439 \u0434\u0438\u0432\u0430\u043d-\u043a\u0440\u043e\u0432\u0430\u0442\u044c \u0441 \u043e\u0442\u043a\u0440\u044b\u0442\u044b\u043c \u0442\u043e\u0440\u0446\u043e\u043c &#8212; Crete\"}]},{\"@type\":\"WebSite\",\"@id\":\"https:\/\/donbaraton.es\/#website\",\"url\":\"https:\/\/donbaraton.es\/\",\"name\":\"Don Baraton: tienda de sof\u00e1s, colchones y muebles\",\"description\":\"Venta de sof\u00e1s rinconeras, chaise longue, camas y conjuntos de sof\u00e1s\",\"publisher\":{\"@id\":\"https:\/\/donbaraton.es\/#organization\"},\"potentialAction\":[{\"@type\":\"SearchAction\",\"target\":{\"@type\":\"EntryPoint\",\"urlTemplate\":\"https:\/\/donbaraton.es\/?s={search_term_string}\"},\"query-input\":{\"@type\":\"PropertyValueSpecification\",\"valueRequired\":true,\"valueName\":\"search_term_string\"}}],\"inLanguage\":\"ru-RU\"},{\"@type\":\"Organization\",\"@id\":\"https:\/\/donbaraton.es\/#organization\",\"name\":\"Don Baraton\",\"url\":\"https:\/\/donbaraton.es\/\",\"logo\":{\"@type\":\"ImageObject\",\"inLanguage\":\"ru-RU\",\"@id\":\"https:\/\/donbaraton.es\/#\/schema\/logo\/image\/\",\"url\":\"https:\/\/i0.wp.com\/donbaraton.es\/wp-content\/uploads\/2016\/11\/logo_don_baraton.png?fit=228%2C110&ssl=1\",\"contentUrl\":\"https:\/\/i0.wp.com\/donbaraton.es\/wp-content\/uploads\/2016\/11\/logo_don_baraton.png?fit=228%2C110&ssl=1\",\"width\":228,\"height\":110,\"caption\":\"Don Baraton\"},\"image\":{\"@id\":\"https:\/\/donbaraton.es\/#\/schema\/logo\/image\/\"},\"sameAs\":[\"https:\/\/www.facebook.com\/donbaraton.es\",\"https:\/\/x.com\/don_baraton\",\"https:\/\/www.instagram.com\/donbaraton.es\",\"https:\/\/www.linkedin.com\/company\/donbaraton\/\",\"https:\/\/es.pinterest.com\/donbaraton\/\",\"https:\/\/www.youtube.com\/channel\/UCL02HOwx-F759Jq5MedAZfQ\"]}]}<\/script>\n<!-- \/ Yoast SEO plugin. -->","yoast_head_json":{"title":"\u0423\u0433\u043b\u043e\u0432\u043e\u0439 \u0434\u0438\u0432\u0430\u043d-\u043a\u0440\u043e\u0432\u0430\u0442\u044c \u0441 \u043e\u0442\u043a\u0440\u044b\u0442\u044b\u043c \u0442\u043e\u0440\u0446\u043e\u043c - Crete - Don Baraton: tienda de sof\u00e1s, colchones y muebles","robots":{"index":"index","follow":"follow","max-snippet":"max-snippet:-1","max-image-preview":"max-image-preview:large","max-video-preview":"max-video-preview:-1"},"canonical":"https:\/\/donbaraton.es\/ru\/p\/\u0443\u0433\u043b\u043e\u0432\u043e\u0439-\u0434\u0438\u0432\u0430\u043d-\u0441-\u043e\u0442\u043a\u0440\u044b\u0442\u044b\u043c-\u0442\u043e\u0440\u0446\u043e\u043c-crete\/","og_locale":"ru_RU","og_type":"article","og_title":"\u0423\u0433\u043b\u043e\u0432\u043e\u0439 \u0434\u0438\u0432\u0430\u043d-\u043a\u0440\u043e\u0432\u0430\u0442\u044c \u0441 \u043e\u0442\u043a\u0440\u044b\u0442\u044b\u043c \u0442\u043e\u0440\u0446\u043e\u043c - Crete - Don Baraton: tienda de sof\u00e1s, colchones y muebles","og_description":"\u0412\u044b\u0434\u0432\u0438\u0436\u043d\u0430\u044f \u043a\u0440\u043e\u0432\u0430\u0442\u044c 195 x 120 \u0441\u043c  \u041e\u0442\u0434\u0435\u043b\u0435\u043d\u0438\u0435 \u0434\u043b\u044f \u0445\u0440\u0430\u043d\u0435\u043d\u0438\u044f \u0431\u0435\u043b\u044c\u044f \u043f\u043e\u0434 \u0441\u0438\u0434\u0435\u043d\u044c\u0435\u043c  \u041e\u043f\u0442\u0438\u043c\u0430\u043b\u044c\u043d\u044b\u0439 \u0440\u0430\u0437\u043c\u0435\u0440 \u0434\u043b\u044f \u0441\u0440\u0435\u0434\u043d\u0438\u0445 \u0433\u043e\u0441\u0442\u0438\u043d\u044b\u0445  \u0423\u0434\u043e\u0431\u043d\u043e\u0435 \u0441\u0438\u0434\u0435\u043d\u044c\u0435 \u0441 \u043f\u0440\u0443\u0436\u0438\u043d\u0430\u043c\u0438  \u0420\u0430\u0437\u043c\u0435\u0440\u044b: \u0434\u043b\u0438\u043d\u0430 250 \u0438 192 \u0441\u043c, \u0432\u044b\u0441\u043e\u0442\u0430 96 \u0441\u043c, \u0433\u043b\u0443\u0431\u0438\u043d\u0430 83 \u0441\u043c","og_url":"https:\/\/donbaraton.es\/ru\/p\/\u0443\u0433\u043b\u043e\u0432\u043e\u0439-\u0434\u0438\u0432\u0430\u043d-\u0441-\u043e\u0442\u043a\u0440\u044b\u0442\u044b\u043c-\u0442\u043e\u0440\u0446\u043e\u043c-crete\/","og_site_name":"Don Baraton: tienda de sof\u00e1s, colchones y muebles","article_publisher":"https:\/\/www.facebook.com\/donbaraton.es","article_modified_time":"2019-11-15T23:21:34+00:00","og_image":[{"width":1000,"height":666,"url":"https:\/\/i2.wp.com\/donbaraton.es\/wp-content\/uploads\/2019\/02\/Sof\u00e1-rinconera-con-un-extremo-abierto-esquina-izquierda-color-gris-oscuro-Crete.jpg?fit=1000%2C666&ssl=1","type":"image\/jpeg"}],"twitter_card":"summary_large_image","twitter_site":"@don_baraton","schema":{"@context":"https:\/\/schema.org","@graph":[{"@type":"WebPage","@id":"https:\/\/donbaraton.es\/ru\/p\/%d1%83%d0%b3%d0%bb%d0%be%d0%b2%d0%be%d0%b9-%d0%b4%d0%b8%d0%b2%d0%b0%d0%bd-%d1%81-%d0%be%d1%82%d0%ba%d1%80%d1%8b%d1%82%d1%8b%d0%bc-%d1%82%d0%be%d1%80%d1%86%d0%be%d0%bc-crete\/","url":"https:\/\/donbaraton.es\/ru\/p\/%d1%83%d0%b3%d0%bb%d0%be%d0%b2%d0%be%d0%b9-%d0%b4%d0%b8%d0%b2%d0%b0%d0%bd-%d1%81-%d0%be%d1%82%d0%ba%d1%80%d1%8b%d1%82%d1%8b%d0%bc-%d1%82%d0%be%d1%80%d1%86%d0%be%d0%bc-crete\/","name":"\u0423\u0433\u043b\u043e\u0432\u043e\u0439 \u0434\u0438\u0432\u0430\u043d-\u043a\u0440\u043e\u0432\u0430\u0442\u044c \u0441 \u043e\u0442\u043a\u0440\u044b\u0442\u044b\u043c \u0442\u043e\u0440\u0446\u043e\u043c - Crete - Don Baraton: tienda de sof\u00e1s, colchones y muebles","isPartOf":{"@id":"https:\/\/donbaraton.es\/#website"},"primaryImageOfPage":{"@id":"https:\/\/donbaraton.es\/ru\/p\/%d1%83%d0%b3%d0%bb%d0%be%d0%b2%d0%be%d0%b9-%d0%b4%d0%b8%d0%b2%d0%b0%d0%bd-%d1%81-%d0%be%d1%82%d0%ba%d1%80%d1%8b%d1%82%d1%8b%d0%bc-%d1%82%d0%be%d1%80%d1%86%d0%be%d0%bc-crete\/#primaryimage"},"image":{"@id":"https:\/\/donbaraton.es\/ru\/p\/%d1%83%d0%b3%d0%bb%d0%be%d0%b2%d0%be%d0%b9-%d0%b4%d0%b8%d0%b2%d0%b0%d0%bd-%d1%81-%d0%be%d1%82%d0%ba%d1%80%d1%8b%d1%82%d1%8b%d0%bc-%d1%82%d0%be%d1%80%d1%86%d0%be%d0%bc-crete\/#primaryimage"},"thumbnailUrl":"https:\/\/donbaraton.es\/wp-content\/uploads\/2019\/02\/Sof\u00e1-rinconera-con-un-extremo-abierto-esquina-izquierda-color-gris-oscuro-Crete.jpg","datePublished":"2018-05-02T10:00:29+00:00","dateModified":"2019-11-15T23:21:34+00:00","breadcrumb":{"@id":"https:\/\/donbaraton.es\/ru\/p\/%d1%83%d0%b3%d0%bb%d0%be%d0%b2%d0%be%d0%b9-%d0%b4%d0%b8%d0%b2%d0%b0%d0%bd-%d1%81-%d0%be%d1%82%d0%ba%d1%80%d1%8b%d1%82%d1%8b%d0%bc-%d1%82%d0%be%d1%80%d1%86%d0%be%d0%bc-crete\/#breadcrumb"},"inLanguage":"ru-RU","potentialAction":[{"@type":"ReadAction","target":["https:\/\/donbaraton.es\/ru\/p\/%d1%83%d0%b3%d0%bb%d0%be%d0%b2%d0%be%d0%b9-%d0%b4%d0%b8%d0%b2%d0%b0%d0%bd-%d1%81-%d0%be%d1%82%d0%ba%d1%80%d1%8b%d1%82%d1%8b%d0%bc-%d1%82%d0%be%d1%80%d1%86%d0%be%d0%bc-crete\/"]}]},{"@type":"ImageObject","inLanguage":"ru-RU","@id":"https:\/\/donbaraton.es\/ru\/p\/%d1%83%d0%b3%d0%bb%d0%be%d0%b2%d0%be%d0%b9-%d0%b4%d0%b8%d0%b2%d0%b0%d0%bd-%d1%81-%d0%be%d1%82%d0%ba%d1%80%d1%8b%d1%82%d1%8b%d0%bc-%d1%82%d0%be%d1%80%d1%86%d0%be%d0%bc-crete\/#primaryimage","url":"https:\/\/donbaraton.es\/wp-content\/uploads\/2019\/02\/Sof\u00e1-rinconera-con-un-extremo-abierto-esquina-izquierda-color-gris-oscuro-Crete.jpg","contentUrl":"https:\/\/donbaraton.es\/wp-content\/uploads\/2019\/02\/Sof\u00e1-rinconera-con-un-extremo-abierto-esquina-izquierda-color-gris-oscuro-Crete.jpg","width":1000,"height":666,"caption":"\u0423\u0433\u043b\u043e\u0432\u043e\u0439 \u0434\u0438\u0432\u0430\u043d-\u043a\u0440\u043e\u0432\u0430\u0442\u044c \u0441 \u043e\u0442\u043a\u0440\u044b\u0442\u044b\u043c \u0442\u043e\u0440\u0446\u043e\u043c (\u043b\u0435\u0432\u044b\u0439 \u0443\u0433\u043e\u043b, \u0442\u0451\u043c\u043d\u043e-\u0441\u0435\u0440\u0430\u044f \u0442\u043a\u0430\u043d\u044c) - Crete"},{"@type":"BreadcrumbList","@id":"https:\/\/donbaraton.es\/ru\/p\/%d1%83%d0%b3%d0%bb%d0%be%d0%b2%d0%be%d0%b9-%d0%b4%d0%b8%d0%b2%d0%b0%d0%bd-%d1%81-%d0%be%d1%82%d0%ba%d1%80%d1%8b%d1%82%d1%8b%d0%bc-%d1%82%d0%be%d1%80%d1%86%d0%be%d0%bc-crete\/#breadcrumb","itemListElement":[{"@type":"ListItem","position":1,"name":"Portada","item":"https:\/\/donbaraton.es\/ru\/"},{"@type":"ListItem","position":2,"name":"\u0418\u043d\u0442\u0435\u0440\u043d\u0435\u0442-\u043c\u0430\u0433\u0430\u0437\u0438\u043d","item":"https:\/\/donbaraton.es\/ru\/%d0%bc%d0%b0%d0%b3%d0%b0%d0%b7%d0%b8%d0%bd\/"},{"@type":"ListItem","position":3,"name":"\u0423\u0433\u043b\u043e\u0432\u043e\u0439 \u0434\u0438\u0432\u0430\u043d-\u043a\u0440\u043e\u0432\u0430\u0442\u044c \u0441 \u043e\u0442\u043a\u0440\u044b\u0442\u044b\u043c \u0442\u043e\u0440\u0446\u043e\u043c &#8212; Crete"}]},{"@type":"WebSite","@id":"https:\/\/donbaraton.es\/#website","url":"https:\/\/donbaraton.es\/","name":"Don Baraton: tienda de sof\u00e1s, colchones y muebles","description":"Venta de sof\u00e1s rinconeras, chaise longue, camas y conjuntos de sof\u00e1s","publisher":{"@id":"https:\/\/donbaraton.es\/#organization"},"potentialAction":[{"@type":"SearchAction","target":{"@type":"EntryPoint","urlTemplate":"https:\/\/donbaraton.es\/?s={search_term_string}"},"query-input":{"@type":"PropertyValueSpecification","valueRequired":true,"valueName":"search_term_string"}}],"inLanguage":"ru-RU"},{"@type":"Organization","@id":"https:\/\/donbaraton.es\/#organization","name":"Don Baraton","url":"https:\/\/donbaraton.es\/","logo":{"@type":"ImageObject","inLanguage":"ru-RU","@id":"https:\/\/donbaraton.es\/#\/schema\/logo\/image\/","url":"https:\/\/i0.wp.com\/donbaraton.es\/wp-content\/uploads\/2016\/11\/logo_don_baraton.png?fit=228%2C110&ssl=1","contentUrl":"https:\/\/i0.wp.com\/donbaraton.es\/wp-content\/uploads\/2016\/11\/logo_don_baraton.png?fit=228%2C110&ssl=1","width":228,"height":110,"caption":"Don Baraton"},"image":{"@id":"https:\/\/donbaraton.es\/#\/schema\/logo\/image\/"},"sameAs":["https:\/\/www.facebook.com\/donbaraton.es","https:\/\/x.com\/don_baraton","https:\/\/www.instagram.com\/donbaraton.es","https:\/\/www.linkedin.com\/company\/donbaraton\/","https:\/\/es.pinterest.com\/donbaraton\/","https:\/\/www.youtube.com\/channel\/UCL02HOwx-F759Jq5MedAZfQ"]}]}},"_links":{"self":[{"href":"https:\/\/donbaraton.es\/ru\/wp-json\/wp\/v2\/product\/9690","targetHints":{"allow":["GET"]}}],"collection":[{"href":"https:\/\/donbaraton.es\/ru\/wp-json\/wp\/v2\/product"}],"about":[{"href":"https:\/\/donbaraton.es\/ru\/wp-json\/wp\/v2\/types\/product"}],"replies":[{"embeddable":true,"href":"https:\/\/donbaraton.es\/ru\/wp-json\/wp\/v2\/comments?post=9690"}],"wp:featuredmedia":[{"embeddable":true,"href":"https:\/\/donbaraton.es\/ru\/wp-json\/wp\/v2\/media\/21093"}],"wp:attachment":[{"href":"https:\/\/donbaraton.es\/ru\/wp-json\/wp\/v2\/media?parent=9690"}],"wp:term":[{"taxonomy":"product_brand","embeddable":true,"href":"https:\/\/donbaraton.es\/ru\/wp-json\/wp\/v2\/product_brand?post=9690"},{"taxonomy":"product_cat","embeddable":true,"href":"https:\/\/donbaraton.es\/ru\/wp-json\/wp\/v2\/product_cat?post=9690"},{"taxonomy":"product_tag","embeddable":true,"href":"https:\/\/donbaraton.es\/ru\/wp-json\/wp\/v2\/product_tag?post=9690"}],"curies":[{"name":"wp","href":"https:\/\/api.w.org\/{rel}","templated":true}]}}